{"id":205516,"date":"2026-05-12T19:06:10","date_gmt":"2026-05-12T17:06:10","guid":{"rendered":"https:\/\/insektenliebe.com\/shop\/produkt\/ardentiella-spec-aurora\/"},"modified":"2026-05-12T19:06:10","modified_gmt":"2026-05-12T17:06:10","slug":"ardentiella-spec-aurora","status":"publish","type":"product","link":"https:\/\/insektenliebe.com\/it\/shop\/prodotto\/ardentiella-spec-aurora\/","title":{"rendered":"Ardentiella spec. \"Aurora\""},"content":{"rendered":"<h2><span class=\"s1\" style=\"color: #99cc33;\"><b>Ardentiella spec. \"Aurora\" - Colori come un&#8217;alba <\/b><\/span><\/h2>\n<p class=\"p1\"><b>Ardentiella spec. \"Aurora\" <\/b><span class=\"s2\">  \u00e8 uno degli isopodi pi\u00f9 sorprendenti della terraristica, poich\u00e9 gli animali catturano immediatamente l&#8217;attenzione con i loro colori intensi. La combinazione di rosso, arancione e giallo, in particolare, crea un forte contrasto, facendo sembrare gli animali quasi irreali. <\/span><\/p>\n<p class=\"p2\">Inoltre, molti animali hanno i bordi dei segmenti leggermente trasparenti, il che fa risaltare ancora di pi\u00f9 i colori. Proprio per questo motivo questa specie \u00e8 uno dei punti di forza assoluti per molti allevatori di isopodi. <\/p>\n<h3><span class=\"s1\" style=\"color: #99cc33;\"><b>Aspetto e sviluppo del colore<\/b><\/span><\/h3>\n<p class=\"p1\">La forte colorazione si sviluppa con l&#8217;aumentare dell&#8217;et\u00e0, mentre gli animali adulti mostrano i colori pi\u00f9 intensi. Allo stesso tempo, ogni animale ha un disegno leggermente diverso, che rende ogni isopode unico. <\/p>\n<p class=\"p2\">Anche il contrasto tra i colori forti e i bordi dei segmenti pi\u00f9 chiari \u00e8 particolarmente emozionante. In questo modo gli animali appaiono molto vivaci e si distinguono immediatamente anche in mezzo a un fitto fogliame. <\/p>\n<h3><span class=\"s1\" style=\"color: #99cc33;\"><b>Comportamento e attivit\u00e0<\/b><\/span><\/h3>\n<p class=\"p1\"><b>Ardentiella spec. \"Aurora\" <\/b><span class=\"s2\">  \u00e8 attiva soprattutto al crepuscolo e di notte, anche se spesso gli animali sono visibili anche di giorno quando l&#8217;umidit\u00e0 \u00e8 elevata.<\/span><\/p>\n<p class=\"p1\">Non appena viene offerto del cibo o il terrario \u00e8 stato appena spruzzato, molti animali escono attivamente dai loro nascondigli. Cercano costantemente il substrato utilizzando foglie, legno e altri materiali organici. <\/p>\n<p class=\"p2\">In questo modo, contribuiscono anche a creare un microclima stabile nel terrario.<\/p>\n<h3 class=\"p1\"><b style=\"color: #99cc33;\">Dimensioni e allestimento del terrario<\/b><\/h3>\n<p class=\"p1\">Una scatola per isopodi ben ventilata o un piccolo terrario con spazio sufficiente sul pavimento sono adatti per tenerli.<\/p>\n<p class=\"p2\">Funzionano particolarmente bene:<\/p>\n<ul>\n<li><span class=\"s1\">Lattine BraPlast<\/span><\/li>\n<li><span class=\"s1\">Terrario degli Insektenbe<\/span><\/li>\n<li><span class=\"s1\">Repto Terra Sky<\/span><\/li>\n<\/ul>\n<p class=\"p2\">\u00c8 importante fornire un ambiente strutturalmente ricco con molti nascondigli. Questi si sono rivelati particolarmente efficaci: <\/p>\n<ul>\n<li><span class=\"s1\">Foglie di foraggio<\/span><\/li>\n<li><span class=\"s1\">legno marcio bianco<\/span><\/li>\n<li><span class=\"s1\">Pezzi di sughero<\/span><\/li>\n<li><span class=\"s1\">Muschio<\/span><\/li>\n<li><span class=\"s1\">Granulato di calce<\/span><\/li>\n<li><span class=\"s1\">Pezzi di corteccia<\/span><\/li>\n<\/ul>\n<p class=\"p4\">In particolare, le foglie e il legno bianco marcio vengono utilizzati attivamente e mangiati allo stesso tempo.<\/p>\n<h3><span class=\"s1\" style=\"color: #99cc33;\"><b>Substrato e microclima<\/b><\/span><\/h3>\n<p class=\"p2\">Per una configurazione stabile, si consiglia un mix di:<\/p>\n<ul>\n<li><span class=\"s1\">Humus forestale<\/span><\/li>\n<li><span class=\"s1\">legno marcio bianco<\/span><\/li>\n<li><span class=\"s1\">Foglie di foraggio<\/span><\/li>\n<li><span class=\"s1\">Granulato di calce<\/span><\/li>\n<\/ul>\n<p class=\"p1\">In questo modo si crea un ambiente naturale per il terreno e, allo stesso tempo, si fornisce agli animali cibo permanente.<\/p>\n<p class=\"p4\">Un angolo umido e uno leggermente pi\u00f9 secco si sono dimostrati particolarmente efficaci, in quanto permettono agli animali di scegliere da soli la zona giusta.<\/p>\n<h3><span class=\"s1\" style=\"color: #99cc33;\"><b>Clima e cura<\/b><\/span><\/h3>\n<p class=\"p2\">Per un allevamento di successo \u00e8 necessario attenersi ai seguenti valori:<\/p>\n<ul>\n<li><span class=\"s1\">Temperatura: <\/span><span class=\"s2\"><b>22-26 \u00b0C<\/b><\/span><\/li>\n<li><span class=\"s1\">Umidit\u00e0: <\/span><span class=\"s2\"><b>70-85 %<\/b><\/span><\/li>\n<\/ul>\n<p class=\"p1\">Il substrato deve rimanere sempre leggermente umido, ma non deve bagnarsi.<\/p>\n<p class=\"p4\">Con uno spruzzatore <span class=\"s1\"><b>spruzzatore fine GLORIA<\/b><\/span><span class=\"s2\"> pu\u00f2 essere utilizzato per regolare l&#8217;umidit\u00e0 in modo particolarmente fine e uniforme.<\/span><\/p>\n<h3><span class=\"s1\" style=\"color: #99cc33;\"><b>Alimentazione<\/b><\/span><\/h3>\n<p class=\"p1\">Gli animali si nutrono principalmente di materiale organico e necessitano di fogliame permanente e legno.<\/p>\n<p class=\"p2\">A loro piace anche essere mangiati:<\/p>\n<ul>\n<li><span class=\"s1\">Cibo Assel<\/span><\/li>\n<li><span class=\"s1\">Verdure<\/span><\/li>\n<li><span class=\"s1\">Osso di seppia<\/span><\/li>\n<\/ul>\n<p class=\"p4\">Una dieta ricca di calcio \u00e8 particolarmente importante affinch\u00e9 gli animali possano costruire in modo ottimale il loro esoscheletro.<\/p>\n<h3><span class=\"s1\" style=\"color: #99cc33;\"><b>Prole<\/b><\/span><\/h3>\n<p class=\"p1\">In condizioni stabili  <span class=\"s2\"><strong>Ardentiella spec. \"Aurora\" <\/strong><\/span><span class=\"s2\">  affidabile. Inizialmente i piccoli si nascondono nel fogliame e nel substrato prima di diventare pi\u00f9 attivi in seguito. <\/span><\/p>\n<p class=\"p4\">In particolare, i setup bioattivi ben consolidati promuovono in modo significativo l&#8217;allevamento.<\/p>\n<h3><span class=\"s1\" style=\"color: #99cc33;\"><b>Punti importanti da conservare<\/b><\/span><\/h3>\n<ul>\n<li><span class=\"s1\">L&#8217;umidit\u00e0 elevata \u00e8 importante<\/span><\/li>\n<li><span class=\"s1\">\u00c8 necessario un sacco di fogliame e di legno<\/span><\/li>\n<li><span class=\"s1\">La fornitura di calce \u00e8 fondamentale<\/span><\/li>\n<li><span class=\"s1\">Si consiglia un arredamento strutturalmente ricco<\/span><\/li>\n<li><span class=\"s1\">Ideale per i terrari bioattivi<\/span><\/li>\n<\/ul>\n<h3><span class=\"s1\" style=\"color: #99cc33;\"><b>Accessori adatti alla tua configurazione<\/b><\/span><\/h3>\n<p class=\"p2\">Per un setup stabile e quasi naturale, ti consigliamo di<\/p>\n<ul>\n<li><span class=\"s1\"><b>Foglie di foraggio<\/b><\/span><span class=\"s2\"> - il pi\u00f9 importante alimento di base<\/span><\/li>\n<li><span class=\"s1\"><b>Legno marcio bianco<\/b><\/span><span class=\"s2\"> - Cibo e nascondiglio allo stesso tempo<\/span><\/li>\n<li><span class=\"s1\"><b>Granulato di calce<\/b><\/span><span class=\"s2\"> - sostiene la struttura dell&#8217;armatura<\/span><\/li>\n<li><span class=\"s1\"><b>Humus forestale<\/b><\/span><span class=\"s2\"> - substrato naturale<\/span><\/li>\n<li><span class=\"s1\"><b>osso di seppia<\/b><\/span><span class=\"s2\"> - Fonte aggiuntiva di calcio<\/span><\/li>\n<li><span class=\"s1\"><b>Spruzzatore fine GLORIA<\/b><\/span><span class=\"s2\"> - Umidit\u00e0 controllata<\/span><\/li>\n<li><span class=\"s1\"><b>Set completo di terrario per isopodi <\/b><\/span><span class=\"s2\"> - ideale per gruppi di riproduzione<\/span><\/li>\n<\/ul>\n<p class=\"p4\">Questa combinazione garantisce una configurazione stabile a lungo termine e allo stesso tempo molto naturale.<\/p>\n<h3><span class=\"s1\" style=\"color: #99cc33;\"><b>Conclusione<\/b><\/span><\/h3>\n<p class=\"p1\"><span class=\"s2\"><strong>Ardentiella spec. \"Aurora\" <\/strong>  \u00e8 uno degli isopodi pi\u00f9 impressionanti in assoluto. I colori intensi, i segmenti semitrasparenti e il comportamento entusiasmante rendono questa specie un&#8217;attrazione assoluta. <\/span><\/p>\n<p class=\"p5\">Chi \u00e8 alla ricerca di isopodi insoliti dall&#8217;aspetto spettacolare si divertir\u00e0 molto con questa specie.<\/p>\n","protected":false},"excerpt":{"rendered":"<p>Ardentiella spec. \"Aurora\" - Colori come un&#8217;alba Ardentiella spec. \"Aurora\" \u00e8 uno degli isopodi pi\u00f9 sorprendenti della terraristica, poich\u00e9 gli animali catturano immediatamente l&#8217;attenzione con i loro colori intensi. La combinazione di rosso, arancione e giallo, in particolare, crea un forte contrasto, facendo sembrare gli animali quasi irreali. Inoltre, molti animali hanno i bordi dei [&hellip;]<\/p>\n","protected":false},"featured_media":205502,"template":"","meta":{"_acf_changed":false},"product-supplier":[],"product_brand":[],"product_cat":[2850],"product_tag":[],"lce-checkout-addons":[2746],"class_list":{"0":"post-205516","1":"product","2":"type-product","3":"status-publish","4":"has-post-thumbnail","6":"product_cat-altri-isopodi-merulanella-ecc","7":"product_shipping_class-spedizione-di-animali","8":"pa_herkunft-vietnam","9":"pa_kontinent-asia","10":"lce-checkout-addons-imballaggio-invernale","12":"first","13":"instock","14":"taxable","15":"shipping-taxable","16":"purchasable","17":"product-type-simple"},"acf":[],"yoast_head":"<!-- This site is optimized with the Yoast SEO Premium plugin v26.8 (Yoast SEO v27.5) - https:\/\/yoast.com\/product\/yoast-seo-premium-wordpress\/ -->\n<title>Ardentiella spec. &quot;Aurora&quot; - Insektenliebe<\/title>\n<meta name=\"description\" content=\"Ardentiella spec. &quot;Aurora&quot; - straordinario isopode dagli intensi colori rosso, arancione e giallo. Rara e affascinante rarit\u00e0!\" \/>\n<meta name=\"robots\" content=\"index, follow, max-snippet:-1, max-image-preview:large, max-video-preview:-1\" \/>\n<link rel=\"canonical\" href=\"https:\/\/insektenliebe.com\/it\/shop\/prodotto\/ardentiella-spec-aurora\/\" \/>\n<meta property=\"og:locale\" content=\"it_IT\" \/>\n<meta property=\"og:type\" content=\"article\" \/>\n<meta property=\"og:title\" content=\"Ardentiella spec. &quot;Aurora&quot;\" \/>\n<meta property=\"og:description\" content=\"Ardentiella spec. &quot;Aurora&quot; - straordinario isopode dagli intensi colori rosso, arancione e giallo. Rara e affascinante rarit\u00e0!\" \/>\n<meta property=\"og:url\" content=\"https:\/\/insektenliebe.com\/it\/shop\/prodotto\/ardentiella-spec-aurora\/\" \/>\n<meta property=\"og:site_name\" content=\"Insektenliebe\" \/>\n<meta property=\"og:image\" content=\"https:\/\/insektenliebe.com\/wp-content\/uploads\/2026\/05\/Ardentiella-spec.-22Aurora22.jpg\" \/>\n\t<meta property=\"og:image:width\" content=\"820\" \/>\n\t<meta property=\"og:image:height\" content=\"820\" \/>\n\t<meta property=\"og:image:type\" content=\"image\/jpeg\" \/>\n<meta name=\"twitter:card\" content=\"summary_large_image\" \/>\n<meta name=\"twitter:label1\" content=\"Prezzo\" \/>\n\t<meta name=\"twitter:data1\" content=\"39,00&nbsp;&euro; IVA incl., + spese di sped.\" \/>\n\t<meta name=\"twitter:label2\" content=\"Disponibilit\u00e0\" \/>\n\t<meta name=\"twitter:data2\" content=\"In stock\" \/>\n<script type=\"application\/ld+json\" class=\"yoast-schema-graph\">{\"@context\":\"https:\\\/\\\/schema.org\",\"@graph\":[{\"@type\":\"WebPage\",\"@id\":\"https:\\\/\\\/insektenliebe.com\\\/it\\\/shop\\\/prodotto\\\/ardentiella-spec-aurora\\\/\",\"url\":\"https:\\\/\\\/insektenliebe.com\\\/it\\\/shop\\\/prodotto\\\/ardentiella-spec-aurora\\\/\",\"name\":\"Ardentiella spec. \\\"Aurora\\\" - Insektenliebe\",\"isPartOf\":{\"@id\":\"https:\\\/\\\/insektenliebe.com\\\/it\\\/#website\"},\"primaryImageOfPage\":{\"@id\":\"https:\\\/\\\/insektenliebe.com\\\/it\\\/shop\\\/prodotto\\\/ardentiella-spec-aurora\\\/#primaryimage\"},\"image\":{\"@id\":\"https:\\\/\\\/insektenliebe.com\\\/it\\\/shop\\\/prodotto\\\/ardentiella-spec-aurora\\\/#primaryimage\"},\"thumbnailUrl\":\"https:\\\/\\\/insektenliebe.com\\\/wp-content\\\/uploads\\\/2026\\\/05\\\/Ardentiella-spec.-22Aurora22.jpg\",\"datePublished\":\"2026-05-12T17:06:10+00:00\",\"description\":\"Ardentiella spec. \\\"Aurora\\\" - straordinario isopode dagli intensi colori rosso, arancione e giallo. Rara e affascinante rarit\u00e0!\",\"breadcrumb\":{\"@id\":\"https:\\\/\\\/insektenliebe.com\\\/it\\\/shop\\\/prodotto\\\/ardentiella-spec-aurora\\\/#breadcrumb\"},\"inLanguage\":\"it-IT\",\"potentialAction\":[{\"@type\":\"ReadAction\",\"target\":[\"https:\\\/\\\/insektenliebe.com\\\/it\\\/shop\\\/prodotto\\\/ardentiella-spec-aurora\\\/\"]}]},{\"@type\":\"ImageObject\",\"inLanguage\":\"it-IT\",\"@id\":\"https:\\\/\\\/insektenliebe.com\\\/it\\\/shop\\\/prodotto\\\/ardentiella-spec-aurora\\\/#primaryimage\",\"url\":\"https:\\\/\\\/insektenliebe.com\\\/wp-content\\\/uploads\\\/2026\\\/05\\\/Ardentiella-spec.-22Aurora22.jpg\",\"contentUrl\":\"https:\\\/\\\/insektenliebe.com\\\/wp-content\\\/uploads\\\/2026\\\/05\\\/Ardentiella-spec.-22Aurora22.jpg\",\"width\":820,\"height\":820,\"caption\":\"Ardentiella spec. \\\"Aurora\\\"\"},{\"@type\":\"BreadcrumbList\",\"@id\":\"https:\\\/\\\/insektenliebe.com\\\/it\\\/shop\\\/prodotto\\\/ardentiella-spec-aurora\\\/#breadcrumb\",\"itemListElement\":[{\"@type\":\"ListItem\",\"position\":1,\"name\":\"Startseite\",\"item\":\"https:\\\/\\\/insektenliebe.com\\\/it\\\/\"},{\"@type\":\"ListItem\",\"position\":2,\"name\":\"Negozio\",\"item\":\"https:\\\/\\\/insektenliebe.com\\\/it\\\/negozio\\\/\"},{\"@type\":\"ListItem\",\"position\":3,\"name\":\"Ardentiella spec. \\\"Aurora\\\"\"}]},{\"@type\":\"WebSite\",\"@id\":\"https:\\\/\\\/insektenliebe.com\\\/it\\\/#website\",\"url\":\"https:\\\/\\\/insektenliebe.com\\\/it\\\/\",\"name\":\"Insektenliebe\",\"description\":\"Dein Zuhause f\u00fcr die kleinen Lebewesen\",\"publisher\":{\"@id\":\"https:\\\/\\\/insektenliebe.com\\\/it\\\/#organization\"},\"potentialAction\":[{\"@type\":\"SearchAction\",\"target\":{\"@type\":\"EntryPoint\",\"urlTemplate\":\"https:\\\/\\\/insektenliebe.com\\\/it\\\/?s={search_term_string}\"},\"query-input\":{\"@type\":\"PropertyValueSpecification\",\"valueRequired\":true,\"valueName\":\"search_term_string\"}}],\"inLanguage\":\"it-IT\"},{\"@type\":\"Organization\",\"@id\":\"https:\\\/\\\/insektenliebe.com\\\/it\\\/#organization\",\"name\":\"Insektenliebe\",\"url\":\"https:\\\/\\\/insektenliebe.com\\\/it\\\/\",\"logo\":{\"@type\":\"ImageObject\",\"inLanguage\":\"it-IT\",\"@id\":\"https:\\\/\\\/insektenliebe.com\\\/it\\\/#\\\/schema\\\/logo\\\/image\\\/\",\"url\":\"https:\\\/\\\/insektenliebe.com\\\/wp-content\\\/uploads\\\/2025\\\/03\\\/logo-white.png\",\"contentUrl\":\"https:\\\/\\\/insektenliebe.com\\\/wp-content\\\/uploads\\\/2025\\\/03\\\/logo-white.png\",\"width\":288,\"height\":188,\"caption\":\"Insektenliebe\"},\"image\":{\"@id\":\"https:\\\/\\\/insektenliebe.com\\\/it\\\/#\\\/schema\\\/logo\\\/image\\\/\"}}]}<\/script>\n<meta property=\"product:price:amount\" content=\"39.00\" \/>\n<meta property=\"product:price:currency\" content=\"EUR\" \/>\n<meta property=\"og:availability\" content=\"instock\" \/>\n<meta property=\"product:availability\" content=\"instock\" \/>\n<meta property=\"product:retailer_item_id\" content=\"870\" \/>\n<meta property=\"product:condition\" content=\"new\" \/>\n<!-- \/ Yoast SEO Premium plugin. -->","yoast_head_json":{"title":"Ardentiella spec. \"Aurora\" - Insektenliebe","description":"Ardentiella spec. \"Aurora\" - straordinario isopode dagli intensi colori rosso, arancione e giallo. Rara e affascinante rarit\u00e0!","robots":{"index":"index","follow":"follow","max-snippet":"max-snippet:-1","max-image-preview":"max-image-preview:large","max-video-preview":"max-video-preview:-1"},"canonical":"https:\/\/insektenliebe.com\/it\/shop\/prodotto\/ardentiella-spec-aurora\/","og_locale":"it_IT","og_type":"article","og_title":"Ardentiella spec. \"Aurora\"","og_description":"Ardentiella spec. \"Aurora\" - straordinario isopode dagli intensi colori rosso, arancione e giallo. Rara e affascinante rarit\u00e0!","og_url":"https:\/\/insektenliebe.com\/it\/shop\/prodotto\/ardentiella-spec-aurora\/","og_site_name":"Insektenliebe","og_image":[{"width":820,"height":820,"url":"https:\/\/insektenliebe.com\/wp-content\/uploads\/2026\/05\/Ardentiella-spec.-22Aurora22.jpg","type":"image\/jpeg"}],"twitter_card":"summary_large_image","twitter_misc":{"Prezzo":"39,00&nbsp;&euro; IVA incl., + spese di sped.","Disponibilit\u00e0":"In stock"},"schema":{"@context":"https:\/\/schema.org","@graph":[{"@type":"WebPage","@id":"https:\/\/insektenliebe.com\/it\/shop\/prodotto\/ardentiella-spec-aurora\/","url":"https:\/\/insektenliebe.com\/it\/shop\/prodotto\/ardentiella-spec-aurora\/","name":"Ardentiella spec. \"Aurora\" - Insektenliebe","isPartOf":{"@id":"https:\/\/insektenliebe.com\/it\/#website"},"primaryImageOfPage":{"@id":"https:\/\/insektenliebe.com\/it\/shop\/prodotto\/ardentiella-spec-aurora\/#primaryimage"},"image":{"@id":"https:\/\/insektenliebe.com\/it\/shop\/prodotto\/ardentiella-spec-aurora\/#primaryimage"},"thumbnailUrl":"https:\/\/insektenliebe.com\/wp-content\/uploads\/2026\/05\/Ardentiella-spec.-22Aurora22.jpg","datePublished":"2026-05-12T17:06:10+00:00","description":"Ardentiella spec. \"Aurora\" - straordinario isopode dagli intensi colori rosso, arancione e giallo. Rara e affascinante rarit\u00e0!","breadcrumb":{"@id":"https:\/\/insektenliebe.com\/it\/shop\/prodotto\/ardentiella-spec-aurora\/#breadcrumb"},"inLanguage":"it-IT","potentialAction":[{"@type":"ReadAction","target":["https:\/\/insektenliebe.com\/it\/shop\/prodotto\/ardentiella-spec-aurora\/"]}]},{"@type":"ImageObject","inLanguage":"it-IT","@id":"https:\/\/insektenliebe.com\/it\/shop\/prodotto\/ardentiella-spec-aurora\/#primaryimage","url":"https:\/\/insektenliebe.com\/wp-content\/uploads\/2026\/05\/Ardentiella-spec.-22Aurora22.jpg","contentUrl":"https:\/\/insektenliebe.com\/wp-content\/uploads\/2026\/05\/Ardentiella-spec.-22Aurora22.jpg","width":820,"height":820,"caption":"Ardentiella spec. \"Aurora\""},{"@type":"BreadcrumbList","@id":"https:\/\/insektenliebe.com\/it\/shop\/prodotto\/ardentiella-spec-aurora\/#breadcrumb","itemListElement":[{"@type":"ListItem","position":1,"name":"Startseite","item":"https:\/\/insektenliebe.com\/it\/"},{"@type":"ListItem","position":2,"name":"Negozio","item":"https:\/\/insektenliebe.com\/it\/negozio\/"},{"@type":"ListItem","position":3,"name":"Ardentiella spec. \"Aurora\""}]},{"@type":"WebSite","@id":"https:\/\/insektenliebe.com\/it\/#website","url":"https:\/\/insektenliebe.com\/it\/","name":"Insektenliebe","description":"Dein Zuhause f\u00fcr die kleinen Lebewesen","publisher":{"@id":"https:\/\/insektenliebe.com\/it\/#organization"},"potentialAction":[{"@type":"SearchAction","target":{"@type":"EntryPoint","urlTemplate":"https:\/\/insektenliebe.com\/it\/?s={search_term_string}"},"query-input":{"@type":"PropertyValueSpecification","valueRequired":true,"valueName":"search_term_string"}}],"inLanguage":"it-IT"},{"@type":"Organization","@id":"https:\/\/insektenliebe.com\/it\/#organization","name":"Insektenliebe","url":"https:\/\/insektenliebe.com\/it\/","logo":{"@type":"ImageObject","inLanguage":"it-IT","@id":"https:\/\/insektenliebe.com\/it\/#\/schema\/logo\/image\/","url":"https:\/\/insektenliebe.com\/wp-content\/uploads\/2025\/03\/logo-white.png","contentUrl":"https:\/\/insektenliebe.com\/wp-content\/uploads\/2025\/03\/logo-white.png","width":288,"height":188,"caption":"Insektenliebe"},"image":{"@id":"https:\/\/insektenliebe.com\/it\/#\/schema\/logo\/image\/"}}]},"product_price_amount":"39.00","product_price_currency":"EUR","og_availability":"instock","product_availability":"instock","product_retailer_item_id":"870","product_condition":"new"},"_links":{"self":[{"href":"https:\/\/insektenliebe.com\/it\/wp-json\/wp\/v2\/product\/205516","targetHints":{"allow":["GET"]}}],"collection":[{"href":"https:\/\/insektenliebe.com\/it\/wp-json\/wp\/v2\/product"}],"about":[{"href":"https:\/\/insektenliebe.com\/it\/wp-json\/wp\/v2\/types\/product"}],"wp:featuredmedia":[{"embeddable":true,"href":"https:\/\/insektenliebe.com\/it\/wp-json\/wp\/v2\/media\/205502"}],"wp:attachment":[{"href":"https:\/\/insektenliebe.com\/it\/wp-json\/wp\/v2\/media?parent=205516"}],"wp:term":[{"taxonomy":"product-supplier","embeddable":true,"href":"https:\/\/insektenliebe.com\/it\/wp-json\/wp\/v2\/product-supplier?post=205516"},{"taxonomy":"product_brand","embeddable":true,"href":"https:\/\/insektenliebe.com\/it\/wp-json\/wp\/v2\/product_brand?post=205516"},{"taxonomy":"product_cat","embeddable":true,"href":"https:\/\/insektenliebe.com\/it\/wp-json\/wp\/v2\/product_cat?post=205516"},{"taxonomy":"product_tag","embeddable":true,"href":"https:\/\/insektenliebe.com\/it\/wp-json\/wp\/v2\/product_tag?post=205516"},{"taxonomy":"lce-checkout-addons","embeddable":true,"href":"https:\/\/insektenliebe.com\/it\/wp-json\/wp\/v2\/lce-checkout-addons?post=205516"}],"curies":[{"name":"wp","href":"https:\/\/api.w.org\/{rel}","templated":true}]}}