{"id":204669,"date":"2026-05-08T21:07:12","date_gmt":"2026-05-08T19:07:12","guid":{"rendered":"https:\/\/insektenliebe.com\/shop\/produkt\/phyllium-gantungense-rizal\/"},"modified":"2026-05-08T21:07:12","modified_gmt":"2026-05-08T19:07:12","slug":"phyllium-gantungense-rizal","status":"publish","type":"product","link":"https:\/\/insektenliebe.com\/it\/shop\/prodotto\/phyllium-gantungense-rizal\/","title":{"rendered":"Phyllium gantungense \"Rizal"},"content":{"rendered":"<h2><span class=\"s1\" style=\"color: #99cc33;\"><b>Phyllium \"Rizal\" - Perfetto per gli amanti delle specie speciali<\/b><\/span><\/h2>\n<p class=\"p1\"><b>Phyllium gantungense \"Rizal<\/b><span class=\"s2\">  \u00e8 originaria delle Filippine ed \u00e8 una delle foglie cangianti pi\u00f9 affascinanti della terraristica. Il nome della localit\u00e0 \"Rizal\" si riferisce all&#8217;omonima regione delle Filippine, da cui provengono questi animali. <\/span><\/p>\n<p class=\"p2\">Questa specie \u00e8 particolarmente attraente grazie all&#8217;aspetto naturale delle foglie e al suo comportamento tranquillo. Allo stesso tempo, \u00e8 una delle specie che crea immediatamente un&#8217;impressione tropicale e quasi naturale nel terrario. <\/p>\n<h3><span class=\"s1\" style=\"color: #99cc33;\"><b>Aspetto e mimetizzazione<\/b><\/span><\/h3>\n<p class=\"p1\">Come tutte le foglie striscianti <span class=\"s1\"><b>Phyllium gantungense \"Rizal<\/b><\/span><span class=\"s2\">  un mimetismo impressionante. Gli animali hanno un aspetto incredibilmente simile alle foglie vere e si mimetizzano quasi completamente con l&#8217;ambiente circostante. <\/span><\/p>\n<p class=\"p4\">Particolarmente suggestivi sono:<\/p>\n<ul>\n<li><span class=\"s1\">le gambe a foglia larga<\/span><\/li>\n<li><span class=\"s1\">la forma piatta del corpo<\/span><\/li>\n<li><span class=\"s1\">sottili venature rosse<\/span><\/li>\n<li><span class=\"s1\">Bordi di foglie naturali<\/span><\/li>\n<\/ul>\n<p class=\"p2\">La colorazione di base va solitamente dal verde brillante a tonalit\u00e0 leggermente giallastre, che conferiscono agli animali un aspetto particolarmente vivace.<\/p>\n<h3><span class=\"s1\" style=\"color: #99cc33;\"><b>Comportamento e attivit\u00e0<\/b><\/span><\/h3>\n<p class=\"p1\">Gli animali sono prevalentemente notturni e di solito si muovono attivamente nel terrario solo di sera.<\/p>\n<p class=\"p1\">Durante il giorno, siedono tranquillamente tra i rami o le piante alimentari e si affidano completamente al loro mimetismo. \u00c8 proprio questo comportamento che li rende particolarmente interessanti da osservare. <\/p>\n<p class=\"p2\">I piccoli appena nati sono molto pi\u00f9 attivi e reagiscono in modo pi\u00f9 sensibile agli errori di clima o di umidit\u00e0.<\/p>\n<h3><span class=\"s1\" style=\"color: #99cc33;\"><b>Dimensioni e allestimento del terrario<\/b><\/span><\/h3>\n<p class=\"p1\">\u00c8 adatto per essere tenuto in un <span class=\"s1\"><b>terrario alto e ben ventilato<\/b><\/span><span class=\"s2\">poich\u00e9 gli animali hanno bisogno di molto spazio per la muta.<\/span><\/p>\n<p class=\"p1\">Il seguente \u00e8 particolarmente adatto ai gruppi pi\u00f9 piccoli <span class=\"s1\"><b>Insektenbe Phasmid Set Completo<\/b><\/span><span class=\"s2\">\u00e8 particolarmente adatto ai gruppi pi\u00f9 piccoli, perch\u00e9 \u00e8 gi\u00e0 ottimizzato per soddisfare le esigenze delle foglie che cambiano.<\/span><\/p>\n<p class=\"p1\">Per i gruppi pi\u00f9 numerosi o per gli animali adulti consigliamo un <span class=\"s1\"><b>Terrario Sky di Repto Terra<\/b><\/span><span class=\"s2\">in quanto offre un&#8217;altezza sufficiente e allo stesso tempo un&#8217;ottima circolazione dell&#8217;aria.<\/span><\/p>\n<p class=\"p4\">L&#8217;arredamento deve essere il pi\u00f9 naturale possibile. Questo aspetto \u00e8 particolarmente importante: <\/p>\n<ul>\n<li><span class=\"s1\">Rami rampicanti stabili<\/span><\/li>\n<li><span class=\"s1\">rami frondosi da foraggio<\/span><\/li>\n<li><span class=\"s1\">aree di muta libere<\/span><\/li>\n<li><span class=\"s1\">rami secchi per mimetizzarsi<\/span><\/li>\n<\/ul>\n<p class=\"p1\">I substrati adatti sono <span class=\"s1\"><b>rotolo da cucina<\/b><\/span><span class=\"s2\">in quanto igienico e pratico, oppure <\/span><span class=\"s1\"><b>humus di bosco<\/b><\/span><span class=\"s2\"> per una configurazione pi\u00f9 naturale.<\/span><\/p>\n<p class=\"p2\">Il rotolo da cucina ha il vantaggio che le uova sono particolarmente facili da riconoscere e raccogliere.<\/p>\n<h3><span class=\"s1\" style=\"color: #99cc33;\"><b>Clima e cura<\/b><\/span><\/h3>\n<p class=\"p4\"><b>Phyllium gantungense \"Rizal<\/b><span class=\"s2\"> richiede un clima tropicale stabile:<\/span><\/p>\n<ul>\n<li><span class=\"s1\">Temperatura diurna: <\/span><span class=\"s2\"><b>22-28 \u00b0C<\/b><\/span><\/li>\n<li><span class=\"s1\">di notte: <\/span><span class=\"s2\"><b>20-22 \u00b0C<\/b><\/span><\/li>\n<li><span class=\"s1\">Umidit\u00e0: <\/span><span class=\"s2\"><b>70-80 %<\/b><\/span><\/li>\n<\/ul>\n<p class=\"p1\">Il terrario deve essere leggermente nebulizzato regolarmente, ma bisogna evitare di spruzzare direttamente gli animali.<\/p>\n<p class=\"p2\">Con uno spruzzatore <span class=\"s1\"><b>spruzzatore fine GLORIA<\/b><\/span><span class=\"s2\"> l&#8217;umidit\u00e0 dell&#8217;aria pu\u00f2 essere regolata in modo particolarmente fine e uniforme.<\/span><\/p>\n<h3><span class=\"s1\" style=\"color: #99cc33;\"><b>Alimentazione<\/b><\/span><\/h3>\n<p class=\"p4\">Gli animali accettano diverse piante alimentari:<\/p>\n<ul>\n<li><span class=\"s1\">Foglie di mora<\/span><\/li>\n<li><span class=\"s1\">Foglie di lampone<\/span><\/li>\n<li><span class=\"s1\">Rosa<\/span><\/li>\n<li><span class=\"s1\">Quercia<\/span><\/li>\n<\/ul>\n<p class=\"p1\">I rametti devono essere offerti sempre freschi e preferibilmente messi in acqua.<\/p>\n<p class=\"p2\">Particolarmente pratico in questo caso \u00e8 il <span class=\"s1\"><b>scatola di grilli con fessura a X del set completo di fasmidi<\/b><\/span><span class=\"s2\">poich\u00e9 i rami sono stabili e non possono ribaltarsi allo stesso tempo.<\/span><\/p>\n<h3><span class=\"s1\" style=\"color: #99cc33;\"><b>Prole<\/b><\/span><\/h3>\n<p class=\"p1\">Le femmine lasciano cadere le uova sul terreno. L\u00ec continuano a svilupparsi finch\u00e9 i piccoli non si schiudono dopo diversi mesi. <\/p>\n<p class=\"p2\">La riproduzione \u00e8 affidabile se la temperatura e l&#8217;umidit\u00e0 rimangono stabili.<\/p>\n<h3><span class=\"s1\" style=\"color: #99cc33;\"><b>Punti importanti da conservare<\/b><\/span><\/h3>\n<ul>\n<li><span class=\"s1\">L&#8217;umidit\u00e0 elevata \u00e8 importante<\/span><\/li>\n<li><span class=\"s1\">Molto spazio per la scuoiatura<\/span><\/li>\n<li><span class=\"s1\">Un terrario ben ventilato \u00e8 fondamentale<\/span><\/li>\n<li><span class=\"s1\">Animali calmi e pacifici<\/span><\/li>\n<li><span class=\"s1\">Mimetizzazione molto naturale<\/span><\/li>\n<\/ul>\n<h3><span class=\"s1\" style=\"color: #99cc33;\"><b>Accessori adatti alla tua configurazione<\/b><\/span><\/h3>\n<p class=\"p4\">Ti consigliamo di conservarli con successo:<\/p>\n<ul>\n<li><span class=\"s1\"><b>Set completo di fasmidi Insektenbe<\/b><\/span><span class=\"s2\"> - base perfetta per piccoli gruppi<\/span><\/li>\n<li><span class=\"s1\"><b>Terrario Repto Terra Sky<\/b><\/span><span class=\"s2\"> - ideale per animali adulti<\/span><\/li>\n<li><span class=\"s1\"><b>Spruzzatore fine GLORIA<\/b><\/span><span class=\"s2\"> - per l&#8217;umidit\u00e0 controllata<\/span><\/li>\n<li><span class=\"s1\"><b>Legno di ragno \/ rami<\/b><\/span><span class=\"s2\"> - importante struttura rampicante<\/span><\/li>\n<li><span class=\"s1\"><b>Humus forestale<\/b><\/span><span class=\"s2\"> - substrato naturale<\/span><\/li>\n<li><span class=\"s1\"><b>Coda di primavera<\/b><\/span><span class=\"s2\"> - Polizia del suolo per l&#8217;igiene<\/span><\/li>\n<\/ul>\n<p class=\"p2\">Questa combinazione garantisce un clima stabile e ne facilita la conservazione.<\/p>\n<h3><span class=\"s1\" style=\"color: #99cc33;\"><b>Conclusione<\/b><\/span><\/h3>\n<p class=\"p1\"><b>Il Phyllium gantungense \"Rizal\"<\/b><span class=\"s2\"> \u00e8 una bellissima foglia ambulante che colpisce per il suo perfetto mimetismo e il suo comportamento tranquillo.<\/span><\/p>\n<p class=\"p5\">Questa specie \u00e8 ideale per chi cerca un animale da terrario naturale e affascinante, elegante e insolito.<\/p>\n","protected":false},"excerpt":{"rendered":"<p>Phyllium \"Rizal\" - Perfetto per gli amanti delle specie speciali Phyllium gantungense \"Rizal \u00e8 originaria delle Filippine ed \u00e8 una delle foglie cangianti pi\u00f9 affascinanti della terraristica. Il nome della localit\u00e0 \"Rizal\" si riferisce all&#8217;omonima regione delle Filippine, da cui provengono questi animali. Questa specie \u00e8 particolarmente attraente grazie all&#8217;aspetto naturale delle foglie e al [&hellip;]<\/p>\n","protected":false},"featured_media":204663,"template":"","meta":{"_acf_changed":false},"product-supplier":[],"product_brand":[],"product_cat":[3949],"product_tag":[],"lce-checkout-addons":[2746],"class_list":{"0":"post-204669","1":"product","2":"type-product","3":"status-publish","4":"has-post-thumbnail","6":"product_cat-fasmidi","7":"product_shipping_class-spedizione-di-animali","8":"pa_herkunft-filippine-2","9":"pa_kontinent-asia","10":"lce-checkout-addons-imballaggio-invernale","12":"first","13":"instock","14":"taxable","15":"shipping-taxable","16":"purchasable","17":"product-type-variable"},"acf":[],"yoast_head":"<!-- This site is optimized with the Yoast SEO Premium plugin v26.8 (Yoast SEO v27.5) - https:\/\/yoast.com\/product\/yoast-seo-premium-wordpress\/ -->\n<title>Phyllium gantungense &quot;Rizal - Insektenliebe<\/title>\n<meta name=\"description\" content=\"Phyllium gantungense &quot;Rizal&quot; - una rara foglia ambulante delle Filippine. Calma, imponente e perfettamente mimetizzata. Adatta ai principianti!\" \/>\n<meta name=\"robots\" content=\"index, follow, max-snippet:-1, max-image-preview:large, max-video-preview:-1\" \/>\n<link rel=\"canonical\" href=\"https:\/\/insektenliebe.com\/it\/shop\/prodotto\/phyllium-gantungense-rizal\/\" \/>\n<meta property=\"og:locale\" content=\"it_IT\" \/>\n<meta property=\"og:type\" content=\"article\" \/>\n<meta property=\"og:title\" content=\"Phyllium gantungense &quot;Rizal\" \/>\n<meta property=\"og:description\" content=\"Phyllium gantungense &quot;Rizal&quot; - una rara foglia ambulante delle Filippine. Calma, imponente e perfettamente mimetizzata. Adatta ai principianti!\" \/>\n<meta property=\"og:url\" content=\"https:\/\/insektenliebe.com\/it\/shop\/prodotto\/phyllium-gantungense-rizal\/\" \/>\n<meta property=\"og:site_name\" content=\"Insektenliebe\" \/>\n<meta property=\"og:image\" content=\"https:\/\/insektenliebe.com\/wp-content\/uploads\/2026\/05\/Phyllium-gantungense-22Rizal22.jpg\" \/>\n\t<meta property=\"og:image:width\" content=\"820\" \/>\n\t<meta property=\"og:image:height\" content=\"820\" \/>\n\t<meta property=\"og:image:type\" content=\"image\/jpeg\" \/>\n<meta name=\"twitter:card\" content=\"summary_large_image\" \/>\n<meta name=\"twitter:label1\" content=\"Disponibilit\u00e0\" \/>\n\t<meta name=\"twitter:data1\" content=\"In stock\" \/>\n<script type=\"application\/ld+json\" class=\"yoast-schema-graph\">{\"@context\":\"https:\\\/\\\/schema.org\",\"@graph\":[{\"@type\":\"WebPage\",\"@id\":\"https:\\\/\\\/insektenliebe.com\\\/it\\\/shop\\\/prodotto\\\/phyllium-gantungense-rizal\\\/\",\"url\":\"https:\\\/\\\/insektenliebe.com\\\/it\\\/shop\\\/prodotto\\\/phyllium-gantungense-rizal\\\/\",\"name\":\"Phyllium gantungense \\\"Rizal - Insektenliebe\",\"isPartOf\":{\"@id\":\"https:\\\/\\\/insektenliebe.com\\\/it\\\/#website\"},\"primaryImageOfPage\":{\"@id\":\"https:\\\/\\\/insektenliebe.com\\\/it\\\/shop\\\/prodotto\\\/phyllium-gantungense-rizal\\\/#primaryimage\"},\"image\":{\"@id\":\"https:\\\/\\\/insektenliebe.com\\\/it\\\/shop\\\/prodotto\\\/phyllium-gantungense-rizal\\\/#primaryimage\"},\"thumbnailUrl\":\"https:\\\/\\\/insektenliebe.com\\\/wp-content\\\/uploads\\\/2026\\\/05\\\/Phyllium-gantungense-22Rizal22.jpg\",\"datePublished\":\"2026-05-08T19:07:12+00:00\",\"description\":\"Phyllium gantungense \\\"Rizal\\\" - una rara foglia ambulante delle Filippine. Calma, imponente e perfettamente mimetizzata. Adatta ai principianti!\",\"breadcrumb\":{\"@id\":\"https:\\\/\\\/insektenliebe.com\\\/it\\\/shop\\\/prodotto\\\/phyllium-gantungense-rizal\\\/#breadcrumb\"},\"inLanguage\":\"it-IT\",\"potentialAction\":[{\"@type\":\"ReadAction\",\"target\":[\"https:\\\/\\\/insektenliebe.com\\\/it\\\/shop\\\/prodotto\\\/phyllium-gantungense-rizal\\\/\"]}]},{\"@type\":\"ImageObject\",\"inLanguage\":\"it-IT\",\"@id\":\"https:\\\/\\\/insektenliebe.com\\\/it\\\/shop\\\/prodotto\\\/phyllium-gantungense-rizal\\\/#primaryimage\",\"url\":\"https:\\\/\\\/insektenliebe.com\\\/wp-content\\\/uploads\\\/2026\\\/05\\\/Phyllium-gantungense-22Rizal22.jpg\",\"contentUrl\":\"https:\\\/\\\/insektenliebe.com\\\/wp-content\\\/uploads\\\/2026\\\/05\\\/Phyllium-gantungense-22Rizal22.jpg\",\"width\":820,\"height\":820,\"caption\":\"Phyllium gantungense \\\"Rizal\"},{\"@type\":\"BreadcrumbList\",\"@id\":\"https:\\\/\\\/insektenliebe.com\\\/it\\\/shop\\\/prodotto\\\/phyllium-gantungense-rizal\\\/#breadcrumb\",\"itemListElement\":[{\"@type\":\"ListItem\",\"position\":1,\"name\":\"Startseite\",\"item\":\"https:\\\/\\\/insektenliebe.com\\\/it\\\/\"},{\"@type\":\"ListItem\",\"position\":2,\"name\":\"Negozio\",\"item\":\"https:\\\/\\\/insektenliebe.com\\\/it\\\/negozio\\\/\"},{\"@type\":\"ListItem\",\"position\":3,\"name\":\"Phyllium gantungense \\\"Rizal\"}]},{\"@type\":\"WebSite\",\"@id\":\"https:\\\/\\\/insektenliebe.com\\\/it\\\/#website\",\"url\":\"https:\\\/\\\/insektenliebe.com\\\/it\\\/\",\"name\":\"Insektenliebe\",\"description\":\"Dein Zuhause f\u00fcr die kleinen Lebewesen\",\"publisher\":{\"@id\":\"https:\\\/\\\/insektenliebe.com\\\/it\\\/#organization\"},\"potentialAction\":[{\"@type\":\"SearchAction\",\"target\":{\"@type\":\"EntryPoint\",\"urlTemplate\":\"https:\\\/\\\/insektenliebe.com\\\/it\\\/?s={search_term_string}\"},\"query-input\":{\"@type\":\"PropertyValueSpecification\",\"valueRequired\":true,\"valueName\":\"search_term_string\"}}],\"inLanguage\":\"it-IT\"},{\"@type\":\"Organization\",\"@id\":\"https:\\\/\\\/insektenliebe.com\\\/it\\\/#organization\",\"name\":\"Insektenliebe\",\"url\":\"https:\\\/\\\/insektenliebe.com\\\/it\\\/\",\"logo\":{\"@type\":\"ImageObject\",\"inLanguage\":\"it-IT\",\"@id\":\"https:\\\/\\\/insektenliebe.com\\\/it\\\/#\\\/schema\\\/logo\\\/image\\\/\",\"url\":\"https:\\\/\\\/insektenliebe.com\\\/wp-content\\\/uploads\\\/2025\\\/03\\\/logo-white.png\",\"contentUrl\":\"https:\\\/\\\/insektenliebe.com\\\/wp-content\\\/uploads\\\/2025\\\/03\\\/logo-white.png\",\"width\":288,\"height\":188,\"caption\":\"Insektenliebe\"},\"image\":{\"@id\":\"https:\\\/\\\/insektenliebe.com\\\/it\\\/#\\\/schema\\\/logo\\\/image\\\/\"}}]}<\/script>\n<meta property=\"og:availability\" content=\"instock\" \/>\n<meta property=\"product:availability\" content=\"instock\" \/>\n<meta property=\"product:retailer_item_id\" content=\"868\" \/>\n<meta property=\"product:condition\" content=\"new\" \/>\n<!-- \/ Yoast SEO Premium plugin. -->","yoast_head_json":{"title":"Phyllium gantungense \"Rizal - Insektenliebe","description":"Phyllium gantungense \"Rizal\" - una rara foglia ambulante delle Filippine. Calma, imponente e perfettamente mimetizzata. Adatta ai principianti!","robots":{"index":"index","follow":"follow","max-snippet":"max-snippet:-1","max-image-preview":"max-image-preview:large","max-video-preview":"max-video-preview:-1"},"canonical":"https:\/\/insektenliebe.com\/it\/shop\/prodotto\/phyllium-gantungense-rizal\/","og_locale":"it_IT","og_type":"article","og_title":"Phyllium gantungense \"Rizal","og_description":"Phyllium gantungense \"Rizal\" - una rara foglia ambulante delle Filippine. Calma, imponente e perfettamente mimetizzata. Adatta ai principianti!","og_url":"https:\/\/insektenliebe.com\/it\/shop\/prodotto\/phyllium-gantungense-rizal\/","og_site_name":"Insektenliebe","og_image":[{"width":820,"height":820,"url":"https:\/\/insektenliebe.com\/wp-content\/uploads\/2026\/05\/Phyllium-gantungense-22Rizal22.jpg","type":"image\/jpeg"}],"twitter_card":"summary_large_image","twitter_misc":{"Disponibilit\u00e0":"In stock"},"schema":{"@context":"https:\/\/schema.org","@graph":[{"@type":"WebPage","@id":"https:\/\/insektenliebe.com\/it\/shop\/prodotto\/phyllium-gantungense-rizal\/","url":"https:\/\/insektenliebe.com\/it\/shop\/prodotto\/phyllium-gantungense-rizal\/","name":"Phyllium gantungense \"Rizal - Insektenliebe","isPartOf":{"@id":"https:\/\/insektenliebe.com\/it\/#website"},"primaryImageOfPage":{"@id":"https:\/\/insektenliebe.com\/it\/shop\/prodotto\/phyllium-gantungense-rizal\/#primaryimage"},"image":{"@id":"https:\/\/insektenliebe.com\/it\/shop\/prodotto\/phyllium-gantungense-rizal\/#primaryimage"},"thumbnailUrl":"https:\/\/insektenliebe.com\/wp-content\/uploads\/2026\/05\/Phyllium-gantungense-22Rizal22.jpg","datePublished":"2026-05-08T19:07:12+00:00","description":"Phyllium gantungense \"Rizal\" - una rara foglia ambulante delle Filippine. Calma, imponente e perfettamente mimetizzata. Adatta ai principianti!","breadcrumb":{"@id":"https:\/\/insektenliebe.com\/it\/shop\/prodotto\/phyllium-gantungense-rizal\/#breadcrumb"},"inLanguage":"it-IT","potentialAction":[{"@type":"ReadAction","target":["https:\/\/insektenliebe.com\/it\/shop\/prodotto\/phyllium-gantungense-rizal\/"]}]},{"@type":"ImageObject","inLanguage":"it-IT","@id":"https:\/\/insektenliebe.com\/it\/shop\/prodotto\/phyllium-gantungense-rizal\/#primaryimage","url":"https:\/\/insektenliebe.com\/wp-content\/uploads\/2026\/05\/Phyllium-gantungense-22Rizal22.jpg","contentUrl":"https:\/\/insektenliebe.com\/wp-content\/uploads\/2026\/05\/Phyllium-gantungense-22Rizal22.jpg","width":820,"height":820,"caption":"Phyllium gantungense \"Rizal"},{"@type":"BreadcrumbList","@id":"https:\/\/insektenliebe.com\/it\/shop\/prodotto\/phyllium-gantungense-rizal\/#breadcrumb","itemListElement":[{"@type":"ListItem","position":1,"name":"Startseite","item":"https:\/\/insektenliebe.com\/it\/"},{"@type":"ListItem","position":2,"name":"Negozio","item":"https:\/\/insektenliebe.com\/it\/negozio\/"},{"@type":"ListItem","position":3,"name":"Phyllium gantungense \"Rizal"}]},{"@type":"WebSite","@id":"https:\/\/insektenliebe.com\/it\/#website","url":"https:\/\/insektenliebe.com\/it\/","name":"Insektenliebe","description":"Dein Zuhause f\u00fcr die kleinen Lebewesen","publisher":{"@id":"https:\/\/insektenliebe.com\/it\/#organization"},"potentialAction":[{"@type":"SearchAction","target":{"@type":"EntryPoint","urlTemplate":"https:\/\/insektenliebe.com\/it\/?s={search_term_string}"},"query-input":{"@type":"PropertyValueSpecification","valueRequired":true,"valueName":"search_term_string"}}],"inLanguage":"it-IT"},{"@type":"Organization","@id":"https:\/\/insektenliebe.com\/it\/#organization","name":"Insektenliebe","url":"https:\/\/insektenliebe.com\/it\/","logo":{"@type":"ImageObject","inLanguage":"it-IT","@id":"https:\/\/insektenliebe.com\/it\/#\/schema\/logo\/image\/","url":"https:\/\/insektenliebe.com\/wp-content\/uploads\/2025\/03\/logo-white.png","contentUrl":"https:\/\/insektenliebe.com\/wp-content\/uploads\/2025\/03\/logo-white.png","width":288,"height":188,"caption":"Insektenliebe"},"image":{"@id":"https:\/\/insektenliebe.com\/it\/#\/schema\/logo\/image\/"}}]},"og_availability":"instock","product_availability":"instock","product_retailer_item_id":"868","product_condition":"new"},"_links":{"self":[{"href":"https:\/\/insektenliebe.com\/it\/wp-json\/wp\/v2\/product\/204669","targetHints":{"allow":["GET"]}}],"collection":[{"href":"https:\/\/insektenliebe.com\/it\/wp-json\/wp\/v2\/product"}],"about":[{"href":"https:\/\/insektenliebe.com\/it\/wp-json\/wp\/v2\/types\/product"}],"wp:featuredmedia":[{"embeddable":true,"href":"https:\/\/insektenliebe.com\/it\/wp-json\/wp\/v2\/media\/204663"}],"wp:attachment":[{"href":"https:\/\/insektenliebe.com\/it\/wp-json\/wp\/v2\/media?parent=204669"}],"wp:term":[{"taxonomy":"product-supplier","embeddable":true,"href":"https:\/\/insektenliebe.com\/it\/wp-json\/wp\/v2\/product-supplier?post=204669"},{"taxonomy":"product_brand","embeddable":true,"href":"https:\/\/insektenliebe.com\/it\/wp-json\/wp\/v2\/product_brand?post=204669"},{"taxonomy":"product_cat","embeddable":true,"href":"https:\/\/insektenliebe.com\/it\/wp-json\/wp\/v2\/product_cat?post=204669"},{"taxonomy":"product_tag","embeddable":true,"href":"https:\/\/insektenliebe.com\/it\/wp-json\/wp\/v2\/product_tag?post=204669"},{"taxonomy":"lce-checkout-addons","embeddable":true,"href":"https:\/\/insektenliebe.com\/it\/wp-json\/wp\/v2\/lce-checkout-addons?post=204669"}],"curies":[{"name":"wp","href":"https:\/\/api.w.org\/{rel}","templated":true}]}}