{"id":204568,"date":"2026-05-08T13:17:08","date_gmt":"2026-05-08T11:17:08","guid":{"rendered":"https:\/\/insektenliebe.com\/shop\/produkt\/phyllium-giganteum-gold\/"},"modified":"2026-05-08T13:17:08","modified_gmt":"2026-05-08T11:17:08","slug":"phyllium-giganteum-gold","status":"publish","type":"product","link":"https:\/\/insektenliebe.com\/it\/shop\/prodotto\/phyllium-giganteum-gold\/","title":{"rendered":"Phyllium giganteum \"Gold"},"content":{"rendered":"<h2><span class=\"s1\" style=\"color: #99cc33;\"><b>Forma di colore dorato - Rara e impressionante<\/b><\/span><\/h2>\n<p class=\"p1\"><b>Phyllium giganteum \"Gold<\/b><span class=\"s2\">  \u00e8 una delle foglie ambulanti pi\u00f9 impressionanti della terraristica. Gli animali sono originari della Malesia e sono tra le pi\u00f9 grandi specie di Phyllium conosciute. <\/span><\/p>\n<p class=\"p1\">Particolarmente affascinante \u00e8 l&#8217;intensa <span class=\"s1\"><b>colorazione dal giallo oro al giallo verde<\/b><\/span><span class=\"s2\">che ha dato il nome a questa rara forma di colore. A seconda della luce, dell&#8217;et\u00e0 e dell&#8217;allevamento, gli animali possono apparire di un colore dorato diverso, conferendo a ciascun animale il proprio carattere. <\/span><\/p>\n<p class=\"p1\">L&#8217;ambita colorazione oro \u00e8 visibile su <span class=\"s2\"><b>Phyllium giganteum \"Gold<\/b><\/span><span class=\"s1\">  non gi\u00e0 allo stadio giovanile. Solo con la muta finale dell&#8217;animale adulto si sviluppa l&#8217;intensa colorazione giallastra o dorata in alcuni animali. <\/span><\/p>\n<p class=\"p2\">L&#8217;esperienza dimostra che circa <span class=\"s2\"><b>30 % degli animali<\/b><\/span><span class=\"s1\">  Questa colorazione dorata particolarmente intensa \u00e8 visibile in alcuni animali, mentre altri tendono a rimanere giallo-verdi. Questo significa che ogni sviluppo rimane emozionante, dato che la colorazione finale diventa evidente solo quando fanno la muta da adulti. <\/span><\/p>\n<p class=\"p2\">La forma dorata \u00e8 particolarmente ricercata dagli allevatori, poich\u00e9 \u00e8 molto pi\u00f9 rara dei classici animali verdi.<\/p>\n<h3><span class=\"s1\" style=\"color: #99cc33;\"><b>Aspetto e mimetizzazione<\/b><\/span><\/h3>\n<p class=\"p1\">Come tutte le foglie che cambiano <span class=\"s1\"><b>Phyllium giganteum \"Gold<\/b><\/span><span class=\"s2\">  perfetta mimetizzazione con le foglie. Le femmine raggiungono dimensioni fino a   <\/span><span class=\"s1\"><b>11 cm<\/b><\/span><span class=\"s2\"> e quindi hanno un aspetto particolarmente imponente.<\/span><\/p>\n<p class=\"p4\">Gli animali possiedono:<\/p>\n<ul>\n<li><span class=\"s1\">Gambe a foglia larga<\/span><\/li>\n<li><span class=\"s1\">Forme del corpo piatte<\/span><\/li>\n<li><span class=\"s1\">venature naturali delle foglie<\/span><\/li>\n<li><span class=\"s1\">bordi delle foglie parzialmente marroni e \"appassiti\"<\/span><\/li>\n<\/ul>\n<p class=\"p2\">Di conseguenza, hanno un aspetto incredibilmente simile alle foglie vere e si mimetizzano quasi completamente con l&#8217;ambiente circostante.<\/p>\n<h3><span class=\"s1\" style=\"color: #99cc33;\"><b>Comportamento e attivit\u00e0<\/b><\/span><\/h3>\n<p class=\"p1\">Gli animali sono prevalentemente notturni e di solito se ne stanno tranquilli tra i rami o le piante da mangiare durante il giorno. Di notte, iniziano a vagare lentamente per il terrario e preferiscono nutrirsi di foglie fresche. <\/p>\n<p class=\"p1\">\u00c8 proprio questo comportamento tranquillo che rende la specie particolarmente rilassante da osservare.<\/p>\n<p class=\"p2\">Le ninfe appena nate, invece, sono molto pi\u00f9 attive e reagiscono in modo pi\u00f9 sensibile agli errori del clima o dell&#8217;umidit\u00e0.<\/p>\n<h3><span class=\"s1\" style=\"color: #99cc33;\"><b>Dimensioni e allestimento del terrario<\/b><\/span><\/h3>\n<p class=\"p1\">Il luogo ideale per la conservazione \u00e8 un <span class=\"s1\"><b>terrario alto e ben ventilato<\/b><\/span><span class=\"s2\">poich\u00e9 gli animali hanno bisogno di molto spazio per fare la muta.<\/span><\/p>\n<p class=\"p1\">Particolarmente adatto ai gruppi pi\u00f9 piccoli \u00e8 il <span class=\"s1\"><b>Insektenliebe - set completo di fasmidi<\/b><\/span><span class=\"s2\">in quanto offre gi\u00e0 una buona ventilazione e una pratica soluzione di alimentazione.<\/span><\/p>\n<p class=\"p1\">Per gli animali adulti o per i gruppi pi\u00f9 numerosi consigliamo un <span class=\"s1\"><b>Terrario Repto Terra Sky<\/b><\/span><span class=\"s2\">perch\u00e9 offre un&#8217;altezza sufficiente e allo stesso tempo una circolazione d&#8217;aria ottimale.<\/span><\/p>\n<p class=\"p4\">L&#8217;arredamento deve essere il pi\u00f9 naturale possibile. Questo aspetto \u00e8 particolarmente importante: <\/p>\n<ul>\n<li><span class=\"s1\">Rami rampicanti stabili<\/span><\/li>\n<li><span class=\"s1\">rami di mora frondosi<\/span><\/li>\n<li><span class=\"s1\">aree di muta libere<\/span><\/li>\n<li><span class=\"s1\">rami secchi per mimetizzarsi<\/span><\/li>\n<\/ul>\n<p class=\"p2\">Molti custodi utilizzano deliberatamente <span class=\"s1\"><b>rotolo da cucina<\/b><\/span><span class=\"s2\">perch\u00e9 \u00e8 igienico e le uova sono particolarmente facili da riconoscere. In alternativa, puoi anche utilizzare   <\/span><span class=\"s1\"><b>Humus di bosco<\/b><\/span><span class=\"s2\"> per un allestimento pi\u00f9 naturale.<\/span><\/p>\n<h3><span class=\"s1\" style=\"color: #99cc33;\"><b>Clima e cura<\/b><\/span><\/h3>\n<p class=\"p4\"><b>Phyllium giganteum \"Gold<\/b><span class=\"s2\"> richiede un clima tropicale stabile:<\/span><\/p>\n<ul>\n<li><span class=\"s1\">Temperatura diurna: <\/span><span class=\"s2\"><b>20-28 \u00b0C<\/b><\/span><\/li>\n<li><span class=\"s1\">di notte: <\/span><span class=\"s2\"><b>20-22 \u00b0C<\/b><\/span><\/li>\n<li><span class=\"s1\">Umidit\u00e0: <\/span><span class=\"s2\"><b>70-80 %<\/b><\/span><\/li>\n<\/ul>\n<p class=\"p1\">Il terrario deve essere leggermente nebulizzato regolarmente, ma bisogna evitare di spruzzare direttamente gli animali.<\/p>\n<p class=\"p2\">Con uno spruzzatore <span class=\"s1\"><b>spruzzatore fine GLORIA<\/b><\/span><span class=\"s2\"> puoi distribuire l&#8217;umidit\u00e0 in modo particolarmente fine e uniforme.<\/span><\/p>\n<h3><span class=\"s1\" style=\"color: #99cc33;\"><b>Alimentazione<\/b><\/span><\/h3>\n<p class=\"p4\">Gli animali preferiscono mangiare:<\/p>\n<ul>\n<li><span class=\"s1\">Foglie di mora<\/span><\/li>\n<li><span class=\"s1\">Quercia<\/span><\/li>\n<li><span class=\"s1\">Rosa<\/span><\/li>\n<li><span class=\"s1\">Lampone<\/span><\/li>\n<\/ul>\n<p class=\"p1\">\u00c8 meglio mettere i rami di cibo in acqua in modo che rimangano freschi a lungo. La scatola per grilli con scanalatura a X del set completo di fasmidi <span class=\"s1\"><b>scatola per grilli con scanalatura a X dal set completo di fasmidi<\/b><\/span><span class=\"s2\">poich\u00e9 i rametti sono stabili e gli animali non entrano in acqua.<\/span> <\/p>\n<p class=\"p2\">Gli animali giovani, in particolare, sono particolarmente ghiotti di foglie fresche e succose.<\/p>\n<h3><span class=\"s1\" style=\"color: #99cc33;\"><b>Prole<\/b><\/span><\/h3>\n<p class=\"p1\">La specie si riproduce prevalentemente <span class=\"s1\"><b>partenogeneticamente<\/b><\/span><span class=\"s2\">cio\u00e8 senza maschi. Questo rende la riproduzione molto pi\u00f9 facile rispetto a molti altri fasmidi. <\/span><\/p>\n<p class=\"p2\">Le femmine lasciano semplicemente cadere le uova sul terreno. A seconda della temperatura, i piccoli si schiudono dopo circa <span class=\"s1\"><b>6-8 mesi<\/b><\/span><span class=\"s2\">.<\/span> <\/p>\n<h3><span class=\"s1\" style=\"color: #99cc33;\"><b>Punti importanti da conservare<\/b><\/span><\/h3>\n<ul>\n<li><span class=\"s1\">\u00c8 richiesta un&#8217;elevata umidit\u00e0<\/span><\/li>\n<li><span class=\"s1\">Tanto spazio per scuoiare<\/span><\/li>\n<li><span class=\"s1\">\u00c8 importante che il terrario sia ben ventilato<\/span><\/li>\n<li><span class=\"s1\">Animali calmi e pacifici<\/span><\/li>\n<li><span class=\"s1\">Particolarmente impressionante la colorazione oro<\/span><\/li>\n<\/ul>\n<h3><span class=\"s1\" style=\"color: #99cc33;\"><b>Accessori adatti alla tua configurazione<\/b><\/span><\/h3>\n<p class=\"p4\">Raccomandiamo la seguente combinazione per una buona conservazione:<\/p>\n<ul>\n<li><span class=\"s1\"><b>Set completo di fasmidi Insektenliebe<\/b><\/span><span class=\"s2\"> - ideale per piccoli gruppi<\/span><\/li>\n<li><span class=\"s1\"><b>Terrario Repto Terra Sky<\/b><\/span><span class=\"s2\"> - altezza e ventilazione perfette<\/span><\/li>\n<li><span class=\"s1\"><b>Spruzzatore fine GLORIA<\/b><\/span><span class=\"s2\"> - per l&#8217;umidit\u00e0 controllata<\/span><\/li>\n<li><span class=\"s1\"><b>Legno di ragno \/ rami<\/b><\/span><span class=\"s2\"> - importante struttura rampicante<\/span><\/li>\n<li><span class=\"s1\"><b>Humus forestale<\/b><\/span><span class=\"s2\"> - substrato naturale<\/span><\/li>\n<\/ul>\n<p class=\"p2\">Questa combinazione garantisce un clima stabile e ne facilita la conservazione.<\/p>\n<h3><span class=\"s1\" style=\"color: #99cc33;\"><b>Conclusione<\/b><\/span><\/h3>\n<p class=\"p1\"><b>Phyllium giganteum \"Gold<\/b><span class=\"s2\">  \u00e8 uno dei pi\u00f9 belli e impressionanti di tutti i cambi di foglie. La rara colorazione dorata, le enormi dimensioni e il comportamento tranquillo rendono questi animali un vero e proprio punto di forza in qualsiasi terrario. <\/span><\/p>\n<p class=\"p5\">Chi crea condizioni stabili sar\u00e0 premiato con una straordinaria specie di fasmide che attira immediatamente l&#8217;attenzione di tutti.<\/p>\n","protected":false},"excerpt":{"rendered":"<p>Forma di colore dorato - Rara e impressionante Phyllium giganteum \"Gold \u00e8 una delle foglie ambulanti pi\u00f9 impressionanti della terraristica. Gli animali sono originari della Malesia e sono tra le pi\u00f9 grandi specie di Phyllium conosciute. Particolarmente affascinante \u00e8 l&#8217;intensa colorazione dal giallo oro al giallo verdeche ha dato il nome a questa rara forma [&hellip;]<\/p>\n","protected":false},"featured_media":204574,"template":"","meta":{"_acf_changed":false},"product-supplier":[],"product_brand":[],"product_cat":[3949],"product_tag":[],"lce-checkout-addons":[2746],"class_list":{"0":"post-204568","1":"product","2":"type-product","3":"status-publish","4":"has-post-thumbnail","6":"product_cat-fasmidi","7":"product_shipping_class-spedizione-di-animali","8":"pa_herkunft-malesia","9":"pa_kontinent-asia","10":"lce-checkout-addons-imballaggio-invernale","12":"first","13":"instock","14":"taxable","15":"shipping-taxable","16":"purchasable","17":"product-type-variable"},"acf":[],"yoast_head":"<!-- This site is optimized with the Yoast SEO Premium plugin v26.8 (Yoast SEO v27.5) - https:\/\/yoast.com\/product\/yoast-seo-premium-wordpress\/ -->\n<title>Phyllium giganteum &quot;Gold - Insektenliebe<\/title>\n<meta name=\"description\" content=\"Phyllium giganteum &quot;Gold&quot; - rara forma di colore dorato della foglia cangiante. Grande, imponente e affascinante da osservare.\" \/>\n<meta name=\"robots\" content=\"index, follow, max-snippet:-1, max-image-preview:large, max-video-preview:-1\" \/>\n<link rel=\"canonical\" href=\"https:\/\/insektenliebe.com\/it\/shop\/prodotto\/phyllium-giganteum-gold\/\" \/>\n<meta property=\"og:locale\" content=\"it_IT\" \/>\n<meta property=\"og:type\" content=\"article\" \/>\n<meta property=\"og:title\" content=\"Phyllium giganteum &quot;Gold\" \/>\n<meta property=\"og:description\" content=\"Phyllium giganteum &quot;Gold&quot; - rara forma di colore dorato della foglia cangiante. Grande, imponente e affascinante da osservare.\" \/>\n<meta property=\"og:url\" content=\"https:\/\/insektenliebe.com\/it\/shop\/prodotto\/phyllium-giganteum-gold\/\" \/>\n<meta property=\"og:site_name\" content=\"Insektenliebe\" \/>\n<meta property=\"og:image\" content=\"https:\/\/insektenliebe.com\/wp-content\/uploads\/2026\/05\/Phyllium-giganteum-22Gold22.jpg\" \/>\n\t<meta property=\"og:image:width\" content=\"820\" \/>\n\t<meta property=\"og:image:height\" content=\"820\" \/>\n\t<meta property=\"og:image:type\" content=\"image\/jpeg\" \/>\n<meta name=\"twitter:card\" content=\"summary_large_image\" \/>\n<meta name=\"twitter:label1\" content=\"Disponibilit\u00e0\" \/>\n\t<meta name=\"twitter:data1\" content=\"In stock\" \/>\n<script type=\"application\/ld+json\" class=\"yoast-schema-graph\">{\"@context\":\"https:\\\/\\\/schema.org\",\"@graph\":[{\"@type\":\"WebPage\",\"@id\":\"https:\\\/\\\/insektenliebe.com\\\/it\\\/shop\\\/prodotto\\\/phyllium-giganteum-gold\\\/\",\"url\":\"https:\\\/\\\/insektenliebe.com\\\/it\\\/shop\\\/prodotto\\\/phyllium-giganteum-gold\\\/\",\"name\":\"Phyllium giganteum \\\"Gold - Insektenliebe\",\"isPartOf\":{\"@id\":\"https:\\\/\\\/insektenliebe.com\\\/it\\\/#website\"},\"primaryImageOfPage\":{\"@id\":\"https:\\\/\\\/insektenliebe.com\\\/it\\\/shop\\\/prodotto\\\/phyllium-giganteum-gold\\\/#primaryimage\"},\"image\":{\"@id\":\"https:\\\/\\\/insektenliebe.com\\\/it\\\/shop\\\/prodotto\\\/phyllium-giganteum-gold\\\/#primaryimage\"},\"thumbnailUrl\":\"https:\\\/\\\/insektenliebe.com\\\/wp-content\\\/uploads\\\/2026\\\/05\\\/Phyllium-giganteum-22Gold22.jpg\",\"datePublished\":\"2026-05-08T11:17:08+00:00\",\"description\":\"Phyllium giganteum \\\"Gold\\\" - rara forma di colore dorato della foglia cangiante. Grande, imponente e affascinante da osservare.\",\"breadcrumb\":{\"@id\":\"https:\\\/\\\/insektenliebe.com\\\/it\\\/shop\\\/prodotto\\\/phyllium-giganteum-gold\\\/#breadcrumb\"},\"inLanguage\":\"it-IT\",\"potentialAction\":[{\"@type\":\"ReadAction\",\"target\":[\"https:\\\/\\\/insektenliebe.com\\\/it\\\/shop\\\/prodotto\\\/phyllium-giganteum-gold\\\/\"]}]},{\"@type\":\"ImageObject\",\"inLanguage\":\"it-IT\",\"@id\":\"https:\\\/\\\/insektenliebe.com\\\/it\\\/shop\\\/prodotto\\\/phyllium-giganteum-gold\\\/#primaryimage\",\"url\":\"https:\\\/\\\/insektenliebe.com\\\/wp-content\\\/uploads\\\/2026\\\/05\\\/Phyllium-giganteum-22Gold22.jpg\",\"contentUrl\":\"https:\\\/\\\/insektenliebe.com\\\/wp-content\\\/uploads\\\/2026\\\/05\\\/Phyllium-giganteum-22Gold22.jpg\",\"width\":820,\"height\":820,\"caption\":\"Phyllium giganteum \\\"Gold\\\"\"},{\"@type\":\"BreadcrumbList\",\"@id\":\"https:\\\/\\\/insektenliebe.com\\\/it\\\/shop\\\/prodotto\\\/phyllium-giganteum-gold\\\/#breadcrumb\",\"itemListElement\":[{\"@type\":\"ListItem\",\"position\":1,\"name\":\"Startseite\",\"item\":\"https:\\\/\\\/insektenliebe.com\\\/it\\\/\"},{\"@type\":\"ListItem\",\"position\":2,\"name\":\"Negozio\",\"item\":\"https:\\\/\\\/insektenliebe.com\\\/it\\\/negozio\\\/\"},{\"@type\":\"ListItem\",\"position\":3,\"name\":\"Phyllium giganteum \\\"Gold\"}]},{\"@type\":\"WebSite\",\"@id\":\"https:\\\/\\\/insektenliebe.com\\\/it\\\/#website\",\"url\":\"https:\\\/\\\/insektenliebe.com\\\/it\\\/\",\"name\":\"Insektenliebe\",\"description\":\"Dein Zuhause f\u00fcr die kleinen Lebewesen\",\"publisher\":{\"@id\":\"https:\\\/\\\/insektenliebe.com\\\/it\\\/#organization\"},\"potentialAction\":[{\"@type\":\"SearchAction\",\"target\":{\"@type\":\"EntryPoint\",\"urlTemplate\":\"https:\\\/\\\/insektenliebe.com\\\/it\\\/?s={search_term_string}\"},\"query-input\":{\"@type\":\"PropertyValueSpecification\",\"valueRequired\":true,\"valueName\":\"search_term_string\"}}],\"inLanguage\":\"it-IT\"},{\"@type\":\"Organization\",\"@id\":\"https:\\\/\\\/insektenliebe.com\\\/it\\\/#organization\",\"name\":\"Insektenliebe\",\"url\":\"https:\\\/\\\/insektenliebe.com\\\/it\\\/\",\"logo\":{\"@type\":\"ImageObject\",\"inLanguage\":\"it-IT\",\"@id\":\"https:\\\/\\\/insektenliebe.com\\\/it\\\/#\\\/schema\\\/logo\\\/image\\\/\",\"url\":\"https:\\\/\\\/insektenliebe.com\\\/wp-content\\\/uploads\\\/2025\\\/03\\\/logo-white.png\",\"contentUrl\":\"https:\\\/\\\/insektenliebe.com\\\/wp-content\\\/uploads\\\/2025\\\/03\\\/logo-white.png\",\"width\":288,\"height\":188,\"caption\":\"Insektenliebe\"},\"image\":{\"@id\":\"https:\\\/\\\/insektenliebe.com\\\/it\\\/#\\\/schema\\\/logo\\\/image\\\/\"}}]}<\/script>\n<meta property=\"og:availability\" content=\"instock\" \/>\n<meta property=\"product:availability\" content=\"instock\" \/>\n<meta property=\"product:retailer_item_id\" content=\"867\" \/>\n<meta property=\"product:condition\" content=\"new\" \/>\n<!-- \/ Yoast SEO Premium plugin. -->","yoast_head_json":{"title":"Phyllium giganteum \"Gold - Insektenliebe","description":"Phyllium giganteum \"Gold\" - rara forma di colore dorato della foglia cangiante. Grande, imponente e affascinante da osservare.","robots":{"index":"index","follow":"follow","max-snippet":"max-snippet:-1","max-image-preview":"max-image-preview:large","max-video-preview":"max-video-preview:-1"},"canonical":"https:\/\/insektenliebe.com\/it\/shop\/prodotto\/phyllium-giganteum-gold\/","og_locale":"it_IT","og_type":"article","og_title":"Phyllium giganteum \"Gold","og_description":"Phyllium giganteum \"Gold\" - rara forma di colore dorato della foglia cangiante. Grande, imponente e affascinante da osservare.","og_url":"https:\/\/insektenliebe.com\/it\/shop\/prodotto\/phyllium-giganteum-gold\/","og_site_name":"Insektenliebe","og_image":[{"width":820,"height":820,"url":"https:\/\/insektenliebe.com\/wp-content\/uploads\/2026\/05\/Phyllium-giganteum-22Gold22.jpg","type":"image\/jpeg"}],"twitter_card":"summary_large_image","twitter_misc":{"Disponibilit\u00e0":"In stock"},"schema":{"@context":"https:\/\/schema.org","@graph":[{"@type":"WebPage","@id":"https:\/\/insektenliebe.com\/it\/shop\/prodotto\/phyllium-giganteum-gold\/","url":"https:\/\/insektenliebe.com\/it\/shop\/prodotto\/phyllium-giganteum-gold\/","name":"Phyllium giganteum \"Gold - Insektenliebe","isPartOf":{"@id":"https:\/\/insektenliebe.com\/it\/#website"},"primaryImageOfPage":{"@id":"https:\/\/insektenliebe.com\/it\/shop\/prodotto\/phyllium-giganteum-gold\/#primaryimage"},"image":{"@id":"https:\/\/insektenliebe.com\/it\/shop\/prodotto\/phyllium-giganteum-gold\/#primaryimage"},"thumbnailUrl":"https:\/\/insektenliebe.com\/wp-content\/uploads\/2026\/05\/Phyllium-giganteum-22Gold22.jpg","datePublished":"2026-05-08T11:17:08+00:00","description":"Phyllium giganteum \"Gold\" - rara forma di colore dorato della foglia cangiante. Grande, imponente e affascinante da osservare.","breadcrumb":{"@id":"https:\/\/insektenliebe.com\/it\/shop\/prodotto\/phyllium-giganteum-gold\/#breadcrumb"},"inLanguage":"it-IT","potentialAction":[{"@type":"ReadAction","target":["https:\/\/insektenliebe.com\/it\/shop\/prodotto\/phyllium-giganteum-gold\/"]}]},{"@type":"ImageObject","inLanguage":"it-IT","@id":"https:\/\/insektenliebe.com\/it\/shop\/prodotto\/phyllium-giganteum-gold\/#primaryimage","url":"https:\/\/insektenliebe.com\/wp-content\/uploads\/2026\/05\/Phyllium-giganteum-22Gold22.jpg","contentUrl":"https:\/\/insektenliebe.com\/wp-content\/uploads\/2026\/05\/Phyllium-giganteum-22Gold22.jpg","width":820,"height":820,"caption":"Phyllium giganteum \"Gold\""},{"@type":"BreadcrumbList","@id":"https:\/\/insektenliebe.com\/it\/shop\/prodotto\/phyllium-giganteum-gold\/#breadcrumb","itemListElement":[{"@type":"ListItem","position":1,"name":"Startseite","item":"https:\/\/insektenliebe.com\/it\/"},{"@type":"ListItem","position":2,"name":"Negozio","item":"https:\/\/insektenliebe.com\/it\/negozio\/"},{"@type":"ListItem","position":3,"name":"Phyllium giganteum \"Gold"}]},{"@type":"WebSite","@id":"https:\/\/insektenliebe.com\/it\/#website","url":"https:\/\/insektenliebe.com\/it\/","name":"Insektenliebe","description":"Dein Zuhause f\u00fcr die kleinen Lebewesen","publisher":{"@id":"https:\/\/insektenliebe.com\/it\/#organization"},"potentialAction":[{"@type":"SearchAction","target":{"@type":"EntryPoint","urlTemplate":"https:\/\/insektenliebe.com\/it\/?s={search_term_string}"},"query-input":{"@type":"PropertyValueSpecification","valueRequired":true,"valueName":"search_term_string"}}],"inLanguage":"it-IT"},{"@type":"Organization","@id":"https:\/\/insektenliebe.com\/it\/#organization","name":"Insektenliebe","url":"https:\/\/insektenliebe.com\/it\/","logo":{"@type":"ImageObject","inLanguage":"it-IT","@id":"https:\/\/insektenliebe.com\/it\/#\/schema\/logo\/image\/","url":"https:\/\/insektenliebe.com\/wp-content\/uploads\/2025\/03\/logo-white.png","contentUrl":"https:\/\/insektenliebe.com\/wp-content\/uploads\/2025\/03\/logo-white.png","width":288,"height":188,"caption":"Insektenliebe"},"image":{"@id":"https:\/\/insektenliebe.com\/it\/#\/schema\/logo\/image\/"}}]},"og_availability":"instock","product_availability":"instock","product_retailer_item_id":"867","product_condition":"new"},"_links":{"self":[{"href":"https:\/\/insektenliebe.com\/it\/wp-json\/wp\/v2\/product\/204568","targetHints":{"allow":["GET"]}}],"collection":[{"href":"https:\/\/insektenliebe.com\/it\/wp-json\/wp\/v2\/product"}],"about":[{"href":"https:\/\/insektenliebe.com\/it\/wp-json\/wp\/v2\/types\/product"}],"wp:featuredmedia":[{"embeddable":true,"href":"https:\/\/insektenliebe.com\/it\/wp-json\/wp\/v2\/media\/204574"}],"wp:attachment":[{"href":"https:\/\/insektenliebe.com\/it\/wp-json\/wp\/v2\/media?parent=204568"}],"wp:term":[{"taxonomy":"product-supplier","embeddable":true,"href":"https:\/\/insektenliebe.com\/it\/wp-json\/wp\/v2\/product-supplier?post=204568"},{"taxonomy":"product_brand","embeddable":true,"href":"https:\/\/insektenliebe.com\/it\/wp-json\/wp\/v2\/product_brand?post=204568"},{"taxonomy":"product_cat","embeddable":true,"href":"https:\/\/insektenliebe.com\/it\/wp-json\/wp\/v2\/product_cat?post=204568"},{"taxonomy":"product_tag","embeddable":true,"href":"https:\/\/insektenliebe.com\/it\/wp-json\/wp\/v2\/product_tag?post=204568"},{"taxonomy":"lce-checkout-addons","embeddable":true,"href":"https:\/\/insektenliebe.com\/it\/wp-json\/wp\/v2\/lce-checkout-addons?post=204568"}],"curies":[{"name":"wp","href":"https:\/\/api.w.org\/{rel}","templated":true}]}}