{"id":204413,"date":"2026-05-07T14:45:31","date_gmt":"2026-05-07T12:45:31","guid":{"rendered":"https:\/\/insektenliebe.com\/shop\/produkt\/phidippus-apacheanus\/"},"modified":"2026-05-07T14:45:31","modified_gmt":"2026-05-07T12:45:31","slug":"phidippus-apacheanus","status":"publish","type":"product","link":"https:\/\/insektenliebe.com\/it\/shop\/prodotto\/phidippus-apacheanus\/","title":{"rendered":"Phidippus apacheanus"},"content":{"rendered":"<h2><span class=\"s1\" style=\"color: #99cc33;\"><b>Phidippus apacheanus - Colorata e piena di energia<\/b><\/span><\/h2>\n<p class=\"p1\"><b>Phidippus apacheanus<\/b><span class=\"s2\">  \u00e8 originario degli Stati Uniti meridionali ed \u00e8 un rappresentante particolarmente colorato dei ragni saltatori. Questa specie \u00e8 molto popolare perch\u00e9 \u00e8 attiva, curiosa e facile da osservare. <\/span><\/p>\n<p class=\"p2\">Come tutti i ragni saltatori, ha una vista eccellente che gli permette di percepire con precisione l&#8217;ambiente circostante e di reagire alle prede.<\/p>\n<h3><span class=\"s1\" style=\"color: #99cc33;\"><b>Aspetto e variazioni di colore<\/b><\/span><\/h3>\n<p class=\"p1\">Questi animali presentano un&#8217;intensa variet\u00e0 di colori, che possono variare a seconda dell&#8217;individuo. Spesso si vedono colori rossastri, arancioni o addirittura giallastri, che li distinguono nettamente dalle altre specie. <\/p>\n<p class=\"p2\">Gli occhi grandi e rivolti in avanti conferiscono loro il tipico sguardo \"attento\", ed \u00e8 proprio questo che rende i ragni saltatori cos\u00ec speciali.<\/p>\n<h3><span class=\"s1\" style=\"color: #99cc33;\"><b>Comportamento e attivit\u00e0<\/b><\/span><\/h3>\n<p class=\"p1\"><b>Phidippus apacheanus<\/b><span class=\"s2\">  \u00e8 diurno e quindi costantemente in movimento. Esplora attivamente l&#8217;ambiente circostante e allo stesso tempo lo tiene sotto controllo. <\/span><\/p>\n<p class=\"p1\">Quando caccia, si avvicina lentamente alla preda e poi salta verso di essa. Si assicura con un filo che gira in modo da non cadere anche se la manca. <\/p>\n<p class=\"p2\">\u00c8 proprio questo comportamento che li rende una delle specie pi\u00f9 interessanti da osservare.<\/p>\n<h3><span class=\"s1\" style=\"color: #99cc33;\"><b>Dimensioni e allestimento del terrario<\/b><\/span><\/h3>\n<p class=\"p1\">Un terrario alto e ben ventilato \u00e8 adatto per tenerli, dato che gli animali amano arrampicarsi e utilizzare luoghi sopraelevati.<\/p>\n<p class=\"p1\">Un setup come il tuo <span class=\"s1\"><b>set completo per il salto del ragno<\/b><\/span><span class=\"s2\">funziona particolarmente bene, in quanto offre una visibilit\u00e0 ottimale a 360\u00b0 e allo stesso tempo garantisce un&#8217;ottima ventilazione.<\/span><\/p>\n<p class=\"p1\">In alternativa, puoi anche utilizzare la <span class=\"s1\"><b>Tazza per l&#8217;allevamento Insektenliebe<\/b><\/span><span class=\"s2\"> per gli animali giovani o pi\u00f9 piccoli, perch\u00e9 \u00e8 compatta e facile da maneggiare.<\/span><\/p>\n<p class=\"p4\">L&#8217;allestimento deve offrire molte strutture per arrampicarsi, in modo che gli animali possano rimanere attivi e mostrare il loro comportamento naturale. L&#8217;ideale sono: <\/p>\n<ul>\n<li><span class=\"s1\">Piccoli rami o corteccia<\/span><\/li>\n<li><span class=\"s1\"><b>Stelo di banana<\/b><\/span><\/li>\n<li><span class=\"s1\"><b>Dischi di legno<\/b><\/span><\/li>\n<li><span class=\"s1\">Pannelli posteriori strutturati<\/span><\/li>\n<\/ul>\n<p class=\"p2\">In questo modo si crea un ambiente vario in cui il ragno pu\u00f2 muoversi in sicurezza e si diverte a passare il tempo.<\/p>\n<h3><span class=\"s1\" style=\"color: #99cc33;\"><b>Clima e cura<\/b><\/span><\/h3>\n<p class=\"p4\">Mantenerli \u00e8 semplice se garantisci un clima equilibrato:<\/p>\n<ul>\n<li><span class=\"s1\">Temperatura: <\/span><span class=\"s2\"><b>22-28 \u00b0C<\/b><\/span><\/li>\n<li><span class=\"s1\">Umidit\u00e0: <\/span><span class=\"s2\"><b>60-70 %<\/b><\/span><\/li>\n<\/ul>\n<p class=\"p1\">\u00c8 sufficiente spruzzare leggermente circa tre volte alla settimana in modo che si formino delle gocce d&#8217;acqua sottili. Gli animali bevono direttamente da queste, per cui non \u00e8 necessaria una ciotola per l&#8217;acqua. <\/p>\n<p class=\"p2\">Con uno spruzzatore <span class=\"s1\"><b>spruzzatore fine GLORIA<\/b><\/span><span class=\"s2\"> puoi dosare l&#8217;umidit\u00e0 in modo particolarmente preciso e uniforme.<\/span><\/p>\n<h3><span class=\"s1\" style=\"color: #99cc33;\"><b>Alimentazione<\/b><\/span><\/h3>\n<p class=\"p4\"><b>Phidippus apacheanus<\/b><span class=\"s2\"> mangia una variet\u00e0 di piccoli animali, il che rende l&#8217;approvvigionamento alimentare molto semplice:<\/span><\/p>\n<ul>\n<li><span class=\"s1\">Mosche della frutta (Drosophila)<\/span><\/li>\n<li><span class=\"s1\">Mosche d&#8217;oro<\/span><\/li>\n<li><span class=\"s1\">piccoli grilli<\/span><\/li>\n<li><span class=\"s1\">altri insetti adatti all&#8217;alimentazione<\/span><\/li>\n<\/ul>\n<p class=\"p2\">L&#8217;alimentazione avviene regolarmente e gli animali non mangiati devono essere rimossi tempestivamente in modo da non disturbare il ragno.<\/p>\n<h3><span class=\"s1\" style=\"color: #99cc33;\"><b>Punti importanti da conservare<\/b><\/span><\/h3>\n<ul>\n<li><span class=\"s1\">Molto attivo e diurno<\/span><\/li>\n<li><span class=\"s1\">Ha bisogno di una buona ventilazione<\/span><\/li>\n<li><span class=\"s1\">La struttura di arrampicata \u00e8 fondamentale<\/span><\/li>\n<li><span class=\"s1\">Beve da gocce d&#8217;acqua<\/span><\/li>\n<li><span class=\"s1\">Ideale per i principianti<\/span><\/li>\n<\/ul>\n<h3><span class=\"s1\" style=\"color: #99cc33;\"><b>Accessori adatti alla tua configurazione<\/b><\/span><\/h3>\n<p class=\"p4\">Per una configurazione ottimale e senza stress, ti consigliamo la seguente combinazione:<\/p>\n<ul>\n<li><span class=\"s1\"><b>Set completo di ragni saltatori<\/b><\/span><span class=\"s2\"> - base perfetta per la conservazione<\/span><\/li>\n<li><span class=\"s1\"><b>Tazza per l&#8217;allevamento Insektenliebe<\/b><\/span><span class=\"s2\"> - ideale per i giovani animali<\/span><\/li>\n<li><span class=\"s1\"><b>fusto di banana<\/b><\/span><span class=\"s2\"> - Struttura di arrampicata naturale<\/span><\/li>\n<li><span class=\"s1\"><b>Dischi di legno<\/b><\/span><span class=\"s2\"> - come superfici di seduta e di salto<\/span><\/li>\n<li><span class=\"s1\"><b>Spruzzatore fine GLORIA<\/b><\/span><span class=\"s2\"> - per l&#8217;umidit\u00e0 controllata<\/span><\/li>\n<li><span class=\"s1\"><b>Animali da mangiare adatti<\/b><\/span><span class=\"s2\"> - per una dieta varia<\/span><\/li>\n<\/ul>\n<p class=\"p2\">Questa combinazione assicura che la tua configurazione <span class=\"s1\"><b>funziona in modo semplice e allo stesso tempo entusiasmante<\/b><\/span><span class=\"s2\">.<\/span><\/p>\n<h3><span class=\"s1\" style=\"color: #99cc33;\"><b>Conclusione<\/b><\/span><\/h3>\n<p class=\"p1\"><b>Phidippus apacheanus<\/b><span class=\"s2\"> \u00e8 un ragno saltatore vivace e colorato che ispira con il suo comportamento e la sua curiosit\u00e0.<\/span><\/p>\n<p class=\"p2\">\u00c8 perfetto per chi vuole un <span class=\"s1\"><b>un ragno attivo, facile da tenere ed emozionante<\/b><\/span><span class=\"s2\"> e che desidera osservare molto allo stesso tempo. <\/span> <\/p>\n","protected":false},"excerpt":{"rendered":"<p>Phidippus apacheanus - Colorata e piena di energia Phidippus apacheanus \u00e8 originario degli Stati Uniti meridionali ed \u00e8 un rappresentante particolarmente colorato dei ragni saltatori. Questa specie \u00e8 molto popolare perch\u00e9 \u00e8 attiva, curiosa e facile da osservare. Come tutti i ragni saltatori, ha una vista eccellente che gli permette di percepire con precisione l&#8217;ambiente [&hellip;]<\/p>\n","protected":false},"featured_media":203951,"template":"","meta":{"_acf_changed":false},"product-supplier":[],"product_brand":[],"product_cat":[2808],"product_tag":[],"lce-checkout-addons":[2746],"class_list":{"0":"post-204413","1":"product","2":"type-product","3":"status-publish","4":"has-post-thumbnail","6":"product_cat-ragni-che-saltano","7":"product_shipping_class-spedizione-di-animali","8":"pa_geschlecht-donna","9":"pa_geschlecht-indeterminato","10":"pa_geschlecht-uomo","11":"pa_herkunft-usa","12":"pa_kontinent-nord-america","13":"lce-checkout-addons-imballaggio-invernale","15":"first","16":"instock","17":"taxable","18":"shipping-taxable","19":"purchasable","20":"product-type-variable"},"acf":[],"yoast_head":"<!-- This site is optimized with the Yoast SEO Premium plugin v26.8 (Yoast SEO v27.5) - https:\/\/yoast.com\/product\/yoast-seo-premium-wordpress\/ -->\n<title>Phidippus apacheanus - Insektenliebe<\/title>\n<meta name=\"description\" content=\"Phidippus apacheanus - coloratissimo ragno saltatore proveniente dagli Stati Uniti. Attivo, curioso e ideale per i principianti, ha una colorazione gialla o rossa.\" \/>\n<meta name=\"robots\" content=\"index, follow, max-snippet:-1, max-image-preview:large, max-video-preview:-1\" \/>\n<link rel=\"canonical\" href=\"https:\/\/insektenliebe.com\/it\/shop\/prodotto\/phidippus-apacheanus\/\" \/>\n<meta property=\"og:locale\" content=\"it_IT\" \/>\n<meta property=\"og:type\" content=\"article\" \/>\n<meta property=\"og:title\" content=\"Phidippus apacheanus\" \/>\n<meta property=\"og:description\" content=\"Phidippus apacheanus - coloratissimo ragno saltatore proveniente dagli Stati Uniti. Attivo, curioso e ideale per i principianti, ha una colorazione gialla o rossa.\" \/>\n<meta property=\"og:url\" content=\"https:\/\/insektenliebe.com\/it\/shop\/prodotto\/phidippus-apacheanus\/\" \/>\n<meta property=\"og:site_name\" content=\"Insektenliebe\" \/>\n<meta property=\"og:image\" content=\"https:\/\/insektenliebe.com\/wp-content\/uploads\/2026\/05\/Phidippus-apacheanus-Seite.jpg\" \/>\n\t<meta property=\"og:image:width\" content=\"820\" \/>\n\t<meta property=\"og:image:height\" content=\"820\" \/>\n\t<meta property=\"og:image:type\" content=\"image\/jpeg\" \/>\n<meta name=\"twitter:card\" content=\"summary_large_image\" \/>\n<meta name=\"twitter:label1\" content=\"Disponibilit\u00e0\" \/>\n\t<meta name=\"twitter:data1\" content=\"In stock\" \/>\n<script type=\"application\/ld+json\" class=\"yoast-schema-graph\">{\"@context\":\"https:\\\/\\\/schema.org\",\"@graph\":[{\"@type\":\"WebPage\",\"@id\":\"https:\\\/\\\/insektenliebe.com\\\/it\\\/shop\\\/prodotto\\\/phidippus-apacheanus\\\/\",\"url\":\"https:\\\/\\\/insektenliebe.com\\\/it\\\/shop\\\/prodotto\\\/phidippus-apacheanus\\\/\",\"name\":\"Phidippus apacheanus - Insektenliebe\",\"isPartOf\":{\"@id\":\"https:\\\/\\\/insektenliebe.com\\\/it\\\/#website\"},\"primaryImageOfPage\":{\"@id\":\"https:\\\/\\\/insektenliebe.com\\\/it\\\/shop\\\/prodotto\\\/phidippus-apacheanus\\\/#primaryimage\"},\"image\":{\"@id\":\"https:\\\/\\\/insektenliebe.com\\\/it\\\/shop\\\/prodotto\\\/phidippus-apacheanus\\\/#primaryimage\"},\"thumbnailUrl\":\"https:\\\/\\\/insektenliebe.com\\\/wp-content\\\/uploads\\\/2026\\\/05\\\/Phidippus-apacheanus-Seite.jpg\",\"datePublished\":\"2026-05-07T12:45:31+00:00\",\"description\":\"Phidippus apacheanus - coloratissimo ragno saltatore proveniente dagli Stati Uniti. Attivo, curioso e ideale per i principianti, ha una colorazione gialla o rossa.\",\"breadcrumb\":{\"@id\":\"https:\\\/\\\/insektenliebe.com\\\/it\\\/shop\\\/prodotto\\\/phidippus-apacheanus\\\/#breadcrumb\"},\"inLanguage\":\"it-IT\",\"potentialAction\":[{\"@type\":\"ReadAction\",\"target\":[\"https:\\\/\\\/insektenliebe.com\\\/it\\\/shop\\\/prodotto\\\/phidippus-apacheanus\\\/\"]}]},{\"@type\":\"ImageObject\",\"inLanguage\":\"it-IT\",\"@id\":\"https:\\\/\\\/insektenliebe.com\\\/it\\\/shop\\\/prodotto\\\/phidippus-apacheanus\\\/#primaryimage\",\"url\":\"https:\\\/\\\/insektenliebe.com\\\/wp-content\\\/uploads\\\/2026\\\/05\\\/Phidippus-apacheanus-Seite.jpg\",\"contentUrl\":\"https:\\\/\\\/insektenliebe.com\\\/wp-content\\\/uploads\\\/2026\\\/05\\\/Phidippus-apacheanus-Seite.jpg\",\"width\":820,\"height\":820,\"caption\":\"Pagina Phidippus apacheanus\"},{\"@type\":\"BreadcrumbList\",\"@id\":\"https:\\\/\\\/insektenliebe.com\\\/it\\\/shop\\\/prodotto\\\/phidippus-apacheanus\\\/#breadcrumb\",\"itemListElement\":[{\"@type\":\"ListItem\",\"position\":1,\"name\":\"Startseite\",\"item\":\"https:\\\/\\\/insektenliebe.com\\\/it\\\/\"},{\"@type\":\"ListItem\",\"position\":2,\"name\":\"Negozio\",\"item\":\"https:\\\/\\\/insektenliebe.com\\\/it\\\/negozio\\\/\"},{\"@type\":\"ListItem\",\"position\":3,\"name\":\"Phidippus apacheanus\"}]},{\"@type\":\"WebSite\",\"@id\":\"https:\\\/\\\/insektenliebe.com\\\/it\\\/#website\",\"url\":\"https:\\\/\\\/insektenliebe.com\\\/it\\\/\",\"name\":\"Insektenliebe\",\"description\":\"Dein Zuhause f\u00fcr die kleinen Lebewesen\",\"publisher\":{\"@id\":\"https:\\\/\\\/insektenliebe.com\\\/it\\\/#organization\"},\"potentialAction\":[{\"@type\":\"SearchAction\",\"target\":{\"@type\":\"EntryPoint\",\"urlTemplate\":\"https:\\\/\\\/insektenliebe.com\\\/it\\\/?s={search_term_string}\"},\"query-input\":{\"@type\":\"PropertyValueSpecification\",\"valueRequired\":true,\"valueName\":\"search_term_string\"}}],\"inLanguage\":\"it-IT\"},{\"@type\":\"Organization\",\"@id\":\"https:\\\/\\\/insektenliebe.com\\\/it\\\/#organization\",\"name\":\"Insektenliebe\",\"url\":\"https:\\\/\\\/insektenliebe.com\\\/it\\\/\",\"logo\":{\"@type\":\"ImageObject\",\"inLanguage\":\"it-IT\",\"@id\":\"https:\\\/\\\/insektenliebe.com\\\/it\\\/#\\\/schema\\\/logo\\\/image\\\/\",\"url\":\"https:\\\/\\\/insektenliebe.com\\\/wp-content\\\/uploads\\\/2025\\\/03\\\/logo-white.png\",\"contentUrl\":\"https:\\\/\\\/insektenliebe.com\\\/wp-content\\\/uploads\\\/2025\\\/03\\\/logo-white.png\",\"width\":288,\"height\":188,\"caption\":\"Insektenliebe\"},\"image\":{\"@id\":\"https:\\\/\\\/insektenliebe.com\\\/it\\\/#\\\/schema\\\/logo\\\/image\\\/\"}}]}<\/script>\n<meta property=\"og:availability\" content=\"instock\" \/>\n<meta property=\"product:availability\" content=\"instock\" \/>\n<meta property=\"product:retailer_item_id\" content=\"865\" \/>\n<meta property=\"product:condition\" content=\"new\" \/>\n<!-- \/ Yoast SEO Premium plugin. -->","yoast_head_json":{"title":"Phidippus apacheanus - Insektenliebe","description":"Phidippus apacheanus - coloratissimo ragno saltatore proveniente dagli Stati Uniti. Attivo, curioso e ideale per i principianti, ha una colorazione gialla o rossa.","robots":{"index":"index","follow":"follow","max-snippet":"max-snippet:-1","max-image-preview":"max-image-preview:large","max-video-preview":"max-video-preview:-1"},"canonical":"https:\/\/insektenliebe.com\/it\/shop\/prodotto\/phidippus-apacheanus\/","og_locale":"it_IT","og_type":"article","og_title":"Phidippus apacheanus","og_description":"Phidippus apacheanus - coloratissimo ragno saltatore proveniente dagli Stati Uniti. Attivo, curioso e ideale per i principianti, ha una colorazione gialla o rossa.","og_url":"https:\/\/insektenliebe.com\/it\/shop\/prodotto\/phidippus-apacheanus\/","og_site_name":"Insektenliebe","og_image":[{"width":820,"height":820,"url":"https:\/\/insektenliebe.com\/wp-content\/uploads\/2026\/05\/Phidippus-apacheanus-Seite.jpg","type":"image\/jpeg"}],"twitter_card":"summary_large_image","twitter_misc":{"Disponibilit\u00e0":"In stock"},"schema":{"@context":"https:\/\/schema.org","@graph":[{"@type":"WebPage","@id":"https:\/\/insektenliebe.com\/it\/shop\/prodotto\/phidippus-apacheanus\/","url":"https:\/\/insektenliebe.com\/it\/shop\/prodotto\/phidippus-apacheanus\/","name":"Phidippus apacheanus - Insektenliebe","isPartOf":{"@id":"https:\/\/insektenliebe.com\/it\/#website"},"primaryImageOfPage":{"@id":"https:\/\/insektenliebe.com\/it\/shop\/prodotto\/phidippus-apacheanus\/#primaryimage"},"image":{"@id":"https:\/\/insektenliebe.com\/it\/shop\/prodotto\/phidippus-apacheanus\/#primaryimage"},"thumbnailUrl":"https:\/\/insektenliebe.com\/wp-content\/uploads\/2026\/05\/Phidippus-apacheanus-Seite.jpg","datePublished":"2026-05-07T12:45:31+00:00","description":"Phidippus apacheanus - coloratissimo ragno saltatore proveniente dagli Stati Uniti. Attivo, curioso e ideale per i principianti, ha una colorazione gialla o rossa.","breadcrumb":{"@id":"https:\/\/insektenliebe.com\/it\/shop\/prodotto\/phidippus-apacheanus\/#breadcrumb"},"inLanguage":"it-IT","potentialAction":[{"@type":"ReadAction","target":["https:\/\/insektenliebe.com\/it\/shop\/prodotto\/phidippus-apacheanus\/"]}]},{"@type":"ImageObject","inLanguage":"it-IT","@id":"https:\/\/insektenliebe.com\/it\/shop\/prodotto\/phidippus-apacheanus\/#primaryimage","url":"https:\/\/insektenliebe.com\/wp-content\/uploads\/2026\/05\/Phidippus-apacheanus-Seite.jpg","contentUrl":"https:\/\/insektenliebe.com\/wp-content\/uploads\/2026\/05\/Phidippus-apacheanus-Seite.jpg","width":820,"height":820,"caption":"Pagina Phidippus apacheanus"},{"@type":"BreadcrumbList","@id":"https:\/\/insektenliebe.com\/it\/shop\/prodotto\/phidippus-apacheanus\/#breadcrumb","itemListElement":[{"@type":"ListItem","position":1,"name":"Startseite","item":"https:\/\/insektenliebe.com\/it\/"},{"@type":"ListItem","position":2,"name":"Negozio","item":"https:\/\/insektenliebe.com\/it\/negozio\/"},{"@type":"ListItem","position":3,"name":"Phidippus apacheanus"}]},{"@type":"WebSite","@id":"https:\/\/insektenliebe.com\/it\/#website","url":"https:\/\/insektenliebe.com\/it\/","name":"Insektenliebe","description":"Dein Zuhause f\u00fcr die kleinen Lebewesen","publisher":{"@id":"https:\/\/insektenliebe.com\/it\/#organization"},"potentialAction":[{"@type":"SearchAction","target":{"@type":"EntryPoint","urlTemplate":"https:\/\/insektenliebe.com\/it\/?s={search_term_string}"},"query-input":{"@type":"PropertyValueSpecification","valueRequired":true,"valueName":"search_term_string"}}],"inLanguage":"it-IT"},{"@type":"Organization","@id":"https:\/\/insektenliebe.com\/it\/#organization","name":"Insektenliebe","url":"https:\/\/insektenliebe.com\/it\/","logo":{"@type":"ImageObject","inLanguage":"it-IT","@id":"https:\/\/insektenliebe.com\/it\/#\/schema\/logo\/image\/","url":"https:\/\/insektenliebe.com\/wp-content\/uploads\/2025\/03\/logo-white.png","contentUrl":"https:\/\/insektenliebe.com\/wp-content\/uploads\/2025\/03\/logo-white.png","width":288,"height":188,"caption":"Insektenliebe"},"image":{"@id":"https:\/\/insektenliebe.com\/it\/#\/schema\/logo\/image\/"}}]},"og_availability":"instock","product_availability":"instock","product_retailer_item_id":"865","product_condition":"new"},"_links":{"self":[{"href":"https:\/\/insektenliebe.com\/it\/wp-json\/wp\/v2\/product\/204413","targetHints":{"allow":["GET"]}}],"collection":[{"href":"https:\/\/insektenliebe.com\/it\/wp-json\/wp\/v2\/product"}],"about":[{"href":"https:\/\/insektenliebe.com\/it\/wp-json\/wp\/v2\/types\/product"}],"wp:featuredmedia":[{"embeddable":true,"href":"https:\/\/insektenliebe.com\/it\/wp-json\/wp\/v2\/media\/203951"}],"wp:attachment":[{"href":"https:\/\/insektenliebe.com\/it\/wp-json\/wp\/v2\/media?parent=204413"}],"wp:term":[{"taxonomy":"product-supplier","embeddable":true,"href":"https:\/\/insektenliebe.com\/it\/wp-json\/wp\/v2\/product-supplier?post=204413"},{"taxonomy":"product_brand","embeddable":true,"href":"https:\/\/insektenliebe.com\/it\/wp-json\/wp\/v2\/product_brand?post=204413"},{"taxonomy":"product_cat","embeddable":true,"href":"https:\/\/insektenliebe.com\/it\/wp-json\/wp\/v2\/product_cat?post=204413"},{"taxonomy":"product_tag","embeddable":true,"href":"https:\/\/insektenliebe.com\/it\/wp-json\/wp\/v2\/product_tag?post=204413"},{"taxonomy":"lce-checkout-addons","embeddable":true,"href":"https:\/\/insektenliebe.com\/it\/wp-json\/wp\/v2\/lce-checkout-addons?post=204413"}],"curies":[{"name":"wp","href":"https:\/\/api.w.org\/{rel}","templated":true}]}}