{"id":203835,"date":"2026-05-04T19:06:59","date_gmt":"2026-05-04T17:06:59","guid":{"rendered":"https:\/\/insektenliebe.com\/shop\/produkt\/sipyloidea-sipylus\/"},"modified":"2026-05-04T19:06:59","modified_gmt":"2026-05-04T17:06:59","slug":"sipyloidea-sipylus","status":"publish","type":"product","link":"https:\/\/insektenliebe.com\/it\/shop\/prodotto\/sipyloidea-sipylus\/","title":{"rendered":"Sipyloidea sipylus"},"content":{"rendered":"<h2><span class=\"s1\" style=\"color: #99cc33;\"><b>Sipyloidea sipylus - Il classico per i principianti<\/b><\/span><\/h2>\n<p class=\"p1\"><b>Sipyloidea sipylus<\/b><span class=\"s2\">conosciuto anche come <\/span><span class=\"s1\"><b>Insetto stecco indiano<\/b><\/span><span class=\"s2\">\u00e8 uno dei fasmidi pi\u00f9 semplici nell&#8217;hobby del terrario. Proprio per questo motivo \u00e8 stato un vero e proprio classico per i principianti per molti anni. <\/span><\/p>\n<p class=\"p1\">Questi animali provengono originariamente dall&#8217;Asia e sono oggi molto diffusi. L&#8217;aspetto particolarmente pratico \u00e8 che <span class=\"s1\"><b>si riproducono partenogeneticamente<\/b><\/span><span class=\"s2\">cio\u00e8 senza maschi.<\/span> <\/p>\n<p class=\"p2\">Questo rende l&#8217;allevamento estremamente facile e affidabile.<\/p>\n<h3><span class=\"s1\" style=\"color: #99cc33;\"><b>Aspetto e mimetizzazione<\/b><\/span><\/h3>\n<p class=\"p1\">Questi animali hanno un corpo snello e a forma di bastone, che li fa assomigliare perfettamente a un ramoscello. La loro colorazione \u00e8 per lo pi\u00f9 <span class=\"s1\"><b>da verdastra a marroncina<\/b><\/span><span class=\"s2\">e si adattano bene all&#8217;ambiente circostante.<\/span> <\/p>\n<p class=\"p2\">In questo modo si mimetizzano perfettamente e allo stesso tempo appaiono eleganti e tranquilli.<\/p>\n<h3><span class=\"s1\" style=\"color: #99cc33;\"><b>Comportamento e sviluppo<\/b><\/span><\/h3>\n<p class=\"p1\"><b>Sipyloidea sipylus<\/b><span class=\"s2\">  \u00e8 principalmente notturno, mentre durante il giorno se ne sta tranquillo sui rami. Di notte diventa attivo e si muove nel terrario. <\/span><\/p>\n<p class=\"p2\">Lo sviluppo \u00e8 rapido: gli animali raggiungono la maturit\u00e0 sessuale dopo pochi mesi. Allo stesso tempo, le femmine depongono regolarmente le uova, permettendo alle popolazioni di accumularsi rapidamente. <\/p>\n<h3><span class=\"s1\" style=\"color: #99cc33;\"><b>Dimensioni e allestimento del terrario<\/b><\/span><\/h3>\n<p class=\"p1\">Per mantenere un <span class=\"s1\"><b>un terrario alto e ben ventilato<\/b><\/span><span class=\"s2\"> \u00e8 fondamentale, poich\u00e9 gli animali hanno bisogno di spazio per arrampicarsi e fare la muta.<\/span><\/p>\n<p class=\"p1\">Il seguente \u00e8 particolarmente adatto ai gruppi pi\u00f9 piccoli <span class=\"s1\"><b>Set completo di Insektenliebe phasmid<\/b><\/span><span class=\"s2\">in quanto \u00e8 gi\u00e0 ottimizzato per soddisfare le loro esigenze.<\/span><\/p>\n<p class=\"p1\">Per i gruppi pi\u00f9 numerosi puoi passare a un <span class=\"s1\"><b>Terrario Sky di Repto Terra<\/b><\/span><span class=\"s2\"> in quanto offre una maggiore altezza e allo stesso tempo garantisce una buona ventilazione.<\/span><\/p>\n<p class=\"p1\">Puoi utilizzare <span class=\"s1\"><b>humus di bosco<\/b><\/span><span class=\"s2\"> oppure utilizzare deliberatamente <\/span><span class=\"s1\"><b>rotolo da cucina<\/b><\/span><span class=\"s2\">  set. Il rotolo da cucina \u00e8 particolarmente pratico perch\u00e9 pu\u00f2 essere sostituito rapidamente e allo stesso tempo mantiene la pulizia. <\/span><\/p>\n<p class=\"p1\">Un grande vantaggio: <span class=\"s1\"><b>Le uova sono molto facili da riconoscere e da raccogliere.<\/b><\/span><span class=\"s2\">.<\/span><\/p>\n<p class=\"p2\">Dovresti anche utilizzare molti <span class=\"s1\"><b>rami rampicanti o legno di ragno<\/b><\/span><span class=\"s2\"> in modo che gli animali abbiano una struttura sufficiente.<\/span><\/p>\n<h3><span class=\"s1\" style=\"color: #99cc33;\"><b>Clima e cura<\/b><\/span><\/h3>\n<p class=\"p4\">Mantenerli \u00e8 semplice se ti attieni ad alcuni valori di base:<\/p>\n<ul>\n<li><span class=\"s1\">Temperatura: <\/span><span class=\"s2\"><b>20-26 \u00b0C<\/b><\/span><\/li>\n<li><span class=\"s1\">Umidit\u00e0: <\/span><span class=\"s2\"><b>50-70 %<\/b><\/span><\/li>\n<\/ul>\n<p class=\"p2\">Puoi ottenere questi valori con una spruzzatura leggera e regolare. Con uno spruzzatore <span class=\"s1\"><b>spruzzatore fine GLORIA<\/b><\/span><span class=\"s2\"> puoi distribuire l&#8217;umidit\u00e0 in modo uniforme.<\/span> <\/p>\n<h3><span class=\"s1\" style=\"color: #99cc33;\"><b>Alimentazione<\/b><\/span><\/h3>\n<p class=\"p4\">L&#8217;alimentazione \u00e8 facile perch\u00e9 gli animali accettano molte piante:<\/p>\n<ul>\n<li><span class=\"s1\">Foglie di mora<\/span><\/li>\n<li><span class=\"s1\">Foglie di lampone<\/span><\/li>\n<li><span class=\"s1\">Quercia<\/span><\/li>\n<li><span class=\"s1\">Nocciola<\/span><\/li>\n<li><span class=\"s1\">Rose<\/span><\/li>\n<\/ul>\n<p class=\"p2\">\u00c8 meglio mettere i rami in un <span class=\"s1\"><b>vaso stretto con acqua<\/b><\/span><span class=\"s2\">. Il <strong>barattolo del cricket<\/strong> \u00e8 particolarmente pratico in questo caso<\/span> <span class=\"s1\"><b> dal set completo Phasmid<\/b><\/span><span class=\"s2\">perch\u00e9 i rami sono stabili e non si ribaltano.<\/span><\/p>\n<h3><span class=\"s1\" style=\"color: #99cc33;\"><b>Prole<\/b><\/span><\/h3>\n<p class=\"p1\">Le femmine lasciano semplicemente cadere le uova sul terreno. Queste continuano a svilupparsi in modo indipendente e dopo qualche tempo i piccoli si schiudono. <\/p>\n<p class=\"p2\">Grazie alla riproduzione partenogenetica, l&#8217;allevamento \u00e8 particolarmente facile e possibile anche per i principianti.<\/p>\n<h3><span class=\"s1\" style=\"color: #99cc33;\"><b>Punti importanti da conservare<\/b><\/span><\/h3>\n<ul>\n<li><span class=\"s1\">Molto <\/span><span class=\"s2\"><b>Facile da usare per i principianti<\/b><\/span><\/li>\n<li><span class=\"s1\">Propagazione rapida<\/span><\/li>\n<li><span class=\"s1\">Terrario alto e ben ventilato<\/span><\/li>\n<li><span class=\"s1\">Il rotolo da cucina facilita la cura<\/span><\/li>\n<li><span class=\"s1\">Alimentazione semplice con piante autoctone<\/span><\/li>\n<\/ul>\n<h3><span class=\"s1\" style=\"color: #99cc33;\"><b>Accessori adatti alla tua configurazione<\/b><\/span><\/h3>\n<p class=\"p4\">Ti consigliamo una configurazione stabile e semplice:<\/p>\n<ul>\n<li><span class=\"s1\"><b>Set completo di fasmidi Insektenliebe<\/b><\/span><span class=\"s2\"> - ideale per il mantenimento e l&#8217;allevamento<\/span><\/li>\n<li><span class=\"s1\"><b>Terrario Repto Terra Sky<\/b><\/span><span class=\"s2\"> - per gruppi pi\u00f9 numerosi<\/span><\/li>\n<li><span class=\"s1\"><b>Humus forestale<\/b><\/span><span class=\"s2\"> - substrato naturale<\/span><\/li>\n<li><span class=\"s1\"><b>Le code a molla<\/b><\/span><span class=\"s2\"> - agiscono come polizia del suolo per un substrato pulito<\/span><\/li>\n<li><span class=\"s1\"><b>Legno di ragno \/ rami<\/b><\/span><span class=\"s2\"> - importante struttura rampicante<\/span><\/li>\n<li><span class=\"s1\"><b>Spruzzatore fine GLORIA<\/b><\/span><span class=\"s2\"> - per un&#8217;umidit\u00e0 costante<\/span><\/li>\n<\/ul>\n<p class=\"p2\">Questa combinazione assicura che il tuo terrario <span class=\"s1\"><b>funziona senza problemi e richiede poco sforzo<\/b><\/span><span class=\"s2\">.<\/span><\/p>\n<h3><span class=\"s1\" style=\"color: #99cc33;\"><b>Conclusione<\/b><\/span><\/h3>\n<p class=\"p1\"><b>Sipyloidea sipylus<\/b><span class=\"s2\">  \u00e8 una delle specie migliori per iniziare ad allevare i fasmidi. \u00c8 robusta, facile da curare e si riproduce in modo affidabile.<\/span><\/p>\n<p class=\"p5\">Se stai cercando un <span class=\"s1\"><b>un insetto stecco non complicato, attivo e facile da allevare, questa<\/b><\/span><span class=\"s2\"> questa specie \u00e8 la scelta perfetta.<\/span><\/p>\n","protected":false},"excerpt":{"rendered":"<p>Sipyloidea sipylus - Il classico per i principianti Sipyloidea sipylusconosciuto anche come Insetto stecco indiano\u00e8 uno dei fasmidi pi\u00f9 semplici nell&#8217;hobby del terrario. Proprio per questo motivo \u00e8 stato un vero e proprio classico per i principianti per molti anni. Questi animali provengono originariamente dall&#8217;Asia e sono oggi molto diffusi. L&#8217;aspetto particolarmente pratico \u00e8 che [&hellip;]<\/p>\n","protected":false},"featured_media":203808,"template":"","meta":{"_acf_changed":false},"product-supplier":[],"product_brand":[],"product_cat":[3949],"product_tag":[],"lce-checkout-addons":[2746],"class_list":{"0":"post-203835","1":"product","2":"type-product","3":"status-publish","4":"has-post-thumbnail","6":"product_cat-fasmidi","7":"product_shipping_class-spedizione-di-animali","8":"pa_geschlecht-donna","9":"pa_herkunft-india","10":"pa_kontinent-asia","11":"lce-checkout-addons-imballaggio-invernale","13":"first","14":"instock","15":"taxable","16":"shipping-taxable","17":"purchasable","18":"product-type-variable"},"acf":[],"yoast_head":"<!-- This site is optimized with the Yoast SEO Premium plugin v26.8 (Yoast SEO v27.5) - https:\/\/yoast.com\/product\/yoast-seo-premium-wordpress\/ -->\n<title>Sipyloidea sipylus - Insektenliebe<\/title>\n<meta name=\"description\" content=\"Sipyloidea sipylus - Insetto stecco indiano. Molto facile da tenere, si riproduce senza maschi ed \u00e8 ideale per i principianti.\" \/>\n<meta name=\"robots\" content=\"index, follow, max-snippet:-1, max-image-preview:large, max-video-preview:-1\" \/>\n<link rel=\"canonical\" href=\"https:\/\/insektenliebe.com\/it\/shop\/prodotto\/sipyloidea-sipylus\/\" \/>\n<meta property=\"og:locale\" content=\"it_IT\" \/>\n<meta property=\"og:type\" content=\"article\" \/>\n<meta property=\"og:title\" content=\"Sipyloidea sipylus\" \/>\n<meta property=\"og:description\" content=\"Sipyloidea sipylus - Insetto stecco indiano. Molto facile da tenere, si riproduce senza maschi ed \u00e8 ideale per i principianti.\" \/>\n<meta property=\"og:url\" content=\"https:\/\/insektenliebe.com\/it\/shop\/prodotto\/sipyloidea-sipylus\/\" \/>\n<meta property=\"og:site_name\" content=\"Insektenliebe\" \/>\n<meta property=\"og:image\" content=\"https:\/\/insektenliebe.com\/wp-content\/uploads\/2026\/05\/Sipyloidea-sipylus.jpg\" \/>\n\t<meta property=\"og:image:width\" content=\"820\" \/>\n\t<meta property=\"og:image:height\" content=\"820\" \/>\n\t<meta property=\"og:image:type\" content=\"image\/jpeg\" \/>\n<meta name=\"twitter:card\" content=\"summary_large_image\" \/>\n<meta name=\"twitter:label1\" content=\"Disponibilit\u00e0\" \/>\n\t<meta name=\"twitter:data1\" content=\"In stock\" \/>\n<script type=\"application\/ld+json\" class=\"yoast-schema-graph\">{\"@context\":\"https:\\\/\\\/schema.org\",\"@graph\":[{\"@type\":\"WebPage\",\"@id\":\"https:\\\/\\\/insektenliebe.com\\\/it\\\/shop\\\/prodotto\\\/sipyloidea-sipylus\\\/\",\"url\":\"https:\\\/\\\/insektenliebe.com\\\/it\\\/shop\\\/prodotto\\\/sipyloidea-sipylus\\\/\",\"name\":\"Sipyloidea sipylus - Insektenliebe\",\"isPartOf\":{\"@id\":\"https:\\\/\\\/insektenliebe.com\\\/it\\\/#website\"},\"primaryImageOfPage\":{\"@id\":\"https:\\\/\\\/insektenliebe.com\\\/it\\\/shop\\\/prodotto\\\/sipyloidea-sipylus\\\/#primaryimage\"},\"image\":{\"@id\":\"https:\\\/\\\/insektenliebe.com\\\/it\\\/shop\\\/prodotto\\\/sipyloidea-sipylus\\\/#primaryimage\"},\"thumbnailUrl\":\"https:\\\/\\\/insektenliebe.com\\\/wp-content\\\/uploads\\\/2026\\\/05\\\/Sipyloidea-sipylus.jpg\",\"datePublished\":\"2026-05-04T17:06:59+00:00\",\"description\":\"Sipyloidea sipylus - Insetto stecco indiano. Molto facile da tenere, si riproduce senza maschi ed \u00e8 ideale per i principianti.\",\"breadcrumb\":{\"@id\":\"https:\\\/\\\/insektenliebe.com\\\/it\\\/shop\\\/prodotto\\\/sipyloidea-sipylus\\\/#breadcrumb\"},\"inLanguage\":\"it-IT\",\"potentialAction\":[{\"@type\":\"ReadAction\",\"target\":[\"https:\\\/\\\/insektenliebe.com\\\/it\\\/shop\\\/prodotto\\\/sipyloidea-sipylus\\\/\"]}]},{\"@type\":\"ImageObject\",\"inLanguage\":\"it-IT\",\"@id\":\"https:\\\/\\\/insektenliebe.com\\\/it\\\/shop\\\/prodotto\\\/sipyloidea-sipylus\\\/#primaryimage\",\"url\":\"https:\\\/\\\/insektenliebe.com\\\/wp-content\\\/uploads\\\/2026\\\/05\\\/Sipyloidea-sipylus.jpg\",\"contentUrl\":\"https:\\\/\\\/insektenliebe.com\\\/wp-content\\\/uploads\\\/2026\\\/05\\\/Sipyloidea-sipylus.jpg\",\"width\":820,\"height\":820,\"caption\":\"Sipyloidea sipylus\"},{\"@type\":\"BreadcrumbList\",\"@id\":\"https:\\\/\\\/insektenliebe.com\\\/it\\\/shop\\\/prodotto\\\/sipyloidea-sipylus\\\/#breadcrumb\",\"itemListElement\":[{\"@type\":\"ListItem\",\"position\":1,\"name\":\"Startseite\",\"item\":\"https:\\\/\\\/insektenliebe.com\\\/it\\\/\"},{\"@type\":\"ListItem\",\"position\":2,\"name\":\"Negozio\",\"item\":\"https:\\\/\\\/insektenliebe.com\\\/it\\\/negozio\\\/\"},{\"@type\":\"ListItem\",\"position\":3,\"name\":\"Sipyloidea sipylus\"}]},{\"@type\":\"WebSite\",\"@id\":\"https:\\\/\\\/insektenliebe.com\\\/it\\\/#website\",\"url\":\"https:\\\/\\\/insektenliebe.com\\\/it\\\/\",\"name\":\"Insektenliebe\",\"description\":\"Dein Zuhause f\u00fcr die kleinen Lebewesen\",\"publisher\":{\"@id\":\"https:\\\/\\\/insektenliebe.com\\\/it\\\/#organization\"},\"potentialAction\":[{\"@type\":\"SearchAction\",\"target\":{\"@type\":\"EntryPoint\",\"urlTemplate\":\"https:\\\/\\\/insektenliebe.com\\\/it\\\/?s={search_term_string}\"},\"query-input\":{\"@type\":\"PropertyValueSpecification\",\"valueRequired\":true,\"valueName\":\"search_term_string\"}}],\"inLanguage\":\"it-IT\"},{\"@type\":\"Organization\",\"@id\":\"https:\\\/\\\/insektenliebe.com\\\/it\\\/#organization\",\"name\":\"Insektenliebe\",\"url\":\"https:\\\/\\\/insektenliebe.com\\\/it\\\/\",\"logo\":{\"@type\":\"ImageObject\",\"inLanguage\":\"it-IT\",\"@id\":\"https:\\\/\\\/insektenliebe.com\\\/it\\\/#\\\/schema\\\/logo\\\/image\\\/\",\"url\":\"https:\\\/\\\/insektenliebe.com\\\/wp-content\\\/uploads\\\/2025\\\/03\\\/logo-white.png\",\"contentUrl\":\"https:\\\/\\\/insektenliebe.com\\\/wp-content\\\/uploads\\\/2025\\\/03\\\/logo-white.png\",\"width\":288,\"height\":188,\"caption\":\"Insektenliebe\"},\"image\":{\"@id\":\"https:\\\/\\\/insektenliebe.com\\\/it\\\/#\\\/schema\\\/logo\\\/image\\\/\"}}]}<\/script>\n<meta property=\"og:availability\" content=\"instock\" \/>\n<meta property=\"product:availability\" content=\"instock\" \/>\n<meta property=\"product:retailer_item_id\" content=\"864\" \/>\n<meta property=\"product:condition\" content=\"new\" \/>\n<!-- \/ Yoast SEO Premium plugin. -->","yoast_head_json":{"title":"Sipyloidea sipylus - Insektenliebe","description":"Sipyloidea sipylus - Insetto stecco indiano. Molto facile da tenere, si riproduce senza maschi ed \u00e8 ideale per i principianti.","robots":{"index":"index","follow":"follow","max-snippet":"max-snippet:-1","max-image-preview":"max-image-preview:large","max-video-preview":"max-video-preview:-1"},"canonical":"https:\/\/insektenliebe.com\/it\/shop\/prodotto\/sipyloidea-sipylus\/","og_locale":"it_IT","og_type":"article","og_title":"Sipyloidea sipylus","og_description":"Sipyloidea sipylus - Insetto stecco indiano. Molto facile da tenere, si riproduce senza maschi ed \u00e8 ideale per i principianti.","og_url":"https:\/\/insektenliebe.com\/it\/shop\/prodotto\/sipyloidea-sipylus\/","og_site_name":"Insektenliebe","og_image":[{"width":820,"height":820,"url":"https:\/\/insektenliebe.com\/wp-content\/uploads\/2026\/05\/Sipyloidea-sipylus.jpg","type":"image\/jpeg"}],"twitter_card":"summary_large_image","twitter_misc":{"Disponibilit\u00e0":"In stock"},"schema":{"@context":"https:\/\/schema.org","@graph":[{"@type":"WebPage","@id":"https:\/\/insektenliebe.com\/it\/shop\/prodotto\/sipyloidea-sipylus\/","url":"https:\/\/insektenliebe.com\/it\/shop\/prodotto\/sipyloidea-sipylus\/","name":"Sipyloidea sipylus - Insektenliebe","isPartOf":{"@id":"https:\/\/insektenliebe.com\/it\/#website"},"primaryImageOfPage":{"@id":"https:\/\/insektenliebe.com\/it\/shop\/prodotto\/sipyloidea-sipylus\/#primaryimage"},"image":{"@id":"https:\/\/insektenliebe.com\/it\/shop\/prodotto\/sipyloidea-sipylus\/#primaryimage"},"thumbnailUrl":"https:\/\/insektenliebe.com\/wp-content\/uploads\/2026\/05\/Sipyloidea-sipylus.jpg","datePublished":"2026-05-04T17:06:59+00:00","description":"Sipyloidea sipylus - Insetto stecco indiano. Molto facile da tenere, si riproduce senza maschi ed \u00e8 ideale per i principianti.","breadcrumb":{"@id":"https:\/\/insektenliebe.com\/it\/shop\/prodotto\/sipyloidea-sipylus\/#breadcrumb"},"inLanguage":"it-IT","potentialAction":[{"@type":"ReadAction","target":["https:\/\/insektenliebe.com\/it\/shop\/prodotto\/sipyloidea-sipylus\/"]}]},{"@type":"ImageObject","inLanguage":"it-IT","@id":"https:\/\/insektenliebe.com\/it\/shop\/prodotto\/sipyloidea-sipylus\/#primaryimage","url":"https:\/\/insektenliebe.com\/wp-content\/uploads\/2026\/05\/Sipyloidea-sipylus.jpg","contentUrl":"https:\/\/insektenliebe.com\/wp-content\/uploads\/2026\/05\/Sipyloidea-sipylus.jpg","width":820,"height":820,"caption":"Sipyloidea sipylus"},{"@type":"BreadcrumbList","@id":"https:\/\/insektenliebe.com\/it\/shop\/prodotto\/sipyloidea-sipylus\/#breadcrumb","itemListElement":[{"@type":"ListItem","position":1,"name":"Startseite","item":"https:\/\/insektenliebe.com\/it\/"},{"@type":"ListItem","position":2,"name":"Negozio","item":"https:\/\/insektenliebe.com\/it\/negozio\/"},{"@type":"ListItem","position":3,"name":"Sipyloidea sipylus"}]},{"@type":"WebSite","@id":"https:\/\/insektenliebe.com\/it\/#website","url":"https:\/\/insektenliebe.com\/it\/","name":"Insektenliebe","description":"Dein Zuhause f\u00fcr die kleinen Lebewesen","publisher":{"@id":"https:\/\/insektenliebe.com\/it\/#organization"},"potentialAction":[{"@type":"SearchAction","target":{"@type":"EntryPoint","urlTemplate":"https:\/\/insektenliebe.com\/it\/?s={search_term_string}"},"query-input":{"@type":"PropertyValueSpecification","valueRequired":true,"valueName":"search_term_string"}}],"inLanguage":"it-IT"},{"@type":"Organization","@id":"https:\/\/insektenliebe.com\/it\/#organization","name":"Insektenliebe","url":"https:\/\/insektenliebe.com\/it\/","logo":{"@type":"ImageObject","inLanguage":"it-IT","@id":"https:\/\/insektenliebe.com\/it\/#\/schema\/logo\/image\/","url":"https:\/\/insektenliebe.com\/wp-content\/uploads\/2025\/03\/logo-white.png","contentUrl":"https:\/\/insektenliebe.com\/wp-content\/uploads\/2025\/03\/logo-white.png","width":288,"height":188,"caption":"Insektenliebe"},"image":{"@id":"https:\/\/insektenliebe.com\/it\/#\/schema\/logo\/image\/"}}]},"og_availability":"instock","product_availability":"instock","product_retailer_item_id":"864","product_condition":"new"},"_links":{"self":[{"href":"https:\/\/insektenliebe.com\/it\/wp-json\/wp\/v2\/product\/203835","targetHints":{"allow":["GET"]}}],"collection":[{"href":"https:\/\/insektenliebe.com\/it\/wp-json\/wp\/v2\/product"}],"about":[{"href":"https:\/\/insektenliebe.com\/it\/wp-json\/wp\/v2\/types\/product"}],"wp:featuredmedia":[{"embeddable":true,"href":"https:\/\/insektenliebe.com\/it\/wp-json\/wp\/v2\/media\/203808"}],"wp:attachment":[{"href":"https:\/\/insektenliebe.com\/it\/wp-json\/wp\/v2\/media?parent=203835"}],"wp:term":[{"taxonomy":"product-supplier","embeddable":true,"href":"https:\/\/insektenliebe.com\/it\/wp-json\/wp\/v2\/product-supplier?post=203835"},{"taxonomy":"product_brand","embeddable":true,"href":"https:\/\/insektenliebe.com\/it\/wp-json\/wp\/v2\/product_brand?post=203835"},{"taxonomy":"product_cat","embeddable":true,"href":"https:\/\/insektenliebe.com\/it\/wp-json\/wp\/v2\/product_cat?post=203835"},{"taxonomy":"product_tag","embeddable":true,"href":"https:\/\/insektenliebe.com\/it\/wp-json\/wp\/v2\/product_tag?post=203835"},{"taxonomy":"lce-checkout-addons","embeddable":true,"href":"https:\/\/insektenliebe.com\/it\/wp-json\/wp\/v2\/lce-checkout-addons?post=203835"}],"curies":[{"name":"wp","href":"https:\/\/api.w.org\/{rel}","templated":true}]}}