{"id":203243,"date":"2026-05-02T14:37:38","date_gmt":"2026-05-02T12:37:38","guid":{"rendered":"https:\/\/insektenliebe.com\/shop\/produkt\/insektenbe-phasmid-set-completo\/"},"modified":"2026-05-02T14:43:22","modified_gmt":"2026-05-02T12:43:22","slug":"insektenbe-phasmid-set-completo","status":"publish","type":"product","link":"https:\/\/insektenliebe.com\/it\/shop\/prodotto\/insektenbe-phasmid-set-completo\/","title":{"rendered":"Insektenbe Phasmid set completo"},"content":{"rendered":"<h2><span class=\"s1\" style=\"color: #99cc33;\"><b>Set completo di fasmidi Insektenliebe - meno fatica, pi\u00f9 successo<\/b><\/span><\/h2>\n<p class=\"p1\">Con il <span class=\"s2\"><b>Insektenbe Phasmid Set Completo<\/b><\/span><span class=\"s1\"> avrai una soluzione ben studiata per tenere <\/span><span class=\"s2\"><b>insetti stecco, foglie che camminano e insetti fantasma<\/b><\/span><span class=\"s1\">.<\/span><\/p>\n<p class=\"p2\">Non dovrai improvvisare, perch\u00e9 tutti i componenti importanti sono gi\u00e0 inclusi e coordinati. Questo significa che puoi iniziare subito a lavorare con una configurazione funzionante fin dall&#8217;inizio. <\/p>\n<h3><span class=\"s1\" style=\"color: #99cc33;\"><b>Ventilazione ottimale: fondamentale per i fasmidi<\/b><\/span><\/h3>\n<p class=\"p1\">Il set \u00e8 dotato di <span class=\"s2\"><b>4 aree di ventilazione integrate<\/b><\/span><span class=\"s1\">che garantiscono una circolazione uniforme dell&#8217;aria. I fasmidi, in particolare, sono sensibili alla scarsa qualit\u00e0 dell&#8217;aria, per cui una buona ventilazione \u00e8 particolarmente importante. <\/span><\/p>\n<p class=\"p2\">La disposizione ben studiata garantisce un ricambio d&#8217;aria costante e allo stesso tempo evita la congestione dell&#8217;aria e i problemi di umidit\u00e0.<\/p>\n<h3><span class=\"s1\" style=\"color: #99cc33;\"><b>Bloccato in modo sicuro e facile da maneggiare<\/b><\/span><\/h3>\n<p class=\"p1\">Con i <span class=\"s2\"><b>4 clip<\/b><\/span><span class=\"s1\">  la scatola rimane chiusa in modo affidabile, mentre tu puoi aprirla rapidamente se necessario. Questo significa che puoi facilmente dare da mangiare o pulire il tuo animale domestico senza troppi sforzi. <\/span><\/p>\n<p class=\"p1\">Utilizziamo deliberatamente i seguenti materiali come substrato <span class=\"s2\"><b>rotolo da cucina<\/b><\/span><span class=\"s1\">perch\u00e9 \u00e8 particolarmente facile da maneggiare nella vita di tutti i giorni. Assorbe bene l&#8217;umidit\u00e0 e allo stesso tempo garantisce un ambiente pulito. <\/span><\/p>\n<p class=\"p1\">Questo \u00e8 un grande vantaggio, soprattutto per i fasmidi, in quanto le feci e i residui di cibo possono essere rimossi rapidamente e puoi semplicemente sostituire il rotolo da cucina se necessario. In questo modo l&#8217;allestimento rimane igienico ed evita inutili sforzi di pulizia. <\/p>\n<p class=\"p2\">Un altro vantaggio \u00e8 che <span class=\"s2\"><b>le uova possono essere riconosciute e raccolte molto facilmente<\/b><\/span><span class=\"s1\">perch\u00e9 si trovano chiaramente in superficie. In questo modo avrai sempre una visione d&#8217;insieme della tua prole e potrai lavorare in modo mirato. <\/span><\/p>\n<p class=\"p2\">Unisci la sicurezza al comfort e risparmia tempo prezioso nella vita di tutti i giorni.<\/p>\n<h3><span class=\"s1\" style=\"color: #99cc33;\"><b>Vaso per alimenti intelligente con fessura a X<\/b><\/span><\/h3>\n<p class=\"p1\">Una vera chicca \u00e8 la scatola di cricket inclusa <span class=\"s2\"><b>scatola per grilli<\/b><\/span><span class=\"s1\">che funge da pratico vaso di alimentazione.<\/span><\/p>\n<p class=\"p1\">Dispone gi\u00e0 di uno slot <span class=\"s2\"><b>slot a forma di X<\/b><\/span><span class=\"s1\">in modo da poter <\/span><span class=\"s2\"><b>mora o altri rami di cibo direttamente nell&#8217;acqua<\/b><\/span><span class=\"s1\">. In questo modo i rami rimangono stabili e allo stesso tempo vengono riforniti d&#8217;acqua.<\/span><\/p>\n<p class=\"p2\">Questo ha diversi vantaggi, perch\u00e9:<\/p>\n<ul>\n<li><span class=\"s1\">I rami rimangono freschi pi\u00f9 a lungo<\/span><\/li>\n<li><span class=\"s1\">Gli animali non entrano in acqua<\/span><\/li>\n<li><span class=\"s1\">gli steli non si ribaltano<\/span><\/li>\n<li><span class=\"s1\">e l&#8217;impegno di manutenzione \u00e8 notevolmente ridotto<\/span><\/li>\n<\/ul>\n<p class=\"p4\">In combinazione con rametti freschi di <span class=\"s2\"><b>rametti di mora o lampone<\/b><\/span><span class=\"s1\"> si ottiene una soluzione di alimentazione semplice e affidabile.<\/span><\/p>\n<h3><span class=\"s1\" style=\"color: #99cc33;\"><b>Ideale per vari fasmidi<\/b><\/span><\/h3>\n<p class=\"p1\">Il set \u00e8 ideale per molte specie, pur rimanendo flessibile nell&#8217;utilizzo.<\/p>\n<p class=\"p2\">Particolarmente indicato per:<\/p>\n<ul>\n<li><span class=\"s1\"><b>Insetti stecco<\/b><\/span><\/li>\n<li><span class=\"s1\"><b>Foglie cangianti (Phyllium)<\/b><\/span><\/li>\n<li><span class=\"s1\"><b>Terrori fantasma (es. Extatosoma)<\/b><\/span><\/li>\n<li><strong><span class=\"s1\">Allevamento di giovani animali<\/span><\/strong><\/li>\n<\/ul>\n<p class=\"p1\">Grazie al design compatto, gli animali si sentono subito a casa e tu puoi tenerli sempre sotto controllo.<\/p>\n<h3><span class=\"s1\" style=\"color: #99cc33;\"><b>I vantaggi in sintesi<\/b><\/span><\/h3>\n<ul>\n<li><span class=\"s1\">Soluzione completa per l&#8217;allevamento di fasmidi<\/span><\/li>\n<li><span class=\"s1\"><b>4 bocchette<\/b><\/span><span class=\"s2\"> per l&#8217;aria fresca<\/span><\/li>\n<li><span class=\"s1\"><b>4 clip<\/b><\/span><span class=\"s2\"> per una presa sicura<\/span><\/li>\n<li><span class=\"s1\"><b>Vaso di alimentazione con scanalatura a X<\/b><\/span><span class=\"s2\"> per i ramoscelli<\/span><\/li>\n<li><span class=\"s1\">Gestione semplice e pulita<\/span><\/li>\n<\/ul>\n<h3><span class=\"s1\" style=\"color: #99cc33;\"><b>Accessori adatti alla tua configurazione<\/b><\/span><\/h3>\n<p class=\"p1\">Puoi espandere il tuo sistema per ottenere una configurazione ancora pi\u00f9 stabile e conveniente:<\/p>\n<ul>\n<li><span class=\"s1\"><b>Bombola spray pressurizzata Insektenliebe 1L<\/b><\/span><span class=\"s2\"> - per un normale uso hobbistico<\/span><\/li>\n<li><span class=\"s1\"><b>Spruzzatore fine GLORIA<\/b><\/span><span class=\"s2\"> - per diversi set<\/span><\/li>\n<li><span class=\"s1\"><b>Repto Compact LED<\/b><\/span><span class=\"s2\"> - porta la luce nel set<\/span><\/li>\n<li><span class=\"s1\"><b>Forbici per la cura delle piante per hobby<\/b><\/span><span class=\"s2\"> - forbici lunghe per tagliare gli steli<\/span><\/li>\n<\/ul>\n<p class=\"p1\">Questa combinazione assicura che la tua configurazione rimanga stabile a lungo termine, consentendoti allo stesso tempo di lavorare in modo pi\u00f9 flessibile.<\/p>\n<h3><span class=\"s1\" style=\"color: #99cc33;\"><b>Conclusione<\/b><\/span><\/h3>\n<p class=\"p1\">Il <span class=\"s2\"><b>Set completo di fasmidi Insektenbe<\/b><\/span><span class=\"s1\"> \u00e8 la scelta perfetta se vuoi mantenere i tuoi animali <\/span><span class=\"s2\"><b>in modo semplice, sicuro ed efficiente<\/b><\/span><span class=\"s1\">  che si desidera conservare. Substrato adatto <\/span><\/p>\n<p class=\"p2\">La combinazione di una buona ventilazione, una chiusura sicura e un vaso di rivestimento intelligente crea un sistema che funziona davvero nella vita di tutti i giorni e allo stesso tempo ti toglie il lavoro.<\/p>\n<p>&nbsp;<\/p>\n<p><strong>Ambito di consegna:<\/strong><\/p>\n<p>1x contenitore 39 x 28 x 28 cm \/ 22L<br \/>\n4x griglia di ventilazione in plastica \u00d8 5 cm<br \/>\n4x clip di chiusura<br \/>\n1x cassetta dei grilli senza fori con scanalatura a X<\/p>\n","protected":false},"excerpt":{"rendered":"<p>Set completo di fasmidi Insektenliebe - meno fatica, pi\u00f9 successo Con il Insektenbe Phasmid Set Completo avrai una soluzione ben studiata per tenere insetti stecco, foglie che camminano e insetti fantasma. Non dovrai improvvisare, perch\u00e9 tutti i componenti importanti sono gi\u00e0 inclusi e coordinati. Questo significa che puoi iniziare subito a lavorare con una configurazione [&hellip;]<\/p>\n","protected":false},"featured_media":203223,"template":"","meta":{"_acf_changed":false},"product-supplier":[],"product_brand":[2853],"product_cat":[2854],"product_tag":[],"lce-checkout-addons":[],"class_list":{"0":"post-203243","1":"product","2":"type-product","3":"status-publish","4":"has-post-thumbnail","6":"product_brand-insektenliebe","7":"product_cat-set-completo","8":"product_shipping_class-equipment-shipping","10":"first","11":"instock","12":"taxable","13":"shipping-taxable","14":"purchasable","15":"product-type-simple"},"acf":[],"yoast_head":"<!-- This site is optimized with the Yoast SEO Premium plugin v26.8 (Yoast SEO v27.5) - https:\/\/yoast.com\/product\/yoast-seo-premium-wordpress\/ -->\n<title>Insektenbe Phasmid set completo - Insektenliebe<\/title>\n<meta name=\"description\" content=\"Set completo per fasmidi con ventilazione, clip e vaso di alimentazione. Ideale per insetti stecco, foglie che camminano e insetti fantasma.\" \/>\n<meta name=\"robots\" content=\"index, follow, max-snippet:-1, max-image-preview:large, max-video-preview:-1\" \/>\n<link rel=\"canonical\" href=\"https:\/\/insektenliebe.com\/it\/shop\/prodotto\/insektenbe-phasmid-set-completo\/\" \/>\n<meta property=\"og:locale\" content=\"it_IT\" \/>\n<meta property=\"og:type\" content=\"article\" \/>\n<meta property=\"og:title\" content=\"Insektenbe Phasmid set completo\" \/>\n<meta property=\"og:description\" content=\"Set completo per fasmidi con ventilazione, clip e vaso di alimentazione. Ideale per insetti stecco, foglie che camminano e insetti fantasma.\" \/>\n<meta property=\"og:url\" content=\"https:\/\/insektenliebe.com\/it\/shop\/prodotto\/insektenbe-phasmid-set-completo\/\" \/>\n<meta property=\"og:site_name\" content=\"Insektenliebe\" \/>\n<meta property=\"article:modified_time\" content=\"2026-05-02T12:43:22+00:00\" \/>\n<meta property=\"og:image\" content=\"https:\/\/insektenliebe.com\/wp-content\/uploads\/2026\/05\/Insektenliebe-Phasmiden-Komplettset.jpg\" \/>\n\t<meta property=\"og:image:width\" content=\"820\" \/>\n\t<meta property=\"og:image:height\" content=\"820\" \/>\n\t<meta property=\"og:image:type\" content=\"image\/jpeg\" \/>\n<meta name=\"twitter:card\" content=\"summary_large_image\" \/>\n<meta name=\"twitter:label1\" content=\"Prezzo\" \/>\n\t<meta name=\"twitter:data1\" content=\"26,99&nbsp;&euro; IVA incl., + spese di sped.\" \/>\n\t<meta name=\"twitter:label2\" content=\"Disponibilit\u00e0\" \/>\n\t<meta name=\"twitter:data2\" content=\"In stock\" \/>\n<script type=\"application\/ld+json\" class=\"yoast-schema-graph\">{\"@context\":\"https:\\\/\\\/schema.org\",\"@graph\":[{\"@type\":\"WebPage\",\"@id\":\"https:\\\/\\\/insektenliebe.com\\\/it\\\/shop\\\/prodotto\\\/insektenbe-phasmid-set-completo\\\/\",\"url\":\"https:\\\/\\\/insektenliebe.com\\\/it\\\/shop\\\/prodotto\\\/insektenbe-phasmid-set-completo\\\/\",\"name\":\"Insektenbe Phasmid set completo - Insektenliebe\",\"isPartOf\":{\"@id\":\"https:\\\/\\\/insektenliebe.com\\\/it\\\/#website\"},\"primaryImageOfPage\":{\"@id\":\"https:\\\/\\\/insektenliebe.com\\\/it\\\/shop\\\/prodotto\\\/insektenbe-phasmid-set-completo\\\/#primaryimage\"},\"image\":{\"@id\":\"https:\\\/\\\/insektenliebe.com\\\/it\\\/shop\\\/prodotto\\\/insektenbe-phasmid-set-completo\\\/#primaryimage\"},\"thumbnailUrl\":\"https:\\\/\\\/insektenliebe.com\\\/wp-content\\\/uploads\\\/2026\\\/05\\\/Insektenliebe-Phasmiden-Komplettset.jpg\",\"datePublished\":\"2026-05-02T12:37:38+00:00\",\"dateModified\":\"2026-05-02T12:43:22+00:00\",\"description\":\"Set completo per fasmidi con ventilazione, clip e vaso di alimentazione. Ideale per insetti stecco, foglie che camminano e insetti fantasma.\",\"breadcrumb\":{\"@id\":\"https:\\\/\\\/insektenliebe.com\\\/it\\\/shop\\\/prodotto\\\/insektenbe-phasmid-set-completo\\\/#breadcrumb\"},\"inLanguage\":\"it-IT\",\"potentialAction\":[{\"@type\":\"ReadAction\",\"target\":[\"https:\\\/\\\/insektenliebe.com\\\/it\\\/shop\\\/prodotto\\\/insektenbe-phasmid-set-completo\\\/\"]}]},{\"@type\":\"ImageObject\",\"inLanguage\":\"it-IT\",\"@id\":\"https:\\\/\\\/insektenliebe.com\\\/it\\\/shop\\\/prodotto\\\/insektenbe-phasmid-set-completo\\\/#primaryimage\",\"url\":\"https:\\\/\\\/insektenliebe.com\\\/wp-content\\\/uploads\\\/2026\\\/05\\\/Insektenliebe-Phasmiden-Komplettset.jpg\",\"contentUrl\":\"https:\\\/\\\/insektenliebe.com\\\/wp-content\\\/uploads\\\/2026\\\/05\\\/Insektenliebe-Phasmiden-Komplettset.jpg\",\"width\":820,\"height\":820,\"caption\":\"Insektenbe Phasmid set completo\"},{\"@type\":\"BreadcrumbList\",\"@id\":\"https:\\\/\\\/insektenliebe.com\\\/it\\\/shop\\\/prodotto\\\/insektenbe-phasmid-set-completo\\\/#breadcrumb\",\"itemListElement\":[{\"@type\":\"ListItem\",\"position\":1,\"name\":\"Startseite\",\"item\":\"https:\\\/\\\/insektenliebe.com\\\/it\\\/\"},{\"@type\":\"ListItem\",\"position\":2,\"name\":\"Negozio\",\"item\":\"https:\\\/\\\/insektenliebe.com\\\/it\\\/negozio\\\/\"},{\"@type\":\"ListItem\",\"position\":3,\"name\":\"Insektenbe Phasmid set completo\"}]},{\"@type\":\"WebSite\",\"@id\":\"https:\\\/\\\/insektenliebe.com\\\/it\\\/#website\",\"url\":\"https:\\\/\\\/insektenliebe.com\\\/it\\\/\",\"name\":\"Insektenliebe\",\"description\":\"Dein Zuhause f\u00fcr die kleinen Lebewesen\",\"publisher\":{\"@id\":\"https:\\\/\\\/insektenliebe.com\\\/it\\\/#organization\"},\"potentialAction\":[{\"@type\":\"SearchAction\",\"target\":{\"@type\":\"EntryPoint\",\"urlTemplate\":\"https:\\\/\\\/insektenliebe.com\\\/it\\\/?s={search_term_string}\"},\"query-input\":{\"@type\":\"PropertyValueSpecification\",\"valueRequired\":true,\"valueName\":\"search_term_string\"}}],\"inLanguage\":\"it-IT\"},{\"@type\":\"Organization\",\"@id\":\"https:\\\/\\\/insektenliebe.com\\\/it\\\/#organization\",\"name\":\"Insektenliebe\",\"url\":\"https:\\\/\\\/insektenliebe.com\\\/it\\\/\",\"logo\":{\"@type\":\"ImageObject\",\"inLanguage\":\"it-IT\",\"@id\":\"https:\\\/\\\/insektenliebe.com\\\/it\\\/#\\\/schema\\\/logo\\\/image\\\/\",\"url\":\"https:\\\/\\\/insektenliebe.com\\\/wp-content\\\/uploads\\\/2025\\\/03\\\/logo-white.png\",\"contentUrl\":\"https:\\\/\\\/insektenliebe.com\\\/wp-content\\\/uploads\\\/2025\\\/03\\\/logo-white.png\",\"width\":288,\"height\":188,\"caption\":\"Insektenliebe\"},\"image\":{\"@id\":\"https:\\\/\\\/insektenliebe.com\\\/it\\\/#\\\/schema\\\/logo\\\/image\\\/\"}}]}<\/script>\n<meta property=\"product:price:amount\" content=\"26.99\" \/>\n<meta property=\"product:price:currency\" content=\"EUR\" \/>\n<meta property=\"og:availability\" content=\"instock\" \/>\n<meta property=\"product:availability\" content=\"instock\" \/>\n<meta property=\"product:retailer_item_id\" content=\"862\" \/>\n<meta property=\"product:condition\" content=\"new\" \/>\n<!-- \/ Yoast SEO Premium plugin. -->","yoast_head_json":{"title":"Insektenbe Phasmid set completo - Insektenliebe","description":"Set completo per fasmidi con ventilazione, clip e vaso di alimentazione. Ideale per insetti stecco, foglie che camminano e insetti fantasma.","robots":{"index":"index","follow":"follow","max-snippet":"max-snippet:-1","max-image-preview":"max-image-preview:large","max-video-preview":"max-video-preview:-1"},"canonical":"https:\/\/insektenliebe.com\/it\/shop\/prodotto\/insektenbe-phasmid-set-completo\/","og_locale":"it_IT","og_type":"article","og_title":"Insektenbe Phasmid set completo","og_description":"Set completo per fasmidi con ventilazione, clip e vaso di alimentazione. Ideale per insetti stecco, foglie che camminano e insetti fantasma.","og_url":"https:\/\/insektenliebe.com\/it\/shop\/prodotto\/insektenbe-phasmid-set-completo\/","og_site_name":"Insektenliebe","article_modified_time":"2026-05-02T12:43:22+00:00","og_image":[{"width":820,"height":820,"url":"https:\/\/insektenliebe.com\/wp-content\/uploads\/2026\/05\/Insektenliebe-Phasmiden-Komplettset.jpg","type":"image\/jpeg"}],"twitter_card":"summary_large_image","twitter_misc":{"Prezzo":"26,99&nbsp;&euro; IVA incl., + spese di sped.","Disponibilit\u00e0":"In stock"},"schema":{"@context":"https:\/\/schema.org","@graph":[{"@type":"WebPage","@id":"https:\/\/insektenliebe.com\/it\/shop\/prodotto\/insektenbe-phasmid-set-completo\/","url":"https:\/\/insektenliebe.com\/it\/shop\/prodotto\/insektenbe-phasmid-set-completo\/","name":"Insektenbe Phasmid set completo - Insektenliebe","isPartOf":{"@id":"https:\/\/insektenliebe.com\/it\/#website"},"primaryImageOfPage":{"@id":"https:\/\/insektenliebe.com\/it\/shop\/prodotto\/insektenbe-phasmid-set-completo\/#primaryimage"},"image":{"@id":"https:\/\/insektenliebe.com\/it\/shop\/prodotto\/insektenbe-phasmid-set-completo\/#primaryimage"},"thumbnailUrl":"https:\/\/insektenliebe.com\/wp-content\/uploads\/2026\/05\/Insektenliebe-Phasmiden-Komplettset.jpg","datePublished":"2026-05-02T12:37:38+00:00","dateModified":"2026-05-02T12:43:22+00:00","description":"Set completo per fasmidi con ventilazione, clip e vaso di alimentazione. Ideale per insetti stecco, foglie che camminano e insetti fantasma.","breadcrumb":{"@id":"https:\/\/insektenliebe.com\/it\/shop\/prodotto\/insektenbe-phasmid-set-completo\/#breadcrumb"},"inLanguage":"it-IT","potentialAction":[{"@type":"ReadAction","target":["https:\/\/insektenliebe.com\/it\/shop\/prodotto\/insektenbe-phasmid-set-completo\/"]}]},{"@type":"ImageObject","inLanguage":"it-IT","@id":"https:\/\/insektenliebe.com\/it\/shop\/prodotto\/insektenbe-phasmid-set-completo\/#primaryimage","url":"https:\/\/insektenliebe.com\/wp-content\/uploads\/2026\/05\/Insektenliebe-Phasmiden-Komplettset.jpg","contentUrl":"https:\/\/insektenliebe.com\/wp-content\/uploads\/2026\/05\/Insektenliebe-Phasmiden-Komplettset.jpg","width":820,"height":820,"caption":"Insektenbe Phasmid set completo"},{"@type":"BreadcrumbList","@id":"https:\/\/insektenliebe.com\/it\/shop\/prodotto\/insektenbe-phasmid-set-completo\/#breadcrumb","itemListElement":[{"@type":"ListItem","position":1,"name":"Startseite","item":"https:\/\/insektenliebe.com\/it\/"},{"@type":"ListItem","position":2,"name":"Negozio","item":"https:\/\/insektenliebe.com\/it\/negozio\/"},{"@type":"ListItem","position":3,"name":"Insektenbe Phasmid set completo"}]},{"@type":"WebSite","@id":"https:\/\/insektenliebe.com\/it\/#website","url":"https:\/\/insektenliebe.com\/it\/","name":"Insektenliebe","description":"Dein Zuhause f\u00fcr die kleinen Lebewesen","publisher":{"@id":"https:\/\/insektenliebe.com\/it\/#organization"},"potentialAction":[{"@type":"SearchAction","target":{"@type":"EntryPoint","urlTemplate":"https:\/\/insektenliebe.com\/it\/?s={search_term_string}"},"query-input":{"@type":"PropertyValueSpecification","valueRequired":true,"valueName":"search_term_string"}}],"inLanguage":"it-IT"},{"@type":"Organization","@id":"https:\/\/insektenliebe.com\/it\/#organization","name":"Insektenliebe","url":"https:\/\/insektenliebe.com\/it\/","logo":{"@type":"ImageObject","inLanguage":"it-IT","@id":"https:\/\/insektenliebe.com\/it\/#\/schema\/logo\/image\/","url":"https:\/\/insektenliebe.com\/wp-content\/uploads\/2025\/03\/logo-white.png","contentUrl":"https:\/\/insektenliebe.com\/wp-content\/uploads\/2025\/03\/logo-white.png","width":288,"height":188,"caption":"Insektenliebe"},"image":{"@id":"https:\/\/insektenliebe.com\/it\/#\/schema\/logo\/image\/"}}]},"product_price_amount":"26.99","product_price_currency":"EUR","og_availability":"instock","product_availability":"instock","product_retailer_item_id":"862","product_condition":"new"},"_links":{"self":[{"href":"https:\/\/insektenliebe.com\/it\/wp-json\/wp\/v2\/product\/203243","targetHints":{"allow":["GET"]}}],"collection":[{"href":"https:\/\/insektenliebe.com\/it\/wp-json\/wp\/v2\/product"}],"about":[{"href":"https:\/\/insektenliebe.com\/it\/wp-json\/wp\/v2\/types\/product"}],"wp:featuredmedia":[{"embeddable":true,"href":"https:\/\/insektenliebe.com\/it\/wp-json\/wp\/v2\/media\/203223"}],"wp:attachment":[{"href":"https:\/\/insektenliebe.com\/it\/wp-json\/wp\/v2\/media?parent=203243"}],"wp:term":[{"taxonomy":"product-supplier","embeddable":true,"href":"https:\/\/insektenliebe.com\/it\/wp-json\/wp\/v2\/product-supplier?post=203243"},{"taxonomy":"product_brand","embeddable":true,"href":"https:\/\/insektenliebe.com\/it\/wp-json\/wp\/v2\/product_brand?post=203243"},{"taxonomy":"product_cat","embeddable":true,"href":"https:\/\/insektenliebe.com\/it\/wp-json\/wp\/v2\/product_cat?post=203243"},{"taxonomy":"product_tag","embeddable":true,"href":"https:\/\/insektenliebe.com\/it\/wp-json\/wp\/v2\/product_tag?post=203243"},{"taxonomy":"lce-checkout-addons","embeddable":true,"href":"https:\/\/insektenliebe.com\/it\/wp-json\/wp\/v2\/lce-checkout-addons?post=203243"}],"curies":[{"name":"wp","href":"https:\/\/api.w.org\/{rel}","templated":true}]}}