{"id":202884,"date":"2026-04-30T13:47:51","date_gmt":"2026-04-30T11:47:51","guid":{"rendered":"https:\/\/insektenliebe.com\/shop\/produkt\/sportello-di-alimentazione-per-barattoli-braplast\/"},"modified":"2026-04-30T15:23:13","modified_gmt":"2026-04-30T13:23:13","slug":"sportello-di-alimentazione-per-barattoli-braplast","status":"publish","type":"product","link":"https:\/\/insektenliebe.com\/it\/shop\/prodotto\/sportello-di-alimentazione-per-barattoli-braplast\/","title":{"rendered":"Sportello di alimentazione per barattoli BraPlast"},"content":{"rendered":"<h2><span style=\"color: #99cc33;\"><span class=\"s1\"><b>Sportello di alimentazione per le lattine BraPlast - <\/b><\/span><span class=\"s1\"><b>Alimentazione intelligente<\/b><\/span><\/span><\/h2>\n<p class=\"p1\">Con il <span class=\"s2\"><b>sportello di alimentazione per le lattine BraPlast<\/b><\/span><span class=\"s1\">  rende molto pi\u00f9 semplice l&#8217;alimentazione quotidiana. Apri rapidamente il portello tenendo la lattina saldamente in mano.<\/span><\/p>\n<p class=\"p2\">In questo modo risparmierai tempo e ridurrai lo stress dei tuoi animali.<\/p>\n<h3><span class=\"s1\" style=\"color: #99cc33;\"><b>Pratica chiusura a sgancio rapido<\/b><\/span><\/h3>\n<p class=\"p1\">Il portello integrato \u00e8 dotato di un affidabile <span class=\"s2\"><b>affidabile chiusura a sgancio rapido<\/b><\/span><span class=\"s1\">che \u00e8 facile da usare. Dopo l&#8217;apertura, si richiude saldamente in modo che nulla possa fuoriuscire. <\/span><\/p>\n<p class=\"p2\">Questo garantisce il massimo controllo mentre lavori in modo efficiente.<\/p>\n<h3><span class=\"s1\" style=\"color: #99cc33;\"><b>Drosophila - ermetica e ben ventilata<\/b><\/span><\/h3>\n<p class=\"p1\">La schiusa di alimentazione \u00e8 <span class=\"s2\"><b>drosophila melanogaster denso<\/b><\/span><span class=\"s1\">in modo che anche gli animali pi\u00f9 piccoli non possano fuggire. Allo stesso tempo, la ventilazione viene mantenuta, creando un clima stabile nel contenitore. <\/span><\/p>\n<p class=\"p2\">\u00c8 cos\u00ec che si combinano sicurezza e funzionalit\u00e0.<\/p>\n<h3><span class=\"s1\" style=\"color: #99cc33;\"><b>Preciso e versatile<\/b><\/span><\/h3>\n<p class=\"p1\">Lo sportello di alimentazione si adatta perfettamente alle aperture dei barattoli BraPlast. In questo modo \u00e8 facile da inserire e garantisce una tenuta affidabile. <\/p>\n<p class=\"p3\">Puoi utilizzarli sia per <span class=\"s2\"><b>Coperchi e aperture di ventilazione sul contenitore.<\/b><\/span><span class=\"s1\">  utilizzare. Si inserisce esattamente nelle aperture previste nei barattoli BraPlast.<\/span><\/p>\n<p class=\"p1\">In questo modo otterrai una soluzione pulita e veloce senza bisogno di armeggiare o improvvisare.<\/p>\n<h3><span class=\"s1\" style=\"color: #99cc33;\"><b>Varianti da scegliere<\/b><\/span><\/h3>\n<p class=\"p4\">Lo sportello di alimentazione \u00e8 disponibile in diverse versioni:<\/p>\n<ul>\n<li><span class=\"s1\"><b>Colori:<\/b><\/span><span class=\"s2\"> Trasparente o nero<\/span><\/li>\n<li><span class=\"s1\"><b>Forme:<\/b><\/span><span class=\"s2\"> Rotondo o quadrato<\/span><\/li>\n<\/ul>\n<p class=\"p2\">Quindi si adatta perfettamente alla tua configurazione e alle tue lattine.<\/p>\n<h3><span class=\"s1\" style=\"color: #99cc33;\"><b>I vantaggi in sintesi<\/b><\/span><\/h3>\n<ul>\n<li><span class=\"s1\"><b>Chiusura a sgancio rapido<\/b><\/span><span class=\"s2\"> per una facile apertura e chiusura<\/span><\/li>\n<li><span class=\"s1\"><b>A prova di Drosophila<\/b><\/span><span class=\"s2\"> e sicuro<\/span><\/li>\n<li><span class=\"s1\">Ideale per <\/span><span class=\"s2\"><b>Nutrire e annaffiare<\/b><\/span><\/li>\n<li><span class=\"s1\">Si adatta perfettamente a <\/span><span class=\"s2\"><b>Barattoli BraPlast<\/b><\/span><\/li>\n<li><span class=\"s1\">Opzionalmente <\/span><span class=\"s2\"><b>rotondo o quadrato<\/b><\/span><\/li>\n<li><span class=\"s1\">In <\/span><span class=\"s2\"><b>nero o trasparente<\/b><\/span><span class=\"s1\"> disponibile<\/span><\/li>\n<\/ul>\n<h3><span class=\"s1\" style=\"color: #99cc33;\"><b>Conclusione<\/b><\/span><\/h3>\n<p class=\"p1\">Il <span class=\"s2\"><b>portello di alimentazione per le lattine BraPlast<\/b><\/span><span class=\"s1\">  \u00e8 l&#8217;aggiunta perfetta alla tua vita quotidiana. Rende la movimentazione pi\u00f9 veloce, pi\u00f9 pulita e pi\u00f9 sicura.<\/span><\/p>\n<p class=\"p1\">Ideale per tutti coloro che vogliono <span class=\"s2\"><b>in modo efficiente e allo stesso tempo mantenere il massimo controllo<\/b><\/span><span class=\"s1\"> allo stesso tempo.<\/span><\/p>\n","protected":false},"excerpt":{"rendered":"<p>Sportello di alimentazione per le lattine BraPlast - Alimentazione intelligente Con il sportello di alimentazione per le lattine BraPlast rende molto pi\u00f9 semplice l&#8217;alimentazione quotidiana. Apri rapidamente il portello tenendo la lattina saldamente in mano. In questo modo risparmierai tempo e ridurrai lo stress dei tuoi animali. Pratica chiusura a sgancio rapido Il portello integrato [&hellip;]<\/p>\n","protected":false},"featured_media":202872,"template":"","meta":{"_acf_changed":false},"product-supplier":[],"product_brand":[2853],"product_cat":[3946,2760],"product_tag":[],"lce-checkout-addons":[],"class_list":{"0":"post-202884","1":"product","2":"type-product","3":"status-publish","4":"has-post-thumbnail","6":"product_brand-insektenliebe","7":"product_cat-soluzioni-per-terrari-stampati","8":"product_cat-terrari-e-contenitori","9":"product_shipping_class-equipment-shipping","11":"first","12":"instock","13":"taxable","14":"shipping-taxable","15":"purchasable","16":"product-type-variable"},"acf":[],"yoast_head":"<!-- This site is optimized with the Yoast SEO Premium plugin v26.8 (Yoast SEO v27.5) - https:\/\/yoast.com\/product\/yoast-seo-premium-wordpress\/ -->\n<title>Sportello di alimentazione per barattoli BraPlast - Insektenliebe<\/title>\n<meta name=\"description\" content=\"Sportello di alimentazione per lattine BraPlast - con chiusura rapida, a tenuta di drosofila e ideale per facilitare l&#039;alimentazione e l&#039;abbeveraggio dei tuoi animali.\" \/>\n<meta name=\"robots\" content=\"index, follow, max-snippet:-1, max-image-preview:large, max-video-preview:-1\" \/>\n<link rel=\"canonical\" href=\"https:\/\/insektenliebe.com\/it\/shop\/prodotto\/sportello-di-alimentazione-per-barattoli-braplast\/\" \/>\n<meta property=\"og:locale\" content=\"it_IT\" \/>\n<meta property=\"og:type\" content=\"article\" \/>\n<meta property=\"og:title\" content=\"Sportello di alimentazione per barattoli BraPlast\" \/>\n<meta property=\"og:description\" content=\"Sportello di alimentazione per lattine BraPlast - con chiusura rapida, a tenuta di drosofila e ideale per facilitare l&#039;alimentazione e l&#039;abbeveraggio dei tuoi animali.\" \/>\n<meta property=\"og:url\" content=\"https:\/\/insektenliebe.com\/it\/shop\/prodotto\/sportello-di-alimentazione-per-barattoli-braplast\/\" \/>\n<meta property=\"og:site_name\" content=\"Insektenliebe\" \/>\n<meta property=\"article:modified_time\" content=\"2026-04-30T13:23:13+00:00\" \/>\n<meta property=\"og:image\" content=\"https:\/\/insektenliebe.com\/wp-content\/uploads\/2026\/04\/Futterluke-fuer-BraPlast-Dosen.jpg\" \/>\n\t<meta property=\"og:image:width\" content=\"820\" \/>\n\t<meta property=\"og:image:height\" content=\"820\" \/>\n\t<meta property=\"og:image:type\" content=\"image\/jpeg\" \/>\n<meta name=\"twitter:card\" content=\"summary_large_image\" \/>\n<meta name=\"twitter:label1\" content=\"Disponibilit\u00e0\" \/>\n\t<meta name=\"twitter:data1\" content=\"In stock\" \/>\n<script type=\"application\/ld+json\" class=\"yoast-schema-graph\">{\"@context\":\"https:\\\/\\\/schema.org\",\"@graph\":[{\"@type\":\"WebPage\",\"@id\":\"https:\\\/\\\/insektenliebe.com\\\/it\\\/shop\\\/prodotto\\\/sportello-di-alimentazione-per-barattoli-braplast\\\/\",\"url\":\"https:\\\/\\\/insektenliebe.com\\\/it\\\/shop\\\/prodotto\\\/sportello-di-alimentazione-per-barattoli-braplast\\\/\",\"name\":\"Sportello di alimentazione per barattoli BraPlast - Insektenliebe\",\"isPartOf\":{\"@id\":\"https:\\\/\\\/insektenliebe.com\\\/it\\\/#website\"},\"primaryImageOfPage\":{\"@id\":\"https:\\\/\\\/insektenliebe.com\\\/it\\\/shop\\\/prodotto\\\/sportello-di-alimentazione-per-barattoli-braplast\\\/#primaryimage\"},\"image\":{\"@id\":\"https:\\\/\\\/insektenliebe.com\\\/it\\\/shop\\\/prodotto\\\/sportello-di-alimentazione-per-barattoli-braplast\\\/#primaryimage\"},\"thumbnailUrl\":\"https:\\\/\\\/insektenliebe.com\\\/wp-content\\\/uploads\\\/2026\\\/04\\\/Futterluke-fuer-BraPlast-Dosen.jpg\",\"datePublished\":\"2026-04-30T11:47:51+00:00\",\"dateModified\":\"2026-04-30T13:23:13+00:00\",\"description\":\"Sportello di alimentazione per lattine BraPlast - con chiusura rapida, a tenuta di drosofila e ideale per facilitare l'alimentazione e l'abbeveraggio dei tuoi animali.\",\"breadcrumb\":{\"@id\":\"https:\\\/\\\/insektenliebe.com\\\/it\\\/shop\\\/prodotto\\\/sportello-di-alimentazione-per-barattoli-braplast\\\/#breadcrumb\"},\"inLanguage\":\"it-IT\",\"potentialAction\":[{\"@type\":\"ReadAction\",\"target\":[\"https:\\\/\\\/insektenliebe.com\\\/it\\\/shop\\\/prodotto\\\/sportello-di-alimentazione-per-barattoli-braplast\\\/\"]}]},{\"@type\":\"ImageObject\",\"inLanguage\":\"it-IT\",\"@id\":\"https:\\\/\\\/insektenliebe.com\\\/it\\\/shop\\\/prodotto\\\/sportello-di-alimentazione-per-barattoli-braplast\\\/#primaryimage\",\"url\":\"https:\\\/\\\/insektenliebe.com\\\/wp-content\\\/uploads\\\/2026\\\/04\\\/Futterluke-fuer-BraPlast-Dosen.jpg\",\"contentUrl\":\"https:\\\/\\\/insektenliebe.com\\\/wp-content\\\/uploads\\\/2026\\\/04\\\/Futterluke-fuer-BraPlast-Dosen.jpg\",\"width\":820,\"height\":820,\"caption\":\"Sportello di alimentazione per lattine BraPlast\"},{\"@type\":\"BreadcrumbList\",\"@id\":\"https:\\\/\\\/insektenliebe.com\\\/it\\\/shop\\\/prodotto\\\/sportello-di-alimentazione-per-barattoli-braplast\\\/#breadcrumb\",\"itemListElement\":[{\"@type\":\"ListItem\",\"position\":1,\"name\":\"Startseite\",\"item\":\"https:\\\/\\\/insektenliebe.com\\\/it\\\/\"},{\"@type\":\"ListItem\",\"position\":2,\"name\":\"Negozio\",\"item\":\"https:\\\/\\\/insektenliebe.com\\\/it\\\/negozio\\\/\"},{\"@type\":\"ListItem\",\"position\":3,\"name\":\"Sportello di alimentazione per barattoli BraPlast\"}]},{\"@type\":\"WebSite\",\"@id\":\"https:\\\/\\\/insektenliebe.com\\\/it\\\/#website\",\"url\":\"https:\\\/\\\/insektenliebe.com\\\/it\\\/\",\"name\":\"Insektenliebe\",\"description\":\"Dein Zuhause f\u00fcr die kleinen Lebewesen\",\"publisher\":{\"@id\":\"https:\\\/\\\/insektenliebe.com\\\/it\\\/#organization\"},\"potentialAction\":[{\"@type\":\"SearchAction\",\"target\":{\"@type\":\"EntryPoint\",\"urlTemplate\":\"https:\\\/\\\/insektenliebe.com\\\/it\\\/?s={search_term_string}\"},\"query-input\":{\"@type\":\"PropertyValueSpecification\",\"valueRequired\":true,\"valueName\":\"search_term_string\"}}],\"inLanguage\":\"it-IT\"},{\"@type\":\"Organization\",\"@id\":\"https:\\\/\\\/insektenliebe.com\\\/it\\\/#organization\",\"name\":\"Insektenliebe\",\"url\":\"https:\\\/\\\/insektenliebe.com\\\/it\\\/\",\"logo\":{\"@type\":\"ImageObject\",\"inLanguage\":\"it-IT\",\"@id\":\"https:\\\/\\\/insektenliebe.com\\\/it\\\/#\\\/schema\\\/logo\\\/image\\\/\",\"url\":\"https:\\\/\\\/insektenliebe.com\\\/wp-content\\\/uploads\\\/2025\\\/03\\\/logo-white.png\",\"contentUrl\":\"https:\\\/\\\/insektenliebe.com\\\/wp-content\\\/uploads\\\/2025\\\/03\\\/logo-white.png\",\"width\":288,\"height\":188,\"caption\":\"Insektenliebe\"},\"image\":{\"@id\":\"https:\\\/\\\/insektenliebe.com\\\/it\\\/#\\\/schema\\\/logo\\\/image\\\/\"}}]}<\/script>\n<meta property=\"og:availability\" content=\"instock\" \/>\n<meta property=\"product:availability\" content=\"instock\" \/>\n<meta property=\"product:retailer_item_id\" content=\"860\" \/>\n<meta property=\"product:condition\" content=\"new\" \/>\n<!-- \/ Yoast SEO Premium plugin. -->","yoast_head_json":{"title":"Sportello di alimentazione per barattoli BraPlast - Insektenliebe","description":"Sportello di alimentazione per lattine BraPlast - con chiusura rapida, a tenuta di drosofila e ideale per facilitare l'alimentazione e l'abbeveraggio dei tuoi animali.","robots":{"index":"index","follow":"follow","max-snippet":"max-snippet:-1","max-image-preview":"max-image-preview:large","max-video-preview":"max-video-preview:-1"},"canonical":"https:\/\/insektenliebe.com\/it\/shop\/prodotto\/sportello-di-alimentazione-per-barattoli-braplast\/","og_locale":"it_IT","og_type":"article","og_title":"Sportello di alimentazione per barattoli BraPlast","og_description":"Sportello di alimentazione per lattine BraPlast - con chiusura rapida, a tenuta di drosofila e ideale per facilitare l'alimentazione e l'abbeveraggio dei tuoi animali.","og_url":"https:\/\/insektenliebe.com\/it\/shop\/prodotto\/sportello-di-alimentazione-per-barattoli-braplast\/","og_site_name":"Insektenliebe","article_modified_time":"2026-04-30T13:23:13+00:00","og_image":[{"width":820,"height":820,"url":"https:\/\/insektenliebe.com\/wp-content\/uploads\/2026\/04\/Futterluke-fuer-BraPlast-Dosen.jpg","type":"image\/jpeg"}],"twitter_card":"summary_large_image","twitter_misc":{"Disponibilit\u00e0":"In stock"},"schema":{"@context":"https:\/\/schema.org","@graph":[{"@type":"WebPage","@id":"https:\/\/insektenliebe.com\/it\/shop\/prodotto\/sportello-di-alimentazione-per-barattoli-braplast\/","url":"https:\/\/insektenliebe.com\/it\/shop\/prodotto\/sportello-di-alimentazione-per-barattoli-braplast\/","name":"Sportello di alimentazione per barattoli BraPlast - Insektenliebe","isPartOf":{"@id":"https:\/\/insektenliebe.com\/it\/#website"},"primaryImageOfPage":{"@id":"https:\/\/insektenliebe.com\/it\/shop\/prodotto\/sportello-di-alimentazione-per-barattoli-braplast\/#primaryimage"},"image":{"@id":"https:\/\/insektenliebe.com\/it\/shop\/prodotto\/sportello-di-alimentazione-per-barattoli-braplast\/#primaryimage"},"thumbnailUrl":"https:\/\/insektenliebe.com\/wp-content\/uploads\/2026\/04\/Futterluke-fuer-BraPlast-Dosen.jpg","datePublished":"2026-04-30T11:47:51+00:00","dateModified":"2026-04-30T13:23:13+00:00","description":"Sportello di alimentazione per lattine BraPlast - con chiusura rapida, a tenuta di drosofila e ideale per facilitare l'alimentazione e l'abbeveraggio dei tuoi animali.","breadcrumb":{"@id":"https:\/\/insektenliebe.com\/it\/shop\/prodotto\/sportello-di-alimentazione-per-barattoli-braplast\/#breadcrumb"},"inLanguage":"it-IT","potentialAction":[{"@type":"ReadAction","target":["https:\/\/insektenliebe.com\/it\/shop\/prodotto\/sportello-di-alimentazione-per-barattoli-braplast\/"]}]},{"@type":"ImageObject","inLanguage":"it-IT","@id":"https:\/\/insektenliebe.com\/it\/shop\/prodotto\/sportello-di-alimentazione-per-barattoli-braplast\/#primaryimage","url":"https:\/\/insektenliebe.com\/wp-content\/uploads\/2026\/04\/Futterluke-fuer-BraPlast-Dosen.jpg","contentUrl":"https:\/\/insektenliebe.com\/wp-content\/uploads\/2026\/04\/Futterluke-fuer-BraPlast-Dosen.jpg","width":820,"height":820,"caption":"Sportello di alimentazione per lattine BraPlast"},{"@type":"BreadcrumbList","@id":"https:\/\/insektenliebe.com\/it\/shop\/prodotto\/sportello-di-alimentazione-per-barattoli-braplast\/#breadcrumb","itemListElement":[{"@type":"ListItem","position":1,"name":"Startseite","item":"https:\/\/insektenliebe.com\/it\/"},{"@type":"ListItem","position":2,"name":"Negozio","item":"https:\/\/insektenliebe.com\/it\/negozio\/"},{"@type":"ListItem","position":3,"name":"Sportello di alimentazione per barattoli BraPlast"}]},{"@type":"WebSite","@id":"https:\/\/insektenliebe.com\/it\/#website","url":"https:\/\/insektenliebe.com\/it\/","name":"Insektenliebe","description":"Dein Zuhause f\u00fcr die kleinen Lebewesen","publisher":{"@id":"https:\/\/insektenliebe.com\/it\/#organization"},"potentialAction":[{"@type":"SearchAction","target":{"@type":"EntryPoint","urlTemplate":"https:\/\/insektenliebe.com\/it\/?s={search_term_string}"},"query-input":{"@type":"PropertyValueSpecification","valueRequired":true,"valueName":"search_term_string"}}],"inLanguage":"it-IT"},{"@type":"Organization","@id":"https:\/\/insektenliebe.com\/it\/#organization","name":"Insektenliebe","url":"https:\/\/insektenliebe.com\/it\/","logo":{"@type":"ImageObject","inLanguage":"it-IT","@id":"https:\/\/insektenliebe.com\/it\/#\/schema\/logo\/image\/","url":"https:\/\/insektenliebe.com\/wp-content\/uploads\/2025\/03\/logo-white.png","contentUrl":"https:\/\/insektenliebe.com\/wp-content\/uploads\/2025\/03\/logo-white.png","width":288,"height":188,"caption":"Insektenliebe"},"image":{"@id":"https:\/\/insektenliebe.com\/it\/#\/schema\/logo\/image\/"}}]},"og_availability":"instock","product_availability":"instock","product_retailer_item_id":"860","product_condition":"new"},"_links":{"self":[{"href":"https:\/\/insektenliebe.com\/it\/wp-json\/wp\/v2\/product\/202884","targetHints":{"allow":["GET"]}}],"collection":[{"href":"https:\/\/insektenliebe.com\/it\/wp-json\/wp\/v2\/product"}],"about":[{"href":"https:\/\/insektenliebe.com\/it\/wp-json\/wp\/v2\/types\/product"}],"wp:featuredmedia":[{"embeddable":true,"href":"https:\/\/insektenliebe.com\/it\/wp-json\/wp\/v2\/media\/202872"}],"wp:attachment":[{"href":"https:\/\/insektenliebe.com\/it\/wp-json\/wp\/v2\/media?parent=202884"}],"wp:term":[{"taxonomy":"product-supplier","embeddable":true,"href":"https:\/\/insektenliebe.com\/it\/wp-json\/wp\/v2\/product-supplier?post=202884"},{"taxonomy":"product_brand","embeddable":true,"href":"https:\/\/insektenliebe.com\/it\/wp-json\/wp\/v2\/product_brand?post=202884"},{"taxonomy":"product_cat","embeddable":true,"href":"https:\/\/insektenliebe.com\/it\/wp-json\/wp\/v2\/product_cat?post=202884"},{"taxonomy":"product_tag","embeddable":true,"href":"https:\/\/insektenliebe.com\/it\/wp-json\/wp\/v2\/product_tag?post=202884"},{"taxonomy":"lce-checkout-addons","embeddable":true,"href":"https:\/\/insektenliebe.com\/it\/wp-json\/wp\/v2\/lce-checkout-addons?post=202884"}],"curies":[{"name":"wp","href":"https:\/\/api.w.org\/{rel}","templated":true}]}}