{"id":202667,"date":"2026-04-12T17:05:10","date_gmt":"2026-04-12T15:05:10","guid":{"rendered":"https:\/\/insektenliebe.com\/shop\/produkt\/vite-della-pianta-repto\/"},"modified":"2026-04-12T17:05:10","modified_gmt":"2026-04-12T15:05:10","slug":"vite-della-pianta-repto","status":"publish","type":"product","link":"https:\/\/insektenliebe.com\/it\/shop\/prodotto\/vite-della-pianta-repto\/","title":{"rendered":"Vite della pianta Repto"},"content":{"rendered":"<h2><span class=\"s1\" style=\"color: #99cc33;\"><b>Viti per terrari - Semplicemente attaccate, immediatamente efficaci<\/b><\/span><\/h2>\n<p class=\"p1\">Il <span class=\"s2\"><b>Vite della pianta Repto<\/b><\/span><span class=\"s1\">  conferiscono immediatamente un aspetto naturale al tuo terrario, senza che tu debba preoccuparti della manutenzione. Le foglie sottili hanno un aspetto realistico e allo stesso tempo mantengono la loro forma in modo permanente. <\/span><\/p>\n<p class=\"p2\">Puoi scegliere tra <span class=\"s2\"><b>tre diversi colori<\/b><\/span><span class=\"s1\"> colori, permettendoti di personalizzare la tua configurazione.<\/span><\/p>\n<h3><span class=\"s1\" style=\"color: #99cc33;\"><b>Attacco semplice con ventosa<\/b><\/span><\/h3>\n<p class=\"p1\">Grazie alla ventosa integrata <span class=\"s2\"><b>ventosa<\/b><\/span><span class=\"s1\">  puoi fissare le viti in modo rapido e sicuro al disco del terrario. In questo modo risparmierai tempo e potrai cambiare la posizione in qualsiasi momento. <\/span><\/p>\n<p class=\"p2\">Le viti tengono in modo affidabile, mentre possono essere allineate in modo flessibile.<\/p>\n<h3><span class=\"s1\" style=\"color: #99cc33;\"><b>Lunghezza flessibile per un design creativo<\/b><\/span><\/h3>\n<p class=\"p1\">Con una lunghezza di <span class=\"s2\"><b>60 cm<\/b><\/span><span class=\"s1\">  i rampicanti offrono molte possibilit\u00e0. Puoi usarli appesi, sovrapporli ai rami o usarli in modo specifico come collegamento tra diversi livelli. <\/span><\/p>\n<p class=\"p2\">In questo modo si crea una maggiore profondit\u00e0 nel terrario, creando allo stesso tempo ulteriori aree di arrampicata.<\/p>\n<h3><span class=\"s1\" style=\"color: #99cc33;\"><b>Ideale per molti animali da terrario<\/b><\/span><\/h3>\n<p class=\"p4\">Le rampicanti Repto Plant sono perfette per:<\/p>\n<ul>\n<li><span class=\"s1\"><b>Ragni che saltano<\/b><\/span><\/li>\n<li><span class=\"s1\"><b>Gechi<\/b><\/span><\/li>\n<li><span class=\"s1\"><b>Mantidi<\/b><\/span><\/li>\n<li><span class=\"s1\"><b>Tarantole che vivono sugli alberi<\/b><\/span><\/li>\n<\/ul>\n<p class=\"p2\">Gli animali utilizzano attivamente la struttura e allo stesso tempo hanno a disposizione ulteriori possibilit\u00e0 di ritirarsi.<\/p>\n<h3><span class=\"s1\" style=\"color: #99cc33;\"><b>I vantaggi in sintesi<\/b><\/span><\/h3>\n<ul>\n<li><span class=\"s1\"><b>60 cm di lunghezza<\/b><\/span><span class=\"s2\"> - Utilizzo flessibile<\/span><\/li>\n<li><span class=\"s1\"><b>Tre varianti di colore<\/b><\/span><span class=\"s2\"> tra cui scegliere<\/span><\/li>\n<li><span class=\"s1\"><b>Con ventosa<\/b><\/span><span class=\"s2\"> - Attacco semplice<\/span><\/li>\n<li><span class=\"s1\">Facile da pulire e resistente<\/span><\/li>\n<li><span class=\"s1\">Ideale per <\/span><span class=\"s2\"><b>Arrampicata e costruzione di strutture<\/b><\/span><\/li>\n<\/ul>\n<h3><span class=\"s1\" style=\"color: #99cc33;\"><b>Conclusione<\/b><\/span><\/h3>\n<p class=\"p1\">Il <span class=\"s2\"><b>Vite della pianta Repto<\/b><\/span><span class=\"s1\">  sono un modo semplice ed efficace per valorizzare il tuo terrario. Creano una struttura, offrono la possibilit\u00e0 di arrampicarsi e allo stesso tempo hanno un aspetto naturale. <\/span><\/p>\n<p class=\"p1\">Perfetto per tutti coloro che <span class=\"s2\"><b>pi\u00f9 profondit\u00e0, pi\u00f9 funzionalit\u00e0 e meno manutenzione<\/b><\/span><span class=\"s1\"> vogliono. <\/span> <\/p>\n","protected":false},"excerpt":{"rendered":"<p>Viti per terrari - Semplicemente attaccate, immediatamente efficaci Il Vite della pianta Repto conferiscono immediatamente un aspetto naturale al tuo terrario, senza che tu debba preoccuparti della manutenzione. Le foglie sottili hanno un aspetto realistico e allo stesso tempo mantengono la loro forma in modo permanente. Puoi scegliere tra tre diversi colori colori, permettendoti di [&hellip;]<\/p>\n","protected":false},"featured_media":202664,"template":"","meta":{"_acf_changed":false},"product-supplier":[],"product_brand":[3910],"product_cat":[3142],"product_tag":[],"lce-checkout-addons":[],"class_list":{"0":"post-202667","1":"product","2":"type-product","3":"status-publish","4":"has-post-thumbnail","6":"product_brand-repto","7":"product_cat-piante-artificiali","8":"product_shipping_class-equipment-shipping","10":"first","11":"instock","12":"taxable","13":"shipping-taxable","14":"purchasable","15":"product-type-variable"},"acf":[],"yoast_head":"<!-- This site is optimized with the Yoast SEO Premium plugin v26.8 (Yoast SEO v27.3) - https:\/\/yoast.com\/product\/yoast-seo-premium-wordpress\/ -->\n<title>Vite della pianta Repto - Insektenliebe<\/title>\n<meta name=\"description\" content=\"Repto Plant Vines - Pianta artificiale lunga 60 cm con ventosa. Perfetta per dare struttura, possibilit\u00e0 di arrampicarsi e un aspetto naturale al terrario.\" \/>\n<meta name=\"robots\" content=\"index, follow, max-snippet:-1, max-image-preview:large, max-video-preview:-1\" \/>\n<link rel=\"canonical\" href=\"https:\/\/insektenliebe.com\/it\/shop\/prodotto\/vite-della-pianta-repto\/\" \/>\n<meta property=\"og:locale\" content=\"it_IT\" \/>\n<meta property=\"og:type\" content=\"article\" \/>\n<meta property=\"og:title\" content=\"Vite della pianta Repto\" \/>\n<meta property=\"og:description\" content=\"Repto Plant Vines - Pianta artificiale lunga 60 cm con ventosa. Perfetta per dare struttura, possibilit\u00e0 di arrampicarsi e un aspetto naturale al terrario.\" \/>\n<meta property=\"og:url\" content=\"https:\/\/insektenliebe.com\/it\/shop\/prodotto\/vite-della-pianta-repto\/\" \/>\n<meta property=\"og:site_name\" content=\"Insektenliebe\" \/>\n<meta property=\"og:image\" content=\"https:\/\/insektenliebe.com\/wp-content\/uploads\/2026\/04\/Repto-Plant-Reben.jpg\" \/>\n\t<meta property=\"og:image:width\" content=\"820\" \/>\n\t<meta property=\"og:image:height\" content=\"820\" \/>\n\t<meta property=\"og:image:type\" content=\"image\/jpeg\" \/>\n<meta name=\"twitter:card\" content=\"summary_large_image\" \/>\n<meta name=\"twitter:label1\" content=\"Disponibilit\u00e0\" \/>\n\t<meta name=\"twitter:data1\" content=\"In stock\" \/>\n<script type=\"application\/ld+json\" class=\"yoast-schema-graph\">{\"@context\":\"https:\\\/\\\/schema.org\",\"@graph\":[{\"@type\":\"WebPage\",\"@id\":\"https:\\\/\\\/insektenliebe.com\\\/it\\\/shop\\\/prodotto\\\/vite-della-pianta-repto\\\/\",\"url\":\"https:\\\/\\\/insektenliebe.com\\\/it\\\/shop\\\/prodotto\\\/vite-della-pianta-repto\\\/\",\"name\":\"Vite della pianta Repto - Insektenliebe\",\"isPartOf\":{\"@id\":\"https:\\\/\\\/insektenliebe.com\\\/it\\\/#website\"},\"primaryImageOfPage\":{\"@id\":\"https:\\\/\\\/insektenliebe.com\\\/it\\\/shop\\\/prodotto\\\/vite-della-pianta-repto\\\/#primaryimage\"},\"image\":{\"@id\":\"https:\\\/\\\/insektenliebe.com\\\/it\\\/shop\\\/prodotto\\\/vite-della-pianta-repto\\\/#primaryimage\"},\"thumbnailUrl\":\"https:\\\/\\\/insektenliebe.com\\\/wp-content\\\/uploads\\\/2026\\\/04\\\/Repto-Plant-Reben.jpg\",\"datePublished\":\"2026-04-12T15:05:10+00:00\",\"description\":\"Repto Plant Vines - Pianta artificiale lunga 60 cm con ventosa. Perfetta per dare struttura, possibilit\u00e0 di arrampicarsi e un aspetto naturale al terrario.\",\"breadcrumb\":{\"@id\":\"https:\\\/\\\/insektenliebe.com\\\/it\\\/shop\\\/prodotto\\\/vite-della-pianta-repto\\\/#breadcrumb\"},\"inLanguage\":\"it-IT\",\"potentialAction\":[{\"@type\":\"ReadAction\",\"target\":[\"https:\\\/\\\/insektenliebe.com\\\/it\\\/shop\\\/prodotto\\\/vite-della-pianta-repto\\\/\"]}]},{\"@type\":\"ImageObject\",\"inLanguage\":\"it-IT\",\"@id\":\"https:\\\/\\\/insektenliebe.com\\\/it\\\/shop\\\/prodotto\\\/vite-della-pianta-repto\\\/#primaryimage\",\"url\":\"https:\\\/\\\/insektenliebe.com\\\/wp-content\\\/uploads\\\/2026\\\/04\\\/Repto-Plant-Reben.jpg\",\"contentUrl\":\"https:\\\/\\\/insektenliebe.com\\\/wp-content\\\/uploads\\\/2026\\\/04\\\/Repto-Plant-Reben.jpg\",\"width\":820,\"height\":820,\"caption\":\"Vite della pianta Repto\"},{\"@type\":\"BreadcrumbList\",\"@id\":\"https:\\\/\\\/insektenliebe.com\\\/it\\\/shop\\\/prodotto\\\/vite-della-pianta-repto\\\/#breadcrumb\",\"itemListElement\":[{\"@type\":\"ListItem\",\"position\":1,\"name\":\"Startseite\",\"item\":\"https:\\\/\\\/insektenliebe.com\\\/it\\\/\"},{\"@type\":\"ListItem\",\"position\":2,\"name\":\"Negozio\",\"item\":\"https:\\\/\\\/insektenliebe.com\\\/it\\\/negozio\\\/\"},{\"@type\":\"ListItem\",\"position\":3,\"name\":\"Vite della pianta Repto\"}]},{\"@type\":\"WebSite\",\"@id\":\"https:\\\/\\\/insektenliebe.com\\\/it\\\/#website\",\"url\":\"https:\\\/\\\/insektenliebe.com\\\/it\\\/\",\"name\":\"Insektenliebe\",\"description\":\"Dein Zuhause f\u00fcr die kleinen Lebewesen\",\"publisher\":{\"@id\":\"https:\\\/\\\/insektenliebe.com\\\/it\\\/#organization\"},\"potentialAction\":[{\"@type\":\"SearchAction\",\"target\":{\"@type\":\"EntryPoint\",\"urlTemplate\":\"https:\\\/\\\/insektenliebe.com\\\/it\\\/?s={search_term_string}\"},\"query-input\":{\"@type\":\"PropertyValueSpecification\",\"valueRequired\":true,\"valueName\":\"search_term_string\"}}],\"inLanguage\":\"it-IT\"},{\"@type\":\"Organization\",\"@id\":\"https:\\\/\\\/insektenliebe.com\\\/it\\\/#organization\",\"name\":\"Insektenliebe\",\"url\":\"https:\\\/\\\/insektenliebe.com\\\/it\\\/\",\"logo\":{\"@type\":\"ImageObject\",\"inLanguage\":\"it-IT\",\"@id\":\"https:\\\/\\\/insektenliebe.com\\\/it\\\/#\\\/schema\\\/logo\\\/image\\\/\",\"url\":\"https:\\\/\\\/insektenliebe.com\\\/wp-content\\\/uploads\\\/2025\\\/03\\\/logo-white.png\",\"contentUrl\":\"https:\\\/\\\/insektenliebe.com\\\/wp-content\\\/uploads\\\/2025\\\/03\\\/logo-white.png\",\"width\":288,\"height\":188,\"caption\":\"Insektenliebe\"},\"image\":{\"@id\":\"https:\\\/\\\/insektenliebe.com\\\/it\\\/#\\\/schema\\\/logo\\\/image\\\/\"}}]}<\/script>\n<meta property=\"og:availability\" content=\"instock\" \/>\n<meta property=\"product:availability\" content=\"instock\" \/>\n<meta property=\"product:retailer_item_id\" content=\"859\" \/>\n<meta property=\"product:condition\" content=\"new\" \/>\n<!-- \/ Yoast SEO Premium plugin. -->","yoast_head_json":{"title":"Vite della pianta Repto - Insektenliebe","description":"Repto Plant Vines - Pianta artificiale lunga 60 cm con ventosa. Perfetta per dare struttura, possibilit\u00e0 di arrampicarsi e un aspetto naturale al terrario.","robots":{"index":"index","follow":"follow","max-snippet":"max-snippet:-1","max-image-preview":"max-image-preview:large","max-video-preview":"max-video-preview:-1"},"canonical":"https:\/\/insektenliebe.com\/it\/shop\/prodotto\/vite-della-pianta-repto\/","og_locale":"it_IT","og_type":"article","og_title":"Vite della pianta Repto","og_description":"Repto Plant Vines - Pianta artificiale lunga 60 cm con ventosa. Perfetta per dare struttura, possibilit\u00e0 di arrampicarsi e un aspetto naturale al terrario.","og_url":"https:\/\/insektenliebe.com\/it\/shop\/prodotto\/vite-della-pianta-repto\/","og_site_name":"Insektenliebe","og_image":[{"width":820,"height":820,"url":"https:\/\/insektenliebe.com\/wp-content\/uploads\/2026\/04\/Repto-Plant-Reben.jpg","type":"image\/jpeg"}],"twitter_card":"summary_large_image","twitter_misc":{"Disponibilit\u00e0":"In stock"},"schema":{"@context":"https:\/\/schema.org","@graph":[{"@type":"WebPage","@id":"https:\/\/insektenliebe.com\/it\/shop\/prodotto\/vite-della-pianta-repto\/","url":"https:\/\/insektenliebe.com\/it\/shop\/prodotto\/vite-della-pianta-repto\/","name":"Vite della pianta Repto - Insektenliebe","isPartOf":{"@id":"https:\/\/insektenliebe.com\/it\/#website"},"primaryImageOfPage":{"@id":"https:\/\/insektenliebe.com\/it\/shop\/prodotto\/vite-della-pianta-repto\/#primaryimage"},"image":{"@id":"https:\/\/insektenliebe.com\/it\/shop\/prodotto\/vite-della-pianta-repto\/#primaryimage"},"thumbnailUrl":"https:\/\/insektenliebe.com\/wp-content\/uploads\/2026\/04\/Repto-Plant-Reben.jpg","datePublished":"2026-04-12T15:05:10+00:00","description":"Repto Plant Vines - Pianta artificiale lunga 60 cm con ventosa. Perfetta per dare struttura, possibilit\u00e0 di arrampicarsi e un aspetto naturale al terrario.","breadcrumb":{"@id":"https:\/\/insektenliebe.com\/it\/shop\/prodotto\/vite-della-pianta-repto\/#breadcrumb"},"inLanguage":"it-IT","potentialAction":[{"@type":"ReadAction","target":["https:\/\/insektenliebe.com\/it\/shop\/prodotto\/vite-della-pianta-repto\/"]}]},{"@type":"ImageObject","inLanguage":"it-IT","@id":"https:\/\/insektenliebe.com\/it\/shop\/prodotto\/vite-della-pianta-repto\/#primaryimage","url":"https:\/\/insektenliebe.com\/wp-content\/uploads\/2026\/04\/Repto-Plant-Reben.jpg","contentUrl":"https:\/\/insektenliebe.com\/wp-content\/uploads\/2026\/04\/Repto-Plant-Reben.jpg","width":820,"height":820,"caption":"Vite della pianta Repto"},{"@type":"BreadcrumbList","@id":"https:\/\/insektenliebe.com\/it\/shop\/prodotto\/vite-della-pianta-repto\/#breadcrumb","itemListElement":[{"@type":"ListItem","position":1,"name":"Startseite","item":"https:\/\/insektenliebe.com\/it\/"},{"@type":"ListItem","position":2,"name":"Negozio","item":"https:\/\/insektenliebe.com\/it\/negozio\/"},{"@type":"ListItem","position":3,"name":"Vite della pianta Repto"}]},{"@type":"WebSite","@id":"https:\/\/insektenliebe.com\/it\/#website","url":"https:\/\/insektenliebe.com\/it\/","name":"Insektenliebe","description":"Dein Zuhause f\u00fcr die kleinen Lebewesen","publisher":{"@id":"https:\/\/insektenliebe.com\/it\/#organization"},"potentialAction":[{"@type":"SearchAction","target":{"@type":"EntryPoint","urlTemplate":"https:\/\/insektenliebe.com\/it\/?s={search_term_string}"},"query-input":{"@type":"PropertyValueSpecification","valueRequired":true,"valueName":"search_term_string"}}],"inLanguage":"it-IT"},{"@type":"Organization","@id":"https:\/\/insektenliebe.com\/it\/#organization","name":"Insektenliebe","url":"https:\/\/insektenliebe.com\/it\/","logo":{"@type":"ImageObject","inLanguage":"it-IT","@id":"https:\/\/insektenliebe.com\/it\/#\/schema\/logo\/image\/","url":"https:\/\/insektenliebe.com\/wp-content\/uploads\/2025\/03\/logo-white.png","contentUrl":"https:\/\/insektenliebe.com\/wp-content\/uploads\/2025\/03\/logo-white.png","width":288,"height":188,"caption":"Insektenliebe"},"image":{"@id":"https:\/\/insektenliebe.com\/it\/#\/schema\/logo\/image\/"}}]},"og_availability":"instock","product_availability":"instock","product_retailer_item_id":"859","product_condition":"new"},"_links":{"self":[{"href":"https:\/\/insektenliebe.com\/it\/wp-json\/wp\/v2\/product\/202667","targetHints":{"allow":["GET"]}}],"collection":[{"href":"https:\/\/insektenliebe.com\/it\/wp-json\/wp\/v2\/product"}],"about":[{"href":"https:\/\/insektenliebe.com\/it\/wp-json\/wp\/v2\/types\/product"}],"wp:featuredmedia":[{"embeddable":true,"href":"https:\/\/insektenliebe.com\/it\/wp-json\/wp\/v2\/media\/202664"}],"wp:attachment":[{"href":"https:\/\/insektenliebe.com\/it\/wp-json\/wp\/v2\/media?parent=202667"}],"wp:term":[{"taxonomy":"product-supplier","embeddable":true,"href":"https:\/\/insektenliebe.com\/it\/wp-json\/wp\/v2\/product-supplier?post=202667"},{"taxonomy":"product_brand","embeddable":true,"href":"https:\/\/insektenliebe.com\/it\/wp-json\/wp\/v2\/product_brand?post=202667"},{"taxonomy":"product_cat","embeddable":true,"href":"https:\/\/insektenliebe.com\/it\/wp-json\/wp\/v2\/product_cat?post=202667"},{"taxonomy":"product_tag","embeddable":true,"href":"https:\/\/insektenliebe.com\/it\/wp-json\/wp\/v2\/product_tag?post=202667"},{"taxonomy":"lce-checkout-addons","embeddable":true,"href":"https:\/\/insektenliebe.com\/it\/wp-json\/wp\/v2\/lce-checkout-addons?post=202667"}],"curies":[{"name":"wp","href":"https:\/\/api.w.org\/{rel}","templated":true}]}}