{"id":201396,"date":"2026-04-23T17:39:18","date_gmt":"2026-04-23T15:39:18","guid":{"rendered":"https:\/\/insektenliebe.com\/shop\/produkt\/heteropteryx-dilatata\/"},"modified":"2026-04-23T17:39:18","modified_gmt":"2026-04-23T15:39:18","slug":"heteropteryx-dilatata","status":"publish","type":"product","link":"https:\/\/insektenliebe.com\/it\/shop\/prodotto\/heteropteryx-dilatata\/","title":{"rendered":"Heteropteryx dilatata"},"content":{"rendered":"<h3><span class=\"s1\" style=\"color: #99cc33;\">Heteropteryx dilatata - L&#8217;impressionante insetto fantasma gigante<\/span><\/h3>\n<p class=\"p1\"><strong><span class=\"s1\">Heteropteryx dilatata<\/span><\/strong><span class=\"s2\"> nota anche come ninfa della giungla, \u00e8 uno dei pi\u00f9 grandi <\/span><span class=\"s1\">terrori spettrali pi\u00f9 grandi e impressionanti<\/span><span class=\"s2\">che puoi tenere in un terrario. Questa specie \u00e8 originaria della   <\/span><span class=\"s1\">foreste pluviali tropicali della Malesia<\/span><span class=\"s2\">per questo ha bisogno di un clima caldo e umido.<\/span><\/p>\n<p class=\"p1\"><span class=\"s2\">Le femmine raggiungono dimensioni considerevoli e appaiono particolarmente massicce grazie al loro fisico robusto.  <\/span><span class=\"s2\">I maschi rimangono molto pi\u00f9 snelli e agili e questo crea un&#8217;interessante differenza all&#8217;interno della specie.<\/span><\/p>\n<p class=\"p1\"><span class=\"s2\">Il comportamento di <\/span><strong><span class=\"s1\">Heteropteryx dilatata<\/span><\/strong><span class=\"s2\">  Durante il giorno sono per lo pi\u00f9 silenziosi e si mimetizzano bene sui rami. Non appena fa buio, gli animali diventano attivi e iniziano a mangiare o a muoversi. <\/span><\/p>\n<p class=\"p1\"><span class=\"s2\">Per la conservazione, si consiglia un <\/span><span class=\"s1\">un terrario ben ventilato e piuttosto alto<\/span><span class=\"s2\">poich\u00e9 gli animali devono arrampicarsi e appendersi liberamente per fare la muta. Per una coppia dovresti avere almeno   <\/span><span class=\"s1\">40 \u00d7 40 \u00d7 60 cm<\/span><span class=\"s2\"> anche se pi\u00f9 spazio \u00e8 sempre un vantaggio.<\/span><\/p>\n<p class=\"p1\"><span class=\"s2\">L&#8217;ideale sarebbe mantenere le temperature a <\/span><span class=\"s1\">24-28 \u00b0C<\/span><span class=\"s2\">mentre possono diminuire leggermente di notte. Allo stesso tempo, il   <\/span><span class=\"s1\">l&#8217;umidit\u00e0 dovrebbe essere intorno al 70-80<\/span><span class=\"s2\"> in modo che gli animali possano fare la muta senza problemi.<\/span><\/p>\n<p class=\"p1\"><span class=\"s2\">Puoi ottenere questi valori spruzzando regolarmente il terrario. In questo modo si creano piccole gocce d&#8217;acqua che vengono assorbite attivamente dagli animali. <\/span><\/p>\n<p class=\"p1\"><span class=\"s2\">Questa specie \u00e8 piacevolmente poco complicata per quanto riguarda l&#8217;alimentazione. Particolarmente adatti sono   <\/span><span class=\"s1\">Foglie di mora<\/span><span class=\"s2\">che vengono consumati in modo affidabile. Inoltre, puoi anche  <\/span><span class=\"s1\">quercia o altre foglie adatte<\/span><span class=\"s2\"> in modo da creare una dieta varia.<\/span><\/p>\n<p class=\"p1\"><span class=\"s2\">\u00c8 importante offrire sempre cibo fresco, perch\u00e9 gli animali reagiscono in modo sensibile alle foglie vecchie o secche.<\/span><\/p>\n<p class=\"p1\"><span class=\"s2\">La femmina mostra un comportamento particolare quando viene disturbata. Pu\u00f2 distendere le zampe posteriori e produrre un   <\/span><span class=\"s1\">comportamento difensivo<\/span><span class=\"s2\">  mostrano. Allo stesso tempo, per\u00f2, gli animali non sono aggressivi, ma si affidano piuttosto alla deterrenza. <\/span><\/p>\n<p class=\"p1\"><span class=\"s2\">Grazie alle sue <\/span><span class=\"s1\">la sua dimensione, il suo contegno calmo e il suo aspetto imponente<\/span><span class=\"s2\"> \u00e8 <\/span><strong><span class=\"s1\">Heteropteryx dilatata<\/span><\/strong><span class=\"s2\"> \u00e8 la scelta ideale per gli allevatori che vogliono tenere un animale grande e affascinante.<\/span><\/p>\n","protected":false},"excerpt":{"rendered":"<p>Heteropteryx dilatata - L&#8217;impressionante insetto fantasma gigante Heteropteryx dilatata nota anche come ninfa della giungla, \u00e8 uno dei pi\u00f9 grandi terrori spettrali pi\u00f9 grandi e impressionantiche puoi tenere in un terrario. Questa specie \u00e8 originaria della foreste pluviali tropicali della Malesiaper questo ha bisogno di un clima caldo e umido. Le femmine raggiungono dimensioni considerevoli [&hellip;]<\/p>\n","protected":false},"featured_media":201379,"template":"","meta":{"_acf_changed":false},"product-supplier":[],"product_brand":[],"product_cat":[2829],"product_tag":[],"lce-checkout-addons":[2746],"class_list":{"0":"post-201396","1":"product","2":"type-product","3":"status-publish","4":"has-post-thumbnail","6":"product_cat-altri-invertebrati","7":"product_shipping_class-spedizione-di-animali","8":"pa_geschlecht-donna","9":"pa_geschlecht-uomo","10":"pa_herkunft-malesia","11":"pa_kontinent-asia","12":"lce-checkout-addons-imballaggio-invernale","14":"first","15":"instock","16":"taxable","17":"shipping-taxable","18":"purchasable","19":"product-type-variable"},"acf":[],"yoast_head":"<!-- This site is optimized with the Yoast SEO Premium plugin v26.8 (Yoast SEO v27.3) - https:\/\/yoast.com\/product\/yoast-seo-premium-wordpress\/ -->\n<title>Heteropteryx dilatata - Insektenliebe<\/title>\n<meta name=\"description\" content=\"Heteropteryx dilatata &quot;Jungle Nymph&quot; - impressionante cavalletta fantasma proveniente dalla Malesia. Robusta, grande e ideale per terrari caldi e umidi.\" \/>\n<meta name=\"robots\" content=\"index, follow, max-snippet:-1, max-image-preview:large, max-video-preview:-1\" \/>\n<link rel=\"canonical\" href=\"https:\/\/insektenliebe.com\/it\/shop\/prodotto\/heteropteryx-dilatata\/\" \/>\n<meta property=\"og:locale\" content=\"it_IT\" \/>\n<meta property=\"og:type\" content=\"article\" \/>\n<meta property=\"og:title\" content=\"Heteropteryx dilatata\" \/>\n<meta property=\"og:description\" content=\"Heteropteryx dilatata &quot;Jungle Nymph&quot; - impressionante cavalletta fantasma proveniente dalla Malesia. Robusta, grande e ideale per terrari caldi e umidi.\" \/>\n<meta property=\"og:url\" content=\"https:\/\/insektenliebe.com\/it\/shop\/prodotto\/heteropteryx-dilatata\/\" \/>\n<meta property=\"og:site_name\" content=\"Insektenliebe\" \/>\n<meta property=\"og:image\" content=\"https:\/\/insektenliebe.com\/wp-content\/uploads\/2026\/04\/Heteropteryx-dilatata.jpg\" \/>\n\t<meta property=\"og:image:width\" content=\"820\" \/>\n\t<meta property=\"og:image:height\" content=\"820\" \/>\n\t<meta property=\"og:image:type\" content=\"image\/jpeg\" \/>\n<meta name=\"twitter:card\" content=\"summary_large_image\" \/>\n<meta name=\"twitter:label1\" content=\"Disponibilit\u00e0\" \/>\n\t<meta name=\"twitter:data1\" content=\"In stock\" \/>\n<script type=\"application\/ld+json\" class=\"yoast-schema-graph\">{\"@context\":\"https:\\\/\\\/schema.org\",\"@graph\":[{\"@type\":\"WebPage\",\"@id\":\"https:\\\/\\\/insektenliebe.com\\\/it\\\/shop\\\/prodotto\\\/heteropteryx-dilatata\\\/\",\"url\":\"https:\\\/\\\/insektenliebe.com\\\/it\\\/shop\\\/prodotto\\\/heteropteryx-dilatata\\\/\",\"name\":\"Heteropteryx dilatata - Insektenliebe\",\"isPartOf\":{\"@id\":\"https:\\\/\\\/insektenliebe.com\\\/it\\\/#website\"},\"primaryImageOfPage\":{\"@id\":\"https:\\\/\\\/insektenliebe.com\\\/it\\\/shop\\\/prodotto\\\/heteropteryx-dilatata\\\/#primaryimage\"},\"image\":{\"@id\":\"https:\\\/\\\/insektenliebe.com\\\/it\\\/shop\\\/prodotto\\\/heteropteryx-dilatata\\\/#primaryimage\"},\"thumbnailUrl\":\"https:\\\/\\\/insektenliebe.com\\\/wp-content\\\/uploads\\\/2026\\\/04\\\/Heteropteryx-dilatata.jpg\",\"datePublished\":\"2026-04-23T15:39:18+00:00\",\"description\":\"Heteropteryx dilatata \\\"Jungle Nymph\\\" - impressionante cavalletta fantasma proveniente dalla Malesia. Robusta, grande e ideale per terrari caldi e umidi.\",\"breadcrumb\":{\"@id\":\"https:\\\/\\\/insektenliebe.com\\\/it\\\/shop\\\/prodotto\\\/heteropteryx-dilatata\\\/#breadcrumb\"},\"inLanguage\":\"it-IT\",\"potentialAction\":[{\"@type\":\"ReadAction\",\"target\":[\"https:\\\/\\\/insektenliebe.com\\\/it\\\/shop\\\/prodotto\\\/heteropteryx-dilatata\\\/\"]}]},{\"@type\":\"ImageObject\",\"inLanguage\":\"it-IT\",\"@id\":\"https:\\\/\\\/insektenliebe.com\\\/it\\\/shop\\\/prodotto\\\/heteropteryx-dilatata\\\/#primaryimage\",\"url\":\"https:\\\/\\\/insektenliebe.com\\\/wp-content\\\/uploads\\\/2026\\\/04\\\/Heteropteryx-dilatata.jpg\",\"contentUrl\":\"https:\\\/\\\/insektenliebe.com\\\/wp-content\\\/uploads\\\/2026\\\/04\\\/Heteropteryx-dilatata.jpg\",\"width\":820,\"height\":820,\"caption\":\"Heteropteryx dilatata\"},{\"@type\":\"BreadcrumbList\",\"@id\":\"https:\\\/\\\/insektenliebe.com\\\/it\\\/shop\\\/prodotto\\\/heteropteryx-dilatata\\\/#breadcrumb\",\"itemListElement\":[{\"@type\":\"ListItem\",\"position\":1,\"name\":\"Startseite\",\"item\":\"https:\\\/\\\/insektenliebe.com\\\/it\\\/\"},{\"@type\":\"ListItem\",\"position\":2,\"name\":\"Negozio\",\"item\":\"https:\\\/\\\/insektenliebe.com\\\/it\\\/negozio\\\/\"},{\"@type\":\"ListItem\",\"position\":3,\"name\":\"Heteropteryx dilatata\"}]},{\"@type\":\"WebSite\",\"@id\":\"https:\\\/\\\/insektenliebe.com\\\/it\\\/#website\",\"url\":\"https:\\\/\\\/insektenliebe.com\\\/it\\\/\",\"name\":\"Insektenliebe\",\"description\":\"Dein Zuhause f\u00fcr die kleinen Lebewesen\",\"publisher\":{\"@id\":\"https:\\\/\\\/insektenliebe.com\\\/it\\\/#organization\"},\"potentialAction\":[{\"@type\":\"SearchAction\",\"target\":{\"@type\":\"EntryPoint\",\"urlTemplate\":\"https:\\\/\\\/insektenliebe.com\\\/it\\\/?s={search_term_string}\"},\"query-input\":{\"@type\":\"PropertyValueSpecification\",\"valueRequired\":true,\"valueName\":\"search_term_string\"}}],\"inLanguage\":\"it-IT\"},{\"@type\":\"Organization\",\"@id\":\"https:\\\/\\\/insektenliebe.com\\\/it\\\/#organization\",\"name\":\"Insektenliebe\",\"url\":\"https:\\\/\\\/insektenliebe.com\\\/it\\\/\",\"logo\":{\"@type\":\"ImageObject\",\"inLanguage\":\"it-IT\",\"@id\":\"https:\\\/\\\/insektenliebe.com\\\/it\\\/#\\\/schema\\\/logo\\\/image\\\/\",\"url\":\"https:\\\/\\\/insektenliebe.com\\\/wp-content\\\/uploads\\\/2025\\\/03\\\/logo-white.png\",\"contentUrl\":\"https:\\\/\\\/insektenliebe.com\\\/wp-content\\\/uploads\\\/2025\\\/03\\\/logo-white.png\",\"width\":288,\"height\":188,\"caption\":\"Insektenliebe\"},\"image\":{\"@id\":\"https:\\\/\\\/insektenliebe.com\\\/it\\\/#\\\/schema\\\/logo\\\/image\\\/\"}}]}<\/script>\n<meta property=\"og:availability\" content=\"instock\" \/>\n<meta property=\"product:availability\" content=\"instock\" \/>\n<meta property=\"product:retailer_item_id\" content=\"854\" \/>\n<meta property=\"product:condition\" content=\"new\" \/>\n<!-- \/ Yoast SEO Premium plugin. -->","yoast_head_json":{"title":"Heteropteryx dilatata - Insektenliebe","description":"Heteropteryx dilatata \"Jungle Nymph\" - impressionante cavalletta fantasma proveniente dalla Malesia. Robusta, grande e ideale per terrari caldi e umidi.","robots":{"index":"index","follow":"follow","max-snippet":"max-snippet:-1","max-image-preview":"max-image-preview:large","max-video-preview":"max-video-preview:-1"},"canonical":"https:\/\/insektenliebe.com\/it\/shop\/prodotto\/heteropteryx-dilatata\/","og_locale":"it_IT","og_type":"article","og_title":"Heteropteryx dilatata","og_description":"Heteropteryx dilatata \"Jungle Nymph\" - impressionante cavalletta fantasma proveniente dalla Malesia. Robusta, grande e ideale per terrari caldi e umidi.","og_url":"https:\/\/insektenliebe.com\/it\/shop\/prodotto\/heteropteryx-dilatata\/","og_site_name":"Insektenliebe","og_image":[{"width":820,"height":820,"url":"https:\/\/insektenliebe.com\/wp-content\/uploads\/2026\/04\/Heteropteryx-dilatata.jpg","type":"image\/jpeg"}],"twitter_card":"summary_large_image","twitter_misc":{"Disponibilit\u00e0":"In stock"},"schema":{"@context":"https:\/\/schema.org","@graph":[{"@type":"WebPage","@id":"https:\/\/insektenliebe.com\/it\/shop\/prodotto\/heteropteryx-dilatata\/","url":"https:\/\/insektenliebe.com\/it\/shop\/prodotto\/heteropteryx-dilatata\/","name":"Heteropteryx dilatata - Insektenliebe","isPartOf":{"@id":"https:\/\/insektenliebe.com\/it\/#website"},"primaryImageOfPage":{"@id":"https:\/\/insektenliebe.com\/it\/shop\/prodotto\/heteropteryx-dilatata\/#primaryimage"},"image":{"@id":"https:\/\/insektenliebe.com\/it\/shop\/prodotto\/heteropteryx-dilatata\/#primaryimage"},"thumbnailUrl":"https:\/\/insektenliebe.com\/wp-content\/uploads\/2026\/04\/Heteropteryx-dilatata.jpg","datePublished":"2026-04-23T15:39:18+00:00","description":"Heteropteryx dilatata \"Jungle Nymph\" - impressionante cavalletta fantasma proveniente dalla Malesia. Robusta, grande e ideale per terrari caldi e umidi.","breadcrumb":{"@id":"https:\/\/insektenliebe.com\/it\/shop\/prodotto\/heteropteryx-dilatata\/#breadcrumb"},"inLanguage":"it-IT","potentialAction":[{"@type":"ReadAction","target":["https:\/\/insektenliebe.com\/it\/shop\/prodotto\/heteropteryx-dilatata\/"]}]},{"@type":"ImageObject","inLanguage":"it-IT","@id":"https:\/\/insektenliebe.com\/it\/shop\/prodotto\/heteropteryx-dilatata\/#primaryimage","url":"https:\/\/insektenliebe.com\/wp-content\/uploads\/2026\/04\/Heteropteryx-dilatata.jpg","contentUrl":"https:\/\/insektenliebe.com\/wp-content\/uploads\/2026\/04\/Heteropteryx-dilatata.jpg","width":820,"height":820,"caption":"Heteropteryx dilatata"},{"@type":"BreadcrumbList","@id":"https:\/\/insektenliebe.com\/it\/shop\/prodotto\/heteropteryx-dilatata\/#breadcrumb","itemListElement":[{"@type":"ListItem","position":1,"name":"Startseite","item":"https:\/\/insektenliebe.com\/it\/"},{"@type":"ListItem","position":2,"name":"Negozio","item":"https:\/\/insektenliebe.com\/it\/negozio\/"},{"@type":"ListItem","position":3,"name":"Heteropteryx dilatata"}]},{"@type":"WebSite","@id":"https:\/\/insektenliebe.com\/it\/#website","url":"https:\/\/insektenliebe.com\/it\/","name":"Insektenliebe","description":"Dein Zuhause f\u00fcr die kleinen Lebewesen","publisher":{"@id":"https:\/\/insektenliebe.com\/it\/#organization"},"potentialAction":[{"@type":"SearchAction","target":{"@type":"EntryPoint","urlTemplate":"https:\/\/insektenliebe.com\/it\/?s={search_term_string}"},"query-input":{"@type":"PropertyValueSpecification","valueRequired":true,"valueName":"search_term_string"}}],"inLanguage":"it-IT"},{"@type":"Organization","@id":"https:\/\/insektenliebe.com\/it\/#organization","name":"Insektenliebe","url":"https:\/\/insektenliebe.com\/it\/","logo":{"@type":"ImageObject","inLanguage":"it-IT","@id":"https:\/\/insektenliebe.com\/it\/#\/schema\/logo\/image\/","url":"https:\/\/insektenliebe.com\/wp-content\/uploads\/2025\/03\/logo-white.png","contentUrl":"https:\/\/insektenliebe.com\/wp-content\/uploads\/2025\/03\/logo-white.png","width":288,"height":188,"caption":"Insektenliebe"},"image":{"@id":"https:\/\/insektenliebe.com\/it\/#\/schema\/logo\/image\/"}}]},"og_availability":"instock","product_availability":"instock","product_retailer_item_id":"854","product_condition":"new"},"_links":{"self":[{"href":"https:\/\/insektenliebe.com\/it\/wp-json\/wp\/v2\/product\/201396","targetHints":{"allow":["GET"]}}],"collection":[{"href":"https:\/\/insektenliebe.com\/it\/wp-json\/wp\/v2\/product"}],"about":[{"href":"https:\/\/insektenliebe.com\/it\/wp-json\/wp\/v2\/types\/product"}],"wp:featuredmedia":[{"embeddable":true,"href":"https:\/\/insektenliebe.com\/it\/wp-json\/wp\/v2\/media\/201379"}],"wp:attachment":[{"href":"https:\/\/insektenliebe.com\/it\/wp-json\/wp\/v2\/media?parent=201396"}],"wp:term":[{"taxonomy":"product-supplier","embeddable":true,"href":"https:\/\/insektenliebe.com\/it\/wp-json\/wp\/v2\/product-supplier?post=201396"},{"taxonomy":"product_brand","embeddable":true,"href":"https:\/\/insektenliebe.com\/it\/wp-json\/wp\/v2\/product_brand?post=201396"},{"taxonomy":"product_cat","embeddable":true,"href":"https:\/\/insektenliebe.com\/it\/wp-json\/wp\/v2\/product_cat?post=201396"},{"taxonomy":"product_tag","embeddable":true,"href":"https:\/\/insektenliebe.com\/it\/wp-json\/wp\/v2\/product_tag?post=201396"},{"taxonomy":"lce-checkout-addons","embeddable":true,"href":"https:\/\/insektenliebe.com\/it\/wp-json\/wp\/v2\/lce-checkout-addons?post=201396"}],"curies":[{"name":"wp","href":"https:\/\/api.w.org\/{rel}","templated":true}]}}