{"id":201304,"date":"2026-04-23T12:09:54","date_gmt":"2026-04-23T10:09:54","guid":{"rendered":"https:\/\/insektenliebe.com\/shop\/produkt\/cascata-di-repto\/"},"modified":"2026-04-23T12:09:54","modified_gmt":"2026-04-23T10:09:54","slug":"cascata-di-repto","status":"publish","type":"product","link":"https:\/\/insektenliebe.com\/it\/shop\/prodotto\/cascata-di-repto\/","title":{"rendered":"Cascata di Repto"},"content":{"rendered":"<h3><span class=\"s1\" style=\"color: #99cc33;\">Repto Cascade - Acqua mobile per il tuo terrario<\/span><\/h3>\n<p class=\"p1\"><span class=\"s1\">Il <\/span><strong><span class=\"s2\">Cascata di Repto<\/span><\/strong><span class=\"s1\">  porta il movimento nel tuo terrario e questo fa la differenza. Non solo l&#8217;acqua in movimento rimane fresca pi\u00f9 a lungo, ma molti animali preferiscono utilizzarla come fonte di abbeveraggio. <\/span><\/p>\n<p class=\"p1\"><span class=\"s1\">La circolazione delicata crea un ciclo naturale dell&#8217;acqua e allo stesso tempo riduce la formazione di germi. In questo modo l&#8217;acqua rimane pi\u00f9 pulita e non dovrai cambiarla cos\u00ec spesso.   <\/span><span class=\"s1\">La cascata aumenta anche l&#8217;umidit\u00e0 <\/span><span class=\"s2\">umidit\u00e0<\/span><span class=\"s1\">mentre l&#8217;acqua evapora continuamente. Questo crea un microclima stabile, particolarmente vantaggioso per le specie tropicali. <\/span><\/p>\n<p class=\"p1\"><span class=\"s1\">La pompa integrata <\/span><span class=\"s2\">Pompa DC con controller<\/span><span class=\"s1\">  garantisce una facile manipolazione. Puoi controllare il flusso dell&#8217;acqua in   <\/span><span class=\"s2\">tre livelli<\/span><span class=\"s1\"> in modo da poter adattare la cascata perfettamente al tuo terrario. <\/span><span class=\"s1\">A seconda dell&#8217;impostazione, l&#8217;acqua scorre dolcemente o in modo pi\u00f9 vigoroso, consentendoti di creare effetti tranquilli o pi\u00f9 dinamici.<\/span><\/p>\n<p class=\"p1\"><span class=\"s1\">La <strong>cascata Repto<\/strong> \u00e8 impressionante anche dal punto di vista visivo, poich\u00e9 si integra perfettamente nel terrario grazie al suo design naturale. Che si tratti di pietre, strutture di muschio o elementi decorativi, sembra parte integrante dell&#8217;ambiente circostante.   <\/span><span class=\"s1\">Allo stesso tempo, la costruzione fornisce una superficie d&#8217;acqua stabile in modo che gli animali possano bere in sicurezza. Soprattutto specie come   <\/span><span class=\"s2\">Gechi, rane o mantidi<\/span><span class=\"s1\"> ne traggono beneficio.<\/span><\/p>\n<p class=\"p1\"><span class=\"s1\">\u00c8 facile da usare perch\u00e9 basta rabboccare l&#8217;acqua e pulire la pompa regolarmente. In questo modo il sistema rimane affidabile e duraturo.   <\/span><span class=\"s1\">La combinazione di <\/span><span class=\"s2\">fonte di acqua potabile, umidificatore e decorazione<\/span><span class=\"s1\"> il <\/span><strong><span class=\"s2\">Repto Cascade<\/span><\/strong><span class=\"s1\"> \u00e8 un&#8217;aggiunta ideale a molti terrari.<\/span><\/p>\n<p class=\"p1\"><span class=\"s1\">Pi\u00f9 movimento, pi\u00f9 naturalezza e un clima migliore: questo \u00e8 esattamente ci\u00f2 che questo gioco d&#8217;acqua apporta alla tua installazione.<\/span><\/p>\n","protected":false},"excerpt":{"rendered":"<p>Repto Cascade - Acqua mobile per il tuo terrario Il Cascata di Repto porta il movimento nel tuo terrario e questo fa la differenza. Non solo l&#8217;acqua in movimento rimane fresca pi\u00f9 a lungo, ma molti animali preferiscono utilizzarla come fonte di abbeveraggio. La circolazione delicata crea un ciclo naturale dell&#8217;acqua e allo stesso tempo [&hellip;]<\/p>\n","protected":false},"featured_media":201297,"template":"","meta":{"_acf_changed":false},"product-supplier":[],"product_brand":[3910],"product_cat":[2741],"product_tag":[],"lce-checkout-addons":[],"class_list":{"0":"post-201304","1":"product","2":"type-product","3":"status-publish","4":"has-post-thumbnail","6":"product_brand-repto","7":"product_cat-illuminazione-e-clima","8":"product_shipping_class-equipment-shipping","10":"first","11":"instock","12":"taxable","13":"shipping-taxable","14":"purchasable","15":"product-type-variable"},"acf":[],"yoast_head":"<!-- This site is optimized with the Yoast SEO Premium plugin v26.8 (Yoast SEO v27.3) - https:\/\/yoast.com\/product\/yoast-seo-premium-wordpress\/ -->\n<title>Cascata di Repto - Insektenliebe<\/title>\n<meta name=\"description\" content=\"Repto cascade - cascata per terrari con pompa. Fornisce acqua fresca, maggiore umidit\u00e0 e un aspetto naturale.\" \/>\n<meta name=\"robots\" content=\"index, follow, max-snippet:-1, max-image-preview:large, max-video-preview:-1\" \/>\n<link rel=\"canonical\" href=\"https:\/\/insektenliebe.com\/it\/shop\/prodotto\/cascata-di-repto\/\" \/>\n<meta property=\"og:locale\" content=\"it_IT\" \/>\n<meta property=\"og:type\" content=\"article\" \/>\n<meta property=\"og:title\" content=\"Cascata di Repto\" \/>\n<meta property=\"og:description\" content=\"Repto cascade - cascata per terrari con pompa. Fornisce acqua fresca, maggiore umidit\u00e0 e un aspetto naturale.\" \/>\n<meta property=\"og:url\" content=\"https:\/\/insektenliebe.com\/it\/shop\/prodotto\/cascata-di-repto\/\" \/>\n<meta property=\"og:site_name\" content=\"Insektenliebe\" \/>\n<meta property=\"og:image\" content=\"https:\/\/insektenliebe.com\/wp-content\/uploads\/2026\/04\/Repto-Buddha-Kaskade-im-Terrarium.jpg\" \/>\n\t<meta property=\"og:image:width\" content=\"820\" \/>\n\t<meta property=\"og:image:height\" content=\"820\" \/>\n\t<meta property=\"og:image:type\" content=\"image\/jpeg\" \/>\n<meta name=\"twitter:card\" content=\"summary_large_image\" \/>\n<meta name=\"twitter:label1\" content=\"Disponibilit\u00e0\" \/>\n\t<meta name=\"twitter:data1\" content=\"In stock\" \/>\n<script type=\"application\/ld+json\" class=\"yoast-schema-graph\">{\"@context\":\"https:\\\/\\\/schema.org\",\"@graph\":[{\"@type\":\"WebPage\",\"@id\":\"https:\\\/\\\/insektenliebe.com\\\/it\\\/shop\\\/prodotto\\\/cascata-di-repto\\\/\",\"url\":\"https:\\\/\\\/insektenliebe.com\\\/it\\\/shop\\\/prodotto\\\/cascata-di-repto\\\/\",\"name\":\"Cascata di Repto - Insektenliebe\",\"isPartOf\":{\"@id\":\"https:\\\/\\\/insektenliebe.com\\\/it\\\/#website\"},\"primaryImageOfPage\":{\"@id\":\"https:\\\/\\\/insektenliebe.com\\\/it\\\/shop\\\/prodotto\\\/cascata-di-repto\\\/#primaryimage\"},\"image\":{\"@id\":\"https:\\\/\\\/insektenliebe.com\\\/it\\\/shop\\\/prodotto\\\/cascata-di-repto\\\/#primaryimage\"},\"thumbnailUrl\":\"https:\\\/\\\/insektenliebe.com\\\/wp-content\\\/uploads\\\/2026\\\/04\\\/Repto-Buddha-Kaskade-im-Terrarium.jpg\",\"datePublished\":\"2026-04-23T10:09:54+00:00\",\"description\":\"Repto cascade - cascata per terrari con pompa. Fornisce acqua fresca, maggiore umidit\u00e0 e un aspetto naturale.\",\"breadcrumb\":{\"@id\":\"https:\\\/\\\/insektenliebe.com\\\/it\\\/shop\\\/prodotto\\\/cascata-di-repto\\\/#breadcrumb\"},\"inLanguage\":\"it-IT\",\"potentialAction\":[{\"@type\":\"ReadAction\",\"target\":[\"https:\\\/\\\/insektenliebe.com\\\/it\\\/shop\\\/prodotto\\\/cascata-di-repto\\\/\"]}]},{\"@type\":\"ImageObject\",\"inLanguage\":\"it-IT\",\"@id\":\"https:\\\/\\\/insektenliebe.com\\\/it\\\/shop\\\/prodotto\\\/cascata-di-repto\\\/#primaryimage\",\"url\":\"https:\\\/\\\/insektenliebe.com\\\/wp-content\\\/uploads\\\/2026\\\/04\\\/Repto-Buddha-Kaskade-im-Terrarium.jpg\",\"contentUrl\":\"https:\\\/\\\/insektenliebe.com\\\/wp-content\\\/uploads\\\/2026\\\/04\\\/Repto-Buddha-Kaskade-im-Terrarium.jpg\",\"width\":820,\"height\":820,\"caption\":\"Cascata di Repto Buddha - nel terrario\"},{\"@type\":\"BreadcrumbList\",\"@id\":\"https:\\\/\\\/insektenliebe.com\\\/it\\\/shop\\\/prodotto\\\/cascata-di-repto\\\/#breadcrumb\",\"itemListElement\":[{\"@type\":\"ListItem\",\"position\":1,\"name\":\"Startseite\",\"item\":\"https:\\\/\\\/insektenliebe.com\\\/it\\\/\"},{\"@type\":\"ListItem\",\"position\":2,\"name\":\"Negozio\",\"item\":\"https:\\\/\\\/insektenliebe.com\\\/it\\\/negozio\\\/\"},{\"@type\":\"ListItem\",\"position\":3,\"name\":\"Cascata di Repto\"}]},{\"@type\":\"WebSite\",\"@id\":\"https:\\\/\\\/insektenliebe.com\\\/it\\\/#website\",\"url\":\"https:\\\/\\\/insektenliebe.com\\\/it\\\/\",\"name\":\"Insektenliebe\",\"description\":\"Dein Zuhause f\u00fcr die kleinen Lebewesen\",\"publisher\":{\"@id\":\"https:\\\/\\\/insektenliebe.com\\\/it\\\/#organization\"},\"potentialAction\":[{\"@type\":\"SearchAction\",\"target\":{\"@type\":\"EntryPoint\",\"urlTemplate\":\"https:\\\/\\\/insektenliebe.com\\\/it\\\/?s={search_term_string}\"},\"query-input\":{\"@type\":\"PropertyValueSpecification\",\"valueRequired\":true,\"valueName\":\"search_term_string\"}}],\"inLanguage\":\"it-IT\"},{\"@type\":\"Organization\",\"@id\":\"https:\\\/\\\/insektenliebe.com\\\/it\\\/#organization\",\"name\":\"Insektenliebe\",\"url\":\"https:\\\/\\\/insektenliebe.com\\\/it\\\/\",\"logo\":{\"@type\":\"ImageObject\",\"inLanguage\":\"it-IT\",\"@id\":\"https:\\\/\\\/insektenliebe.com\\\/it\\\/#\\\/schema\\\/logo\\\/image\\\/\",\"url\":\"https:\\\/\\\/insektenliebe.com\\\/wp-content\\\/uploads\\\/2025\\\/03\\\/logo-white.png\",\"contentUrl\":\"https:\\\/\\\/insektenliebe.com\\\/wp-content\\\/uploads\\\/2025\\\/03\\\/logo-white.png\",\"width\":288,\"height\":188,\"caption\":\"Insektenliebe\"},\"image\":{\"@id\":\"https:\\\/\\\/insektenliebe.com\\\/it\\\/#\\\/schema\\\/logo\\\/image\\\/\"}}]}<\/script>\n<meta property=\"og:availability\" content=\"instock\" \/>\n<meta property=\"product:availability\" content=\"instock\" \/>\n<meta property=\"product:retailer_item_id\" content=\"853\" \/>\n<meta property=\"product:condition\" content=\"new\" \/>\n<!-- \/ Yoast SEO Premium plugin. -->","yoast_head_json":{"title":"Cascata di Repto - Insektenliebe","description":"Repto cascade - cascata per terrari con pompa. Fornisce acqua fresca, maggiore umidit\u00e0 e un aspetto naturale.","robots":{"index":"index","follow":"follow","max-snippet":"max-snippet:-1","max-image-preview":"max-image-preview:large","max-video-preview":"max-video-preview:-1"},"canonical":"https:\/\/insektenliebe.com\/it\/shop\/prodotto\/cascata-di-repto\/","og_locale":"it_IT","og_type":"article","og_title":"Cascata di Repto","og_description":"Repto cascade - cascata per terrari con pompa. Fornisce acqua fresca, maggiore umidit\u00e0 e un aspetto naturale.","og_url":"https:\/\/insektenliebe.com\/it\/shop\/prodotto\/cascata-di-repto\/","og_site_name":"Insektenliebe","og_image":[{"width":820,"height":820,"url":"https:\/\/insektenliebe.com\/wp-content\/uploads\/2026\/04\/Repto-Buddha-Kaskade-im-Terrarium.jpg","type":"image\/jpeg"}],"twitter_card":"summary_large_image","twitter_misc":{"Disponibilit\u00e0":"In stock"},"schema":{"@context":"https:\/\/schema.org","@graph":[{"@type":"WebPage","@id":"https:\/\/insektenliebe.com\/it\/shop\/prodotto\/cascata-di-repto\/","url":"https:\/\/insektenliebe.com\/it\/shop\/prodotto\/cascata-di-repto\/","name":"Cascata di Repto - Insektenliebe","isPartOf":{"@id":"https:\/\/insektenliebe.com\/it\/#website"},"primaryImageOfPage":{"@id":"https:\/\/insektenliebe.com\/it\/shop\/prodotto\/cascata-di-repto\/#primaryimage"},"image":{"@id":"https:\/\/insektenliebe.com\/it\/shop\/prodotto\/cascata-di-repto\/#primaryimage"},"thumbnailUrl":"https:\/\/insektenliebe.com\/wp-content\/uploads\/2026\/04\/Repto-Buddha-Kaskade-im-Terrarium.jpg","datePublished":"2026-04-23T10:09:54+00:00","description":"Repto cascade - cascata per terrari con pompa. Fornisce acqua fresca, maggiore umidit\u00e0 e un aspetto naturale.","breadcrumb":{"@id":"https:\/\/insektenliebe.com\/it\/shop\/prodotto\/cascata-di-repto\/#breadcrumb"},"inLanguage":"it-IT","potentialAction":[{"@type":"ReadAction","target":["https:\/\/insektenliebe.com\/it\/shop\/prodotto\/cascata-di-repto\/"]}]},{"@type":"ImageObject","inLanguage":"it-IT","@id":"https:\/\/insektenliebe.com\/it\/shop\/prodotto\/cascata-di-repto\/#primaryimage","url":"https:\/\/insektenliebe.com\/wp-content\/uploads\/2026\/04\/Repto-Buddha-Kaskade-im-Terrarium.jpg","contentUrl":"https:\/\/insektenliebe.com\/wp-content\/uploads\/2026\/04\/Repto-Buddha-Kaskade-im-Terrarium.jpg","width":820,"height":820,"caption":"Cascata di Repto Buddha - nel terrario"},{"@type":"BreadcrumbList","@id":"https:\/\/insektenliebe.com\/it\/shop\/prodotto\/cascata-di-repto\/#breadcrumb","itemListElement":[{"@type":"ListItem","position":1,"name":"Startseite","item":"https:\/\/insektenliebe.com\/it\/"},{"@type":"ListItem","position":2,"name":"Negozio","item":"https:\/\/insektenliebe.com\/it\/negozio\/"},{"@type":"ListItem","position":3,"name":"Cascata di Repto"}]},{"@type":"WebSite","@id":"https:\/\/insektenliebe.com\/it\/#website","url":"https:\/\/insektenliebe.com\/it\/","name":"Insektenliebe","description":"Dein Zuhause f\u00fcr die kleinen Lebewesen","publisher":{"@id":"https:\/\/insektenliebe.com\/it\/#organization"},"potentialAction":[{"@type":"SearchAction","target":{"@type":"EntryPoint","urlTemplate":"https:\/\/insektenliebe.com\/it\/?s={search_term_string}"},"query-input":{"@type":"PropertyValueSpecification","valueRequired":true,"valueName":"search_term_string"}}],"inLanguage":"it-IT"},{"@type":"Organization","@id":"https:\/\/insektenliebe.com\/it\/#organization","name":"Insektenliebe","url":"https:\/\/insektenliebe.com\/it\/","logo":{"@type":"ImageObject","inLanguage":"it-IT","@id":"https:\/\/insektenliebe.com\/it\/#\/schema\/logo\/image\/","url":"https:\/\/insektenliebe.com\/wp-content\/uploads\/2025\/03\/logo-white.png","contentUrl":"https:\/\/insektenliebe.com\/wp-content\/uploads\/2025\/03\/logo-white.png","width":288,"height":188,"caption":"Insektenliebe"},"image":{"@id":"https:\/\/insektenliebe.com\/it\/#\/schema\/logo\/image\/"}}]},"og_availability":"instock","product_availability":"instock","product_retailer_item_id":"853","product_condition":"new"},"_links":{"self":[{"href":"https:\/\/insektenliebe.com\/it\/wp-json\/wp\/v2\/product\/201304","targetHints":{"allow":["GET"]}}],"collection":[{"href":"https:\/\/insektenliebe.com\/it\/wp-json\/wp\/v2\/product"}],"about":[{"href":"https:\/\/insektenliebe.com\/it\/wp-json\/wp\/v2\/types\/product"}],"wp:featuredmedia":[{"embeddable":true,"href":"https:\/\/insektenliebe.com\/it\/wp-json\/wp\/v2\/media\/201297"}],"wp:attachment":[{"href":"https:\/\/insektenliebe.com\/it\/wp-json\/wp\/v2\/media?parent=201304"}],"wp:term":[{"taxonomy":"product-supplier","embeddable":true,"href":"https:\/\/insektenliebe.com\/it\/wp-json\/wp\/v2\/product-supplier?post=201304"},{"taxonomy":"product_brand","embeddable":true,"href":"https:\/\/insektenliebe.com\/it\/wp-json\/wp\/v2\/product_brand?post=201304"},{"taxonomy":"product_cat","embeddable":true,"href":"https:\/\/insektenliebe.com\/it\/wp-json\/wp\/v2\/product_cat?post=201304"},{"taxonomy":"product_tag","embeddable":true,"href":"https:\/\/insektenliebe.com\/it\/wp-json\/wp\/v2\/product_tag?post=201304"},{"taxonomy":"lce-checkout-addons","embeddable":true,"href":"https:\/\/insektenliebe.com\/it\/wp-json\/wp\/v2\/lce-checkout-addons?post=201304"}],"curies":[{"name":"wp","href":"https:\/\/api.w.org\/{rel}","templated":true}]}}