{"id":201122,"date":"2026-04-22T17:23:45","date_gmt":"2026-04-22T15:23:45","guid":{"rendered":"https:\/\/insektenliebe.com\/shop\/produkt\/cupola-repto-nano\/"},"modified":"2026-04-22T17:23:45","modified_gmt":"2026-04-22T15:23:45","slug":"cupola-repto-nano","status":"publish","type":"product","link":"https:\/\/insektenliebe.com\/it\/shop\/prodotto\/cupola-repto-nano\/","title":{"rendered":"Cupola Repto Nano"},"content":{"rendered":"<h3><span style=\"color: #99cc33;\"><strong><span class=\"s1\">Repto Nano Dome - Illuminazione compatta per piccoli terrari<\/span><\/strong><\/span><\/h3>\n<p class=\"p1\"><span class=\"s1\">Il <\/span><strong><span class=\"s2\">Repto Nano Dome<\/span><\/strong><span class=\"s1\">  \u00e8 una soluzione di illuminazione compatta e pratica per i terrari di piccole dimensioni. Le sue dimensioni ridotte la rendono ideale se vuoi fornire una luce mirata senza perdere molto spazio. <\/span><\/p>\n<p class=\"p1\"><span class=\"s1\">La lampada ha un attacco <\/span><span class=\"s2\">presa E27<\/span><span class=\"s1\">che ti permette di utilizzare un&#8217;ampia gamma di sorgenti luminose. Allo stesso tempo, il   <\/span><span class=\"s2\">Presa in ceramica progettata per un massimo di 50 watt<\/span><span class=\"s1\">in modo da poter utilizzare anche sorgenti luminose pi\u00f9 potenti in tutta sicurezza.<\/span><\/p>\n<p class=\"p1\"><span class=\"s1\">Un riflettore integrato <\/span><span class=\"s2\">Riflettore in alluminio lucido<\/span><span class=\"s1\">  garantisce che la luce sia diretta in modo mirato verso il basso. In questo modo si ottiene un&#8217;illuminazione efficiente e allo stesso tempo si perde meno luce. <\/span><\/p>\n<p class=\"p1\"><span class=\"s1\">Il <\/span><span class=\"s2\">appendino<\/span><span class=\"s1\">  permette un montaggio flessibile sopra il terrario. Puoi posizionare la lampada rapidamente e riallinearla in qualsiasi momento se necessario. In questo modo il sistema si adatta perfettamente alla tua configurazione.  <\/span><\/p>\n<p class=\"p1\"><span class=\"s1\">Inoltre, la Nano Dome \u00e8 dotata di un interruttore <\/span><span class=\"s2\">interruttore di accensione e spegnimento<\/span><span class=\"s1\">in modo da poter controllare l&#8217;illuminazione direttamente sul cavo. Ci\u00f2 significa che non hai necessariamente bisogno di una soluzione di commutazione esterna. <\/span><\/p>\n<p class=\"p1\"><span class=\"s1\">Con una <\/span><span class=\"s2\">lunghezza del cavo di 140 cm<\/span><span class=\"s1\">  la lampada offre un sufficiente margine di posizionamento. Allo stesso tempo, rimane flessibile nell&#8217;utilizzo. <\/span><\/p>\n<p class=\"p1\"><span class=\"s1\">Il diametro di <\/span><span class=\"s2\">10 cm<\/span><span class=\"s1\">  rende il <strong>Repto Nano Dome<\/strong> particolarmente compatto. Questo la rende perfetta per   <\/span><span class=\"s2\">Nano terrari, cassette di riproduzione o allestimenti pi\u00f9 piccoli<\/span><span class=\"s1\">.<\/span><\/p>\n<p class=\"p1\"><span class=\"s1\">Grazie alla semplicit\u00e0 d&#8217;uso, alla robustezza della lavorazione e alla flessibilit\u00e0 d&#8217;impiego, la cupola Repto Dano \u00e8 un&#8217;ottima soluzione. <\/span><strong><span class=\"s2\">Repto Nano Dome<\/span><\/strong><span class=\"s1\"> \u00e8 la soluzione ideale per chi cerca un&#8217;illuminazione per terrari affidabile e poco ingombrante.<\/span><\/p>\n<p class=\"p1\"><span class=\"s1\">Una lampada piccola ma di grande effetto, ideale per illuminare con precisione il tuo terrario.<\/span><\/p>\n","protected":false},"excerpt":{"rendered":"<p>Repto Nano Dome - Illuminazione compatta per piccoli terrari Il Repto Nano Dome \u00e8 una soluzione di illuminazione compatta e pratica per i terrari di piccole dimensioni. Le sue dimensioni ridotte la rendono ideale se vuoi fornire una luce mirata senza perdere molto spazio. La lampada ha un attacco presa E27che ti permette di utilizzare [&hellip;]<\/p>\n","protected":false},"featured_media":201115,"template":"","meta":{"_acf_changed":false},"product-supplier":[],"product_brand":[3910],"product_cat":[2741],"product_tag":[],"lce-checkout-addons":[],"class_list":{"0":"post-201122","1":"product","2":"type-product","3":"status-publish","4":"has-post-thumbnail","6":"product_brand-repto","7":"product_cat-illuminazione-e-clima","8":"product_shipping_class-equipment-shipping","10":"first","11":"instock","12":"taxable","13":"shipping-taxable","14":"purchasable","15":"product-type-simple"},"acf":[],"yoast_head":"<!-- This site is optimized with the Yoast SEO Premium plugin v26.8 (Yoast SEO v27.3) - https:\/\/yoast.com\/product\/yoast-seo-premium-wordpress\/ -->\n<title>Cupola Repto Nano - Insektenliebe<\/title>\n<meta name=\"description\" content=\"Repto Nano Dome - lampada per terrari compatta con attacco E27, riflettore e interruttore con un diametro di 10 cm. Ideale per terrari di piccole dimensioni.\" \/>\n<meta name=\"robots\" content=\"index, follow, max-snippet:-1, max-image-preview:large, max-video-preview:-1\" \/>\n<link rel=\"canonical\" href=\"https:\/\/insektenliebe.com\/it\/shop\/prodotto\/cupola-repto-nano\/\" \/>\n<meta property=\"og:locale\" content=\"it_IT\" \/>\n<meta property=\"og:type\" content=\"article\" \/>\n<meta property=\"og:title\" content=\"Cupola Repto Nano\" \/>\n<meta property=\"og:description\" content=\"Repto Nano Dome - lampada per terrari compatta con attacco E27, riflettore e interruttore con un diametro di 10 cm. Ideale per terrari di piccole dimensioni.\" \/>\n<meta property=\"og:url\" content=\"https:\/\/insektenliebe.com\/it\/shop\/prodotto\/cupola-repto-nano\/\" \/>\n<meta property=\"og:site_name\" content=\"Insektenliebe\" \/>\n<meta property=\"og:image\" content=\"https:\/\/insektenliebe.com\/wp-content\/uploads\/2026\/04\/Repto-Nano-Dome.jpg\" \/>\n\t<meta property=\"og:image:width\" content=\"820\" \/>\n\t<meta property=\"og:image:height\" content=\"820\" \/>\n\t<meta property=\"og:image:type\" content=\"image\/jpeg\" \/>\n<meta name=\"twitter:card\" content=\"summary_large_image\" \/>\n<meta name=\"twitter:label1\" content=\"Prezzo\" \/>\n\t<meta name=\"twitter:data1\" content=\"19,99&nbsp;&euro; IVA incl., + spese di sped.\" \/>\n\t<meta name=\"twitter:label2\" content=\"Disponibilit\u00e0\" \/>\n\t<meta name=\"twitter:data2\" content=\"In stock\" \/>\n<script type=\"application\/ld+json\" class=\"yoast-schema-graph\">{\"@context\":\"https:\\\/\\\/schema.org\",\"@graph\":[{\"@type\":\"WebPage\",\"@id\":\"https:\\\/\\\/insektenliebe.com\\\/it\\\/shop\\\/prodotto\\\/cupola-repto-nano\\\/\",\"url\":\"https:\\\/\\\/insektenliebe.com\\\/it\\\/shop\\\/prodotto\\\/cupola-repto-nano\\\/\",\"name\":\"Cupola Repto Nano - Insektenliebe\",\"isPartOf\":{\"@id\":\"https:\\\/\\\/insektenliebe.com\\\/it\\\/#website\"},\"primaryImageOfPage\":{\"@id\":\"https:\\\/\\\/insektenliebe.com\\\/it\\\/shop\\\/prodotto\\\/cupola-repto-nano\\\/#primaryimage\"},\"image\":{\"@id\":\"https:\\\/\\\/insektenliebe.com\\\/it\\\/shop\\\/prodotto\\\/cupola-repto-nano\\\/#primaryimage\"},\"thumbnailUrl\":\"https:\\\/\\\/insektenliebe.com\\\/wp-content\\\/uploads\\\/2026\\\/04\\\/Repto-Nano-Dome.jpg\",\"datePublished\":\"2026-04-22T15:23:45+00:00\",\"description\":\"Repto Nano Dome - lampada per terrari compatta con attacco E27, riflettore e interruttore con un diametro di 10 cm. Ideale per terrari di piccole dimensioni.\",\"breadcrumb\":{\"@id\":\"https:\\\/\\\/insektenliebe.com\\\/it\\\/shop\\\/prodotto\\\/cupola-repto-nano\\\/#breadcrumb\"},\"inLanguage\":\"it-IT\",\"potentialAction\":[{\"@type\":\"ReadAction\",\"target\":[\"https:\\\/\\\/insektenliebe.com\\\/it\\\/shop\\\/prodotto\\\/cupola-repto-nano\\\/\"]}]},{\"@type\":\"ImageObject\",\"inLanguage\":\"it-IT\",\"@id\":\"https:\\\/\\\/insektenliebe.com\\\/it\\\/shop\\\/prodotto\\\/cupola-repto-nano\\\/#primaryimage\",\"url\":\"https:\\\/\\\/insektenliebe.com\\\/wp-content\\\/uploads\\\/2026\\\/04\\\/Repto-Nano-Dome.jpg\",\"contentUrl\":\"https:\\\/\\\/insektenliebe.com\\\/wp-content\\\/uploads\\\/2026\\\/04\\\/Repto-Nano-Dome.jpg\",\"width\":820,\"height\":820,\"caption\":\"Cupola Repto Nano\"},{\"@type\":\"BreadcrumbList\",\"@id\":\"https:\\\/\\\/insektenliebe.com\\\/it\\\/shop\\\/prodotto\\\/cupola-repto-nano\\\/#breadcrumb\",\"itemListElement\":[{\"@type\":\"ListItem\",\"position\":1,\"name\":\"Startseite\",\"item\":\"https:\\\/\\\/insektenliebe.com\\\/it\\\/\"},{\"@type\":\"ListItem\",\"position\":2,\"name\":\"Negozio\",\"item\":\"https:\\\/\\\/insektenliebe.com\\\/it\\\/negozio\\\/\"},{\"@type\":\"ListItem\",\"position\":3,\"name\":\"Cupola Repto Nano\"}]},{\"@type\":\"WebSite\",\"@id\":\"https:\\\/\\\/insektenliebe.com\\\/it\\\/#website\",\"url\":\"https:\\\/\\\/insektenliebe.com\\\/it\\\/\",\"name\":\"Insektenliebe\",\"description\":\"Dein Zuhause f\u00fcr die kleinen Lebewesen\",\"publisher\":{\"@id\":\"https:\\\/\\\/insektenliebe.com\\\/it\\\/#organization\"},\"potentialAction\":[{\"@type\":\"SearchAction\",\"target\":{\"@type\":\"EntryPoint\",\"urlTemplate\":\"https:\\\/\\\/insektenliebe.com\\\/it\\\/?s={search_term_string}\"},\"query-input\":{\"@type\":\"PropertyValueSpecification\",\"valueRequired\":true,\"valueName\":\"search_term_string\"}}],\"inLanguage\":\"it-IT\"},{\"@type\":\"Organization\",\"@id\":\"https:\\\/\\\/insektenliebe.com\\\/it\\\/#organization\",\"name\":\"Insektenliebe\",\"url\":\"https:\\\/\\\/insektenliebe.com\\\/it\\\/\",\"logo\":{\"@type\":\"ImageObject\",\"inLanguage\":\"it-IT\",\"@id\":\"https:\\\/\\\/insektenliebe.com\\\/it\\\/#\\\/schema\\\/logo\\\/image\\\/\",\"url\":\"https:\\\/\\\/insektenliebe.com\\\/wp-content\\\/uploads\\\/2025\\\/03\\\/logo-white.png\",\"contentUrl\":\"https:\\\/\\\/insektenliebe.com\\\/wp-content\\\/uploads\\\/2025\\\/03\\\/logo-white.png\",\"width\":288,\"height\":188,\"caption\":\"Insektenliebe\"},\"image\":{\"@id\":\"https:\\\/\\\/insektenliebe.com\\\/it\\\/#\\\/schema\\\/logo\\\/image\\\/\"}}]}<\/script>\n<meta property=\"product:price:amount\" content=\"19.99\" \/>\n<meta property=\"product:price:currency\" content=\"EUR\" \/>\n<meta property=\"og:availability\" content=\"instock\" \/>\n<meta property=\"product:availability\" content=\"instock\" \/>\n<meta property=\"product:retailer_item_id\" content=\"R3100075\" \/>\n<meta property=\"product:condition\" content=\"new\" \/>\n<!-- \/ Yoast SEO Premium plugin. -->","yoast_head_json":{"title":"Cupola Repto Nano - Insektenliebe","description":"Repto Nano Dome - lampada per terrari compatta con attacco E27, riflettore e interruttore con un diametro di 10 cm. Ideale per terrari di piccole dimensioni.","robots":{"index":"index","follow":"follow","max-snippet":"max-snippet:-1","max-image-preview":"max-image-preview:large","max-video-preview":"max-video-preview:-1"},"canonical":"https:\/\/insektenliebe.com\/it\/shop\/prodotto\/cupola-repto-nano\/","og_locale":"it_IT","og_type":"article","og_title":"Cupola Repto Nano","og_description":"Repto Nano Dome - lampada per terrari compatta con attacco E27, riflettore e interruttore con un diametro di 10 cm. Ideale per terrari di piccole dimensioni.","og_url":"https:\/\/insektenliebe.com\/it\/shop\/prodotto\/cupola-repto-nano\/","og_site_name":"Insektenliebe","og_image":[{"width":820,"height":820,"url":"https:\/\/insektenliebe.com\/wp-content\/uploads\/2026\/04\/Repto-Nano-Dome.jpg","type":"image\/jpeg"}],"twitter_card":"summary_large_image","twitter_misc":{"Prezzo":"19,99&nbsp;&euro; IVA incl., + spese di sped.","Disponibilit\u00e0":"In stock"},"schema":{"@context":"https:\/\/schema.org","@graph":[{"@type":"WebPage","@id":"https:\/\/insektenliebe.com\/it\/shop\/prodotto\/cupola-repto-nano\/","url":"https:\/\/insektenliebe.com\/it\/shop\/prodotto\/cupola-repto-nano\/","name":"Cupola Repto Nano - Insektenliebe","isPartOf":{"@id":"https:\/\/insektenliebe.com\/it\/#website"},"primaryImageOfPage":{"@id":"https:\/\/insektenliebe.com\/it\/shop\/prodotto\/cupola-repto-nano\/#primaryimage"},"image":{"@id":"https:\/\/insektenliebe.com\/it\/shop\/prodotto\/cupola-repto-nano\/#primaryimage"},"thumbnailUrl":"https:\/\/insektenliebe.com\/wp-content\/uploads\/2026\/04\/Repto-Nano-Dome.jpg","datePublished":"2026-04-22T15:23:45+00:00","description":"Repto Nano Dome - lampada per terrari compatta con attacco E27, riflettore e interruttore con un diametro di 10 cm. Ideale per terrari di piccole dimensioni.","breadcrumb":{"@id":"https:\/\/insektenliebe.com\/it\/shop\/prodotto\/cupola-repto-nano\/#breadcrumb"},"inLanguage":"it-IT","potentialAction":[{"@type":"ReadAction","target":["https:\/\/insektenliebe.com\/it\/shop\/prodotto\/cupola-repto-nano\/"]}]},{"@type":"ImageObject","inLanguage":"it-IT","@id":"https:\/\/insektenliebe.com\/it\/shop\/prodotto\/cupola-repto-nano\/#primaryimage","url":"https:\/\/insektenliebe.com\/wp-content\/uploads\/2026\/04\/Repto-Nano-Dome.jpg","contentUrl":"https:\/\/insektenliebe.com\/wp-content\/uploads\/2026\/04\/Repto-Nano-Dome.jpg","width":820,"height":820,"caption":"Cupola Repto Nano"},{"@type":"BreadcrumbList","@id":"https:\/\/insektenliebe.com\/it\/shop\/prodotto\/cupola-repto-nano\/#breadcrumb","itemListElement":[{"@type":"ListItem","position":1,"name":"Startseite","item":"https:\/\/insektenliebe.com\/it\/"},{"@type":"ListItem","position":2,"name":"Negozio","item":"https:\/\/insektenliebe.com\/it\/negozio\/"},{"@type":"ListItem","position":3,"name":"Cupola Repto Nano"}]},{"@type":"WebSite","@id":"https:\/\/insektenliebe.com\/it\/#website","url":"https:\/\/insektenliebe.com\/it\/","name":"Insektenliebe","description":"Dein Zuhause f\u00fcr die kleinen Lebewesen","publisher":{"@id":"https:\/\/insektenliebe.com\/it\/#organization"},"potentialAction":[{"@type":"SearchAction","target":{"@type":"EntryPoint","urlTemplate":"https:\/\/insektenliebe.com\/it\/?s={search_term_string}"},"query-input":{"@type":"PropertyValueSpecification","valueRequired":true,"valueName":"search_term_string"}}],"inLanguage":"it-IT"},{"@type":"Organization","@id":"https:\/\/insektenliebe.com\/it\/#organization","name":"Insektenliebe","url":"https:\/\/insektenliebe.com\/it\/","logo":{"@type":"ImageObject","inLanguage":"it-IT","@id":"https:\/\/insektenliebe.com\/it\/#\/schema\/logo\/image\/","url":"https:\/\/insektenliebe.com\/wp-content\/uploads\/2025\/03\/logo-white.png","contentUrl":"https:\/\/insektenliebe.com\/wp-content\/uploads\/2025\/03\/logo-white.png","width":288,"height":188,"caption":"Insektenliebe"},"image":{"@id":"https:\/\/insektenliebe.com\/it\/#\/schema\/logo\/image\/"}}]},"product_price_amount":"19.99","product_price_currency":"EUR","og_availability":"instock","product_availability":"instock","product_retailer_item_id":"R3100075","product_condition":"new"},"_links":{"self":[{"href":"https:\/\/insektenliebe.com\/it\/wp-json\/wp\/v2\/product\/201122","targetHints":{"allow":["GET"]}}],"collection":[{"href":"https:\/\/insektenliebe.com\/it\/wp-json\/wp\/v2\/product"}],"about":[{"href":"https:\/\/insektenliebe.com\/it\/wp-json\/wp\/v2\/types\/product"}],"wp:featuredmedia":[{"embeddable":true,"href":"https:\/\/insektenliebe.com\/it\/wp-json\/wp\/v2\/media\/201115"}],"wp:attachment":[{"href":"https:\/\/insektenliebe.com\/it\/wp-json\/wp\/v2\/media?parent=201122"}],"wp:term":[{"taxonomy":"product-supplier","embeddable":true,"href":"https:\/\/insektenliebe.com\/it\/wp-json\/wp\/v2\/product-supplier?post=201122"},{"taxonomy":"product_brand","embeddable":true,"href":"https:\/\/insektenliebe.com\/it\/wp-json\/wp\/v2\/product_brand?post=201122"},{"taxonomy":"product_cat","embeddable":true,"href":"https:\/\/insektenliebe.com\/it\/wp-json\/wp\/v2\/product_cat?post=201122"},{"taxonomy":"product_tag","embeddable":true,"href":"https:\/\/insektenliebe.com\/it\/wp-json\/wp\/v2\/product_tag?post=201122"},{"taxonomy":"lce-checkout-addons","embeddable":true,"href":"https:\/\/insektenliebe.com\/it\/wp-json\/wp\/v2\/lce-checkout-addons?post=201122"}],"curies":[{"name":"wp","href":"https:\/\/api.w.org\/{rel}","templated":true}]}}