{"id":200227,"date":"2026-04-17T18:19:46","date_gmt":"2026-04-17T16:19:46","guid":{"rendered":"https:\/\/insektenliebe.com\/shop\/produkt\/siliquofera-grandis\/"},"modified":"2026-04-17T18:19:46","modified_gmt":"2026-04-17T16:19:46","slug":"siliquofera-grandis","status":"publish","type":"product","link":"https:\/\/insektenliebe.com\/it\/shop\/prodotto\/siliquofera-grandis\/","title":{"rendered":"Siliquofera grandis"},"content":{"rendered":"<h3><span class=\"s1\" style=\"color: #99cc33;\">Grande, calma e affascinante - Siliquofera grandis<\/span><\/h3>\n<p class=\"p1\"><strong><span class=\"s1\">Siliquofera grandis<\/span><\/strong><span class=\"s2\">  \u00e8 uno degli insetti foglia giganti pi\u00f9 grandi in assoluto, il che lo rende particolarmente impressionante nel terrario. Allo stesso tempo, la sua forma naturale gli permette di mimetizzarsi perfettamente, tanto che spesso viene notato solo a una seconda occhiata. <\/span><\/p>\n<p class=\"p1\"><span class=\"s2\">Gli animali hanno un aspetto simile a quello delle foglie perch\u00e9 si aggrappano a rami e ramoscelli. Questo crea un&#8217;impressione molto naturale e allo stesso tempo rende l&#8217;intero terrario molto pi\u00f9 vivace. <\/span><\/p>\n<p class=\"p1\"><span class=\"s2\">Durante il giorno, gli animali di solito rimangono tranquilli e si nascondono bene. Tuttavia, non appena fa buio, diventano attivi e iniziano a mangiare e a muoversi. Questo ti permette di fare osservazioni interessanti, soprattutto la sera.  <\/span><\/p>\n<p class=\"p1\"><span class=\"s2\">Per tenerli dovresti assolutamente utilizzare un <\/span><span class=\"s1\">terrario alto<\/span><span class=\"s2\">  poich\u00e9 gli animali utilizzano attivamente l&#8217;altezza. Per un animale adulto, consigliamo almeno   <\/span><span class=\"s1\">30 \u00d7 30 \u00d7 45 cm<\/span><span class=\"s2\">Se l&#8217;altezza \u00e8 maggiore \u00e8 sempre un vantaggio, perch\u00e9 gli animali possono liberarsi meglio della pelle.<\/span><\/p>\n<p class=\"p1\"><span class=\"s2\">L&#8217;installazione dovrebbe essere composta da molti <\/span><span class=\"s1\">rami verticali<\/span><span class=\"s2\">in modo che gli animali possano arrampicarsi. Allo stesso tempo, hanno bisogno di uno spazio sufficiente verso il basso per potersi liberare facilmente della pelle. <\/span><\/p>\n<p class=\"p1\"><span class=\"s2\">Mantieni le temperature durante il giorno intorno ai <\/span><span class=\"s1\">25-28 \u00b0C<\/span><span class=\"s2\">mentre di notte li lasci semplicemente scendere a temperatura ambiente. In questo modo si crea un ritmo naturale e si mantengono gli animali attivi e sani allo stesso tempo. <\/span><\/p>\n<p class=\"p1\"><span class=\"s2\">Anche l&#8217;umidit\u00e0 gioca un ruolo importante, per questo motivo dovresti mantenerla costantemente tra il <\/span><span class=\"s1\">60 e 80<\/span><span class=\"s2\">  tenere. A tal fine, spruzza regolarmente il terrario per creare piccole gocce d&#8217;acqua sulle foglie. <\/span><\/p>\n<p class=\"p1\"><span class=\"s2\">Gli animali utilizzano attivamente queste gocce per bere, quindi non \u00e8 necessaria una ciotola d&#8217;acqua aggiuntiva. Allo stesso tempo, la nebulizzazione favorisce un clima stabile nel terrario. <\/span><\/p>\n<p class=\"p1\"><span class=\"s2\">Per quanto riguarda l&#8217;alimentazione, questa specie rimane piacevolmente semplice, in quanto si nutre in modo affidabile di <\/span><span class=\"s1\">Foglie di mora<\/span><span class=\"s2\">che sono l&#8217;alimento principale. Inoltre puoi   <\/span><span class=\"s1\">pezzi di mela<\/span><span class=\"s2\"> perch\u00e9 forniscono ulteriore umidit\u00e0 e sono prontamente accettati.<\/span><\/p>\n<p class=\"p1\"><span class=\"s2\">Tuttavia, \u00e8 importante cambiare regolarmente il cibo in modo che rimanga fresco e che gli animali siano sempre ben nutriti.<\/span><\/p>\n<p class=\"p1\"><span class=\"s2\">Grazie alle sue <\/span><span class=\"s1\">Le sue dimensioni, la sua natura calma e il suo comportamento semplice<\/span><span class=\"s2\"> rende <\/span><span class=\"s1\">Siliquofera grandis<\/span><span class=\"s2\"> \u00e8 perfetta per i proprietari che cercano un animale imponente ma facile da curare.<\/span><\/p>\n<p class=\"p1\"><span class=\"s2\">Con questa specie otterrai un vero e proprio <\/span><span class=\"s1\">pezzo forte della natura in formato XXL<\/span><span class=\"s2\"> nel tuo terrario, che ti impressioner\u00e0 per sempre con le sue dimensioni, il suo mimetismo e il suo comportamento. <\/span> <\/p>\n","protected":false},"excerpt":{"rendered":"<p>Grande, calma e affascinante - Siliquofera grandis Siliquofera grandis \u00e8 uno degli insetti foglia giganti pi\u00f9 grandi in assoluto, il che lo rende particolarmente impressionante nel terrario. Allo stesso tempo, la sua forma naturale gli permette di mimetizzarsi perfettamente, tanto che spesso viene notato solo a una seconda occhiata. Gli animali hanno un aspetto simile [&hellip;]<\/p>\n","protected":false},"featured_media":200214,"template":"","meta":{"_acf_changed":false},"product-supplier":[],"product_brand":[],"product_cat":[2829],"product_tag":[],"lce-checkout-addons":[2746],"class_list":{"0":"post-200227","1":"product","2":"type-product","3":"status-publish","4":"has-post-thumbnail","6":"product_cat-altri-invertebrati","7":"product_shipping_class-spedizione-di-animali","8":"pa_geschlecht-donna","9":"pa_geschlecht-indeterminato","10":"pa_geschlecht-uomo","11":"pa_herkunft-nuova-guinea","12":"pa_kontinent-australia","13":"lce-checkout-addons-imballaggio-invernale","15":"first","16":"instock","17":"taxable","18":"shipping-taxable","19":"purchasable","20":"product-type-variable"},"acf":[],"yoast_head":"<!-- This site is optimized with the Yoast SEO plugin v27.3 - https:\/\/yoast.com\/product\/yoast-seo-wordpress\/ -->\n<title>Siliquofera grandis - Insektenliebe<\/title>\n<meta name=\"description\" content=\"Siliquofera grandis - un impressionante insetto fantasma con una grande apertura alare. Si conserva con more, foglie di quercia e mele.\" \/>\n<meta name=\"robots\" content=\"index, follow, max-snippet:-1, max-image-preview:large, max-video-preview:-1\" \/>\n<link rel=\"canonical\" href=\"https:\/\/insektenliebe.com\/it\/shop\/prodotto\/siliquofera-grandis\/\" \/>\n<meta property=\"og:locale\" content=\"it_IT\" \/>\n<meta property=\"og:type\" content=\"article\" \/>\n<meta property=\"og:title\" content=\"Siliquofera grandis - Insektenliebe\" \/>\n<meta property=\"og:description\" content=\"Siliquofera grandis - un impressionante insetto fantasma con una grande apertura alare. Si conserva con more, foglie di quercia e mele.\" \/>\n<meta property=\"og:url\" content=\"https:\/\/insektenliebe.com\/it\/shop\/prodotto\/siliquofera-grandis\/\" \/>\n<meta property=\"og:site_name\" content=\"Insektenliebe\" \/>\n<meta property=\"og:image\" content=\"https:\/\/insektenliebe.com\/wp-content\/uploads\/2026\/04\/Siliquofera-grandis.jpg\" \/>\n\t<meta property=\"og:image:width\" content=\"820\" \/>\n\t<meta property=\"og:image:height\" content=\"820\" \/>\n\t<meta property=\"og:image:type\" content=\"image\/jpeg\" \/>\n<meta name=\"twitter:card\" content=\"summary_large_image\" \/>\n<meta name=\"twitter:label1\" content=\"Tempo di lettura stimato\" \/>\n\t<meta name=\"twitter:data1\" content=\"2 minuto\" \/>\n<script type=\"application\/ld+json\" class=\"yoast-schema-graph\">{\"@context\":\"https:\\\/\\\/schema.org\",\"@graph\":[{\"@type\":\"WebPage\",\"@id\":\"https:\\\/\\\/insektenliebe.com\\\/it\\\/shop\\\/prodotto\\\/siliquofera-grandis\\\/\",\"url\":\"https:\\\/\\\/insektenliebe.com\\\/it\\\/shop\\\/prodotto\\\/siliquofera-grandis\\\/\",\"name\":\"Siliquofera grandis - Insektenliebe\",\"isPartOf\":{\"@id\":\"https:\\\/\\\/insektenliebe.com\\\/it\\\/#website\"},\"primaryImageOfPage\":{\"@id\":\"https:\\\/\\\/insektenliebe.com\\\/it\\\/shop\\\/prodotto\\\/siliquofera-grandis\\\/#primaryimage\"},\"image\":{\"@id\":\"https:\\\/\\\/insektenliebe.com\\\/it\\\/shop\\\/prodotto\\\/siliquofera-grandis\\\/#primaryimage\"},\"thumbnailUrl\":\"https:\\\/\\\/insektenliebe.com\\\/wp-content\\\/uploads\\\/2026\\\/04\\\/Siliquofera-grandis.jpg\",\"datePublished\":\"2026-04-17T16:19:46+00:00\",\"description\":\"Siliquofera grandis - un impressionante insetto fantasma con una grande apertura alare. Si conserva con more, foglie di quercia e mele.\",\"breadcrumb\":{\"@id\":\"https:\\\/\\\/insektenliebe.com\\\/it\\\/shop\\\/prodotto\\\/siliquofera-grandis\\\/#breadcrumb\"},\"inLanguage\":\"it-IT\",\"potentialAction\":[{\"@type\":\"ReadAction\",\"target\":[\"https:\\\/\\\/insektenliebe.com\\\/it\\\/shop\\\/prodotto\\\/siliquofera-grandis\\\/\"]}]},{\"@type\":\"ImageObject\",\"inLanguage\":\"it-IT\",\"@id\":\"https:\\\/\\\/insektenliebe.com\\\/it\\\/shop\\\/prodotto\\\/siliquofera-grandis\\\/#primaryimage\",\"url\":\"https:\\\/\\\/insektenliebe.com\\\/wp-content\\\/uploads\\\/2026\\\/04\\\/Siliquofera-grandis.jpg\",\"contentUrl\":\"https:\\\/\\\/insektenliebe.com\\\/wp-content\\\/uploads\\\/2026\\\/04\\\/Siliquofera-grandis.jpg\",\"width\":820,\"height\":820,\"caption\":\"Siliquofera grandis\"},{\"@type\":\"BreadcrumbList\",\"@id\":\"https:\\\/\\\/insektenliebe.com\\\/it\\\/shop\\\/prodotto\\\/siliquofera-grandis\\\/#breadcrumb\",\"itemListElement\":[{\"@type\":\"ListItem\",\"position\":1,\"name\":\"Startseite\",\"item\":\"https:\\\/\\\/insektenliebe.com\\\/it\\\/\"},{\"@type\":\"ListItem\",\"position\":2,\"name\":\"Negozio\",\"item\":\"https:\\\/\\\/insektenliebe.com\\\/it\\\/negozio\\\/\"},{\"@type\":\"ListItem\",\"position\":3,\"name\":\"Siliquofera grandis\"}]},{\"@type\":\"WebSite\",\"@id\":\"https:\\\/\\\/insektenliebe.com\\\/it\\\/#website\",\"url\":\"https:\\\/\\\/insektenliebe.com\\\/it\\\/\",\"name\":\"Insektenliebe\",\"description\":\"Dein Zuhause f\u00fcr die kleinen Lebewesen\",\"publisher\":{\"@id\":\"https:\\\/\\\/insektenliebe.com\\\/it\\\/#organization\"},\"potentialAction\":[{\"@type\":\"SearchAction\",\"target\":{\"@type\":\"EntryPoint\",\"urlTemplate\":\"https:\\\/\\\/insektenliebe.com\\\/it\\\/?s={search_term_string}\"},\"query-input\":{\"@type\":\"PropertyValueSpecification\",\"valueRequired\":true,\"valueName\":\"search_term_string\"}}],\"inLanguage\":\"it-IT\"},{\"@type\":\"Organization\",\"@id\":\"https:\\\/\\\/insektenliebe.com\\\/it\\\/#organization\",\"name\":\"Insektenliebe\",\"url\":\"https:\\\/\\\/insektenliebe.com\\\/it\\\/\",\"logo\":{\"@type\":\"ImageObject\",\"inLanguage\":\"it-IT\",\"@id\":\"https:\\\/\\\/insektenliebe.com\\\/it\\\/#\\\/schema\\\/logo\\\/image\\\/\",\"url\":\"https:\\\/\\\/insektenliebe.com\\\/wp-content\\\/uploads\\\/2025\\\/03\\\/logo-white.png\",\"contentUrl\":\"https:\\\/\\\/insektenliebe.com\\\/wp-content\\\/uploads\\\/2025\\\/03\\\/logo-white.png\",\"width\":288,\"height\":188,\"caption\":\"Insektenliebe\"},\"image\":{\"@id\":\"https:\\\/\\\/insektenliebe.com\\\/it\\\/#\\\/schema\\\/logo\\\/image\\\/\"}}]}<\/script>\n<!-- \/ Yoast SEO plugin. -->","yoast_head_json":{"title":"Siliquofera grandis - Insektenliebe","description":"Siliquofera grandis - un impressionante insetto fantasma con una grande apertura alare. Si conserva con more, foglie di quercia e mele.","robots":{"index":"index","follow":"follow","max-snippet":"max-snippet:-1","max-image-preview":"max-image-preview:large","max-video-preview":"max-video-preview:-1"},"canonical":"https:\/\/insektenliebe.com\/it\/shop\/prodotto\/siliquofera-grandis\/","og_locale":"it_IT","og_type":"article","og_title":"Siliquofera grandis - Insektenliebe","og_description":"Siliquofera grandis - un impressionante insetto fantasma con una grande apertura alare. Si conserva con more, foglie di quercia e mele.","og_url":"https:\/\/insektenliebe.com\/it\/shop\/prodotto\/siliquofera-grandis\/","og_site_name":"Insektenliebe","og_image":[{"width":820,"height":820,"url":"https:\/\/insektenliebe.com\/wp-content\/uploads\/2026\/04\/Siliquofera-grandis.jpg","type":"image\/jpeg"}],"twitter_card":"summary_large_image","twitter_misc":{"Tempo di lettura stimato":"2 minuto"},"schema":{"@context":"https:\/\/schema.org","@graph":[{"@type":"WebPage","@id":"https:\/\/insektenliebe.com\/it\/shop\/prodotto\/siliquofera-grandis\/","url":"https:\/\/insektenliebe.com\/it\/shop\/prodotto\/siliquofera-grandis\/","name":"Siliquofera grandis - Insektenliebe","isPartOf":{"@id":"https:\/\/insektenliebe.com\/it\/#website"},"primaryImageOfPage":{"@id":"https:\/\/insektenliebe.com\/it\/shop\/prodotto\/siliquofera-grandis\/#primaryimage"},"image":{"@id":"https:\/\/insektenliebe.com\/it\/shop\/prodotto\/siliquofera-grandis\/#primaryimage"},"thumbnailUrl":"https:\/\/insektenliebe.com\/wp-content\/uploads\/2026\/04\/Siliquofera-grandis.jpg","datePublished":"2026-04-17T16:19:46+00:00","description":"Siliquofera grandis - un impressionante insetto fantasma con una grande apertura alare. Si conserva con more, foglie di quercia e mele.","breadcrumb":{"@id":"https:\/\/insektenliebe.com\/it\/shop\/prodotto\/siliquofera-grandis\/#breadcrumb"},"inLanguage":"it-IT","potentialAction":[{"@type":"ReadAction","target":["https:\/\/insektenliebe.com\/it\/shop\/prodotto\/siliquofera-grandis\/"]}]},{"@type":"ImageObject","inLanguage":"it-IT","@id":"https:\/\/insektenliebe.com\/it\/shop\/prodotto\/siliquofera-grandis\/#primaryimage","url":"https:\/\/insektenliebe.com\/wp-content\/uploads\/2026\/04\/Siliquofera-grandis.jpg","contentUrl":"https:\/\/insektenliebe.com\/wp-content\/uploads\/2026\/04\/Siliquofera-grandis.jpg","width":820,"height":820,"caption":"Siliquofera grandis"},{"@type":"BreadcrumbList","@id":"https:\/\/insektenliebe.com\/it\/shop\/prodotto\/siliquofera-grandis\/#breadcrumb","itemListElement":[{"@type":"ListItem","position":1,"name":"Startseite","item":"https:\/\/insektenliebe.com\/it\/"},{"@type":"ListItem","position":2,"name":"Negozio","item":"https:\/\/insektenliebe.com\/it\/negozio\/"},{"@type":"ListItem","position":3,"name":"Siliquofera grandis"}]},{"@type":"WebSite","@id":"https:\/\/insektenliebe.com\/it\/#website","url":"https:\/\/insektenliebe.com\/it\/","name":"Insektenliebe","description":"Dein Zuhause f\u00fcr die kleinen Lebewesen","publisher":{"@id":"https:\/\/insektenliebe.com\/it\/#organization"},"potentialAction":[{"@type":"SearchAction","target":{"@type":"EntryPoint","urlTemplate":"https:\/\/insektenliebe.com\/it\/?s={search_term_string}"},"query-input":{"@type":"PropertyValueSpecification","valueRequired":true,"valueName":"search_term_string"}}],"inLanguage":"it-IT"},{"@type":"Organization","@id":"https:\/\/insektenliebe.com\/it\/#organization","name":"Insektenliebe","url":"https:\/\/insektenliebe.com\/it\/","logo":{"@type":"ImageObject","inLanguage":"it-IT","@id":"https:\/\/insektenliebe.com\/it\/#\/schema\/logo\/image\/","url":"https:\/\/insektenliebe.com\/wp-content\/uploads\/2025\/03\/logo-white.png","contentUrl":"https:\/\/insektenliebe.com\/wp-content\/uploads\/2025\/03\/logo-white.png","width":288,"height":188,"caption":"Insektenliebe"},"image":{"@id":"https:\/\/insektenliebe.com\/it\/#\/schema\/logo\/image\/"}}]}},"_links":{"self":[{"href":"https:\/\/insektenliebe.com\/it\/wp-json\/wp\/v2\/product\/200227","targetHints":{"allow":["GET"]}}],"collection":[{"href":"https:\/\/insektenliebe.com\/it\/wp-json\/wp\/v2\/product"}],"about":[{"href":"https:\/\/insektenliebe.com\/it\/wp-json\/wp\/v2\/types\/product"}],"wp:featuredmedia":[{"embeddable":true,"href":"https:\/\/insektenliebe.com\/it\/wp-json\/wp\/v2\/media\/200214"}],"wp:attachment":[{"href":"https:\/\/insektenliebe.com\/it\/wp-json\/wp\/v2\/media?parent=200227"}],"wp:term":[{"taxonomy":"product-supplier","embeddable":true,"href":"https:\/\/insektenliebe.com\/it\/wp-json\/wp\/v2\/product-supplier?post=200227"},{"taxonomy":"product_brand","embeddable":true,"href":"https:\/\/insektenliebe.com\/it\/wp-json\/wp\/v2\/product_brand?post=200227"},{"taxonomy":"product_cat","embeddable":true,"href":"https:\/\/insektenliebe.com\/it\/wp-json\/wp\/v2\/product_cat?post=200227"},{"taxonomy":"product_tag","embeddable":true,"href":"https:\/\/insektenliebe.com\/it\/wp-json\/wp\/v2\/product_tag?post=200227"},{"taxonomy":"lce-checkout-addons","embeddable":true,"href":"https:\/\/insektenliebe.com\/it\/wp-json\/wp\/v2\/lce-checkout-addons?post=200227"}],"curies":[{"name":"wp","href":"https:\/\/api.w.org\/{rel}","templated":true}]}}