{"id":199799,"date":"2026-04-10T18:39:41","date_gmt":"2026-04-10T16:39:41","guid":{"rendered":"https:\/\/insektenliebe.com\/shop\/produkt\/cibo-per-vermi-di-cera\/"},"modified":"2026-04-10T18:39:41","modified_gmt":"2026-04-10T16:39:41","slug":"cibo-per-vermi-di-cera","status":"publish","type":"product","link":"https:\/\/insektenliebe.com\/it\/shop\/prodotto\/cibo-per-vermi-di-cera\/","title":{"rendered":"Cibo per vermi di cera"},"content":{"rendered":"<h3><span class=\"s1\" style=\"color: #99cc33;\">Mangime per vermi di cera: un rinforzo di sostanze nutritive per i tuoi animali da reddito<\/span><\/h3>\n<p class=\"p1\"><span class=\"s1\">Il <\/span><strong><span class=\"s2\">mangime per vermi di cera<\/span><\/strong><span class=\"s1\"> \u00e8 stato appositamente sviluppato per migliorare in modo mirato i tuoi animali da carne e fornire loro una fonte di energia di alta qualit\u00e0. <\/span><span class=\"s2\">una fonte di energia di alta qualit\u00e0<\/span><span class=\"s1\">  da fornire. Il mix si concentra deliberatamente su   <\/span><span class=\"s2\">Miele e glicerina<\/span><span class=\"s1\">che forniscono alle larve di cera un&#8217;energia facilmente disponibile.<\/span><\/p>\n<p class=\"p1\"><span class=\"s1\">Il miele \u00e8 ricco di zuccheri naturali ed \u00e8 particolarmente ben assorbito dalle larve di cera. In questo modo gli animali si mantengono attivi e vitali. Allo stesso tempo, garantisce una buona accettazione, in modo che il cibo venga mangiato in modo affidabile.  <\/span><\/p>\n<p class=\"p1\"><span class=\"s1\">La glicerina favorisce anche la <\/span><span class=\"s2\">la ritenzione dell&#8217;umidit\u00e0<\/span><span class=\"s1\">  e fornisce anche energia. Di conseguenza, le larve di cera rimangono fresche pi\u00f9 a lungo e si sviluppano in modo stabile. La combinazione di entrambi i componenti garantisce un&#8217;alimentazione equilibrata ed efficace.  <\/span><\/p>\n<p class=\"p1\"><span class=\"s1\">Il grande vantaggio sta nel <\/span><span class=\"s2\">l&#8217;effetto di carico intestinale<\/span><span class=\"s1\">. Le larve di cera assorbono le sostanze nutritive che contengono e le immagazzinano nel loro corpo. Non appena le nutrirai, trasmetterai questa energia direttamente al tuo animale da terrario. <\/span><\/p>\n<p class=\"p1\"><span class=\"s1\">Questo crea un chiaro valore aggiunto. Il tuo animale domestico non solo riceve un alimento, ma allo stesso tempo anche un   <\/span><span class=\"s2\">alimenti arricchiti e ricchi di energia<\/span><span class=\"s1\">che pu\u00f2 avere un effetto positivo sulla crescita, sull&#8217;attivit\u00e0 e sulla vitalit\u00e0 generale.<\/span><\/p>\n<p class=\"p1\"><span class=\"s1\">\u00c8 facile e veloce da usare. Si aggiunge il cibo direttamente alle larve di cera e si attende che venga assorbito.  Poi potrai nutrirli immediatamente.<\/span><\/p>\n<p class=\"p1\"><span class=\"s1\">Rispetto alla spolverata di polveri, questo metodo offre un&#8217;alimentazione pi\u00f9 <\/span><span class=\"s2\">pi\u00f9 uniforme e sicuro di mangime<\/span><span class=\"s1\">poich\u00e9 gli animali consumano solo la quantit\u00e0 di mangime di cui hanno effettivamente bisogno.<\/span><\/p>\n<p class=\"p1\"><span class=\"s1\">Questo miglioramento mirato \u00e8 particolarmente utile per un&#8217;alimentazione regolare o per le specie pi\u00f9 esigenti. In questo modo si assicura che i tuoi animali siano costantemente ben nutriti. <\/span><\/p>\n<p class=\"p1\"><span class=\"s1\">Con il <\/span><span class=\"s2\"><strong>mangime per vermi di cera<\/strong> con miele e glicerina<\/span><span class=\"s1\"> otterrai il massimo dai tuoi animali da cibo: in modo semplice, efficace e con una differenza evidente.<\/span><\/p>\n","protected":false},"excerpt":{"rendered":"<p>Mangime per vermi di cera: un rinforzo di sostanze nutritive per i tuoi animali da reddito Il mangime per vermi di cera \u00e8 stato appositamente sviluppato per migliorare in modo mirato i tuoi animali da carne e fornire loro una fonte di energia di alta qualit\u00e0. una fonte di energia di alta qualit\u00e0 da fornire. [&hellip;]<\/p>\n","protected":false},"featured_media":199798,"template":"","meta":{"_acf_changed":false},"product-supplier":[],"product_brand":[],"product_cat":[2815],"product_tag":[],"lce-checkout-addons":[],"class_list":{"0":"post-199799","1":"product","2":"type-product","3":"status-publish","4":"has-post-thumbnail","6":"product_cat-cibo-e-calcio","7":"product_shipping_class-equipment-shipping","9":"first","10":"instock","11":"taxable","12":"shipping-taxable","13":"purchasable","14":"product-type-simple"},"acf":[],"yoast_head":"<!-- This site is optimized with the Yoast SEO plugin v27.3 - https:\/\/yoast.com\/product\/yoast-seo-wordpress\/ -->\n<title>Cibo per vermi di cera - Insektenliebe<\/title>\n<meta name=\"description\" content=\"Mangime per vermi di cera con miele e glicerina: una fonte di energia ideale per valorizzare i tuoi animali da allevamento attraverso un efficace carico intestinale.\" \/>\n<meta name=\"robots\" content=\"index, follow, max-snippet:-1, max-image-preview:large, max-video-preview:-1\" \/>\n<link rel=\"canonical\" href=\"https:\/\/insektenliebe.com\/it\/shop\/prodotto\/cibo-per-vermi-di-cera\/\" \/>\n<meta property=\"og:locale\" content=\"it_IT\" \/>\n<meta property=\"og:type\" content=\"article\" \/>\n<meta property=\"og:title\" content=\"Cibo per vermi di cera - Insektenliebe\" \/>\n<meta property=\"og:description\" content=\"Mangime per vermi di cera con miele e glicerina: una fonte di energia ideale per valorizzare i tuoi animali da allevamento attraverso un efficace carico intestinale.\" \/>\n<meta property=\"og:url\" content=\"https:\/\/insektenliebe.com\/it\/shop\/prodotto\/cibo-per-vermi-di-cera\/\" \/>\n<meta property=\"og:site_name\" content=\"Insektenliebe\" \/>\n<meta property=\"og:image\" content=\"https:\/\/insektenliebe.com\/wp-content\/uploads\/2026\/04\/Wachsmaden-Futter.jpg\" \/>\n\t<meta property=\"og:image:width\" content=\"820\" \/>\n\t<meta property=\"og:image:height\" content=\"820\" \/>\n\t<meta property=\"og:image:type\" content=\"image\/jpeg\" \/>\n<meta name=\"twitter:card\" content=\"summary_large_image\" \/>\n<meta name=\"twitter:label1\" content=\"Tempo di lettura stimato\" \/>\n\t<meta name=\"twitter:data1\" content=\"2 minuto\" \/>\n<script type=\"application\/ld+json\" class=\"yoast-schema-graph\">{\"@context\":\"https:\\\/\\\/schema.org\",\"@graph\":[{\"@type\":\"WebPage\",\"@id\":\"https:\\\/\\\/insektenliebe.com\\\/it\\\/shop\\\/prodotto\\\/cibo-per-vermi-di-cera\\\/\",\"url\":\"https:\\\/\\\/insektenliebe.com\\\/it\\\/shop\\\/prodotto\\\/cibo-per-vermi-di-cera\\\/\",\"name\":\"Cibo per vermi di cera - Insektenliebe\",\"isPartOf\":{\"@id\":\"https:\\\/\\\/insektenliebe.com\\\/it\\\/#website\"},\"primaryImageOfPage\":{\"@id\":\"https:\\\/\\\/insektenliebe.com\\\/it\\\/shop\\\/prodotto\\\/cibo-per-vermi-di-cera\\\/#primaryimage\"},\"image\":{\"@id\":\"https:\\\/\\\/insektenliebe.com\\\/it\\\/shop\\\/prodotto\\\/cibo-per-vermi-di-cera\\\/#primaryimage\"},\"thumbnailUrl\":\"https:\\\/\\\/insektenliebe.com\\\/wp-content\\\/uploads\\\/2026\\\/04\\\/Wachsmaden-Futter.jpg\",\"datePublished\":\"2026-04-10T16:39:41+00:00\",\"description\":\"Mangime per vermi di cera con miele e glicerina: una fonte di energia ideale per valorizzare i tuoi animali da allevamento attraverso un efficace carico intestinale.\",\"breadcrumb\":{\"@id\":\"https:\\\/\\\/insektenliebe.com\\\/it\\\/shop\\\/prodotto\\\/cibo-per-vermi-di-cera\\\/#breadcrumb\"},\"inLanguage\":\"it-IT\",\"potentialAction\":[{\"@type\":\"ReadAction\",\"target\":[\"https:\\\/\\\/insektenliebe.com\\\/it\\\/shop\\\/prodotto\\\/cibo-per-vermi-di-cera\\\/\"]}]},{\"@type\":\"ImageObject\",\"inLanguage\":\"it-IT\",\"@id\":\"https:\\\/\\\/insektenliebe.com\\\/it\\\/shop\\\/prodotto\\\/cibo-per-vermi-di-cera\\\/#primaryimage\",\"url\":\"https:\\\/\\\/insektenliebe.com\\\/wp-content\\\/uploads\\\/2026\\\/04\\\/Wachsmaden-Futter.jpg\",\"contentUrl\":\"https:\\\/\\\/insektenliebe.com\\\/wp-content\\\/uploads\\\/2026\\\/04\\\/Wachsmaden-Futter.jpg\",\"width\":820,\"height\":820,\"caption\":\"Cibo per vermi di cera\"},{\"@type\":\"BreadcrumbList\",\"@id\":\"https:\\\/\\\/insektenliebe.com\\\/it\\\/shop\\\/prodotto\\\/cibo-per-vermi-di-cera\\\/#breadcrumb\",\"itemListElement\":[{\"@type\":\"ListItem\",\"position\":1,\"name\":\"Startseite\",\"item\":\"https:\\\/\\\/insektenliebe.com\\\/it\\\/\"},{\"@type\":\"ListItem\",\"position\":2,\"name\":\"Negozio\",\"item\":\"https:\\\/\\\/insektenliebe.com\\\/it\\\/negozio\\\/\"},{\"@type\":\"ListItem\",\"position\":3,\"name\":\"Cibo per vermi di cera\"}]},{\"@type\":\"WebSite\",\"@id\":\"https:\\\/\\\/insektenliebe.com\\\/it\\\/#website\",\"url\":\"https:\\\/\\\/insektenliebe.com\\\/it\\\/\",\"name\":\"Insektenliebe\",\"description\":\"Dein Zuhause f\u00fcr die kleinen Lebewesen\",\"publisher\":{\"@id\":\"https:\\\/\\\/insektenliebe.com\\\/it\\\/#organization\"},\"potentialAction\":[{\"@type\":\"SearchAction\",\"target\":{\"@type\":\"EntryPoint\",\"urlTemplate\":\"https:\\\/\\\/insektenliebe.com\\\/it\\\/?s={search_term_string}\"},\"query-input\":{\"@type\":\"PropertyValueSpecification\",\"valueRequired\":true,\"valueName\":\"search_term_string\"}}],\"inLanguage\":\"it-IT\"},{\"@type\":\"Organization\",\"@id\":\"https:\\\/\\\/insektenliebe.com\\\/it\\\/#organization\",\"name\":\"Insektenliebe\",\"url\":\"https:\\\/\\\/insektenliebe.com\\\/it\\\/\",\"logo\":{\"@type\":\"ImageObject\",\"inLanguage\":\"it-IT\",\"@id\":\"https:\\\/\\\/insektenliebe.com\\\/it\\\/#\\\/schema\\\/logo\\\/image\\\/\",\"url\":\"https:\\\/\\\/insektenliebe.com\\\/wp-content\\\/uploads\\\/2025\\\/03\\\/logo-white.png\",\"contentUrl\":\"https:\\\/\\\/insektenliebe.com\\\/wp-content\\\/uploads\\\/2025\\\/03\\\/logo-white.png\",\"width\":288,\"height\":188,\"caption\":\"Insektenliebe\"},\"image\":{\"@id\":\"https:\\\/\\\/insektenliebe.com\\\/it\\\/#\\\/schema\\\/logo\\\/image\\\/\"}}]}<\/script>\n<!-- \/ Yoast SEO plugin. -->","yoast_head_json":{"title":"Cibo per vermi di cera - Insektenliebe","description":"Mangime per vermi di cera con miele e glicerina: una fonte di energia ideale per valorizzare i tuoi animali da allevamento attraverso un efficace carico intestinale.","robots":{"index":"index","follow":"follow","max-snippet":"max-snippet:-1","max-image-preview":"max-image-preview:large","max-video-preview":"max-video-preview:-1"},"canonical":"https:\/\/insektenliebe.com\/it\/shop\/prodotto\/cibo-per-vermi-di-cera\/","og_locale":"it_IT","og_type":"article","og_title":"Cibo per vermi di cera - Insektenliebe","og_description":"Mangime per vermi di cera con miele e glicerina: una fonte di energia ideale per valorizzare i tuoi animali da allevamento attraverso un efficace carico intestinale.","og_url":"https:\/\/insektenliebe.com\/it\/shop\/prodotto\/cibo-per-vermi-di-cera\/","og_site_name":"Insektenliebe","og_image":[{"width":820,"height":820,"url":"https:\/\/insektenliebe.com\/wp-content\/uploads\/2026\/04\/Wachsmaden-Futter.jpg","type":"image\/jpeg"}],"twitter_card":"summary_large_image","twitter_misc":{"Tempo di lettura stimato":"2 minuto"},"schema":{"@context":"https:\/\/schema.org","@graph":[{"@type":"WebPage","@id":"https:\/\/insektenliebe.com\/it\/shop\/prodotto\/cibo-per-vermi-di-cera\/","url":"https:\/\/insektenliebe.com\/it\/shop\/prodotto\/cibo-per-vermi-di-cera\/","name":"Cibo per vermi di cera - Insektenliebe","isPartOf":{"@id":"https:\/\/insektenliebe.com\/it\/#website"},"primaryImageOfPage":{"@id":"https:\/\/insektenliebe.com\/it\/shop\/prodotto\/cibo-per-vermi-di-cera\/#primaryimage"},"image":{"@id":"https:\/\/insektenliebe.com\/it\/shop\/prodotto\/cibo-per-vermi-di-cera\/#primaryimage"},"thumbnailUrl":"https:\/\/insektenliebe.com\/wp-content\/uploads\/2026\/04\/Wachsmaden-Futter.jpg","datePublished":"2026-04-10T16:39:41+00:00","description":"Mangime per vermi di cera con miele e glicerina: una fonte di energia ideale per valorizzare i tuoi animali da allevamento attraverso un efficace carico intestinale.","breadcrumb":{"@id":"https:\/\/insektenliebe.com\/it\/shop\/prodotto\/cibo-per-vermi-di-cera\/#breadcrumb"},"inLanguage":"it-IT","potentialAction":[{"@type":"ReadAction","target":["https:\/\/insektenliebe.com\/it\/shop\/prodotto\/cibo-per-vermi-di-cera\/"]}]},{"@type":"ImageObject","inLanguage":"it-IT","@id":"https:\/\/insektenliebe.com\/it\/shop\/prodotto\/cibo-per-vermi-di-cera\/#primaryimage","url":"https:\/\/insektenliebe.com\/wp-content\/uploads\/2026\/04\/Wachsmaden-Futter.jpg","contentUrl":"https:\/\/insektenliebe.com\/wp-content\/uploads\/2026\/04\/Wachsmaden-Futter.jpg","width":820,"height":820,"caption":"Cibo per vermi di cera"},{"@type":"BreadcrumbList","@id":"https:\/\/insektenliebe.com\/it\/shop\/prodotto\/cibo-per-vermi-di-cera\/#breadcrumb","itemListElement":[{"@type":"ListItem","position":1,"name":"Startseite","item":"https:\/\/insektenliebe.com\/it\/"},{"@type":"ListItem","position":2,"name":"Negozio","item":"https:\/\/insektenliebe.com\/it\/negozio\/"},{"@type":"ListItem","position":3,"name":"Cibo per vermi di cera"}]},{"@type":"WebSite","@id":"https:\/\/insektenliebe.com\/it\/#website","url":"https:\/\/insektenliebe.com\/it\/","name":"Insektenliebe","description":"Dein Zuhause f\u00fcr die kleinen Lebewesen","publisher":{"@id":"https:\/\/insektenliebe.com\/it\/#organization"},"potentialAction":[{"@type":"SearchAction","target":{"@type":"EntryPoint","urlTemplate":"https:\/\/insektenliebe.com\/it\/?s={search_term_string}"},"query-input":{"@type":"PropertyValueSpecification","valueRequired":true,"valueName":"search_term_string"}}],"inLanguage":"it-IT"},{"@type":"Organization","@id":"https:\/\/insektenliebe.com\/it\/#organization","name":"Insektenliebe","url":"https:\/\/insektenliebe.com\/it\/","logo":{"@type":"ImageObject","inLanguage":"it-IT","@id":"https:\/\/insektenliebe.com\/it\/#\/schema\/logo\/image\/","url":"https:\/\/insektenliebe.com\/wp-content\/uploads\/2025\/03\/logo-white.png","contentUrl":"https:\/\/insektenliebe.com\/wp-content\/uploads\/2025\/03\/logo-white.png","width":288,"height":188,"caption":"Insektenliebe"},"image":{"@id":"https:\/\/insektenliebe.com\/it\/#\/schema\/logo\/image\/"}}]}},"_links":{"self":[{"href":"https:\/\/insektenliebe.com\/it\/wp-json\/wp\/v2\/product\/199799","targetHints":{"allow":["GET"]}}],"collection":[{"href":"https:\/\/insektenliebe.com\/it\/wp-json\/wp\/v2\/product"}],"about":[{"href":"https:\/\/insektenliebe.com\/it\/wp-json\/wp\/v2\/types\/product"}],"wp:featuredmedia":[{"embeddable":true,"href":"https:\/\/insektenliebe.com\/it\/wp-json\/wp\/v2\/media\/199798"}],"wp:attachment":[{"href":"https:\/\/insektenliebe.com\/it\/wp-json\/wp\/v2\/media?parent=199799"}],"wp:term":[{"taxonomy":"product-supplier","embeddable":true,"href":"https:\/\/insektenliebe.com\/it\/wp-json\/wp\/v2\/product-supplier?post=199799"},{"taxonomy":"product_brand","embeddable":true,"href":"https:\/\/insektenliebe.com\/it\/wp-json\/wp\/v2\/product_brand?post=199799"},{"taxonomy":"product_cat","embeddable":true,"href":"https:\/\/insektenliebe.com\/it\/wp-json\/wp\/v2\/product_cat?post=199799"},{"taxonomy":"product_tag","embeddable":true,"href":"https:\/\/insektenliebe.com\/it\/wp-json\/wp\/v2\/product_tag?post=199799"},{"taxonomy":"lce-checkout-addons","embeddable":true,"href":"https:\/\/insektenliebe.com\/it\/wp-json\/wp\/v2\/lce-checkout-addons?post=199799"}],"curies":[{"name":"wp","href":"https:\/\/api.w.org\/{rel}","templated":true}]}}