{"id":199588,"date":"2026-04-14T12:31:11","date_gmt":"2026-04-14T10:31:11","guid":{"rendered":"https:\/\/insektenliebe.com\/shop\/produkt\/larve-di-mosca-soldato\/"},"modified":"2026-04-14T12:31:11","modified_gmt":"2026-04-14T10:31:11","slug":"larve-di-mosca-soldato","status":"publish","type":"product","link":"https:\/\/insektenliebe.com\/it\/shop\/prodotto\/larve-di-mosca-soldato\/","title":{"rendered":"Larve di mosca soldato"},"content":{"rendered":"<h3><span class=\"s1\" style=\"color: #99cc33;\">Larve di mosca soldato - Alimento energetico naturale<\/span><\/h3>\n<p class=\"p1\"><strong><span class=\"s1\">Le larve di mosca soldato<\/span><\/strong><span class=\"s2\"> sono tra gli animali <\/span><span class=\"s1\">animali pi\u00f9 nutrienti<\/span><span class=\"s2\">  e sono una scelta eccellente per l&#8217;alimentazione quotidiana. Forniscono una quantit\u00e0 particolarmente elevata di   <\/span><span class=\"s1\">proteine<\/span><span class=\"s2\"> e quindi sostenere la crescita e la vitalit\u00e0 dei tuoi animali.<\/span><\/p>\n<p class=\"p1\"><span class=\"s2\">Le larve si sviluppano in circa <\/span><span class=\"s1\">14 giorni fino all&#8217;impupamento<\/span><span class=\"s2\">il che ti permette di avere un ciclo di vita facile da pianificare. Sono molto facili da mantenere e da nutrire durante questo periodo. <\/span><\/p>\n<p class=\"p1\"><span class=\"s2\">L&#8217;alimentazione \u00e8 semplice. Puoi facilmente nutrire le larve con banane schiacciate o patate bollite. <\/span><span class=\"s2\">  approvvigionamento. In questo modo non ci sono costi aggiuntivi e allo stesso tempo il cibo viene utilizzato in modo efficiente. Il pastone deve essere piuttosto liquido, poich\u00e9 le larve possono solo masticare e non masticare.    <\/span><\/p>\n<p class=\"p1\"><span class=\"s2\">Dopo l&#8217;impupamento, le mosche adulte si schiudono. Queste vivono per circa   <\/span><span class=\"s1\">da 5 a 8 giorni<\/span><span class=\"s2\">ma non richiedono <\/span><span class=\"s1\">nessuna alimentazione aggiuntiva<\/span><span class=\"s2\">. Si concentrano esclusivamente sulla riproduzione, il che significa che il ciclo continua automaticamente.<\/span><\/p>\n<p class=\"p1\"><span class=\"s2\">Un vantaggio importante \u00e8 la <\/span><span class=\"s1\">la semplicit\u00e0 di archiviazione<\/span><span class=\"s2\">. Le larve sono robuste, facili da curare e possono essere conservate per un certo periodo di tempo senza problemi. Allo stesso tempo, rimangono vitali e attive per molto tempo. Richiedono una temperatura ambiente e non possono essere conservate in frigorifero.    <\/span><\/p>\n<p class=\"p1\"><span class=\"s2\">Grazie alla loro struttura corporea morbida e all&#8217;alto valore nutrizionale, le <strong>larve di mosca soldato<\/strong> sono ideali per <\/span><span class=\"s1\">Rettili, ragni e uccelli<\/span><span class=\"s2\">. Molti animali li mangiano volentieri e beneficiano dei nutrienti che contengono. Le mosche soldato sono pigre e molto lente e possono essere nutrite senza problemi.   <\/span><\/p>\n<p class=\"p1\"><span class=\"s2\">Sono convincenti anche nella pratica. Sono puliti da maneggiare, non provocano quasi nessun odore e sono facili da dosare. Per questo sono adatte sia ai principianti che ai proprietari pi\u00f9 esperti.  <\/span><\/p>\n<p class=\"p1\"><span class=\"s2\">Con <\/span><strong><span class=\"s1\">larve di mosca soldato<\/span><\/strong><span class=\"s2\"> ottieni un alimento versatile, efficiente e nutriente che pu\u00f2 essere facilmente integrato nella vita di tutti i giorni e che fornisce ai tuoi animali un&#8217;alimentazione ottimale.<\/span><\/p>\n","protected":false},"excerpt":{"rendered":"<p>Larve di mosca soldato - Alimento energetico naturale Le larve di mosca soldato sono tra gli animali animali pi\u00f9 nutrienti e sono una scelta eccellente per l&#8217;alimentazione quotidiana. Forniscono una quantit\u00e0 particolarmente elevata di proteine e quindi sostenere la crescita e la vitalit\u00e0 dei tuoi animali. Le larve si sviluppano in circa 14 giorni fino [&hellip;]<\/p>\n","protected":false},"featured_media":199578,"template":"","meta":{"_acf_changed":false},"product-supplier":[],"product_brand":[],"product_cat":[2817],"product_tag":[],"lce-checkout-addons":[],"class_list":{"0":"post-199588","1":"product","2":"type-product","3":"status-publish","4":"has-post-thumbnail","6":"product_cat-animali-da-mangiare","7":"product_shipping_class-equipment-shipping","9":"first","10":"instock","11":"sale","12":"taxable","13":"shipping-taxable","14":"purchasable","15":"product-type-variable"},"acf":[],"yoast_head":"<!-- This site is optimized with the Yoast SEO plugin v27.3 - https:\/\/yoast.com\/product\/yoast-seo-wordpress\/ -->\n<title>Larve di mosca soldato - Insektenliebe<\/title>\n<meta name=\"description\" content=\"Larve di mosca soldato - cibo ricco di proteine per rettili e ragni. Facile da mantenere, nutriente ed efficiente.\" \/>\n<meta name=\"robots\" content=\"index, follow, max-snippet:-1, max-image-preview:large, max-video-preview:-1\" \/>\n<link rel=\"canonical\" href=\"https:\/\/insektenliebe.com\/it\/shop\/prodotto\/larve-di-mosca-soldato\/\" \/>\n<meta property=\"og:locale\" content=\"it_IT\" \/>\n<meta property=\"og:type\" content=\"article\" \/>\n<meta property=\"og:title\" content=\"Larve di mosca soldato - Insektenliebe\" \/>\n<meta property=\"og:description\" content=\"Larve di mosca soldato - cibo ricco di proteine per rettili e ragni. Facile da mantenere, nutriente ed efficiente.\" \/>\n<meta property=\"og:url\" content=\"https:\/\/insektenliebe.com\/it\/shop\/prodotto\/larve-di-mosca-soldato\/\" \/>\n<meta property=\"og:site_name\" content=\"Insektenliebe\" \/>\n<meta property=\"og:image\" content=\"https:\/\/insektenliebe.com\/wp-content\/uploads\/2026\/04\/Soldatenfliegenlarven-Puppen.jpg\" \/>\n\t<meta property=\"og:image:width\" content=\"820\" \/>\n\t<meta property=\"og:image:height\" content=\"820\" \/>\n\t<meta property=\"og:image:type\" content=\"image\/jpeg\" \/>\n<meta name=\"twitter:card\" content=\"summary_large_image\" \/>\n<meta name=\"twitter:label1\" content=\"Tempo di lettura stimato\" \/>\n\t<meta name=\"twitter:data1\" content=\"2 minuto\" \/>\n<script type=\"application\/ld+json\" class=\"yoast-schema-graph\">{\"@context\":\"https:\\\/\\\/schema.org\",\"@graph\":[{\"@type\":\"WebPage\",\"@id\":\"https:\\\/\\\/insektenliebe.com\\\/it\\\/shop\\\/prodotto\\\/larve-di-mosca-soldato\\\/\",\"url\":\"https:\\\/\\\/insektenliebe.com\\\/it\\\/shop\\\/prodotto\\\/larve-di-mosca-soldato\\\/\",\"name\":\"Larve di mosca soldato - Insektenliebe\",\"isPartOf\":{\"@id\":\"https:\\\/\\\/insektenliebe.com\\\/it\\\/#website\"},\"primaryImageOfPage\":{\"@id\":\"https:\\\/\\\/insektenliebe.com\\\/it\\\/shop\\\/prodotto\\\/larve-di-mosca-soldato\\\/#primaryimage\"},\"image\":{\"@id\":\"https:\\\/\\\/insektenliebe.com\\\/it\\\/shop\\\/prodotto\\\/larve-di-mosca-soldato\\\/#primaryimage\"},\"thumbnailUrl\":\"https:\\\/\\\/insektenliebe.com\\\/wp-content\\\/uploads\\\/2026\\\/04\\\/Soldatenfliegenlarven-Puppen.jpg\",\"datePublished\":\"2026-04-14T10:31:11+00:00\",\"description\":\"Larve di mosca soldato - cibo ricco di proteine per rettili e ragni. Facile da mantenere, nutriente ed efficiente.\",\"breadcrumb\":{\"@id\":\"https:\\\/\\\/insektenliebe.com\\\/it\\\/shop\\\/prodotto\\\/larve-di-mosca-soldato\\\/#breadcrumb\"},\"inLanguage\":\"it-IT\",\"potentialAction\":[{\"@type\":\"ReadAction\",\"target\":[\"https:\\\/\\\/insektenliebe.com\\\/it\\\/shop\\\/prodotto\\\/larve-di-mosca-soldato\\\/\"]}]},{\"@type\":\"ImageObject\",\"inLanguage\":\"it-IT\",\"@id\":\"https:\\\/\\\/insektenliebe.com\\\/it\\\/shop\\\/prodotto\\\/larve-di-mosca-soldato\\\/#primaryimage\",\"url\":\"https:\\\/\\\/insektenliebe.com\\\/wp-content\\\/uploads\\\/2026\\\/04\\\/Soldatenfliegenlarven-Puppen.jpg\",\"contentUrl\":\"https:\\\/\\\/insektenliebe.com\\\/wp-content\\\/uploads\\\/2026\\\/04\\\/Soldatenfliegenlarven-Puppen.jpg\",\"width\":820,\"height\":820,\"caption\":\"Larve di mosca soldato, pupe\"},{\"@type\":\"BreadcrumbList\",\"@id\":\"https:\\\/\\\/insektenliebe.com\\\/it\\\/shop\\\/prodotto\\\/larve-di-mosca-soldato\\\/#breadcrumb\",\"itemListElement\":[{\"@type\":\"ListItem\",\"position\":1,\"name\":\"Startseite\",\"item\":\"https:\\\/\\\/insektenliebe.com\\\/it\\\/\"},{\"@type\":\"ListItem\",\"position\":2,\"name\":\"Negozio\",\"item\":\"https:\\\/\\\/insektenliebe.com\\\/it\\\/negozio\\\/\"},{\"@type\":\"ListItem\",\"position\":3,\"name\":\"Larve di mosca soldato\"}]},{\"@type\":\"WebSite\",\"@id\":\"https:\\\/\\\/insektenliebe.com\\\/it\\\/#website\",\"url\":\"https:\\\/\\\/insektenliebe.com\\\/it\\\/\",\"name\":\"Insektenliebe\",\"description\":\"Dein Zuhause f\u00fcr die kleinen Lebewesen\",\"publisher\":{\"@id\":\"https:\\\/\\\/insektenliebe.com\\\/it\\\/#organization\"},\"potentialAction\":[{\"@type\":\"SearchAction\",\"target\":{\"@type\":\"EntryPoint\",\"urlTemplate\":\"https:\\\/\\\/insektenliebe.com\\\/it\\\/?s={search_term_string}\"},\"query-input\":{\"@type\":\"PropertyValueSpecification\",\"valueRequired\":true,\"valueName\":\"search_term_string\"}}],\"inLanguage\":\"it-IT\"},{\"@type\":\"Organization\",\"@id\":\"https:\\\/\\\/insektenliebe.com\\\/it\\\/#organization\",\"name\":\"Insektenliebe\",\"url\":\"https:\\\/\\\/insektenliebe.com\\\/it\\\/\",\"logo\":{\"@type\":\"ImageObject\",\"inLanguage\":\"it-IT\",\"@id\":\"https:\\\/\\\/insektenliebe.com\\\/it\\\/#\\\/schema\\\/logo\\\/image\\\/\",\"url\":\"https:\\\/\\\/insektenliebe.com\\\/wp-content\\\/uploads\\\/2025\\\/03\\\/logo-white.png\",\"contentUrl\":\"https:\\\/\\\/insektenliebe.com\\\/wp-content\\\/uploads\\\/2025\\\/03\\\/logo-white.png\",\"width\":288,\"height\":188,\"caption\":\"Insektenliebe\"},\"image\":{\"@id\":\"https:\\\/\\\/insektenliebe.com\\\/it\\\/#\\\/schema\\\/logo\\\/image\\\/\"}}]}<\/script>\n<!-- \/ Yoast SEO plugin. -->","yoast_head_json":{"title":"Larve di mosca soldato - Insektenliebe","description":"Larve di mosca soldato - cibo ricco di proteine per rettili e ragni. Facile da mantenere, nutriente ed efficiente.","robots":{"index":"index","follow":"follow","max-snippet":"max-snippet:-1","max-image-preview":"max-image-preview:large","max-video-preview":"max-video-preview:-1"},"canonical":"https:\/\/insektenliebe.com\/it\/shop\/prodotto\/larve-di-mosca-soldato\/","og_locale":"it_IT","og_type":"article","og_title":"Larve di mosca soldato - Insektenliebe","og_description":"Larve di mosca soldato - cibo ricco di proteine per rettili e ragni. Facile da mantenere, nutriente ed efficiente.","og_url":"https:\/\/insektenliebe.com\/it\/shop\/prodotto\/larve-di-mosca-soldato\/","og_site_name":"Insektenliebe","og_image":[{"width":820,"height":820,"url":"https:\/\/insektenliebe.com\/wp-content\/uploads\/2026\/04\/Soldatenfliegenlarven-Puppen.jpg","type":"image\/jpeg"}],"twitter_card":"summary_large_image","twitter_misc":{"Tempo di lettura stimato":"2 minuto"},"schema":{"@context":"https:\/\/schema.org","@graph":[{"@type":"WebPage","@id":"https:\/\/insektenliebe.com\/it\/shop\/prodotto\/larve-di-mosca-soldato\/","url":"https:\/\/insektenliebe.com\/it\/shop\/prodotto\/larve-di-mosca-soldato\/","name":"Larve di mosca soldato - Insektenliebe","isPartOf":{"@id":"https:\/\/insektenliebe.com\/it\/#website"},"primaryImageOfPage":{"@id":"https:\/\/insektenliebe.com\/it\/shop\/prodotto\/larve-di-mosca-soldato\/#primaryimage"},"image":{"@id":"https:\/\/insektenliebe.com\/it\/shop\/prodotto\/larve-di-mosca-soldato\/#primaryimage"},"thumbnailUrl":"https:\/\/insektenliebe.com\/wp-content\/uploads\/2026\/04\/Soldatenfliegenlarven-Puppen.jpg","datePublished":"2026-04-14T10:31:11+00:00","description":"Larve di mosca soldato - cibo ricco di proteine per rettili e ragni. Facile da mantenere, nutriente ed efficiente.","breadcrumb":{"@id":"https:\/\/insektenliebe.com\/it\/shop\/prodotto\/larve-di-mosca-soldato\/#breadcrumb"},"inLanguage":"it-IT","potentialAction":[{"@type":"ReadAction","target":["https:\/\/insektenliebe.com\/it\/shop\/prodotto\/larve-di-mosca-soldato\/"]}]},{"@type":"ImageObject","inLanguage":"it-IT","@id":"https:\/\/insektenliebe.com\/it\/shop\/prodotto\/larve-di-mosca-soldato\/#primaryimage","url":"https:\/\/insektenliebe.com\/wp-content\/uploads\/2026\/04\/Soldatenfliegenlarven-Puppen.jpg","contentUrl":"https:\/\/insektenliebe.com\/wp-content\/uploads\/2026\/04\/Soldatenfliegenlarven-Puppen.jpg","width":820,"height":820,"caption":"Larve di mosca soldato, pupe"},{"@type":"BreadcrumbList","@id":"https:\/\/insektenliebe.com\/it\/shop\/prodotto\/larve-di-mosca-soldato\/#breadcrumb","itemListElement":[{"@type":"ListItem","position":1,"name":"Startseite","item":"https:\/\/insektenliebe.com\/it\/"},{"@type":"ListItem","position":2,"name":"Negozio","item":"https:\/\/insektenliebe.com\/it\/negozio\/"},{"@type":"ListItem","position":3,"name":"Larve di mosca soldato"}]},{"@type":"WebSite","@id":"https:\/\/insektenliebe.com\/it\/#website","url":"https:\/\/insektenliebe.com\/it\/","name":"Insektenliebe","description":"Dein Zuhause f\u00fcr die kleinen Lebewesen","publisher":{"@id":"https:\/\/insektenliebe.com\/it\/#organization"},"potentialAction":[{"@type":"SearchAction","target":{"@type":"EntryPoint","urlTemplate":"https:\/\/insektenliebe.com\/it\/?s={search_term_string}"},"query-input":{"@type":"PropertyValueSpecification","valueRequired":true,"valueName":"search_term_string"}}],"inLanguage":"it-IT"},{"@type":"Organization","@id":"https:\/\/insektenliebe.com\/it\/#organization","name":"Insektenliebe","url":"https:\/\/insektenliebe.com\/it\/","logo":{"@type":"ImageObject","inLanguage":"it-IT","@id":"https:\/\/insektenliebe.com\/it\/#\/schema\/logo\/image\/","url":"https:\/\/insektenliebe.com\/wp-content\/uploads\/2025\/03\/logo-white.png","contentUrl":"https:\/\/insektenliebe.com\/wp-content\/uploads\/2025\/03\/logo-white.png","width":288,"height":188,"caption":"Insektenliebe"},"image":{"@id":"https:\/\/insektenliebe.com\/it\/#\/schema\/logo\/image\/"}}]}},"_links":{"self":[{"href":"https:\/\/insektenliebe.com\/it\/wp-json\/wp\/v2\/product\/199588","targetHints":{"allow":["GET"]}}],"collection":[{"href":"https:\/\/insektenliebe.com\/it\/wp-json\/wp\/v2\/product"}],"about":[{"href":"https:\/\/insektenliebe.com\/it\/wp-json\/wp\/v2\/types\/product"}],"wp:featuredmedia":[{"embeddable":true,"href":"https:\/\/insektenliebe.com\/it\/wp-json\/wp\/v2\/media\/199578"}],"wp:attachment":[{"href":"https:\/\/insektenliebe.com\/it\/wp-json\/wp\/v2\/media?parent=199588"}],"wp:term":[{"taxonomy":"product-supplier","embeddable":true,"href":"https:\/\/insektenliebe.com\/it\/wp-json\/wp\/v2\/product-supplier?post=199588"},{"taxonomy":"product_brand","embeddable":true,"href":"https:\/\/insektenliebe.com\/it\/wp-json\/wp\/v2\/product_brand?post=199588"},{"taxonomy":"product_cat","embeddable":true,"href":"https:\/\/insektenliebe.com\/it\/wp-json\/wp\/v2\/product_cat?post=199588"},{"taxonomy":"product_tag","embeddable":true,"href":"https:\/\/insektenliebe.com\/it\/wp-json\/wp\/v2\/product_tag?post=199588"},{"taxonomy":"lce-checkout-addons","embeddable":true,"href":"https:\/\/insektenliebe.com\/it\/wp-json\/wp\/v2\/lce-checkout-addons?post=199588"}],"curies":[{"name":"wp","href":"https:\/\/api.w.org\/{rel}","templated":true}]}}