{"id":198806,"date":"2026-04-10T14:52:57","date_gmt":"2026-04-10T12:52:57","guid":{"rendered":"https:\/\/insektenliebe.com\/shop\/produkt\/capsula-del-seme-ramo\/"},"modified":"2026-04-10T16:55:07","modified_gmt":"2026-04-10T14:55:07","slug":"capsula-del-seme-ramo","status":"publish","type":"product","link":"https:\/\/insektenliebe.com\/it\/shop\/prodotto\/capsula-del-seme-ramo\/","title":{"rendered":"Capsula del seme Ramo"},"content":{"rendered":"<h3><span class=\"s1\" style=\"color: #99cc33;\">Ramo di baccello - Per allestimenti creativi<\/span><\/h3>\n<p class=\"p1\"><span class=\"s1\">Il <\/span><strong><span class=\"s2\">Ramoscello di baccello<\/span><\/strong><span class=\"s1\"> \u00e8 uno straordinario prodotto naturale che conferisce immediatamente al tuo terrario una maggiore <\/span><span class=\"s2\">struttura e profondit\u00e0<\/span><span class=\"s1\">  presta. La caratteristica capsula di frutta crea un look davvero unico che si differenzia nettamente dai rami classici.<\/span><\/p>\n<p class=\"p1\"><span class=\"s1\">Ogni ramo \u00e8 <\/span><span class=\"s2\">unico<\/span><span class=\"s1\">perch\u00e9 la forma, la curvatura e la struttura della capsula variano leggermente. In questo modo l&#8217;allestimento risulta pi\u00f9 naturale e vivace. La lunghezza \u00e8 di 30-40 cm e pu\u00f2 essere integrata in modo ottimale nei terrari ad albero.  <\/span><\/p>\n<p class=\"p1\"><span class=\"s1\">La superficie stabile \u00e8 perfetta per <\/span><span class=\"s2\">per arrampicarsi e sedersi<\/span><span class=\"s1\">  per molti abitanti del terrario come i ragni saltatori o gli isopodi. Allo stesso tempo, la capsula fornisce una struttura aggiuntiva, spesso utilizzata come nascondiglio o punto di orientamento.<\/span><\/p>\n<p class=\"p1\"><span class=\"s1\">Grazie al suo aspetto naturale, il ramo \u00e8 ideale per <\/span><span class=\"s2\">terrari di foreste pluviali, secche o desertiche<\/span><span class=\"s1\">. Pu\u00f2 essere utilizzato da solo o abbinato ad altri elementi decorativi.<\/span><\/p>\n<p class=\"p1\"><span class=\"s1\">Soprattutto in combinazione con muschio, fogliame, liane e radici, si ottiene un&#8217;immagine complessiva armoniosa. <\/span><span class=\"s2\">un quadro d&#8217;insieme armonioso<\/span><span class=\"s1\">che valorizza in modo significativo il tuo terrario. Allo stesso tempo, il ramo non sembra artificiale, ma si integra perfettamente con l&#8217;ambiente naturale. <\/span><\/p>\n<p class=\"p1\"><span class=\"s1\">Anche per <\/span><span class=\"s2\">ragni saltatori, mantidi o piccoli rettili<\/span><span class=\"s1\">  il <strong>ramo dei baccelli<\/strong> \u00e8 un&#8217;aggiunta entusiasmante. Gli animali utilizzano attivamente la struttura ed esplorano i diversi livelli.<\/span><\/p>\n<p class=\"p1\"><span class=\"s1\">Il ramo \u00e8 <\/span><span class=\"s2\">leggero, stabile e pronto all&#8217;uso immediato<\/span><span class=\"s1\">. Puoi integrarlo direttamente nel terrario e posizionarlo dove preferisci.<\/span><\/p>\n<p class=\"p1\"><span class=\"s1\">Con il <\/span><strong><span class=\"s2\">ramo di baccello<\/span><\/strong><span class=\"s1\"> porti nel tuo terrario un pezzo di natura che cattura immediatamente l&#8217;attenzione con la sua forma insolita e allo stesso tempo convince dal punto di vista funzionale.<\/span><\/p>\n","protected":false},"excerpt":{"rendered":"<p>Ramo di baccello - Per allestimenti creativi Il Ramoscello di baccello \u00e8 uno straordinario prodotto naturale che conferisce immediatamente al tuo terrario una maggiore struttura e profondit\u00e0 presta. La caratteristica capsula di frutta crea un look davvero unico che si differenzia nettamente dai rami classici. Ogni ramo \u00e8 unicoperch\u00e9 la forma, la curvatura e la [&hellip;]<\/p>\n","protected":false},"featured_media":198801,"template":"","meta":{"_acf_changed":false},"product-supplier":[],"product_brand":[],"product_cat":[2740],"product_tag":[],"lce-checkout-addons":[],"class_list":{"0":"post-198806","1":"product","2":"type-product","3":"status-publish","4":"has-post-thumbnail","6":"product_cat-arredamento-e-decorazione","7":"product_shipping_class-equipment-shipping","9":"first","10":"instock","11":"taxable","12":"shipping-taxable","13":"purchasable","14":"product-type-simple"},"acf":[],"yoast_head":"<!-- This site is optimized with the Yoast SEO plugin v27.3 - https:\/\/yoast.com\/product\/yoast-seo-wordpress\/ -->\n<title>Capsula del seme Ramo - Insektenliebe<\/title>\n<meta name=\"description\" content=\"Ramo di capsule di semi - ramo decorativo naturale con capsula di frutta. Perfetto per terrari con ragni saltatori o tarantole terrestri.\" \/>\n<meta name=\"robots\" content=\"index, follow, max-snippet:-1, max-image-preview:large, max-video-preview:-1\" \/>\n<link rel=\"canonical\" href=\"https:\/\/insektenliebe.com\/it\/shop\/prodotto\/capsula-del-seme-ramo\/\" \/>\n<meta property=\"og:locale\" content=\"it_IT\" \/>\n<meta property=\"og:type\" content=\"article\" \/>\n<meta property=\"og:title\" content=\"Capsula del seme Ramo - Insektenliebe\" \/>\n<meta property=\"og:description\" content=\"Ramo di capsule di semi - ramo decorativo naturale con capsula di frutta. Perfetto per terrari con ragni saltatori o tarantole terrestri.\" \/>\n<meta property=\"og:url\" content=\"https:\/\/insektenliebe.com\/it\/shop\/prodotto\/capsula-del-seme-ramo\/\" \/>\n<meta property=\"og:site_name\" content=\"Insektenliebe\" \/>\n<meta property=\"article:modified_time\" content=\"2026-04-10T14:55:07+00:00\" \/>\n<meta property=\"og:image\" content=\"https:\/\/insektenliebe.com\/wp-content\/uploads\/2026\/04\/Samenkapsel-Zweig.jpg\" \/>\n\t<meta property=\"og:image:width\" content=\"820\" \/>\n\t<meta property=\"og:image:height\" content=\"820\" \/>\n\t<meta property=\"og:image:type\" content=\"image\/jpeg\" \/>\n<meta name=\"twitter:card\" content=\"summary_large_image\" \/>\n<meta name=\"twitter:label1\" content=\"Tempo di lettura stimato\" \/>\n\t<meta name=\"twitter:data1\" content=\"1 minuto\" \/>\n<script type=\"application\/ld+json\" class=\"yoast-schema-graph\">{\"@context\":\"https:\\\/\\\/schema.org\",\"@graph\":[{\"@type\":\"WebPage\",\"@id\":\"https:\\\/\\\/insektenliebe.com\\\/it\\\/shop\\\/prodotto\\\/capsula-del-seme-ramo\\\/\",\"url\":\"https:\\\/\\\/insektenliebe.com\\\/it\\\/shop\\\/prodotto\\\/capsula-del-seme-ramo\\\/\",\"name\":\"Capsula del seme Ramo - Insektenliebe\",\"isPartOf\":{\"@id\":\"https:\\\/\\\/insektenliebe.com\\\/it\\\/#website\"},\"primaryImageOfPage\":{\"@id\":\"https:\\\/\\\/insektenliebe.com\\\/it\\\/shop\\\/prodotto\\\/capsula-del-seme-ramo\\\/#primaryimage\"},\"image\":{\"@id\":\"https:\\\/\\\/insektenliebe.com\\\/it\\\/shop\\\/prodotto\\\/capsula-del-seme-ramo\\\/#primaryimage\"},\"thumbnailUrl\":\"https:\\\/\\\/insektenliebe.com\\\/wp-content\\\/uploads\\\/2026\\\/04\\\/Samenkapsel-Zweig.jpg\",\"datePublished\":\"2026-04-10T12:52:57+00:00\",\"dateModified\":\"2026-04-10T14:55:07+00:00\",\"description\":\"Ramo di capsule di semi - ramo decorativo naturale con capsula di frutta. Perfetto per terrari con ragni saltatori o tarantole terrestri.\",\"breadcrumb\":{\"@id\":\"https:\\\/\\\/insektenliebe.com\\\/it\\\/shop\\\/prodotto\\\/capsula-del-seme-ramo\\\/#breadcrumb\"},\"inLanguage\":\"it-IT\",\"potentialAction\":[{\"@type\":\"ReadAction\",\"target\":[\"https:\\\/\\\/insektenliebe.com\\\/it\\\/shop\\\/prodotto\\\/capsula-del-seme-ramo\\\/\"]}]},{\"@type\":\"ImageObject\",\"inLanguage\":\"it-IT\",\"@id\":\"https:\\\/\\\/insektenliebe.com\\\/it\\\/shop\\\/prodotto\\\/capsula-del-seme-ramo\\\/#primaryimage\",\"url\":\"https:\\\/\\\/insektenliebe.com\\\/wp-content\\\/uploads\\\/2026\\\/04\\\/Samenkapsel-Zweig.jpg\",\"contentUrl\":\"https:\\\/\\\/insektenliebe.com\\\/wp-content\\\/uploads\\\/2026\\\/04\\\/Samenkapsel-Zweig.jpg\",\"width\":820,\"height\":820,\"caption\":\"Capsula del seme Ramo\"},{\"@type\":\"BreadcrumbList\",\"@id\":\"https:\\\/\\\/insektenliebe.com\\\/it\\\/shop\\\/prodotto\\\/capsula-del-seme-ramo\\\/#breadcrumb\",\"itemListElement\":[{\"@type\":\"ListItem\",\"position\":1,\"name\":\"Startseite\",\"item\":\"https:\\\/\\\/insektenliebe.com\\\/it\\\/\"},{\"@type\":\"ListItem\",\"position\":2,\"name\":\"Negozio\",\"item\":\"https:\\\/\\\/insektenliebe.com\\\/it\\\/negozio\\\/\"},{\"@type\":\"ListItem\",\"position\":3,\"name\":\"Capsula del seme Ramo\"}]},{\"@type\":\"WebSite\",\"@id\":\"https:\\\/\\\/insektenliebe.com\\\/it\\\/#website\",\"url\":\"https:\\\/\\\/insektenliebe.com\\\/it\\\/\",\"name\":\"Insektenliebe\",\"description\":\"Dein Zuhause f\u00fcr die kleinen Lebewesen\",\"publisher\":{\"@id\":\"https:\\\/\\\/insektenliebe.com\\\/it\\\/#organization\"},\"potentialAction\":[{\"@type\":\"SearchAction\",\"target\":{\"@type\":\"EntryPoint\",\"urlTemplate\":\"https:\\\/\\\/insektenliebe.com\\\/it\\\/?s={search_term_string}\"},\"query-input\":{\"@type\":\"PropertyValueSpecification\",\"valueRequired\":true,\"valueName\":\"search_term_string\"}}],\"inLanguage\":\"it-IT\"},{\"@type\":\"Organization\",\"@id\":\"https:\\\/\\\/insektenliebe.com\\\/it\\\/#organization\",\"name\":\"Insektenliebe\",\"url\":\"https:\\\/\\\/insektenliebe.com\\\/it\\\/\",\"logo\":{\"@type\":\"ImageObject\",\"inLanguage\":\"it-IT\",\"@id\":\"https:\\\/\\\/insektenliebe.com\\\/it\\\/#\\\/schema\\\/logo\\\/image\\\/\",\"url\":\"https:\\\/\\\/insektenliebe.com\\\/wp-content\\\/uploads\\\/2025\\\/03\\\/logo-white.png\",\"contentUrl\":\"https:\\\/\\\/insektenliebe.com\\\/wp-content\\\/uploads\\\/2025\\\/03\\\/logo-white.png\",\"width\":288,\"height\":188,\"caption\":\"Insektenliebe\"},\"image\":{\"@id\":\"https:\\\/\\\/insektenliebe.com\\\/it\\\/#\\\/schema\\\/logo\\\/image\\\/\"}}]}<\/script>\n<!-- \/ Yoast SEO plugin. -->","yoast_head_json":{"title":"Capsula del seme Ramo - Insektenliebe","description":"Ramo di capsule di semi - ramo decorativo naturale con capsula di frutta. Perfetto per terrari con ragni saltatori o tarantole terrestri.","robots":{"index":"index","follow":"follow","max-snippet":"max-snippet:-1","max-image-preview":"max-image-preview:large","max-video-preview":"max-video-preview:-1"},"canonical":"https:\/\/insektenliebe.com\/it\/shop\/prodotto\/capsula-del-seme-ramo\/","og_locale":"it_IT","og_type":"article","og_title":"Capsula del seme Ramo - Insektenliebe","og_description":"Ramo di capsule di semi - ramo decorativo naturale con capsula di frutta. Perfetto per terrari con ragni saltatori o tarantole terrestri.","og_url":"https:\/\/insektenliebe.com\/it\/shop\/prodotto\/capsula-del-seme-ramo\/","og_site_name":"Insektenliebe","article_modified_time":"2026-04-10T14:55:07+00:00","og_image":[{"width":820,"height":820,"url":"https:\/\/insektenliebe.com\/wp-content\/uploads\/2026\/04\/Samenkapsel-Zweig.jpg","type":"image\/jpeg"}],"twitter_card":"summary_large_image","twitter_misc":{"Tempo di lettura stimato":"1 minuto"},"schema":{"@context":"https:\/\/schema.org","@graph":[{"@type":"WebPage","@id":"https:\/\/insektenliebe.com\/it\/shop\/prodotto\/capsula-del-seme-ramo\/","url":"https:\/\/insektenliebe.com\/it\/shop\/prodotto\/capsula-del-seme-ramo\/","name":"Capsula del seme Ramo - Insektenliebe","isPartOf":{"@id":"https:\/\/insektenliebe.com\/it\/#website"},"primaryImageOfPage":{"@id":"https:\/\/insektenliebe.com\/it\/shop\/prodotto\/capsula-del-seme-ramo\/#primaryimage"},"image":{"@id":"https:\/\/insektenliebe.com\/it\/shop\/prodotto\/capsula-del-seme-ramo\/#primaryimage"},"thumbnailUrl":"https:\/\/insektenliebe.com\/wp-content\/uploads\/2026\/04\/Samenkapsel-Zweig.jpg","datePublished":"2026-04-10T12:52:57+00:00","dateModified":"2026-04-10T14:55:07+00:00","description":"Ramo di capsule di semi - ramo decorativo naturale con capsula di frutta. Perfetto per terrari con ragni saltatori o tarantole terrestri.","breadcrumb":{"@id":"https:\/\/insektenliebe.com\/it\/shop\/prodotto\/capsula-del-seme-ramo\/#breadcrumb"},"inLanguage":"it-IT","potentialAction":[{"@type":"ReadAction","target":["https:\/\/insektenliebe.com\/it\/shop\/prodotto\/capsula-del-seme-ramo\/"]}]},{"@type":"ImageObject","inLanguage":"it-IT","@id":"https:\/\/insektenliebe.com\/it\/shop\/prodotto\/capsula-del-seme-ramo\/#primaryimage","url":"https:\/\/insektenliebe.com\/wp-content\/uploads\/2026\/04\/Samenkapsel-Zweig.jpg","contentUrl":"https:\/\/insektenliebe.com\/wp-content\/uploads\/2026\/04\/Samenkapsel-Zweig.jpg","width":820,"height":820,"caption":"Capsula del seme Ramo"},{"@type":"BreadcrumbList","@id":"https:\/\/insektenliebe.com\/it\/shop\/prodotto\/capsula-del-seme-ramo\/#breadcrumb","itemListElement":[{"@type":"ListItem","position":1,"name":"Startseite","item":"https:\/\/insektenliebe.com\/it\/"},{"@type":"ListItem","position":2,"name":"Negozio","item":"https:\/\/insektenliebe.com\/it\/negozio\/"},{"@type":"ListItem","position":3,"name":"Capsula del seme Ramo"}]},{"@type":"WebSite","@id":"https:\/\/insektenliebe.com\/it\/#website","url":"https:\/\/insektenliebe.com\/it\/","name":"Insektenliebe","description":"Dein Zuhause f\u00fcr die kleinen Lebewesen","publisher":{"@id":"https:\/\/insektenliebe.com\/it\/#organization"},"potentialAction":[{"@type":"SearchAction","target":{"@type":"EntryPoint","urlTemplate":"https:\/\/insektenliebe.com\/it\/?s={search_term_string}"},"query-input":{"@type":"PropertyValueSpecification","valueRequired":true,"valueName":"search_term_string"}}],"inLanguage":"it-IT"},{"@type":"Organization","@id":"https:\/\/insektenliebe.com\/it\/#organization","name":"Insektenliebe","url":"https:\/\/insektenliebe.com\/it\/","logo":{"@type":"ImageObject","inLanguage":"it-IT","@id":"https:\/\/insektenliebe.com\/it\/#\/schema\/logo\/image\/","url":"https:\/\/insektenliebe.com\/wp-content\/uploads\/2025\/03\/logo-white.png","contentUrl":"https:\/\/insektenliebe.com\/wp-content\/uploads\/2025\/03\/logo-white.png","width":288,"height":188,"caption":"Insektenliebe"},"image":{"@id":"https:\/\/insektenliebe.com\/it\/#\/schema\/logo\/image\/"}}]}},"_links":{"self":[{"href":"https:\/\/insektenliebe.com\/it\/wp-json\/wp\/v2\/product\/198806","targetHints":{"allow":["GET"]}}],"collection":[{"href":"https:\/\/insektenliebe.com\/it\/wp-json\/wp\/v2\/product"}],"about":[{"href":"https:\/\/insektenliebe.com\/it\/wp-json\/wp\/v2\/types\/product"}],"wp:featuredmedia":[{"embeddable":true,"href":"https:\/\/insektenliebe.com\/it\/wp-json\/wp\/v2\/media\/198801"}],"wp:attachment":[{"href":"https:\/\/insektenliebe.com\/it\/wp-json\/wp\/v2\/media?parent=198806"}],"wp:term":[{"taxonomy":"product-supplier","embeddable":true,"href":"https:\/\/insektenliebe.com\/it\/wp-json\/wp\/v2\/product-supplier?post=198806"},{"taxonomy":"product_brand","embeddable":true,"href":"https:\/\/insektenliebe.com\/it\/wp-json\/wp\/v2\/product_brand?post=198806"},{"taxonomy":"product_cat","embeddable":true,"href":"https:\/\/insektenliebe.com\/it\/wp-json\/wp\/v2\/product_cat?post=198806"},{"taxonomy":"product_tag","embeddable":true,"href":"https:\/\/insektenliebe.com\/it\/wp-json\/wp\/v2\/product_tag?post=198806"},{"taxonomy":"lce-checkout-addons","embeddable":true,"href":"https:\/\/insektenliebe.com\/it\/wp-json\/wp\/v2\/lce-checkout-addons?post=198806"}],"curies":[{"name":"wp","href":"https:\/\/api.w.org\/{rel}","templated":true}]}}