{"id":198374,"date":"2026-04-08T12:44:20","date_gmt":"2026-04-08T10:44:20","guid":{"rendered":"https:\/\/insektenliebe.com\/shop\/produkt\/set-bioart-scaping\/"},"modified":"2026-04-08T12:44:20","modified_gmt":"2026-04-08T10:44:20","slug":"set-bioart-scaping","status":"publish","type":"product","link":"https:\/\/insektenliebe.com\/it\/shop\/prodotto\/set-bioart-scaping\/","title":{"rendered":"Set BioArt Scaping"},"content":{"rendered":"<h3><span class=\"s1\" style=\"color: #99cc33;\">Set di modellazione per terrari: progetta come un professionista<\/span><\/h3>\n<p class=\"p1\"><span class=\"s1\">Il <\/span><strong><span class=\"s2\">Set BioArt Scaping<\/span><\/strong><span class=\"s1\"> \u00e8 composto da un paio di <\/span><span class=\"s2\">forbici ricurve e pinzette ricurve, ciascuna lunga 25 cm<\/span><span class=\"s1\"> ed \u00e8 quindi perfettamente progettato per un lavoro preciso nel terrario.<\/span><\/p>\n<p class=\"p1\"><span class=\"s1\">La forma curva ti permette di accedere pi\u00f9 facilmente alle aree pi\u00f9 difficili da raggiungere. Allo stesso tempo, puoi lavorare in modo molto pi\u00f9 controllato senza disturbare altre aree del terrario. Questo \u00e8 particolarmente importante per gli allestimenti densamente piantumati o finemente strutturati.  <\/span><\/p>\n<p class=\"p1\"><span class=\"s1\">Con le <\/span><span class=\"s2\">forbici curve<\/span><span class=\"s1\">  puoi tagliare le piante in modo ordinato e modellarle in modo mirato. In questo modo il terrario avr\u00e0 un aspetto ordinato e crescer\u00e0 in modo controllato. Anche le parti di piante morte possono essere rimosse in modo rapido e pulito.  <\/span><\/p>\n<p class=\"p1\"><span class=\"s1\">Le <\/span><span class=\"s2\">pinzette curve<\/span><span class=\"s1\">  \u00e8 perfetto per inserire e spostare le piante o posizionare le decorazioni con precisione. Allo stesso tempo, puoi usarlo per eseguire piccoli lavori senza dover arrivare direttamente nel terrario con le mani. <\/span><\/p>\n<p class=\"p1\"><span class=\"s1\">Grazie alla lunghezza di <\/span><span class=\"s2\">25 cm<\/span><span class=\"s1\">  puoi raggiungere facilmente anche le aree pi\u00f9 profonde. Questo non solo rende il tuo lavoro pi\u00f9 confortevole, ma riduce anche lo stress degli animali. <\/span><\/p>\n<p class=\"p1\"><span class=\"s1\">Il set \u00e8 ideale per <\/span><span class=\"s2\">terrari piantumati e allestimenti bioattivi<\/span><span class=\"s1\">dove un lavoro pulito e controllato \u00e8 fondamentale. Allo stesso tempo, ti aiuta a mantenere il tuo layout stabile e visivamente attraente a lungo termine. <\/span><\/p>\n<p class=\"p1\"><span class=\"s1\">Il <\/span><strong><span class=\"s2\">BioArt Scaping Set<\/span><\/strong><span class=\"s1\"> \u00e8 quindi uno strumento indispensabile per tutti coloro che apprezzano la precisione, la pulizia e la progettazione di terrari ben studiati.<\/span><\/p>\n","protected":false},"excerpt":{"rendered":"<p>Set di modellazione per terrari: progetta come un professionista Il Set BioArt Scaping \u00e8 composto da un paio di forbici ricurve e pinzette ricurve, ciascuna lunga 25 cm ed \u00e8 quindi perfettamente progettato per un lavoro preciso nel terrario. La forma curva ti permette di accedere pi\u00f9 facilmente alle aree pi\u00f9 difficili da raggiungere. Allo [&hellip;]<\/p>\n","protected":false},"featured_media":198371,"template":"","meta":{"_acf_changed":false},"product-supplier":[],"product_brand":[3875],"product_cat":[2740],"product_tag":[],"lce-checkout-addons":[],"class_list":{"0":"post-198374","1":"product","2":"type-product","3":"status-publish","4":"has-post-thumbnail","6":"product_brand-bioart","7":"product_cat-arredamento-e-decorazione","8":"product_shipping_class-equipment-shipping","10":"first","11":"instock","12":"taxable","13":"shipping-taxable","14":"purchasable","15":"product-type-simple"},"acf":[],"yoast_head":"<!-- This site is optimized with the Yoast SEO plugin v27.3 - https:\/\/yoast.com\/product\/yoast-seo-wordpress\/ -->\n<title>Set BioArt Scaping - Insektenliebe<\/title>\n<meta name=\"description\" content=\"BioArt Scaping Set con forbici curve e pinzette (25 cm) - lavoro preciso nel terrario per la cura e la modellazione delle piante.\" \/>\n<meta name=\"robots\" content=\"index, follow, max-snippet:-1, max-image-preview:large, max-video-preview:-1\" \/>\n<link rel=\"canonical\" href=\"https:\/\/insektenliebe.com\/it\/shop\/prodotto\/set-bioart-scaping\/\" \/>\n<meta property=\"og:locale\" content=\"it_IT\" \/>\n<meta property=\"og:type\" content=\"article\" \/>\n<meta property=\"og:title\" content=\"Set BioArt Scaping - Insektenliebe\" \/>\n<meta property=\"og:description\" content=\"BioArt Scaping Set con forbici curve e pinzette (25 cm) - lavoro preciso nel terrario per la cura e la modellazione delle piante.\" \/>\n<meta property=\"og:url\" content=\"https:\/\/insektenliebe.com\/it\/shop\/prodotto\/set-bioart-scaping\/\" \/>\n<meta property=\"og:site_name\" content=\"Insektenliebe\" \/>\n<meta property=\"og:image\" content=\"https:\/\/insektenliebe.com\/wp-content\/uploads\/2026\/04\/BioArt-Scaping-Set-Verpackung.jpg\" \/>\n\t<meta property=\"og:image:width\" content=\"820\" \/>\n\t<meta property=\"og:image:height\" content=\"820\" \/>\n\t<meta property=\"og:image:type\" content=\"image\/jpeg\" \/>\n<meta name=\"twitter:card\" content=\"summary_large_image\" \/>\n<meta name=\"twitter:label1\" content=\"Tempo di lettura stimato\" \/>\n\t<meta name=\"twitter:data1\" content=\"1 minuto\" \/>\n<script type=\"application\/ld+json\" class=\"yoast-schema-graph\">{\"@context\":\"https:\\\/\\\/schema.org\",\"@graph\":[{\"@type\":\"WebPage\",\"@id\":\"https:\\\/\\\/insektenliebe.com\\\/it\\\/shop\\\/prodotto\\\/set-bioart-scaping\\\/\",\"url\":\"https:\\\/\\\/insektenliebe.com\\\/it\\\/shop\\\/prodotto\\\/set-bioart-scaping\\\/\",\"name\":\"Set BioArt Scaping - Insektenliebe\",\"isPartOf\":{\"@id\":\"https:\\\/\\\/insektenliebe.com\\\/it\\\/#website\"},\"primaryImageOfPage\":{\"@id\":\"https:\\\/\\\/insektenliebe.com\\\/it\\\/shop\\\/prodotto\\\/set-bioart-scaping\\\/#primaryimage\"},\"image\":{\"@id\":\"https:\\\/\\\/insektenliebe.com\\\/it\\\/shop\\\/prodotto\\\/set-bioart-scaping\\\/#primaryimage\"},\"thumbnailUrl\":\"https:\\\/\\\/insektenliebe.com\\\/wp-content\\\/uploads\\\/2026\\\/04\\\/BioArt-Scaping-Set-Verpackung.jpg\",\"datePublished\":\"2026-04-08T10:44:20+00:00\",\"description\":\"BioArt Scaping Set con forbici curve e pinzette (25 cm) - lavoro preciso nel terrario per la cura e la modellazione delle piante.\",\"breadcrumb\":{\"@id\":\"https:\\\/\\\/insektenliebe.com\\\/it\\\/shop\\\/prodotto\\\/set-bioart-scaping\\\/#breadcrumb\"},\"inLanguage\":\"it-IT\",\"potentialAction\":[{\"@type\":\"ReadAction\",\"target\":[\"https:\\\/\\\/insektenliebe.com\\\/it\\\/shop\\\/prodotto\\\/set-bioart-scaping\\\/\"]}]},{\"@type\":\"ImageObject\",\"inLanguage\":\"it-IT\",\"@id\":\"https:\\\/\\\/insektenliebe.com\\\/it\\\/shop\\\/prodotto\\\/set-bioart-scaping\\\/#primaryimage\",\"url\":\"https:\\\/\\\/insektenliebe.com\\\/wp-content\\\/uploads\\\/2026\\\/04\\\/BioArt-Scaping-Set-Verpackung.jpg\",\"contentUrl\":\"https:\\\/\\\/insektenliebe.com\\\/wp-content\\\/uploads\\\/2026\\\/04\\\/BioArt-Scaping-Set-Verpackung.jpg\",\"width\":820,\"height\":820,\"caption\":\"Confezione del set BioArt Scaping\"},{\"@type\":\"BreadcrumbList\",\"@id\":\"https:\\\/\\\/insektenliebe.com\\\/it\\\/shop\\\/prodotto\\\/set-bioart-scaping\\\/#breadcrumb\",\"itemListElement\":[{\"@type\":\"ListItem\",\"position\":1,\"name\":\"Startseite\",\"item\":\"https:\\\/\\\/insektenliebe.com\\\/it\\\/\"},{\"@type\":\"ListItem\",\"position\":2,\"name\":\"Negozio\",\"item\":\"https:\\\/\\\/insektenliebe.com\\\/it\\\/negozio\\\/\"},{\"@type\":\"ListItem\",\"position\":3,\"name\":\"Set BioArt Scaping\"}]},{\"@type\":\"WebSite\",\"@id\":\"https:\\\/\\\/insektenliebe.com\\\/it\\\/#website\",\"url\":\"https:\\\/\\\/insektenliebe.com\\\/it\\\/\",\"name\":\"Insektenliebe\",\"description\":\"Dein Zuhause f\u00fcr die kleinen Lebewesen\",\"publisher\":{\"@id\":\"https:\\\/\\\/insektenliebe.com\\\/it\\\/#organization\"},\"potentialAction\":[{\"@type\":\"SearchAction\",\"target\":{\"@type\":\"EntryPoint\",\"urlTemplate\":\"https:\\\/\\\/insektenliebe.com\\\/it\\\/?s={search_term_string}\"},\"query-input\":{\"@type\":\"PropertyValueSpecification\",\"valueRequired\":true,\"valueName\":\"search_term_string\"}}],\"inLanguage\":\"it-IT\"},{\"@type\":\"Organization\",\"@id\":\"https:\\\/\\\/insektenliebe.com\\\/it\\\/#organization\",\"name\":\"Insektenliebe\",\"url\":\"https:\\\/\\\/insektenliebe.com\\\/it\\\/\",\"logo\":{\"@type\":\"ImageObject\",\"inLanguage\":\"it-IT\",\"@id\":\"https:\\\/\\\/insektenliebe.com\\\/it\\\/#\\\/schema\\\/logo\\\/image\\\/\",\"url\":\"https:\\\/\\\/insektenliebe.com\\\/wp-content\\\/uploads\\\/2025\\\/03\\\/logo-white.png\",\"contentUrl\":\"https:\\\/\\\/insektenliebe.com\\\/wp-content\\\/uploads\\\/2025\\\/03\\\/logo-white.png\",\"width\":288,\"height\":188,\"caption\":\"Insektenliebe\"},\"image\":{\"@id\":\"https:\\\/\\\/insektenliebe.com\\\/it\\\/#\\\/schema\\\/logo\\\/image\\\/\"}}]}<\/script>\n<!-- \/ Yoast SEO plugin. -->","yoast_head_json":{"title":"Set BioArt Scaping - Insektenliebe","description":"BioArt Scaping Set con forbici curve e pinzette (25 cm) - lavoro preciso nel terrario per la cura e la modellazione delle piante.","robots":{"index":"index","follow":"follow","max-snippet":"max-snippet:-1","max-image-preview":"max-image-preview:large","max-video-preview":"max-video-preview:-1"},"canonical":"https:\/\/insektenliebe.com\/it\/shop\/prodotto\/set-bioart-scaping\/","og_locale":"it_IT","og_type":"article","og_title":"Set BioArt Scaping - Insektenliebe","og_description":"BioArt Scaping Set con forbici curve e pinzette (25 cm) - lavoro preciso nel terrario per la cura e la modellazione delle piante.","og_url":"https:\/\/insektenliebe.com\/it\/shop\/prodotto\/set-bioart-scaping\/","og_site_name":"Insektenliebe","og_image":[{"width":820,"height":820,"url":"https:\/\/insektenliebe.com\/wp-content\/uploads\/2026\/04\/BioArt-Scaping-Set-Verpackung.jpg","type":"image\/jpeg"}],"twitter_card":"summary_large_image","twitter_misc":{"Tempo di lettura stimato":"1 minuto"},"schema":{"@context":"https:\/\/schema.org","@graph":[{"@type":"WebPage","@id":"https:\/\/insektenliebe.com\/it\/shop\/prodotto\/set-bioart-scaping\/","url":"https:\/\/insektenliebe.com\/it\/shop\/prodotto\/set-bioart-scaping\/","name":"Set BioArt Scaping - Insektenliebe","isPartOf":{"@id":"https:\/\/insektenliebe.com\/it\/#website"},"primaryImageOfPage":{"@id":"https:\/\/insektenliebe.com\/it\/shop\/prodotto\/set-bioart-scaping\/#primaryimage"},"image":{"@id":"https:\/\/insektenliebe.com\/it\/shop\/prodotto\/set-bioart-scaping\/#primaryimage"},"thumbnailUrl":"https:\/\/insektenliebe.com\/wp-content\/uploads\/2026\/04\/BioArt-Scaping-Set-Verpackung.jpg","datePublished":"2026-04-08T10:44:20+00:00","description":"BioArt Scaping Set con forbici curve e pinzette (25 cm) - lavoro preciso nel terrario per la cura e la modellazione delle piante.","breadcrumb":{"@id":"https:\/\/insektenliebe.com\/it\/shop\/prodotto\/set-bioart-scaping\/#breadcrumb"},"inLanguage":"it-IT","potentialAction":[{"@type":"ReadAction","target":["https:\/\/insektenliebe.com\/it\/shop\/prodotto\/set-bioart-scaping\/"]}]},{"@type":"ImageObject","inLanguage":"it-IT","@id":"https:\/\/insektenliebe.com\/it\/shop\/prodotto\/set-bioart-scaping\/#primaryimage","url":"https:\/\/insektenliebe.com\/wp-content\/uploads\/2026\/04\/BioArt-Scaping-Set-Verpackung.jpg","contentUrl":"https:\/\/insektenliebe.com\/wp-content\/uploads\/2026\/04\/BioArt-Scaping-Set-Verpackung.jpg","width":820,"height":820,"caption":"Confezione del set BioArt Scaping"},{"@type":"BreadcrumbList","@id":"https:\/\/insektenliebe.com\/it\/shop\/prodotto\/set-bioart-scaping\/#breadcrumb","itemListElement":[{"@type":"ListItem","position":1,"name":"Startseite","item":"https:\/\/insektenliebe.com\/it\/"},{"@type":"ListItem","position":2,"name":"Negozio","item":"https:\/\/insektenliebe.com\/it\/negozio\/"},{"@type":"ListItem","position":3,"name":"Set BioArt Scaping"}]},{"@type":"WebSite","@id":"https:\/\/insektenliebe.com\/it\/#website","url":"https:\/\/insektenliebe.com\/it\/","name":"Insektenliebe","description":"Dein Zuhause f\u00fcr die kleinen Lebewesen","publisher":{"@id":"https:\/\/insektenliebe.com\/it\/#organization"},"potentialAction":[{"@type":"SearchAction","target":{"@type":"EntryPoint","urlTemplate":"https:\/\/insektenliebe.com\/it\/?s={search_term_string}"},"query-input":{"@type":"PropertyValueSpecification","valueRequired":true,"valueName":"search_term_string"}}],"inLanguage":"it-IT"},{"@type":"Organization","@id":"https:\/\/insektenliebe.com\/it\/#organization","name":"Insektenliebe","url":"https:\/\/insektenliebe.com\/it\/","logo":{"@type":"ImageObject","inLanguage":"it-IT","@id":"https:\/\/insektenliebe.com\/it\/#\/schema\/logo\/image\/","url":"https:\/\/insektenliebe.com\/wp-content\/uploads\/2025\/03\/logo-white.png","contentUrl":"https:\/\/insektenliebe.com\/wp-content\/uploads\/2025\/03\/logo-white.png","width":288,"height":188,"caption":"Insektenliebe"},"image":{"@id":"https:\/\/insektenliebe.com\/it\/#\/schema\/logo\/image\/"}}]}},"_links":{"self":[{"href":"https:\/\/insektenliebe.com\/it\/wp-json\/wp\/v2\/product\/198374","targetHints":{"allow":["GET"]}}],"collection":[{"href":"https:\/\/insektenliebe.com\/it\/wp-json\/wp\/v2\/product"}],"about":[{"href":"https:\/\/insektenliebe.com\/it\/wp-json\/wp\/v2\/types\/product"}],"wp:featuredmedia":[{"embeddable":true,"href":"https:\/\/insektenliebe.com\/it\/wp-json\/wp\/v2\/media\/198371"}],"wp:attachment":[{"href":"https:\/\/insektenliebe.com\/it\/wp-json\/wp\/v2\/media?parent=198374"}],"wp:term":[{"taxonomy":"product-supplier","embeddable":true,"href":"https:\/\/insektenliebe.com\/it\/wp-json\/wp\/v2\/product-supplier?post=198374"},{"taxonomy":"product_brand","embeddable":true,"href":"https:\/\/insektenliebe.com\/it\/wp-json\/wp\/v2\/product_brand?post=198374"},{"taxonomy":"product_cat","embeddable":true,"href":"https:\/\/insektenliebe.com\/it\/wp-json\/wp\/v2\/product_cat?post=198374"},{"taxonomy":"product_tag","embeddable":true,"href":"https:\/\/insektenliebe.com\/it\/wp-json\/wp\/v2\/product_tag?post=198374"},{"taxonomy":"lce-checkout-addons","embeddable":true,"href":"https:\/\/insektenliebe.com\/it\/wp-json\/wp\/v2\/lce-checkout-addons?post=198374"}],"curies":[{"name":"wp","href":"https:\/\/api.w.org\/{rel}","templated":true}]}}