{"id":198353,"date":"2026-04-08T11:17:01","date_gmt":"2026-04-08T09:17:01","guid":{"rendered":"https:\/\/insektenliebe.com\/shop\/produkt\/kit-di-strumenti-bioart\/"},"modified":"2026-04-08T11:17:01","modified_gmt":"2026-04-08T09:17:01","slug":"kit-di-strumenti-bioart","status":"publish","type":"product","link":"https:\/\/insektenliebe.com\/it\/shop\/prodotto\/kit-di-strumenti-bioart\/","title":{"rendered":"Kit di strumenti BioArt"},"content":{"rendered":"<h3><span class=\"s1\" style=\"color: #99cc33;\">Kit di strumenti BioArt 4 in 1 - Tutto a portata di mano<\/span><\/h3>\n<p class=\"p1\"><span class=\"s1\">Il <\/span><span class=\"s2\"><strong>Kit di strumenti BioArt 4<\/strong> in 1<\/span><span class=\"s1\">  \u00e8 un set di attrezzi versatile che rende il tuo lavoro nel terrario molto pi\u00f9 semplice. Combina diverse funzioni in un unico set e ti garantisce un lavoro sempre preciso e pulito. <\/span><\/p>\n<p class=\"p1\"><span class=\"s1\">Specialmente per <\/span><span class=\"s2\">terrari bioattivi o allestimenti piantumati<\/span><span class=\"s1\">  sono i dettagli che contano. Con il Tool Kit puoi intervenire in modo mirato senza disturbare l&#8217;intera struttura. In questo modo la struttura viene preservata e i tuoi animali sono meno stressati.  <\/span><\/p>\n<p class=\"p1\"><span class=\"s1\">Il <span class=\"s2\"><strong>BioArt Tool Kit 4<\/strong><\/span><\/span><span class=\"s2\"> semplifica la manutenzione!<\/span><span class=\"s1\">  Collega il manico all&#8217;asta e passa facilmente da un accessorio all&#8217;altro, a seconda dell&#8217;attivit\u00e0 da svolgere nel terrario. In questo modo avrai sempre a portata di mano lo strumento giusto. <\/span><\/p>\n<p class=\"p1\"><span class=\"s1\">Con il <\/span><span class=\"s2\">detergente per vetri<\/span><span class=\"s1\">  rimuove rapidamente i depositi e garantisce una visione chiara. Il  <\/span><span class=\"s2\">Tergicristallo per l&#8217;umidit\u00e0<\/span><span class=\"s1\">  ti aiuta a distribuire o ad assorbire l&#8217;acqua in eccesso in modo mirato. Allo stesso tempo, puoi utilizzare il   <\/span><span class=\"s2\">Rastrello per ghiaia<\/span><span class=\"s1\">  Struttura ordinatamente il substrato e gli strati di drenaggio. Il  <\/span><span class=\"s2\">Forchetta per piante<\/span><span class=\"s1\"> \u00e8 perfetta per inserire e spostare le piante o per allentare con cura il substrato.<\/span><\/p>\n<p class=\"p1\"><span class=\"s1\">Questo non solo ti permette di lavorare in modo pi\u00f9 pulito, ma anche molto pi\u00f9 efficiente. Allo stesso tempo, minimizzi i disturbi nel terrario perch\u00e9 puoi intervenire in modo mirato e preciso. Il kit di attrezzi ti aiuta a mantenere la tua installazione ben curata, stabile ed esteticamente gradevole a lungo termine.  <\/span><span class=\"s1\">.<\/span><\/p>\n<p class=\"p1\"><span class=\"s1\">Grazie al suo design compatto, l&#8217;utensile sta comodamente in mano e permette di eseguire <\/span><span class=\"s2\">un lavoro fine e controllato<\/span><span class=\"s1\">anche in terrari piccoli o densamente arredati. Questo \u00e8 un grande vantaggio, soprattutto in spazi ristretti. <\/span><\/p>\n<p class=\"p1\"><span class=\"s1\">Il set \u00e8 particolarmente indicato per <\/span><span class=\"s2\">Allestimenti bioattivi o piccoli terrari per invertebrati<\/span><span class=\"s1\">perch\u00e9 spesso richiede un lavoro molto preciso. Allo stesso tempo, rende molto pi\u00f9 semplice la manutenzione regolare. <\/span><\/p>\n<p class=\"p1\"><span class=\"s1\">Il kit di attrezzi dimostra la sua forza anche quando si spostano le piante o si migliorano le strutture. Puoi lavorare in modo mirato senza spostare inutilmente molto substrato. <\/span><\/p>\n<p class=\"p1\"><span class=\"s1\">Il <\/span><span class=\"s2\"><strong>Kit di strumenti BioArt 4<\/strong> in 1<\/span><span class=\"s1\">  \u00e8 quindi un pratico aiuto per tutti i terrariofili che tengono all&#8217;ordine, alla precisione e a un allestimento pulito. Fa risparmiare tempo, riduce lo stress degli animali e garantisce un terrario sempre ben curato. <\/span><\/p>\n","protected":false},"excerpt":{"rendered":"<p>Kit di strumenti BioArt 4 in 1 - Tutto a portata di mano Il Kit di strumenti BioArt 4 in 1 \u00e8 un set di attrezzi versatile che rende il tuo lavoro nel terrario molto pi\u00f9 semplice. Combina diverse funzioni in un unico set e ti garantisce un lavoro sempre preciso e pulito. Specialmente per [&hellip;]<\/p>\n","protected":false},"featured_media":198351,"template":"","meta":{"_acf_changed":false},"product-supplier":[],"product_brand":[3875],"product_cat":[2740],"product_tag":[],"lce-checkout-addons":[],"class_list":{"0":"post-198353","1":"product","2":"type-product","3":"status-publish","4":"has-post-thumbnail","6":"product_brand-bioart","7":"product_cat-arredamento-e-decorazione","8":"product_shipping_class-equipment-shipping","10":"first","11":"instock","12":"taxable","13":"shipping-taxable","14":"purchasable","15":"product-type-simple"},"acf":[],"yoast_head":"<!-- This site is optimized with the Yoast SEO plugin v27.3 - https:\/\/yoast.com\/product\/yoast-seo-wordpress\/ -->\n<title>Kit di strumenti BioArt - Insektenliebe<\/title>\n<meta name=\"description\" content=\"BioArt Tool Kit 4 in 1 - pratico set di attrezzi per terrari. Ideale per la cura, il lavoro sulle piante e i lavori di precisione nell&#039;allestimento.\" \/>\n<meta name=\"robots\" content=\"index, follow, max-snippet:-1, max-image-preview:large, max-video-preview:-1\" \/>\n<link rel=\"canonical\" href=\"https:\/\/insektenliebe.com\/it\/shop\/prodotto\/kit-di-strumenti-bioart\/\" \/>\n<meta property=\"og:locale\" content=\"it_IT\" \/>\n<meta property=\"og:type\" content=\"article\" \/>\n<meta property=\"og:title\" content=\"Kit di strumenti BioArt - Insektenliebe\" \/>\n<meta property=\"og:description\" content=\"BioArt Tool Kit 4 in 1 - pratico set di attrezzi per terrari. Ideale per la cura, il lavoro sulle piante e i lavori di precisione nell&#039;allestimento.\" \/>\n<meta property=\"og:url\" content=\"https:\/\/insektenliebe.com\/it\/shop\/prodotto\/kit-di-strumenti-bioart\/\" \/>\n<meta property=\"og:site_name\" content=\"Insektenliebe\" \/>\n<meta property=\"og:image\" content=\"https:\/\/insektenliebe.com\/wp-content\/uploads\/2026\/04\/BioArt-Tool-Kit.jpg\" \/>\n\t<meta property=\"og:image:width\" content=\"820\" \/>\n\t<meta property=\"og:image:height\" content=\"820\" \/>\n\t<meta property=\"og:image:type\" content=\"image\/jpeg\" \/>\n<meta name=\"twitter:card\" content=\"summary_large_image\" \/>\n<meta name=\"twitter:label1\" content=\"Tempo di lettura stimato\" \/>\n\t<meta name=\"twitter:data1\" content=\"2 minuto\" \/>\n<script type=\"application\/ld+json\" class=\"yoast-schema-graph\">{\"@context\":\"https:\\\/\\\/schema.org\",\"@graph\":[{\"@type\":\"WebPage\",\"@id\":\"https:\\\/\\\/insektenliebe.com\\\/it\\\/shop\\\/prodotto\\\/kit-di-strumenti-bioart\\\/\",\"url\":\"https:\\\/\\\/insektenliebe.com\\\/it\\\/shop\\\/prodotto\\\/kit-di-strumenti-bioart\\\/\",\"name\":\"Kit di strumenti BioArt - Insektenliebe\",\"isPartOf\":{\"@id\":\"https:\\\/\\\/insektenliebe.com\\\/it\\\/#website\"},\"primaryImageOfPage\":{\"@id\":\"https:\\\/\\\/insektenliebe.com\\\/it\\\/shop\\\/prodotto\\\/kit-di-strumenti-bioart\\\/#primaryimage\"},\"image\":{\"@id\":\"https:\\\/\\\/insektenliebe.com\\\/it\\\/shop\\\/prodotto\\\/kit-di-strumenti-bioart\\\/#primaryimage\"},\"thumbnailUrl\":\"https:\\\/\\\/insektenliebe.com\\\/wp-content\\\/uploads\\\/2026\\\/04\\\/BioArt-Tool-Kit.jpg\",\"datePublished\":\"2026-04-08T09:17:01+00:00\",\"description\":\"BioArt Tool Kit 4 in 1 - pratico set di attrezzi per terrari. Ideale per la cura, il lavoro sulle piante e i lavori di precisione nell'allestimento.\",\"breadcrumb\":{\"@id\":\"https:\\\/\\\/insektenliebe.com\\\/it\\\/shop\\\/prodotto\\\/kit-di-strumenti-bioart\\\/#breadcrumb\"},\"inLanguage\":\"it-IT\",\"potentialAction\":[{\"@type\":\"ReadAction\",\"target\":[\"https:\\\/\\\/insektenliebe.com\\\/it\\\/shop\\\/prodotto\\\/kit-di-strumenti-bioart\\\/\"]}]},{\"@type\":\"ImageObject\",\"inLanguage\":\"it-IT\",\"@id\":\"https:\\\/\\\/insektenliebe.com\\\/it\\\/shop\\\/prodotto\\\/kit-di-strumenti-bioart\\\/#primaryimage\",\"url\":\"https:\\\/\\\/insektenliebe.com\\\/wp-content\\\/uploads\\\/2026\\\/04\\\/BioArt-Tool-Kit.jpg\",\"contentUrl\":\"https:\\\/\\\/insektenliebe.com\\\/wp-content\\\/uploads\\\/2026\\\/04\\\/BioArt-Tool-Kit.jpg\",\"width\":820,\"height\":820,\"caption\":\"Kit di strumenti BioArt\"},{\"@type\":\"BreadcrumbList\",\"@id\":\"https:\\\/\\\/insektenliebe.com\\\/it\\\/shop\\\/prodotto\\\/kit-di-strumenti-bioart\\\/#breadcrumb\",\"itemListElement\":[{\"@type\":\"ListItem\",\"position\":1,\"name\":\"Startseite\",\"item\":\"https:\\\/\\\/insektenliebe.com\\\/it\\\/\"},{\"@type\":\"ListItem\",\"position\":2,\"name\":\"Negozio\",\"item\":\"https:\\\/\\\/insektenliebe.com\\\/it\\\/negozio\\\/\"},{\"@type\":\"ListItem\",\"position\":3,\"name\":\"Kit di strumenti BioArt\"}]},{\"@type\":\"WebSite\",\"@id\":\"https:\\\/\\\/insektenliebe.com\\\/it\\\/#website\",\"url\":\"https:\\\/\\\/insektenliebe.com\\\/it\\\/\",\"name\":\"Insektenliebe\",\"description\":\"Dein Zuhause f\u00fcr die kleinen Lebewesen\",\"publisher\":{\"@id\":\"https:\\\/\\\/insektenliebe.com\\\/it\\\/#organization\"},\"potentialAction\":[{\"@type\":\"SearchAction\",\"target\":{\"@type\":\"EntryPoint\",\"urlTemplate\":\"https:\\\/\\\/insektenliebe.com\\\/it\\\/?s={search_term_string}\"},\"query-input\":{\"@type\":\"PropertyValueSpecification\",\"valueRequired\":true,\"valueName\":\"search_term_string\"}}],\"inLanguage\":\"it-IT\"},{\"@type\":\"Organization\",\"@id\":\"https:\\\/\\\/insektenliebe.com\\\/it\\\/#organization\",\"name\":\"Insektenliebe\",\"url\":\"https:\\\/\\\/insektenliebe.com\\\/it\\\/\",\"logo\":{\"@type\":\"ImageObject\",\"inLanguage\":\"it-IT\",\"@id\":\"https:\\\/\\\/insektenliebe.com\\\/it\\\/#\\\/schema\\\/logo\\\/image\\\/\",\"url\":\"https:\\\/\\\/insektenliebe.com\\\/wp-content\\\/uploads\\\/2025\\\/03\\\/logo-white.png\",\"contentUrl\":\"https:\\\/\\\/insektenliebe.com\\\/wp-content\\\/uploads\\\/2025\\\/03\\\/logo-white.png\",\"width\":288,\"height\":188,\"caption\":\"Insektenliebe\"},\"image\":{\"@id\":\"https:\\\/\\\/insektenliebe.com\\\/it\\\/#\\\/schema\\\/logo\\\/image\\\/\"}}]}<\/script>\n<!-- \/ Yoast SEO plugin. -->","yoast_head_json":{"title":"Kit di strumenti BioArt - Insektenliebe","description":"BioArt Tool Kit 4 in 1 - pratico set di attrezzi per terrari. Ideale per la cura, il lavoro sulle piante e i lavori di precisione nell'allestimento.","robots":{"index":"index","follow":"follow","max-snippet":"max-snippet:-1","max-image-preview":"max-image-preview:large","max-video-preview":"max-video-preview:-1"},"canonical":"https:\/\/insektenliebe.com\/it\/shop\/prodotto\/kit-di-strumenti-bioart\/","og_locale":"it_IT","og_type":"article","og_title":"Kit di strumenti BioArt - Insektenliebe","og_description":"BioArt Tool Kit 4 in 1 - pratico set di attrezzi per terrari. Ideale per la cura, il lavoro sulle piante e i lavori di precisione nell'allestimento.","og_url":"https:\/\/insektenliebe.com\/it\/shop\/prodotto\/kit-di-strumenti-bioart\/","og_site_name":"Insektenliebe","og_image":[{"width":820,"height":820,"url":"https:\/\/insektenliebe.com\/wp-content\/uploads\/2026\/04\/BioArt-Tool-Kit.jpg","type":"image\/jpeg"}],"twitter_card":"summary_large_image","twitter_misc":{"Tempo di lettura stimato":"2 minuto"},"schema":{"@context":"https:\/\/schema.org","@graph":[{"@type":"WebPage","@id":"https:\/\/insektenliebe.com\/it\/shop\/prodotto\/kit-di-strumenti-bioart\/","url":"https:\/\/insektenliebe.com\/it\/shop\/prodotto\/kit-di-strumenti-bioart\/","name":"Kit di strumenti BioArt - Insektenliebe","isPartOf":{"@id":"https:\/\/insektenliebe.com\/it\/#website"},"primaryImageOfPage":{"@id":"https:\/\/insektenliebe.com\/it\/shop\/prodotto\/kit-di-strumenti-bioart\/#primaryimage"},"image":{"@id":"https:\/\/insektenliebe.com\/it\/shop\/prodotto\/kit-di-strumenti-bioart\/#primaryimage"},"thumbnailUrl":"https:\/\/insektenliebe.com\/wp-content\/uploads\/2026\/04\/BioArt-Tool-Kit.jpg","datePublished":"2026-04-08T09:17:01+00:00","description":"BioArt Tool Kit 4 in 1 - pratico set di attrezzi per terrari. Ideale per la cura, il lavoro sulle piante e i lavori di precisione nell'allestimento.","breadcrumb":{"@id":"https:\/\/insektenliebe.com\/it\/shop\/prodotto\/kit-di-strumenti-bioart\/#breadcrumb"},"inLanguage":"it-IT","potentialAction":[{"@type":"ReadAction","target":["https:\/\/insektenliebe.com\/it\/shop\/prodotto\/kit-di-strumenti-bioart\/"]}]},{"@type":"ImageObject","inLanguage":"it-IT","@id":"https:\/\/insektenliebe.com\/it\/shop\/prodotto\/kit-di-strumenti-bioart\/#primaryimage","url":"https:\/\/insektenliebe.com\/wp-content\/uploads\/2026\/04\/BioArt-Tool-Kit.jpg","contentUrl":"https:\/\/insektenliebe.com\/wp-content\/uploads\/2026\/04\/BioArt-Tool-Kit.jpg","width":820,"height":820,"caption":"Kit di strumenti BioArt"},{"@type":"BreadcrumbList","@id":"https:\/\/insektenliebe.com\/it\/shop\/prodotto\/kit-di-strumenti-bioart\/#breadcrumb","itemListElement":[{"@type":"ListItem","position":1,"name":"Startseite","item":"https:\/\/insektenliebe.com\/it\/"},{"@type":"ListItem","position":2,"name":"Negozio","item":"https:\/\/insektenliebe.com\/it\/negozio\/"},{"@type":"ListItem","position":3,"name":"Kit di strumenti BioArt"}]},{"@type":"WebSite","@id":"https:\/\/insektenliebe.com\/it\/#website","url":"https:\/\/insektenliebe.com\/it\/","name":"Insektenliebe","description":"Dein Zuhause f\u00fcr die kleinen Lebewesen","publisher":{"@id":"https:\/\/insektenliebe.com\/it\/#organization"},"potentialAction":[{"@type":"SearchAction","target":{"@type":"EntryPoint","urlTemplate":"https:\/\/insektenliebe.com\/it\/?s={search_term_string}"},"query-input":{"@type":"PropertyValueSpecification","valueRequired":true,"valueName":"search_term_string"}}],"inLanguage":"it-IT"},{"@type":"Organization","@id":"https:\/\/insektenliebe.com\/it\/#organization","name":"Insektenliebe","url":"https:\/\/insektenliebe.com\/it\/","logo":{"@type":"ImageObject","inLanguage":"it-IT","@id":"https:\/\/insektenliebe.com\/it\/#\/schema\/logo\/image\/","url":"https:\/\/insektenliebe.com\/wp-content\/uploads\/2025\/03\/logo-white.png","contentUrl":"https:\/\/insektenliebe.com\/wp-content\/uploads\/2025\/03\/logo-white.png","width":288,"height":188,"caption":"Insektenliebe"},"image":{"@id":"https:\/\/insektenliebe.com\/it\/#\/schema\/logo\/image\/"}}]}},"_links":{"self":[{"href":"https:\/\/insektenliebe.com\/it\/wp-json\/wp\/v2\/product\/198353","targetHints":{"allow":["GET"]}}],"collection":[{"href":"https:\/\/insektenliebe.com\/it\/wp-json\/wp\/v2\/product"}],"about":[{"href":"https:\/\/insektenliebe.com\/it\/wp-json\/wp\/v2\/types\/product"}],"wp:featuredmedia":[{"embeddable":true,"href":"https:\/\/insektenliebe.com\/it\/wp-json\/wp\/v2\/media\/198351"}],"wp:attachment":[{"href":"https:\/\/insektenliebe.com\/it\/wp-json\/wp\/v2\/media?parent=198353"}],"wp:term":[{"taxonomy":"product-supplier","embeddable":true,"href":"https:\/\/insektenliebe.com\/it\/wp-json\/wp\/v2\/product-supplier?post=198353"},{"taxonomy":"product_brand","embeddable":true,"href":"https:\/\/insektenliebe.com\/it\/wp-json\/wp\/v2\/product_brand?post=198353"},{"taxonomy":"product_cat","embeddable":true,"href":"https:\/\/insektenliebe.com\/it\/wp-json\/wp\/v2\/product_cat?post=198353"},{"taxonomy":"product_tag","embeddable":true,"href":"https:\/\/insektenliebe.com\/it\/wp-json\/wp\/v2\/product_tag?post=198353"},{"taxonomy":"lce-checkout-addons","embeddable":true,"href":"https:\/\/insektenliebe.com\/it\/wp-json\/wp\/v2\/lce-checkout-addons?post=198353"}],"curies":[{"name":"wp","href":"https:\/\/api.w.org\/{rel}","templated":true}]}}