{"id":198326,"date":"2026-04-08T09:42:07","date_gmt":"2026-04-08T07:42:07","guid":{"rendered":"https:\/\/insektenliebe.com\/shop\/produkt\/ghiaia-bioart\/"},"modified":"2026-04-08T09:44:53","modified_gmt":"2026-04-08T07:44:53","slug":"ghiaia-bioart","status":"publish","type":"product","link":"https:\/\/insektenliebe.com\/it\/shop\/prodotto\/ghiaia-bioart\/","title":{"rendered":"Ghiaia BioArt"},"content":{"rendered":"<h3><span class=\"s1\" style=\"color: #99cc33;\">Ghiaia BioArt - Perfetta per il drenaggio e le decorazioni<\/span><\/h3>\n<p class=\"p1\"><span class=\"s1\">La <\/span><strong><span class=\"s2\">Ghiaia BioArt<\/span><\/strong><span class=\"s1\">  \u00e8 un substrato versatile e naturale che non dovrebbe mancare in nessun terrario ben strutturato. Garantisce stabilit\u00e0, migliora il clima e allo stesso tempo offre numerose opzioni di design.<\/span><\/p>\n<p class=\"p1\"><span class=\"s1\">La ghiaia \u00e8 particolarmente importante come <\/span><span class=\"s2\">strato di drenaggio<\/span><span class=\"s1\">. Impedisce all&#8217;acqua in eccesso di accumularsi nel substrato. In questo modo il terreno rimane permeabile all&#8217;aria e protegge le radici e i microrganismi. Si tratta di un vantaggio decisivo, soprattutto nei terrari umidi.  <\/span><\/p>\n<p class=\"p1\"><span class=\"s1\">Allo stesso tempo, la ghiaia crea una <\/span><span class=\"s2\">una netta separazione tra acqua e substrato<\/span><span class=\"s1\">. In questo modo si creano condizioni stabili che garantiscono un microclima sano a lungo termine. Questo aspetto \u00e8 particolarmente importante per gli allestimenti bioattivi. <\/span><\/p>\n<p class=\"p1\"><span class=\"s1\">Oltre alla sua funzione, la ghiaia <\/span><span class=\"s2\">La<strong>ghiaia BioArt<\/strong> ha anche un bell&#8217;aspetto<\/span><span class=\"s1\">. La colorazione naturale si integra armoniosamente in qualsiasi terrario e garantisce un aspetto generale autentico. In questo modo il tuo allestimento assume un aspetto molto pi\u00f9 naturale e di qualit\u00e0. <\/span><\/p>\n<p class=\"p1\"><span class=\"s1\">Puoi anche usare la ghiaia per creare <\/span><span class=\"s2\">strutture e livelli<\/span><span class=\"s1\">  nel terrario. \u00c8 perfetto per i sentieri, le aree asciutte o come elemento decorativo intorno a piante e arredi.<\/span><\/p>\n<p class=\"p1\"><span class=\"s1\">La ghiaia offre vantaggi anche per gli animali. Crea superfici aggiuntive e permette di sfruttare meglio le diverse aree del terrario. Allo stesso tempo, il substrato rimane pi\u00f9 pulito perch\u00e9 viene smosso meno materiale.  <\/span><\/p>\n<p class=\"p1\"><span class=\"s1\">La <\/span><strong><span class=\"s2\">Ghiaia BioArt<\/span><\/strong><span class=\"s1\">  \u00e8 facile da usare. Puoi semplicemente aggiungere gli 800 g di ghiaia direttamente nel terrario e adattarli alle tue esigenze. Lo strato pu\u00f2 essere reso pi\u00f9 sottile o pi\u00f9 spesso a seconda delle esigenze. <\/span><\/p>\n<p class=\"p1\"><span class=\"s1\">Grazie alla sua stabilit\u00e0 e resistenza, la ghiaia durer\u00e0 a lungo. Non si decompone e conserva la sua struttura, mantenendo il tuo terrario sempre stabile. <\/span><\/p>\n<p class=\"p1\"><span class=\"s1\">Con la ghiaia <\/span><strong><span class=\"s2\">ghiaia BioArt<\/span><\/strong><span class=\"s1\"> ottieni un substrato funzionale e allo stesso tempo decorativo che valorizza il tuo terrario e garantisce condizioni migliori.<\/span><\/p>\n","protected":false},"excerpt":{"rendered":"<p>Ghiaia BioArt - Perfetta per il drenaggio e le decorazioni La Ghiaia BioArt \u00e8 un substrato versatile e naturale che non dovrebbe mancare in nessun terrario ben strutturato. Garantisce stabilit\u00e0, migliora il clima e allo stesso tempo offre numerose opzioni di design. La ghiaia \u00e8 particolarmente importante come strato di drenaggio. Impedisce all&#8217;acqua in eccesso [&hellip;]<\/p>\n","protected":false},"featured_media":198325,"template":"","meta":{"_acf_changed":false},"product-supplier":[],"product_brand":[3875],"product_cat":[2894],"product_tag":[],"lce-checkout-addons":[],"class_list":{"0":"post-198326","1":"product","2":"type-product","3":"status-publish","4":"has-post-thumbnail","6":"product_brand-bioart","7":"product_cat-substrati-e-muschi","8":"product_shipping_class-equipment-shipping","10":"first","11":"instock","12":"taxable","13":"shipping-taxable","14":"purchasable","15":"product-type-variable"},"acf":[],"yoast_head":"<!-- This site is optimized with the Yoast SEO plugin v27.3 - https:\/\/yoast.com\/product\/yoast-seo-wordpress\/ -->\n<title>Ghiaia BioArt - Insektenliebe<\/title>\n<meta name=\"description\" content=\"Ghiaia BioArt - ghiaia decorativa naturale per terrari. Ideale per strati drenanti, decorazioni e strutture stabili nell&#039;allestimento.\" \/>\n<meta name=\"robots\" content=\"index, follow, max-snippet:-1, max-image-preview:large, max-video-preview:-1\" \/>\n<link rel=\"canonical\" href=\"https:\/\/insektenliebe.com\/it\/shop\/prodotto\/ghiaia-bioart\/\" \/>\n<meta property=\"og:locale\" content=\"it_IT\" \/>\n<meta property=\"og:type\" content=\"article\" \/>\n<meta property=\"og:title\" content=\"Ghiaia BioArt - Insektenliebe\" \/>\n<meta property=\"og:description\" content=\"Ghiaia BioArt - ghiaia decorativa naturale per terrari. Ideale per strati drenanti, decorazioni e strutture stabili nell&#039;allestimento.\" \/>\n<meta property=\"og:url\" content=\"https:\/\/insektenliebe.com\/it\/shop\/prodotto\/ghiaia-bioart\/\" \/>\n<meta property=\"og:site_name\" content=\"Insektenliebe\" \/>\n<meta property=\"article:modified_time\" content=\"2026-04-08T07:44:53+00:00\" \/>\n<meta property=\"og:image\" content=\"https:\/\/insektenliebe.com\/wp-content\/uploads\/2026\/04\/BioArt-Kies-Schwarz.jpg\" \/>\n\t<meta property=\"og:image:width\" content=\"820\" \/>\n\t<meta property=\"og:image:height\" content=\"820\" \/>\n\t<meta property=\"og:image:type\" content=\"image\/jpeg\" \/>\n<meta name=\"twitter:card\" content=\"summary_large_image\" \/>\n<meta name=\"twitter:label1\" content=\"Tempo di lettura stimato\" \/>\n\t<meta name=\"twitter:data1\" content=\"2 minuto\" \/>\n<script type=\"application\/ld+json\" class=\"yoast-schema-graph\">{\"@context\":\"https:\\\/\\\/schema.org\",\"@graph\":[{\"@type\":\"WebPage\",\"@id\":\"https:\\\/\\\/insektenliebe.com\\\/it\\\/shop\\\/prodotto\\\/ghiaia-bioart\\\/\",\"url\":\"https:\\\/\\\/insektenliebe.com\\\/it\\\/shop\\\/prodotto\\\/ghiaia-bioart\\\/\",\"name\":\"Ghiaia BioArt - Insektenliebe\",\"isPartOf\":{\"@id\":\"https:\\\/\\\/insektenliebe.com\\\/it\\\/#website\"},\"primaryImageOfPage\":{\"@id\":\"https:\\\/\\\/insektenliebe.com\\\/it\\\/shop\\\/prodotto\\\/ghiaia-bioart\\\/#primaryimage\"},\"image\":{\"@id\":\"https:\\\/\\\/insektenliebe.com\\\/it\\\/shop\\\/prodotto\\\/ghiaia-bioart\\\/#primaryimage\"},\"thumbnailUrl\":\"https:\\\/\\\/insektenliebe.com\\\/wp-content\\\/uploads\\\/2026\\\/04\\\/BioArt-Kies-Schwarz.jpg\",\"datePublished\":\"2026-04-08T07:42:07+00:00\",\"dateModified\":\"2026-04-08T07:44:53+00:00\",\"description\":\"Ghiaia BioArt - ghiaia decorativa naturale per terrari. Ideale per strati drenanti, decorazioni e strutture stabili nell'allestimento.\",\"breadcrumb\":{\"@id\":\"https:\\\/\\\/insektenliebe.com\\\/it\\\/shop\\\/prodotto\\\/ghiaia-bioart\\\/#breadcrumb\"},\"inLanguage\":\"it-IT\",\"potentialAction\":[{\"@type\":\"ReadAction\",\"target\":[\"https:\\\/\\\/insektenliebe.com\\\/it\\\/shop\\\/prodotto\\\/ghiaia-bioart\\\/\"]}]},{\"@type\":\"ImageObject\",\"inLanguage\":\"it-IT\",\"@id\":\"https:\\\/\\\/insektenliebe.com\\\/it\\\/shop\\\/prodotto\\\/ghiaia-bioart\\\/#primaryimage\",\"url\":\"https:\\\/\\\/insektenliebe.com\\\/wp-content\\\/uploads\\\/2026\\\/04\\\/BioArt-Kies-Schwarz.jpg\",\"contentUrl\":\"https:\\\/\\\/insektenliebe.com\\\/wp-content\\\/uploads\\\/2026\\\/04\\\/BioArt-Kies-Schwarz.jpg\",\"width\":820,\"height\":820,\"caption\":\"BioArt Gravel - Nero\"},{\"@type\":\"BreadcrumbList\",\"@id\":\"https:\\\/\\\/insektenliebe.com\\\/it\\\/shop\\\/prodotto\\\/ghiaia-bioart\\\/#breadcrumb\",\"itemListElement\":[{\"@type\":\"ListItem\",\"position\":1,\"name\":\"Startseite\",\"item\":\"https:\\\/\\\/insektenliebe.com\\\/it\\\/\"},{\"@type\":\"ListItem\",\"position\":2,\"name\":\"Negozio\",\"item\":\"https:\\\/\\\/insektenliebe.com\\\/it\\\/negozio\\\/\"},{\"@type\":\"ListItem\",\"position\":3,\"name\":\"Ghiaia BioArt\"}]},{\"@type\":\"WebSite\",\"@id\":\"https:\\\/\\\/insektenliebe.com\\\/it\\\/#website\",\"url\":\"https:\\\/\\\/insektenliebe.com\\\/it\\\/\",\"name\":\"Insektenliebe\",\"description\":\"Dein Zuhause f\u00fcr die kleinen Lebewesen\",\"publisher\":{\"@id\":\"https:\\\/\\\/insektenliebe.com\\\/it\\\/#organization\"},\"potentialAction\":[{\"@type\":\"SearchAction\",\"target\":{\"@type\":\"EntryPoint\",\"urlTemplate\":\"https:\\\/\\\/insektenliebe.com\\\/it\\\/?s={search_term_string}\"},\"query-input\":{\"@type\":\"PropertyValueSpecification\",\"valueRequired\":true,\"valueName\":\"search_term_string\"}}],\"inLanguage\":\"it-IT\"},{\"@type\":\"Organization\",\"@id\":\"https:\\\/\\\/insektenliebe.com\\\/it\\\/#organization\",\"name\":\"Insektenliebe\",\"url\":\"https:\\\/\\\/insektenliebe.com\\\/it\\\/\",\"logo\":{\"@type\":\"ImageObject\",\"inLanguage\":\"it-IT\",\"@id\":\"https:\\\/\\\/insektenliebe.com\\\/it\\\/#\\\/schema\\\/logo\\\/image\\\/\",\"url\":\"https:\\\/\\\/insektenliebe.com\\\/wp-content\\\/uploads\\\/2025\\\/03\\\/logo-white.png\",\"contentUrl\":\"https:\\\/\\\/insektenliebe.com\\\/wp-content\\\/uploads\\\/2025\\\/03\\\/logo-white.png\",\"width\":288,\"height\":188,\"caption\":\"Insektenliebe\"},\"image\":{\"@id\":\"https:\\\/\\\/insektenliebe.com\\\/it\\\/#\\\/schema\\\/logo\\\/image\\\/\"}}]}<\/script>\n<!-- \/ Yoast SEO plugin. -->","yoast_head_json":{"title":"Ghiaia BioArt - Insektenliebe","description":"Ghiaia BioArt - ghiaia decorativa naturale per terrari. Ideale per strati drenanti, decorazioni e strutture stabili nell'allestimento.","robots":{"index":"index","follow":"follow","max-snippet":"max-snippet:-1","max-image-preview":"max-image-preview:large","max-video-preview":"max-video-preview:-1"},"canonical":"https:\/\/insektenliebe.com\/it\/shop\/prodotto\/ghiaia-bioart\/","og_locale":"it_IT","og_type":"article","og_title":"Ghiaia BioArt - Insektenliebe","og_description":"Ghiaia BioArt - ghiaia decorativa naturale per terrari. Ideale per strati drenanti, decorazioni e strutture stabili nell'allestimento.","og_url":"https:\/\/insektenliebe.com\/it\/shop\/prodotto\/ghiaia-bioart\/","og_site_name":"Insektenliebe","article_modified_time":"2026-04-08T07:44:53+00:00","og_image":[{"width":820,"height":820,"url":"https:\/\/insektenliebe.com\/wp-content\/uploads\/2026\/04\/BioArt-Kies-Schwarz.jpg","type":"image\/jpeg"}],"twitter_card":"summary_large_image","twitter_misc":{"Tempo di lettura stimato":"2 minuto"},"schema":{"@context":"https:\/\/schema.org","@graph":[{"@type":"WebPage","@id":"https:\/\/insektenliebe.com\/it\/shop\/prodotto\/ghiaia-bioart\/","url":"https:\/\/insektenliebe.com\/it\/shop\/prodotto\/ghiaia-bioart\/","name":"Ghiaia BioArt - Insektenliebe","isPartOf":{"@id":"https:\/\/insektenliebe.com\/it\/#website"},"primaryImageOfPage":{"@id":"https:\/\/insektenliebe.com\/it\/shop\/prodotto\/ghiaia-bioart\/#primaryimage"},"image":{"@id":"https:\/\/insektenliebe.com\/it\/shop\/prodotto\/ghiaia-bioart\/#primaryimage"},"thumbnailUrl":"https:\/\/insektenliebe.com\/wp-content\/uploads\/2026\/04\/BioArt-Kies-Schwarz.jpg","datePublished":"2026-04-08T07:42:07+00:00","dateModified":"2026-04-08T07:44:53+00:00","description":"Ghiaia BioArt - ghiaia decorativa naturale per terrari. Ideale per strati drenanti, decorazioni e strutture stabili nell'allestimento.","breadcrumb":{"@id":"https:\/\/insektenliebe.com\/it\/shop\/prodotto\/ghiaia-bioart\/#breadcrumb"},"inLanguage":"it-IT","potentialAction":[{"@type":"ReadAction","target":["https:\/\/insektenliebe.com\/it\/shop\/prodotto\/ghiaia-bioart\/"]}]},{"@type":"ImageObject","inLanguage":"it-IT","@id":"https:\/\/insektenliebe.com\/it\/shop\/prodotto\/ghiaia-bioart\/#primaryimage","url":"https:\/\/insektenliebe.com\/wp-content\/uploads\/2026\/04\/BioArt-Kies-Schwarz.jpg","contentUrl":"https:\/\/insektenliebe.com\/wp-content\/uploads\/2026\/04\/BioArt-Kies-Schwarz.jpg","width":820,"height":820,"caption":"BioArt Gravel - Nero"},{"@type":"BreadcrumbList","@id":"https:\/\/insektenliebe.com\/it\/shop\/prodotto\/ghiaia-bioart\/#breadcrumb","itemListElement":[{"@type":"ListItem","position":1,"name":"Startseite","item":"https:\/\/insektenliebe.com\/it\/"},{"@type":"ListItem","position":2,"name":"Negozio","item":"https:\/\/insektenliebe.com\/it\/negozio\/"},{"@type":"ListItem","position":3,"name":"Ghiaia BioArt"}]},{"@type":"WebSite","@id":"https:\/\/insektenliebe.com\/it\/#website","url":"https:\/\/insektenliebe.com\/it\/","name":"Insektenliebe","description":"Dein Zuhause f\u00fcr die kleinen Lebewesen","publisher":{"@id":"https:\/\/insektenliebe.com\/it\/#organization"},"potentialAction":[{"@type":"SearchAction","target":{"@type":"EntryPoint","urlTemplate":"https:\/\/insektenliebe.com\/it\/?s={search_term_string}"},"query-input":{"@type":"PropertyValueSpecification","valueRequired":true,"valueName":"search_term_string"}}],"inLanguage":"it-IT"},{"@type":"Organization","@id":"https:\/\/insektenliebe.com\/it\/#organization","name":"Insektenliebe","url":"https:\/\/insektenliebe.com\/it\/","logo":{"@type":"ImageObject","inLanguage":"it-IT","@id":"https:\/\/insektenliebe.com\/it\/#\/schema\/logo\/image\/","url":"https:\/\/insektenliebe.com\/wp-content\/uploads\/2025\/03\/logo-white.png","contentUrl":"https:\/\/insektenliebe.com\/wp-content\/uploads\/2025\/03\/logo-white.png","width":288,"height":188,"caption":"Insektenliebe"},"image":{"@id":"https:\/\/insektenliebe.com\/it\/#\/schema\/logo\/image\/"}}]}},"_links":{"self":[{"href":"https:\/\/insektenliebe.com\/it\/wp-json\/wp\/v2\/product\/198326","targetHints":{"allow":["GET"]}}],"collection":[{"href":"https:\/\/insektenliebe.com\/it\/wp-json\/wp\/v2\/product"}],"about":[{"href":"https:\/\/insektenliebe.com\/it\/wp-json\/wp\/v2\/types\/product"}],"wp:featuredmedia":[{"embeddable":true,"href":"https:\/\/insektenliebe.com\/it\/wp-json\/wp\/v2\/media\/198325"}],"wp:attachment":[{"href":"https:\/\/insektenliebe.com\/it\/wp-json\/wp\/v2\/media?parent=198326"}],"wp:term":[{"taxonomy":"product-supplier","embeddable":true,"href":"https:\/\/insektenliebe.com\/it\/wp-json\/wp\/v2\/product-supplier?post=198326"},{"taxonomy":"product_brand","embeddable":true,"href":"https:\/\/insektenliebe.com\/it\/wp-json\/wp\/v2\/product_brand?post=198326"},{"taxonomy":"product_cat","embeddable":true,"href":"https:\/\/insektenliebe.com\/it\/wp-json\/wp\/v2\/product_cat?post=198326"},{"taxonomy":"product_tag","embeddable":true,"href":"https:\/\/insektenliebe.com\/it\/wp-json\/wp\/v2\/product_tag?post=198326"},{"taxonomy":"lce-checkout-addons","embeddable":true,"href":"https:\/\/insektenliebe.com\/it\/wp-json\/wp\/v2\/lce-checkout-addons?post=198326"}],"curies":[{"name":"wp","href":"https:\/\/api.w.org\/{rel}","templated":true}]}}