{"id":197304,"date":"2026-04-02T09:52:52","date_gmt":"2026-04-02T07:52:52","guid":{"rendered":"https:\/\/insektenliebe.com\/shop\/produkt\/set-completo-per-lallevamento-di-grilli-e-insektenliebe\/"},"modified":"2026-04-02T09:52:52","modified_gmt":"2026-04-02T07:52:52","slug":"set-completo-per-lallevamento-di-grilli-e-insektenliebe","status":"publish","type":"product","link":"https:\/\/insektenliebe.com\/it\/shop\/prodotto\/set-completo-per-lallevamento-di-grilli-e-insektenliebe\/","title":{"rendered":"Set completo per l&#8217;allevamento di grilli e Insektenliebe"},"content":{"rendered":"<h3 class=\"p1\"><span style=\"color: #99cc33;\"><strong><span class=\"s1\">Insektenliebe set completo per l&#8217;allevamento di grilli - Allevare semplicemente, salvare in modo permanente<\/span><\/strong><\/span><\/h3>\n<p class=\"p1\"><span class=\"s1\">Con il <strong>set completo Insektenliebe per l&#8217;allevamento di grilli<\/strong>, avrai a disposizione un sistema completamente studiato con cui potrai iniziare subito ad allevare i tuoi animali da reddito. Tutto \u00e8 coordinato. Non devi mettere insieme nulla. Puoi iniziare subito.   <\/span><\/p>\n<p class=\"p1\"><span class=\"s1\">L&#8217;elemento centrale \u00e8 lo stabile contenitore per l&#8217;allevamento che misura 39 \u00d7 28 \u00d7 28 cm. Quattro fori di ventilazione integrati con griglie di ventilazione in plastica garantiscono una buona circolazione dell&#8217;aria. Allo stesso tempo, il contenitore rimane chiuso in modo sicuro. Quattro robuste clip tengono il coperchio in posizione in modo affidabile. In questo modo gli animali rimangono al loro posto.    <\/span><\/p>\n<p class=\"p1\"><span class=\"s1\">Il set contiene grilli e cibo per grilli di alta qualit\u00e0. In questo modo i tuoi animali da riproduzione avranno le migliori cure possibili. \u00c8 inclusa anche una ciotola rotonda separata. Questa mantiene il cibo pulito e asciutto. Un abbeveratoio magnetico permette agli animali di accedere all&#8217;acqua in modo sicuro in ogni momento. Il substrato per i grilli non \u00e8 utile e non \u00e8 incluso.       <\/span><\/p>\n<p class=\"p1\"><span class=\"s1\">Il cartone delle uova chiuso crea una struttura e offre molti nascondigli. Questo riduce lo stress. Allo stesso tempo, aumenta lo spazio utilizzabile nella scatola. Di conseguenza, grilli e grillini si sentono molto pi\u00f9 a loro agio. Questo favorisce l&#8217;attivit\u00e0 e il comportamento di accoppiamento.    <\/span><\/p>\n<p class=\"p1\"><span class=\"s1\">Sono inclusi due bastoncini di humus di cocco per la deposizione delle uova. Si tratta di un substrato ideale per la deposizione delle uova. Il sistema \u00e8 completato da due barattoli da 125 ml con una griglia e una barra di protezione. I grilli salgono nella scatola attraverso questa barra. \u00c8 qui che depongono le uova. La griglia impedisce in modo affidabile che gli animali mangino le loro stesse uova. Questo aumenta in modo significativo i tassi di schiusa. Il secondo barattolo e il bastoncino di humus di cocco possono essere utilizzati in cambio. Il periodo di incubazione delle uova \u00e8 di 10-14 giorni, a seconda della temperatura.          <\/span><\/p>\n<p class=\"p1\"><span class=\"s1\">Questo set completo \u00e8 perfetto per i principianti. Ma anche gli allevatori esperti potranno trarre vantaggio dalla facilit\u00e0 di utilizzo. Produci i tuoi animali da mangiare. Risparmierai denaro. E avrai sempre a disposizione insetti freschi e sani.    <\/span><\/p>\n<p class=\"p1\"><span class=\"s1\">Con il <strong>set completo di Insektenliebe per l&#8217;allevamento di grilli e criceti<\/strong>, ottieni un sistema ben studiato che funziona. \u00c8 sufficiente installarlo. Inserisci gli animali. E il tuo programma di allevamento \u00e8 pronto e funzionante.   <\/span><\/p>\n<p><strong>Contenuto della fornitura:<br \/>\n<\/strong>1x contenitore 39 x 28 x 28 cm \/ 22L<br \/>\n2x griglia di ventilazione in plastica \u00d8 5 cm<br \/>\n4x clip di chiusura<br \/>\n1x abbeveratoio magnetico 50 ml<br \/>\n1x ciotola rotonda Insektenbe 60 mm<br \/>\n1x cibo per grilli e grillai<br \/>\n2x scheda di humus di cocco KT-250<br \/>\n1x set per la deposizione di uova di grillo<br \/>\n2x contenitori da 125 ml<br \/>\n2x cartoni per uova dimezzati<br \/>\n1x adesivo \"Nome della specie\"<\/p>\n","protected":false},"excerpt":{"rendered":"<p>Insektenliebe set completo per l&#8217;allevamento di grilli - Allevare semplicemente, salvare in modo permanente Con il set completo Insektenliebe per l&#8217;allevamento di grilli, avrai a disposizione un sistema completamente studiato con cui potrai iniziare subito ad allevare i tuoi animali da reddito. Tutto \u00e8 coordinato. Non devi mettere insieme nulla. Puoi iniziare subito. L&#8217;elemento centrale [&hellip;]<\/p>\n","protected":false},"featured_media":194732,"template":"","meta":{"_acf_changed":false},"product-supplier":[],"product_brand":[2853],"product_cat":[2854],"product_tag":[],"lce-checkout-addons":[],"class_list":{"0":"post-197304","1":"product","2":"type-product","3":"status-publish","4":"has-post-thumbnail","6":"product_brand-insektenliebe","7":"product_cat-set-completo","8":"product_shipping_class-equipment-shipping","10":"first","11":"instock","12":"sale","13":"taxable","14":"shipping-taxable","15":"purchasable","16":"product-type-simple"},"acf":[],"yoast_head":"<!-- This site is optimized with the Yoast SEO Premium plugin v26.8 (Yoast SEO v27.3) - https:\/\/yoast.com\/product\/yoast-seo-premium-wordpress\/ -->\n<title>Set completo per l&#039;allevamento di grilli e Insektenliebe - Insektenliebe<\/title>\n<meta name=\"description\" content=\"Set completo per l&#039;allevamento di grilli e grillai Insektenliebe: tutto ci\u00f2 di cui hai bisogno per iniziare subito ad allevare i tuoi animali da cibo in un unico set.\" \/>\n<meta name=\"robots\" content=\"index, follow, max-snippet:-1, max-image-preview:large, max-video-preview:-1\" \/>\n<link rel=\"canonical\" href=\"https:\/\/insektenliebe.com\/it\/shop\/prodotto\/set-completo-per-lallevamento-di-grilli-e-insektenliebe\/\" \/>\n<meta property=\"og:locale\" content=\"it_IT\" \/>\n<meta property=\"og:type\" content=\"article\" \/>\n<meta property=\"og:title\" content=\"Set completo per l&#039;allevamento di grilli e Insektenliebe\" \/>\n<meta property=\"og:description\" content=\"Set completo per l&#039;allevamento di grilli e grillai Insektenliebe: tutto ci\u00f2 di cui hai bisogno per iniziare subito ad allevare i tuoi animali da cibo in un unico set.\" \/>\n<meta property=\"og:url\" content=\"https:\/\/insektenliebe.com\/it\/shop\/prodotto\/set-completo-per-lallevamento-di-grilli-e-insektenliebe\/\" \/>\n<meta property=\"og:site_name\" content=\"Insektenliebe\" \/>\n<meta property=\"og:image\" content=\"https:\/\/insektenliebe.com\/wp-content\/uploads\/2026\/02\/Insektenliebe-Heimchen-und-Grillenzucht-Komplettset-1.jpg\" \/>\n\t<meta property=\"og:image:width\" content=\"820\" \/>\n\t<meta property=\"og:image:height\" content=\"820\" \/>\n\t<meta property=\"og:image:type\" content=\"image\/jpeg\" \/>\n<meta name=\"twitter:card\" content=\"summary_large_image\" \/>\n<meta name=\"twitter:label1\" content=\"Prezzo\" \/>\n\t<meta name=\"twitter:data1\" content=\"39,99&nbsp;&euro; IVA incl., + spese di sped.\" \/>\n\t<meta name=\"twitter:label2\" content=\"Disponibilit\u00e0\" \/>\n\t<meta name=\"twitter:data2\" content=\"In stock\" \/>\n<script type=\"application\/ld+json\" class=\"yoast-schema-graph\">{\"@context\":\"https:\\\/\\\/schema.org\",\"@graph\":[{\"@type\":\"WebPage\",\"@id\":\"https:\\\/\\\/insektenliebe.com\\\/it\\\/shop\\\/prodotto\\\/set-completo-per-lallevamento-di-grilli-e-insektenliebe\\\/\",\"url\":\"https:\\\/\\\/insektenliebe.com\\\/it\\\/shop\\\/prodotto\\\/set-completo-per-lallevamento-di-grilli-e-insektenliebe\\\/\",\"name\":\"Set completo per l'allevamento di grilli e Insektenliebe - Insektenliebe\",\"isPartOf\":{\"@id\":\"https:\\\/\\\/insektenliebe.com\\\/it\\\/#website\"},\"primaryImageOfPage\":{\"@id\":\"https:\\\/\\\/insektenliebe.com\\\/it\\\/shop\\\/prodotto\\\/set-completo-per-lallevamento-di-grilli-e-insektenliebe\\\/#primaryimage\"},\"image\":{\"@id\":\"https:\\\/\\\/insektenliebe.com\\\/it\\\/shop\\\/prodotto\\\/set-completo-per-lallevamento-di-grilli-e-insektenliebe\\\/#primaryimage\"},\"thumbnailUrl\":\"https:\\\/\\\/insektenliebe.com\\\/wp-content\\\/uploads\\\/2026\\\/02\\\/Insektenliebe-Heimchen-und-Grillenzucht-Komplettset-1.jpg\",\"datePublished\":\"2026-04-02T07:52:52+00:00\",\"description\":\"Set completo per l'allevamento di grilli e grillai Insektenliebe: tutto ci\u00f2 di cui hai bisogno per iniziare subito ad allevare i tuoi animali da cibo in un unico set.\",\"breadcrumb\":{\"@id\":\"https:\\\/\\\/insektenliebe.com\\\/it\\\/shop\\\/prodotto\\\/set-completo-per-lallevamento-di-grilli-e-insektenliebe\\\/#breadcrumb\"},\"inLanguage\":\"it-IT\",\"potentialAction\":[{\"@type\":\"ReadAction\",\"target\":[\"https:\\\/\\\/insektenliebe.com\\\/it\\\/shop\\\/prodotto\\\/set-completo-per-lallevamento-di-grilli-e-insektenliebe\\\/\"]}]},{\"@type\":\"ImageObject\",\"inLanguage\":\"it-IT\",\"@id\":\"https:\\\/\\\/insektenliebe.com\\\/it\\\/shop\\\/prodotto\\\/set-completo-per-lallevamento-di-grilli-e-insektenliebe\\\/#primaryimage\",\"url\":\"https:\\\/\\\/insektenliebe.com\\\/wp-content\\\/uploads\\\/2026\\\/02\\\/Insektenliebe-Heimchen-und-Grillenzucht-Komplettset-1.jpg\",\"contentUrl\":\"https:\\\/\\\/insektenliebe.com\\\/wp-content\\\/uploads\\\/2026\\\/02\\\/Insektenliebe-Heimchen-und-Grillenzucht-Komplettset-1.jpg\",\"width\":820,\"height\":820,\"caption\":\"Set completo per l'allevamento di grilli e Insektenliebe\"},{\"@type\":\"BreadcrumbList\",\"@id\":\"https:\\\/\\\/insektenliebe.com\\\/it\\\/shop\\\/prodotto\\\/set-completo-per-lallevamento-di-grilli-e-insektenliebe\\\/#breadcrumb\",\"itemListElement\":[{\"@type\":\"ListItem\",\"position\":1,\"name\":\"Startseite\",\"item\":\"https:\\\/\\\/insektenliebe.com\\\/it\\\/\"},{\"@type\":\"ListItem\",\"position\":2,\"name\":\"Negozio\",\"item\":\"https:\\\/\\\/insektenliebe.com\\\/it\\\/negozio\\\/\"},{\"@type\":\"ListItem\",\"position\":3,\"name\":\"Set completo per l&#8217;allevamento di grilli e Insektenliebe\"}]},{\"@type\":\"WebSite\",\"@id\":\"https:\\\/\\\/insektenliebe.com\\\/it\\\/#website\",\"url\":\"https:\\\/\\\/insektenliebe.com\\\/it\\\/\",\"name\":\"Insektenliebe\",\"description\":\"Dein Zuhause f\u00fcr die kleinen Lebewesen\",\"publisher\":{\"@id\":\"https:\\\/\\\/insektenliebe.com\\\/it\\\/#organization\"},\"potentialAction\":[{\"@type\":\"SearchAction\",\"target\":{\"@type\":\"EntryPoint\",\"urlTemplate\":\"https:\\\/\\\/insektenliebe.com\\\/it\\\/?s={search_term_string}\"},\"query-input\":{\"@type\":\"PropertyValueSpecification\",\"valueRequired\":true,\"valueName\":\"search_term_string\"}}],\"inLanguage\":\"it-IT\"},{\"@type\":\"Organization\",\"@id\":\"https:\\\/\\\/insektenliebe.com\\\/it\\\/#organization\",\"name\":\"Insektenliebe\",\"url\":\"https:\\\/\\\/insektenliebe.com\\\/it\\\/\",\"logo\":{\"@type\":\"ImageObject\",\"inLanguage\":\"it-IT\",\"@id\":\"https:\\\/\\\/insektenliebe.com\\\/it\\\/#\\\/schema\\\/logo\\\/image\\\/\",\"url\":\"https:\\\/\\\/insektenliebe.com\\\/wp-content\\\/uploads\\\/2025\\\/03\\\/logo-white.png\",\"contentUrl\":\"https:\\\/\\\/insektenliebe.com\\\/wp-content\\\/uploads\\\/2025\\\/03\\\/logo-white.png\",\"width\":288,\"height\":188,\"caption\":\"Insektenliebe\"},\"image\":{\"@id\":\"https:\\\/\\\/insektenliebe.com\\\/it\\\/#\\\/schema\\\/logo\\\/image\\\/\"}}]}<\/script>\n<meta property=\"product:price:amount\" content=\"39.99\" \/>\n<meta property=\"product:price:currency\" content=\"EUR\" \/>\n<meta property=\"og:availability\" content=\"instock\" \/>\n<meta property=\"product:availability\" content=\"instock\" \/>\n<meta property=\"product:retailer_item_id\" content=\"805\" \/>\n<meta property=\"product:condition\" content=\"new\" \/>\n<!-- \/ Yoast SEO Premium plugin. -->","yoast_head_json":{"title":"Set completo per l'allevamento di grilli e Insektenliebe - Insektenliebe","description":"Set completo per l'allevamento di grilli e grillai Insektenliebe: tutto ci\u00f2 di cui hai bisogno per iniziare subito ad allevare i tuoi animali da cibo in un unico set.","robots":{"index":"index","follow":"follow","max-snippet":"max-snippet:-1","max-image-preview":"max-image-preview:large","max-video-preview":"max-video-preview:-1"},"canonical":"https:\/\/insektenliebe.com\/it\/shop\/prodotto\/set-completo-per-lallevamento-di-grilli-e-insektenliebe\/","og_locale":"it_IT","og_type":"article","og_title":"Set completo per l'allevamento di grilli e Insektenliebe","og_description":"Set completo per l'allevamento di grilli e grillai Insektenliebe: tutto ci\u00f2 di cui hai bisogno per iniziare subito ad allevare i tuoi animali da cibo in un unico set.","og_url":"https:\/\/insektenliebe.com\/it\/shop\/prodotto\/set-completo-per-lallevamento-di-grilli-e-insektenliebe\/","og_site_name":"Insektenliebe","og_image":[{"width":820,"height":820,"url":"https:\/\/insektenliebe.com\/wp-content\/uploads\/2026\/02\/Insektenliebe-Heimchen-und-Grillenzucht-Komplettset-1.jpg","type":"image\/jpeg"}],"twitter_card":"summary_large_image","twitter_misc":{"Prezzo":"39,99&nbsp;&euro; IVA incl., + spese di sped.","Disponibilit\u00e0":"In stock"},"schema":{"@context":"https:\/\/schema.org","@graph":[{"@type":"WebPage","@id":"https:\/\/insektenliebe.com\/it\/shop\/prodotto\/set-completo-per-lallevamento-di-grilli-e-insektenliebe\/","url":"https:\/\/insektenliebe.com\/it\/shop\/prodotto\/set-completo-per-lallevamento-di-grilli-e-insektenliebe\/","name":"Set completo per l'allevamento di grilli e Insektenliebe - Insektenliebe","isPartOf":{"@id":"https:\/\/insektenliebe.com\/it\/#website"},"primaryImageOfPage":{"@id":"https:\/\/insektenliebe.com\/it\/shop\/prodotto\/set-completo-per-lallevamento-di-grilli-e-insektenliebe\/#primaryimage"},"image":{"@id":"https:\/\/insektenliebe.com\/it\/shop\/prodotto\/set-completo-per-lallevamento-di-grilli-e-insektenliebe\/#primaryimage"},"thumbnailUrl":"https:\/\/insektenliebe.com\/wp-content\/uploads\/2026\/02\/Insektenliebe-Heimchen-und-Grillenzucht-Komplettset-1.jpg","datePublished":"2026-04-02T07:52:52+00:00","description":"Set completo per l'allevamento di grilli e grillai Insektenliebe: tutto ci\u00f2 di cui hai bisogno per iniziare subito ad allevare i tuoi animali da cibo in un unico set.","breadcrumb":{"@id":"https:\/\/insektenliebe.com\/it\/shop\/prodotto\/set-completo-per-lallevamento-di-grilli-e-insektenliebe\/#breadcrumb"},"inLanguage":"it-IT","potentialAction":[{"@type":"ReadAction","target":["https:\/\/insektenliebe.com\/it\/shop\/prodotto\/set-completo-per-lallevamento-di-grilli-e-insektenliebe\/"]}]},{"@type":"ImageObject","inLanguage":"it-IT","@id":"https:\/\/insektenliebe.com\/it\/shop\/prodotto\/set-completo-per-lallevamento-di-grilli-e-insektenliebe\/#primaryimage","url":"https:\/\/insektenliebe.com\/wp-content\/uploads\/2026\/02\/Insektenliebe-Heimchen-und-Grillenzucht-Komplettset-1.jpg","contentUrl":"https:\/\/insektenliebe.com\/wp-content\/uploads\/2026\/02\/Insektenliebe-Heimchen-und-Grillenzucht-Komplettset-1.jpg","width":820,"height":820,"caption":"Set completo per l'allevamento di grilli e Insektenliebe"},{"@type":"BreadcrumbList","@id":"https:\/\/insektenliebe.com\/it\/shop\/prodotto\/set-completo-per-lallevamento-di-grilli-e-insektenliebe\/#breadcrumb","itemListElement":[{"@type":"ListItem","position":1,"name":"Startseite","item":"https:\/\/insektenliebe.com\/it\/"},{"@type":"ListItem","position":2,"name":"Negozio","item":"https:\/\/insektenliebe.com\/it\/negozio\/"},{"@type":"ListItem","position":3,"name":"Set completo per l&#8217;allevamento di grilli e Insektenliebe"}]},{"@type":"WebSite","@id":"https:\/\/insektenliebe.com\/it\/#website","url":"https:\/\/insektenliebe.com\/it\/","name":"Insektenliebe","description":"Dein Zuhause f\u00fcr die kleinen Lebewesen","publisher":{"@id":"https:\/\/insektenliebe.com\/it\/#organization"},"potentialAction":[{"@type":"SearchAction","target":{"@type":"EntryPoint","urlTemplate":"https:\/\/insektenliebe.com\/it\/?s={search_term_string}"},"query-input":{"@type":"PropertyValueSpecification","valueRequired":true,"valueName":"search_term_string"}}],"inLanguage":"it-IT"},{"@type":"Organization","@id":"https:\/\/insektenliebe.com\/it\/#organization","name":"Insektenliebe","url":"https:\/\/insektenliebe.com\/it\/","logo":{"@type":"ImageObject","inLanguage":"it-IT","@id":"https:\/\/insektenliebe.com\/it\/#\/schema\/logo\/image\/","url":"https:\/\/insektenliebe.com\/wp-content\/uploads\/2025\/03\/logo-white.png","contentUrl":"https:\/\/insektenliebe.com\/wp-content\/uploads\/2025\/03\/logo-white.png","width":288,"height":188,"caption":"Insektenliebe"},"image":{"@id":"https:\/\/insektenliebe.com\/it\/#\/schema\/logo\/image\/"}}]},"product_price_amount":"39.99","product_price_currency":"EUR","og_availability":"instock","product_availability":"instock","product_retailer_item_id":"805","product_condition":"new"},"_links":{"self":[{"href":"https:\/\/insektenliebe.com\/it\/wp-json\/wp\/v2\/product\/197304","targetHints":{"allow":["GET"]}}],"collection":[{"href":"https:\/\/insektenliebe.com\/it\/wp-json\/wp\/v2\/product"}],"about":[{"href":"https:\/\/insektenliebe.com\/it\/wp-json\/wp\/v2\/types\/product"}],"wp:featuredmedia":[{"embeddable":true,"href":"https:\/\/insektenliebe.com\/it\/wp-json\/wp\/v2\/media\/194732"}],"wp:attachment":[{"href":"https:\/\/insektenliebe.com\/it\/wp-json\/wp\/v2\/media?parent=197304"}],"wp:term":[{"taxonomy":"product-supplier","embeddable":true,"href":"https:\/\/insektenliebe.com\/it\/wp-json\/wp\/v2\/product-supplier?post=197304"},{"taxonomy":"product_brand","embeddable":true,"href":"https:\/\/insektenliebe.com\/it\/wp-json\/wp\/v2\/product_brand?post=197304"},{"taxonomy":"product_cat","embeddable":true,"href":"https:\/\/insektenliebe.com\/it\/wp-json\/wp\/v2\/product_cat?post=197304"},{"taxonomy":"product_tag","embeddable":true,"href":"https:\/\/insektenliebe.com\/it\/wp-json\/wp\/v2\/product_tag?post=197304"},{"taxonomy":"lce-checkout-addons","embeddable":true,"href":"https:\/\/insektenliebe.com\/it\/wp-json\/wp\/v2\/lce-checkout-addons?post=197304"}],"curies":[{"name":"wp","href":"https:\/\/api.w.org\/{rel}","templated":true}]}}