{"id":197202,"date":"2026-02-01T18:41:17","date_gmt":"2026-02-01T17:41:17","guid":{"rendered":"https:\/\/insektenliebe.com\/shop\/produkt\/deroplatys-truncata\/"},"modified":"2026-04-24T14:57:28","modified_gmt":"2026-04-24T12:57:28","slug":"deroplatys-truncata","status":"publish","type":"product","link":"https:\/\/insektenliebe.com\/it\/shop\/prodotto\/deroplatys-truncata\/","title":{"rendered":"Deroplatys truncata"},"content":{"rendered":"<h3><span class=\"s1\" style=\"color: #99cc33;\">Deroplatys truncata - un&#8217;attrazione per gli amanti delle mantidi<\/span><\/h3>\n<p class=\"p1\"><strong><span class=\"s1\">Deroplatys truncata<\/span><\/strong><span class=\"s2\"> \u00e8 una delle pi\u00f9 impressionanti <\/span><span class=\"s1\">mantide religiosa<\/span><span class=\"s2\">  ed \u00e8 particolarmente impressionante per il suo insolito mimetismo. Il suo corpo assomiglia a un   <\/span><span class=\"s1\">foglia essiccata<\/span><span class=\"s2\">che la rende quasi invisibile nel suo habitat naturale.<\/span><\/p>\n<p class=\"p1\"><span class=\"s2\">Gli animali raggiungono una dimensione di circa <\/span><span class=\"s1\">6-8 cm<\/span><span class=\"s2\"> e mostrano per lo pi\u00f9 <\/span><span class=\"s1\">colori dal marrone al marrone scuro<\/span><span class=\"s2\">. Questo conferisce loro l&#8217;aspetto di foglie morte e si integra perfettamente in un terrario arredato in modo naturale. Allo stesso tempo, la forma ampia del corpo conferisce loro un aspetto particolarmente appariscente. <\/span><\/p>\n<p class=\"p1\"><span class=\"s1\">Questa specie \u00e8 una delle poche in cui la femmina mostra un marcato comportamento di cura della covata. Invece di scartare semplicemente l&#8217;ooteca e abbandonarla a se stessa, la femmina le sta vicino e la sorveglia attivamente fino alla schiusa dei piccoli. In questo modo protegge le delicate uova da predatori, parassiti e condizioni ambientali sfavorevoli. Questo comportamento aumenta notevolmente le possibilit\u00e0 di sopravvivenza della prole ed \u00e8 raramente osservato all&#8217;interno del gruppo.   <\/span><\/p>\n<p class=\"p1\"><span class=\"s2\">Adatto per essere conservato \u00e8 un <\/span><span class=\"s1\">terrario alto<\/span><span class=\"s2\">Le mantidi hanno bisogno di molto spazio nella parte superiore. Un terrario da circa  <\/span><span class=\"s1\">20 \u00d7 20 \u00d7 30 cm<\/span><span class=\"s2\">  \u00e8 adatto agli animali adulti. Sono importanti molti   <\/span><span class=\"s1\">Rami e ramoscelli<\/span><span class=\"s2\">su cui gli animali possono sostare e fare la muta.<\/span><\/p>\n<p class=\"p1\"><span class=\"s2\">Le temperature devono essere comprese tra <\/span><span class=\"s1\">24 e 28 \u00b0C<\/span><span class=\"s2\">  mentire. Allo stesso tempo  <\/span><strong><span class=\"s1\">Deroplatys truncata<\/span><\/strong><span class=\"s2\"> a <\/span><span class=\"s1\">un&#8217;umidit\u00e0 pi\u00f9 elevata, pari a circa il 70-80 %.<\/span><span class=\"s2\">. \u00c8 quindi importante spruzzare regolarmente in modo che gli animali possano assorbire una quantit\u00e0 sufficiente di liquidi e fare la muta con facilit\u00e0.<\/span><\/p>\n<p class=\"p1\"><span class=\"s2\">Rispetto a specie pi\u00f9 robuste, questa mantide reagisce in modo un po&#8217; pi\u00f9 sensibile alle condizioni sbagliate. Allo stesso tempo, l&#8217;allevamento pu\u00f2 essere ben stabilizzato se la temperatura e l&#8217;umidit\u00e0 sono mantenute costanti.   <\/span><\/p>\n<p class=\"p1\"><strong><span class=\"s1\">Deroplatys truncata<\/span><\/strong><span class=\"s2\"> \u00e8 un tipico <\/span><span class=\"s1\">cacciatore da agguato<\/span><span class=\"s2\">. Gli animali rimangono immobili sul posto e aspettano che la preda si avvicini. Non appena un animale da mangiare \u00e8 a portata di mano, colpiscono alla velocit\u00e0 della luce. <\/span><\/p>\n<p class=\"p1\"><span class=\"s2\">Il cibo pi\u00f9 adatto \u00e8 <\/span><span class=\"s1\">mosche, falene o altri insetti volanti<\/span><span class=\"s2\">perch\u00e9 sono particolarmente ben accetti.<\/span><\/p>\n<p class=\"p1\"><span class=\"s2\">Come per tutte le mantidi, vengono tenuti <\/span><span class=\"s1\">singolarmente<\/span><span class=\"s2\">altrimenti si pu\u00f2 verificare il cannibalismo. <\/span> <\/p>\n<p class=\"p1\"><span class=\"s2\">Grazie al loro <\/span><span class=\"s1\">mimetizzazione a foglia unica<\/span><span class=\"s2\">il loro <\/span><span class=\"s1\">comportamento calmo<\/span><span class=\"s2\"> e il loro <\/span><span class=\"s1\">aspetto speciale<\/span><span class=\"s2\"> \u00e8 <\/span><strong><span class=\"s1\">Deroplatys truncata<\/span><\/strong><span class=\"s2\"> \u00e8 un vero e proprio fiore all&#8217;occhiello del terrario ed \u00e8 particolarmente indicato per gli allevatori che apprezzano le specie insolite.<\/span><\/p>\n","protected":false},"excerpt":{"rendered":"<p>Deroplatys truncata - un&#8217;attrazione per gli amanti delle mantidi Deroplatys truncata \u00e8 una delle pi\u00f9 impressionanti mantide religiosa ed \u00e8 particolarmente impressionante per il suo insolito mimetismo. Il suo corpo assomiglia a un foglia essiccatache la rende quasi invisibile nel suo habitat naturale. Gli animali raggiungono una dimensione di circa 6-8 cm e mostrano per [&hellip;]<\/p>\n","protected":false},"featured_media":199926,"template":"","meta":{"_acf_changed":false},"product-supplier":[],"product_brand":[],"product_cat":[2754],"product_tag":[],"lce-checkout-addons":[2746],"class_list":{"0":"post-197202","1":"product","2":"type-product","3":"status-publish","4":"has-post-thumbnail","6":"product_cat-mantidi","7":"product_shipping_class-spedizione-di-animali","8":"pa_geschlecht-donna","9":"pa_geschlecht-indeterminato","10":"pa_geschlecht-uomo","11":"pa_herkunft-thailandia","12":"pa_kontinent-asia","13":"lce-checkout-addons-imballaggio-invernale","15":"first","16":"instock","17":"taxable","18":"shipping-taxable","19":"purchasable","20":"product-type-variable"},"acf":[],"yoast_head":"<!-- This site is optimized with the Yoast SEO Premium plugin v26.8 (Yoast SEO v27.3) - https:\/\/yoast.com\/product\/yoast-seo-premium-wordpress\/ -->\n<title>Deroplatys truncata - Insektenliebe<\/title>\n<meta name=\"description\" content=\"Deroplatys truncata - impressionante mantide fantasma dall&#039;aspetto frondoso. Informazioni su allevamento, terrario, umidit\u00e0 e alimentazione.\" \/>\n<meta name=\"robots\" content=\"index, follow, max-snippet:-1, max-image-preview:large, max-video-preview:-1\" \/>\n<link rel=\"canonical\" href=\"https:\/\/insektenliebe.com\/it\/shop\/prodotto\/deroplatys-truncata\/\" \/>\n<meta property=\"og:locale\" content=\"it_IT\" \/>\n<meta property=\"og:type\" content=\"article\" \/>\n<meta property=\"og:title\" content=\"Deroplatys truncata\" \/>\n<meta property=\"og:description\" content=\"Deroplatys truncata - impressionante mantide fantasma dall&#039;aspetto frondoso. Informazioni su allevamento, terrario, umidit\u00e0 e alimentazione.\" \/>\n<meta property=\"og:url\" content=\"https:\/\/insektenliebe.com\/it\/shop\/prodotto\/deroplatys-truncata\/\" \/>\n<meta property=\"og:site_name\" content=\"Insektenliebe\" \/>\n<meta property=\"article:modified_time\" content=\"2026-04-24T12:57:28+00:00\" \/>\n<meta property=\"og:image\" content=\"https:\/\/insektenliebe.com\/wp-content\/uploads\/2026\/02\/Deroplatys-truncata.jpg\" \/>\n\t<meta property=\"og:image:width\" content=\"820\" \/>\n\t<meta property=\"og:image:height\" content=\"820\" \/>\n\t<meta property=\"og:image:type\" content=\"image\/jpeg\" \/>\n<meta name=\"twitter:card\" content=\"summary_large_image\" \/>\n<meta name=\"twitter:label1\" content=\"Disponibilit\u00e0\" \/>\n\t<meta name=\"twitter:data1\" content=\"In stock\" \/>\n<script type=\"application\/ld+json\" class=\"yoast-schema-graph\">{\"@context\":\"https:\\\/\\\/schema.org\",\"@graph\":[{\"@type\":\"WebPage\",\"@id\":\"https:\\\/\\\/insektenliebe.com\\\/it\\\/shop\\\/prodotto\\\/deroplatys-truncata\\\/\",\"url\":\"https:\\\/\\\/insektenliebe.com\\\/it\\\/shop\\\/prodotto\\\/deroplatys-truncata\\\/\",\"name\":\"Deroplatys truncata - Insektenliebe\",\"isPartOf\":{\"@id\":\"https:\\\/\\\/insektenliebe.com\\\/it\\\/#website\"},\"primaryImageOfPage\":{\"@id\":\"https:\\\/\\\/insektenliebe.com\\\/it\\\/shop\\\/prodotto\\\/deroplatys-truncata\\\/#primaryimage\"},\"image\":{\"@id\":\"https:\\\/\\\/insektenliebe.com\\\/it\\\/shop\\\/prodotto\\\/deroplatys-truncata\\\/#primaryimage\"},\"thumbnailUrl\":\"https:\\\/\\\/insektenliebe.com\\\/wp-content\\\/uploads\\\/2026\\\/02\\\/Deroplatys-truncata-Angriffsstellung.jpg\",\"datePublished\":\"2026-02-01T17:41:17+00:00\",\"dateModified\":\"2026-04-24T12:57:28+00:00\",\"description\":\"Deroplatys truncata - impressionante mantide fantasma dall'aspetto frondoso. Informazioni su allevamento, terrario, umidit\u00e0 e alimentazione.\",\"breadcrumb\":{\"@id\":\"https:\\\/\\\/insektenliebe.com\\\/it\\\/shop\\\/prodotto\\\/deroplatys-truncata\\\/#breadcrumb\"},\"inLanguage\":\"it-IT\",\"potentialAction\":[{\"@type\":\"ReadAction\",\"target\":[\"https:\\\/\\\/insektenliebe.com\\\/it\\\/shop\\\/prodotto\\\/deroplatys-truncata\\\/\"]}]},{\"@type\":\"ImageObject\",\"inLanguage\":\"it-IT\",\"@id\":\"https:\\\/\\\/insektenliebe.com\\\/it\\\/shop\\\/prodotto\\\/deroplatys-truncata\\\/#primaryimage\",\"url\":\"https:\\\/\\\/insektenliebe.com\\\/wp-content\\\/uploads\\\/2026\\\/02\\\/Deroplatys-truncata-Angriffsstellung.jpg\",\"contentUrl\":\"https:\\\/\\\/insektenliebe.com\\\/wp-content\\\/uploads\\\/2026\\\/02\\\/Deroplatys-truncata-Angriffsstellung.jpg\",\"width\":820,\"height\":820,\"caption\":\"Deroplatys truncata-Angriffsstellung\"},{\"@type\":\"BreadcrumbList\",\"@id\":\"https:\\\/\\\/insektenliebe.com\\\/it\\\/shop\\\/prodotto\\\/deroplatys-truncata\\\/#breadcrumb\",\"itemListElement\":[{\"@type\":\"ListItem\",\"position\":1,\"name\":\"Startseite\",\"item\":\"https:\\\/\\\/insektenliebe.com\\\/it\\\/\"},{\"@type\":\"ListItem\",\"position\":2,\"name\":\"Negozio\",\"item\":\"https:\\\/\\\/insektenliebe.com\\\/it\\\/negozio\\\/\"},{\"@type\":\"ListItem\",\"position\":3,\"name\":\"Deroplatys truncata\"}]},{\"@type\":\"WebSite\",\"@id\":\"https:\\\/\\\/insektenliebe.com\\\/it\\\/#website\",\"url\":\"https:\\\/\\\/insektenliebe.com\\\/it\\\/\",\"name\":\"Insektenliebe\",\"description\":\"Dein Zuhause f\u00fcr die kleinen Lebewesen\",\"publisher\":{\"@id\":\"https:\\\/\\\/insektenliebe.com\\\/it\\\/#organization\"},\"potentialAction\":[{\"@type\":\"SearchAction\",\"target\":{\"@type\":\"EntryPoint\",\"urlTemplate\":\"https:\\\/\\\/insektenliebe.com\\\/it\\\/?s={search_term_string}\"},\"query-input\":{\"@type\":\"PropertyValueSpecification\",\"valueRequired\":true,\"valueName\":\"search_term_string\"}}],\"inLanguage\":\"it-IT\"},{\"@type\":\"Organization\",\"@id\":\"https:\\\/\\\/insektenliebe.com\\\/it\\\/#organization\",\"name\":\"Insektenliebe\",\"url\":\"https:\\\/\\\/insektenliebe.com\\\/it\\\/\",\"logo\":{\"@type\":\"ImageObject\",\"inLanguage\":\"it-IT\",\"@id\":\"https:\\\/\\\/insektenliebe.com\\\/it\\\/#\\\/schema\\\/logo\\\/image\\\/\",\"url\":\"https:\\\/\\\/insektenliebe.com\\\/wp-content\\\/uploads\\\/2025\\\/03\\\/logo-white.png\",\"contentUrl\":\"https:\\\/\\\/insektenliebe.com\\\/wp-content\\\/uploads\\\/2025\\\/03\\\/logo-white.png\",\"width\":288,\"height\":188,\"caption\":\"Insektenliebe\"},\"image\":{\"@id\":\"https:\\\/\\\/insektenliebe.com\\\/it\\\/#\\\/schema\\\/logo\\\/image\\\/\"}}]}<\/script>\n<meta property=\"og:availability\" content=\"instock\" \/>\n<meta property=\"product:availability\" content=\"instock\" \/>\n<meta property=\"product:retailer_item_id\" content=\"845\" \/>\n<meta property=\"product:condition\" content=\"new\" \/>\n<!-- \/ Yoast SEO Premium plugin. -->","yoast_head_json":{"title":"Deroplatys truncata - Insektenliebe","description":"Deroplatys truncata - impressionante mantide fantasma dall'aspetto frondoso. Informazioni su allevamento, terrario, umidit\u00e0 e alimentazione.","robots":{"index":"index","follow":"follow","max-snippet":"max-snippet:-1","max-image-preview":"max-image-preview:large","max-video-preview":"max-video-preview:-1"},"canonical":"https:\/\/insektenliebe.com\/it\/shop\/prodotto\/deroplatys-truncata\/","og_locale":"it_IT","og_type":"article","og_title":"Deroplatys truncata","og_description":"Deroplatys truncata - impressionante mantide fantasma dall'aspetto frondoso. Informazioni su allevamento, terrario, umidit\u00e0 e alimentazione.","og_url":"https:\/\/insektenliebe.com\/it\/shop\/prodotto\/deroplatys-truncata\/","og_site_name":"Insektenliebe","article_modified_time":"2026-04-24T12:57:28+00:00","og_image":[{"width":820,"height":820,"url":"https:\/\/insektenliebe.com\/wp-content\/uploads\/2026\/02\/Deroplatys-truncata.jpg","type":"image\/jpeg"}],"twitter_card":"summary_large_image","twitter_misc":{"Disponibilit\u00e0":"In stock"},"schema":{"@context":"https:\/\/schema.org","@graph":[{"@type":"WebPage","@id":"https:\/\/insektenliebe.com\/it\/shop\/prodotto\/deroplatys-truncata\/","url":"https:\/\/insektenliebe.com\/it\/shop\/prodotto\/deroplatys-truncata\/","name":"Deroplatys truncata - Insektenliebe","isPartOf":{"@id":"https:\/\/insektenliebe.com\/it\/#website"},"primaryImageOfPage":{"@id":"https:\/\/insektenliebe.com\/it\/shop\/prodotto\/deroplatys-truncata\/#primaryimage"},"image":{"@id":"https:\/\/insektenliebe.com\/it\/shop\/prodotto\/deroplatys-truncata\/#primaryimage"},"thumbnailUrl":"https:\/\/insektenliebe.com\/wp-content\/uploads\/2026\/02\/Deroplatys-truncata-Angriffsstellung.jpg","datePublished":"2026-02-01T17:41:17+00:00","dateModified":"2026-04-24T12:57:28+00:00","description":"Deroplatys truncata - impressionante mantide fantasma dall'aspetto frondoso. Informazioni su allevamento, terrario, umidit\u00e0 e alimentazione.","breadcrumb":{"@id":"https:\/\/insektenliebe.com\/it\/shop\/prodotto\/deroplatys-truncata\/#breadcrumb"},"inLanguage":"it-IT","potentialAction":[{"@type":"ReadAction","target":["https:\/\/insektenliebe.com\/it\/shop\/prodotto\/deroplatys-truncata\/"]}]},{"@type":"ImageObject","inLanguage":"it-IT","@id":"https:\/\/insektenliebe.com\/it\/shop\/prodotto\/deroplatys-truncata\/#primaryimage","url":"https:\/\/insektenliebe.com\/wp-content\/uploads\/2026\/02\/Deroplatys-truncata-Angriffsstellung.jpg","contentUrl":"https:\/\/insektenliebe.com\/wp-content\/uploads\/2026\/02\/Deroplatys-truncata-Angriffsstellung.jpg","width":820,"height":820,"caption":"Deroplatys truncata-Angriffsstellung"},{"@type":"BreadcrumbList","@id":"https:\/\/insektenliebe.com\/it\/shop\/prodotto\/deroplatys-truncata\/#breadcrumb","itemListElement":[{"@type":"ListItem","position":1,"name":"Startseite","item":"https:\/\/insektenliebe.com\/it\/"},{"@type":"ListItem","position":2,"name":"Negozio","item":"https:\/\/insektenliebe.com\/it\/negozio\/"},{"@type":"ListItem","position":3,"name":"Deroplatys truncata"}]},{"@type":"WebSite","@id":"https:\/\/insektenliebe.com\/it\/#website","url":"https:\/\/insektenliebe.com\/it\/","name":"Insektenliebe","description":"Dein Zuhause f\u00fcr die kleinen Lebewesen","publisher":{"@id":"https:\/\/insektenliebe.com\/it\/#organization"},"potentialAction":[{"@type":"SearchAction","target":{"@type":"EntryPoint","urlTemplate":"https:\/\/insektenliebe.com\/it\/?s={search_term_string}"},"query-input":{"@type":"PropertyValueSpecification","valueRequired":true,"valueName":"search_term_string"}}],"inLanguage":"it-IT"},{"@type":"Organization","@id":"https:\/\/insektenliebe.com\/it\/#organization","name":"Insektenliebe","url":"https:\/\/insektenliebe.com\/it\/","logo":{"@type":"ImageObject","inLanguage":"it-IT","@id":"https:\/\/insektenliebe.com\/it\/#\/schema\/logo\/image\/","url":"https:\/\/insektenliebe.com\/wp-content\/uploads\/2025\/03\/logo-white.png","contentUrl":"https:\/\/insektenliebe.com\/wp-content\/uploads\/2025\/03\/logo-white.png","width":288,"height":188,"caption":"Insektenliebe"},"image":{"@id":"https:\/\/insektenliebe.com\/it\/#\/schema\/logo\/image\/"}}]},"og_availability":"instock","product_availability":"instock","product_retailer_item_id":"845","product_condition":"new"},"_links":{"self":[{"href":"https:\/\/insektenliebe.com\/it\/wp-json\/wp\/v2\/product\/197202","targetHints":{"allow":["GET"]}}],"collection":[{"href":"https:\/\/insektenliebe.com\/it\/wp-json\/wp\/v2\/product"}],"about":[{"href":"https:\/\/insektenliebe.com\/it\/wp-json\/wp\/v2\/types\/product"}],"wp:featuredmedia":[{"embeddable":true,"href":"https:\/\/insektenliebe.com\/it\/wp-json\/wp\/v2\/media\/199926"}],"wp:attachment":[{"href":"https:\/\/insektenliebe.com\/it\/wp-json\/wp\/v2\/media?parent=197202"}],"wp:term":[{"taxonomy":"product-supplier","embeddable":true,"href":"https:\/\/insektenliebe.com\/it\/wp-json\/wp\/v2\/product-supplier?post=197202"},{"taxonomy":"product_brand","embeddable":true,"href":"https:\/\/insektenliebe.com\/it\/wp-json\/wp\/v2\/product_brand?post=197202"},{"taxonomy":"product_cat","embeddable":true,"href":"https:\/\/insektenliebe.com\/it\/wp-json\/wp\/v2\/product_cat?post=197202"},{"taxonomy":"product_tag","embeddable":true,"href":"https:\/\/insektenliebe.com\/it\/wp-json\/wp\/v2\/product_tag?post=197202"},{"taxonomy":"lce-checkout-addons","embeddable":true,"href":"https:\/\/insektenliebe.com\/it\/wp-json\/wp\/v2\/lce-checkout-addons?post=197202"}],"curies":[{"name":"wp","href":"https:\/\/api.w.org\/{rel}","templated":true}]}}