{"id":197183,"date":"2026-02-01T17:31:19","date_gmt":"2026-02-01T16:31:19","guid":{"rendered":"https:\/\/insektenliebe.com\/shop\/produkt\/sphodromantis-aurea\/"},"modified":"2026-02-01T17:31:19","modified_gmt":"2026-02-01T16:31:19","slug":"sphodromantis-aurea","status":"publish","type":"product","link":"https:\/\/insektenliebe.com\/it\/shop\/prodotto\/sphodromantis-aurea\/","title":{"rendered":"Sphodromantis aurea"},"content":{"rendered":"<h3><span class=\"s1\" style=\"color: #99cc33;\">Sphodromantis aurea - Mantide facile da curare con un forte appetito<\/span><\/h3>\n<p class=\"p1\"><strong><span class=\"s1\">Sphodromantis aurea<\/span><\/strong><span class=\"s2\"> \u00e8 una mantide religiosa particolarmente robusta e allo stesso tempo impressionante. <\/span><span class=\"s1\">mantide religiosa<\/span><span class=\"s2\">che \u00e8 ideale per i principianti. Grazie alla sua semplicit\u00e0 di mantenimento e al suo comportamento attivo, \u00e8 una delle mantidi pi\u00f9 popolari in terraristica. <\/span><\/p>\n<p class=\"p1\"><span class=\"s2\">Gli animali raggiungono una dimensione di circa <\/span><span class=\"s1\">6-8 cm<\/span><span class=\"s2\"> e di solito mostrano una <\/span><span class=\"s1\">colorazione da verde a leggermente giallastra<\/span><span class=\"s2\">. Questo le fa sembrare molto naturali e si adattano perfettamente a un terrario piantumato. Allo stesso tempo, la loro forte statura conferisce un aspetto imponente. <\/span><\/p>\n<p class=\"p1\"><span class=\"s2\">Adatto per essere conservato \u00e8 un <\/span><span class=\"s1\">terrario alto<\/span><span class=\"s2\">perch\u00e9 le mantidi hanno bisogno di molto spazio nella parte superiore. Una regola empirica \u00e8   <\/span><span class=\"s1\">tre volte la lunghezza del corpo in altezza<\/span><span class=\"s2\">in modo che gli animali possano fare la muta facilmente. Un terrario da circa  <\/span><span class=\"s1\">20 \u00d7 20 \u00d7 30 cm<\/span><span class=\"s2\"> \u00e8 adatto agli animali adulti.<\/span><\/p>\n<p class=\"p1\"><span class=\"s2\">L&#8217;arredamento deve essere costituito da <\/span><span class=\"s1\">rami, ramoscelli e strutture rampicanti<\/span><span class=\"s2\">  esistono. Queste strutture non solo forniscono un sostegno, ma fungono anche da posatoi preferiti. Le mantidi si appendono a testa in gi\u00f9 su queste strutture per fare la muta.  <\/span><\/p>\n<p class=\"p1\"><span class=\"s2\">Le temperature devono essere comprese tra <\/span><span class=\"s1\">22 e 28 \u00b0C<\/span><span class=\"s2\"> mentre l&#8217;umidit\u00e0 <\/span><span class=\"s1\">di umidit\u00e0 di circa il 50-70%.<\/span><span class=\"s2\">  \u00e8 l&#8217;ideale. Una spruzzatura regolare e leggera assicura che gli animali possano assorbire una quantit\u00e0 sufficiente di liquidi. <\/span><\/p>\n<p class=\"p1\"><strong><span class=\"s1\">Sphodromantis aurea<\/span><\/strong><span class=\"s2\">  mostra un comportamento di caccia molto attivo. Gli animali restano in attesa della preda e colpiscono alla velocit\u00e0 della luce. Il cibo adatto \u00e8    <\/span><span class=\"s1\">mosche, grilli, scarafaggi o altri insetti adatti al consumo di cibo<\/span><span class=\"s2\">che vengono accettati in modo affidabile.<\/span><\/p>\n<p class=\"p1\"><span class=\"s2\">Gli animali sono sempre tenuti <\/span><span class=\"s1\">individualmente<\/span><span class=\"s2\">poich\u00e9 la maggior parte delle mantidi \u00e8 cannibale. Possono verificarsi perdite, soprattutto dopo la muta o durante l&#8217;accoppiamento. <\/span><\/p>\n<p class=\"p1\"><span class=\"s2\">Grazie alla loro <\/span><span class=\"s1\">robustezza<\/span><span class=\"s2\">il loro <\/span><span class=\"s1\">forte comportamento alimentare<\/span><span class=\"s2\"> e la loro <\/span><span class=\"s1\">facile da mantenere<\/span><span class=\"s2\"> \u00e8 <\/span><strong><span class=\"s1\">Sphodromantis aurea<\/span><\/strong><span class=\"s2\">  una specie ideale per chi vuole iniziare ad allevare mantidi. Allo stesso tempo, delizia anche i detentori esperti con il suo comportamento entusiasmante e il suo sviluppo affidabile. <\/span><\/p>\n","protected":false},"excerpt":{"rendered":"<p>Sphodromantis aurea - Mantide facile da curare con un forte appetito Sphodromantis aurea \u00e8 una mantide religiosa particolarmente robusta e allo stesso tempo impressionante. mantide religiosache \u00e8 ideale per i principianti. Grazie alla sua semplicit\u00e0 di mantenimento e al suo comportamento attivo, \u00e8 una delle mantidi pi\u00f9 popolari in terraristica. Gli animali raggiungono una dimensione [&hellip;]<\/p>\n","protected":false},"featured_media":199381,"template":"","meta":{"_acf_changed":false},"product-supplier":[],"product_brand":[],"product_cat":[2754],"product_tag":[],"lce-checkout-addons":[2746],"class_list":{"0":"post-197183","1":"product","2":"type-product","3":"status-publish","4":"has-post-thumbnail","6":"product_cat-mantidi","7":"product_shipping_class-spedizione-di-animali","8":"pa_geschlecht-donna","9":"pa_geschlecht-indeterminato","10":"pa_geschlecht-uomo","11":"pa_herkunft-ghana","12":"pa_kontinent-africa","13":"lce-checkout-addons-imballaggio-invernale","15":"first","16":"instock","17":"taxable","18":"shipping-taxable","19":"purchasable","20":"product-type-variable"},"acf":[],"yoast_head":"<!-- This site is optimized with the Yoast SEO Premium plugin v26.8 (Yoast SEO v27.3) - https:\/\/yoast.com\/product\/yoast-seo-premium-wordpress\/ -->\n<title>Sphodromantis aurea - Insektenliebe<\/title>\n<meta name=\"description\" content=\"Sphodromantis aurea - robusta mantide religiosa per principianti. Informazioni su allevamento, terrario, temperatura, umidit\u00e0 e alimentazione.\" \/>\n<meta name=\"robots\" content=\"index, follow, max-snippet:-1, max-image-preview:large, max-video-preview:-1\" \/>\n<link rel=\"canonical\" href=\"https:\/\/insektenliebe.com\/it\/shop\/prodotto\/sphodromantis-aurea\/\" \/>\n<meta property=\"og:locale\" content=\"it_IT\" \/>\n<meta property=\"og:type\" content=\"article\" \/>\n<meta property=\"og:title\" content=\"Sphodromantis aurea\" \/>\n<meta property=\"og:description\" content=\"Sphodromantis aurea - robusta mantide religiosa per principianti. Informazioni su allevamento, terrario, temperatura, umidit\u00e0 e alimentazione.\" \/>\n<meta property=\"og:url\" content=\"https:\/\/insektenliebe.com\/it\/shop\/prodotto\/sphodromantis-aurea\/\" \/>\n<meta property=\"og:site_name\" content=\"Insektenliebe\" \/>\n<meta name=\"twitter:card\" content=\"summary_large_image\" \/>\n<meta name=\"twitter:label1\" content=\"Disponibilit\u00e0\" \/>\n\t<meta name=\"twitter:data1\" content=\"In stock\" \/>\n<script type=\"application\/ld+json\" class=\"yoast-schema-graph\">{\"@context\":\"https:\\\/\\\/schema.org\",\"@graph\":[{\"@type\":\"WebPage\",\"@id\":\"https:\\\/\\\/insektenliebe.com\\\/it\\\/shop\\\/prodotto\\\/sphodromantis-aurea\\\/\",\"url\":\"https:\\\/\\\/insektenliebe.com\\\/it\\\/shop\\\/prodotto\\\/sphodromantis-aurea\\\/\",\"name\":\"Sphodromantis aurea - Insektenliebe\",\"isPartOf\":{\"@id\":\"https:\\\/\\\/insektenliebe.com\\\/it\\\/#website\"},\"primaryImageOfPage\":{\"@id\":\"https:\\\/\\\/insektenliebe.com\\\/it\\\/shop\\\/prodotto\\\/sphodromantis-aurea\\\/#primaryimage\"},\"image\":{\"@id\":\"https:\\\/\\\/insektenliebe.com\\\/it\\\/shop\\\/prodotto\\\/sphodromantis-aurea\\\/#primaryimage\"},\"thumbnailUrl\":\"https:\\\/\\\/insektenliebe.com\\\/wp-content\\\/uploads\\\/2026\\\/04\\\/Sphodromantis-aurea.-Weisser-Hintergrund.jpg\",\"datePublished\":\"2026-02-01T16:31:19+00:00\",\"description\":\"Sphodromantis aurea - robusta mantide religiosa per principianti. Informazioni su allevamento, terrario, temperatura, umidit\u00e0 e alimentazione.\",\"breadcrumb\":{\"@id\":\"https:\\\/\\\/insektenliebe.com\\\/it\\\/shop\\\/prodotto\\\/sphodromantis-aurea\\\/#breadcrumb\"},\"inLanguage\":\"it-IT\",\"potentialAction\":[{\"@type\":\"ReadAction\",\"target\":[\"https:\\\/\\\/insektenliebe.com\\\/it\\\/shop\\\/prodotto\\\/sphodromantis-aurea\\\/\"]}]},{\"@type\":\"ImageObject\",\"inLanguage\":\"it-IT\",\"@id\":\"https:\\\/\\\/insektenliebe.com\\\/it\\\/shop\\\/prodotto\\\/sphodromantis-aurea\\\/#primaryimage\",\"url\":\"https:\\\/\\\/insektenliebe.com\\\/wp-content\\\/uploads\\\/2026\\\/04\\\/Sphodromantis-aurea.-Weisser-Hintergrund.jpg\",\"contentUrl\":\"https:\\\/\\\/insektenliebe.com\\\/wp-content\\\/uploads\\\/2026\\\/04\\\/Sphodromantis-aurea.-Weisser-Hintergrund.jpg\",\"width\":820,\"height\":820,\"caption\":\"Sphodromantis aurea. Wei\u00dfer Hintergrund\"},{\"@type\":\"BreadcrumbList\",\"@id\":\"https:\\\/\\\/insektenliebe.com\\\/it\\\/shop\\\/prodotto\\\/sphodromantis-aurea\\\/#breadcrumb\",\"itemListElement\":[{\"@type\":\"ListItem\",\"position\":1,\"name\":\"Startseite\",\"item\":\"https:\\\/\\\/insektenliebe.com\\\/it\\\/\"},{\"@type\":\"ListItem\",\"position\":2,\"name\":\"Negozio\",\"item\":\"https:\\\/\\\/insektenliebe.com\\\/it\\\/negozio\\\/\"},{\"@type\":\"ListItem\",\"position\":3,\"name\":\"Sphodromantis aurea\"}]},{\"@type\":\"WebSite\",\"@id\":\"https:\\\/\\\/insektenliebe.com\\\/it\\\/#website\",\"url\":\"https:\\\/\\\/insektenliebe.com\\\/it\\\/\",\"name\":\"Insektenliebe\",\"description\":\"Dein Zuhause f\u00fcr die kleinen Lebewesen\",\"publisher\":{\"@id\":\"https:\\\/\\\/insektenliebe.com\\\/it\\\/#organization\"},\"potentialAction\":[{\"@type\":\"SearchAction\",\"target\":{\"@type\":\"EntryPoint\",\"urlTemplate\":\"https:\\\/\\\/insektenliebe.com\\\/it\\\/?s={search_term_string}\"},\"query-input\":{\"@type\":\"PropertyValueSpecification\",\"valueRequired\":true,\"valueName\":\"search_term_string\"}}],\"inLanguage\":\"it-IT\"},{\"@type\":\"Organization\",\"@id\":\"https:\\\/\\\/insektenliebe.com\\\/it\\\/#organization\",\"name\":\"Insektenliebe\",\"url\":\"https:\\\/\\\/insektenliebe.com\\\/it\\\/\",\"logo\":{\"@type\":\"ImageObject\",\"inLanguage\":\"it-IT\",\"@id\":\"https:\\\/\\\/insektenliebe.com\\\/it\\\/#\\\/schema\\\/logo\\\/image\\\/\",\"url\":\"https:\\\/\\\/insektenliebe.com\\\/wp-content\\\/uploads\\\/2025\\\/03\\\/logo-white.png\",\"contentUrl\":\"https:\\\/\\\/insektenliebe.com\\\/wp-content\\\/uploads\\\/2025\\\/03\\\/logo-white.png\",\"width\":288,\"height\":188,\"caption\":\"Insektenliebe\"},\"image\":{\"@id\":\"https:\\\/\\\/insektenliebe.com\\\/it\\\/#\\\/schema\\\/logo\\\/image\\\/\"}}]}<\/script>\n<meta property=\"og:availability\" content=\"instock\" \/>\n<meta property=\"product:availability\" content=\"instock\" \/>\n<meta property=\"product:retailer_item_id\" content=\"844\" \/>\n<meta property=\"product:condition\" content=\"new\" \/>\n<!-- \/ Yoast SEO Premium plugin. -->","yoast_head_json":{"title":"Sphodromantis aurea - Insektenliebe","description":"Sphodromantis aurea - robusta mantide religiosa per principianti. Informazioni su allevamento, terrario, temperatura, umidit\u00e0 e alimentazione.","robots":{"index":"index","follow":"follow","max-snippet":"max-snippet:-1","max-image-preview":"max-image-preview:large","max-video-preview":"max-video-preview:-1"},"canonical":"https:\/\/insektenliebe.com\/it\/shop\/prodotto\/sphodromantis-aurea\/","og_locale":"it_IT","og_type":"article","og_title":"Sphodromantis aurea","og_description":"Sphodromantis aurea - robusta mantide religiosa per principianti. Informazioni su allevamento, terrario, temperatura, umidit\u00e0 e alimentazione.","og_url":"https:\/\/insektenliebe.com\/it\/shop\/prodotto\/sphodromantis-aurea\/","og_site_name":"Insektenliebe","twitter_card":"summary_large_image","twitter_misc":{"Disponibilit\u00e0":"In stock"},"schema":{"@context":"https:\/\/schema.org","@graph":[{"@type":"WebPage","@id":"https:\/\/insektenliebe.com\/it\/shop\/prodotto\/sphodromantis-aurea\/","url":"https:\/\/insektenliebe.com\/it\/shop\/prodotto\/sphodromantis-aurea\/","name":"Sphodromantis aurea - Insektenliebe","isPartOf":{"@id":"https:\/\/insektenliebe.com\/it\/#website"},"primaryImageOfPage":{"@id":"https:\/\/insektenliebe.com\/it\/shop\/prodotto\/sphodromantis-aurea\/#primaryimage"},"image":{"@id":"https:\/\/insektenliebe.com\/it\/shop\/prodotto\/sphodromantis-aurea\/#primaryimage"},"thumbnailUrl":"https:\/\/insektenliebe.com\/wp-content\/uploads\/2026\/04\/Sphodromantis-aurea.-Weisser-Hintergrund.jpg","datePublished":"2026-02-01T16:31:19+00:00","description":"Sphodromantis aurea - robusta mantide religiosa per principianti. Informazioni su allevamento, terrario, temperatura, umidit\u00e0 e alimentazione.","breadcrumb":{"@id":"https:\/\/insektenliebe.com\/it\/shop\/prodotto\/sphodromantis-aurea\/#breadcrumb"},"inLanguage":"it-IT","potentialAction":[{"@type":"ReadAction","target":["https:\/\/insektenliebe.com\/it\/shop\/prodotto\/sphodromantis-aurea\/"]}]},{"@type":"ImageObject","inLanguage":"it-IT","@id":"https:\/\/insektenliebe.com\/it\/shop\/prodotto\/sphodromantis-aurea\/#primaryimage","url":"https:\/\/insektenliebe.com\/wp-content\/uploads\/2026\/04\/Sphodromantis-aurea.-Weisser-Hintergrund.jpg","contentUrl":"https:\/\/insektenliebe.com\/wp-content\/uploads\/2026\/04\/Sphodromantis-aurea.-Weisser-Hintergrund.jpg","width":820,"height":820,"caption":"Sphodromantis aurea. Wei\u00dfer Hintergrund"},{"@type":"BreadcrumbList","@id":"https:\/\/insektenliebe.com\/it\/shop\/prodotto\/sphodromantis-aurea\/#breadcrumb","itemListElement":[{"@type":"ListItem","position":1,"name":"Startseite","item":"https:\/\/insektenliebe.com\/it\/"},{"@type":"ListItem","position":2,"name":"Negozio","item":"https:\/\/insektenliebe.com\/it\/negozio\/"},{"@type":"ListItem","position":3,"name":"Sphodromantis aurea"}]},{"@type":"WebSite","@id":"https:\/\/insektenliebe.com\/it\/#website","url":"https:\/\/insektenliebe.com\/it\/","name":"Insektenliebe","description":"Dein Zuhause f\u00fcr die kleinen Lebewesen","publisher":{"@id":"https:\/\/insektenliebe.com\/it\/#organization"},"potentialAction":[{"@type":"SearchAction","target":{"@type":"EntryPoint","urlTemplate":"https:\/\/insektenliebe.com\/it\/?s={search_term_string}"},"query-input":{"@type":"PropertyValueSpecification","valueRequired":true,"valueName":"search_term_string"}}],"inLanguage":"it-IT"},{"@type":"Organization","@id":"https:\/\/insektenliebe.com\/it\/#organization","name":"Insektenliebe","url":"https:\/\/insektenliebe.com\/it\/","logo":{"@type":"ImageObject","inLanguage":"it-IT","@id":"https:\/\/insektenliebe.com\/it\/#\/schema\/logo\/image\/","url":"https:\/\/insektenliebe.com\/wp-content\/uploads\/2025\/03\/logo-white.png","contentUrl":"https:\/\/insektenliebe.com\/wp-content\/uploads\/2025\/03\/logo-white.png","width":288,"height":188,"caption":"Insektenliebe"},"image":{"@id":"https:\/\/insektenliebe.com\/it\/#\/schema\/logo\/image\/"}}]},"og_availability":"instock","product_availability":"instock","product_retailer_item_id":"844","product_condition":"new"},"_links":{"self":[{"href":"https:\/\/insektenliebe.com\/it\/wp-json\/wp\/v2\/product\/197183","targetHints":{"allow":["GET"]}}],"collection":[{"href":"https:\/\/insektenliebe.com\/it\/wp-json\/wp\/v2\/product"}],"about":[{"href":"https:\/\/insektenliebe.com\/it\/wp-json\/wp\/v2\/types\/product"}],"wp:featuredmedia":[{"embeddable":true,"href":"https:\/\/insektenliebe.com\/it\/wp-json\/wp\/v2\/media\/199381"}],"wp:attachment":[{"href":"https:\/\/insektenliebe.com\/it\/wp-json\/wp\/v2\/media?parent=197183"}],"wp:term":[{"taxonomy":"product-supplier","embeddable":true,"href":"https:\/\/insektenliebe.com\/it\/wp-json\/wp\/v2\/product-supplier?post=197183"},{"taxonomy":"product_brand","embeddable":true,"href":"https:\/\/insektenliebe.com\/it\/wp-json\/wp\/v2\/product_brand?post=197183"},{"taxonomy":"product_cat","embeddable":true,"href":"https:\/\/insektenliebe.com\/it\/wp-json\/wp\/v2\/product_cat?post=197183"},{"taxonomy":"product_tag","embeddable":true,"href":"https:\/\/insektenliebe.com\/it\/wp-json\/wp\/v2\/product_tag?post=197183"},{"taxonomy":"lce-checkout-addons","embeddable":true,"href":"https:\/\/insektenliebe.com\/it\/wp-json\/wp\/v2\/lce-checkout-addons?post=197183"}],"curies":[{"name":"wp","href":"https:\/\/api.w.org\/{rel}","templated":true}]}}