{"id":197159,"date":"2026-04-01T16:08:02","date_gmt":"2026-04-01T14:08:02","guid":{"rendered":"https:\/\/insektenliebe.com\/shop\/produkt\/capsula-di-corno-di-jequitiba\/"},"modified":"2026-04-01T16:08:02","modified_gmt":"2026-04-01T14:08:02","slug":"capsula-di-corno-di-jequitiba","status":"publish","type":"product","link":"https:\/\/insektenliebe.com\/it\/shop\/prodotto\/capsula-di-corno-di-jequitiba\/","title":{"rendered":"Capsula di corno di Jequitib\u00e1"},"content":{"rendered":"<h3><span class=\"s1\" style=\"color: #99cc33;\">Capsula di corno di Jequitib\u00e1: struttura, protezione e impiego<\/span><\/h3>\n<p class=\"p1\"><span class=\"s1\">Il <\/span><strong><span class=\"s2\">Capsula di corno di Jequitib\u00e1<\/span><\/strong><span class=\"s1\">  \u00e8 un prodotto naturale versatile che conferisce struttura e naturalezza al tuo terrario. Grazie alla sua forma particolare e alla sua lunghezza di 7-9 cm, offre ai tuoi animali sia   <\/span><span class=\"s2\">Nascondigli e superficie aggiuntiva<\/span><span class=\"s1\">.<\/span><\/p>\n<p class=\"p1\"><span class=\"s1\">La capsula stabile \u00e8 ideale per <\/span><span class=\"s2\">cocciniglie, millepiedi e altri abitanti del suolo<\/span><span class=\"s1\">poich\u00e9 amano rifugiarsi sotto queste strutture. Allo stesso tempo, trovano cavit\u00e0 che vengono utilizzate attivamente dagli animali. <\/span><\/p>\n<p class=\"p1\"><span class=\"s1\">Grazie alla sua consistenza naturale, la capsula di corno si integra perfettamente in qualsiasi terrario. Non sembra artificiale, ma sostiene un   <\/span><span class=\"s2\">Un quadro generale autentico e vivace<\/span><span class=\"s1\">.<\/span><\/p>\n<p class=\"p1\"><span class=\"s1\">Oltre alla sua funzione di nascondiglio, la capsula funge anche da <\/span><span class=\"s2\">fonte di cibo in lenta decomposizione<\/span><span class=\"s1\">. Nel corso del tempo, microrganismi e decompositori iniziano a scomporre il materiale, rendendolo interessante per molti invertebrati.<\/span><\/p>\n<p class=\"p1\"><span class=\"s1\">La capsula di corno \u00e8 comunque particolarmente resistente e rimane stabile per un lungo periodo di tempo. Allo stesso tempo, cambia lentamente, permettendo al terrario di evolversi costantemente e di apparire pi\u00f9 naturale. <\/span><\/p>\n<p class=\"p1\"><span class=\"s1\">La sua forma lo rende ideale anche per creare diversi livelli nel terrario. Gli animali possono vivere sotto, sopra o in mezzo e quindi utilizzare attivamente il loro habitat. <\/span><\/p>\n<p class=\"p1\"><span class=\"s1\">Poich\u00e9 si tratta di un <\/span><span class=\"s2\">prodotto naturale puro<\/span><span class=\"s1\">  ogni capsula \u00e8 unica. La forma, le dimensioni e la struttura possono variare leggermente, rendendo ogni terrario unico. <\/span><\/p>\n<p class=\"p1\"><span class=\"s1\">Con la <\/span><strong><span class=\"s2\">capsula di corno di Jequitib\u00e1<\/span><\/strong><span class=\"s1\"> aggiungi al tuo terrario un elemento naturale che non \u00e8 solo decorativo ma viene anche utilizzato attivamente dai tuoi animali.<\/span><\/p>\n","protected":false},"excerpt":{"rendered":"<p>Capsula di corno di Jequitib\u00e1: struttura, protezione e impiego Il Capsula di corno di Jequitib\u00e1 \u00e8 un prodotto naturale versatile che conferisce struttura e naturalezza al tuo terrario. Grazie alla sua forma particolare e alla sua lunghezza di 7-9 cm, offre ai tuoi animali sia Nascondigli e superficie aggiuntiva. La capsula stabile \u00e8 ideale per [&hellip;]<\/p>\n","protected":false},"featured_media":197155,"template":"","meta":{"_acf_changed":false},"product-supplier":[2684],"product_brand":[],"product_cat":[2740],"product_tag":[],"lce-checkout-addons":[],"class_list":{"0":"post-197159","1":"product","2":"type-product","3":"status-publish","4":"has-post-thumbnail","6":"product_cat-arredamento-e-decorazione","7":"product_shipping_class-equipment-shipping","9":"first","10":"instock","11":"taxable","12":"shipping-taxable","13":"purchasable","14":"product-type-simple"},"acf":[],"yoast_head":"<!-- This site is optimized with the Yoast SEO Premium plugin v26.8 (Yoast SEO v27.3) - https:\/\/yoast.com\/product\/yoast-seo-premium-wordpress\/ -->\n<title>Capsula di corno di Jequitib\u00e1 - Insektenliebe<\/title>\n<meta name=\"description\" content=\"Capsula di corno di Jequitib\u00e1 - nascondiglio naturale per isopodi, millepiedi, tarantole, scorpioni e altri invertebrati nel terrario.\" \/>\n<meta name=\"robots\" content=\"index, follow, max-snippet:-1, max-image-preview:large, max-video-preview:-1\" \/>\n<link rel=\"canonical\" href=\"https:\/\/insektenliebe.com\/it\/shop\/prodotto\/capsula-di-corno-di-jequitiba\/\" \/>\n<meta property=\"og:locale\" content=\"it_IT\" \/>\n<meta property=\"og:type\" content=\"article\" \/>\n<meta property=\"og:title\" content=\"Capsula di corno di Jequitib\u00e1\" \/>\n<meta property=\"og:description\" content=\"Capsula di corno di Jequitib\u00e1 - nascondiglio naturale per isopodi, millepiedi, tarantole, scorpioni e altri invertebrati nel terrario.\" \/>\n<meta property=\"og:url\" content=\"https:\/\/insektenliebe.com\/it\/shop\/prodotto\/capsula-di-corno-di-jequitiba\/\" \/>\n<meta property=\"og:site_name\" content=\"Insektenliebe\" \/>\n<meta property=\"og:image\" content=\"https:\/\/insektenliebe.com\/wp-content\/uploads\/2026\/04\/Jequitiba-Hornkapsel-Vorne.jpg\" \/>\n\t<meta property=\"og:image:width\" content=\"820\" \/>\n\t<meta property=\"og:image:height\" content=\"820\" \/>\n\t<meta property=\"og:image:type\" content=\"image\/jpeg\" \/>\n<meta name=\"twitter:card\" content=\"summary_large_image\" \/>\n<meta name=\"twitter:label1\" content=\"Prezzo\" \/>\n\t<meta name=\"twitter:data1\" content=\"2,49&nbsp;&euro; IVA incl., + spese di sped.\" \/>\n\t<meta name=\"twitter:label2\" content=\"Disponibilit\u00e0\" \/>\n\t<meta name=\"twitter:data2\" content=\"In stock\" \/>\n<script type=\"application\/ld+json\" class=\"yoast-schema-graph\">{\"@context\":\"https:\\\/\\\/schema.org\",\"@graph\":[{\"@type\":\"WebPage\",\"@id\":\"https:\\\/\\\/insektenliebe.com\\\/it\\\/shop\\\/prodotto\\\/capsula-di-corno-di-jequitiba\\\/\",\"url\":\"https:\\\/\\\/insektenliebe.com\\\/it\\\/shop\\\/prodotto\\\/capsula-di-corno-di-jequitiba\\\/\",\"name\":\"Capsula di corno di Jequitib\u00e1 - Insektenliebe\",\"isPartOf\":{\"@id\":\"https:\\\/\\\/insektenliebe.com\\\/it\\\/#website\"},\"primaryImageOfPage\":{\"@id\":\"https:\\\/\\\/insektenliebe.com\\\/it\\\/shop\\\/prodotto\\\/capsula-di-corno-di-jequitiba\\\/#primaryimage\"},\"image\":{\"@id\":\"https:\\\/\\\/insektenliebe.com\\\/it\\\/shop\\\/prodotto\\\/capsula-di-corno-di-jequitiba\\\/#primaryimage\"},\"thumbnailUrl\":\"https:\\\/\\\/insektenliebe.com\\\/wp-content\\\/uploads\\\/2026\\\/04\\\/Jequitiba-Hornkapsel-Vorne.jpg\",\"datePublished\":\"2026-04-01T14:08:02+00:00\",\"description\":\"Capsula di corno di Jequitib\u00e1 - nascondiglio naturale per isopodi, millepiedi, tarantole, scorpioni e altri invertebrati nel terrario.\",\"breadcrumb\":{\"@id\":\"https:\\\/\\\/insektenliebe.com\\\/it\\\/shop\\\/prodotto\\\/capsula-di-corno-di-jequitiba\\\/#breadcrumb\"},\"inLanguage\":\"it-IT\",\"potentialAction\":[{\"@type\":\"ReadAction\",\"target\":[\"https:\\\/\\\/insektenliebe.com\\\/it\\\/shop\\\/prodotto\\\/capsula-di-corno-di-jequitiba\\\/\"]}]},{\"@type\":\"ImageObject\",\"inLanguage\":\"it-IT\",\"@id\":\"https:\\\/\\\/insektenliebe.com\\\/it\\\/shop\\\/prodotto\\\/capsula-di-corno-di-jequitiba\\\/#primaryimage\",\"url\":\"https:\\\/\\\/insektenliebe.com\\\/wp-content\\\/uploads\\\/2026\\\/04\\\/Jequitiba-Hornkapsel-Vorne.jpg\",\"contentUrl\":\"https:\\\/\\\/insektenliebe.com\\\/wp-content\\\/uploads\\\/2026\\\/04\\\/Jequitiba-Hornkapsel-Vorne.jpg\",\"width\":820,\"height\":820,\"caption\":\"Capsula di corno di Jequitib\u00e1 - parte anteriore\"},{\"@type\":\"BreadcrumbList\",\"@id\":\"https:\\\/\\\/insektenliebe.com\\\/it\\\/shop\\\/prodotto\\\/capsula-di-corno-di-jequitiba\\\/#breadcrumb\",\"itemListElement\":[{\"@type\":\"ListItem\",\"position\":1,\"name\":\"Startseite\",\"item\":\"https:\\\/\\\/insektenliebe.com\\\/it\\\/\"},{\"@type\":\"ListItem\",\"position\":2,\"name\":\"Negozio\",\"item\":\"https:\\\/\\\/insektenliebe.com\\\/it\\\/negozio\\\/\"},{\"@type\":\"ListItem\",\"position\":3,\"name\":\"Capsula di corno di Jequitib\u00e1\"}]},{\"@type\":\"WebSite\",\"@id\":\"https:\\\/\\\/insektenliebe.com\\\/it\\\/#website\",\"url\":\"https:\\\/\\\/insektenliebe.com\\\/it\\\/\",\"name\":\"Insektenliebe\",\"description\":\"Dein Zuhause f\u00fcr die kleinen Lebewesen\",\"publisher\":{\"@id\":\"https:\\\/\\\/insektenliebe.com\\\/it\\\/#organization\"},\"potentialAction\":[{\"@type\":\"SearchAction\",\"target\":{\"@type\":\"EntryPoint\",\"urlTemplate\":\"https:\\\/\\\/insektenliebe.com\\\/it\\\/?s={search_term_string}\"},\"query-input\":{\"@type\":\"PropertyValueSpecification\",\"valueRequired\":true,\"valueName\":\"search_term_string\"}}],\"inLanguage\":\"it-IT\"},{\"@type\":\"Organization\",\"@id\":\"https:\\\/\\\/insektenliebe.com\\\/it\\\/#organization\",\"name\":\"Insektenliebe\",\"url\":\"https:\\\/\\\/insektenliebe.com\\\/it\\\/\",\"logo\":{\"@type\":\"ImageObject\",\"inLanguage\":\"it-IT\",\"@id\":\"https:\\\/\\\/insektenliebe.com\\\/it\\\/#\\\/schema\\\/logo\\\/image\\\/\",\"url\":\"https:\\\/\\\/insektenliebe.com\\\/wp-content\\\/uploads\\\/2025\\\/03\\\/logo-white.png\",\"contentUrl\":\"https:\\\/\\\/insektenliebe.com\\\/wp-content\\\/uploads\\\/2025\\\/03\\\/logo-white.png\",\"width\":288,\"height\":188,\"caption\":\"Insektenliebe\"},\"image\":{\"@id\":\"https:\\\/\\\/insektenliebe.com\\\/it\\\/#\\\/schema\\\/logo\\\/image\\\/\"}}]}<\/script>\n<meta property=\"product:price:amount\" content=\"2.49\" \/>\n<meta property=\"product:price:currency\" content=\"EUR\" \/>\n<meta property=\"og:availability\" content=\"instock\" \/>\n<meta property=\"product:availability\" content=\"instock\" \/>\n<meta property=\"product:retailer_item_id\" content=\"843\" \/>\n<meta property=\"product:condition\" content=\"new\" \/>\n<!-- \/ Yoast SEO Premium plugin. -->","yoast_head_json":{"title":"Capsula di corno di Jequitib\u00e1 - Insektenliebe","description":"Capsula di corno di Jequitib\u00e1 - nascondiglio naturale per isopodi, millepiedi, tarantole, scorpioni e altri invertebrati nel terrario.","robots":{"index":"index","follow":"follow","max-snippet":"max-snippet:-1","max-image-preview":"max-image-preview:large","max-video-preview":"max-video-preview:-1"},"canonical":"https:\/\/insektenliebe.com\/it\/shop\/prodotto\/capsula-di-corno-di-jequitiba\/","og_locale":"it_IT","og_type":"article","og_title":"Capsula di corno di Jequitib\u00e1","og_description":"Capsula di corno di Jequitib\u00e1 - nascondiglio naturale per isopodi, millepiedi, tarantole, scorpioni e altri invertebrati nel terrario.","og_url":"https:\/\/insektenliebe.com\/it\/shop\/prodotto\/capsula-di-corno-di-jequitiba\/","og_site_name":"Insektenliebe","og_image":[{"width":820,"height":820,"url":"https:\/\/insektenliebe.com\/wp-content\/uploads\/2026\/04\/Jequitiba-Hornkapsel-Vorne.jpg","type":"image\/jpeg"}],"twitter_card":"summary_large_image","twitter_misc":{"Prezzo":"2,49&nbsp;&euro; IVA incl., + spese di sped.","Disponibilit\u00e0":"In stock"},"schema":{"@context":"https:\/\/schema.org","@graph":[{"@type":"WebPage","@id":"https:\/\/insektenliebe.com\/it\/shop\/prodotto\/capsula-di-corno-di-jequitiba\/","url":"https:\/\/insektenliebe.com\/it\/shop\/prodotto\/capsula-di-corno-di-jequitiba\/","name":"Capsula di corno di Jequitib\u00e1 - Insektenliebe","isPartOf":{"@id":"https:\/\/insektenliebe.com\/it\/#website"},"primaryImageOfPage":{"@id":"https:\/\/insektenliebe.com\/it\/shop\/prodotto\/capsula-di-corno-di-jequitiba\/#primaryimage"},"image":{"@id":"https:\/\/insektenliebe.com\/it\/shop\/prodotto\/capsula-di-corno-di-jequitiba\/#primaryimage"},"thumbnailUrl":"https:\/\/insektenliebe.com\/wp-content\/uploads\/2026\/04\/Jequitiba-Hornkapsel-Vorne.jpg","datePublished":"2026-04-01T14:08:02+00:00","description":"Capsula di corno di Jequitib\u00e1 - nascondiglio naturale per isopodi, millepiedi, tarantole, scorpioni e altri invertebrati nel terrario.","breadcrumb":{"@id":"https:\/\/insektenliebe.com\/it\/shop\/prodotto\/capsula-di-corno-di-jequitiba\/#breadcrumb"},"inLanguage":"it-IT","potentialAction":[{"@type":"ReadAction","target":["https:\/\/insektenliebe.com\/it\/shop\/prodotto\/capsula-di-corno-di-jequitiba\/"]}]},{"@type":"ImageObject","inLanguage":"it-IT","@id":"https:\/\/insektenliebe.com\/it\/shop\/prodotto\/capsula-di-corno-di-jequitiba\/#primaryimage","url":"https:\/\/insektenliebe.com\/wp-content\/uploads\/2026\/04\/Jequitiba-Hornkapsel-Vorne.jpg","contentUrl":"https:\/\/insektenliebe.com\/wp-content\/uploads\/2026\/04\/Jequitiba-Hornkapsel-Vorne.jpg","width":820,"height":820,"caption":"Capsula di corno di Jequitib\u00e1 - parte anteriore"},{"@type":"BreadcrumbList","@id":"https:\/\/insektenliebe.com\/it\/shop\/prodotto\/capsula-di-corno-di-jequitiba\/#breadcrumb","itemListElement":[{"@type":"ListItem","position":1,"name":"Startseite","item":"https:\/\/insektenliebe.com\/it\/"},{"@type":"ListItem","position":2,"name":"Negozio","item":"https:\/\/insektenliebe.com\/it\/negozio\/"},{"@type":"ListItem","position":3,"name":"Capsula di corno di Jequitib\u00e1"}]},{"@type":"WebSite","@id":"https:\/\/insektenliebe.com\/it\/#website","url":"https:\/\/insektenliebe.com\/it\/","name":"Insektenliebe","description":"Dein Zuhause f\u00fcr die kleinen Lebewesen","publisher":{"@id":"https:\/\/insektenliebe.com\/it\/#organization"},"potentialAction":[{"@type":"SearchAction","target":{"@type":"EntryPoint","urlTemplate":"https:\/\/insektenliebe.com\/it\/?s={search_term_string}"},"query-input":{"@type":"PropertyValueSpecification","valueRequired":true,"valueName":"search_term_string"}}],"inLanguage":"it-IT"},{"@type":"Organization","@id":"https:\/\/insektenliebe.com\/it\/#organization","name":"Insektenliebe","url":"https:\/\/insektenliebe.com\/it\/","logo":{"@type":"ImageObject","inLanguage":"it-IT","@id":"https:\/\/insektenliebe.com\/it\/#\/schema\/logo\/image\/","url":"https:\/\/insektenliebe.com\/wp-content\/uploads\/2025\/03\/logo-white.png","contentUrl":"https:\/\/insektenliebe.com\/wp-content\/uploads\/2025\/03\/logo-white.png","width":288,"height":188,"caption":"Insektenliebe"},"image":{"@id":"https:\/\/insektenliebe.com\/it\/#\/schema\/logo\/image\/"}}]},"product_price_amount":"2.49","product_price_currency":"EUR","og_availability":"instock","product_availability":"instock","product_retailer_item_id":"843","product_condition":"new"},"_links":{"self":[{"href":"https:\/\/insektenliebe.com\/it\/wp-json\/wp\/v2\/product\/197159","targetHints":{"allow":["GET"]}}],"collection":[{"href":"https:\/\/insektenliebe.com\/it\/wp-json\/wp\/v2\/product"}],"about":[{"href":"https:\/\/insektenliebe.com\/it\/wp-json\/wp\/v2\/types\/product"}],"wp:featuredmedia":[{"embeddable":true,"href":"https:\/\/insektenliebe.com\/it\/wp-json\/wp\/v2\/media\/197155"}],"wp:attachment":[{"href":"https:\/\/insektenliebe.com\/it\/wp-json\/wp\/v2\/media?parent=197159"}],"wp:term":[{"taxonomy":"product-supplier","embeddable":true,"href":"https:\/\/insektenliebe.com\/it\/wp-json\/wp\/v2\/product-supplier?post=197159"},{"taxonomy":"product_brand","embeddable":true,"href":"https:\/\/insektenliebe.com\/it\/wp-json\/wp\/v2\/product_brand?post=197159"},{"taxonomy":"product_cat","embeddable":true,"href":"https:\/\/insektenliebe.com\/it\/wp-json\/wp\/v2\/product_cat?post=197159"},{"taxonomy":"product_tag","embeddable":true,"href":"https:\/\/insektenliebe.com\/it\/wp-json\/wp\/v2\/product_tag?post=197159"},{"taxonomy":"lce-checkout-addons","embeddable":true,"href":"https:\/\/insektenliebe.com\/it\/wp-json\/wp\/v2\/lce-checkout-addons?post=197159"}],"curies":[{"name":"wp","href":"https:\/\/api.w.org\/{rel}","templated":true}]}}