{"id":194878,"date":"2026-03-19T15:15:00","date_gmt":"2026-03-19T14:15:00","guid":{"rendered":"https:\/\/insektenliebe.com\/shop\/produkt\/heteropoda-javana\/"},"modified":"2026-03-29T21:21:26","modified_gmt":"2026-03-29T19:21:26","slug":"heteropoda-javana","status":"publish","type":"product","link":"https:\/\/insektenliebe.com\/it\/shop\/prodotto\/heteropoda-javana\/","title":{"rendered":"Heteropoda javana"},"content":{"rendered":"<h3><span class=\"s1\" style=\"color: #99cc33\">Heteropoda javana - Alternativa osservabile alla tarantola<\/span><\/h3>\n<p class=\"p1\"><strong><span class=\"s1\">Heteropoda javana<\/span><\/strong><span class=\"s2\"> appartiene ai <\/span><span class=\"s1\">ragni granchio giganti (Sparassidae)<\/span><span class=\"s2\">  e porta molto movimento nel terrario. Questa specie \u00e8 originaria di   <\/span><span class=\"s1\">Sud Est Asiatico<\/span><span class=\"s2\">dove abita habitat caldi e piuttosto umidi. Allo stesso tempo, mostra un comportamento molto attivo e veloce, che la distingue chiaramente da molte tarantole pi\u00f9 tranquille. <\/span><\/p>\n<p class=\"p1\"><span class=\"s2\">Aspetto ottico <\/span><strong><span class=\"s1\">Heteropoda javana<\/span><\/strong><span class=\"s2\">  piuttosto semplice, ma molto elegante. Il corpo di solito mostra   <\/span><span class=\"s1\">Colori dal marrone al beige<\/span><span class=\"s2\">mentre le zampe appaiono spesso leggermente a strisce. Questo permette al ragno di mimetizzarsi perfettamente con l&#8217;ambiente circostante rimanendo ben mimetizzato. La forma piatta del corpo gli permette inoltre di infilarsi facilmente in fessure strette.  <\/span><\/p>\n<p class=\"p1\"><span class=\"s2\">In termini di comportamento, questa specie \u00e8 estremamente agile. Si muove rapidamente, reagisce in un attimo e caccia attivamente. Non si limita ad aspettare la preda, ma corre e cerca attivamente il cibo. Proprio per questo motivo, questa specie \u00e8 particolarmente adatta ai proprietari che amano     <\/span><span class=\"s1\">Osserva gli animali attivi<\/span><span class=\"s2\">.<\/span><\/p>\n<p class=\"p1\"><span class=\"s2\">I giovani animali tendono a rimanere nascosti all&#8217;inizio, mentre gli adulti sono molto pi\u00f9 audaci. Con l&#8217;avanzare dell&#8217;et\u00e0, si mostrano pi\u00f9 spesso e sfruttano attivamente l&#8217;ambiente circostante. Allo stesso tempo, devi lavorare con attenzione, perch\u00e9 questi ragni reagiscono con estrema rapidit\u00e0 e possono fuggire.  <\/span><\/p>\n<p class=\"p1\"><span class=\"s2\">Un terrario di circa <\/span><span class=\"s1\">20 \u00d7 20 \u00d7 30 cm<\/span><span class=\"s2\">in cui l&#8217;altezza gioca un ruolo importante. Perch\u00e9   <\/span><span class=\"s1\">All<strong>&#8216;Heteropoda javana<\/strong> piace arrampicarsi<\/span><span class=\"s2\">dovresti assolutamente <\/span><span class=\"s1\">pezzi di corteccia, rami e strutture<\/span><span class=\"s2\">  costruire all&#8217;interno. In questo modo l&#8217;animale pu\u00f2 sfruttare al meglio lo spazio disponibile. <\/span><\/p>\n<p class=\"p1\"><span class=\"s2\">Un substrato adatto \u00e8 una miscela di <\/span><span class=\"s1\">humus forestale e un po&#8217; di muschio di sfagno<\/span><span class=\"s2\">perch\u00e9 questa combinazione trattiene l&#8217;umidit\u00e0 e allo stesso tempo rimane sciolta. Questo crea un microclima stabile che ha un effetto positivo sul comportamento. <\/span><\/p>\n<p class=\"p1\"><span class=\"s2\">Mantieni il terrario leggermente umido <\/span><span class=\"s1\">spruzzando con parsimonia pi\u00f9 volte alla settimana<\/span><span class=\"s2\">. Allo stesso tempo, devi assicurarti che non ci siano ristagni d&#8217;acqua, in quanto gli animali amano l&#8217;umidit\u00e0 ma non hanno bisogno di condizioni permanentemente umide.<\/span><\/p>\n<p class=\"p1\"><span class=\"s2\">L&#8217;alimentazione avviene circa <\/span><span class=\"s1\">una volta alla settimana<\/span><span class=\"s2\">Gli vengono offerti insetti da mangiare adatti. Poich\u00e9 gli animali sono cacciatori molto attivi, di solito accettano il cibo senza problemi. Tuttavia, rimuovi il cibo non consumato in modo che l&#8217;animale non sia stressato.  <\/span><\/p>\n<p class=\"p1\"><strong><span class=\"s1\">Heteropoda javana<\/span><\/strong><span class=\"s2\"> convince per <\/span><span class=\"s1\">Velocit\u00e0, attivit\u00e0 e un comportamento di caccia entusiasmante<\/span><span class=\"s2\">. Questo lo rende ideale per chi vuole un terrario vivace e allo stesso tempo cerca un animale che sia regolarmente visibile.<\/span><\/p>\n","protected":false},"excerpt":{"rendered":"<p>Heteropoda javana - Alternativa osservabile alla tarantola Heteropoda javana appartiene ai ragni granchio giganti (Sparassidae) e porta molto movimento nel terrario. Questa specie \u00e8 originaria di Sud Est Asiaticodove abita habitat caldi e piuttosto umidi. Allo stesso tempo, mostra un comportamento molto attivo e veloce, che la distingue chiaramente da molte tarantole pi\u00f9 tranquille. Aspetto [&hellip;]<\/p>\n","protected":false},"featured_media":194871,"template":"","meta":{"_acf_changed":false},"product-supplier":[],"product_brand":[],"product_cat":[2999],"product_tag":[],"lce-checkout-addons":[2746],"class_list":{"0":"post-194878","1":"product","2":"type-product","3":"status-publish","4":"has-post-thumbnail","6":"product_cat-altri-ragni","7":"product_shipping_class-spedizione-di-animali","8":"pa_geschlecht-donna","9":"pa_geschlecht-indeterminato","10":"pa_geschlecht-uomo","11":"pa_herkunft-indonesia","12":"pa_kontinent-asia","13":"lce-checkout-addons-imballaggio-invernale","15":"first","16":"instock","17":"taxable","18":"shipping-taxable","19":"purchasable","20":"product-type-variable"},"acf":[],"yoast_head":"<!-- This site is optimized with the Yoast SEO plugin v27.3 - https:\/\/yoast.com\/product\/yoast-seo-wordpress\/ -->\n<title>Heteropoda javana - Insektenliebe<\/title>\n<meta name=\"description\" content=\"Heteropoda javana - veloce ragno granchio gigante dell&#039;Asia. Scopri tutto su allevamento, comportamento, terrario e cura di questa specie attiva.\" \/>\n<meta name=\"robots\" content=\"index, follow, max-snippet:-1, max-image-preview:large, max-video-preview:-1\" \/>\n<link rel=\"canonical\" href=\"https:\/\/insektenliebe.com\/it\/shop\/prodotto\/heteropoda-javana\/\" \/>\n<meta property=\"og:locale\" content=\"it_IT\" \/>\n<meta property=\"og:type\" content=\"article\" \/>\n<meta property=\"og:title\" content=\"Heteropoda javana - Insektenliebe\" \/>\n<meta property=\"og:description\" content=\"Heteropoda javana - veloce ragno granchio gigante dell&#039;Asia. Scopri tutto su allevamento, comportamento, terrario e cura di questa specie attiva.\" \/>\n<meta property=\"og:url\" content=\"https:\/\/insektenliebe.com\/it\/shop\/prodotto\/heteropoda-javana\/\" \/>\n<meta property=\"og:site_name\" content=\"Insektenliebe\" \/>\n<meta property=\"article:modified_time\" content=\"2026-03-29T19:21:26+00:00\" \/>\n<meta property=\"og:image\" content=\"https:\/\/insektenliebe.com\/wp-content\/uploads\/2026\/03\/Heteropoda-javana.jpg\" \/>\n\t<meta property=\"og:image:width\" content=\"820\" \/>\n\t<meta property=\"og:image:height\" content=\"820\" \/>\n\t<meta property=\"og:image:type\" content=\"image\/jpeg\" \/>\n<meta name=\"twitter:card\" content=\"summary_large_image\" \/>\n<meta name=\"twitter:label1\" content=\"Tempo di lettura stimato\" \/>\n\t<meta name=\"twitter:data1\" content=\"2 minuto\" \/>\n<script type=\"application\/ld+json\" class=\"yoast-schema-graph\">{\"@context\":\"https:\\\/\\\/schema.org\",\"@graph\":[{\"@type\":\"WebPage\",\"@id\":\"https:\\\/\\\/insektenliebe.com\\\/it\\\/shop\\\/prodotto\\\/heteropoda-javana\\\/\",\"url\":\"https:\\\/\\\/insektenliebe.com\\\/it\\\/shop\\\/prodotto\\\/heteropoda-javana\\\/\",\"name\":\"Heteropoda javana - Insektenliebe\",\"isPartOf\":{\"@id\":\"https:\\\/\\\/insektenliebe.com\\\/it\\\/#website\"},\"primaryImageOfPage\":{\"@id\":\"https:\\\/\\\/insektenliebe.com\\\/it\\\/shop\\\/prodotto\\\/heteropoda-javana\\\/#primaryimage\"},\"image\":{\"@id\":\"https:\\\/\\\/insektenliebe.com\\\/it\\\/shop\\\/prodotto\\\/heteropoda-javana\\\/#primaryimage\"},\"thumbnailUrl\":\"https:\\\/\\\/insektenliebe.com\\\/wp-content\\\/uploads\\\/2026\\\/03\\\/Heteropoda-javana.jpg\",\"datePublished\":\"2026-03-19T14:15:00+00:00\",\"dateModified\":\"2026-03-29T19:21:26+00:00\",\"description\":\"Heteropoda javana - veloce ragno granchio gigante dell'Asia. Scopri tutto su allevamento, comportamento, terrario e cura di questa specie attiva.\",\"breadcrumb\":{\"@id\":\"https:\\\/\\\/insektenliebe.com\\\/it\\\/shop\\\/prodotto\\\/heteropoda-javana\\\/#breadcrumb\"},\"inLanguage\":\"it-IT\",\"potentialAction\":[{\"@type\":\"ReadAction\",\"target\":[\"https:\\\/\\\/insektenliebe.com\\\/it\\\/shop\\\/prodotto\\\/heteropoda-javana\\\/\"]}]},{\"@type\":\"ImageObject\",\"inLanguage\":\"it-IT\",\"@id\":\"https:\\\/\\\/insektenliebe.com\\\/it\\\/shop\\\/prodotto\\\/heteropoda-javana\\\/#primaryimage\",\"url\":\"https:\\\/\\\/insektenliebe.com\\\/wp-content\\\/uploads\\\/2026\\\/03\\\/Heteropoda-javana.jpg\",\"contentUrl\":\"https:\\\/\\\/insektenliebe.com\\\/wp-content\\\/uploads\\\/2026\\\/03\\\/Heteropoda-javana.jpg\",\"width\":820,\"height\":820,\"caption\":\"Heteropoda javana\"},{\"@type\":\"BreadcrumbList\",\"@id\":\"https:\\\/\\\/insektenliebe.com\\\/it\\\/shop\\\/prodotto\\\/heteropoda-javana\\\/#breadcrumb\",\"itemListElement\":[{\"@type\":\"ListItem\",\"position\":1,\"name\":\"Startseite\",\"item\":\"https:\\\/\\\/insektenliebe.com\\\/it\\\/\"},{\"@type\":\"ListItem\",\"position\":2,\"name\":\"Negozio\",\"item\":\"https:\\\/\\\/insektenliebe.com\\\/it\\\/negozio\\\/\"},{\"@type\":\"ListItem\",\"position\":3,\"name\":\"Heteropoda javana\"}]},{\"@type\":\"WebSite\",\"@id\":\"https:\\\/\\\/insektenliebe.com\\\/it\\\/#website\",\"url\":\"https:\\\/\\\/insektenliebe.com\\\/it\\\/\",\"name\":\"Insektenliebe\",\"description\":\"Dein Zuhause f\u00fcr die kleinen Lebewesen\",\"publisher\":{\"@id\":\"https:\\\/\\\/insektenliebe.com\\\/it\\\/#organization\"},\"potentialAction\":[{\"@type\":\"SearchAction\",\"target\":{\"@type\":\"EntryPoint\",\"urlTemplate\":\"https:\\\/\\\/insektenliebe.com\\\/it\\\/?s={search_term_string}\"},\"query-input\":{\"@type\":\"PropertyValueSpecification\",\"valueRequired\":true,\"valueName\":\"search_term_string\"}}],\"inLanguage\":\"it-IT\"},{\"@type\":\"Organization\",\"@id\":\"https:\\\/\\\/insektenliebe.com\\\/it\\\/#organization\",\"name\":\"Insektenliebe\",\"url\":\"https:\\\/\\\/insektenliebe.com\\\/it\\\/\",\"logo\":{\"@type\":\"ImageObject\",\"inLanguage\":\"it-IT\",\"@id\":\"https:\\\/\\\/insektenliebe.com\\\/it\\\/#\\\/schema\\\/logo\\\/image\\\/\",\"url\":\"https:\\\/\\\/insektenliebe.com\\\/wp-content\\\/uploads\\\/2025\\\/03\\\/logo-white.png\",\"contentUrl\":\"https:\\\/\\\/insektenliebe.com\\\/wp-content\\\/uploads\\\/2025\\\/03\\\/logo-white.png\",\"width\":288,\"height\":188,\"caption\":\"Insektenliebe\"},\"image\":{\"@id\":\"https:\\\/\\\/insektenliebe.com\\\/it\\\/#\\\/schema\\\/logo\\\/image\\\/\"}}]}<\/script>\n<!-- \/ Yoast SEO plugin. -->","yoast_head_json":{"title":"Heteropoda javana - Insektenliebe","description":"Heteropoda javana - veloce ragno granchio gigante dell'Asia. Scopri tutto su allevamento, comportamento, terrario e cura di questa specie attiva.","robots":{"index":"index","follow":"follow","max-snippet":"max-snippet:-1","max-image-preview":"max-image-preview:large","max-video-preview":"max-video-preview:-1"},"canonical":"https:\/\/insektenliebe.com\/it\/shop\/prodotto\/heteropoda-javana\/","og_locale":"it_IT","og_type":"article","og_title":"Heteropoda javana - Insektenliebe","og_description":"Heteropoda javana - veloce ragno granchio gigante dell'Asia. Scopri tutto su allevamento, comportamento, terrario e cura di questa specie attiva.","og_url":"https:\/\/insektenliebe.com\/it\/shop\/prodotto\/heteropoda-javana\/","og_site_name":"Insektenliebe","article_modified_time":"2026-03-29T19:21:26+00:00","og_image":[{"width":820,"height":820,"url":"https:\/\/insektenliebe.com\/wp-content\/uploads\/2026\/03\/Heteropoda-javana.jpg","type":"image\/jpeg"}],"twitter_card":"summary_large_image","twitter_misc":{"Tempo di lettura stimato":"2 minuto"},"schema":{"@context":"https:\/\/schema.org","@graph":[{"@type":"WebPage","@id":"https:\/\/insektenliebe.com\/it\/shop\/prodotto\/heteropoda-javana\/","url":"https:\/\/insektenliebe.com\/it\/shop\/prodotto\/heteropoda-javana\/","name":"Heteropoda javana - Insektenliebe","isPartOf":{"@id":"https:\/\/insektenliebe.com\/it\/#website"},"primaryImageOfPage":{"@id":"https:\/\/insektenliebe.com\/it\/shop\/prodotto\/heteropoda-javana\/#primaryimage"},"image":{"@id":"https:\/\/insektenliebe.com\/it\/shop\/prodotto\/heteropoda-javana\/#primaryimage"},"thumbnailUrl":"https:\/\/insektenliebe.com\/wp-content\/uploads\/2026\/03\/Heteropoda-javana.jpg","datePublished":"2026-03-19T14:15:00+00:00","dateModified":"2026-03-29T19:21:26+00:00","description":"Heteropoda javana - veloce ragno granchio gigante dell'Asia. Scopri tutto su allevamento, comportamento, terrario e cura di questa specie attiva.","breadcrumb":{"@id":"https:\/\/insektenliebe.com\/it\/shop\/prodotto\/heteropoda-javana\/#breadcrumb"},"inLanguage":"it-IT","potentialAction":[{"@type":"ReadAction","target":["https:\/\/insektenliebe.com\/it\/shop\/prodotto\/heteropoda-javana\/"]}]},{"@type":"ImageObject","inLanguage":"it-IT","@id":"https:\/\/insektenliebe.com\/it\/shop\/prodotto\/heteropoda-javana\/#primaryimage","url":"https:\/\/insektenliebe.com\/wp-content\/uploads\/2026\/03\/Heteropoda-javana.jpg","contentUrl":"https:\/\/insektenliebe.com\/wp-content\/uploads\/2026\/03\/Heteropoda-javana.jpg","width":820,"height":820,"caption":"Heteropoda javana"},{"@type":"BreadcrumbList","@id":"https:\/\/insektenliebe.com\/it\/shop\/prodotto\/heteropoda-javana\/#breadcrumb","itemListElement":[{"@type":"ListItem","position":1,"name":"Startseite","item":"https:\/\/insektenliebe.com\/it\/"},{"@type":"ListItem","position":2,"name":"Negozio","item":"https:\/\/insektenliebe.com\/it\/negozio\/"},{"@type":"ListItem","position":3,"name":"Heteropoda javana"}]},{"@type":"WebSite","@id":"https:\/\/insektenliebe.com\/it\/#website","url":"https:\/\/insektenliebe.com\/it\/","name":"Insektenliebe","description":"Dein Zuhause f\u00fcr die kleinen Lebewesen","publisher":{"@id":"https:\/\/insektenliebe.com\/it\/#organization"},"potentialAction":[{"@type":"SearchAction","target":{"@type":"EntryPoint","urlTemplate":"https:\/\/insektenliebe.com\/it\/?s={search_term_string}"},"query-input":{"@type":"PropertyValueSpecification","valueRequired":true,"valueName":"search_term_string"}}],"inLanguage":"it-IT"},{"@type":"Organization","@id":"https:\/\/insektenliebe.com\/it\/#organization","name":"Insektenliebe","url":"https:\/\/insektenliebe.com\/it\/","logo":{"@type":"ImageObject","inLanguage":"it-IT","@id":"https:\/\/insektenliebe.com\/it\/#\/schema\/logo\/image\/","url":"https:\/\/insektenliebe.com\/wp-content\/uploads\/2025\/03\/logo-white.png","contentUrl":"https:\/\/insektenliebe.com\/wp-content\/uploads\/2025\/03\/logo-white.png","width":288,"height":188,"caption":"Insektenliebe"},"image":{"@id":"https:\/\/insektenliebe.com\/it\/#\/schema\/logo\/image\/"}}]}},"_links":{"self":[{"href":"https:\/\/insektenliebe.com\/it\/wp-json\/wp\/v2\/product\/194878","targetHints":{"allow":["GET"]}}],"collection":[{"href":"https:\/\/insektenliebe.com\/it\/wp-json\/wp\/v2\/product"}],"about":[{"href":"https:\/\/insektenliebe.com\/it\/wp-json\/wp\/v2\/types\/product"}],"wp:featuredmedia":[{"embeddable":true,"href":"https:\/\/insektenliebe.com\/it\/wp-json\/wp\/v2\/media\/194871"}],"wp:attachment":[{"href":"https:\/\/insektenliebe.com\/it\/wp-json\/wp\/v2\/media?parent=194878"}],"wp:term":[{"taxonomy":"product-supplier","embeddable":true,"href":"https:\/\/insektenliebe.com\/it\/wp-json\/wp\/v2\/product-supplier?post=194878"},{"taxonomy":"product_brand","embeddable":true,"href":"https:\/\/insektenliebe.com\/it\/wp-json\/wp\/v2\/product_brand?post=194878"},{"taxonomy":"product_cat","embeddable":true,"href":"https:\/\/insektenliebe.com\/it\/wp-json\/wp\/v2\/product_cat?post=194878"},{"taxonomy":"product_tag","embeddable":true,"href":"https:\/\/insektenliebe.com\/it\/wp-json\/wp\/v2\/product_tag?post=194878"},{"taxonomy":"lce-checkout-addons","embeddable":true,"href":"https:\/\/insektenliebe.com\/it\/wp-json\/wp\/v2\/lce-checkout-addons?post=194878"}],"curies":[{"name":"wp","href":"https:\/\/api.w.org\/{rel}","templated":true}]}}