{"id":194717,"date":"2026-03-09T16:54:05","date_gmt":"2026-03-09T15:54:05","guid":{"rendered":"https:\/\/insektenliebe.com\/shop\/produkt\/amazonius-burgessi\/"},"modified":"2026-03-29T21:36:42","modified_gmt":"2026-03-29T19:36:42","slug":"amazonius-burgessi","status":"publish","type":"product","link":"https:\/\/insektenliebe.com\/it\/shop\/prodotto\/amazonius-burgessi\/","title":{"rendered":"Amazonius burgessi"},"content":{"rendered":"<h3><span class=\"s1\" style=\"color: #99cc33\">Amazonius burgessi - Specie di piccole dimensioni con un grande valore di osservazione<\/span><\/h3>\n<p class=\"p1\"><strong><span class=\"s1\">Amazonius burgessi<\/span><\/strong><span class=\"s2\"> \u00e8 una tarantola nana <\/span><span class=\"s1\">tarantola nana del Sud America<\/span><span class=\"s2\">originaria di regioni come <\/span><span class=\"s1\">Guyana<\/span><span class=\"s2\">  origine. Rispetto a molte specie conosciute, rimane significativamente pi\u00f9 piccola ed \u00e8 quindi particolarmente adatta ai terrari pi\u00f9 compatti. <\/span><\/p>\n<p class=\"p1\"><span class=\"s2\">Gli animali raggiungono una lunghezza del corpo di circa <\/span><span class=\"s1\">3 o 4 cm<\/span><span class=\"s2\">  e quindi appartengono alle tarantole pi\u00f9 piccole. La loro colorazione \u00e8 per lo pi\u00f9   <\/span><span class=\"s1\">poco appariscente da marrone a scuro<\/span><span class=\"s2\">Ci\u00f2 significa che si mimetizza in modo eccellente nel substrato. Tuttavia, \u00e8 proprio questo aspetto sobrio che la rende una specie da terrario molto naturale e autentica. <\/span><\/p>\n<p class=\"p1\"><strong><span class=\"s1\">Amazonius burgessi<\/span><\/strong><span class=\"s2\"> vive prevalentemente <\/span><span class=\"s1\">sul fondo<\/span><span class=\"s2\"> e mostra un comportamento piuttosto <\/span><span class=\"s1\">comportamento nascosto<\/span><span class=\"s2\">. Gli animali amano creare piccoli rifugi nel substrato o utilizzare i nascondigli esistenti sotto la corteccia o le radici.<\/span><\/p>\n<p class=\"p1\"><span class=\"s2\">Il terrario adatto per la conservazione \u00e8 un <\/span><span class=\"s1\">Terrario di circa 20 \u00d7 20 \u00d7 20 cm<\/span><span class=\"s2\">. Naturalmente \u00e8 possibile utilizzare vasche pi\u00f9 grandi, ma gli animali si sentono a casa anche in terrari pi\u00f9 piccoli e ben strutturati. Importante \u00e8 un   <\/span><span class=\"s1\">un&#8217;altezza sufficiente del substrato di circa 5-10 cm<\/span><span class=\"s2\">in modo che il ragno possa scavare.<\/span><\/p>\n<p class=\"p1\"><span class=\"s2\">Un substrato adatto \u00e8 un <\/span><span class=\"s1\">un substrato sciolto e scavabile<\/span><span class=\"s2\">  come l&#8217;humus della foresta o il nostro speciale substrato per tarantole. Inoltre, un   <\/span><span class=\"s1\">corteccia di sughero o un piccolo nascondiglio<\/span><span class=\"s2\"> che il ragno accetter\u00e0 volentieri.<\/span><\/p>\n<p class=\"p1\"><span class=\"s2\">Le temperature possono variare tra <\/span><span class=\"s1\">22 e 26 \u00b0C<\/span><span class=\"s2\">  mentire. Allo stesso tempo, la specie preferisce una  <\/span><span class=\"s1\">Umidit\u00e0 leggermente aumentata, intorno al 60-75 %.<\/span><span class=\"s2\">. \u00c8 sufficiente una zona leggermente umida nel terrario, mentre il resto del terrario pu\u00f2 rimanere un po&#8217; pi\u00f9 asciutto.<\/span><\/p>\n<p class=\"p1\"><span class=\"s2\">Il cibo adatto \u00e8 <\/span><span class=\"s1\">insetti pi\u00f9 piccoli<\/span><span class=\"s2\">  come grilli, piccoli scarafaggi o moscerini della frutta negli animali giovani. Il ragno mostra un comportamento di caccia calmo ma efficace. <\/span><\/p>\n<p class=\"p1\"><span class=\"s2\">Grazie alle loro <\/span><span class=\"s1\">dimensioni compatte<\/span><span class=\"s2\">il loro <\/span><span class=\"s1\">comportamento naturale<\/span><span class=\"s2\"> e il loro <\/span><span class=\"s1\">comportamento semplice<\/span><span class=\"s2\"> \u00e8 <\/span><strong><span class=\"s1\">Amazonius burgessi<\/span><\/strong><span class=\"s2\"> \u00e8 una specie interessante per i terrariofili che desiderano tenere tarantole pi\u00f9 piccole e desiderano un allestimento quasi naturale.<\/span><\/p>\n","protected":false},"excerpt":{"rendered":"<p>Amazonius burgessi - Specie di piccole dimensioni con un grande valore di osservazione Amazonius burgessi \u00e8 una tarantola nana tarantola nana del Sud Americaoriginaria di regioni come Guyana origine. Rispetto a molte specie conosciute, rimane significativamente pi\u00f9 piccola ed \u00e8 quindi particolarmente adatta ai terrari pi\u00f9 compatti. Gli animali raggiungono una lunghezza del corpo di [&hellip;]<\/p>\n","protected":false},"featured_media":194713,"template":"","meta":{"_acf_changed":false},"product-supplier":[],"product_brand":[],"product_cat":[3004],"product_tag":[],"lce-checkout-addons":[2746],"class_list":{"0":"post-194717","1":"product","2":"type-product","3":"status-publish","4":"has-post-thumbnail","6":"product_cat-tarantole","7":"product_shipping_class-spedizione-di-animali","8":"pa_geschlecht-donna","9":"pa_geschlecht-indeterminato","10":"pa_geschlecht-uomo","11":"pa_herkunft-guyana","12":"pa_kontinent-sud-america","13":"lce-checkout-addons-imballaggio-invernale","15":"first","16":"instock","17":"taxable","18":"shipping-taxable","19":"purchasable","20":"product-type-variable"},"acf":[],"yoast_head":"<!-- This site is optimized with the Yoast SEO plugin v27.3 - https:\/\/yoast.com\/product\/yoast-seo-wordpress\/ -->\n<title>Amazonius burgessi - Insektenliebe<\/title>\n<meta name=\"description\" content=\"Amazonius burgessi - rara tarantola nana del Sud America. Informazioni su allevamento, terrario, temperatura, umidit\u00e0 e comportamento.\" \/>\n<meta name=\"robots\" content=\"index, follow, max-snippet:-1, max-image-preview:large, max-video-preview:-1\" \/>\n<link rel=\"canonical\" href=\"https:\/\/insektenliebe.com\/it\/shop\/prodotto\/amazonius-burgessi\/\" \/>\n<meta property=\"og:locale\" content=\"it_IT\" \/>\n<meta property=\"og:type\" content=\"article\" \/>\n<meta property=\"og:title\" content=\"Amazonius burgessi - Insektenliebe\" \/>\n<meta property=\"og:description\" content=\"Amazonius burgessi - rara tarantola nana del Sud America. Informazioni su allevamento, terrario, temperatura, umidit\u00e0 e comportamento.\" \/>\n<meta property=\"og:url\" content=\"https:\/\/insektenliebe.com\/it\/shop\/prodotto\/amazonius-burgessi\/\" \/>\n<meta property=\"og:site_name\" content=\"Insektenliebe\" \/>\n<meta property=\"article:modified_time\" content=\"2026-03-29T19:36:42+00:00\" \/>\n<meta property=\"og:image\" content=\"https:\/\/insektenliebe.com\/wp-content\/uploads\/2026\/03\/Amazonius-burgessi.jpg\" \/>\n\t<meta property=\"og:image:width\" content=\"820\" \/>\n\t<meta property=\"og:image:height\" content=\"820\" \/>\n\t<meta property=\"og:image:type\" content=\"image\/jpeg\" \/>\n<meta name=\"twitter:card\" content=\"summary_large_image\" \/>\n<meta name=\"twitter:label1\" content=\"Tempo di lettura stimato\" \/>\n\t<meta name=\"twitter:data1\" content=\"2 minuto\" \/>\n<script type=\"application\/ld+json\" class=\"yoast-schema-graph\">{\"@context\":\"https:\\\/\\\/schema.org\",\"@graph\":[{\"@type\":\"WebPage\",\"@id\":\"https:\\\/\\\/insektenliebe.com\\\/it\\\/shop\\\/prodotto\\\/amazonius-burgessi\\\/\",\"url\":\"https:\\\/\\\/insektenliebe.com\\\/it\\\/shop\\\/prodotto\\\/amazonius-burgessi\\\/\",\"name\":\"Amazonius burgessi - Insektenliebe\",\"isPartOf\":{\"@id\":\"https:\\\/\\\/insektenliebe.com\\\/it\\\/#website\"},\"primaryImageOfPage\":{\"@id\":\"https:\\\/\\\/insektenliebe.com\\\/it\\\/shop\\\/prodotto\\\/amazonius-burgessi\\\/#primaryimage\"},\"image\":{\"@id\":\"https:\\\/\\\/insektenliebe.com\\\/it\\\/shop\\\/prodotto\\\/amazonius-burgessi\\\/#primaryimage\"},\"thumbnailUrl\":\"https:\\\/\\\/insektenliebe.com\\\/wp-content\\\/uploads\\\/2026\\\/03\\\/Amazonius-burgessi.jpg\",\"datePublished\":\"2026-03-09T15:54:05+00:00\",\"dateModified\":\"2026-03-29T19:36:42+00:00\",\"description\":\"Amazonius burgessi - rara tarantola nana del Sud America. Informazioni su allevamento, terrario, temperatura, umidit\u00e0 e comportamento.\",\"breadcrumb\":{\"@id\":\"https:\\\/\\\/insektenliebe.com\\\/it\\\/shop\\\/prodotto\\\/amazonius-burgessi\\\/#breadcrumb\"},\"inLanguage\":\"it-IT\",\"potentialAction\":[{\"@type\":\"ReadAction\",\"target\":[\"https:\\\/\\\/insektenliebe.com\\\/it\\\/shop\\\/prodotto\\\/amazonius-burgessi\\\/\"]}]},{\"@type\":\"ImageObject\",\"inLanguage\":\"it-IT\",\"@id\":\"https:\\\/\\\/insektenliebe.com\\\/it\\\/shop\\\/prodotto\\\/amazonius-burgessi\\\/#primaryimage\",\"url\":\"https:\\\/\\\/insektenliebe.com\\\/wp-content\\\/uploads\\\/2026\\\/03\\\/Amazonius-burgessi.jpg\",\"contentUrl\":\"https:\\\/\\\/insektenliebe.com\\\/wp-content\\\/uploads\\\/2026\\\/03\\\/Amazonius-burgessi.jpg\",\"width\":820,\"height\":820,\"caption\":\"Amazonius burgessi\"},{\"@type\":\"BreadcrumbList\",\"@id\":\"https:\\\/\\\/insektenliebe.com\\\/it\\\/shop\\\/prodotto\\\/amazonius-burgessi\\\/#breadcrumb\",\"itemListElement\":[{\"@type\":\"ListItem\",\"position\":1,\"name\":\"Startseite\",\"item\":\"https:\\\/\\\/insektenliebe.com\\\/it\\\/\"},{\"@type\":\"ListItem\",\"position\":2,\"name\":\"Negozio\",\"item\":\"https:\\\/\\\/insektenliebe.com\\\/it\\\/negozio\\\/\"},{\"@type\":\"ListItem\",\"position\":3,\"name\":\"Amazonius burgessi\"}]},{\"@type\":\"WebSite\",\"@id\":\"https:\\\/\\\/insektenliebe.com\\\/it\\\/#website\",\"url\":\"https:\\\/\\\/insektenliebe.com\\\/it\\\/\",\"name\":\"Insektenliebe\",\"description\":\"Dein Zuhause f\u00fcr die kleinen Lebewesen\",\"publisher\":{\"@id\":\"https:\\\/\\\/insektenliebe.com\\\/it\\\/#organization\"},\"potentialAction\":[{\"@type\":\"SearchAction\",\"target\":{\"@type\":\"EntryPoint\",\"urlTemplate\":\"https:\\\/\\\/insektenliebe.com\\\/it\\\/?s={search_term_string}\"},\"query-input\":{\"@type\":\"PropertyValueSpecification\",\"valueRequired\":true,\"valueName\":\"search_term_string\"}}],\"inLanguage\":\"it-IT\"},{\"@type\":\"Organization\",\"@id\":\"https:\\\/\\\/insektenliebe.com\\\/it\\\/#organization\",\"name\":\"Insektenliebe\",\"url\":\"https:\\\/\\\/insektenliebe.com\\\/it\\\/\",\"logo\":{\"@type\":\"ImageObject\",\"inLanguage\":\"it-IT\",\"@id\":\"https:\\\/\\\/insektenliebe.com\\\/it\\\/#\\\/schema\\\/logo\\\/image\\\/\",\"url\":\"https:\\\/\\\/insektenliebe.com\\\/wp-content\\\/uploads\\\/2025\\\/03\\\/logo-white.png\",\"contentUrl\":\"https:\\\/\\\/insektenliebe.com\\\/wp-content\\\/uploads\\\/2025\\\/03\\\/logo-white.png\",\"width\":288,\"height\":188,\"caption\":\"Insektenliebe\"},\"image\":{\"@id\":\"https:\\\/\\\/insektenliebe.com\\\/it\\\/#\\\/schema\\\/logo\\\/image\\\/\"}}]}<\/script>\n<!-- \/ Yoast SEO plugin. -->","yoast_head_json":{"title":"Amazonius burgessi - Insektenliebe","description":"Amazonius burgessi - rara tarantola nana del Sud America. Informazioni su allevamento, terrario, temperatura, umidit\u00e0 e comportamento.","robots":{"index":"index","follow":"follow","max-snippet":"max-snippet:-1","max-image-preview":"max-image-preview:large","max-video-preview":"max-video-preview:-1"},"canonical":"https:\/\/insektenliebe.com\/it\/shop\/prodotto\/amazonius-burgessi\/","og_locale":"it_IT","og_type":"article","og_title":"Amazonius burgessi - Insektenliebe","og_description":"Amazonius burgessi - rara tarantola nana del Sud America. Informazioni su allevamento, terrario, temperatura, umidit\u00e0 e comportamento.","og_url":"https:\/\/insektenliebe.com\/it\/shop\/prodotto\/amazonius-burgessi\/","og_site_name":"Insektenliebe","article_modified_time":"2026-03-29T19:36:42+00:00","og_image":[{"width":820,"height":820,"url":"https:\/\/insektenliebe.com\/wp-content\/uploads\/2026\/03\/Amazonius-burgessi.jpg","type":"image\/jpeg"}],"twitter_card":"summary_large_image","twitter_misc":{"Tempo di lettura stimato":"2 minuto"},"schema":{"@context":"https:\/\/schema.org","@graph":[{"@type":"WebPage","@id":"https:\/\/insektenliebe.com\/it\/shop\/prodotto\/amazonius-burgessi\/","url":"https:\/\/insektenliebe.com\/it\/shop\/prodotto\/amazonius-burgessi\/","name":"Amazonius burgessi - Insektenliebe","isPartOf":{"@id":"https:\/\/insektenliebe.com\/it\/#website"},"primaryImageOfPage":{"@id":"https:\/\/insektenliebe.com\/it\/shop\/prodotto\/amazonius-burgessi\/#primaryimage"},"image":{"@id":"https:\/\/insektenliebe.com\/it\/shop\/prodotto\/amazonius-burgessi\/#primaryimage"},"thumbnailUrl":"https:\/\/insektenliebe.com\/wp-content\/uploads\/2026\/03\/Amazonius-burgessi.jpg","datePublished":"2026-03-09T15:54:05+00:00","dateModified":"2026-03-29T19:36:42+00:00","description":"Amazonius burgessi - rara tarantola nana del Sud America. Informazioni su allevamento, terrario, temperatura, umidit\u00e0 e comportamento.","breadcrumb":{"@id":"https:\/\/insektenliebe.com\/it\/shop\/prodotto\/amazonius-burgessi\/#breadcrumb"},"inLanguage":"it-IT","potentialAction":[{"@type":"ReadAction","target":["https:\/\/insektenliebe.com\/it\/shop\/prodotto\/amazonius-burgessi\/"]}]},{"@type":"ImageObject","inLanguage":"it-IT","@id":"https:\/\/insektenliebe.com\/it\/shop\/prodotto\/amazonius-burgessi\/#primaryimage","url":"https:\/\/insektenliebe.com\/wp-content\/uploads\/2026\/03\/Amazonius-burgessi.jpg","contentUrl":"https:\/\/insektenliebe.com\/wp-content\/uploads\/2026\/03\/Amazonius-burgessi.jpg","width":820,"height":820,"caption":"Amazonius burgessi"},{"@type":"BreadcrumbList","@id":"https:\/\/insektenliebe.com\/it\/shop\/prodotto\/amazonius-burgessi\/#breadcrumb","itemListElement":[{"@type":"ListItem","position":1,"name":"Startseite","item":"https:\/\/insektenliebe.com\/it\/"},{"@type":"ListItem","position":2,"name":"Negozio","item":"https:\/\/insektenliebe.com\/it\/negozio\/"},{"@type":"ListItem","position":3,"name":"Amazonius burgessi"}]},{"@type":"WebSite","@id":"https:\/\/insektenliebe.com\/it\/#website","url":"https:\/\/insektenliebe.com\/it\/","name":"Insektenliebe","description":"Dein Zuhause f\u00fcr die kleinen Lebewesen","publisher":{"@id":"https:\/\/insektenliebe.com\/it\/#organization"},"potentialAction":[{"@type":"SearchAction","target":{"@type":"EntryPoint","urlTemplate":"https:\/\/insektenliebe.com\/it\/?s={search_term_string}"},"query-input":{"@type":"PropertyValueSpecification","valueRequired":true,"valueName":"search_term_string"}}],"inLanguage":"it-IT"},{"@type":"Organization","@id":"https:\/\/insektenliebe.com\/it\/#organization","name":"Insektenliebe","url":"https:\/\/insektenliebe.com\/it\/","logo":{"@type":"ImageObject","inLanguage":"it-IT","@id":"https:\/\/insektenliebe.com\/it\/#\/schema\/logo\/image\/","url":"https:\/\/insektenliebe.com\/wp-content\/uploads\/2025\/03\/logo-white.png","contentUrl":"https:\/\/insektenliebe.com\/wp-content\/uploads\/2025\/03\/logo-white.png","width":288,"height":188,"caption":"Insektenliebe"},"image":{"@id":"https:\/\/insektenliebe.com\/it\/#\/schema\/logo\/image\/"}}]}},"_links":{"self":[{"href":"https:\/\/insektenliebe.com\/it\/wp-json\/wp\/v2\/product\/194717","targetHints":{"allow":["GET"]}}],"collection":[{"href":"https:\/\/insektenliebe.com\/it\/wp-json\/wp\/v2\/product"}],"about":[{"href":"https:\/\/insektenliebe.com\/it\/wp-json\/wp\/v2\/types\/product"}],"wp:featuredmedia":[{"embeddable":true,"href":"https:\/\/insektenliebe.com\/it\/wp-json\/wp\/v2\/media\/194713"}],"wp:attachment":[{"href":"https:\/\/insektenliebe.com\/it\/wp-json\/wp\/v2\/media?parent=194717"}],"wp:term":[{"taxonomy":"product-supplier","embeddable":true,"href":"https:\/\/insektenliebe.com\/it\/wp-json\/wp\/v2\/product-supplier?post=194717"},{"taxonomy":"product_brand","embeddable":true,"href":"https:\/\/insektenliebe.com\/it\/wp-json\/wp\/v2\/product_brand?post=194717"},{"taxonomy":"product_cat","embeddable":true,"href":"https:\/\/insektenliebe.com\/it\/wp-json\/wp\/v2\/product_cat?post=194717"},{"taxonomy":"product_tag","embeddable":true,"href":"https:\/\/insektenliebe.com\/it\/wp-json\/wp\/v2\/product_tag?post=194717"},{"taxonomy":"lce-checkout-addons","embeddable":true,"href":"https:\/\/insektenliebe.com\/it\/wp-json\/wp\/v2\/lce-checkout-addons?post=194717"}],"curies":[{"name":"wp","href":"https:\/\/api.w.org\/{rel}","templated":true}]}}