{"id":194122,"date":"2026-03-15T16:55:54","date_gmt":"2026-03-15T15:55:54","guid":{"rendered":"https:\/\/insektenliebe.com\/shop\/produkt\/brachypelma-klaasi\/"},"modified":"2026-03-29T21:22:27","modified_gmt":"2026-03-29T19:22:27","slug":"brachypelma-klaasi","status":"publish","type":"product","link":"https:\/\/insektenliebe.com\/it\/shop\/prodotto\/brachypelma-klaasi\/","title":{"rendered":"Brachypelma klaasi"},"content":{"rendered":"<h3><span class=\"s1\" style=\"color: #99cc33\">Brachypelma klaasi - Tarantola tranquilla dai colori impressionanti<\/span><\/h3>\n<p class=\"p1\"><strong><span class=\"s1\">Brachypelma klaasi<\/span><\/strong><span class=\"s2\">  \u00e8 una delle tarantole particolarmente colorate dell&#8217;America centrale. La specie \u00e8 originaria di   <\/span><span class=\"s1\">Messico<\/span><span class=\"s2\">  dove vive in regioni da secche a semi-aride con terreni sciolti e una fitta vegetazione. Il suo aspetto sorprendente la rende una delle specie pi\u00f9 impressionanti del genere.   <\/span><span class=\"s1\">Brachypelma<\/span><span class=\"s2\">.<\/span><\/p>\n<p class=\"p1\"><span class=\"s2\">Particolarmente suggestive sono le <\/span><span class=\"s1\">zampe di colore rosso intenso o arancione<\/span><span class=\"s2\">che formano un forte contrasto con il corpo pi\u00f9 scuro. Questi colori brillanti catturano immediatamente l&#8217;attenzione e rendono la specie particolarmente suggestiva nel terrario. <\/span><\/p>\n<p class=\"p1\"><span class=\"s2\">Come molte altre specie del genere Brachypelma, anche <\/span><strong><span class=\"s1\">Brachypelma klaasi<\/span><\/strong><span class=\"s2\"> di solito mostra un <\/span><span class=\"s1\">comportamento calmo e piuttosto sereno<\/span><span class=\"s2\">. Ci\u00f2 rende questa tarantola molto adatta ai proprietari che vogliono tenere una specie attraente e allo stesso tempo relativamente rilassata.<\/span><\/p>\n<p class=\"p1\"><span class=\"s2\">Il terrario adatto \u00e8 un <\/span><span class=\"s1\">Terrario a terra con un substrato di altezza sufficiente<\/span><span class=\"s2\">poich\u00e9 gli animali amano scavare o utilizzare i nascondigli esistenti. Un terrario di circa   <\/span><span class=\"s1\">30 \u00d7 30 \u00d7 30 cm<\/span><span class=\"s2\"> offre spazio sufficiente per un animale adulto.<\/span><\/p>\n<p class=\"p1\"><span class=\"s2\">Un substrato adatto \u00e8 <\/span><span class=\"s1\">substrato scavabile<\/span><span class=\"s2\">ad esempio, una miscela di humus forestale e sabbia o il nostro speciale substrato per tarantole. Inoltre, il terrario deve essere   <\/span><span class=\"s1\">un tubo di sughero o una radice<\/span><span class=\"s2\"> in modo che il ragno possa utilizzare un nascondiglio sicuro.<\/span><\/p>\n<p class=\"p1\"><span class=\"s2\">Le temperature nel terrario possono essere comprese tra i <\/span><span class=\"s1\">25 \u00b0C e 28 \u00b0C<\/span><span class=\"s2\">  mentire. La temperatura pu\u00f2 scendere a quella ambiente durante la notte. Uno  <\/span><span class=\"s1\">Un leggero contenuto di umidit\u00e0 di base nel substrato<\/span><span class=\"s2\"> \u00e8 di solito sufficiente, mentre i ristagni d&#8217;acqua devono essere evitati a tutti i costi.<\/span><\/p>\n<p class=\"p1\"><span class=\"s2\"><strong>Brachypelma klaasi<\/strong> si nutre di <\/span><span class=\"s1\">insetti mangiatori<\/span><span class=\"s2\">  come grilli, scarafaggi o cavallette. Gli animali giovani mangiano prede di dimensioni pi\u00f9 piccole.<\/span><\/p>\n<p class=\"p1\"><span class=\"s2\">Come molti rappresentanti del genere Brachypelma, anche questa specie presenta <\/span><span class=\"s1\">peli urticanti<\/span><span class=\"s2\">che pu\u00f2 spargere in caso di minaccia. Per questo motivo devi sempre procedere con cautela quando lavori nel terrario ed evitare inutili stress. <\/span><\/p>\n<p class=\"p1\"><span class=\"s2\">Grazie al loro aspetto imponente e all&#8217;allevamento relativamente semplice, la <\/span><strong><span class=\"s1\">Brachypelma klaasi<\/span><\/strong><span class=\"s2\">  \u00e8 una delle tarantole pi\u00f9 popolari nell&#8217;hobby del terrario. Questo ragno \u00e8 una scelta eccellente per chi cerca una specie colorata e dal carattere forte. <\/span><\/p>\n<p class=\"p1\"><strong>Nota sull&#8217;obbligo di rendicontazione:<\/strong><b><\/b><\/p>\n<p class=\"p1\">Questa specie di tarantola \u00e8 soggetta a registrazione obbligatoria. La legge richiede una prova di origine per questo animale. Se ordini da noi una specie soggetta a registrazione, riceverai automaticamente un link per scaricare il relativo certificato con la conferma dell&#8217;ordine. In questo modo avrai subito a portata di mano tutti i documenti necessari e potrai conservarli in formato digitale o stampato.   <\/p>\n","protected":false},"excerpt":{"rendered":"<p>Brachypelma klaasi - Tarantola tranquilla dai colori impressionanti Brachypelma klaasi \u00e8 una delle tarantole particolarmente colorate dell&#8217;America centrale. La specie \u00e8 originaria di Messico dove vive in regioni da secche a semi-aride con terreni sciolti e una fitta vegetazione. Il suo aspetto sorprendente la rende una delle specie pi\u00f9 impressionanti del genere. Brachypelma. Particolarmente suggestive [&hellip;]<\/p>\n","protected":false},"featured_media":193123,"template":"","meta":{"_acf_changed":false},"product-supplier":[],"product_brand":[],"product_cat":[3004],"product_tag":[],"lce-checkout-addons":[2746],"class_list":{"0":"post-194122","1":"product","2":"type-product","3":"status-publish","4":"has-post-thumbnail","6":"product_cat-tarantole","7":"product_shipping_class-spedizione-di-animali","8":"pa_geschlecht-donna","9":"pa_geschlecht-indeterminato","10":"pa_geschlecht-uomo","11":"pa_herkunft-messico","12":"pa_kontinent-nord-america","13":"lce-checkout-addons-imballaggio-invernale","15":"first","16":"instock","17":"taxable","18":"shipping-taxable","19":"purchasable","20":"product-type-variable"},"acf":[],"yoast_head":"<!-- This site is optimized with the Yoast SEO plugin v27.3 - https:\/\/yoast.com\/product\/yoast-seo-wordpress\/ -->\n<title>Brachypelma klaasi - Insektenliebe<\/title>\n<meta name=\"description\" content=\"Brachypelma klaasi - imponente tarantola proveniente dal Messico. Informazioni su conservazione, terrario, temperatura e cura nella descrizione del prodotto.\" \/>\n<meta name=\"robots\" content=\"index, follow, max-snippet:-1, max-image-preview:large, max-video-preview:-1\" \/>\n<link rel=\"canonical\" href=\"https:\/\/insektenliebe.com\/it\/shop\/prodotto\/brachypelma-klaasi\/\" \/>\n<meta property=\"og:locale\" content=\"it_IT\" \/>\n<meta property=\"og:type\" content=\"article\" \/>\n<meta property=\"og:title\" content=\"Brachypelma klaasi - Insektenliebe\" \/>\n<meta property=\"og:description\" content=\"Brachypelma klaasi - imponente tarantola proveniente dal Messico. Informazioni su conservazione, terrario, temperatura e cura nella descrizione del prodotto.\" \/>\n<meta property=\"og:url\" content=\"https:\/\/insektenliebe.com\/it\/shop\/prodotto\/brachypelma-klaasi\/\" \/>\n<meta property=\"og:site_name\" content=\"Insektenliebe\" \/>\n<meta property=\"article:modified_time\" content=\"2026-03-29T19:22:27+00:00\" \/>\n<meta property=\"og:image\" content=\"https:\/\/insektenliebe.com\/wp-content\/uploads\/2026\/03\/Brachypelma-klaasi.jpg\" \/>\n\t<meta property=\"og:image:width\" content=\"820\" \/>\n\t<meta property=\"og:image:height\" content=\"820\" \/>\n\t<meta property=\"og:image:type\" content=\"image\/jpeg\" \/>\n<meta name=\"twitter:card\" content=\"summary_large_image\" \/>\n<meta name=\"twitter:label1\" content=\"Tempo di lettura stimato\" \/>\n\t<meta name=\"twitter:data1\" content=\"2 minuto\" \/>\n<script type=\"application\/ld+json\" class=\"yoast-schema-graph\">{\"@context\":\"https:\\\/\\\/schema.org\",\"@graph\":[{\"@type\":\"WebPage\",\"@id\":\"https:\\\/\\\/insektenliebe.com\\\/it\\\/shop\\\/prodotto\\\/brachypelma-klaasi\\\/\",\"url\":\"https:\\\/\\\/insektenliebe.com\\\/it\\\/shop\\\/prodotto\\\/brachypelma-klaasi\\\/\",\"name\":\"Brachypelma klaasi - Insektenliebe\",\"isPartOf\":{\"@id\":\"https:\\\/\\\/insektenliebe.com\\\/it\\\/#website\"},\"primaryImageOfPage\":{\"@id\":\"https:\\\/\\\/insektenliebe.com\\\/it\\\/shop\\\/prodotto\\\/brachypelma-klaasi\\\/#primaryimage\"},\"image\":{\"@id\":\"https:\\\/\\\/insektenliebe.com\\\/it\\\/shop\\\/prodotto\\\/brachypelma-klaasi\\\/#primaryimage\"},\"thumbnailUrl\":\"https:\\\/\\\/insektenliebe.com\\\/wp-content\\\/uploads\\\/2026\\\/03\\\/Brachypelma-klaasi.jpg\",\"datePublished\":\"2026-03-15T15:55:54+00:00\",\"dateModified\":\"2026-03-29T19:22:27+00:00\",\"description\":\"Brachypelma klaasi - imponente tarantola proveniente dal Messico. Informazioni su conservazione, terrario, temperatura e cura nella descrizione del prodotto.\",\"breadcrumb\":{\"@id\":\"https:\\\/\\\/insektenliebe.com\\\/it\\\/shop\\\/prodotto\\\/brachypelma-klaasi\\\/#breadcrumb\"},\"inLanguage\":\"it-IT\",\"potentialAction\":[{\"@type\":\"ReadAction\",\"target\":[\"https:\\\/\\\/insektenliebe.com\\\/it\\\/shop\\\/prodotto\\\/brachypelma-klaasi\\\/\"]}]},{\"@type\":\"ImageObject\",\"inLanguage\":\"it-IT\",\"@id\":\"https:\\\/\\\/insektenliebe.com\\\/it\\\/shop\\\/prodotto\\\/brachypelma-klaasi\\\/#primaryimage\",\"url\":\"https:\\\/\\\/insektenliebe.com\\\/wp-content\\\/uploads\\\/2026\\\/03\\\/Brachypelma-klaasi.jpg\",\"contentUrl\":\"https:\\\/\\\/insektenliebe.com\\\/wp-content\\\/uploads\\\/2026\\\/03\\\/Brachypelma-klaasi.jpg\",\"width\":820,\"height\":820,\"caption\":\"Brachypelma klaasi\"},{\"@type\":\"BreadcrumbList\",\"@id\":\"https:\\\/\\\/insektenliebe.com\\\/it\\\/shop\\\/prodotto\\\/brachypelma-klaasi\\\/#breadcrumb\",\"itemListElement\":[{\"@type\":\"ListItem\",\"position\":1,\"name\":\"Startseite\",\"item\":\"https:\\\/\\\/insektenliebe.com\\\/it\\\/\"},{\"@type\":\"ListItem\",\"position\":2,\"name\":\"Negozio\",\"item\":\"https:\\\/\\\/insektenliebe.com\\\/it\\\/negozio\\\/\"},{\"@type\":\"ListItem\",\"position\":3,\"name\":\"Brachypelma klaasi\"}]},{\"@type\":\"WebSite\",\"@id\":\"https:\\\/\\\/insektenliebe.com\\\/it\\\/#website\",\"url\":\"https:\\\/\\\/insektenliebe.com\\\/it\\\/\",\"name\":\"Insektenliebe\",\"description\":\"Dein Zuhause f\u00fcr die kleinen Lebewesen\",\"publisher\":{\"@id\":\"https:\\\/\\\/insektenliebe.com\\\/it\\\/#organization\"},\"potentialAction\":[{\"@type\":\"SearchAction\",\"target\":{\"@type\":\"EntryPoint\",\"urlTemplate\":\"https:\\\/\\\/insektenliebe.com\\\/it\\\/?s={search_term_string}\"},\"query-input\":{\"@type\":\"PropertyValueSpecification\",\"valueRequired\":true,\"valueName\":\"search_term_string\"}}],\"inLanguage\":\"it-IT\"},{\"@type\":\"Organization\",\"@id\":\"https:\\\/\\\/insektenliebe.com\\\/it\\\/#organization\",\"name\":\"Insektenliebe\",\"url\":\"https:\\\/\\\/insektenliebe.com\\\/it\\\/\",\"logo\":{\"@type\":\"ImageObject\",\"inLanguage\":\"it-IT\",\"@id\":\"https:\\\/\\\/insektenliebe.com\\\/it\\\/#\\\/schema\\\/logo\\\/image\\\/\",\"url\":\"https:\\\/\\\/insektenliebe.com\\\/wp-content\\\/uploads\\\/2025\\\/03\\\/logo-white.png\",\"contentUrl\":\"https:\\\/\\\/insektenliebe.com\\\/wp-content\\\/uploads\\\/2025\\\/03\\\/logo-white.png\",\"width\":288,\"height\":188,\"caption\":\"Insektenliebe\"},\"image\":{\"@id\":\"https:\\\/\\\/insektenliebe.com\\\/it\\\/#\\\/schema\\\/logo\\\/image\\\/\"}}]}<\/script>\n<!-- \/ Yoast SEO plugin. -->","yoast_head_json":{"title":"Brachypelma klaasi - Insektenliebe","description":"Brachypelma klaasi - imponente tarantola proveniente dal Messico. Informazioni su conservazione, terrario, temperatura e cura nella descrizione del prodotto.","robots":{"index":"index","follow":"follow","max-snippet":"max-snippet:-1","max-image-preview":"max-image-preview:large","max-video-preview":"max-video-preview:-1"},"canonical":"https:\/\/insektenliebe.com\/it\/shop\/prodotto\/brachypelma-klaasi\/","og_locale":"it_IT","og_type":"article","og_title":"Brachypelma klaasi - Insektenliebe","og_description":"Brachypelma klaasi - imponente tarantola proveniente dal Messico. Informazioni su conservazione, terrario, temperatura e cura nella descrizione del prodotto.","og_url":"https:\/\/insektenliebe.com\/it\/shop\/prodotto\/brachypelma-klaasi\/","og_site_name":"Insektenliebe","article_modified_time":"2026-03-29T19:22:27+00:00","og_image":[{"width":820,"height":820,"url":"https:\/\/insektenliebe.com\/wp-content\/uploads\/2026\/03\/Brachypelma-klaasi.jpg","type":"image\/jpeg"}],"twitter_card":"summary_large_image","twitter_misc":{"Tempo di lettura stimato":"2 minuto"},"schema":{"@context":"https:\/\/schema.org","@graph":[{"@type":"WebPage","@id":"https:\/\/insektenliebe.com\/it\/shop\/prodotto\/brachypelma-klaasi\/","url":"https:\/\/insektenliebe.com\/it\/shop\/prodotto\/brachypelma-klaasi\/","name":"Brachypelma klaasi - Insektenliebe","isPartOf":{"@id":"https:\/\/insektenliebe.com\/it\/#website"},"primaryImageOfPage":{"@id":"https:\/\/insektenliebe.com\/it\/shop\/prodotto\/brachypelma-klaasi\/#primaryimage"},"image":{"@id":"https:\/\/insektenliebe.com\/it\/shop\/prodotto\/brachypelma-klaasi\/#primaryimage"},"thumbnailUrl":"https:\/\/insektenliebe.com\/wp-content\/uploads\/2026\/03\/Brachypelma-klaasi.jpg","datePublished":"2026-03-15T15:55:54+00:00","dateModified":"2026-03-29T19:22:27+00:00","description":"Brachypelma klaasi - imponente tarantola proveniente dal Messico. Informazioni su conservazione, terrario, temperatura e cura nella descrizione del prodotto.","breadcrumb":{"@id":"https:\/\/insektenliebe.com\/it\/shop\/prodotto\/brachypelma-klaasi\/#breadcrumb"},"inLanguage":"it-IT","potentialAction":[{"@type":"ReadAction","target":["https:\/\/insektenliebe.com\/it\/shop\/prodotto\/brachypelma-klaasi\/"]}]},{"@type":"ImageObject","inLanguage":"it-IT","@id":"https:\/\/insektenliebe.com\/it\/shop\/prodotto\/brachypelma-klaasi\/#primaryimage","url":"https:\/\/insektenliebe.com\/wp-content\/uploads\/2026\/03\/Brachypelma-klaasi.jpg","contentUrl":"https:\/\/insektenliebe.com\/wp-content\/uploads\/2026\/03\/Brachypelma-klaasi.jpg","width":820,"height":820,"caption":"Brachypelma klaasi"},{"@type":"BreadcrumbList","@id":"https:\/\/insektenliebe.com\/it\/shop\/prodotto\/brachypelma-klaasi\/#breadcrumb","itemListElement":[{"@type":"ListItem","position":1,"name":"Startseite","item":"https:\/\/insektenliebe.com\/it\/"},{"@type":"ListItem","position":2,"name":"Negozio","item":"https:\/\/insektenliebe.com\/it\/negozio\/"},{"@type":"ListItem","position":3,"name":"Brachypelma klaasi"}]},{"@type":"WebSite","@id":"https:\/\/insektenliebe.com\/it\/#website","url":"https:\/\/insektenliebe.com\/it\/","name":"Insektenliebe","description":"Dein Zuhause f\u00fcr die kleinen Lebewesen","publisher":{"@id":"https:\/\/insektenliebe.com\/it\/#organization"},"potentialAction":[{"@type":"SearchAction","target":{"@type":"EntryPoint","urlTemplate":"https:\/\/insektenliebe.com\/it\/?s={search_term_string}"},"query-input":{"@type":"PropertyValueSpecification","valueRequired":true,"valueName":"search_term_string"}}],"inLanguage":"it-IT"},{"@type":"Organization","@id":"https:\/\/insektenliebe.com\/it\/#organization","name":"Insektenliebe","url":"https:\/\/insektenliebe.com\/it\/","logo":{"@type":"ImageObject","inLanguage":"it-IT","@id":"https:\/\/insektenliebe.com\/it\/#\/schema\/logo\/image\/","url":"https:\/\/insektenliebe.com\/wp-content\/uploads\/2025\/03\/logo-white.png","contentUrl":"https:\/\/insektenliebe.com\/wp-content\/uploads\/2025\/03\/logo-white.png","width":288,"height":188,"caption":"Insektenliebe"},"image":{"@id":"https:\/\/insektenliebe.com\/it\/#\/schema\/logo\/image\/"}}]}},"_links":{"self":[{"href":"https:\/\/insektenliebe.com\/it\/wp-json\/wp\/v2\/product\/194122","targetHints":{"allow":["GET"]}}],"collection":[{"href":"https:\/\/insektenliebe.com\/it\/wp-json\/wp\/v2\/product"}],"about":[{"href":"https:\/\/insektenliebe.com\/it\/wp-json\/wp\/v2\/types\/product"}],"wp:featuredmedia":[{"embeddable":true,"href":"https:\/\/insektenliebe.com\/it\/wp-json\/wp\/v2\/media\/193123"}],"wp:attachment":[{"href":"https:\/\/insektenliebe.com\/it\/wp-json\/wp\/v2\/media?parent=194122"}],"wp:term":[{"taxonomy":"product-supplier","embeddable":true,"href":"https:\/\/insektenliebe.com\/it\/wp-json\/wp\/v2\/product-supplier?post=194122"},{"taxonomy":"product_brand","embeddable":true,"href":"https:\/\/insektenliebe.com\/it\/wp-json\/wp\/v2\/product_brand?post=194122"},{"taxonomy":"product_cat","embeddable":true,"href":"https:\/\/insektenliebe.com\/it\/wp-json\/wp\/v2\/product_cat?post=194122"},{"taxonomy":"product_tag","embeddable":true,"href":"https:\/\/insektenliebe.com\/it\/wp-json\/wp\/v2\/product_tag?post=194122"},{"taxonomy":"lce-checkout-addons","embeddable":true,"href":"https:\/\/insektenliebe.com\/it\/wp-json\/wp\/v2\/lce-checkout-addons?post=194122"}],"curies":[{"name":"wp","href":"https:\/\/api.w.org\/{rel}","templated":true}]}}