{"id":194085,"date":"2026-03-15T14:00:51","date_gmt":"2026-03-15T13:00:51","guid":{"rendered":"https:\/\/insektenliebe.com\/shop\/produkt\/birupes-simoroxigorum\/"},"modified":"2026-04-05T07:00:29","modified_gmt":"2026-04-05T05:00:29","slug":"birupes-simoroxigorum","status":"publish","type":"product","link":"https:\/\/insektenliebe.com\/it\/shop\/prodotto\/birupes-simoroxigorum\/","title":{"rendered":"Birupes simoroxigorum"},"content":{"rendered":"<h3><span class=\"s1\" style=\"color: #99cc33\">Birupes simoroxigorum - Affascinante tarantola della foresta pluviale<\/span><\/h3>\n<p class=\"p1\"><strong><span class=\"s1\">Birupes simoroxigorum<\/span><\/strong><span class=\"s2\">  \u00e8 una delle tarantole pi\u00f9 spettacolari entrate nell&#8217;hobby dei terrari negli ultimi anni. La specie \u00e8 stata scoperta per la prima volta   <\/span><span class=\"s1\">Descritta scientificamente nel 2019<\/span><span class=\"s2\"> e forma addirittura un proprio genere - <\/span><span class=\"s1\">Birupes<\/span><span class=\"s2\">. Ad oggi, \u00e8 l&#8217;unica specie conosciuta di questo genere.<span class=\"Apple-converted-space\">  <\/span><\/span><\/p>\n<p class=\"p1\"><span class=\"s2\">Il loro habitat naturale \u00e8 la foresta tropicale <\/span><span class=\"s1\">foreste pluviali tropicali di Sarawak nel Borneo (Malesia)<\/span><span class=\"s2\">. Qui vive in foreste calde e umide e utilizza terreni sciolti, legno marcio o cavit\u00e0 di alberi come rifugi.<span class=\"Apple-converted-space\">  <\/span><\/span><\/p>\n<p class=\"p1\"><span class=\"s2\">Questa specie \u00e8 diventata particolarmente famosa per le sue <\/span><span class=\"s1\">zampe blu metallico intensamente luminose<\/span><span class=\"s2\">. Queste contrastano fortemente con il corpo scuro e rendono il ragno una delle tarantole pi\u00f9 appariscenti in termini di colore.<span class=\"Apple-converted-space\">  <\/span><\/span><\/p>\n<p class=\"p1\"><span class=\"s2\">Gli animali adulti raggiungono una <\/span><span class=\"s1\">una lunghezza delle zampe di circa 12-13 cm<\/span><span class=\"s2\">. Le femmine appaiono di solito pi\u00f9 robuste, mentre i maschi sono pi\u00f9 snelli e hanno zampe pi\u00f9 lunghe.<span class=\"Apple-converted-space\">  <\/span><\/span><\/p>\n<p class=\"p1\"><span class=\"s2\">Il comportamento di questa specie \u00e8 tipico di molte <\/span><span class=\"s1\">tarantole del vecchio mondo<\/span><span class=\"s2\">. \u00c8 proprietaria di  <\/span><span class=\"s1\">Nessun pelo pungente<\/span><span class=\"s2\">  e si affida invece alla velocit\u00e0 e al comportamento difensivo. Quando viene disturbato, di solito si ritira nel suo nascondiglio in un lampo o mostra un comportamento minaccioso. <span class=\"Apple-converted-space\">  <\/span><\/span><\/p>\n<p class=\"p1\"><span class=\"s2\">Necessario nel terrario <\/span><strong><span class=\"s1\">Birupes simoroxigorum<\/span><\/strong><span class=\"s2\">  un allestimento che corrisponda al loro comportamento naturale. Una vasca con   <\/span><span class=\"s1\">strato di substrato profondo<\/span><span class=\"s2\">  permette di creare tubi viventi. Allo stesso tempo   <\/span><span class=\"s1\">Rami o pezzi di sughero<\/span><span class=\"s2\">  poich\u00e9 a volte la specie utilizza anche rifugi sopraelevati. In natura, abita sia nascondigli al suolo che tane nel legno o nelle fessure degli alberi. <span class=\"Apple-converted-space\">  <\/span><\/span><\/p>\n<p class=\"p1\"><span class=\"s2\">Le <\/span><span class=\"s1\">temperature<\/span><span class=\"s2\"> possono essere comprese tra <\/span><span class=\"s1\">21 \u00b0C e 26 \u00b0C<\/span><span class=\"s2\">  mentire. Uno  <\/span><span class=\"s1\">Un&#8217;umidit\u00e0 da media a leggermente superiore<\/span><span class=\"s2\"> garantisce condizioni stabili, ma allo stesso tempo il terrario deve essere ben ventilato.<span class=\"Apple-converted-space\">  <\/span><\/span> <\/p>\n<p class=\"p1\"><span class=\"s2\">Questa specie si nutre di <\/span><span class=\"s1\">insetti mangiatori<\/span><span class=\"s2\">  come grilli, scarafaggi o altre prede adatte. Gli animali giovani mangiano pi\u00f9 frequentemente, mentre gli adulti di solito mangiano ogni una o due settimane. <span class=\"Apple-converted-space\">  <\/span><\/span><\/p>\n<p class=\"p1\"><span class=\"s2\">Per la sua rarit\u00e0, il suo colore spettacolare e il suo comportamento interessante <\/span><strong><span class=\"s1\">Birupes simoroxigorum<\/span><\/strong><span class=\"s2\"> \u00e8 una delle tarantole pi\u00f9 ricercate nell&#8217;hobby del terrario. <\/span><span class=\"s2\">Con le sue zampe di colore blu brillante, questa specie \u00e8 senza dubbio una delle tarantole pi\u00f9 <\/span><span class=\"s1\">tarantole di maggior impatto visivo al mondo<\/span><span class=\"s2\"> e rappresenta un vero e proprio punto di forza in qualsiasi collezione.<\/span><\/p>\n","protected":false},"excerpt":{"rendered":"<p>Birupes simoroxigorum - Affascinante tarantola della foresta pluviale Birupes simoroxigorum \u00e8 una delle tarantole pi\u00f9 spettacolari entrate nell&#8217;hobby dei terrari negli ultimi anni. La specie \u00e8 stata scoperta per la prima volta Descritta scientificamente nel 2019 e forma addirittura un proprio genere - Birupes. Ad oggi, \u00e8 l&#8217;unica specie conosciuta di questo genere. Il loro [&hellip;]<\/p>\n","protected":false},"featured_media":193260,"template":"","meta":{"_acf_changed":false},"product-supplier":[],"product_brand":[],"product_cat":[3004],"product_tag":[],"lce-checkout-addons":[2746],"class_list":{"0":"post-194085","1":"product","2":"type-product","3":"status-publish","4":"has-post-thumbnail","6":"product_cat-tarantole","7":"product_shipping_class-spedizione-di-animali","8":"pa_geschlecht-donna","9":"pa_geschlecht-indeterminato","10":"pa_geschlecht-uomo","11":"pa_herkunft-malesia","12":"pa_kontinent-asia","13":"lce-checkout-addons-imballaggio-invernale","15":"first","16":"instock","17":"taxable","18":"shipping-taxable","19":"purchasable","20":"product-type-variable"},"acf":[],"yoast_head":"<!-- This site is optimized with the Yoast SEO plugin v27.3 - https:\/\/yoast.com\/product\/yoast-seo-wordpress\/ -->\n<title>Birupes simoroxigorum - Insektenliebe<\/title>\n<meta name=\"description\" content=\"Birupes simoroxigorum - rara tarantola del Borneo con zampe blu brillante. Informazioni su allevamento, terrario, comportamento, temperatura e cura.\" \/>\n<meta name=\"robots\" content=\"index, follow, max-snippet:-1, max-image-preview:large, max-video-preview:-1\" \/>\n<link rel=\"canonical\" href=\"https:\/\/insektenliebe.com\/it\/shop\/prodotto\/birupes-simoroxigorum\/\" \/>\n<meta property=\"og:locale\" content=\"it_IT\" \/>\n<meta property=\"og:type\" content=\"article\" \/>\n<meta property=\"og:title\" content=\"Birupes simoroxigorum - Insektenliebe\" \/>\n<meta property=\"og:description\" content=\"Birupes simoroxigorum - rara tarantola del Borneo con zampe blu brillante. Informazioni su allevamento, terrario, comportamento, temperatura e cura.\" \/>\n<meta property=\"og:url\" content=\"https:\/\/insektenliebe.com\/it\/shop\/prodotto\/birupes-simoroxigorum\/\" \/>\n<meta property=\"og:site_name\" content=\"Insektenliebe\" \/>\n<meta property=\"article:modified_time\" content=\"2026-04-05T05:00:29+00:00\" \/>\n<meta property=\"og:image\" content=\"https:\/\/insektenliebe.com\/wp-content\/uploads\/2026\/03\/Birupes-simoroxigorum.jpg\" \/>\n\t<meta property=\"og:image:width\" content=\"820\" \/>\n\t<meta property=\"og:image:height\" content=\"820\" \/>\n\t<meta property=\"og:image:type\" content=\"image\/jpeg\" \/>\n<meta name=\"twitter:card\" content=\"summary_large_image\" \/>\n<meta name=\"twitter:label1\" content=\"Tempo di lettura stimato\" \/>\n\t<meta name=\"twitter:data1\" content=\"2 minuto\" \/>\n<script type=\"application\/ld+json\" class=\"yoast-schema-graph\">{\"@context\":\"https:\\\/\\\/schema.org\",\"@graph\":[{\"@type\":\"WebPage\",\"@id\":\"https:\\\/\\\/insektenliebe.com\\\/it\\\/shop\\\/prodotto\\\/birupes-simoroxigorum\\\/\",\"url\":\"https:\\\/\\\/insektenliebe.com\\\/it\\\/shop\\\/prodotto\\\/birupes-simoroxigorum\\\/\",\"name\":\"Birupes simoroxigorum - Insektenliebe\",\"isPartOf\":{\"@id\":\"https:\\\/\\\/insektenliebe.com\\\/it\\\/#website\"},\"primaryImageOfPage\":{\"@id\":\"https:\\\/\\\/insektenliebe.com\\\/it\\\/shop\\\/prodotto\\\/birupes-simoroxigorum\\\/#primaryimage\"},\"image\":{\"@id\":\"https:\\\/\\\/insektenliebe.com\\\/it\\\/shop\\\/prodotto\\\/birupes-simoroxigorum\\\/#primaryimage\"},\"thumbnailUrl\":\"https:\\\/\\\/insektenliebe.com\\\/wp-content\\\/uploads\\\/2026\\\/03\\\/Birupes-simoroxigorum.jpg\",\"datePublished\":\"2026-03-15T13:00:51+00:00\",\"dateModified\":\"2026-04-05T05:00:29+00:00\",\"description\":\"Birupes simoroxigorum - rara tarantola del Borneo con zampe blu brillante. Informazioni su allevamento, terrario, comportamento, temperatura e cura.\",\"breadcrumb\":{\"@id\":\"https:\\\/\\\/insektenliebe.com\\\/it\\\/shop\\\/prodotto\\\/birupes-simoroxigorum\\\/#breadcrumb\"},\"inLanguage\":\"it-IT\",\"potentialAction\":[{\"@type\":\"ReadAction\",\"target\":[\"https:\\\/\\\/insektenliebe.com\\\/it\\\/shop\\\/prodotto\\\/birupes-simoroxigorum\\\/\"]}]},{\"@type\":\"ImageObject\",\"inLanguage\":\"it-IT\",\"@id\":\"https:\\\/\\\/insektenliebe.com\\\/it\\\/shop\\\/prodotto\\\/birupes-simoroxigorum\\\/#primaryimage\",\"url\":\"https:\\\/\\\/insektenliebe.com\\\/wp-content\\\/uploads\\\/2026\\\/03\\\/Birupes-simoroxigorum.jpg\",\"contentUrl\":\"https:\\\/\\\/insektenliebe.com\\\/wp-content\\\/uploads\\\/2026\\\/03\\\/Birupes-simoroxigorum.jpg\",\"width\":820,\"height\":820,\"caption\":\"Birupes simoroxigorum\"},{\"@type\":\"BreadcrumbList\",\"@id\":\"https:\\\/\\\/insektenliebe.com\\\/it\\\/shop\\\/prodotto\\\/birupes-simoroxigorum\\\/#breadcrumb\",\"itemListElement\":[{\"@type\":\"ListItem\",\"position\":1,\"name\":\"Startseite\",\"item\":\"https:\\\/\\\/insektenliebe.com\\\/it\\\/\"},{\"@type\":\"ListItem\",\"position\":2,\"name\":\"Negozio\",\"item\":\"https:\\\/\\\/insektenliebe.com\\\/it\\\/negozio\\\/\"},{\"@type\":\"ListItem\",\"position\":3,\"name\":\"Birupes simoroxigorum\"}]},{\"@type\":\"WebSite\",\"@id\":\"https:\\\/\\\/insektenliebe.com\\\/it\\\/#website\",\"url\":\"https:\\\/\\\/insektenliebe.com\\\/it\\\/\",\"name\":\"Insektenliebe\",\"description\":\"Dein Zuhause f\u00fcr die kleinen Lebewesen\",\"publisher\":{\"@id\":\"https:\\\/\\\/insektenliebe.com\\\/it\\\/#organization\"},\"potentialAction\":[{\"@type\":\"SearchAction\",\"target\":{\"@type\":\"EntryPoint\",\"urlTemplate\":\"https:\\\/\\\/insektenliebe.com\\\/it\\\/?s={search_term_string}\"},\"query-input\":{\"@type\":\"PropertyValueSpecification\",\"valueRequired\":true,\"valueName\":\"search_term_string\"}}],\"inLanguage\":\"it-IT\"},{\"@type\":\"Organization\",\"@id\":\"https:\\\/\\\/insektenliebe.com\\\/it\\\/#organization\",\"name\":\"Insektenliebe\",\"url\":\"https:\\\/\\\/insektenliebe.com\\\/it\\\/\",\"logo\":{\"@type\":\"ImageObject\",\"inLanguage\":\"it-IT\",\"@id\":\"https:\\\/\\\/insektenliebe.com\\\/it\\\/#\\\/schema\\\/logo\\\/image\\\/\",\"url\":\"https:\\\/\\\/insektenliebe.com\\\/wp-content\\\/uploads\\\/2025\\\/03\\\/logo-white.png\",\"contentUrl\":\"https:\\\/\\\/insektenliebe.com\\\/wp-content\\\/uploads\\\/2025\\\/03\\\/logo-white.png\",\"width\":288,\"height\":188,\"caption\":\"Insektenliebe\"},\"image\":{\"@id\":\"https:\\\/\\\/insektenliebe.com\\\/it\\\/#\\\/schema\\\/logo\\\/image\\\/\"}}]}<\/script>\n<!-- \/ Yoast SEO plugin. -->","yoast_head_json":{"title":"Birupes simoroxigorum - Insektenliebe","description":"Birupes simoroxigorum - rara tarantola del Borneo con zampe blu brillante. Informazioni su allevamento, terrario, comportamento, temperatura e cura.","robots":{"index":"index","follow":"follow","max-snippet":"max-snippet:-1","max-image-preview":"max-image-preview:large","max-video-preview":"max-video-preview:-1"},"canonical":"https:\/\/insektenliebe.com\/it\/shop\/prodotto\/birupes-simoroxigorum\/","og_locale":"it_IT","og_type":"article","og_title":"Birupes simoroxigorum - Insektenliebe","og_description":"Birupes simoroxigorum - rara tarantola del Borneo con zampe blu brillante. Informazioni su allevamento, terrario, comportamento, temperatura e cura.","og_url":"https:\/\/insektenliebe.com\/it\/shop\/prodotto\/birupes-simoroxigorum\/","og_site_name":"Insektenliebe","article_modified_time":"2026-04-05T05:00:29+00:00","og_image":[{"width":820,"height":820,"url":"https:\/\/insektenliebe.com\/wp-content\/uploads\/2026\/03\/Birupes-simoroxigorum.jpg","type":"image\/jpeg"}],"twitter_card":"summary_large_image","twitter_misc":{"Tempo di lettura stimato":"2 minuto"},"schema":{"@context":"https:\/\/schema.org","@graph":[{"@type":"WebPage","@id":"https:\/\/insektenliebe.com\/it\/shop\/prodotto\/birupes-simoroxigorum\/","url":"https:\/\/insektenliebe.com\/it\/shop\/prodotto\/birupes-simoroxigorum\/","name":"Birupes simoroxigorum - Insektenliebe","isPartOf":{"@id":"https:\/\/insektenliebe.com\/it\/#website"},"primaryImageOfPage":{"@id":"https:\/\/insektenliebe.com\/it\/shop\/prodotto\/birupes-simoroxigorum\/#primaryimage"},"image":{"@id":"https:\/\/insektenliebe.com\/it\/shop\/prodotto\/birupes-simoroxigorum\/#primaryimage"},"thumbnailUrl":"https:\/\/insektenliebe.com\/wp-content\/uploads\/2026\/03\/Birupes-simoroxigorum.jpg","datePublished":"2026-03-15T13:00:51+00:00","dateModified":"2026-04-05T05:00:29+00:00","description":"Birupes simoroxigorum - rara tarantola del Borneo con zampe blu brillante. Informazioni su allevamento, terrario, comportamento, temperatura e cura.","breadcrumb":{"@id":"https:\/\/insektenliebe.com\/it\/shop\/prodotto\/birupes-simoroxigorum\/#breadcrumb"},"inLanguage":"it-IT","potentialAction":[{"@type":"ReadAction","target":["https:\/\/insektenliebe.com\/it\/shop\/prodotto\/birupes-simoroxigorum\/"]}]},{"@type":"ImageObject","inLanguage":"it-IT","@id":"https:\/\/insektenliebe.com\/it\/shop\/prodotto\/birupes-simoroxigorum\/#primaryimage","url":"https:\/\/insektenliebe.com\/wp-content\/uploads\/2026\/03\/Birupes-simoroxigorum.jpg","contentUrl":"https:\/\/insektenliebe.com\/wp-content\/uploads\/2026\/03\/Birupes-simoroxigorum.jpg","width":820,"height":820,"caption":"Birupes simoroxigorum"},{"@type":"BreadcrumbList","@id":"https:\/\/insektenliebe.com\/it\/shop\/prodotto\/birupes-simoroxigorum\/#breadcrumb","itemListElement":[{"@type":"ListItem","position":1,"name":"Startseite","item":"https:\/\/insektenliebe.com\/it\/"},{"@type":"ListItem","position":2,"name":"Negozio","item":"https:\/\/insektenliebe.com\/it\/negozio\/"},{"@type":"ListItem","position":3,"name":"Birupes simoroxigorum"}]},{"@type":"WebSite","@id":"https:\/\/insektenliebe.com\/it\/#website","url":"https:\/\/insektenliebe.com\/it\/","name":"Insektenliebe","description":"Dein Zuhause f\u00fcr die kleinen Lebewesen","publisher":{"@id":"https:\/\/insektenliebe.com\/it\/#organization"},"potentialAction":[{"@type":"SearchAction","target":{"@type":"EntryPoint","urlTemplate":"https:\/\/insektenliebe.com\/it\/?s={search_term_string}"},"query-input":{"@type":"PropertyValueSpecification","valueRequired":true,"valueName":"search_term_string"}}],"inLanguage":"it-IT"},{"@type":"Organization","@id":"https:\/\/insektenliebe.com\/it\/#organization","name":"Insektenliebe","url":"https:\/\/insektenliebe.com\/it\/","logo":{"@type":"ImageObject","inLanguage":"it-IT","@id":"https:\/\/insektenliebe.com\/it\/#\/schema\/logo\/image\/","url":"https:\/\/insektenliebe.com\/wp-content\/uploads\/2025\/03\/logo-white.png","contentUrl":"https:\/\/insektenliebe.com\/wp-content\/uploads\/2025\/03\/logo-white.png","width":288,"height":188,"caption":"Insektenliebe"},"image":{"@id":"https:\/\/insektenliebe.com\/it\/#\/schema\/logo\/image\/"}}]}},"_links":{"self":[{"href":"https:\/\/insektenliebe.com\/it\/wp-json\/wp\/v2\/product\/194085","targetHints":{"allow":["GET"]}}],"collection":[{"href":"https:\/\/insektenliebe.com\/it\/wp-json\/wp\/v2\/product"}],"about":[{"href":"https:\/\/insektenliebe.com\/it\/wp-json\/wp\/v2\/types\/product"}],"wp:featuredmedia":[{"embeddable":true,"href":"https:\/\/insektenliebe.com\/it\/wp-json\/wp\/v2\/media\/193260"}],"wp:attachment":[{"href":"https:\/\/insektenliebe.com\/it\/wp-json\/wp\/v2\/media?parent=194085"}],"wp:term":[{"taxonomy":"product-supplier","embeddable":true,"href":"https:\/\/insektenliebe.com\/it\/wp-json\/wp\/v2\/product-supplier?post=194085"},{"taxonomy":"product_brand","embeddable":true,"href":"https:\/\/insektenliebe.com\/it\/wp-json\/wp\/v2\/product_brand?post=194085"},{"taxonomy":"product_cat","embeddable":true,"href":"https:\/\/insektenliebe.com\/it\/wp-json\/wp\/v2\/product_cat?post=194085"},{"taxonomy":"product_tag","embeddable":true,"href":"https:\/\/insektenliebe.com\/it\/wp-json\/wp\/v2\/product_tag?post=194085"},{"taxonomy":"lce-checkout-addons","embeddable":true,"href":"https:\/\/insektenliebe.com\/it\/wp-json\/wp\/v2\/lce-checkout-addons?post=194085"}],"curies":[{"name":"wp","href":"https:\/\/api.w.org\/{rel}","templated":true}]}}