{"id":194024,"date":"2026-03-15T11:08:01","date_gmt":"2026-03-15T10:08:01","guid":{"rendered":"https:\/\/insektenliebe.com\/shop\/produkt\/megaphobema-robustum\/"},"modified":"2026-03-29T21:25:54","modified_gmt":"2026-03-29T19:25:54","slug":"megaphobema-robustum","status":"publish","type":"product","link":"https:\/\/insektenliebe.com\/it\/shop\/prodotto\/megaphobema-robustum\/","title":{"rendered":"Megaphobema robustum"},"content":{"rendered":"<h3><span class=\"s1\" style=\"color: #99cc33\">Megaphobema robustum - Una specie impressionante del Sud America<\/span><\/h3>\n<p class=\"p1\"><strong><span class=\"s1\">Megaphobema robustum<\/span><\/strong><span class=\"s2\"> \u00e8 un&#8217;imponente specie di tarantola proveniente dal <\/span><span class=\"s1\">Sud America<\/span><span class=\"s2\">. Il loro habitat naturale \u00e8 nelle regioni tropicali  <\/span><span class=\"s1\">Colombia e Brasile<\/span><span class=\"s2\">dove vive nei terreni umidi delle foreste. Grazie alla sua corporatura robusta e al suo comportamento sorprendente, questa specie \u00e8 una delle tarantole pi\u00f9 affascinanti nell&#8217;hobby del terrario. <\/span><\/p>\n<p class=\"p1\"><span class=\"s2\">Gli animali hanno un <\/span><span class=\"s1\">fisico massiccio<\/span><span class=\"s2\"> e raggiungono una <\/span><span class=\"s1\">lunghezza del corpo di circa 7-8 cm<\/span><span class=\"s2\">. Le zampe sono di solito colorate in modo sorprendente con toni rossastri o arancioni, mentre il corpo \u00e8 di colore piuttosto scuro. Questo crea un bellissimo contrasto che rende questa specie visivamente molto interessante. <\/span><\/p>\n<p class=\"p1\"><strong><span class=\"s1\">Megaphobema robustum<\/span><\/strong><span class=\"s2\"> vive prevalentemente <\/span><span class=\"s1\">sul fondo<\/span><span class=\"s2\"> e ama deporre <\/span><span class=\"s1\">tubi o nascondigli nel substrato<\/span><span class=\"s2\">  a. Il terrario deve quindi contenere un substrato sufficiente. Un terrario da circa  <\/span><span class=\"s1\">30 \u00d7 30 \u00d7 30 cm<\/span><span class=\"s2\"> offre spazio sufficiente per un animale adulto.<\/span><\/p>\n<p class=\"p1\"><span class=\"s2\">Un substrato adatto \u00e8 <\/span><span class=\"s1\">substrato scavabile<\/span><span class=\"s2\">ad esempio l&#8217;humus della foresta o un substrato speciale per i ragni degli uccelli. Uno  <\/span><span class=\"s1\">Un tubo di sughero o una radice<\/span><span class=\"s2\"> pu\u00f2 anche servire come rifugio e dare al ragno un senso di sicurezza.<\/span><\/p>\n<p class=\"p1\"><span class=\"s2\">Le temperature nel terrario possono essere comprese tra i <\/span><span class=\"s1\">22 \u00b0C e 26 \u00b0C<\/span><span class=\"s2\">  mentire. Poich\u00e9 questa specie \u00e8 originaria di regioni pi\u00f9 umide, il substrato dovrebbe essere  <\/span><span class=\"s1\">essere mantenuto leggermente umido<\/span><span class=\"s2\">senza ristagni d&#8217;acqua. Uno  <\/span><span class=\"s1\">una buona ventilazione<\/span><span class=\"s2\"> garantisce anche condizioni stabili nel terrario.<\/span><\/p>\n<p class=\"p1\"><span class=\"s2\">Si nutre di <\/span><strong><span class=\"s1\">Megaphobema robustum<\/span><\/strong><span class=\"s2\"> con insetti <\/span><span class=\"s1\">insetti da pasto<\/span><span class=\"s2\">  come grilli, scarafaggi o cavallette. Gli animali mostrano un interessante comportamento di caccia e di solito catturano le prede in modo affidabile.<\/span><\/p>\n<p class=\"p1\"><span class=\"s2\">Una caratteristica particolare di questa specie \u00e8 il suo <\/span><span class=\"s1\">comportamento difensivo con le zampe posteriori<\/span><span class=\"s2\">. Se disturbato, il ragno pu\u00f2 cercare di respingere gli aggressori con rapidi movimenti delle zampe posteriori. \u00c8 quindi necessario procedere con calma e attenzione quando si lavora nel terrario. <\/span><\/p>\n<p class=\"p1\"><span class=\"s2\">Grazie alla loro corporatura robusta, al loro comportamento eccitante e alla loro natura robusta <\/span><strong><span class=\"s1\">Megaphobema robustum<\/span><\/strong><span class=\"s2\"> \u00e8 una delle specie di tarantola pi\u00f9 interessanti ed \u00e8 un abitante impressionante per qualsiasi terrario.<\/span><\/p>\n","protected":false},"excerpt":{"rendered":"<p>Megaphobema robustum - Una specie impressionante del Sud America Megaphobema robustum \u00e8 un&#8217;imponente specie di tarantola proveniente dal Sud America. Il loro habitat naturale \u00e8 nelle regioni tropicali Colombia e Brasiledove vive nei terreni umidi delle foreste. Grazie alla sua corporatura robusta e al suo comportamento sorprendente, questa specie \u00e8 una delle tarantole pi\u00f9 affascinanti [&hellip;]<\/p>\n","protected":false},"featured_media":193177,"template":"","meta":{"_acf_changed":false},"product-supplier":[],"product_brand":[],"product_cat":[3004],"product_tag":[],"lce-checkout-addons":[2746],"class_list":{"0":"post-194024","1":"product","2":"type-product","3":"status-publish","4":"has-post-thumbnail","6":"product_cat-tarantole","7":"product_shipping_class-spedizione-di-animali","8":"pa_geschlecht-donna","9":"pa_geschlecht-indeterminato","10":"pa_geschlecht-uomo","11":"pa_herkunft-colombia","12":"pa_kontinent-sud-america","13":"lce-checkout-addons-imballaggio-invernale","15":"first","16":"instock","17":"taxable","18":"shipping-taxable","19":"purchasable","20":"product-type-variable"},"acf":[],"yoast_head":"<!-- This site is optimized with the Yoast SEO plugin v27.3 - https:\/\/yoast.com\/product\/yoast-seo-wordpress\/ -->\n<title>Megaphobema robustum - Insektenliebe<\/title>\n<meta name=\"description\" content=\"Megaphobema robustum - imponente tarantola del Sud America dal fisico robusto. Informazioni su allevamento, terrario, cura, temperatura e alimentazione.\" \/>\n<meta name=\"robots\" content=\"index, follow, max-snippet:-1, max-image-preview:large, max-video-preview:-1\" \/>\n<link rel=\"canonical\" href=\"https:\/\/insektenliebe.com\/it\/shop\/prodotto\/megaphobema-robustum\/\" \/>\n<meta property=\"og:locale\" content=\"it_IT\" \/>\n<meta property=\"og:type\" content=\"article\" \/>\n<meta property=\"og:title\" content=\"Megaphobema robustum - Insektenliebe\" \/>\n<meta property=\"og:description\" content=\"Megaphobema robustum - imponente tarantola del Sud America dal fisico robusto. Informazioni su allevamento, terrario, cura, temperatura e alimentazione.\" \/>\n<meta property=\"og:url\" content=\"https:\/\/insektenliebe.com\/it\/shop\/prodotto\/megaphobema-robustum\/\" \/>\n<meta property=\"og:site_name\" content=\"Insektenliebe\" \/>\n<meta property=\"article:modified_time\" content=\"2026-03-29T19:25:54+00:00\" \/>\n<meta property=\"og:image\" content=\"https:\/\/insektenliebe.com\/wp-content\/uploads\/2026\/03\/Megaphobema-robustum.jpg\" \/>\n\t<meta property=\"og:image:width\" content=\"820\" \/>\n\t<meta property=\"og:image:height\" content=\"820\" \/>\n\t<meta property=\"og:image:type\" content=\"image\/jpeg\" \/>\n<meta name=\"twitter:card\" content=\"summary_large_image\" \/>\n<meta name=\"twitter:label1\" content=\"Tempo di lettura stimato\" \/>\n\t<meta name=\"twitter:data1\" content=\"2 minuto\" \/>\n<script type=\"application\/ld+json\" class=\"yoast-schema-graph\">{\"@context\":\"https:\\\/\\\/schema.org\",\"@graph\":[{\"@type\":\"WebPage\",\"@id\":\"https:\\\/\\\/insektenliebe.com\\\/it\\\/shop\\\/prodotto\\\/megaphobema-robustum\\\/\",\"url\":\"https:\\\/\\\/insektenliebe.com\\\/it\\\/shop\\\/prodotto\\\/megaphobema-robustum\\\/\",\"name\":\"Megaphobema robustum - Insektenliebe\",\"isPartOf\":{\"@id\":\"https:\\\/\\\/insektenliebe.com\\\/it\\\/#website\"},\"primaryImageOfPage\":{\"@id\":\"https:\\\/\\\/insektenliebe.com\\\/it\\\/shop\\\/prodotto\\\/megaphobema-robustum\\\/#primaryimage\"},\"image\":{\"@id\":\"https:\\\/\\\/insektenliebe.com\\\/it\\\/shop\\\/prodotto\\\/megaphobema-robustum\\\/#primaryimage\"},\"thumbnailUrl\":\"https:\\\/\\\/insektenliebe.com\\\/wp-content\\\/uploads\\\/2026\\\/03\\\/Megaphobema-robustum.jpg\",\"datePublished\":\"2026-03-15T10:08:01+00:00\",\"dateModified\":\"2026-03-29T19:25:54+00:00\",\"description\":\"Megaphobema robustum - imponente tarantola del Sud America dal fisico robusto. Informazioni su allevamento, terrario, cura, temperatura e alimentazione.\",\"breadcrumb\":{\"@id\":\"https:\\\/\\\/insektenliebe.com\\\/it\\\/shop\\\/prodotto\\\/megaphobema-robustum\\\/#breadcrumb\"},\"inLanguage\":\"it-IT\",\"potentialAction\":[{\"@type\":\"ReadAction\",\"target\":[\"https:\\\/\\\/insektenliebe.com\\\/it\\\/shop\\\/prodotto\\\/megaphobema-robustum\\\/\"]}]},{\"@type\":\"ImageObject\",\"inLanguage\":\"it-IT\",\"@id\":\"https:\\\/\\\/insektenliebe.com\\\/it\\\/shop\\\/prodotto\\\/megaphobema-robustum\\\/#primaryimage\",\"url\":\"https:\\\/\\\/insektenliebe.com\\\/wp-content\\\/uploads\\\/2026\\\/03\\\/Megaphobema-robustum.jpg\",\"contentUrl\":\"https:\\\/\\\/insektenliebe.com\\\/wp-content\\\/uploads\\\/2026\\\/03\\\/Megaphobema-robustum.jpg\",\"width\":820,\"height\":820,\"caption\":\"Megaphobema robustum\"},{\"@type\":\"BreadcrumbList\",\"@id\":\"https:\\\/\\\/insektenliebe.com\\\/it\\\/shop\\\/prodotto\\\/megaphobema-robustum\\\/#breadcrumb\",\"itemListElement\":[{\"@type\":\"ListItem\",\"position\":1,\"name\":\"Startseite\",\"item\":\"https:\\\/\\\/insektenliebe.com\\\/it\\\/\"},{\"@type\":\"ListItem\",\"position\":2,\"name\":\"Negozio\",\"item\":\"https:\\\/\\\/insektenliebe.com\\\/it\\\/negozio\\\/\"},{\"@type\":\"ListItem\",\"position\":3,\"name\":\"Megaphobema robustum\"}]},{\"@type\":\"WebSite\",\"@id\":\"https:\\\/\\\/insektenliebe.com\\\/it\\\/#website\",\"url\":\"https:\\\/\\\/insektenliebe.com\\\/it\\\/\",\"name\":\"Insektenliebe\",\"description\":\"Dein Zuhause f\u00fcr die kleinen Lebewesen\",\"publisher\":{\"@id\":\"https:\\\/\\\/insektenliebe.com\\\/it\\\/#organization\"},\"potentialAction\":[{\"@type\":\"SearchAction\",\"target\":{\"@type\":\"EntryPoint\",\"urlTemplate\":\"https:\\\/\\\/insektenliebe.com\\\/it\\\/?s={search_term_string}\"},\"query-input\":{\"@type\":\"PropertyValueSpecification\",\"valueRequired\":true,\"valueName\":\"search_term_string\"}}],\"inLanguage\":\"it-IT\"},{\"@type\":\"Organization\",\"@id\":\"https:\\\/\\\/insektenliebe.com\\\/it\\\/#organization\",\"name\":\"Insektenliebe\",\"url\":\"https:\\\/\\\/insektenliebe.com\\\/it\\\/\",\"logo\":{\"@type\":\"ImageObject\",\"inLanguage\":\"it-IT\",\"@id\":\"https:\\\/\\\/insektenliebe.com\\\/it\\\/#\\\/schema\\\/logo\\\/image\\\/\",\"url\":\"https:\\\/\\\/insektenliebe.com\\\/wp-content\\\/uploads\\\/2025\\\/03\\\/logo-white.png\",\"contentUrl\":\"https:\\\/\\\/insektenliebe.com\\\/wp-content\\\/uploads\\\/2025\\\/03\\\/logo-white.png\",\"width\":288,\"height\":188,\"caption\":\"Insektenliebe\"},\"image\":{\"@id\":\"https:\\\/\\\/insektenliebe.com\\\/it\\\/#\\\/schema\\\/logo\\\/image\\\/\"}}]}<\/script>\n<!-- \/ Yoast SEO plugin. -->","yoast_head_json":{"title":"Megaphobema robustum - Insektenliebe","description":"Megaphobema robustum - imponente tarantola del Sud America dal fisico robusto. Informazioni su allevamento, terrario, cura, temperatura e alimentazione.","robots":{"index":"index","follow":"follow","max-snippet":"max-snippet:-1","max-image-preview":"max-image-preview:large","max-video-preview":"max-video-preview:-1"},"canonical":"https:\/\/insektenliebe.com\/it\/shop\/prodotto\/megaphobema-robustum\/","og_locale":"it_IT","og_type":"article","og_title":"Megaphobema robustum - Insektenliebe","og_description":"Megaphobema robustum - imponente tarantola del Sud America dal fisico robusto. Informazioni su allevamento, terrario, cura, temperatura e alimentazione.","og_url":"https:\/\/insektenliebe.com\/it\/shop\/prodotto\/megaphobema-robustum\/","og_site_name":"Insektenliebe","article_modified_time":"2026-03-29T19:25:54+00:00","og_image":[{"width":820,"height":820,"url":"https:\/\/insektenliebe.com\/wp-content\/uploads\/2026\/03\/Megaphobema-robustum.jpg","type":"image\/jpeg"}],"twitter_card":"summary_large_image","twitter_misc":{"Tempo di lettura stimato":"2 minuto"},"schema":{"@context":"https:\/\/schema.org","@graph":[{"@type":"WebPage","@id":"https:\/\/insektenliebe.com\/it\/shop\/prodotto\/megaphobema-robustum\/","url":"https:\/\/insektenliebe.com\/it\/shop\/prodotto\/megaphobema-robustum\/","name":"Megaphobema robustum - Insektenliebe","isPartOf":{"@id":"https:\/\/insektenliebe.com\/it\/#website"},"primaryImageOfPage":{"@id":"https:\/\/insektenliebe.com\/it\/shop\/prodotto\/megaphobema-robustum\/#primaryimage"},"image":{"@id":"https:\/\/insektenliebe.com\/it\/shop\/prodotto\/megaphobema-robustum\/#primaryimage"},"thumbnailUrl":"https:\/\/insektenliebe.com\/wp-content\/uploads\/2026\/03\/Megaphobema-robustum.jpg","datePublished":"2026-03-15T10:08:01+00:00","dateModified":"2026-03-29T19:25:54+00:00","description":"Megaphobema robustum - imponente tarantola del Sud America dal fisico robusto. Informazioni su allevamento, terrario, cura, temperatura e alimentazione.","breadcrumb":{"@id":"https:\/\/insektenliebe.com\/it\/shop\/prodotto\/megaphobema-robustum\/#breadcrumb"},"inLanguage":"it-IT","potentialAction":[{"@type":"ReadAction","target":["https:\/\/insektenliebe.com\/it\/shop\/prodotto\/megaphobema-robustum\/"]}]},{"@type":"ImageObject","inLanguage":"it-IT","@id":"https:\/\/insektenliebe.com\/it\/shop\/prodotto\/megaphobema-robustum\/#primaryimage","url":"https:\/\/insektenliebe.com\/wp-content\/uploads\/2026\/03\/Megaphobema-robustum.jpg","contentUrl":"https:\/\/insektenliebe.com\/wp-content\/uploads\/2026\/03\/Megaphobema-robustum.jpg","width":820,"height":820,"caption":"Megaphobema robustum"},{"@type":"BreadcrumbList","@id":"https:\/\/insektenliebe.com\/it\/shop\/prodotto\/megaphobema-robustum\/#breadcrumb","itemListElement":[{"@type":"ListItem","position":1,"name":"Startseite","item":"https:\/\/insektenliebe.com\/it\/"},{"@type":"ListItem","position":2,"name":"Negozio","item":"https:\/\/insektenliebe.com\/it\/negozio\/"},{"@type":"ListItem","position":3,"name":"Megaphobema robustum"}]},{"@type":"WebSite","@id":"https:\/\/insektenliebe.com\/it\/#website","url":"https:\/\/insektenliebe.com\/it\/","name":"Insektenliebe","description":"Dein Zuhause f\u00fcr die kleinen Lebewesen","publisher":{"@id":"https:\/\/insektenliebe.com\/it\/#organization"},"potentialAction":[{"@type":"SearchAction","target":{"@type":"EntryPoint","urlTemplate":"https:\/\/insektenliebe.com\/it\/?s={search_term_string}"},"query-input":{"@type":"PropertyValueSpecification","valueRequired":true,"valueName":"search_term_string"}}],"inLanguage":"it-IT"},{"@type":"Organization","@id":"https:\/\/insektenliebe.com\/it\/#organization","name":"Insektenliebe","url":"https:\/\/insektenliebe.com\/it\/","logo":{"@type":"ImageObject","inLanguage":"it-IT","@id":"https:\/\/insektenliebe.com\/it\/#\/schema\/logo\/image\/","url":"https:\/\/insektenliebe.com\/wp-content\/uploads\/2025\/03\/logo-white.png","contentUrl":"https:\/\/insektenliebe.com\/wp-content\/uploads\/2025\/03\/logo-white.png","width":288,"height":188,"caption":"Insektenliebe"},"image":{"@id":"https:\/\/insektenliebe.com\/it\/#\/schema\/logo\/image\/"}}]}},"_links":{"self":[{"href":"https:\/\/insektenliebe.com\/it\/wp-json\/wp\/v2\/product\/194024","targetHints":{"allow":["GET"]}}],"collection":[{"href":"https:\/\/insektenliebe.com\/it\/wp-json\/wp\/v2\/product"}],"about":[{"href":"https:\/\/insektenliebe.com\/it\/wp-json\/wp\/v2\/types\/product"}],"wp:featuredmedia":[{"embeddable":true,"href":"https:\/\/insektenliebe.com\/it\/wp-json\/wp\/v2\/media\/193177"}],"wp:attachment":[{"href":"https:\/\/insektenliebe.com\/it\/wp-json\/wp\/v2\/media?parent=194024"}],"wp:term":[{"taxonomy":"product-supplier","embeddable":true,"href":"https:\/\/insektenliebe.com\/it\/wp-json\/wp\/v2\/product-supplier?post=194024"},{"taxonomy":"product_brand","embeddable":true,"href":"https:\/\/insektenliebe.com\/it\/wp-json\/wp\/v2\/product_brand?post=194024"},{"taxonomy":"product_cat","embeddable":true,"href":"https:\/\/insektenliebe.com\/it\/wp-json\/wp\/v2\/product_cat?post=194024"},{"taxonomy":"product_tag","embeddable":true,"href":"https:\/\/insektenliebe.com\/it\/wp-json\/wp\/v2\/product_tag?post=194024"},{"taxonomy":"lce-checkout-addons","embeddable":true,"href":"https:\/\/insektenliebe.com\/it\/wp-json\/wp\/v2\/lce-checkout-addons?post=194024"}],"curies":[{"name":"wp","href":"https:\/\/api.w.org\/{rel}","templated":true}]}}