{"id":194018,"date":"2026-03-15T11:53:01","date_gmt":"2026-03-15T10:53:01","guid":{"rendered":"https:\/\/insektenliebe.com\/shop\/produkt\/grammostola-pulchra\/"},"modified":"2026-03-29T21:24:37","modified_gmt":"2026-03-29T19:24:37","slug":"grammostola-pulchra","status":"publish","type":"product","link":"https:\/\/insektenliebe.com\/it\/shop\/prodotto\/grammostola-pulchra\/","title":{"rendered":"Grammostola pulchra"},"content":{"rendered":"<h3><span class=\"s1\" style=\"color: #99cc33\">Grammostola pulchra - Tarantola nera vellutata per il tuo terrario<\/span><\/h3>\n<p class=\"p1\"><strong><span class=\"s1\">Grammostola pulchra<\/span><\/strong><span class=\"s2\">  \u00e8 una delle tarantole pi\u00f9 conosciute della terraristica. La specie \u00e8 originaria di   <\/span><span class=\"s1\">Brasile e Uruguay<\/span><span class=\"s2\"> dove vive in praterie aperte e in terreni sciolti dove crea rifugi.<\/span><\/p>\n<p class=\"p1\"><span class=\"s2\">La loro caratteristica pi\u00f9 evidente \u00e8 la <\/span><span class=\"s1\">colorazione nera profonda e vellutata<\/span><span class=\"s2\">  di tutto il corpo. Questo colore intenso rende   <\/span><strong><span class=\"s1\">Grammostola pulchra<\/span><\/strong><span class=\"s2\">  una delle tarantole pi\u00f9 eleganti in circolazione. In condizioni di buona luce, il manto nero sembra quasi un velluto, facendo apparire l&#8217;animale particolarmente elegante. <\/span><\/p>\n<p class=\"p1\"><span class=\"s2\">I ragni raggiungono una lunghezza del corpo di <\/span><span class=\"s1\">lunghezza del corpo di circa 6-7 cm<\/span><span class=\"s2\">  e hanno un aspetto molto imponente grazie alle loro forti zampe. Nonostante le loro dimensioni, gli animali di solito si muovono con calma e serenit\u00e0. <\/span><\/p>\n<p class=\"p1\"><span class=\"s2\">Adatto per essere conservato \u00e8 un <\/span><span class=\"s1\">terrario da terra<\/span><span class=\"s2\">poich\u00e9 questa specie vive principalmente a terra. Un terrario da circa   <\/span><span class=\"s1\">30 \u00d7 30 \u00d7 30 cm<\/span><span class=\"s2\">  offre spazio sufficiente per un animale adulto. Importante \u00e8 un   <\/span><span class=\"s1\">Uno strato di substrato sufficientemente alto<\/span><span class=\"s2\">in modo che il ragno possa scavare o creare un nascondiglio.<\/span><\/p>\n<p class=\"p1\"><span class=\"s2\">Un substrato adatto \u00e8 <\/span><span class=\"s1\">substrato scavabile<\/span><span class=\"s2\">  come l&#8217;humus della foresta o il nostro speciale substrato per tarantole. Inoltre, un  <\/span><span class=\"s1\">Tubo di sughero o un pezzo di legno di radice<\/span><span class=\"s2\">  come riparo. In questo modo il ragno si sente al sicuro e pu\u00f2 ritirarsi in qualsiasi momento. <\/span><\/p>\n<p class=\"p1\"><span class=\"s2\">Le temperature nel terrario possono essere comprese tra i <\/span><span class=\"s1\">22 \u00b0C e 26 \u00b0C<\/span><span class=\"s2\">  mentire. Uno  <\/span><span class=\"s1\">Un&#8217;umidit\u00e0 moderata<\/span><span class=\"s2\"> \u00e8 sufficiente per questa specie, ma il substrato non deve asciugarsi completamente.<\/span><\/p>\n<p class=\"p1\"><span class=\"s2\">Si nutre di <\/span><strong><span class=\"s1\">Grammostola pulchra<\/span><\/strong><span class=\"s2\"> con gli insetti <\/span><span class=\"s1\">insetti nutritori<\/span><span class=\"s2\">  come grilli, scarafaggi o cavallette. Di solito gli animali mostrano un comportamento di caccia calmo e accettano le prede in modo affidabile. <\/span><\/p>\n<p class=\"p1\"><span class=\"s2\">Questa specie \u00e8 considerata <\/span><span class=\"s1\">molto tranquilla e silenziosa<\/span><span class=\"s2\">Per questo motivo viene spesso consigliata come tarantola adatta ai principianti. Tuttavia, \u00e8 necessario trattare l&#8217;animale con rispetto ed evitare inutili stress. <\/span><\/p>\n<p class=\"p1\"><span class=\"s2\">Grazie alla loro <\/span><span class=\"s1\">colorazione nera unica<\/span><span class=\"s2\">la loro natura robusta e il loro comportamento tranquillo <\/span><strong><span class=\"s1\">La Grammostola pulchra<\/span><\/strong><span class=\"s2\"> \u00e8 una delle tarantole pi\u00f9 popolari nell&#8217;hobby del terrario ed \u00e8 un vero classico per ogni terrario.<\/span><\/p>\n","protected":false},"excerpt":{"rendered":"<p>Grammostola pulchra - Tarantola nera vellutata per il tuo terrario Grammostola pulchra \u00e8 una delle tarantole pi\u00f9 conosciute della terraristica. La specie \u00e8 originaria di Brasile e Uruguay dove vive in praterie aperte e in terreni sciolti dove crea rifugi. La loro caratteristica pi\u00f9 evidente \u00e8 la colorazione nera profonda e vellutata di tutto il [&hellip;]<\/p>\n","protected":false},"featured_media":193167,"template":"","meta":{"_acf_changed":false},"product-supplier":[],"product_brand":[],"product_cat":[3004],"product_tag":[],"lce-checkout-addons":[2746],"class_list":{"0":"post-194018","1":"product","2":"type-product","3":"status-publish","4":"has-post-thumbnail","6":"product_cat-tarantole","7":"product_shipping_class-spedizione-di-animali","8":"pa_geschlecht-donna","9":"pa_geschlecht-indeterminato","10":"pa_geschlecht-uomo","11":"pa_herkunft-brasile","12":"pa_kontinent-sud-america","13":"lce-checkout-addons-imballaggio-invernale","15":"first","16":"instock","17":"taxable","18":"shipping-taxable","19":"purchasable","20":"product-type-variable"},"acf":[],"yoast_head":"<!-- This site is optimized with the Yoast SEO plugin v27.3 - https:\/\/yoast.com\/product\/yoast-seo-wordpress\/ -->\n<title>Grammostola pulchra - Insektenliebe<\/title>\n<meta name=\"description\" content=\"Grammostola pulchra - tarantola dal colore nero intenso proveniente dal Brasile. Informazioni su allevamento, terrario, temperatura, cura e alimentazione di questa tranquilla specie per principianti.\" \/>\n<meta name=\"robots\" content=\"index, follow, max-snippet:-1, max-image-preview:large, max-video-preview:-1\" \/>\n<link rel=\"canonical\" href=\"https:\/\/insektenliebe.com\/it\/shop\/prodotto\/grammostola-pulchra\/\" \/>\n<meta property=\"og:locale\" content=\"it_IT\" \/>\n<meta property=\"og:type\" content=\"article\" \/>\n<meta property=\"og:title\" content=\"Grammostola pulchra - Insektenliebe\" \/>\n<meta property=\"og:description\" content=\"Grammostola pulchra - tarantola dal colore nero intenso proveniente dal Brasile. Informazioni su allevamento, terrario, temperatura, cura e alimentazione di questa tranquilla specie per principianti.\" \/>\n<meta property=\"og:url\" content=\"https:\/\/insektenliebe.com\/it\/shop\/prodotto\/grammostola-pulchra\/\" \/>\n<meta property=\"og:site_name\" content=\"Insektenliebe\" \/>\n<meta property=\"article:modified_time\" content=\"2026-03-29T19:24:37+00:00\" \/>\n<meta property=\"og:image\" content=\"https:\/\/insektenliebe.com\/wp-content\/uploads\/2026\/03\/Grammostola-pulchra.jpg\" \/>\n\t<meta property=\"og:image:width\" content=\"820\" \/>\n\t<meta property=\"og:image:height\" content=\"820\" \/>\n\t<meta property=\"og:image:type\" content=\"image\/jpeg\" \/>\n<meta name=\"twitter:card\" content=\"summary_large_image\" \/>\n<meta name=\"twitter:label1\" content=\"Tempo di lettura stimato\" \/>\n\t<meta name=\"twitter:data1\" content=\"2 minuto\" \/>\n<script type=\"application\/ld+json\" class=\"yoast-schema-graph\">{\"@context\":\"https:\\\/\\\/schema.org\",\"@graph\":[{\"@type\":\"WebPage\",\"@id\":\"https:\\\/\\\/insektenliebe.com\\\/it\\\/shop\\\/prodotto\\\/grammostola-pulchra\\\/\",\"url\":\"https:\\\/\\\/insektenliebe.com\\\/it\\\/shop\\\/prodotto\\\/grammostola-pulchra\\\/\",\"name\":\"Grammostola pulchra - Insektenliebe\",\"isPartOf\":{\"@id\":\"https:\\\/\\\/insektenliebe.com\\\/it\\\/#website\"},\"primaryImageOfPage\":{\"@id\":\"https:\\\/\\\/insektenliebe.com\\\/it\\\/shop\\\/prodotto\\\/grammostola-pulchra\\\/#primaryimage\"},\"image\":{\"@id\":\"https:\\\/\\\/insektenliebe.com\\\/it\\\/shop\\\/prodotto\\\/grammostola-pulchra\\\/#primaryimage\"},\"thumbnailUrl\":\"https:\\\/\\\/insektenliebe.com\\\/wp-content\\\/uploads\\\/2026\\\/03\\\/Grammostola-pulchra.jpg\",\"datePublished\":\"2026-03-15T10:53:01+00:00\",\"dateModified\":\"2026-03-29T19:24:37+00:00\",\"description\":\"Grammostola pulchra - tarantola dal colore nero intenso proveniente dal Brasile. Informazioni su allevamento, terrario, temperatura, cura e alimentazione di questa tranquilla specie per principianti.\",\"breadcrumb\":{\"@id\":\"https:\\\/\\\/insektenliebe.com\\\/it\\\/shop\\\/prodotto\\\/grammostola-pulchra\\\/#breadcrumb\"},\"inLanguage\":\"it-IT\",\"potentialAction\":[{\"@type\":\"ReadAction\",\"target\":[\"https:\\\/\\\/insektenliebe.com\\\/it\\\/shop\\\/prodotto\\\/grammostola-pulchra\\\/\"]}]},{\"@type\":\"ImageObject\",\"inLanguage\":\"it-IT\",\"@id\":\"https:\\\/\\\/insektenliebe.com\\\/it\\\/shop\\\/prodotto\\\/grammostola-pulchra\\\/#primaryimage\",\"url\":\"https:\\\/\\\/insektenliebe.com\\\/wp-content\\\/uploads\\\/2026\\\/03\\\/Grammostola-pulchra.jpg\",\"contentUrl\":\"https:\\\/\\\/insektenliebe.com\\\/wp-content\\\/uploads\\\/2026\\\/03\\\/Grammostola-pulchra.jpg\",\"width\":820,\"height\":820,\"caption\":\"Grammostola pulchra\"},{\"@type\":\"BreadcrumbList\",\"@id\":\"https:\\\/\\\/insektenliebe.com\\\/it\\\/shop\\\/prodotto\\\/grammostola-pulchra\\\/#breadcrumb\",\"itemListElement\":[{\"@type\":\"ListItem\",\"position\":1,\"name\":\"Startseite\",\"item\":\"https:\\\/\\\/insektenliebe.com\\\/it\\\/\"},{\"@type\":\"ListItem\",\"position\":2,\"name\":\"Negozio\",\"item\":\"https:\\\/\\\/insektenliebe.com\\\/it\\\/negozio\\\/\"},{\"@type\":\"ListItem\",\"position\":3,\"name\":\"Grammostola pulchra\"}]},{\"@type\":\"WebSite\",\"@id\":\"https:\\\/\\\/insektenliebe.com\\\/it\\\/#website\",\"url\":\"https:\\\/\\\/insektenliebe.com\\\/it\\\/\",\"name\":\"Insektenliebe\",\"description\":\"Dein Zuhause f\u00fcr die kleinen Lebewesen\",\"publisher\":{\"@id\":\"https:\\\/\\\/insektenliebe.com\\\/it\\\/#organization\"},\"potentialAction\":[{\"@type\":\"SearchAction\",\"target\":{\"@type\":\"EntryPoint\",\"urlTemplate\":\"https:\\\/\\\/insektenliebe.com\\\/it\\\/?s={search_term_string}\"},\"query-input\":{\"@type\":\"PropertyValueSpecification\",\"valueRequired\":true,\"valueName\":\"search_term_string\"}}],\"inLanguage\":\"it-IT\"},{\"@type\":\"Organization\",\"@id\":\"https:\\\/\\\/insektenliebe.com\\\/it\\\/#organization\",\"name\":\"Insektenliebe\",\"url\":\"https:\\\/\\\/insektenliebe.com\\\/it\\\/\",\"logo\":{\"@type\":\"ImageObject\",\"inLanguage\":\"it-IT\",\"@id\":\"https:\\\/\\\/insektenliebe.com\\\/it\\\/#\\\/schema\\\/logo\\\/image\\\/\",\"url\":\"https:\\\/\\\/insektenliebe.com\\\/wp-content\\\/uploads\\\/2025\\\/03\\\/logo-white.png\",\"contentUrl\":\"https:\\\/\\\/insektenliebe.com\\\/wp-content\\\/uploads\\\/2025\\\/03\\\/logo-white.png\",\"width\":288,\"height\":188,\"caption\":\"Insektenliebe\"},\"image\":{\"@id\":\"https:\\\/\\\/insektenliebe.com\\\/it\\\/#\\\/schema\\\/logo\\\/image\\\/\"}}]}<\/script>\n<!-- \/ Yoast SEO plugin. -->","yoast_head_json":{"title":"Grammostola pulchra - Insektenliebe","description":"Grammostola pulchra - tarantola dal colore nero intenso proveniente dal Brasile. Informazioni su allevamento, terrario, temperatura, cura e alimentazione di questa tranquilla specie per principianti.","robots":{"index":"index","follow":"follow","max-snippet":"max-snippet:-1","max-image-preview":"max-image-preview:large","max-video-preview":"max-video-preview:-1"},"canonical":"https:\/\/insektenliebe.com\/it\/shop\/prodotto\/grammostola-pulchra\/","og_locale":"it_IT","og_type":"article","og_title":"Grammostola pulchra - Insektenliebe","og_description":"Grammostola pulchra - tarantola dal colore nero intenso proveniente dal Brasile. Informazioni su allevamento, terrario, temperatura, cura e alimentazione di questa tranquilla specie per principianti.","og_url":"https:\/\/insektenliebe.com\/it\/shop\/prodotto\/grammostola-pulchra\/","og_site_name":"Insektenliebe","article_modified_time":"2026-03-29T19:24:37+00:00","og_image":[{"width":820,"height":820,"url":"https:\/\/insektenliebe.com\/wp-content\/uploads\/2026\/03\/Grammostola-pulchra.jpg","type":"image\/jpeg"}],"twitter_card":"summary_large_image","twitter_misc":{"Tempo di lettura stimato":"2 minuto"},"schema":{"@context":"https:\/\/schema.org","@graph":[{"@type":"WebPage","@id":"https:\/\/insektenliebe.com\/it\/shop\/prodotto\/grammostola-pulchra\/","url":"https:\/\/insektenliebe.com\/it\/shop\/prodotto\/grammostola-pulchra\/","name":"Grammostola pulchra - Insektenliebe","isPartOf":{"@id":"https:\/\/insektenliebe.com\/it\/#website"},"primaryImageOfPage":{"@id":"https:\/\/insektenliebe.com\/it\/shop\/prodotto\/grammostola-pulchra\/#primaryimage"},"image":{"@id":"https:\/\/insektenliebe.com\/it\/shop\/prodotto\/grammostola-pulchra\/#primaryimage"},"thumbnailUrl":"https:\/\/insektenliebe.com\/wp-content\/uploads\/2026\/03\/Grammostola-pulchra.jpg","datePublished":"2026-03-15T10:53:01+00:00","dateModified":"2026-03-29T19:24:37+00:00","description":"Grammostola pulchra - tarantola dal colore nero intenso proveniente dal Brasile. Informazioni su allevamento, terrario, temperatura, cura e alimentazione di questa tranquilla specie per principianti.","breadcrumb":{"@id":"https:\/\/insektenliebe.com\/it\/shop\/prodotto\/grammostola-pulchra\/#breadcrumb"},"inLanguage":"it-IT","potentialAction":[{"@type":"ReadAction","target":["https:\/\/insektenliebe.com\/it\/shop\/prodotto\/grammostola-pulchra\/"]}]},{"@type":"ImageObject","inLanguage":"it-IT","@id":"https:\/\/insektenliebe.com\/it\/shop\/prodotto\/grammostola-pulchra\/#primaryimage","url":"https:\/\/insektenliebe.com\/wp-content\/uploads\/2026\/03\/Grammostola-pulchra.jpg","contentUrl":"https:\/\/insektenliebe.com\/wp-content\/uploads\/2026\/03\/Grammostola-pulchra.jpg","width":820,"height":820,"caption":"Grammostola pulchra"},{"@type":"BreadcrumbList","@id":"https:\/\/insektenliebe.com\/it\/shop\/prodotto\/grammostola-pulchra\/#breadcrumb","itemListElement":[{"@type":"ListItem","position":1,"name":"Startseite","item":"https:\/\/insektenliebe.com\/it\/"},{"@type":"ListItem","position":2,"name":"Negozio","item":"https:\/\/insektenliebe.com\/it\/negozio\/"},{"@type":"ListItem","position":3,"name":"Grammostola pulchra"}]},{"@type":"WebSite","@id":"https:\/\/insektenliebe.com\/it\/#website","url":"https:\/\/insektenliebe.com\/it\/","name":"Insektenliebe","description":"Dein Zuhause f\u00fcr die kleinen Lebewesen","publisher":{"@id":"https:\/\/insektenliebe.com\/it\/#organization"},"potentialAction":[{"@type":"SearchAction","target":{"@type":"EntryPoint","urlTemplate":"https:\/\/insektenliebe.com\/it\/?s={search_term_string}"},"query-input":{"@type":"PropertyValueSpecification","valueRequired":true,"valueName":"search_term_string"}}],"inLanguage":"it-IT"},{"@type":"Organization","@id":"https:\/\/insektenliebe.com\/it\/#organization","name":"Insektenliebe","url":"https:\/\/insektenliebe.com\/it\/","logo":{"@type":"ImageObject","inLanguage":"it-IT","@id":"https:\/\/insektenliebe.com\/it\/#\/schema\/logo\/image\/","url":"https:\/\/insektenliebe.com\/wp-content\/uploads\/2025\/03\/logo-white.png","contentUrl":"https:\/\/insektenliebe.com\/wp-content\/uploads\/2025\/03\/logo-white.png","width":288,"height":188,"caption":"Insektenliebe"},"image":{"@id":"https:\/\/insektenliebe.com\/it\/#\/schema\/logo\/image\/"}}]}},"_links":{"self":[{"href":"https:\/\/insektenliebe.com\/it\/wp-json\/wp\/v2\/product\/194018","targetHints":{"allow":["GET"]}}],"collection":[{"href":"https:\/\/insektenliebe.com\/it\/wp-json\/wp\/v2\/product"}],"about":[{"href":"https:\/\/insektenliebe.com\/it\/wp-json\/wp\/v2\/types\/product"}],"wp:featuredmedia":[{"embeddable":true,"href":"https:\/\/insektenliebe.com\/it\/wp-json\/wp\/v2\/media\/193167"}],"wp:attachment":[{"href":"https:\/\/insektenliebe.com\/it\/wp-json\/wp\/v2\/media?parent=194018"}],"wp:term":[{"taxonomy":"product-supplier","embeddable":true,"href":"https:\/\/insektenliebe.com\/it\/wp-json\/wp\/v2\/product-supplier?post=194018"},{"taxonomy":"product_brand","embeddable":true,"href":"https:\/\/insektenliebe.com\/it\/wp-json\/wp\/v2\/product_brand?post=194018"},{"taxonomy":"product_cat","embeddable":true,"href":"https:\/\/insektenliebe.com\/it\/wp-json\/wp\/v2\/product_cat?post=194018"},{"taxonomy":"product_tag","embeddable":true,"href":"https:\/\/insektenliebe.com\/it\/wp-json\/wp\/v2\/product_tag?post=194018"},{"taxonomy":"lce-checkout-addons","embeddable":true,"href":"https:\/\/insektenliebe.com\/it\/wp-json\/wp\/v2\/lce-checkout-addons?post=194018"}],"curies":[{"name":"wp","href":"https:\/\/api.w.org\/{rel}","templated":true}]}}