{"id":194014,"date":"2026-03-15T12:17:25","date_gmt":"2026-03-15T11:17:25","guid":{"rendered":"https:\/\/insektenliebe.com\/shop\/produkt\/grammostola-pulchripes\/"},"modified":"2026-03-29T21:24:12","modified_gmt":"2026-03-29T19:24:12","slug":"grammostola-pulchripes","status":"publish","type":"product","link":"https:\/\/insektenliebe.com\/it\/shop\/prodotto\/grammostola-pulchripes\/","title":{"rendered":"Grammostola pulchripes"},"content":{"rendered":"<h3><span class=\"s1\" style=\"color: #99cc33\">Grammostola pulchripes - La popolare tarantola dalle ginocchia d&#8217;oro<\/span><\/h3>\n<p class=\"p1\"><strong><span class=\"s1\">Grammostola pulchripes<\/span><\/strong><span class=\"s2\">  \u00e8 una delle tarantole pi\u00f9 conosciute e popolari nell&#8217;hobby del terrario. La specie \u00e8 originaria di   <\/span><span class=\"s1\">Uruguay, Paraguay e Argentina<\/span><span class=\"s2\">  e vive nelle praterie aperte e nelle savane poco coltivate. Grazie alla sua natura calma e alla sua colorazione sorprendente, \u00e8 diventata un vero e proprio classico del terrario. <\/span><\/p>\n<p class=\"p1\"><span class=\"s2\">Particolarmente caratteristiche sono le <\/span><span class=\"s1\">le strisce giallo oro sulle articolazioni delle ginocchia<\/span><span class=\"s2\">che formano un bel contrasto con il corpo scuro. Questo disegno sorprendente ha anche dato a questa specie il suo noto nome.   <\/span><span class=\"s1\">Tarantola dalle ginocchia d&#8217;oro<\/span><span class=\"s2\">  portato in casa. Il corpo \u00e8 di colore marrone scuro o nero e appare molto robusto grazie al pelo folto. <\/span><\/p>\n<p class=\"p1\"><span class=\"s2\">Gli animali raggiungono una <\/span><span class=\"s1\">lunghezza del corpo di circa 7-8 cm<\/span><span class=\"s2\">  e hanno un&#8217;impressionante apertura delle zampe. Nonostante le loro dimensioni, i ragni di solito si muovono con calma e tranquillit\u00e0. <\/span><\/p>\n<p class=\"p1\"><span class=\"s2\">Adatto per essere conservato \u00e8 un <\/span><span class=\"s1\">terrario da terra<\/span><span class=\"s2\">poich\u00e9 questa specie vive principalmente a terra. Un terrario da circa   <\/span><span class=\"s1\">30 \u00d7 30 \u00d7 30 cm<\/span><span class=\"s2\">  offre spazio sufficiente per un animale adulto. Importante \u00e8 un   <\/span><span class=\"s1\">Uno strato di substrato sufficientemente alto<\/span><span class=\"s2\">in modo che il ragno possa scavare o creare un nascondiglio.<\/span><\/p>\n<p class=\"p1\"><span class=\"s2\">Un substrato adatto \u00e8 <\/span><span class=\"s1\">substrato scavabile<\/span><span class=\"s2\">ad esempio, l&#8217;humus della foresta o il nostro speciale substrato per tarantole. Inoltre, un  <\/span><span class=\"s1\">tubo di sughero o radice<\/span><span class=\"s2\"> come nascondiglio in modo che il ragno possa ritirarsi in sicurezza.<\/span><\/p>\n<p class=\"p1\"><span class=\"s2\">Le temperature nel terrario possono essere comprese tra i <\/span><span class=\"s1\">24 \u00b0C e 26 \u00b0C<\/span><span class=\"s2\">  mentire. Uno  <\/span><span class=\"s1\">L&#8217;umidit\u00e0 moderata<\/span><span class=\"s2\"> \u00e8 sufficiente per questa specie, anche se il substrato pu\u00f2 essere leggermente inumidito di tanto in tanto.<\/span><\/p>\n<p class=\"p1\"><span class=\"s2\">Si nutre di <\/span><strong><span class=\"s1\">Grammostola pulchripes<\/span><\/strong><span class=\"s2\"> con gli insetti <\/span><span class=\"s1\">insetti nutritori<\/span><span class=\"s2\">  come grilli, scarafaggi o cavallette. I ragni di solito mostrano un comportamento di caccia calmo e accettano le prede in modo affidabile.<\/span><\/p>\n<p class=\"p1\"><span class=\"s2\">La specie \u00e8 considerata <\/span><span class=\"s1\">relativamente pacifica e robusta<\/span><span class=\"s2\">Per questo motivo \u00e8 spesso consigliata ai principianti. Tuttavia, gli animali devono essere trattati con rispetto e bisogna evitare di sottoporli a stress inutili. <\/span><\/p>\n<p class=\"p1\"><span class=\"s2\">Attraverso le loro <\/span><span class=\"s1\">marcature dorate sulle ginocchia<\/span><span class=\"s2\">il loro comportamento calmo e la loro postura semplice <\/span><strong><span class=\"s1\">La Grammostola pulchripes<\/span><\/strong><span class=\"s2\"> \u00e8 una delle tarantole pi\u00f9 popolari nell&#8217;hobby del terrario ed \u00e8 un vero e proprio richiamo visivo in qualsiasi terrario.<\/span><\/p>\n","protected":false},"excerpt":{"rendered":"<p>Grammostola pulchripes - La popolare tarantola dalle ginocchia d&#8217;oro Grammostola pulchripes \u00e8 una delle tarantole pi\u00f9 conosciute e popolari nell&#8217;hobby del terrario. La specie \u00e8 originaria di Uruguay, Paraguay e Argentina e vive nelle praterie aperte e nelle savane poco coltivate. Grazie alla sua natura calma e alla sua colorazione sorprendente, \u00e8 diventata un vero [&hellip;]<\/p>\n","protected":false},"featured_media":193205,"template":"","meta":{"_acf_changed":false},"product-supplier":[],"product_brand":[],"product_cat":[3004],"product_tag":[],"lce-checkout-addons":[2746],"class_list":{"0":"post-194014","1":"product","2":"type-product","3":"status-publish","4":"has-post-thumbnail","6":"product_cat-tarantole","7":"product_shipping_class-spedizione-di-animali","8":"pa_geschlecht-donna","9":"pa_geschlecht-indeterminato","10":"pa_geschlecht-uomo","11":"pa_herkunft-paraguay","12":"pa_kontinent-sud-america","13":"lce-checkout-addons-imballaggio-invernale","15":"first","16":"instock","17":"taxable","18":"shipping-taxable","19":"purchasable","20":"product-type-variable"},"acf":[],"yoast_head":"<!-- This site is optimized with the Yoast SEO plugin v27.3 - https:\/\/yoast.com\/product\/yoast-seo-wordpress\/ -->\n<title>Grammostola pulchripes - Insektenliebe<\/title>\n<meta name=\"description\" content=\"Grammostola pulchripes - Tarantola dalle ginocchia dorate proveniente dal Sud America. Informazioni su allevamento, terrario, temperatura, cura e dieta.\" \/>\n<meta name=\"robots\" content=\"index, follow, max-snippet:-1, max-image-preview:large, max-video-preview:-1\" \/>\n<link rel=\"canonical\" href=\"https:\/\/insektenliebe.com\/it\/shop\/prodotto\/grammostola-pulchripes\/\" \/>\n<meta property=\"og:locale\" content=\"it_IT\" \/>\n<meta property=\"og:type\" content=\"article\" \/>\n<meta property=\"og:title\" content=\"Grammostola pulchripes - Insektenliebe\" \/>\n<meta property=\"og:description\" content=\"Grammostola pulchripes - Tarantola dalle ginocchia dorate proveniente dal Sud America. Informazioni su allevamento, terrario, temperatura, cura e dieta.\" \/>\n<meta property=\"og:url\" content=\"https:\/\/insektenliebe.com\/it\/shop\/prodotto\/grammostola-pulchripes\/\" \/>\n<meta property=\"og:site_name\" content=\"Insektenliebe\" \/>\n<meta property=\"article:modified_time\" content=\"2026-03-29T19:24:12+00:00\" \/>\n<meta property=\"og:image\" content=\"https:\/\/insektenliebe.com\/wp-content\/uploads\/2026\/03\/Grammostola-pulchripes-1.jpg\" \/>\n\t<meta property=\"og:image:width\" content=\"820\" \/>\n\t<meta property=\"og:image:height\" content=\"820\" \/>\n\t<meta property=\"og:image:type\" content=\"image\/jpeg\" \/>\n<meta name=\"twitter:card\" content=\"summary_large_image\" \/>\n<meta name=\"twitter:label1\" content=\"Tempo di lettura stimato\" \/>\n\t<meta name=\"twitter:data1\" content=\"2 minuto\" \/>\n<script type=\"application\/ld+json\" class=\"yoast-schema-graph\">{\"@context\":\"https:\\\/\\\/schema.org\",\"@graph\":[{\"@type\":\"WebPage\",\"@id\":\"https:\\\/\\\/insektenliebe.com\\\/it\\\/shop\\\/prodotto\\\/grammostola-pulchripes\\\/\",\"url\":\"https:\\\/\\\/insektenliebe.com\\\/it\\\/shop\\\/prodotto\\\/grammostola-pulchripes\\\/\",\"name\":\"Grammostola pulchripes - Insektenliebe\",\"isPartOf\":{\"@id\":\"https:\\\/\\\/insektenliebe.com\\\/it\\\/#website\"},\"primaryImageOfPage\":{\"@id\":\"https:\\\/\\\/insektenliebe.com\\\/it\\\/shop\\\/prodotto\\\/grammostola-pulchripes\\\/#primaryimage\"},\"image\":{\"@id\":\"https:\\\/\\\/insektenliebe.com\\\/it\\\/shop\\\/prodotto\\\/grammostola-pulchripes\\\/#primaryimage\"},\"thumbnailUrl\":\"https:\\\/\\\/insektenliebe.com\\\/wp-content\\\/uploads\\\/2026\\\/03\\\/Grammostola-pulchripes-1.jpg\",\"datePublished\":\"2026-03-15T11:17:25+00:00\",\"dateModified\":\"2026-03-29T19:24:12+00:00\",\"description\":\"Grammostola pulchripes - Tarantola dalle ginocchia dorate proveniente dal Sud America. Informazioni su allevamento, terrario, temperatura, cura e dieta.\",\"breadcrumb\":{\"@id\":\"https:\\\/\\\/insektenliebe.com\\\/it\\\/shop\\\/prodotto\\\/grammostola-pulchripes\\\/#breadcrumb\"},\"inLanguage\":\"it-IT\",\"potentialAction\":[{\"@type\":\"ReadAction\",\"target\":[\"https:\\\/\\\/insektenliebe.com\\\/it\\\/shop\\\/prodotto\\\/grammostola-pulchripes\\\/\"]}]},{\"@type\":\"ImageObject\",\"inLanguage\":\"it-IT\",\"@id\":\"https:\\\/\\\/insektenliebe.com\\\/it\\\/shop\\\/prodotto\\\/grammostola-pulchripes\\\/#primaryimage\",\"url\":\"https:\\\/\\\/insektenliebe.com\\\/wp-content\\\/uploads\\\/2026\\\/03\\\/Grammostola-pulchripes-1.jpg\",\"contentUrl\":\"https:\\\/\\\/insektenliebe.com\\\/wp-content\\\/uploads\\\/2026\\\/03\\\/Grammostola-pulchripes-1.jpg\",\"width\":820,\"height\":820,\"caption\":\"Grammostola pulchripes\"},{\"@type\":\"BreadcrumbList\",\"@id\":\"https:\\\/\\\/insektenliebe.com\\\/it\\\/shop\\\/prodotto\\\/grammostola-pulchripes\\\/#breadcrumb\",\"itemListElement\":[{\"@type\":\"ListItem\",\"position\":1,\"name\":\"Startseite\",\"item\":\"https:\\\/\\\/insektenliebe.com\\\/it\\\/\"},{\"@type\":\"ListItem\",\"position\":2,\"name\":\"Negozio\",\"item\":\"https:\\\/\\\/insektenliebe.com\\\/it\\\/negozio\\\/\"},{\"@type\":\"ListItem\",\"position\":3,\"name\":\"Grammostola pulchripes\"}]},{\"@type\":\"WebSite\",\"@id\":\"https:\\\/\\\/insektenliebe.com\\\/it\\\/#website\",\"url\":\"https:\\\/\\\/insektenliebe.com\\\/it\\\/\",\"name\":\"Insektenliebe\",\"description\":\"Dein Zuhause f\u00fcr die kleinen Lebewesen\",\"publisher\":{\"@id\":\"https:\\\/\\\/insektenliebe.com\\\/it\\\/#organization\"},\"potentialAction\":[{\"@type\":\"SearchAction\",\"target\":{\"@type\":\"EntryPoint\",\"urlTemplate\":\"https:\\\/\\\/insektenliebe.com\\\/it\\\/?s={search_term_string}\"},\"query-input\":{\"@type\":\"PropertyValueSpecification\",\"valueRequired\":true,\"valueName\":\"search_term_string\"}}],\"inLanguage\":\"it-IT\"},{\"@type\":\"Organization\",\"@id\":\"https:\\\/\\\/insektenliebe.com\\\/it\\\/#organization\",\"name\":\"Insektenliebe\",\"url\":\"https:\\\/\\\/insektenliebe.com\\\/it\\\/\",\"logo\":{\"@type\":\"ImageObject\",\"inLanguage\":\"it-IT\",\"@id\":\"https:\\\/\\\/insektenliebe.com\\\/it\\\/#\\\/schema\\\/logo\\\/image\\\/\",\"url\":\"https:\\\/\\\/insektenliebe.com\\\/wp-content\\\/uploads\\\/2025\\\/03\\\/logo-white.png\",\"contentUrl\":\"https:\\\/\\\/insektenliebe.com\\\/wp-content\\\/uploads\\\/2025\\\/03\\\/logo-white.png\",\"width\":288,\"height\":188,\"caption\":\"Insektenliebe\"},\"image\":{\"@id\":\"https:\\\/\\\/insektenliebe.com\\\/it\\\/#\\\/schema\\\/logo\\\/image\\\/\"}}]}<\/script>\n<!-- \/ Yoast SEO plugin. -->","yoast_head_json":{"title":"Grammostola pulchripes - Insektenliebe","description":"Grammostola pulchripes - Tarantola dalle ginocchia dorate proveniente dal Sud America. Informazioni su allevamento, terrario, temperatura, cura e dieta.","robots":{"index":"index","follow":"follow","max-snippet":"max-snippet:-1","max-image-preview":"max-image-preview:large","max-video-preview":"max-video-preview:-1"},"canonical":"https:\/\/insektenliebe.com\/it\/shop\/prodotto\/grammostola-pulchripes\/","og_locale":"it_IT","og_type":"article","og_title":"Grammostola pulchripes - Insektenliebe","og_description":"Grammostola pulchripes - Tarantola dalle ginocchia dorate proveniente dal Sud America. Informazioni su allevamento, terrario, temperatura, cura e dieta.","og_url":"https:\/\/insektenliebe.com\/it\/shop\/prodotto\/grammostola-pulchripes\/","og_site_name":"Insektenliebe","article_modified_time":"2026-03-29T19:24:12+00:00","og_image":[{"width":820,"height":820,"url":"https:\/\/insektenliebe.com\/wp-content\/uploads\/2026\/03\/Grammostola-pulchripes-1.jpg","type":"image\/jpeg"}],"twitter_card":"summary_large_image","twitter_misc":{"Tempo di lettura stimato":"2 minuto"},"schema":{"@context":"https:\/\/schema.org","@graph":[{"@type":"WebPage","@id":"https:\/\/insektenliebe.com\/it\/shop\/prodotto\/grammostola-pulchripes\/","url":"https:\/\/insektenliebe.com\/it\/shop\/prodotto\/grammostola-pulchripes\/","name":"Grammostola pulchripes - Insektenliebe","isPartOf":{"@id":"https:\/\/insektenliebe.com\/it\/#website"},"primaryImageOfPage":{"@id":"https:\/\/insektenliebe.com\/it\/shop\/prodotto\/grammostola-pulchripes\/#primaryimage"},"image":{"@id":"https:\/\/insektenliebe.com\/it\/shop\/prodotto\/grammostola-pulchripes\/#primaryimage"},"thumbnailUrl":"https:\/\/insektenliebe.com\/wp-content\/uploads\/2026\/03\/Grammostola-pulchripes-1.jpg","datePublished":"2026-03-15T11:17:25+00:00","dateModified":"2026-03-29T19:24:12+00:00","description":"Grammostola pulchripes - Tarantola dalle ginocchia dorate proveniente dal Sud America. Informazioni su allevamento, terrario, temperatura, cura e dieta.","breadcrumb":{"@id":"https:\/\/insektenliebe.com\/it\/shop\/prodotto\/grammostola-pulchripes\/#breadcrumb"},"inLanguage":"it-IT","potentialAction":[{"@type":"ReadAction","target":["https:\/\/insektenliebe.com\/it\/shop\/prodotto\/grammostola-pulchripes\/"]}]},{"@type":"ImageObject","inLanguage":"it-IT","@id":"https:\/\/insektenliebe.com\/it\/shop\/prodotto\/grammostola-pulchripes\/#primaryimage","url":"https:\/\/insektenliebe.com\/wp-content\/uploads\/2026\/03\/Grammostola-pulchripes-1.jpg","contentUrl":"https:\/\/insektenliebe.com\/wp-content\/uploads\/2026\/03\/Grammostola-pulchripes-1.jpg","width":820,"height":820,"caption":"Grammostola pulchripes"},{"@type":"BreadcrumbList","@id":"https:\/\/insektenliebe.com\/it\/shop\/prodotto\/grammostola-pulchripes\/#breadcrumb","itemListElement":[{"@type":"ListItem","position":1,"name":"Startseite","item":"https:\/\/insektenliebe.com\/it\/"},{"@type":"ListItem","position":2,"name":"Negozio","item":"https:\/\/insektenliebe.com\/it\/negozio\/"},{"@type":"ListItem","position":3,"name":"Grammostola pulchripes"}]},{"@type":"WebSite","@id":"https:\/\/insektenliebe.com\/it\/#website","url":"https:\/\/insektenliebe.com\/it\/","name":"Insektenliebe","description":"Dein Zuhause f\u00fcr die kleinen Lebewesen","publisher":{"@id":"https:\/\/insektenliebe.com\/it\/#organization"},"potentialAction":[{"@type":"SearchAction","target":{"@type":"EntryPoint","urlTemplate":"https:\/\/insektenliebe.com\/it\/?s={search_term_string}"},"query-input":{"@type":"PropertyValueSpecification","valueRequired":true,"valueName":"search_term_string"}}],"inLanguage":"it-IT"},{"@type":"Organization","@id":"https:\/\/insektenliebe.com\/it\/#organization","name":"Insektenliebe","url":"https:\/\/insektenliebe.com\/it\/","logo":{"@type":"ImageObject","inLanguage":"it-IT","@id":"https:\/\/insektenliebe.com\/it\/#\/schema\/logo\/image\/","url":"https:\/\/insektenliebe.com\/wp-content\/uploads\/2025\/03\/logo-white.png","contentUrl":"https:\/\/insektenliebe.com\/wp-content\/uploads\/2025\/03\/logo-white.png","width":288,"height":188,"caption":"Insektenliebe"},"image":{"@id":"https:\/\/insektenliebe.com\/it\/#\/schema\/logo\/image\/"}}]}},"_links":{"self":[{"href":"https:\/\/insektenliebe.com\/it\/wp-json\/wp\/v2\/product\/194014","targetHints":{"allow":["GET"]}}],"collection":[{"href":"https:\/\/insektenliebe.com\/it\/wp-json\/wp\/v2\/product"}],"about":[{"href":"https:\/\/insektenliebe.com\/it\/wp-json\/wp\/v2\/types\/product"}],"wp:featuredmedia":[{"embeddable":true,"href":"https:\/\/insektenliebe.com\/it\/wp-json\/wp\/v2\/media\/193205"}],"wp:attachment":[{"href":"https:\/\/insektenliebe.com\/it\/wp-json\/wp\/v2\/media?parent=194014"}],"wp:term":[{"taxonomy":"product-supplier","embeddable":true,"href":"https:\/\/insektenliebe.com\/it\/wp-json\/wp\/v2\/product-supplier?post=194014"},{"taxonomy":"product_brand","embeddable":true,"href":"https:\/\/insektenliebe.com\/it\/wp-json\/wp\/v2\/product_brand?post=194014"},{"taxonomy":"product_cat","embeddable":true,"href":"https:\/\/insektenliebe.com\/it\/wp-json\/wp\/v2\/product_cat?post=194014"},{"taxonomy":"product_tag","embeddable":true,"href":"https:\/\/insektenliebe.com\/it\/wp-json\/wp\/v2\/product_tag?post=194014"},{"taxonomy":"lce-checkout-addons","embeddable":true,"href":"https:\/\/insektenliebe.com\/it\/wp-json\/wp\/v2\/lce-checkout-addons?post=194014"}],"curies":[{"name":"wp","href":"https:\/\/api.w.org\/{rel}","templated":true}]}}