{"id":194008,"date":"2026-03-15T11:06:12","date_gmt":"2026-03-15T10:06:12","guid":{"rendered":"https:\/\/insektenliebe.com\/shop\/produkt\/vitalius-chromatus\/"},"modified":"2026-03-21T16:41:31","modified_gmt":"2026-03-21T15:41:31","slug":"vitalius-chromatus","status":"publish","type":"product","link":"https:\/\/insektenliebe.com\/it\/shop\/prodotto\/vitalius-chromatus\/","title":{"rendered":"Vitalius chromatus"},"content":{"rendered":"<h3><span class=\"s1\" style=\"color: #99cc33\">Vitalius chromatus - Specie molto apprezzata dagli allevatori di tarantole<\/span><\/h3>\n<p class=\"p1\"><strong><span class=\"s1\">Vitalius chromatus<\/span><\/strong><span class=\"s2\"> <em>(ex.<\/em> <em>Nhandu chromatus<\/em>) \u00e8 una delle tarantole pi\u00f9 vistose del Sud America. La specie \u00e8 originaria di   <\/span><span class=\"s1\">Brasile<\/span><span class=\"s2\">  e vive nelle regioni tropicali con un clima caldo e un terreno sciolto. Il suo aspetto sorprendente la rende una delle tarantole sudamericane pi\u00f9 popolari nell&#8217;hobby del terrario. <\/span><\/p>\n<p class=\"p1\"><span class=\"s2\">Particolarmente caratteristico \u00e8 il <\/span><span class=\"s1\">forte disegno in bianco e nero<\/span><span class=\"s2\">  delle zampe. Le zampe scure sono caratterizzate da vistose strisce chiare, che creano un disegno molto contrastante. Inoltre, l&#8217;addome \u00e8 solitamente di colore scuro con peli rossastri. Questa combinazione rende     <\/span><strong><span class=\"s1\">Vitalius chromatus<\/span><\/strong><span class=\"s2\"> una specie di tarantola particolarmente attraente.<\/span><\/p>\n<p class=\"p1\"><span class=\"s2\">Gli animali raggiungono una <\/span><span class=\"s1\">lunghezza del corpo di circa 6-7 cm<\/span><span class=\"s2\">  e possono raggiungere una notevole apertura alare. Questo li fa apparire potenti e imponenti nel terrario. <\/span><\/p>\n<p class=\"p1\"><span class=\"s2\">Adatto per essere conservato \u00e8 un <\/span><span class=\"s1\">terrario da terra<\/span><span class=\"s2\">poich\u00e9 questa specie vive principalmente a terra. Un terrario da circa   <\/span><span class=\"s1\">30 \u00d7 30 \u00d7 30 cm<\/span><span class=\"s2\">  offre spazio sufficiente per un animale adulto. Uno strato di substrato sufficientemente alto \u00e8 importante affinch\u00e9 il ragno possa scavare o comunque creare un nascondiglio sicuro. <\/span><\/p>\n<p class=\"p1\"><span class=\"s2\">Un substrato adatto \u00e8 <\/span><span class=\"s1\">substrato scavabile<\/span><span class=\"s2\">ad esempio l&#8217;humus della foresta o un substrato speciale per i ragni degli uccelli. Inoltre, un   <\/span><span class=\"s1\">Tubo o radice di sughero<\/span><span class=\"s2\">  come nascondiglio. Questi rifugi danno al ragno sicurezza e riducono lo stress. <\/span><\/p>\n<p class=\"p1\"><span class=\"s2\">Le temperature nel terrario possono essere comprese tra <\/span><span class=\"s1\">24 \u00b0C e 28 \u00b0C<\/span><span class=\"s2\">  mentire. Uno  <\/span><span class=\"s1\">Un leggero aumento dell&#8217;umidit\u00e0<\/span><span class=\"s2\"> favorisce il benessere degli animali, ma i ristagni d&#8217;acqua devono essere evitati a tutti i costi.<\/span><\/p>\n<p class=\"p1\"><span class=\"s2\">Si nutre di <\/span><strong><span class=\"s1\">Vitalius chromatus<\/span><\/strong><span class=\"s2\"> con insetti adatti <\/span><span class=\"s1\">insetti nutritivi<\/span><span class=\"s2\">  come grilli, scarafaggi o cavallette. Agli animali giovani vengono date prede pi\u00f9 piccole. <\/span><\/p>\n<p class=\"p1\"><span class=\"s2\">Come molte altre tarantole sudamericane, anche questa specie \u00e8 dotata di <\/span><span class=\"s1\">peli urticanti<\/span><span class=\"s2\">che pu\u00f2 spargere in caso di minaccia. \u00c8 quindi necessario procedere con cautela quando si lavora nel terrario ed evitare inutili stress. <\/span><\/p>\n<p class=\"p1\"><span class=\"s2\">Grazie al suo impressionante motivo a contrasto e alla sua natura robusta <\/span><strong><span class=\"s1\">Vitalius chromatus<\/span><\/strong><span class=\"s2\"> \u00e8 una delle tarantole pi\u00f9 popolari nell&#8217;hobby del terrario ed \u00e8 la preferita sia dai principianti che dagli esperti.<\/span><\/p>\n","protected":false},"excerpt":{"rendered":"<p>Vitalius chromatus - Specie molto apprezzata dagli allevatori di tarantole Vitalius chromatus (ex. Nhandu chromatus) \u00e8 una delle tarantole pi\u00f9 vistose del Sud America. La specie \u00e8 originaria di Brasile e vive nelle regioni tropicali con un clima caldo e un terreno sciolto. Il suo aspetto sorprendente la rende una delle tarantole sudamericane pi\u00f9 popolari [&hellip;]<\/p>\n","protected":false},"featured_media":194031,"template":"","meta":{"_acf_changed":false},"product-supplier":[],"product_brand":[],"product_cat":[3004],"product_tag":[],"lce-checkout-addons":[2746],"class_list":{"0":"post-194008","1":"product","2":"type-product","3":"status-publish","4":"has-post-thumbnail","6":"product_cat-tarantole","7":"product_shipping_class-spedizione-di-animali","8":"pa_geschlecht-donna","9":"pa_geschlecht-indeterminato","10":"pa_geschlecht-uomo","11":"pa_herkunft-brasile","12":"pa_kontinent-sud-america","13":"lce-checkout-addons-imballaggio-invernale","15":"first","16":"instock","17":"taxable","18":"shipping-taxable","19":"purchasable","20":"product-type-variable"},"acf":[],"yoast_head":"<!-- This site is optimized with the Yoast SEO plugin v27.3 - https:\/\/yoast.com\/product\/yoast-seo-wordpress\/ -->\n<title>Vitalius chromatus - Insektenliebe<\/title>\n<meta name=\"description\" content=\"Vitalius chromatus - imponente tarantola del Brasile con marcature ad alto contrasto. Informazioni su allevamento, terrario, temperatura, cura e alimentazione.\" \/>\n<meta name=\"robots\" content=\"index, follow, max-snippet:-1, max-image-preview:large, max-video-preview:-1\" \/>\n<link rel=\"canonical\" href=\"https:\/\/insektenliebe.com\/it\/shop\/prodotto\/vitalius-chromatus\/\" \/>\n<meta property=\"og:locale\" content=\"it_IT\" \/>\n<meta property=\"og:type\" content=\"article\" \/>\n<meta property=\"og:title\" content=\"Vitalius chromatus - Insektenliebe\" \/>\n<meta property=\"og:description\" content=\"Vitalius chromatus - imponente tarantola del Brasile con marcature ad alto contrasto. Informazioni su allevamento, terrario, temperatura, cura e alimentazione.\" \/>\n<meta property=\"og:url\" content=\"https:\/\/insektenliebe.com\/it\/shop\/prodotto\/vitalius-chromatus\/\" \/>\n<meta property=\"og:site_name\" content=\"Insektenliebe\" \/>\n<meta property=\"article:modified_time\" content=\"2026-03-21T15:41:31+00:00\" \/>\n<meta property=\"og:image\" content=\"https:\/\/insektenliebe.com\/wp-content\/uploads\/2026\/03\/Vitalius-chromatus-Produktfoto.jpg\" \/>\n\t<meta property=\"og:image:width\" content=\"820\" \/>\n\t<meta property=\"og:image:height\" content=\"820\" \/>\n\t<meta property=\"og:image:type\" content=\"image\/jpeg\" \/>\n<meta name=\"twitter:card\" content=\"summary_large_image\" \/>\n<meta name=\"twitter:label1\" content=\"Tempo di lettura stimato\" \/>\n\t<meta name=\"twitter:data1\" content=\"2 minuto\" \/>\n<script type=\"application\/ld+json\" class=\"yoast-schema-graph\">{\"@context\":\"https:\\\/\\\/schema.org\",\"@graph\":[{\"@type\":\"WebPage\",\"@id\":\"https:\\\/\\\/insektenliebe.com\\\/it\\\/shop\\\/prodotto\\\/vitalius-chromatus\\\/\",\"url\":\"https:\\\/\\\/insektenliebe.com\\\/it\\\/shop\\\/prodotto\\\/vitalius-chromatus\\\/\",\"name\":\"Vitalius chromatus - Insektenliebe\",\"isPartOf\":{\"@id\":\"https:\\\/\\\/insektenliebe.com\\\/it\\\/#website\"},\"primaryImageOfPage\":{\"@id\":\"https:\\\/\\\/insektenliebe.com\\\/it\\\/shop\\\/prodotto\\\/vitalius-chromatus\\\/#primaryimage\"},\"image\":{\"@id\":\"https:\\\/\\\/insektenliebe.com\\\/it\\\/shop\\\/prodotto\\\/vitalius-chromatus\\\/#primaryimage\"},\"thumbnailUrl\":\"https:\\\/\\\/insektenliebe.com\\\/wp-content\\\/uploads\\\/2026\\\/03\\\/Vitalius-chromatus-Produktfoto.jpg\",\"datePublished\":\"2026-03-15T10:06:12+00:00\",\"dateModified\":\"2026-03-21T15:41:31+00:00\",\"description\":\"Vitalius chromatus - imponente tarantola del Brasile con marcature ad alto contrasto. Informazioni su allevamento, terrario, temperatura, cura e alimentazione.\",\"breadcrumb\":{\"@id\":\"https:\\\/\\\/insektenliebe.com\\\/it\\\/shop\\\/prodotto\\\/vitalius-chromatus\\\/#breadcrumb\"},\"inLanguage\":\"it-IT\",\"potentialAction\":[{\"@type\":\"ReadAction\",\"target\":[\"https:\\\/\\\/insektenliebe.com\\\/it\\\/shop\\\/prodotto\\\/vitalius-chromatus\\\/\"]}]},{\"@type\":\"ImageObject\",\"inLanguage\":\"it-IT\",\"@id\":\"https:\\\/\\\/insektenliebe.com\\\/it\\\/shop\\\/prodotto\\\/vitalius-chromatus\\\/#primaryimage\",\"url\":\"https:\\\/\\\/insektenliebe.com\\\/wp-content\\\/uploads\\\/2026\\\/03\\\/Vitalius-chromatus-Produktfoto.jpg\",\"contentUrl\":\"https:\\\/\\\/insektenliebe.com\\\/wp-content\\\/uploads\\\/2026\\\/03\\\/Vitalius-chromatus-Produktfoto.jpg\",\"width\":820,\"height\":820,\"caption\":\"Vitalius chromatus foto del prodotto\"},{\"@type\":\"BreadcrumbList\",\"@id\":\"https:\\\/\\\/insektenliebe.com\\\/it\\\/shop\\\/prodotto\\\/vitalius-chromatus\\\/#breadcrumb\",\"itemListElement\":[{\"@type\":\"ListItem\",\"position\":1,\"name\":\"Startseite\",\"item\":\"https:\\\/\\\/insektenliebe.com\\\/it\\\/\"},{\"@type\":\"ListItem\",\"position\":2,\"name\":\"Negozio\",\"item\":\"https:\\\/\\\/insektenliebe.com\\\/it\\\/negozio\\\/\"},{\"@type\":\"ListItem\",\"position\":3,\"name\":\"Vitalius chromatus\"}]},{\"@type\":\"WebSite\",\"@id\":\"https:\\\/\\\/insektenliebe.com\\\/it\\\/#website\",\"url\":\"https:\\\/\\\/insektenliebe.com\\\/it\\\/\",\"name\":\"Insektenliebe\",\"description\":\"Dein Zuhause f\u00fcr die kleinen Lebewesen\",\"publisher\":{\"@id\":\"https:\\\/\\\/insektenliebe.com\\\/it\\\/#organization\"},\"potentialAction\":[{\"@type\":\"SearchAction\",\"target\":{\"@type\":\"EntryPoint\",\"urlTemplate\":\"https:\\\/\\\/insektenliebe.com\\\/it\\\/?s={search_term_string}\"},\"query-input\":{\"@type\":\"PropertyValueSpecification\",\"valueRequired\":true,\"valueName\":\"search_term_string\"}}],\"inLanguage\":\"it-IT\"},{\"@type\":\"Organization\",\"@id\":\"https:\\\/\\\/insektenliebe.com\\\/it\\\/#organization\",\"name\":\"Insektenliebe\",\"url\":\"https:\\\/\\\/insektenliebe.com\\\/it\\\/\",\"logo\":{\"@type\":\"ImageObject\",\"inLanguage\":\"it-IT\",\"@id\":\"https:\\\/\\\/insektenliebe.com\\\/it\\\/#\\\/schema\\\/logo\\\/image\\\/\",\"url\":\"https:\\\/\\\/insektenliebe.com\\\/wp-content\\\/uploads\\\/2025\\\/03\\\/logo-white.png\",\"contentUrl\":\"https:\\\/\\\/insektenliebe.com\\\/wp-content\\\/uploads\\\/2025\\\/03\\\/logo-white.png\",\"width\":288,\"height\":188,\"caption\":\"Insektenliebe\"},\"image\":{\"@id\":\"https:\\\/\\\/insektenliebe.com\\\/it\\\/#\\\/schema\\\/logo\\\/image\\\/\"}}]}<\/script>\n<!-- \/ Yoast SEO plugin. -->","yoast_head_json":{"title":"Vitalius chromatus - Insektenliebe","description":"Vitalius chromatus - imponente tarantola del Brasile con marcature ad alto contrasto. Informazioni su allevamento, terrario, temperatura, cura e alimentazione.","robots":{"index":"index","follow":"follow","max-snippet":"max-snippet:-1","max-image-preview":"max-image-preview:large","max-video-preview":"max-video-preview:-1"},"canonical":"https:\/\/insektenliebe.com\/it\/shop\/prodotto\/vitalius-chromatus\/","og_locale":"it_IT","og_type":"article","og_title":"Vitalius chromatus - Insektenliebe","og_description":"Vitalius chromatus - imponente tarantola del Brasile con marcature ad alto contrasto. Informazioni su allevamento, terrario, temperatura, cura e alimentazione.","og_url":"https:\/\/insektenliebe.com\/it\/shop\/prodotto\/vitalius-chromatus\/","og_site_name":"Insektenliebe","article_modified_time":"2026-03-21T15:41:31+00:00","og_image":[{"width":820,"height":820,"url":"https:\/\/insektenliebe.com\/wp-content\/uploads\/2026\/03\/Vitalius-chromatus-Produktfoto.jpg","type":"image\/jpeg"}],"twitter_card":"summary_large_image","twitter_misc":{"Tempo di lettura stimato":"2 minuto"},"schema":{"@context":"https:\/\/schema.org","@graph":[{"@type":"WebPage","@id":"https:\/\/insektenliebe.com\/it\/shop\/prodotto\/vitalius-chromatus\/","url":"https:\/\/insektenliebe.com\/it\/shop\/prodotto\/vitalius-chromatus\/","name":"Vitalius chromatus - Insektenliebe","isPartOf":{"@id":"https:\/\/insektenliebe.com\/it\/#website"},"primaryImageOfPage":{"@id":"https:\/\/insektenliebe.com\/it\/shop\/prodotto\/vitalius-chromatus\/#primaryimage"},"image":{"@id":"https:\/\/insektenliebe.com\/it\/shop\/prodotto\/vitalius-chromatus\/#primaryimage"},"thumbnailUrl":"https:\/\/insektenliebe.com\/wp-content\/uploads\/2026\/03\/Vitalius-chromatus-Produktfoto.jpg","datePublished":"2026-03-15T10:06:12+00:00","dateModified":"2026-03-21T15:41:31+00:00","description":"Vitalius chromatus - imponente tarantola del Brasile con marcature ad alto contrasto. Informazioni su allevamento, terrario, temperatura, cura e alimentazione.","breadcrumb":{"@id":"https:\/\/insektenliebe.com\/it\/shop\/prodotto\/vitalius-chromatus\/#breadcrumb"},"inLanguage":"it-IT","potentialAction":[{"@type":"ReadAction","target":["https:\/\/insektenliebe.com\/it\/shop\/prodotto\/vitalius-chromatus\/"]}]},{"@type":"ImageObject","inLanguage":"it-IT","@id":"https:\/\/insektenliebe.com\/it\/shop\/prodotto\/vitalius-chromatus\/#primaryimage","url":"https:\/\/insektenliebe.com\/wp-content\/uploads\/2026\/03\/Vitalius-chromatus-Produktfoto.jpg","contentUrl":"https:\/\/insektenliebe.com\/wp-content\/uploads\/2026\/03\/Vitalius-chromatus-Produktfoto.jpg","width":820,"height":820,"caption":"Vitalius chromatus foto del prodotto"},{"@type":"BreadcrumbList","@id":"https:\/\/insektenliebe.com\/it\/shop\/prodotto\/vitalius-chromatus\/#breadcrumb","itemListElement":[{"@type":"ListItem","position":1,"name":"Startseite","item":"https:\/\/insektenliebe.com\/it\/"},{"@type":"ListItem","position":2,"name":"Negozio","item":"https:\/\/insektenliebe.com\/it\/negozio\/"},{"@type":"ListItem","position":3,"name":"Vitalius chromatus"}]},{"@type":"WebSite","@id":"https:\/\/insektenliebe.com\/it\/#website","url":"https:\/\/insektenliebe.com\/it\/","name":"Insektenliebe","description":"Dein Zuhause f\u00fcr die kleinen Lebewesen","publisher":{"@id":"https:\/\/insektenliebe.com\/it\/#organization"},"potentialAction":[{"@type":"SearchAction","target":{"@type":"EntryPoint","urlTemplate":"https:\/\/insektenliebe.com\/it\/?s={search_term_string}"},"query-input":{"@type":"PropertyValueSpecification","valueRequired":true,"valueName":"search_term_string"}}],"inLanguage":"it-IT"},{"@type":"Organization","@id":"https:\/\/insektenliebe.com\/it\/#organization","name":"Insektenliebe","url":"https:\/\/insektenliebe.com\/it\/","logo":{"@type":"ImageObject","inLanguage":"it-IT","@id":"https:\/\/insektenliebe.com\/it\/#\/schema\/logo\/image\/","url":"https:\/\/insektenliebe.com\/wp-content\/uploads\/2025\/03\/logo-white.png","contentUrl":"https:\/\/insektenliebe.com\/wp-content\/uploads\/2025\/03\/logo-white.png","width":288,"height":188,"caption":"Insektenliebe"},"image":{"@id":"https:\/\/insektenliebe.com\/it\/#\/schema\/logo\/image\/"}}]}},"_links":{"self":[{"href":"https:\/\/insektenliebe.com\/it\/wp-json\/wp\/v2\/product\/194008","targetHints":{"allow":["GET"]}}],"collection":[{"href":"https:\/\/insektenliebe.com\/it\/wp-json\/wp\/v2\/product"}],"about":[{"href":"https:\/\/insektenliebe.com\/it\/wp-json\/wp\/v2\/types\/product"}],"wp:featuredmedia":[{"embeddable":true,"href":"https:\/\/insektenliebe.com\/it\/wp-json\/wp\/v2\/media\/194031"}],"wp:attachment":[{"href":"https:\/\/insektenliebe.com\/it\/wp-json\/wp\/v2\/media?parent=194008"}],"wp:term":[{"taxonomy":"product-supplier","embeddable":true,"href":"https:\/\/insektenliebe.com\/it\/wp-json\/wp\/v2\/product-supplier?post=194008"},{"taxonomy":"product_brand","embeddable":true,"href":"https:\/\/insektenliebe.com\/it\/wp-json\/wp\/v2\/product_brand?post=194008"},{"taxonomy":"product_cat","embeddable":true,"href":"https:\/\/insektenliebe.com\/it\/wp-json\/wp\/v2\/product_cat?post=194008"},{"taxonomy":"product_tag","embeddable":true,"href":"https:\/\/insektenliebe.com\/it\/wp-json\/wp\/v2\/product_tag?post=194008"},{"taxonomy":"lce-checkout-addons","embeddable":true,"href":"https:\/\/insektenliebe.com\/it\/wp-json\/wp\/v2\/lce-checkout-addons?post=194008"}],"curies":[{"name":"wp","href":"https:\/\/api.w.org\/{rel}","templated":true}]}}