{"id":193962,"date":"2026-03-15T10:43:15","date_gmt":"2026-03-15T09:43:15","guid":{"rendered":"https:\/\/insektenliebe.com\/shop\/produkt\/davus-pentaloris\/"},"modified":"2026-03-29T23:35:40","modified_gmt":"2026-03-29T21:35:40","slug":"davus-pentaloris","status":"publish","type":"product","link":"https:\/\/insektenliebe.com\/it\/shop\/prodotto\/davus-pentaloris\/","title":{"rendered":"Davus pentaloris"},"content":{"rendered":"<h3><span class=\"s1\" style=\"color: #99cc33\">Davus pentaloris - La coloratissima tarantola nana<\/span><\/h3>\n<p class=\"p1\"><strong><span class=\"s1\">Davus pentaloris<\/span><\/strong><span class=\"s2\"> \u00e8 una delle pi\u00f9 popolari <\/span><span class=\"s1\">tarantole nane<\/span><span class=\"s2\">  nell&#8217;hobby del terrario. Nonostante le sue dimensioni piuttosto ridotte, questa specie colpisce per la sua   <\/span><span class=\"s1\">un&#8217;impressionante combinazione di colori<\/span><span class=\"s2\"> e un comportamento molto interessante.<\/span><\/p>\n<p class=\"p1\"><span class=\"s2\">Gli animali hanno una colorazione di base scura con <\/span><span class=\"s1\">segmenti delle zampe da arancioni a rossastri<\/span><span class=\"s2\">  e marcature ad alto contrasto sul corpo. In questo modo il ragno appare particolarmente vivace nel terrario e si distingue chiaramente dal substrato. <\/span><\/p>\n<p class=\"p1\"><span class=\"s2\">Con una lunghezza del corpo di circa <\/span><span class=\"s1\">3 o 4 cm<\/span><span class=\"s2\"> e una lunghezza delle zampe di circa <\/span><span class=\"s1\">7-9 cm<\/span><span class=\"s2\"> conta <\/span><strong><span class=\"s1\">Davus pentaloris<\/span><\/strong><span class=\"s2\">  \u00e8 una delle specie di tarantola pi\u00f9 piccole. Proprio per questo motivo questa specie \u00e8 ideale per   <\/span><span class=\"s1\">Terrari compatti<\/span><span class=\"s2\">.<\/span><\/p>\n<p class=\"p1\"><span class=\"s2\">Si consiglia di tenere un terrario <\/span><span class=\"s1\">Terrario da circa 20 \u00d7 20 \u00d7 20 cm<\/span><span class=\"s2\">. Naturalmente \u00e8 possibile utilizzare anche terrari pi\u00f9 grandi, ma gli animali si sentono molto a loro agio anche in vasche pi\u00f9 piccole. Importante \u00e8 un   <\/span><span class=\"s1\">un substrato strutturato<\/span><span class=\"s2\">in modo che il ragno possa creare i suoi tipici rifugi.<\/span><\/p>\n<p class=\"p1\"><span class=\"s2\">Un substrato adatto \u00e8 <\/span><span class=\"s1\">un terreno adatto allo scavo<\/span><span class=\"s2\">ad esempio, una miscela di humus forestale o il nostro substrato per tarantole. Uno   <\/span><span class=\"s1\">L&#8217;altezza del substrato di circa 5-10 cm<\/span><span class=\"s2\"> ha dimostrato la sua validit\u00e0, in quanto gli animali occasionalmente scavano.<\/span><\/p>\n<p class=\"p1\"><span class=\"s2\">Inoltre, una <\/span><span class=\"s1\">cavit\u00e0 della corteccia o un pezzo di corteccia di sughero<\/span><span class=\"s2\">  sono offerti. Questi nascondigli sono prontamente accettati dal ragno e spesso sono anche rivestiti da una fettuccia. <\/span><\/p>\n<p class=\"p1\"><span class=\"s2\">Le temperature possono variare tra <\/span><span class=\"s1\">22 e 26 \u00b0C<\/span><span class=\"s2\">  mentire. Allo stesso tempo, gli animali si sentono a proprio agio  <\/span><span class=\"s1\">umidit\u00e0 moderata, intorno al 60-70%<\/span><span class=\"s2\">  particolarmente bene. Una leggera umidificazione dell&#8217;area del terrario \u00e8 di solito sufficiente.<\/span><\/p>\n<p class=\"p1\"><span class=\"s2\">Il cibo adatto \u00e8 <\/span><span class=\"s1\">insetti pi\u00f9 piccoli<\/span><span class=\"s2\">  come grilli, piccoli scarafaggi o altri animali adatti al cibo. Il ragno cattura le sue prede in modo molto affidabile e mostra un tipico comportamento di caccia veloce. <\/span><\/p>\n<p class=\"p1\"><strong><span class=\"s1\">Davus pentaloris<\/span><\/strong><span class=\"s2\"> \u00e8 generalmente considerata una <\/span><span class=\"s1\">robusta e relativamente facile da curare.<\/span><span class=\"s2\">. Grazie alle sue dimensioni compatte, alla sua bellissima colorazione e al suo comportamento entusiasmante, \u00e8 una delle specie pi\u00f9 interessanti per i terrariofili che desiderano un  <\/span><span class=\"s1\">tarantola pi\u00f9 piccola, ma comunque appariscente<\/span><span class=\"s2\"> che vorrebbe tenere.<\/span><\/p>\n","protected":false},"excerpt":{"rendered":"<p>Davus pentaloris - La coloratissima tarantola nana Davus pentaloris \u00e8 una delle pi\u00f9 popolari tarantole nane nell&#8217;hobby del terrario. Nonostante le sue dimensioni piuttosto ridotte, questa specie colpisce per la sua un&#8217;impressionante combinazione di colori e un comportamento molto interessante. Gli animali hanno una colorazione di base scura con segmenti delle zampe da arancioni a [&hellip;]<\/p>\n","protected":false},"featured_media":193974,"template":"","meta":{"_acf_changed":false},"product-supplier":[],"product_brand":[],"product_cat":[3004],"product_tag":[],"lce-checkout-addons":[2746],"class_list":{"0":"post-193962","1":"product","2":"type-product","3":"status-publish","4":"has-post-thumbnail","6":"product_cat-tarantole","7":"product_shipping_class-spedizione-di-animali","8":"pa_geschlecht-donna","9":"pa_geschlecht-indeterminato","10":"pa_geschlecht-uomo","11":"pa_herkunft-guatemala","12":"pa_kontinent-nord-america","13":"lce-checkout-addons-imballaggio-invernale","15":"first","16":"instock","17":"taxable","18":"shipping-taxable","19":"purchasable","20":"product-type-variable"},"acf":[],"yoast_head":"<!-- This site is optimized with the Yoast SEO plugin v27.3 - https:\/\/yoast.com\/product\/yoast-seo-wordpress\/ -->\n<title>Davus pentaloris - Insektenliebe<\/title>\n<meta name=\"description\" content=\"Davus pentaloris - coloratissima tarantola nana dell&#039;America Centrale. Informazioni su allevamento, terrario, temperatura, umidit\u00e0 e alimentazione.\" \/>\n<meta name=\"robots\" content=\"index, follow, max-snippet:-1, max-image-preview:large, max-video-preview:-1\" \/>\n<link rel=\"canonical\" href=\"https:\/\/insektenliebe.com\/it\/shop\/prodotto\/davus-pentaloris\/\" \/>\n<meta property=\"og:locale\" content=\"it_IT\" \/>\n<meta property=\"og:type\" content=\"article\" \/>\n<meta property=\"og:title\" content=\"Davus pentaloris - Insektenliebe\" \/>\n<meta property=\"og:description\" content=\"Davus pentaloris - coloratissima tarantola nana dell&#039;America Centrale. Informazioni su allevamento, terrario, temperatura, umidit\u00e0 e alimentazione.\" \/>\n<meta property=\"og:url\" content=\"https:\/\/insektenliebe.com\/it\/shop\/prodotto\/davus-pentaloris\/\" \/>\n<meta property=\"og:site_name\" content=\"Insektenliebe\" \/>\n<meta property=\"article:modified_time\" content=\"2026-03-29T21:35:40+00:00\" \/>\n<meta property=\"og:image\" content=\"https:\/\/insektenliebe.com\/wp-content\/uploads\/2026\/03\/Davus-pentaloris.jpg\" \/>\n\t<meta property=\"og:image:width\" content=\"820\" \/>\n\t<meta property=\"og:image:height\" content=\"820\" \/>\n\t<meta property=\"og:image:type\" content=\"image\/jpeg\" \/>\n<meta name=\"twitter:card\" content=\"summary_large_image\" \/>\n<meta name=\"twitter:label1\" content=\"Tempo di lettura stimato\" \/>\n\t<meta name=\"twitter:data1\" content=\"2 minuto\" \/>\n<script type=\"application\/ld+json\" class=\"yoast-schema-graph\">{\"@context\":\"https:\\\/\\\/schema.org\",\"@graph\":[{\"@type\":\"WebPage\",\"@id\":\"https:\\\/\\\/insektenliebe.com\\\/it\\\/shop\\\/prodotto\\\/davus-pentaloris\\\/\",\"url\":\"https:\\\/\\\/insektenliebe.com\\\/it\\\/shop\\\/prodotto\\\/davus-pentaloris\\\/\",\"name\":\"Davus pentaloris - Insektenliebe\",\"isPartOf\":{\"@id\":\"https:\\\/\\\/insektenliebe.com\\\/it\\\/#website\"},\"primaryImageOfPage\":{\"@id\":\"https:\\\/\\\/insektenliebe.com\\\/it\\\/shop\\\/prodotto\\\/davus-pentaloris\\\/#primaryimage\"},\"image\":{\"@id\":\"https:\\\/\\\/insektenliebe.com\\\/it\\\/shop\\\/prodotto\\\/davus-pentaloris\\\/#primaryimage\"},\"thumbnailUrl\":\"https:\\\/\\\/insektenliebe.com\\\/wp-content\\\/uploads\\\/2026\\\/03\\\/Davus-pentaloris.jpg\",\"datePublished\":\"2026-03-15T09:43:15+00:00\",\"dateModified\":\"2026-03-29T21:35:40+00:00\",\"description\":\"Davus pentaloris - coloratissima tarantola nana dell'America Centrale. Informazioni su allevamento, terrario, temperatura, umidit\u00e0 e alimentazione.\",\"breadcrumb\":{\"@id\":\"https:\\\/\\\/insektenliebe.com\\\/it\\\/shop\\\/prodotto\\\/davus-pentaloris\\\/#breadcrumb\"},\"inLanguage\":\"it-IT\",\"potentialAction\":[{\"@type\":\"ReadAction\",\"target\":[\"https:\\\/\\\/insektenliebe.com\\\/it\\\/shop\\\/prodotto\\\/davus-pentaloris\\\/\"]}]},{\"@type\":\"ImageObject\",\"inLanguage\":\"it-IT\",\"@id\":\"https:\\\/\\\/insektenliebe.com\\\/it\\\/shop\\\/prodotto\\\/davus-pentaloris\\\/#primaryimage\",\"url\":\"https:\\\/\\\/insektenliebe.com\\\/wp-content\\\/uploads\\\/2026\\\/03\\\/Davus-pentaloris.jpg\",\"contentUrl\":\"https:\\\/\\\/insektenliebe.com\\\/wp-content\\\/uploads\\\/2026\\\/03\\\/Davus-pentaloris.jpg\",\"width\":820,\"height\":820,\"caption\":\"Davus pentaloris\"},{\"@type\":\"BreadcrumbList\",\"@id\":\"https:\\\/\\\/insektenliebe.com\\\/it\\\/shop\\\/prodotto\\\/davus-pentaloris\\\/#breadcrumb\",\"itemListElement\":[{\"@type\":\"ListItem\",\"position\":1,\"name\":\"Startseite\",\"item\":\"https:\\\/\\\/insektenliebe.com\\\/it\\\/\"},{\"@type\":\"ListItem\",\"position\":2,\"name\":\"Negozio\",\"item\":\"https:\\\/\\\/insektenliebe.com\\\/it\\\/negozio\\\/\"},{\"@type\":\"ListItem\",\"position\":3,\"name\":\"Davus pentaloris\"}]},{\"@type\":\"WebSite\",\"@id\":\"https:\\\/\\\/insektenliebe.com\\\/it\\\/#website\",\"url\":\"https:\\\/\\\/insektenliebe.com\\\/it\\\/\",\"name\":\"Insektenliebe\",\"description\":\"Dein Zuhause f\u00fcr die kleinen Lebewesen\",\"publisher\":{\"@id\":\"https:\\\/\\\/insektenliebe.com\\\/it\\\/#organization\"},\"potentialAction\":[{\"@type\":\"SearchAction\",\"target\":{\"@type\":\"EntryPoint\",\"urlTemplate\":\"https:\\\/\\\/insektenliebe.com\\\/it\\\/?s={search_term_string}\"},\"query-input\":{\"@type\":\"PropertyValueSpecification\",\"valueRequired\":true,\"valueName\":\"search_term_string\"}}],\"inLanguage\":\"it-IT\"},{\"@type\":\"Organization\",\"@id\":\"https:\\\/\\\/insektenliebe.com\\\/it\\\/#organization\",\"name\":\"Insektenliebe\",\"url\":\"https:\\\/\\\/insektenliebe.com\\\/it\\\/\",\"logo\":{\"@type\":\"ImageObject\",\"inLanguage\":\"it-IT\",\"@id\":\"https:\\\/\\\/insektenliebe.com\\\/it\\\/#\\\/schema\\\/logo\\\/image\\\/\",\"url\":\"https:\\\/\\\/insektenliebe.com\\\/wp-content\\\/uploads\\\/2025\\\/03\\\/logo-white.png\",\"contentUrl\":\"https:\\\/\\\/insektenliebe.com\\\/wp-content\\\/uploads\\\/2025\\\/03\\\/logo-white.png\",\"width\":288,\"height\":188,\"caption\":\"Insektenliebe\"},\"image\":{\"@id\":\"https:\\\/\\\/insektenliebe.com\\\/it\\\/#\\\/schema\\\/logo\\\/image\\\/\"}}]}<\/script>\n<!-- \/ Yoast SEO plugin. -->","yoast_head_json":{"title":"Davus pentaloris - Insektenliebe","description":"Davus pentaloris - coloratissima tarantola nana dell'America Centrale. Informazioni su allevamento, terrario, temperatura, umidit\u00e0 e alimentazione.","robots":{"index":"index","follow":"follow","max-snippet":"max-snippet:-1","max-image-preview":"max-image-preview:large","max-video-preview":"max-video-preview:-1"},"canonical":"https:\/\/insektenliebe.com\/it\/shop\/prodotto\/davus-pentaloris\/","og_locale":"it_IT","og_type":"article","og_title":"Davus pentaloris - Insektenliebe","og_description":"Davus pentaloris - coloratissima tarantola nana dell'America Centrale. Informazioni su allevamento, terrario, temperatura, umidit\u00e0 e alimentazione.","og_url":"https:\/\/insektenliebe.com\/it\/shop\/prodotto\/davus-pentaloris\/","og_site_name":"Insektenliebe","article_modified_time":"2026-03-29T21:35:40+00:00","og_image":[{"width":820,"height":820,"url":"https:\/\/insektenliebe.com\/wp-content\/uploads\/2026\/03\/Davus-pentaloris.jpg","type":"image\/jpeg"}],"twitter_card":"summary_large_image","twitter_misc":{"Tempo di lettura stimato":"2 minuto"},"schema":{"@context":"https:\/\/schema.org","@graph":[{"@type":"WebPage","@id":"https:\/\/insektenliebe.com\/it\/shop\/prodotto\/davus-pentaloris\/","url":"https:\/\/insektenliebe.com\/it\/shop\/prodotto\/davus-pentaloris\/","name":"Davus pentaloris - Insektenliebe","isPartOf":{"@id":"https:\/\/insektenliebe.com\/it\/#website"},"primaryImageOfPage":{"@id":"https:\/\/insektenliebe.com\/it\/shop\/prodotto\/davus-pentaloris\/#primaryimage"},"image":{"@id":"https:\/\/insektenliebe.com\/it\/shop\/prodotto\/davus-pentaloris\/#primaryimage"},"thumbnailUrl":"https:\/\/insektenliebe.com\/wp-content\/uploads\/2026\/03\/Davus-pentaloris.jpg","datePublished":"2026-03-15T09:43:15+00:00","dateModified":"2026-03-29T21:35:40+00:00","description":"Davus pentaloris - coloratissima tarantola nana dell'America Centrale. Informazioni su allevamento, terrario, temperatura, umidit\u00e0 e alimentazione.","breadcrumb":{"@id":"https:\/\/insektenliebe.com\/it\/shop\/prodotto\/davus-pentaloris\/#breadcrumb"},"inLanguage":"it-IT","potentialAction":[{"@type":"ReadAction","target":["https:\/\/insektenliebe.com\/it\/shop\/prodotto\/davus-pentaloris\/"]}]},{"@type":"ImageObject","inLanguage":"it-IT","@id":"https:\/\/insektenliebe.com\/it\/shop\/prodotto\/davus-pentaloris\/#primaryimage","url":"https:\/\/insektenliebe.com\/wp-content\/uploads\/2026\/03\/Davus-pentaloris.jpg","contentUrl":"https:\/\/insektenliebe.com\/wp-content\/uploads\/2026\/03\/Davus-pentaloris.jpg","width":820,"height":820,"caption":"Davus pentaloris"},{"@type":"BreadcrumbList","@id":"https:\/\/insektenliebe.com\/it\/shop\/prodotto\/davus-pentaloris\/#breadcrumb","itemListElement":[{"@type":"ListItem","position":1,"name":"Startseite","item":"https:\/\/insektenliebe.com\/it\/"},{"@type":"ListItem","position":2,"name":"Negozio","item":"https:\/\/insektenliebe.com\/it\/negozio\/"},{"@type":"ListItem","position":3,"name":"Davus pentaloris"}]},{"@type":"WebSite","@id":"https:\/\/insektenliebe.com\/it\/#website","url":"https:\/\/insektenliebe.com\/it\/","name":"Insektenliebe","description":"Dein Zuhause f\u00fcr die kleinen Lebewesen","publisher":{"@id":"https:\/\/insektenliebe.com\/it\/#organization"},"potentialAction":[{"@type":"SearchAction","target":{"@type":"EntryPoint","urlTemplate":"https:\/\/insektenliebe.com\/it\/?s={search_term_string}"},"query-input":{"@type":"PropertyValueSpecification","valueRequired":true,"valueName":"search_term_string"}}],"inLanguage":"it-IT"},{"@type":"Organization","@id":"https:\/\/insektenliebe.com\/it\/#organization","name":"Insektenliebe","url":"https:\/\/insektenliebe.com\/it\/","logo":{"@type":"ImageObject","inLanguage":"it-IT","@id":"https:\/\/insektenliebe.com\/it\/#\/schema\/logo\/image\/","url":"https:\/\/insektenliebe.com\/wp-content\/uploads\/2025\/03\/logo-white.png","contentUrl":"https:\/\/insektenliebe.com\/wp-content\/uploads\/2025\/03\/logo-white.png","width":288,"height":188,"caption":"Insektenliebe"},"image":{"@id":"https:\/\/insektenliebe.com\/it\/#\/schema\/logo\/image\/"}}]}},"_links":{"self":[{"href":"https:\/\/insektenliebe.com\/it\/wp-json\/wp\/v2\/product\/193962","targetHints":{"allow":["GET"]}}],"collection":[{"href":"https:\/\/insektenliebe.com\/it\/wp-json\/wp\/v2\/product"}],"about":[{"href":"https:\/\/insektenliebe.com\/it\/wp-json\/wp\/v2\/types\/product"}],"wp:featuredmedia":[{"embeddable":true,"href":"https:\/\/insektenliebe.com\/it\/wp-json\/wp\/v2\/media\/193974"}],"wp:attachment":[{"href":"https:\/\/insektenliebe.com\/it\/wp-json\/wp\/v2\/media?parent=193962"}],"wp:term":[{"taxonomy":"product-supplier","embeddable":true,"href":"https:\/\/insektenliebe.com\/it\/wp-json\/wp\/v2\/product-supplier?post=193962"},{"taxonomy":"product_brand","embeddable":true,"href":"https:\/\/insektenliebe.com\/it\/wp-json\/wp\/v2\/product_brand?post=193962"},{"taxonomy":"product_cat","embeddable":true,"href":"https:\/\/insektenliebe.com\/it\/wp-json\/wp\/v2\/product_cat?post=193962"},{"taxonomy":"product_tag","embeddable":true,"href":"https:\/\/insektenliebe.com\/it\/wp-json\/wp\/v2\/product_tag?post=193962"},{"taxonomy":"lce-checkout-addons","embeddable":true,"href":"https:\/\/insektenliebe.com\/it\/wp-json\/wp\/v2\/lce-checkout-addons?post=193962"}],"curies":[{"name":"wp","href":"https:\/\/api.w.org\/{rel}","templated":true}]}}