{"id":193425,"date":"2026-03-11T21:21:02","date_gmt":"2026-03-11T20:21:02","guid":{"rendered":"https:\/\/insektenliebe.com\/shop\/produkt\/calvisia-kneubuehleri\/"},"modified":"2026-03-29T21:31:36","modified_gmt":"2026-03-29T19:31:36","slug":"calvisia-kneubuehleri","status":"publish","type":"product","link":"https:\/\/insektenliebe.com\/it\/shop\/prodotto\/calvisia-kneubuehleri\/","title":{"rendered":"Calvisia kneubuehleri"},"content":{"rendered":"<h3><span class=\"s1\" style=\"color: #99cc33\">Calvisia kneubuehleri - un&#8217;evidenza cromatica tra gli insetti stecco<\/span><\/h3>\n<p class=\"p1\"><strong><span class=\"s1\">Calvisia kneubuehleri<\/span><\/strong><span class=\"s2\"> \u00e8 un insetto stecco particolarmente vistoso <\/span><span class=\"s1\">insetto stecco<\/span><span class=\"s2\">che si differenzia chiaramente da molti altri fasmidi. Mentre molte specie sono perfettamente mimetizzate e di solito appaiono di colore marrone o verde, questa specie colpisce per la sua   <\/span><span class=\"s1\">corpo intensamente rosso<\/span><span class=\"s2\"> e la <\/span><span class=\"s1\">area colorata del torace<\/span><span class=\"s2\">che \u00e8 colorata in <\/span><span class=\"s1\">blu e giallo<\/span><span class=\"s2\">  possono brillare. In questo modo l&#8217;animale sembra quasi una piccola opera d&#8217;arte e attira immediatamente l&#8217;attenzione di tutti nel terrario. <\/span><\/p>\n<p class=\"p1\"><span class=\"s2\">Gli animali raggiungono una lunghezza di circa <\/span><span class=\"s1\">7 cm<\/span><span class=\"s2\">  e hanno un corpo molto snello e a forma di bastone. Allo stesso tempo, le lunghe zampe e le antenne sono tipiche di molti insetti stecco. Nonostante i colori appariscenti, la struttura del corpo \u00e8 perfettamente adattata alla vita tra rami e fiori.  <\/span><\/p>\n<p class=\"p1\"><span class=\"s2\">Il terrario adatto per la conservazione \u00e8 un <\/span><span class=\"s1\">Terrario di circa 30 \u00d7 30 \u00d7 30 cm<\/span><span class=\"s2\">. Soprattutto, \u00e8 importante fornire un&#8217;altezza sufficiente affinch\u00e9 gli animali possano fare la muta con facilit\u00e0. Durante la muta, gli insetti stecco pendono liberamente verso il basso, per questo \u00e8 necessario che ci sia spazio a sufficienza. Allo stesso tempo, alcuni    <\/span><span class=\"s1\">Rami e ramoscelli<\/span><span class=\"s2\"> nel terrario per avere la possibilit\u00e0 di arrampicarsi.<\/span><\/p>\n<p class=\"p1\"><span class=\"s2\">\u00c8 meglio conservarli a temperature comprese tra <\/span><span class=\"s1\">20 e 24 \u00b0C<\/span><span class=\"s2\">. Allo stesso tempo, un  <\/span><span class=\"s1\">Umidit\u00e0 del 60-80% circa<\/span><span class=\"s2\">  essere presenti. \u00c8 quindi consigliabile spruzzare leggermente il terrario con regolarit\u00e0. In questo modo il clima rimane stabile e gli animali possono fare la muta senza problemi.  <\/span><\/p>\n<p class=\"p1\"><span class=\"s2\">Le piante da foraggio adatte sono <\/span><span class=\"s1\">Ciliegio, salice e ciliegio piangente <em>(Prunus padus)<\/em><\/span><span class=\"s2\">. Queste piante sono molto ben accettate e sono facili da offrire nel terrario. In particolare, per gli animali giovani \u00e8 opportuno   <\/span><span class=\"s1\">Taglia leggermente le foglie<\/span><span class=\"s2\">in modo che le ninfe possano mangiare pi\u00f9 facilmente i tessuti della pianta.<\/span><\/p>\n<p class=\"p1\"><span class=\"s2\">L&#8217;arredamento pu\u00f2 essere progettato in modo molto naturale. Ramoscelli, foglie e un semplice strato di terra sono sufficienti per far sentire gli animali a casa. Allo stesso tempo, la specie pu\u00f2 essere osservata molto bene grazie al suo comportamento tranquillo.  <\/span><\/p>\n<p class=\"p1\"><span class=\"s2\">A causa della loro <\/span><span class=\"s1\">colorazione insolita<\/span><span class=\"s2\">il loro <\/span><span class=\"s1\">fisico elegante<\/span><span class=\"s2\"> e la loro <\/span><span class=\"s1\">postura relativamente semplice<\/span><span class=\"s2\"> \u00e8 <\/span><strong><span class=\"s1\">Calvisia kneubuehleri<\/span><\/strong><span class=\"s2\">  una specie di insetto stecco particolarmente eccitante per i terrariofili. Combina colori esotici con l&#8217;affascinante comportamento dei fasmidi e diventa subito un punto di forza del terrario. <\/span><\/p>\n","protected":false},"excerpt":{"rendered":"<p>Calvisia kneubuehleri - un&#8217;evidenza cromatica tra gli insetti stecco Calvisia kneubuehleri \u00e8 un insetto stecco particolarmente vistoso insetto steccoche si differenzia chiaramente da molti altri fasmidi. Mentre molte specie sono perfettamente mimetizzate e di solito appaiono di colore marrone o verde, questa specie colpisce per la sua corpo intensamente rosso e la area colorata del [&hellip;]<\/p>\n","protected":false},"featured_media":193420,"template":"","meta":{"_acf_changed":false},"product-supplier":[2689],"product_brand":[],"product_cat":[2829],"product_tag":[],"lce-checkout-addons":[2746],"class_list":{"0":"post-193425","1":"product","2":"type-product","3":"status-publish","4":"has-post-thumbnail","6":"product_cat-altri-invertebrati","7":"product_shipping_class-spedizione-di-animali","8":"pa_herkunft-vietnam","9":"pa_kontinent-asia","10":"lce-checkout-addons-imballaggio-invernale","12":"first","13":"outofstock","14":"taxable","15":"shipping-taxable","16":"purchasable","17":"product-type-variable"},"acf":[],"yoast_head":"<!-- This site is optimized with the Yoast SEO Premium plugin v26.8 (Yoast SEO v27.3) - https:\/\/yoast.com\/product\/yoast-seo-premium-wordpress\/ -->\n<title>Calvisia kneubuehleri - Insektenliebe<\/title>\n<meta name=\"description\" content=\"Calvisia kneubuehleri - insolito insetto stecco rosso con torace colorato. Informazioni su allevamento, terrario, piante alimentari e riproduzione.\" \/>\n<meta name=\"robots\" content=\"index, follow, max-snippet:-1, max-image-preview:large, max-video-preview:-1\" \/>\n<link rel=\"canonical\" href=\"https:\/\/insektenliebe.com\/it\/shop\/prodotto\/calvisia-kneubuehleri\/\" \/>\n<meta property=\"og:locale\" content=\"it_IT\" \/>\n<meta property=\"og:type\" content=\"article\" \/>\n<meta property=\"og:title\" content=\"Calvisia kneubuehleri\" \/>\n<meta property=\"og:description\" content=\"Calvisia kneubuehleri - insolito insetto stecco rosso con torace colorato. Informazioni su allevamento, terrario, piante alimentari e riproduzione.\" \/>\n<meta property=\"og:url\" content=\"https:\/\/insektenliebe.com\/it\/shop\/prodotto\/calvisia-kneubuehleri\/\" \/>\n<meta property=\"og:site_name\" content=\"Insektenliebe\" \/>\n<meta property=\"article:modified_time\" content=\"2026-03-29T19:31:36+00:00\" \/>\n<meta property=\"og:image\" content=\"https:\/\/insektenliebe.com\/wp-content\/uploads\/2026\/03\/Calvisia-kneubuehleri.jpg\" \/>\n\t<meta property=\"og:image:width\" content=\"820\" \/>\n\t<meta property=\"og:image:height\" content=\"820\" \/>\n\t<meta property=\"og:image:type\" content=\"image\/jpeg\" \/>\n<meta name=\"twitter:card\" content=\"summary_large_image\" \/>\n<meta name=\"twitter:label1\" content=\"Disponibilit\u00e0\" \/>\n\t<meta name=\"twitter:data1\" content=\"Esaurito\" \/>\n<script type=\"application\/ld+json\" class=\"yoast-schema-graph\">{\"@context\":\"https:\\\/\\\/schema.org\",\"@graph\":[{\"@type\":\"WebPage\",\"@id\":\"https:\\\/\\\/insektenliebe.com\\\/it\\\/shop\\\/prodotto\\\/calvisia-kneubuehleri\\\/\",\"url\":\"https:\\\/\\\/insektenliebe.com\\\/it\\\/shop\\\/prodotto\\\/calvisia-kneubuehleri\\\/\",\"name\":\"Calvisia kneubuehleri - Insektenliebe\",\"isPartOf\":{\"@id\":\"https:\\\/\\\/insektenliebe.com\\\/it\\\/#website\"},\"primaryImageOfPage\":{\"@id\":\"https:\\\/\\\/insektenliebe.com\\\/it\\\/shop\\\/prodotto\\\/calvisia-kneubuehleri\\\/#primaryimage\"},\"image\":{\"@id\":\"https:\\\/\\\/insektenliebe.com\\\/it\\\/shop\\\/prodotto\\\/calvisia-kneubuehleri\\\/#primaryimage\"},\"thumbnailUrl\":\"https:\\\/\\\/insektenliebe.com\\\/wp-content\\\/uploads\\\/2026\\\/03\\\/Calvisia-kneubuehleri.jpg\",\"datePublished\":\"2026-03-11T20:21:02+00:00\",\"dateModified\":\"2026-03-29T19:31:36+00:00\",\"description\":\"Calvisia kneubuehleri - insolito insetto stecco rosso con torace colorato. Informazioni su allevamento, terrario, piante alimentari e riproduzione.\",\"breadcrumb\":{\"@id\":\"https:\\\/\\\/insektenliebe.com\\\/it\\\/shop\\\/prodotto\\\/calvisia-kneubuehleri\\\/#breadcrumb\"},\"inLanguage\":\"it-IT\",\"potentialAction\":[{\"@type\":\"ReadAction\",\"target\":[\"https:\\\/\\\/insektenliebe.com\\\/it\\\/shop\\\/prodotto\\\/calvisia-kneubuehleri\\\/\"]}]},{\"@type\":\"ImageObject\",\"inLanguage\":\"it-IT\",\"@id\":\"https:\\\/\\\/insektenliebe.com\\\/it\\\/shop\\\/prodotto\\\/calvisia-kneubuehleri\\\/#primaryimage\",\"url\":\"https:\\\/\\\/insektenliebe.com\\\/wp-content\\\/uploads\\\/2026\\\/03\\\/Calvisia-kneubuehleri.jpg\",\"contentUrl\":\"https:\\\/\\\/insektenliebe.com\\\/wp-content\\\/uploads\\\/2026\\\/03\\\/Calvisia-kneubuehleri.jpg\",\"width\":820,\"height\":820,\"caption\":\"Calvisia kneubuehleri\"},{\"@type\":\"BreadcrumbList\",\"@id\":\"https:\\\/\\\/insektenliebe.com\\\/it\\\/shop\\\/prodotto\\\/calvisia-kneubuehleri\\\/#breadcrumb\",\"itemListElement\":[{\"@type\":\"ListItem\",\"position\":1,\"name\":\"Startseite\",\"item\":\"https:\\\/\\\/insektenliebe.com\\\/it\\\/\"},{\"@type\":\"ListItem\",\"position\":2,\"name\":\"Negozio\",\"item\":\"https:\\\/\\\/insektenliebe.com\\\/it\\\/negozio\\\/\"},{\"@type\":\"ListItem\",\"position\":3,\"name\":\"Calvisia kneubuehleri\"}]},{\"@type\":\"WebSite\",\"@id\":\"https:\\\/\\\/insektenliebe.com\\\/it\\\/#website\",\"url\":\"https:\\\/\\\/insektenliebe.com\\\/it\\\/\",\"name\":\"Insektenliebe\",\"description\":\"Dein Zuhause f\u00fcr die kleinen Lebewesen\",\"publisher\":{\"@id\":\"https:\\\/\\\/insektenliebe.com\\\/it\\\/#organization\"},\"potentialAction\":[{\"@type\":\"SearchAction\",\"target\":{\"@type\":\"EntryPoint\",\"urlTemplate\":\"https:\\\/\\\/insektenliebe.com\\\/it\\\/?s={search_term_string}\"},\"query-input\":{\"@type\":\"PropertyValueSpecification\",\"valueRequired\":true,\"valueName\":\"search_term_string\"}}],\"inLanguage\":\"it-IT\"},{\"@type\":\"Organization\",\"@id\":\"https:\\\/\\\/insektenliebe.com\\\/it\\\/#organization\",\"name\":\"Insektenliebe\",\"url\":\"https:\\\/\\\/insektenliebe.com\\\/it\\\/\",\"logo\":{\"@type\":\"ImageObject\",\"inLanguage\":\"it-IT\",\"@id\":\"https:\\\/\\\/insektenliebe.com\\\/it\\\/#\\\/schema\\\/logo\\\/image\\\/\",\"url\":\"https:\\\/\\\/insektenliebe.com\\\/wp-content\\\/uploads\\\/2025\\\/03\\\/logo-white.png\",\"contentUrl\":\"https:\\\/\\\/insektenliebe.com\\\/wp-content\\\/uploads\\\/2025\\\/03\\\/logo-white.png\",\"width\":288,\"height\":188,\"caption\":\"Insektenliebe\"},\"image\":{\"@id\":\"https:\\\/\\\/insektenliebe.com\\\/it\\\/#\\\/schema\\\/logo\\\/image\\\/\"}}]}<\/script>\n<meta property=\"og:availability\" content=\"out of stock\" \/>\n<meta property=\"product:availability\" content=\"out of stock\" \/>\n<meta property=\"product:retailer_item_id\" content=\"834\" \/>\n<meta property=\"product:condition\" content=\"new\" \/>\n<!-- \/ Yoast SEO Premium plugin. -->","yoast_head_json":{"title":"Calvisia kneubuehleri - Insektenliebe","description":"Calvisia kneubuehleri - insolito insetto stecco rosso con torace colorato. Informazioni su allevamento, terrario, piante alimentari e riproduzione.","robots":{"index":"index","follow":"follow","max-snippet":"max-snippet:-1","max-image-preview":"max-image-preview:large","max-video-preview":"max-video-preview:-1"},"canonical":"https:\/\/insektenliebe.com\/it\/shop\/prodotto\/calvisia-kneubuehleri\/","og_locale":"it_IT","og_type":"article","og_title":"Calvisia kneubuehleri","og_description":"Calvisia kneubuehleri - insolito insetto stecco rosso con torace colorato. Informazioni su allevamento, terrario, piante alimentari e riproduzione.","og_url":"https:\/\/insektenliebe.com\/it\/shop\/prodotto\/calvisia-kneubuehleri\/","og_site_name":"Insektenliebe","article_modified_time":"2026-03-29T19:31:36+00:00","og_image":[{"width":820,"height":820,"url":"https:\/\/insektenliebe.com\/wp-content\/uploads\/2026\/03\/Calvisia-kneubuehleri.jpg","type":"image\/jpeg"}],"twitter_card":"summary_large_image","twitter_misc":{"Disponibilit\u00e0":"Esaurito"},"schema":{"@context":"https:\/\/schema.org","@graph":[{"@type":"WebPage","@id":"https:\/\/insektenliebe.com\/it\/shop\/prodotto\/calvisia-kneubuehleri\/","url":"https:\/\/insektenliebe.com\/it\/shop\/prodotto\/calvisia-kneubuehleri\/","name":"Calvisia kneubuehleri - Insektenliebe","isPartOf":{"@id":"https:\/\/insektenliebe.com\/it\/#website"},"primaryImageOfPage":{"@id":"https:\/\/insektenliebe.com\/it\/shop\/prodotto\/calvisia-kneubuehleri\/#primaryimage"},"image":{"@id":"https:\/\/insektenliebe.com\/it\/shop\/prodotto\/calvisia-kneubuehleri\/#primaryimage"},"thumbnailUrl":"https:\/\/insektenliebe.com\/wp-content\/uploads\/2026\/03\/Calvisia-kneubuehleri.jpg","datePublished":"2026-03-11T20:21:02+00:00","dateModified":"2026-03-29T19:31:36+00:00","description":"Calvisia kneubuehleri - insolito insetto stecco rosso con torace colorato. Informazioni su allevamento, terrario, piante alimentari e riproduzione.","breadcrumb":{"@id":"https:\/\/insektenliebe.com\/it\/shop\/prodotto\/calvisia-kneubuehleri\/#breadcrumb"},"inLanguage":"it-IT","potentialAction":[{"@type":"ReadAction","target":["https:\/\/insektenliebe.com\/it\/shop\/prodotto\/calvisia-kneubuehleri\/"]}]},{"@type":"ImageObject","inLanguage":"it-IT","@id":"https:\/\/insektenliebe.com\/it\/shop\/prodotto\/calvisia-kneubuehleri\/#primaryimage","url":"https:\/\/insektenliebe.com\/wp-content\/uploads\/2026\/03\/Calvisia-kneubuehleri.jpg","contentUrl":"https:\/\/insektenliebe.com\/wp-content\/uploads\/2026\/03\/Calvisia-kneubuehleri.jpg","width":820,"height":820,"caption":"Calvisia kneubuehleri"},{"@type":"BreadcrumbList","@id":"https:\/\/insektenliebe.com\/it\/shop\/prodotto\/calvisia-kneubuehleri\/#breadcrumb","itemListElement":[{"@type":"ListItem","position":1,"name":"Startseite","item":"https:\/\/insektenliebe.com\/it\/"},{"@type":"ListItem","position":2,"name":"Negozio","item":"https:\/\/insektenliebe.com\/it\/negozio\/"},{"@type":"ListItem","position":3,"name":"Calvisia kneubuehleri"}]},{"@type":"WebSite","@id":"https:\/\/insektenliebe.com\/it\/#website","url":"https:\/\/insektenliebe.com\/it\/","name":"Insektenliebe","description":"Dein Zuhause f\u00fcr die kleinen Lebewesen","publisher":{"@id":"https:\/\/insektenliebe.com\/it\/#organization"},"potentialAction":[{"@type":"SearchAction","target":{"@type":"EntryPoint","urlTemplate":"https:\/\/insektenliebe.com\/it\/?s={search_term_string}"},"query-input":{"@type":"PropertyValueSpecification","valueRequired":true,"valueName":"search_term_string"}}],"inLanguage":"it-IT"},{"@type":"Organization","@id":"https:\/\/insektenliebe.com\/it\/#organization","name":"Insektenliebe","url":"https:\/\/insektenliebe.com\/it\/","logo":{"@type":"ImageObject","inLanguage":"it-IT","@id":"https:\/\/insektenliebe.com\/it\/#\/schema\/logo\/image\/","url":"https:\/\/insektenliebe.com\/wp-content\/uploads\/2025\/03\/logo-white.png","contentUrl":"https:\/\/insektenliebe.com\/wp-content\/uploads\/2025\/03\/logo-white.png","width":288,"height":188,"caption":"Insektenliebe"},"image":{"@id":"https:\/\/insektenliebe.com\/it\/#\/schema\/logo\/image\/"}}]},"og_availability":"out of stock","product_availability":"out of stock","product_retailer_item_id":"834","product_condition":"new"},"_links":{"self":[{"href":"https:\/\/insektenliebe.com\/it\/wp-json\/wp\/v2\/product\/193425","targetHints":{"allow":["GET"]}}],"collection":[{"href":"https:\/\/insektenliebe.com\/it\/wp-json\/wp\/v2\/product"}],"about":[{"href":"https:\/\/insektenliebe.com\/it\/wp-json\/wp\/v2\/types\/product"}],"wp:featuredmedia":[{"embeddable":true,"href":"https:\/\/insektenliebe.com\/it\/wp-json\/wp\/v2\/media\/193420"}],"wp:attachment":[{"href":"https:\/\/insektenliebe.com\/it\/wp-json\/wp\/v2\/media?parent=193425"}],"wp:term":[{"taxonomy":"product-supplier","embeddable":true,"href":"https:\/\/insektenliebe.com\/it\/wp-json\/wp\/v2\/product-supplier?post=193425"},{"taxonomy":"product_brand","embeddable":true,"href":"https:\/\/insektenliebe.com\/it\/wp-json\/wp\/v2\/product_brand?post=193425"},{"taxonomy":"product_cat","embeddable":true,"href":"https:\/\/insektenliebe.com\/it\/wp-json\/wp\/v2\/product_cat?post=193425"},{"taxonomy":"product_tag","embeddable":true,"href":"https:\/\/insektenliebe.com\/it\/wp-json\/wp\/v2\/product_tag?post=193425"},{"taxonomy":"lce-checkout-addons","embeddable":true,"href":"https:\/\/insektenliebe.com\/it\/wp-json\/wp\/v2\/lce-checkout-addons?post=193425"}],"curies":[{"name":"wp","href":"https:\/\/api.w.org\/{rel}","templated":true}]}}