{"id":193392,"date":"2026-03-11T19:56:50","date_gmt":"2026-03-11T18:56:50","guid":{"rendered":"https:\/\/insektenliebe.com\/shop\/produkt\/porcellio-flavocinctus-caramel\/"},"modified":"2026-03-29T21:33:00","modified_gmt":"2026-03-29T19:33:00","slug":"porcellio-flavocinctus-caramel","status":"publish","type":"product","link":"https:\/\/insektenliebe.com\/it\/shop\/prodotto\/porcellio-flavocinctus-caramel\/","title":{"rendered":"Porcellio flavocinctus \"Caramel"},"content":{"rendered":"<h3><span class=\"s1\" style=\"color: #99cc33\">Porcellio flavocinctus \"Caramel\" - Isopode esclusivo per collezionisti<\/span><\/h3>\n<p class=\"p1\"><strong><span class=\"s1\">Il Porcellio flavocinctus \"Caramello\"<\/span><\/strong><span class=\"s2\"> \u00e8 una delle novit\u00e0 pi\u00f9 interessanti <\/span><span class=\"s1\">novit\u00e0 nell&#8217;hobby degli isopodi<\/span><span class=\"s2\">. Questa insolita forma di colore proviene originariamente da  <\/span><span class=\"s1\">Spagna meridionale<\/span><span class=\"s2\"> e con i suoi caldi colori caramello \u00e8 una fonte di grande interesse per gli appassionati e i collezionisti di terrari.<\/span><\/p>\n<p class=\"p1\"><span class=\"s2\">Gli animali hanno una <\/span><span class=\"s1\">colorazione di base marrone caramello intenso<\/span><span class=\"s2\">che pu\u00f2 variare da tonalit\u00e0 chiare a pi\u00f9 scure di marrone a seconda dell&#8217;animale. Questo fa s\u00ec che un gruppo appaia particolarmente vivace e vario nel terrario. Allo stesso tempo, molti animali hanno    <\/span><span class=\"s1\">Bordi dei segmenti chiari<\/span><span class=\"s2\">che conferisce al corpo un ulteriore effetto strutturato. \u00c8 proprio questa combinazione di colori e contrasti che rende queste cocciniglie un vero e proprio richiamo visivo. <\/span><\/p>\n<p class=\"p1\"><span class=\"s2\">Con una dimensione del corpo di circa <\/span><span class=\"s1\">1,8-2,2 cm<\/span><span class=\"s2\"> appartiene a <\/span><strong><span class=\"s1\">Porcellio flavocinctus \"Caramello\"<\/span><\/strong><span class=\"s2\">  alle grandi specie di Porcellio. Allo stesso tempo, gli animali mostrano un   <\/span><span class=\"s1\">comportamento attivo<\/span><span class=\"s2\">  e sono quindi spesso in movimento nel terrario. Questo li rende particolarmente facili da osservare. <\/span><\/p>\n<p class=\"p1\"><span class=\"s2\">Un terrario classico per isopodi \u00e8 adatto per la detenzione di <\/span><span class=\"s1\">un terrario classico per isopodi<\/span><span class=\"s2\">  cos\u00ec come una scatola di plastica ben ventilata. Un contenitore da circa   <\/span><span class=\"s1\">Volume da 5 a 10 litri<\/span><span class=\"s2\">  \u00e8 sufficiente per un piccolo gruppo. Tuttavia, i gruppi di riproduzione stabili si sviluppano molto meglio in vasche pi\u00f9 grandi e ricche di strutture.<\/span><\/p>\n<p class=\"p1\"><span class=\"s2\">Il substrato consigliato \u00e8 <\/span><span class=\"s1\">substrato ricco di sostanze nutritive<\/span><span class=\"s2\">  di humus forestale, foglie e legno marcio bianco. Inoltre, un generoso   <\/span><span class=\"s1\">Strato fogliare<\/span><span class=\"s2\">  si trovano sul substrato. Da un lato, serve come cibo e dall&#8217;altro offre numerosi nascondigli. <\/span><\/p>\n<p class=\"p1\"><span class=\"s2\">Poich\u00e9 questa specie \u00e8 originaria delle <\/span><span class=\"s1\">regioni mediterranee<\/span><span class=\"s2\"> mediterranee, preferisce condizioni piuttosto <\/span><span class=\"s1\">condizioni asciutte con un angolo umido<\/span><span class=\"s2\">. In questo modo gli animali possono scegliere l&#8217;area giusta in qualsiasi momento. Allo stesso tempo, il terrario deve essere ben ventilato per evitare l&#8217;accumulo di aria viziata. <\/span><\/p>\n<p class=\"p1\"><span class=\"s2\">Le temperature possono variare tra <\/span><span class=\"s1\">20 e 26 \u00b0C<\/span><span class=\"s2\">  mentire. In quest&#8217;area, gli animali di solito mostrano un comportamento particolarmente attivo e si riproducono in modo affidabile.<\/span><\/p>\n<p class=\"p1\"><span class=\"s2\">Come molti altri isopodi <\/span><strong><span class=\"s1\">Porcellio flavocinctus \"Caramello\"<\/span><\/strong><span class=\"s2\"> a <\/span><span class=\"s1\">fonte di calcio<\/span><span class=\"s2\">  per la costruzione del serbatoio. Pertanto, \u00e8 sempre necessario  <\/span><span class=\"s1\">seppie o guscio d&#8217;uovo schiacciato<\/span><span class=\"s2\"> nel terrario.<\/span><\/p>\n<p class=\"p1\"><span class=\"s2\">Le principali fonti di cibo sono <\/span><span class=\"s1\">foglie marce e legno bianco marcio<\/span><span class=\"s2\">ma gli animali amano anche mangiare verdure <\/span><span class=\"s1\">verdure, fiori o cibo speciale per isopodi<\/span><span class=\"s2\">  a. Questo ti permette di diversificare la tua dieta.<\/span><\/p>\n<p class=\"p1\"><span class=\"s2\">Grazie alla loro <\/span><span class=\"s1\">colorazione speciale<\/span><span class=\"s2\">il loro <\/span><span class=\"s1\">stile di vita attivo<\/span><span class=\"s2\"> e la loro <\/span><span class=\"s1\">novit\u00e0 nell&#8217;hobby<\/span><span class=\"s2\"> \u00e8 <\/span><strong><span class=\"s1\">Il Porcellio flavocinctus \"Caramello\"<\/span><\/strong><span class=\"s2\"> \u00e8 un isopode particolarmente interessante per i terrari e i collezionisti e allo stesso tempo dona un&#8217;atmosfera calda e mediterranea a qualsiasi terrario di isopodi. <\/span> <\/p>\n","protected":false},"excerpt":{"rendered":"<p>Porcellio flavocinctus \"Caramel\" - Isopode esclusivo per collezionisti Il Porcellio flavocinctus \"Caramello\" \u00e8 una delle novit\u00e0 pi\u00f9 interessanti novit\u00e0 nell&#8217;hobby degli isopodi. Questa insolita forma di colore proviene originariamente da Spagna meridionale e con i suoi caldi colori caramello \u00e8 una fonte di grande interesse per gli appassionati e i collezionisti di terrari. Gli animali [&hellip;]<\/p>\n","protected":false},"featured_media":193391,"template":"","meta":{"_acf_changed":false},"product-supplier":[],"product_brand":[],"product_cat":[2787],"product_tag":[],"lce-checkout-addons":[2746],"class_list":{"0":"post-193392","1":"product","2":"type-product","3":"status-publish","4":"has-post-thumbnail","6":"product_cat-porcellino-di-legno-porcellio","7":"product_shipping_class-spedizione-di-animali","8":"pa_herkunft-spagna","9":"pa_kontinent-europa","10":"lce-checkout-addons-imballaggio-invernale","12":"first","13":"instock","14":"taxable","15":"shipping-taxable","16":"purchasable","17":"product-type-simple"},"acf":[],"yoast_head":"<!-- This site is optimized with the Yoast SEO Premium plugin v26.8 (Yoast SEO v27.3) - https:\/\/yoast.com\/product\/yoast-seo-premium-wordpress\/ -->\n<title>Porcellio flavocinctus &quot;Caramel - Insektenliebe<\/title>\n<meta name=\"description\" content=\"Porcellio flavocinctus &quot;Caramel&quot; - spettacolare novit\u00e0 isopode proveniente dalla Spagna con una calda colorazione caramello. Informazioni su allevamento, terrario, clima, alimentazione e riproduzione.\" \/>\n<meta name=\"robots\" content=\"index, follow, max-snippet:-1, max-image-preview:large, max-video-preview:-1\" \/>\n<link rel=\"canonical\" href=\"https:\/\/insektenliebe.com\/it\/shop\/prodotto\/porcellio-flavocinctus-caramel\/\" \/>\n<meta property=\"og:locale\" content=\"it_IT\" \/>\n<meta property=\"og:type\" content=\"article\" \/>\n<meta property=\"og:title\" content=\"Porcellio flavocinctus &quot;Caramel\" \/>\n<meta property=\"og:description\" content=\"Porcellio flavocinctus &quot;Caramel&quot; - spettacolare novit\u00e0 isopode proveniente dalla Spagna con una calda colorazione caramello. Informazioni su allevamento, terrario, clima, alimentazione e riproduzione.\" \/>\n<meta property=\"og:url\" content=\"https:\/\/insektenliebe.com\/it\/shop\/prodotto\/porcellio-flavocinctus-caramel\/\" \/>\n<meta property=\"og:site_name\" content=\"Insektenliebe\" \/>\n<meta property=\"article:modified_time\" content=\"2026-03-29T19:33:00+00:00\" \/>\n<meta property=\"og:image\" content=\"https:\/\/insektenliebe.com\/wp-content\/uploads\/2026\/03\/Porcellio-flavocinctus-22Karamell22.jpg\" \/>\n\t<meta property=\"og:image:width\" content=\"820\" \/>\n\t<meta property=\"og:image:height\" content=\"820\" \/>\n\t<meta property=\"og:image:type\" content=\"image\/jpeg\" \/>\n<meta name=\"twitter:card\" content=\"summary_large_image\" \/>\n<meta name=\"twitter:label1\" content=\"Prezzo\" \/>\n\t<meta name=\"twitter:data1\" content=\"34,00&nbsp;&euro; IVA incl., + spese di sped.\" \/>\n\t<meta name=\"twitter:label2\" content=\"Disponibilit\u00e0\" \/>\n\t<meta name=\"twitter:data2\" content=\"In stock\" \/>\n<script type=\"application\/ld+json\" class=\"yoast-schema-graph\">{\"@context\":\"https:\\\/\\\/schema.org\",\"@graph\":[{\"@type\":\"WebPage\",\"@id\":\"https:\\\/\\\/insektenliebe.com\\\/it\\\/shop\\\/prodotto\\\/porcellio-flavocinctus-caramel\\\/\",\"url\":\"https:\\\/\\\/insektenliebe.com\\\/it\\\/shop\\\/prodotto\\\/porcellio-flavocinctus-caramel\\\/\",\"name\":\"Porcellio flavocinctus \\\"Caramel - Insektenliebe\",\"isPartOf\":{\"@id\":\"https:\\\/\\\/insektenliebe.com\\\/it\\\/#website\"},\"primaryImageOfPage\":{\"@id\":\"https:\\\/\\\/insektenliebe.com\\\/it\\\/shop\\\/prodotto\\\/porcellio-flavocinctus-caramel\\\/#primaryimage\"},\"image\":{\"@id\":\"https:\\\/\\\/insektenliebe.com\\\/it\\\/shop\\\/prodotto\\\/porcellio-flavocinctus-caramel\\\/#primaryimage\"},\"thumbnailUrl\":\"https:\\\/\\\/insektenliebe.com\\\/wp-content\\\/uploads\\\/2026\\\/03\\\/Porcellio-flavocinctus-22Karamell22.jpg\",\"datePublished\":\"2026-03-11T18:56:50+00:00\",\"dateModified\":\"2026-03-29T19:33:00+00:00\",\"description\":\"Porcellio flavocinctus \\\"Caramel\\\" - spettacolare novit\u00e0 isopode proveniente dalla Spagna con una calda colorazione caramello. Informazioni su allevamento, terrario, clima, alimentazione e riproduzione.\",\"breadcrumb\":{\"@id\":\"https:\\\/\\\/insektenliebe.com\\\/it\\\/shop\\\/prodotto\\\/porcellio-flavocinctus-caramel\\\/#breadcrumb\"},\"inLanguage\":\"it-IT\",\"potentialAction\":[{\"@type\":\"ReadAction\",\"target\":[\"https:\\\/\\\/insektenliebe.com\\\/it\\\/shop\\\/prodotto\\\/porcellio-flavocinctus-caramel\\\/\"]}]},{\"@type\":\"ImageObject\",\"inLanguage\":\"it-IT\",\"@id\":\"https:\\\/\\\/insektenliebe.com\\\/it\\\/shop\\\/prodotto\\\/porcellio-flavocinctus-caramel\\\/#primaryimage\",\"url\":\"https:\\\/\\\/insektenliebe.com\\\/wp-content\\\/uploads\\\/2026\\\/03\\\/Porcellio-flavocinctus-22Karamell22.jpg\",\"contentUrl\":\"https:\\\/\\\/insektenliebe.com\\\/wp-content\\\/uploads\\\/2026\\\/03\\\/Porcellio-flavocinctus-22Karamell22.jpg\",\"width\":820,\"height\":820,\"caption\":\"Porcellio flavocinctus \\\"Caramel\"},{\"@type\":\"BreadcrumbList\",\"@id\":\"https:\\\/\\\/insektenliebe.com\\\/it\\\/shop\\\/prodotto\\\/porcellio-flavocinctus-caramel\\\/#breadcrumb\",\"itemListElement\":[{\"@type\":\"ListItem\",\"position\":1,\"name\":\"Startseite\",\"item\":\"https:\\\/\\\/insektenliebe.com\\\/it\\\/\"},{\"@type\":\"ListItem\",\"position\":2,\"name\":\"Negozio\",\"item\":\"https:\\\/\\\/insektenliebe.com\\\/it\\\/negozio\\\/\"},{\"@type\":\"ListItem\",\"position\":3,\"name\":\"Porcellio flavocinctus \\\"Caramel\"}]},{\"@type\":\"WebSite\",\"@id\":\"https:\\\/\\\/insektenliebe.com\\\/it\\\/#website\",\"url\":\"https:\\\/\\\/insektenliebe.com\\\/it\\\/\",\"name\":\"Insektenliebe\",\"description\":\"Dein Zuhause f\u00fcr die kleinen Lebewesen\",\"publisher\":{\"@id\":\"https:\\\/\\\/insektenliebe.com\\\/it\\\/#organization\"},\"potentialAction\":[{\"@type\":\"SearchAction\",\"target\":{\"@type\":\"EntryPoint\",\"urlTemplate\":\"https:\\\/\\\/insektenliebe.com\\\/it\\\/?s={search_term_string}\"},\"query-input\":{\"@type\":\"PropertyValueSpecification\",\"valueRequired\":true,\"valueName\":\"search_term_string\"}}],\"inLanguage\":\"it-IT\"},{\"@type\":\"Organization\",\"@id\":\"https:\\\/\\\/insektenliebe.com\\\/it\\\/#organization\",\"name\":\"Insektenliebe\",\"url\":\"https:\\\/\\\/insektenliebe.com\\\/it\\\/\",\"logo\":{\"@type\":\"ImageObject\",\"inLanguage\":\"it-IT\",\"@id\":\"https:\\\/\\\/insektenliebe.com\\\/it\\\/#\\\/schema\\\/logo\\\/image\\\/\",\"url\":\"https:\\\/\\\/insektenliebe.com\\\/wp-content\\\/uploads\\\/2025\\\/03\\\/logo-white.png\",\"contentUrl\":\"https:\\\/\\\/insektenliebe.com\\\/wp-content\\\/uploads\\\/2025\\\/03\\\/logo-white.png\",\"width\":288,\"height\":188,\"caption\":\"Insektenliebe\"},\"image\":{\"@id\":\"https:\\\/\\\/insektenliebe.com\\\/it\\\/#\\\/schema\\\/logo\\\/image\\\/\"}}]}<\/script>\n<meta property=\"product:price:amount\" content=\"34.00\" \/>\n<meta property=\"product:price:currency\" content=\"EUR\" \/>\n<meta property=\"og:availability\" content=\"instock\" \/>\n<meta property=\"product:availability\" content=\"instock\" \/>\n<meta property=\"product:retailer_item_id\" content=\"833\" \/>\n<meta property=\"product:condition\" content=\"new\" \/>\n<!-- \/ Yoast SEO Premium plugin. -->","yoast_head_json":{"title":"Porcellio flavocinctus \"Caramel - Insektenliebe","description":"Porcellio flavocinctus \"Caramel\" - spettacolare novit\u00e0 isopode proveniente dalla Spagna con una calda colorazione caramello. Informazioni su allevamento, terrario, clima, alimentazione e riproduzione.","robots":{"index":"index","follow":"follow","max-snippet":"max-snippet:-1","max-image-preview":"max-image-preview:large","max-video-preview":"max-video-preview:-1"},"canonical":"https:\/\/insektenliebe.com\/it\/shop\/prodotto\/porcellio-flavocinctus-caramel\/","og_locale":"it_IT","og_type":"article","og_title":"Porcellio flavocinctus \"Caramel","og_description":"Porcellio flavocinctus \"Caramel\" - spettacolare novit\u00e0 isopode proveniente dalla Spagna con una calda colorazione caramello. Informazioni su allevamento, terrario, clima, alimentazione e riproduzione.","og_url":"https:\/\/insektenliebe.com\/it\/shop\/prodotto\/porcellio-flavocinctus-caramel\/","og_site_name":"Insektenliebe","article_modified_time":"2026-03-29T19:33:00+00:00","og_image":[{"width":820,"height":820,"url":"https:\/\/insektenliebe.com\/wp-content\/uploads\/2026\/03\/Porcellio-flavocinctus-22Karamell22.jpg","type":"image\/jpeg"}],"twitter_card":"summary_large_image","twitter_misc":{"Prezzo":"34,00&nbsp;&euro; IVA incl., + spese di sped.","Disponibilit\u00e0":"In stock"},"schema":{"@context":"https:\/\/schema.org","@graph":[{"@type":"WebPage","@id":"https:\/\/insektenliebe.com\/it\/shop\/prodotto\/porcellio-flavocinctus-caramel\/","url":"https:\/\/insektenliebe.com\/it\/shop\/prodotto\/porcellio-flavocinctus-caramel\/","name":"Porcellio flavocinctus \"Caramel - Insektenliebe","isPartOf":{"@id":"https:\/\/insektenliebe.com\/it\/#website"},"primaryImageOfPage":{"@id":"https:\/\/insektenliebe.com\/it\/shop\/prodotto\/porcellio-flavocinctus-caramel\/#primaryimage"},"image":{"@id":"https:\/\/insektenliebe.com\/it\/shop\/prodotto\/porcellio-flavocinctus-caramel\/#primaryimage"},"thumbnailUrl":"https:\/\/insektenliebe.com\/wp-content\/uploads\/2026\/03\/Porcellio-flavocinctus-22Karamell22.jpg","datePublished":"2026-03-11T18:56:50+00:00","dateModified":"2026-03-29T19:33:00+00:00","description":"Porcellio flavocinctus \"Caramel\" - spettacolare novit\u00e0 isopode proveniente dalla Spagna con una calda colorazione caramello. Informazioni su allevamento, terrario, clima, alimentazione e riproduzione.","breadcrumb":{"@id":"https:\/\/insektenliebe.com\/it\/shop\/prodotto\/porcellio-flavocinctus-caramel\/#breadcrumb"},"inLanguage":"it-IT","potentialAction":[{"@type":"ReadAction","target":["https:\/\/insektenliebe.com\/it\/shop\/prodotto\/porcellio-flavocinctus-caramel\/"]}]},{"@type":"ImageObject","inLanguage":"it-IT","@id":"https:\/\/insektenliebe.com\/it\/shop\/prodotto\/porcellio-flavocinctus-caramel\/#primaryimage","url":"https:\/\/insektenliebe.com\/wp-content\/uploads\/2026\/03\/Porcellio-flavocinctus-22Karamell22.jpg","contentUrl":"https:\/\/insektenliebe.com\/wp-content\/uploads\/2026\/03\/Porcellio-flavocinctus-22Karamell22.jpg","width":820,"height":820,"caption":"Porcellio flavocinctus \"Caramel"},{"@type":"BreadcrumbList","@id":"https:\/\/insektenliebe.com\/it\/shop\/prodotto\/porcellio-flavocinctus-caramel\/#breadcrumb","itemListElement":[{"@type":"ListItem","position":1,"name":"Startseite","item":"https:\/\/insektenliebe.com\/it\/"},{"@type":"ListItem","position":2,"name":"Negozio","item":"https:\/\/insektenliebe.com\/it\/negozio\/"},{"@type":"ListItem","position":3,"name":"Porcellio flavocinctus \"Caramel"}]},{"@type":"WebSite","@id":"https:\/\/insektenliebe.com\/it\/#website","url":"https:\/\/insektenliebe.com\/it\/","name":"Insektenliebe","description":"Dein Zuhause f\u00fcr die kleinen Lebewesen","publisher":{"@id":"https:\/\/insektenliebe.com\/it\/#organization"},"potentialAction":[{"@type":"SearchAction","target":{"@type":"EntryPoint","urlTemplate":"https:\/\/insektenliebe.com\/it\/?s={search_term_string}"},"query-input":{"@type":"PropertyValueSpecification","valueRequired":true,"valueName":"search_term_string"}}],"inLanguage":"it-IT"},{"@type":"Organization","@id":"https:\/\/insektenliebe.com\/it\/#organization","name":"Insektenliebe","url":"https:\/\/insektenliebe.com\/it\/","logo":{"@type":"ImageObject","inLanguage":"it-IT","@id":"https:\/\/insektenliebe.com\/it\/#\/schema\/logo\/image\/","url":"https:\/\/insektenliebe.com\/wp-content\/uploads\/2025\/03\/logo-white.png","contentUrl":"https:\/\/insektenliebe.com\/wp-content\/uploads\/2025\/03\/logo-white.png","width":288,"height":188,"caption":"Insektenliebe"},"image":{"@id":"https:\/\/insektenliebe.com\/it\/#\/schema\/logo\/image\/"}}]},"product_price_amount":"34.00","product_price_currency":"EUR","og_availability":"instock","product_availability":"instock","product_retailer_item_id":"833","product_condition":"new"},"_links":{"self":[{"href":"https:\/\/insektenliebe.com\/it\/wp-json\/wp\/v2\/product\/193392","targetHints":{"allow":["GET"]}}],"collection":[{"href":"https:\/\/insektenliebe.com\/it\/wp-json\/wp\/v2\/product"}],"about":[{"href":"https:\/\/insektenliebe.com\/it\/wp-json\/wp\/v2\/types\/product"}],"wp:featuredmedia":[{"embeddable":true,"href":"https:\/\/insektenliebe.com\/it\/wp-json\/wp\/v2\/media\/193391"}],"wp:attachment":[{"href":"https:\/\/insektenliebe.com\/it\/wp-json\/wp\/v2\/media?parent=193392"}],"wp:term":[{"taxonomy":"product-supplier","embeddable":true,"href":"https:\/\/insektenliebe.com\/it\/wp-json\/wp\/v2\/product-supplier?post=193392"},{"taxonomy":"product_brand","embeddable":true,"href":"https:\/\/insektenliebe.com\/it\/wp-json\/wp\/v2\/product_brand?post=193392"},{"taxonomy":"product_cat","embeddable":true,"href":"https:\/\/insektenliebe.com\/it\/wp-json\/wp\/v2\/product_cat?post=193392"},{"taxonomy":"product_tag","embeddable":true,"href":"https:\/\/insektenliebe.com\/it\/wp-json\/wp\/v2\/product_tag?post=193392"},{"taxonomy":"lce-checkout-addons","embeddable":true,"href":"https:\/\/insektenliebe.com\/it\/wp-json\/wp\/v2\/lce-checkout-addons?post=193392"}],"curies":[{"name":"wp","href":"https:\/\/api.w.org\/{rel}","templated":true}]}}