{"id":193370,"date":"2026-03-11T18:12:32","date_gmt":"2026-03-11T17:12:32","guid":{"rendered":"https:\/\/insektenliebe.com\/shop\/produkt\/porcellio-echinatus-calico\/"},"modified":"2026-03-29T21:33:56","modified_gmt":"2026-03-29T19:33:56","slug":"porcellio-echinatus-calico","status":"publish","type":"product","link":"https:\/\/insektenliebe.com\/it\/shop\/prodotto\/porcellio-echinatus-calico\/","title":{"rendered":"Porcellio echinatus \"Calico"},"content":{"rendered":"<h3><span class=\"s1\" style=\"color: #99cc33\">Porcellio echinatus \"Calico\" - Accattivante cocciniglia di design<\/span><\/h3>\n<p class=\"p1\"><strong><span class=\"s1\">Porcellio echinatus \"Calico\"<\/span><\/strong><span class=\"s2\"> \u00e8 una forma di colore particolarmente attraente della specie di isopode <\/span><span class=\"s1\">Porcellio echinatus<\/span><span class=\"s2\">. Questa specie proviene originariamente dalla  <\/span><span class=\"s1\">Regione mediterranea<\/span><span class=\"s2\">dove si trova in habitat caldi e piuttosto secchi. Allo stesso tempo, la sua natura robusta lo ha reso un isopode da terrario molto popolare. <\/span><\/p>\n<p class=\"p1\"><span class=\"s2\">La variante di colore <\/span><span class=\"s1\">\"Calico\"<\/span><span class=\"s2\"> ha un <\/span><span class=\"s1\">un motivo sorprendente e ad alto contrasto<\/span><span class=\"s2\">. Gli animali di solito mostrano un misto di  <\/span><span class=\"s1\">aree chiare, scure e parzialmente arancioni<\/span><span class=\"s2\">In questo modo ogni animale ha un disegno individuale. In questo modo un gruppo di questi isopodi appare particolarmente vivace e vario nel terrario. <\/span><\/p>\n<p class=\"p1\"><span class=\"s2\">Con una dimensione di circa <\/span><span class=\"s1\">1,5-2,0 cm<\/span><span class=\"s2\"> appartiene a <\/span><span class=\"s1\">Porcellio echinatus<\/span><span class=\"s2\">  \u00e8 una delle specie di isopodi di medie dimensioni. Allo stesso tempo, questi animali sono molto attivi e possono quindi essere osservati spesso nel terrario. Non potendo raggomitolarsi, scappano rapidamente sotto le foglie o la corteccia quando vengono disturbati.  <\/span><\/p>\n<p class=\"p1\"><span class=\"s2\">I terrari per isopodi sono <\/span><span class=\"s1\">terrario per isopodi<\/span><span class=\"s2\"> e una scatola di plastica ben ventilata <\/span><span class=\"s1\">scatola di plastica<\/span><span class=\"s2\">. Un contenitore da circa  <\/span><span class=\"s1\">5 litri di volume<\/span><span class=\"s2\">  \u00e8 sufficiente per un piccolo gruppo di riproduttori. Allo stesso tempo, gli animali traggono beneficio da vasche pi\u00f9 grandi, in quanto hanno pi\u00f9 struttura e possibilit\u00e0 di ritirarsi. <\/span><\/p>\n<p class=\"p1\"><span class=\"s2\">Un substrato adatto \u00e8 un substrato <\/span><span class=\"s1\">un substrato ricco di sostanze nutritive<\/span><span class=\"s2\">  di humus forestale, foglie e legno marcio bianco. Inoltre, un generoso   <\/span><span class=\"s1\">Strato fogliare<\/span><span class=\"s2\">  sul substrato, in quanto serve sia come cibo che come nascondiglio. Pezzi di corteccia, muschio e piccole radici creano ulteriori nascondigli. <\/span><\/p>\n<p class=\"p1\"><span class=\"s2\">\u00c8 meglio conservarli a temperature comprese tra <\/span><span class=\"s1\">22 e 25 \u00b0C<\/span><span class=\"s2\">. Il terrario deve  <\/span><span class=\"s1\">Parzialmente umido e parzialmente secco<\/span><span class=\"s2\">  si terr\u00e0. In questo modo gli animali stessi possono scegliere l&#8217;area pi\u00f9 adatta a loro.<\/span><\/p>\n<p class=\"p1\"><span class=\"s2\">Come molte specie di isopodi <\/span><strong><span class=\"s1\">Porcellio echinatus \"Calico\"<\/span><\/strong><span class=\"s2\"> a <\/span><span class=\"s1\">fonte di calcio<\/span><span class=\"s2\">  per la costruzione delle loro armature. Pertanto, \u00e8 sempre necessario  <\/span><span class=\"s1\">seppie o guscio d&#8217;uovo schiacciato<\/span><span class=\"s2\"> nel terrario.<\/span><\/p>\n<p class=\"p1\"><span class=\"s2\">Le principali fonti di cibo sono <\/span><span class=\"s1\">foglie marce e legno bianco marcio<\/span><span class=\"s2\">ma gli animali amano anche mangiare verdure <\/span><span class=\"s1\">verdure, fiori o cibo speciale per isopodi<\/span><span class=\"s2\">  a. Questo ti permette di diversificare la tua dieta. <\/span><\/p>\n<p class=\"p1\"><span class=\"s2\">Grazie al loro <\/span><span class=\"s1\">comportamento robusto<\/span><span class=\"s2\">il loro <\/span><span class=\"s1\">stile di vita attivo<\/span><span class=\"s2\"> e il loro <\/span><span class=\"s1\">suggestiva colorazione<\/span><span class=\"s2\"> \u00e8 <\/span><strong><span class=\"s1\">Il Porcellio echinatus \"Calico\"<\/span><\/strong><span class=\"s2\"> \u00e8 una specie di isopode entusiasmante sia per i principianti che per i terraristi esperti e garantisce un movimento vivace nel terrario degli isopodi. <\/span> <\/p>\n","protected":false},"excerpt":{"rendered":"<p>Porcellio echinatus \"Calico\" - Accattivante cocciniglia di design Porcellio echinatus \"Calico\" \u00e8 una forma di colore particolarmente attraente della specie di isopode Porcellio echinatus. Questa specie proviene originariamente dalla Regione mediterraneadove si trova in habitat caldi e piuttosto secchi. Allo stesso tempo, la sua natura robusta lo ha reso un isopode da terrario molto popolare. [&hellip;]<\/p>\n","protected":false},"featured_media":193367,"template":"","meta":{"_acf_changed":false},"product-supplier":[],"product_brand":[],"product_cat":[2787],"product_tag":[],"lce-checkout-addons":[2746],"class_list":{"0":"post-193370","1":"product","2":"type-product","3":"status-publish","4":"has-post-thumbnail","6":"product_cat-porcellino-di-legno-porcellio","7":"product_shipping_class-spedizione-di-animali","8":"pa_herkunft-portogallo","9":"pa_kontinent-europa","10":"lce-checkout-addons-imballaggio-invernale","12":"first","13":"instock","14":"taxable","15":"shipping-taxable","16":"purchasable","17":"product-type-simple"},"acf":[],"yoast_head":"<!-- This site is optimized with the Yoast SEO Premium plugin v26.8 (Yoast SEO v27.3) - https:\/\/yoast.com\/product\/yoast-seo-premium-wordpress\/ -->\n<title>Porcellio echinatus &quot;Calico - Insektenliebe<\/title>\n<meta name=\"description\" content=\"Porcellio echinatus &quot;Calico&quot; - isopode di grande effetto con marcature ad alto contrasto. Informazioni su allevamento, terrario, umidit\u00e0, dieta e riproduzione.\" \/>\n<meta name=\"robots\" content=\"index, follow, max-snippet:-1, max-image-preview:large, max-video-preview:-1\" \/>\n<link rel=\"canonical\" href=\"https:\/\/insektenliebe.com\/it\/shop\/prodotto\/porcellio-echinatus-calico\/\" \/>\n<meta property=\"og:locale\" content=\"it_IT\" \/>\n<meta property=\"og:type\" content=\"article\" \/>\n<meta property=\"og:title\" content=\"Porcellio echinatus &quot;Calico\" \/>\n<meta property=\"og:description\" content=\"Porcellio echinatus &quot;Calico&quot; - isopode di grande effetto con marcature ad alto contrasto. Informazioni su allevamento, terrario, umidit\u00e0, dieta e riproduzione.\" \/>\n<meta property=\"og:url\" content=\"https:\/\/insektenliebe.com\/it\/shop\/prodotto\/porcellio-echinatus-calico\/\" \/>\n<meta property=\"og:site_name\" content=\"Insektenliebe\" \/>\n<meta property=\"article:modified_time\" content=\"2026-03-29T19:33:56+00:00\" \/>\n<meta property=\"og:image\" content=\"https:\/\/insektenliebe.com\/wp-content\/uploads\/2026\/03\/Porcellio-echinatus-22Calico22.jpg\" \/>\n\t<meta property=\"og:image:width\" content=\"820\" \/>\n\t<meta property=\"og:image:height\" content=\"820\" \/>\n\t<meta property=\"og:image:type\" content=\"image\/jpeg\" \/>\n<meta name=\"twitter:card\" content=\"summary_large_image\" \/>\n<meta name=\"twitter:label1\" content=\"Prezzo\" \/>\n\t<meta name=\"twitter:data1\" content=\"19,00&nbsp;&euro; IVA incl., + spese di sped.\" \/>\n\t<meta name=\"twitter:label2\" content=\"Disponibilit\u00e0\" \/>\n\t<meta name=\"twitter:data2\" content=\"In stock\" \/>\n<script type=\"application\/ld+json\" class=\"yoast-schema-graph\">{\"@context\":\"https:\\\/\\\/schema.org\",\"@graph\":[{\"@type\":\"WebPage\",\"@id\":\"https:\\\/\\\/insektenliebe.com\\\/it\\\/shop\\\/prodotto\\\/porcellio-echinatus-calico\\\/\",\"url\":\"https:\\\/\\\/insektenliebe.com\\\/it\\\/shop\\\/prodotto\\\/porcellio-echinatus-calico\\\/\",\"name\":\"Porcellio echinatus \\\"Calico - Insektenliebe\",\"isPartOf\":{\"@id\":\"https:\\\/\\\/insektenliebe.com\\\/it\\\/#website\"},\"primaryImageOfPage\":{\"@id\":\"https:\\\/\\\/insektenliebe.com\\\/it\\\/shop\\\/prodotto\\\/porcellio-echinatus-calico\\\/#primaryimage\"},\"image\":{\"@id\":\"https:\\\/\\\/insektenliebe.com\\\/it\\\/shop\\\/prodotto\\\/porcellio-echinatus-calico\\\/#primaryimage\"},\"thumbnailUrl\":\"https:\\\/\\\/insektenliebe.com\\\/wp-content\\\/uploads\\\/2026\\\/03\\\/Porcellio-echinatus-22Calico22.jpg\",\"datePublished\":\"2026-03-11T17:12:32+00:00\",\"dateModified\":\"2026-03-29T19:33:56+00:00\",\"description\":\"Porcellio echinatus \\\"Calico\\\" - isopode di grande effetto con marcature ad alto contrasto. Informazioni su allevamento, terrario, umidit\u00e0, dieta e riproduzione.\",\"breadcrumb\":{\"@id\":\"https:\\\/\\\/insektenliebe.com\\\/it\\\/shop\\\/prodotto\\\/porcellio-echinatus-calico\\\/#breadcrumb\"},\"inLanguage\":\"it-IT\",\"potentialAction\":[{\"@type\":\"ReadAction\",\"target\":[\"https:\\\/\\\/insektenliebe.com\\\/it\\\/shop\\\/prodotto\\\/porcellio-echinatus-calico\\\/\"]}]},{\"@type\":\"ImageObject\",\"inLanguage\":\"it-IT\",\"@id\":\"https:\\\/\\\/insektenliebe.com\\\/it\\\/shop\\\/prodotto\\\/porcellio-echinatus-calico\\\/#primaryimage\",\"url\":\"https:\\\/\\\/insektenliebe.com\\\/wp-content\\\/uploads\\\/2026\\\/03\\\/Porcellio-echinatus-22Calico22.jpg\",\"contentUrl\":\"https:\\\/\\\/insektenliebe.com\\\/wp-content\\\/uploads\\\/2026\\\/03\\\/Porcellio-echinatus-22Calico22.jpg\",\"width\":820,\"height\":820,\"caption\":\"Porcellio echinatus \\\"Calico\"},{\"@type\":\"BreadcrumbList\",\"@id\":\"https:\\\/\\\/insektenliebe.com\\\/it\\\/shop\\\/prodotto\\\/porcellio-echinatus-calico\\\/#breadcrumb\",\"itemListElement\":[{\"@type\":\"ListItem\",\"position\":1,\"name\":\"Startseite\",\"item\":\"https:\\\/\\\/insektenliebe.com\\\/it\\\/\"},{\"@type\":\"ListItem\",\"position\":2,\"name\":\"Negozio\",\"item\":\"https:\\\/\\\/insektenliebe.com\\\/it\\\/negozio\\\/\"},{\"@type\":\"ListItem\",\"position\":3,\"name\":\"Porcellio echinatus \\\"Calico\"}]},{\"@type\":\"WebSite\",\"@id\":\"https:\\\/\\\/insektenliebe.com\\\/it\\\/#website\",\"url\":\"https:\\\/\\\/insektenliebe.com\\\/it\\\/\",\"name\":\"Insektenliebe\",\"description\":\"Dein Zuhause f\u00fcr die kleinen Lebewesen\",\"publisher\":{\"@id\":\"https:\\\/\\\/insektenliebe.com\\\/it\\\/#organization\"},\"potentialAction\":[{\"@type\":\"SearchAction\",\"target\":{\"@type\":\"EntryPoint\",\"urlTemplate\":\"https:\\\/\\\/insektenliebe.com\\\/it\\\/?s={search_term_string}\"},\"query-input\":{\"@type\":\"PropertyValueSpecification\",\"valueRequired\":true,\"valueName\":\"search_term_string\"}}],\"inLanguage\":\"it-IT\"},{\"@type\":\"Organization\",\"@id\":\"https:\\\/\\\/insektenliebe.com\\\/it\\\/#organization\",\"name\":\"Insektenliebe\",\"url\":\"https:\\\/\\\/insektenliebe.com\\\/it\\\/\",\"logo\":{\"@type\":\"ImageObject\",\"inLanguage\":\"it-IT\",\"@id\":\"https:\\\/\\\/insektenliebe.com\\\/it\\\/#\\\/schema\\\/logo\\\/image\\\/\",\"url\":\"https:\\\/\\\/insektenliebe.com\\\/wp-content\\\/uploads\\\/2025\\\/03\\\/logo-white.png\",\"contentUrl\":\"https:\\\/\\\/insektenliebe.com\\\/wp-content\\\/uploads\\\/2025\\\/03\\\/logo-white.png\",\"width\":288,\"height\":188,\"caption\":\"Insektenliebe\"},\"image\":{\"@id\":\"https:\\\/\\\/insektenliebe.com\\\/it\\\/#\\\/schema\\\/logo\\\/image\\\/\"}}]}<\/script>\n<meta property=\"product:price:amount\" content=\"19.00\" \/>\n<meta property=\"product:price:currency\" content=\"EUR\" \/>\n<meta property=\"og:availability\" content=\"instock\" \/>\n<meta property=\"product:availability\" content=\"instock\" \/>\n<meta property=\"product:retailer_item_id\" content=\"832\" \/>\n<meta property=\"product:condition\" content=\"new\" \/>\n<!-- \/ Yoast SEO Premium plugin. -->","yoast_head_json":{"title":"Porcellio echinatus \"Calico - Insektenliebe","description":"Porcellio echinatus \"Calico\" - isopode di grande effetto con marcature ad alto contrasto. Informazioni su allevamento, terrario, umidit\u00e0, dieta e riproduzione.","robots":{"index":"index","follow":"follow","max-snippet":"max-snippet:-1","max-image-preview":"max-image-preview:large","max-video-preview":"max-video-preview:-1"},"canonical":"https:\/\/insektenliebe.com\/it\/shop\/prodotto\/porcellio-echinatus-calico\/","og_locale":"it_IT","og_type":"article","og_title":"Porcellio echinatus \"Calico","og_description":"Porcellio echinatus \"Calico\" - isopode di grande effetto con marcature ad alto contrasto. Informazioni su allevamento, terrario, umidit\u00e0, dieta e riproduzione.","og_url":"https:\/\/insektenliebe.com\/it\/shop\/prodotto\/porcellio-echinatus-calico\/","og_site_name":"Insektenliebe","article_modified_time":"2026-03-29T19:33:56+00:00","og_image":[{"width":820,"height":820,"url":"https:\/\/insektenliebe.com\/wp-content\/uploads\/2026\/03\/Porcellio-echinatus-22Calico22.jpg","type":"image\/jpeg"}],"twitter_card":"summary_large_image","twitter_misc":{"Prezzo":"19,00&nbsp;&euro; IVA incl., + spese di sped.","Disponibilit\u00e0":"In stock"},"schema":{"@context":"https:\/\/schema.org","@graph":[{"@type":"WebPage","@id":"https:\/\/insektenliebe.com\/it\/shop\/prodotto\/porcellio-echinatus-calico\/","url":"https:\/\/insektenliebe.com\/it\/shop\/prodotto\/porcellio-echinatus-calico\/","name":"Porcellio echinatus \"Calico - Insektenliebe","isPartOf":{"@id":"https:\/\/insektenliebe.com\/it\/#website"},"primaryImageOfPage":{"@id":"https:\/\/insektenliebe.com\/it\/shop\/prodotto\/porcellio-echinatus-calico\/#primaryimage"},"image":{"@id":"https:\/\/insektenliebe.com\/it\/shop\/prodotto\/porcellio-echinatus-calico\/#primaryimage"},"thumbnailUrl":"https:\/\/insektenliebe.com\/wp-content\/uploads\/2026\/03\/Porcellio-echinatus-22Calico22.jpg","datePublished":"2026-03-11T17:12:32+00:00","dateModified":"2026-03-29T19:33:56+00:00","description":"Porcellio echinatus \"Calico\" - isopode di grande effetto con marcature ad alto contrasto. Informazioni su allevamento, terrario, umidit\u00e0, dieta e riproduzione.","breadcrumb":{"@id":"https:\/\/insektenliebe.com\/it\/shop\/prodotto\/porcellio-echinatus-calico\/#breadcrumb"},"inLanguage":"it-IT","potentialAction":[{"@type":"ReadAction","target":["https:\/\/insektenliebe.com\/it\/shop\/prodotto\/porcellio-echinatus-calico\/"]}]},{"@type":"ImageObject","inLanguage":"it-IT","@id":"https:\/\/insektenliebe.com\/it\/shop\/prodotto\/porcellio-echinatus-calico\/#primaryimage","url":"https:\/\/insektenliebe.com\/wp-content\/uploads\/2026\/03\/Porcellio-echinatus-22Calico22.jpg","contentUrl":"https:\/\/insektenliebe.com\/wp-content\/uploads\/2026\/03\/Porcellio-echinatus-22Calico22.jpg","width":820,"height":820,"caption":"Porcellio echinatus \"Calico"},{"@type":"BreadcrumbList","@id":"https:\/\/insektenliebe.com\/it\/shop\/prodotto\/porcellio-echinatus-calico\/#breadcrumb","itemListElement":[{"@type":"ListItem","position":1,"name":"Startseite","item":"https:\/\/insektenliebe.com\/it\/"},{"@type":"ListItem","position":2,"name":"Negozio","item":"https:\/\/insektenliebe.com\/it\/negozio\/"},{"@type":"ListItem","position":3,"name":"Porcellio echinatus \"Calico"}]},{"@type":"WebSite","@id":"https:\/\/insektenliebe.com\/it\/#website","url":"https:\/\/insektenliebe.com\/it\/","name":"Insektenliebe","description":"Dein Zuhause f\u00fcr die kleinen Lebewesen","publisher":{"@id":"https:\/\/insektenliebe.com\/it\/#organization"},"potentialAction":[{"@type":"SearchAction","target":{"@type":"EntryPoint","urlTemplate":"https:\/\/insektenliebe.com\/it\/?s={search_term_string}"},"query-input":{"@type":"PropertyValueSpecification","valueRequired":true,"valueName":"search_term_string"}}],"inLanguage":"it-IT"},{"@type":"Organization","@id":"https:\/\/insektenliebe.com\/it\/#organization","name":"Insektenliebe","url":"https:\/\/insektenliebe.com\/it\/","logo":{"@type":"ImageObject","inLanguage":"it-IT","@id":"https:\/\/insektenliebe.com\/it\/#\/schema\/logo\/image\/","url":"https:\/\/insektenliebe.com\/wp-content\/uploads\/2025\/03\/logo-white.png","contentUrl":"https:\/\/insektenliebe.com\/wp-content\/uploads\/2025\/03\/logo-white.png","width":288,"height":188,"caption":"Insektenliebe"},"image":{"@id":"https:\/\/insektenliebe.com\/it\/#\/schema\/logo\/image\/"}}]},"product_price_amount":"19.00","product_price_currency":"EUR","og_availability":"instock","product_availability":"instock","product_retailer_item_id":"832","product_condition":"new"},"_links":{"self":[{"href":"https:\/\/insektenliebe.com\/it\/wp-json\/wp\/v2\/product\/193370","targetHints":{"allow":["GET"]}}],"collection":[{"href":"https:\/\/insektenliebe.com\/it\/wp-json\/wp\/v2\/product"}],"about":[{"href":"https:\/\/insektenliebe.com\/it\/wp-json\/wp\/v2\/types\/product"}],"wp:featuredmedia":[{"embeddable":true,"href":"https:\/\/insektenliebe.com\/it\/wp-json\/wp\/v2\/media\/193367"}],"wp:attachment":[{"href":"https:\/\/insektenliebe.com\/it\/wp-json\/wp\/v2\/media?parent=193370"}],"wp:term":[{"taxonomy":"product-supplier","embeddable":true,"href":"https:\/\/insektenliebe.com\/it\/wp-json\/wp\/v2\/product-supplier?post=193370"},{"taxonomy":"product_brand","embeddable":true,"href":"https:\/\/insektenliebe.com\/it\/wp-json\/wp\/v2\/product_brand?post=193370"},{"taxonomy":"product_cat","embeddable":true,"href":"https:\/\/insektenliebe.com\/it\/wp-json\/wp\/v2\/product_cat?post=193370"},{"taxonomy":"product_tag","embeddable":true,"href":"https:\/\/insektenliebe.com\/it\/wp-json\/wp\/v2\/product_tag?post=193370"},{"taxonomy":"lce-checkout-addons","embeddable":true,"href":"https:\/\/insektenliebe.com\/it\/wp-json\/wp\/v2\/lce-checkout-addons?post=193370"}],"curies":[{"name":"wp","href":"https:\/\/api.w.org\/{rel}","templated":true}]}}