{"id":193348,"date":"2026-03-11T16:49:19","date_gmt":"2026-03-11T15:49:19","guid":{"rendered":"https:\/\/insektenliebe.com\/shop\/produkt\/porcellio-scaber-pietra-di-luna\/"},"modified":"2026-03-29T21:35:19","modified_gmt":"2026-03-29T19:35:19","slug":"porcellio-scaber-pietra-di-luna","status":"publish","type":"product","link":"https:\/\/insektenliebe.com\/it\/shop\/prodotto\/porcellio-scaber-pietra-di-luna\/","title":{"rendered":"Porcellio scaber \"Pietra di Luna"},"content":{"rendered":"<h3><span class=\"s1\" style=\"color: #99cc33\">Porcellio scaber \"Pietra di luna\" - Robusto isopode dall&#8217;aspetto speciale<\/span><\/h3>\n<p class=\"p1\"><strong><span class=\"s1\">Porcellio scaber \"Pietra di luna\"<\/span><\/strong><span class=\"s2\"> \u00e8 una forma di colore particolarmente appariscente della nota specie di isopode <\/span><span class=\"s1\">Porcellio scaber<\/span><span class=\"s2\">. Questa specie \u00e8 originaria dell&#8217;Europa, ma si \u00e8 ormai diffusa in tutto il mondo. \u00c8 anche uno degli isopodi pi\u00f9 robusti e adattabili nell&#8217;hobby del terrario. <\/span><\/p>\n<p class=\"p1\"><span class=\"s2\">La forma del colore <\/span><span class=\"s1\">\"Pietra di Luna\"<\/span><span class=\"s2\"> ha un <\/span><span class=\"s1\">colore di base chiaro, da argenteo a beige<\/span><span class=\"s2\">che la distingue chiaramente dalla forma selvatica colorata. Inoltre, molti animali mostrano una   <\/span><span class=\"s1\">motivo marmorizzato<\/span><span class=\"s2\">Ci\u00f2 significa che ogni animale ha un disegno individuale. Questo fa s\u00ec che un gruppo di questi isopodi appaia particolarmente vario nel terrario. <\/span><\/p>\n<p class=\"p1\"><span class=\"s2\">Con una dimensione di circa <\/span><span class=\"s1\">1,5-2 cm<\/span><span class=\"s2\"> appartiene a <\/span><strong><span class=\"s1\">Porcellio scaber \"Pietra di luna\"<\/span><\/strong><span class=\"s2\">  \u00e8 una delle specie di isopodi di medie dimensioni. Allo stesso tempo, questi animali sono molto attivi e possono quindi essere osservati spesso nel terrario. A differenza delle cocciniglie, questi isopodi possono    <\/span><span class=\"s1\">non si raggomitolano in una palla<\/span><span class=\"s2\">ma si rifugiano rapidamente sotto le foglie o la corteccia.<\/span><\/p>\n<p class=\"p1\"><span class=\"s2\">I terrari per isopodi sono <\/span><span class=\"s1\">terrario per isopodi<\/span><span class=\"s2\"> e una scatola di plastica ben ventilata <\/span><span class=\"s1\">scatola di plastica<\/span><span class=\"s2\">. Un contenitore da circa  <\/span><span class=\"s1\">5 litri di volume<\/span><span class=\"s2\">  \u00e8 sufficiente per un piccolo gruppo. Allo stesso tempo, per\u00f2, gli animali traggono vantaggio da vasche pi\u00f9 grandi, perch\u00e9 possono distribuirsi meglio.<\/span><\/p>\n<p class=\"p1\"><span class=\"s2\">Il substrato consigliato \u00e8 <\/span><span class=\"s1\">substrato ricco di sostanze nutritive<\/span><span class=\"s2\">costituito da humus forestale, foglie e legno bianco marcio, ad esempio. Inoltre, uno spesso   <\/span><span class=\"s1\">Strato fogliare<\/span><span class=\"s2\">  si trovano sul substrato. Da un lato serve come cibo e dall&#8217;altro offre molti nascondigli. <\/span><\/p>\n<p class=\"p1\"><span class=\"s2\">Il terrario deve essere <\/span><span class=\"s1\">in parte umido e in parte asciutto<\/span><span class=\"s2\">  si terr\u00e0. In questo modo gli animali possono scegliere la loro posizione preferita. Allo stesso tempo, questo metodo evita che l&#8217;intero substrato si bagni troppo.  Temperature tra  <\/span><span class=\"s1\">20 e 26 \u00b0C<\/span><span class=\"s2\"> sono ideali per la loro conservazione.<\/span><\/p>\n<p class=\"p1\"><span class=\"s2\">Come molte altre cocciniglie <\/span><strong><span class=\"s1\">Porcellio scaber \"Pietra di luna\"<\/span><\/strong><span class=\"s2\"> a <\/span><span class=\"s1\">fonte di calcio<\/span><span class=\"s2\">. Pertanto, \u00e8 sempre necessario  <\/span><span class=\"s1\">seppie o guscio d&#8217;uovo schiacciato<\/span><span class=\"s2\"> possono essere offerti.<\/span><\/p>\n<p class=\"p1\"><span class=\"s2\">Il cibo principale \u00e8 <\/span><span class=\"s1\">foglie marce e legno bianco marcio<\/span><span class=\"s2\">ma gli animali amano anche mangiare vegetali <\/span><span class=\"s1\">verdure, fiori o isopodi<\/span><span class=\"s2\">  a. In questo modo la dieta pu\u00f2 essere molto varia.<\/span><\/p>\n<p class=\"p1\"><span class=\"s2\">Grazie alla loro <\/span><span class=\"s1\">natura robusta<\/span><span class=\"s2\">il loro <\/span><span class=\"s1\">modello interessante<\/span><span class=\"s2\"> e il loro <\/span><span class=\"s1\">allevamento semplice<\/span><span class=\"s2\"> \u00e8 adatto a <\/span><strong><span class=\"s1\">Porcellio scaber \"Pietra di luna\"<\/span><\/strong><span class=\"s2\">  eccellente per i principianti. Allo stesso tempo, \u00e8 anche un&#8217;eccitante variante di colore per gli isopodi esperti, che arricchisce visivamente ogni terrario. <\/span><\/p>\n","protected":false},"excerpt":{"rendered":"<p>Porcellio scaber \"Pietra di luna\" - Robusto isopode dall&#8217;aspetto speciale Porcellio scaber \"Pietra di luna\" \u00e8 una forma di colore particolarmente appariscente della nota specie di isopode Porcellio scaber. Questa specie \u00e8 originaria dell&#8217;Europa, ma si \u00e8 ormai diffusa in tutto il mondo. \u00c8 anche uno degli isopodi pi\u00f9 robusti e adattabili nell&#8217;hobby del terrario. [&hellip;]<\/p>\n","protected":false},"featured_media":193347,"template":"","meta":{"_acf_changed":false},"product-supplier":[],"product_brand":[],"product_cat":[2787],"product_tag":[],"lce-checkout-addons":[2746],"class_list":{"0":"post-193348","1":"product","2":"type-product","3":"status-publish","4":"has-post-thumbnail","6":"product_cat-porcellino-di-legno-porcellio","7":"product_shipping_class-spedizione-di-animali","8":"pa_herkunft-cosmopolitan","9":"pa_kontinent-europa","10":"lce-checkout-addons-imballaggio-invernale","12":"first","13":"instock","14":"taxable","15":"shipping-taxable","16":"purchasable","17":"product-type-simple"},"acf":[],"yoast_head":"<!-- This site is optimized with the Yoast SEO Premium plugin v26.8 (Yoast SEO v27.3) - https:\/\/yoast.com\/product\/yoast-seo-premium-wordpress\/ -->\n<title>Porcellio scaber &quot;Pietra di Luna - Insektenliebe<\/title>\n<meta name=\"description\" content=\"Porcellio scaber &quot;Moonstone&quot; - insolito isopode con macchie chiare e marmorizzate. Informazioni su allevamento, terrario, umidit\u00e0, cibo e riproduzione.\" \/>\n<meta name=\"robots\" content=\"index, follow, max-snippet:-1, max-image-preview:large, max-video-preview:-1\" \/>\n<link rel=\"canonical\" href=\"https:\/\/insektenliebe.com\/it\/shop\/prodotto\/porcellio-scaber-pietra-di-luna\/\" \/>\n<meta property=\"og:locale\" content=\"it_IT\" \/>\n<meta property=\"og:type\" content=\"article\" \/>\n<meta property=\"og:title\" content=\"Porcellio scaber &quot;Pietra di Luna\" \/>\n<meta property=\"og:description\" content=\"Porcellio scaber &quot;Moonstone&quot; - insolito isopode con macchie chiare e marmorizzate. Informazioni su allevamento, terrario, umidit\u00e0, cibo e riproduzione.\" \/>\n<meta property=\"og:url\" content=\"https:\/\/insektenliebe.com\/it\/shop\/prodotto\/porcellio-scaber-pietra-di-luna\/\" \/>\n<meta property=\"og:site_name\" content=\"Insektenliebe\" \/>\n<meta property=\"article:modified_time\" content=\"2026-03-29T19:35:19+00:00\" \/>\n<meta property=\"og:image\" content=\"https:\/\/insektenliebe.com\/wp-content\/uploads\/2026\/03\/Porcellio-scaber-22Moonstone22.jpg\" \/>\n\t<meta property=\"og:image:width\" content=\"820\" \/>\n\t<meta property=\"og:image:height\" content=\"820\" \/>\n\t<meta property=\"og:image:type\" content=\"image\/jpeg\" \/>\n<meta name=\"twitter:card\" content=\"summary_large_image\" \/>\n<meta name=\"twitter:label1\" content=\"Prezzo\" \/>\n\t<meta name=\"twitter:data1\" content=\"18,00&nbsp;&euro; IVA incl., + spese di sped.\" \/>\n\t<meta name=\"twitter:label2\" content=\"Disponibilit\u00e0\" \/>\n\t<meta name=\"twitter:data2\" content=\"In stock\" \/>\n<script type=\"application\/ld+json\" class=\"yoast-schema-graph\">{\"@context\":\"https:\\\/\\\/schema.org\",\"@graph\":[{\"@type\":\"WebPage\",\"@id\":\"https:\\\/\\\/insektenliebe.com\\\/it\\\/shop\\\/prodotto\\\/porcellio-scaber-pietra-di-luna\\\/\",\"url\":\"https:\\\/\\\/insektenliebe.com\\\/it\\\/shop\\\/prodotto\\\/porcellio-scaber-pietra-di-luna\\\/\",\"name\":\"Porcellio scaber \\\"Pietra di Luna - Insektenliebe\",\"isPartOf\":{\"@id\":\"https:\\\/\\\/insektenliebe.com\\\/it\\\/#website\"},\"primaryImageOfPage\":{\"@id\":\"https:\\\/\\\/insektenliebe.com\\\/it\\\/shop\\\/prodotto\\\/porcellio-scaber-pietra-di-luna\\\/#primaryimage\"},\"image\":{\"@id\":\"https:\\\/\\\/insektenliebe.com\\\/it\\\/shop\\\/prodotto\\\/porcellio-scaber-pietra-di-luna\\\/#primaryimage\"},\"thumbnailUrl\":\"https:\\\/\\\/insektenliebe.com\\\/wp-content\\\/uploads\\\/2026\\\/03\\\/Porcellio-scaber-22Moonstone22.jpg\",\"datePublished\":\"2026-03-11T15:49:19+00:00\",\"dateModified\":\"2026-03-29T19:35:19+00:00\",\"description\":\"Porcellio scaber \\\"Moonstone\\\" - insolito isopode con macchie chiare e marmorizzate. Informazioni su allevamento, terrario, umidit\u00e0, cibo e riproduzione.\",\"breadcrumb\":{\"@id\":\"https:\\\/\\\/insektenliebe.com\\\/it\\\/shop\\\/prodotto\\\/porcellio-scaber-pietra-di-luna\\\/#breadcrumb\"},\"inLanguage\":\"it-IT\",\"potentialAction\":[{\"@type\":\"ReadAction\",\"target\":[\"https:\\\/\\\/insektenliebe.com\\\/it\\\/shop\\\/prodotto\\\/porcellio-scaber-pietra-di-luna\\\/\"]}]},{\"@type\":\"ImageObject\",\"inLanguage\":\"it-IT\",\"@id\":\"https:\\\/\\\/insektenliebe.com\\\/it\\\/shop\\\/prodotto\\\/porcellio-scaber-pietra-di-luna\\\/#primaryimage\",\"url\":\"https:\\\/\\\/insektenliebe.com\\\/wp-content\\\/uploads\\\/2026\\\/03\\\/Porcellio-scaber-22Moonstone22.jpg\",\"contentUrl\":\"https:\\\/\\\/insektenliebe.com\\\/wp-content\\\/uploads\\\/2026\\\/03\\\/Porcellio-scaber-22Moonstone22.jpg\",\"width\":820,\"height\":820,\"caption\":\"Porcellio scaber \\\"Pietra di Luna\"},{\"@type\":\"BreadcrumbList\",\"@id\":\"https:\\\/\\\/insektenliebe.com\\\/it\\\/shop\\\/prodotto\\\/porcellio-scaber-pietra-di-luna\\\/#breadcrumb\",\"itemListElement\":[{\"@type\":\"ListItem\",\"position\":1,\"name\":\"Startseite\",\"item\":\"https:\\\/\\\/insektenliebe.com\\\/it\\\/\"},{\"@type\":\"ListItem\",\"position\":2,\"name\":\"Negozio\",\"item\":\"https:\\\/\\\/insektenliebe.com\\\/it\\\/negozio\\\/\"},{\"@type\":\"ListItem\",\"position\":3,\"name\":\"Porcellio scaber \\\"Pietra di Luna\"}]},{\"@type\":\"WebSite\",\"@id\":\"https:\\\/\\\/insektenliebe.com\\\/it\\\/#website\",\"url\":\"https:\\\/\\\/insektenliebe.com\\\/it\\\/\",\"name\":\"Insektenliebe\",\"description\":\"Dein Zuhause f\u00fcr die kleinen Lebewesen\",\"publisher\":{\"@id\":\"https:\\\/\\\/insektenliebe.com\\\/it\\\/#organization\"},\"potentialAction\":[{\"@type\":\"SearchAction\",\"target\":{\"@type\":\"EntryPoint\",\"urlTemplate\":\"https:\\\/\\\/insektenliebe.com\\\/it\\\/?s={search_term_string}\"},\"query-input\":{\"@type\":\"PropertyValueSpecification\",\"valueRequired\":true,\"valueName\":\"search_term_string\"}}],\"inLanguage\":\"it-IT\"},{\"@type\":\"Organization\",\"@id\":\"https:\\\/\\\/insektenliebe.com\\\/it\\\/#organization\",\"name\":\"Insektenliebe\",\"url\":\"https:\\\/\\\/insektenliebe.com\\\/it\\\/\",\"logo\":{\"@type\":\"ImageObject\",\"inLanguage\":\"it-IT\",\"@id\":\"https:\\\/\\\/insektenliebe.com\\\/it\\\/#\\\/schema\\\/logo\\\/image\\\/\",\"url\":\"https:\\\/\\\/insektenliebe.com\\\/wp-content\\\/uploads\\\/2025\\\/03\\\/logo-white.png\",\"contentUrl\":\"https:\\\/\\\/insektenliebe.com\\\/wp-content\\\/uploads\\\/2025\\\/03\\\/logo-white.png\",\"width\":288,\"height\":188,\"caption\":\"Insektenliebe\"},\"image\":{\"@id\":\"https:\\\/\\\/insektenliebe.com\\\/it\\\/#\\\/schema\\\/logo\\\/image\\\/\"}}]}<\/script>\n<meta property=\"product:price:amount\" content=\"18.00\" \/>\n<meta property=\"product:price:currency\" content=\"EUR\" \/>\n<meta property=\"og:availability\" content=\"instock\" \/>\n<meta property=\"product:availability\" content=\"instock\" \/>\n<meta property=\"product:retailer_item_id\" content=\"831\" \/>\n<meta property=\"product:condition\" content=\"new\" \/>\n<!-- \/ Yoast SEO Premium plugin. -->","yoast_head_json":{"title":"Porcellio scaber \"Pietra di Luna - Insektenliebe","description":"Porcellio scaber \"Moonstone\" - insolito isopode con macchie chiare e marmorizzate. Informazioni su allevamento, terrario, umidit\u00e0, cibo e riproduzione.","robots":{"index":"index","follow":"follow","max-snippet":"max-snippet:-1","max-image-preview":"max-image-preview:large","max-video-preview":"max-video-preview:-1"},"canonical":"https:\/\/insektenliebe.com\/it\/shop\/prodotto\/porcellio-scaber-pietra-di-luna\/","og_locale":"it_IT","og_type":"article","og_title":"Porcellio scaber \"Pietra di Luna","og_description":"Porcellio scaber \"Moonstone\" - insolito isopode con macchie chiare e marmorizzate. Informazioni su allevamento, terrario, umidit\u00e0, cibo e riproduzione.","og_url":"https:\/\/insektenliebe.com\/it\/shop\/prodotto\/porcellio-scaber-pietra-di-luna\/","og_site_name":"Insektenliebe","article_modified_time":"2026-03-29T19:35:19+00:00","og_image":[{"width":820,"height":820,"url":"https:\/\/insektenliebe.com\/wp-content\/uploads\/2026\/03\/Porcellio-scaber-22Moonstone22.jpg","type":"image\/jpeg"}],"twitter_card":"summary_large_image","twitter_misc":{"Prezzo":"18,00&nbsp;&euro; IVA incl., + spese di sped.","Disponibilit\u00e0":"In stock"},"schema":{"@context":"https:\/\/schema.org","@graph":[{"@type":"WebPage","@id":"https:\/\/insektenliebe.com\/it\/shop\/prodotto\/porcellio-scaber-pietra-di-luna\/","url":"https:\/\/insektenliebe.com\/it\/shop\/prodotto\/porcellio-scaber-pietra-di-luna\/","name":"Porcellio scaber \"Pietra di Luna - Insektenliebe","isPartOf":{"@id":"https:\/\/insektenliebe.com\/it\/#website"},"primaryImageOfPage":{"@id":"https:\/\/insektenliebe.com\/it\/shop\/prodotto\/porcellio-scaber-pietra-di-luna\/#primaryimage"},"image":{"@id":"https:\/\/insektenliebe.com\/it\/shop\/prodotto\/porcellio-scaber-pietra-di-luna\/#primaryimage"},"thumbnailUrl":"https:\/\/insektenliebe.com\/wp-content\/uploads\/2026\/03\/Porcellio-scaber-22Moonstone22.jpg","datePublished":"2026-03-11T15:49:19+00:00","dateModified":"2026-03-29T19:35:19+00:00","description":"Porcellio scaber \"Moonstone\" - insolito isopode con macchie chiare e marmorizzate. Informazioni su allevamento, terrario, umidit\u00e0, cibo e riproduzione.","breadcrumb":{"@id":"https:\/\/insektenliebe.com\/it\/shop\/prodotto\/porcellio-scaber-pietra-di-luna\/#breadcrumb"},"inLanguage":"it-IT","potentialAction":[{"@type":"ReadAction","target":["https:\/\/insektenliebe.com\/it\/shop\/prodotto\/porcellio-scaber-pietra-di-luna\/"]}]},{"@type":"ImageObject","inLanguage":"it-IT","@id":"https:\/\/insektenliebe.com\/it\/shop\/prodotto\/porcellio-scaber-pietra-di-luna\/#primaryimage","url":"https:\/\/insektenliebe.com\/wp-content\/uploads\/2026\/03\/Porcellio-scaber-22Moonstone22.jpg","contentUrl":"https:\/\/insektenliebe.com\/wp-content\/uploads\/2026\/03\/Porcellio-scaber-22Moonstone22.jpg","width":820,"height":820,"caption":"Porcellio scaber \"Pietra di Luna"},{"@type":"BreadcrumbList","@id":"https:\/\/insektenliebe.com\/it\/shop\/prodotto\/porcellio-scaber-pietra-di-luna\/#breadcrumb","itemListElement":[{"@type":"ListItem","position":1,"name":"Startseite","item":"https:\/\/insektenliebe.com\/it\/"},{"@type":"ListItem","position":2,"name":"Negozio","item":"https:\/\/insektenliebe.com\/it\/negozio\/"},{"@type":"ListItem","position":3,"name":"Porcellio scaber \"Pietra di Luna"}]},{"@type":"WebSite","@id":"https:\/\/insektenliebe.com\/it\/#website","url":"https:\/\/insektenliebe.com\/it\/","name":"Insektenliebe","description":"Dein Zuhause f\u00fcr die kleinen Lebewesen","publisher":{"@id":"https:\/\/insektenliebe.com\/it\/#organization"},"potentialAction":[{"@type":"SearchAction","target":{"@type":"EntryPoint","urlTemplate":"https:\/\/insektenliebe.com\/it\/?s={search_term_string}"},"query-input":{"@type":"PropertyValueSpecification","valueRequired":true,"valueName":"search_term_string"}}],"inLanguage":"it-IT"},{"@type":"Organization","@id":"https:\/\/insektenliebe.com\/it\/#organization","name":"Insektenliebe","url":"https:\/\/insektenliebe.com\/it\/","logo":{"@type":"ImageObject","inLanguage":"it-IT","@id":"https:\/\/insektenliebe.com\/it\/#\/schema\/logo\/image\/","url":"https:\/\/insektenliebe.com\/wp-content\/uploads\/2025\/03\/logo-white.png","contentUrl":"https:\/\/insektenliebe.com\/wp-content\/uploads\/2025\/03\/logo-white.png","width":288,"height":188,"caption":"Insektenliebe"},"image":{"@id":"https:\/\/insektenliebe.com\/it\/#\/schema\/logo\/image\/"}}]},"product_price_amount":"18.00","product_price_currency":"EUR","og_availability":"instock","product_availability":"instock","product_retailer_item_id":"831","product_condition":"new"},"_links":{"self":[{"href":"https:\/\/insektenliebe.com\/it\/wp-json\/wp\/v2\/product\/193348","targetHints":{"allow":["GET"]}}],"collection":[{"href":"https:\/\/insektenliebe.com\/it\/wp-json\/wp\/v2\/product"}],"about":[{"href":"https:\/\/insektenliebe.com\/it\/wp-json\/wp\/v2\/types\/product"}],"wp:featuredmedia":[{"embeddable":true,"href":"https:\/\/insektenliebe.com\/it\/wp-json\/wp\/v2\/media\/193347"}],"wp:attachment":[{"href":"https:\/\/insektenliebe.com\/it\/wp-json\/wp\/v2\/media?parent=193348"}],"wp:term":[{"taxonomy":"product-supplier","embeddable":true,"href":"https:\/\/insektenliebe.com\/it\/wp-json\/wp\/v2\/product-supplier?post=193348"},{"taxonomy":"product_brand","embeddable":true,"href":"https:\/\/insektenliebe.com\/it\/wp-json\/wp\/v2\/product_brand?post=193348"},{"taxonomy":"product_cat","embeddable":true,"href":"https:\/\/insektenliebe.com\/it\/wp-json\/wp\/v2\/product_cat?post=193348"},{"taxonomy":"product_tag","embeddable":true,"href":"https:\/\/insektenliebe.com\/it\/wp-json\/wp\/v2\/product_tag?post=193348"},{"taxonomy":"lce-checkout-addons","embeddable":true,"href":"https:\/\/insektenliebe.com\/it\/wp-json\/wp\/v2\/lce-checkout-addons?post=193348"}],"curies":[{"name":"wp","href":"https:\/\/api.w.org\/{rel}","templated":true}]}}