{"id":192335,"date":"2026-03-06T11:48:21","date_gmt":"2026-03-06T10:48:21","guid":{"rendered":"https:\/\/insektenliebe.com\/shop\/produkt\/avicularia-metallica\/"},"modified":"2026-03-21T21:35:00","modified_gmt":"2026-03-21T20:35:00","slug":"avicularia-metallica","status":"publish","type":"product","link":"https:\/\/insektenliebe.com\/it\/shop\/prodotto\/avicularia-metallica\/","title":{"rendered":"Avicularia metallica"},"content":{"rendered":"<h3><span class=\"s1\" style=\"color: #99cc33\">Un&#8217;attrazione per gli amanti delle tarantole tropicali<\/span><\/h3>\n<p class=\"p1\"><strong><span class=\"s1\">Avicularia metallica<\/span><\/strong><span class=\"s2\">  \u00e8 una specie di tarantola particolarmente attraente proveniente dal Sud America. Questi animali appartengono alle specie arboricole e trascorrono la maggior parte della loro vita in zone elevate di vegetazione. Per questo motivo, nel terrario hanno bisogno di quanto segue    <\/span><span class=\"s1\">Possibilit\u00e0 di arrampicata e altezza sufficiente<\/span><span class=\"s2\">.<\/span><\/p>\n<p class=\"p1\"><span class=\"s2\">Questa specie si distingue immediatamente per la sua <\/span><span class=\"s1\">lucentezza metallica<\/span><span class=\"s2\">  on. A seconda dell&#8217;incidenza della luce, gli animali appaiono leggermente viola, bluastri o grigi. Questo conferisce all&#8217;<strong>Avicularia metallica<\/strong> un aspetto molto elegante e la rende una delle specie pi\u00f9 interessanti del genere.  <\/span><\/p>\n<p class=\"p1\"><span class=\"s2\">Poich\u00e9 si tratta di una <\/span><span class=\"s1\">tarantola arboricola<\/span><span class=\"s2\">  il terrario dovrebbe essere pi\u00f9 alto che pi\u00f9 largo. I rami, i tubi di sughero o le piante sono particolarmente importanti, in quanto offrono sia la possibilit\u00e0 di arrampicarsi che i luoghi adatti per le ragnatele. Gli animali spesso costruiscono    <\/span><span class=\"s1\">Tubi viventi fatti di ragnatele<\/span><span class=\"s2\">che costruiscono tra i rami o dietro la corteccia.<\/span><\/p>\n<p class=\"p1\"><span class=\"s2\">Anche il clima gioca un ruolo importante. <strong>L&#8217;Avicularia metallica<\/strong> proviene da <\/span><span class=\"s1\">regioni tropicali<\/span><span class=\"s2\">per questo \u00e8 importante un&#8217;umidit\u00e0 pi\u00f9 elevata. Allo stesso tempo, il terrario deve essere ben ventilato. Le specie di Avicularia, in particolare, reagiscono in modo sensibile all&#8217;aria umida e stagnante. Una buona circolazione dell&#8217;aria garantisce quindi un clima stabile e sano.   <\/span><\/p>\n<p class=\"p1\"><span class=\"s2\">I substrati adatti sono <\/span><span class=\"s1\">Humus forestale o un substrato sciolto per terrari<\/span><span class=\"s2\">in grado di immagazzinare bene l&#8217;umidit\u00e0. Di solito \u00e8 sufficiente un angolo leggermente umido nel terrario, in modo che gli animali possano ritirarsi se necessario. <\/span><\/p>\n<p class=\"p1\"><span class=\"s2\">L <strong>&#8216;Avicularia metallica<\/strong> non presenta complicazioni per quanto riguarda l&#8217;alimentazione. <\/span><span class=\"s1\">Grilli, scarafaggi o altri insetti adatti all&#8217;alimentazione<\/span><span class=\"s2\">  sono accettati in modo affidabile. I giovani animali crescono rapidamente con un&#8217;alimentazione regolare e sviluppano gradualmente la loro tipica colorazione. <\/span><\/p>\n<p class=\"p1\"><span class=\"s2\">In termini di comportamento, molte specie di Avicularia sono considerate <\/span><span class=\"s1\">relativamente tranquille<\/span><span class=\"s2\">Tuttavia, spesso reagiscono ai disturbi con rapidi movimenti di fuga. Occorre quindi prestare attenzione quando si apre il terrario. <\/span><\/p>\n<p class=\"p1\"><span class=\"s2\">Grazie al suo aspetto elegante, al suo stile di vita entusiasmante e alla lucentezza del colore metallico <\/span><strong><span class=\"s1\">l&#8217;Avicularia metallica<\/span><\/strong><span class=\"s2\"> \u00e8 una tarantola affascinante per chi vuole tenere un terrario arboreo quasi naturale.<\/span><\/p>\n","protected":false},"excerpt":{"rendered":"<p>Un&#8217;attrazione per gli amanti delle tarantole tropicali Avicularia metallica \u00e8 una specie di tarantola particolarmente attraente proveniente dal Sud America. Questi animali appartengono alle specie arboricole e trascorrono la maggior parte della loro vita in zone elevate di vegetazione. Per questo motivo, nel terrario hanno bisogno di quanto segue Possibilit\u00e0 di arrampicata e altezza sufficiente. [&hellip;]<\/p>\n","protected":false},"featured_media":192319,"template":"","meta":{"_acf_changed":false},"product-supplier":[],"product_brand":[],"product_cat":[3004],"product_tag":[],"lce-checkout-addons":[2746],"class_list":{"0":"post-192335","1":"product","2":"type-product","3":"status-publish","4":"has-post-thumbnail","6":"product_cat-tarantole","7":"product_shipping_class-spedizione-di-animali","8":"pa_geschlecht-donna","9":"pa_geschlecht-indeterminato","10":"pa_geschlecht-uomo","11":"pa_herkunft-guyana","12":"pa_kontinent-sud-america","13":"lce-checkout-addons-imballaggio-invernale","15":"first","16":"outofstock","17":"taxable","18":"shipping-taxable","19":"purchasable","20":"product-type-variable"},"acf":[],"yoast_head":"<!-- This site is optimized with the Yoast SEO plugin v27.3 - https:\/\/yoast.com\/product\/yoast-seo-wordpress\/ -->\n<title>Avicularia metallica - Insektenliebe<\/title>\n<meta name=\"description\" content=\"Avicularia metallica - affascinante tarantola arboricola dalla lucentezza metallica. Ideale per i terrari tropicali.\" \/>\n<meta name=\"robots\" content=\"index, follow, max-snippet:-1, max-image-preview:large, max-video-preview:-1\" \/>\n<link rel=\"canonical\" href=\"https:\/\/insektenliebe.com\/it\/shop\/prodotto\/avicularia-metallica\/\" \/>\n<meta property=\"og:locale\" content=\"it_IT\" \/>\n<meta property=\"og:type\" content=\"article\" \/>\n<meta property=\"og:title\" content=\"Avicularia metallica - Insektenliebe\" \/>\n<meta property=\"og:description\" content=\"Avicularia metallica - affascinante tarantola arboricola dalla lucentezza metallica. Ideale per i terrari tropicali.\" \/>\n<meta property=\"og:url\" content=\"https:\/\/insektenliebe.com\/it\/shop\/prodotto\/avicularia-metallica\/\" \/>\n<meta property=\"og:site_name\" content=\"Insektenliebe\" \/>\n<meta property=\"article:modified_time\" content=\"2026-03-21T20:35:00+00:00\" \/>\n<meta property=\"og:image\" content=\"https:\/\/insektenliebe.com\/wp-content\/uploads\/2026\/03\/Avicularia-metallica.jpg\" \/>\n\t<meta property=\"og:image:width\" content=\"820\" \/>\n\t<meta property=\"og:image:height\" content=\"820\" \/>\n\t<meta property=\"og:image:type\" content=\"image\/jpeg\" \/>\n<meta name=\"twitter:card\" content=\"summary_large_image\" \/>\n<meta name=\"twitter:label1\" content=\"Tempo di lettura stimato\" \/>\n\t<meta name=\"twitter:data1\" content=\"2 minuto\" \/>\n<script type=\"application\/ld+json\" class=\"yoast-schema-graph\">{\"@context\":\"https:\\\/\\\/schema.org\",\"@graph\":[{\"@type\":\"WebPage\",\"@id\":\"https:\\\/\\\/insektenliebe.com\\\/it\\\/shop\\\/prodotto\\\/avicularia-metallica\\\/\",\"url\":\"https:\\\/\\\/insektenliebe.com\\\/it\\\/shop\\\/prodotto\\\/avicularia-metallica\\\/\",\"name\":\"Avicularia metallica - Insektenliebe\",\"isPartOf\":{\"@id\":\"https:\\\/\\\/insektenliebe.com\\\/it\\\/#website\"},\"primaryImageOfPage\":{\"@id\":\"https:\\\/\\\/insektenliebe.com\\\/it\\\/shop\\\/prodotto\\\/avicularia-metallica\\\/#primaryimage\"},\"image\":{\"@id\":\"https:\\\/\\\/insektenliebe.com\\\/it\\\/shop\\\/prodotto\\\/avicularia-metallica\\\/#primaryimage\"},\"thumbnailUrl\":\"https:\\\/\\\/insektenliebe.com\\\/wp-content\\\/uploads\\\/2026\\\/03\\\/Avicularia-metallica.jpg\",\"datePublished\":\"2026-03-06T10:48:21+00:00\",\"dateModified\":\"2026-03-21T20:35:00+00:00\",\"description\":\"Avicularia metallica - affascinante tarantola arboricola dalla lucentezza metallica. Ideale per i terrari tropicali.\",\"breadcrumb\":{\"@id\":\"https:\\\/\\\/insektenliebe.com\\\/it\\\/shop\\\/prodotto\\\/avicularia-metallica\\\/#breadcrumb\"},\"inLanguage\":\"it-IT\",\"potentialAction\":[{\"@type\":\"ReadAction\",\"target\":[\"https:\\\/\\\/insektenliebe.com\\\/it\\\/shop\\\/prodotto\\\/avicularia-metallica\\\/\"]}]},{\"@type\":\"ImageObject\",\"inLanguage\":\"it-IT\",\"@id\":\"https:\\\/\\\/insektenliebe.com\\\/it\\\/shop\\\/prodotto\\\/avicularia-metallica\\\/#primaryimage\",\"url\":\"https:\\\/\\\/insektenliebe.com\\\/wp-content\\\/uploads\\\/2026\\\/03\\\/Avicularia-metallica.jpg\",\"contentUrl\":\"https:\\\/\\\/insektenliebe.com\\\/wp-content\\\/uploads\\\/2026\\\/03\\\/Avicularia-metallica.jpg\",\"width\":820,\"height\":820,\"caption\":\"Avicularia metallica\"},{\"@type\":\"BreadcrumbList\",\"@id\":\"https:\\\/\\\/insektenliebe.com\\\/it\\\/shop\\\/prodotto\\\/avicularia-metallica\\\/#breadcrumb\",\"itemListElement\":[{\"@type\":\"ListItem\",\"position\":1,\"name\":\"Startseite\",\"item\":\"https:\\\/\\\/insektenliebe.com\\\/it\\\/\"},{\"@type\":\"ListItem\",\"position\":2,\"name\":\"Negozio\",\"item\":\"https:\\\/\\\/insektenliebe.com\\\/it\\\/negozio\\\/\"},{\"@type\":\"ListItem\",\"position\":3,\"name\":\"Avicularia metallica\"}]},{\"@type\":\"WebSite\",\"@id\":\"https:\\\/\\\/insektenliebe.com\\\/it\\\/#website\",\"url\":\"https:\\\/\\\/insektenliebe.com\\\/it\\\/\",\"name\":\"Insektenliebe\",\"description\":\"Dein Zuhause f\u00fcr die kleinen Lebewesen\",\"publisher\":{\"@id\":\"https:\\\/\\\/insektenliebe.com\\\/it\\\/#organization\"},\"potentialAction\":[{\"@type\":\"SearchAction\",\"target\":{\"@type\":\"EntryPoint\",\"urlTemplate\":\"https:\\\/\\\/insektenliebe.com\\\/it\\\/?s={search_term_string}\"},\"query-input\":{\"@type\":\"PropertyValueSpecification\",\"valueRequired\":true,\"valueName\":\"search_term_string\"}}],\"inLanguage\":\"it-IT\"},{\"@type\":\"Organization\",\"@id\":\"https:\\\/\\\/insektenliebe.com\\\/it\\\/#organization\",\"name\":\"Insektenliebe\",\"url\":\"https:\\\/\\\/insektenliebe.com\\\/it\\\/\",\"logo\":{\"@type\":\"ImageObject\",\"inLanguage\":\"it-IT\",\"@id\":\"https:\\\/\\\/insektenliebe.com\\\/it\\\/#\\\/schema\\\/logo\\\/image\\\/\",\"url\":\"https:\\\/\\\/insektenliebe.com\\\/wp-content\\\/uploads\\\/2025\\\/03\\\/logo-white.png\",\"contentUrl\":\"https:\\\/\\\/insektenliebe.com\\\/wp-content\\\/uploads\\\/2025\\\/03\\\/logo-white.png\",\"width\":288,\"height\":188,\"caption\":\"Insektenliebe\"},\"image\":{\"@id\":\"https:\\\/\\\/insektenliebe.com\\\/it\\\/#\\\/schema\\\/logo\\\/image\\\/\"}}]}<\/script>\n<!-- \/ Yoast SEO plugin. -->","yoast_head_json":{"title":"Avicularia metallica - Insektenliebe","description":"Avicularia metallica - affascinante tarantola arboricola dalla lucentezza metallica. Ideale per i terrari tropicali.","robots":{"index":"index","follow":"follow","max-snippet":"max-snippet:-1","max-image-preview":"max-image-preview:large","max-video-preview":"max-video-preview:-1"},"canonical":"https:\/\/insektenliebe.com\/it\/shop\/prodotto\/avicularia-metallica\/","og_locale":"it_IT","og_type":"article","og_title":"Avicularia metallica - Insektenliebe","og_description":"Avicularia metallica - affascinante tarantola arboricola dalla lucentezza metallica. Ideale per i terrari tropicali.","og_url":"https:\/\/insektenliebe.com\/it\/shop\/prodotto\/avicularia-metallica\/","og_site_name":"Insektenliebe","article_modified_time":"2026-03-21T20:35:00+00:00","og_image":[{"width":820,"height":820,"url":"https:\/\/insektenliebe.com\/wp-content\/uploads\/2026\/03\/Avicularia-metallica.jpg","type":"image\/jpeg"}],"twitter_card":"summary_large_image","twitter_misc":{"Tempo di lettura stimato":"2 minuto"},"schema":{"@context":"https:\/\/schema.org","@graph":[{"@type":"WebPage","@id":"https:\/\/insektenliebe.com\/it\/shop\/prodotto\/avicularia-metallica\/","url":"https:\/\/insektenliebe.com\/it\/shop\/prodotto\/avicularia-metallica\/","name":"Avicularia metallica - Insektenliebe","isPartOf":{"@id":"https:\/\/insektenliebe.com\/it\/#website"},"primaryImageOfPage":{"@id":"https:\/\/insektenliebe.com\/it\/shop\/prodotto\/avicularia-metallica\/#primaryimage"},"image":{"@id":"https:\/\/insektenliebe.com\/it\/shop\/prodotto\/avicularia-metallica\/#primaryimage"},"thumbnailUrl":"https:\/\/insektenliebe.com\/wp-content\/uploads\/2026\/03\/Avicularia-metallica.jpg","datePublished":"2026-03-06T10:48:21+00:00","dateModified":"2026-03-21T20:35:00+00:00","description":"Avicularia metallica - affascinante tarantola arboricola dalla lucentezza metallica. Ideale per i terrari tropicali.","breadcrumb":{"@id":"https:\/\/insektenliebe.com\/it\/shop\/prodotto\/avicularia-metallica\/#breadcrumb"},"inLanguage":"it-IT","potentialAction":[{"@type":"ReadAction","target":["https:\/\/insektenliebe.com\/it\/shop\/prodotto\/avicularia-metallica\/"]}]},{"@type":"ImageObject","inLanguage":"it-IT","@id":"https:\/\/insektenliebe.com\/it\/shop\/prodotto\/avicularia-metallica\/#primaryimage","url":"https:\/\/insektenliebe.com\/wp-content\/uploads\/2026\/03\/Avicularia-metallica.jpg","contentUrl":"https:\/\/insektenliebe.com\/wp-content\/uploads\/2026\/03\/Avicularia-metallica.jpg","width":820,"height":820,"caption":"Avicularia metallica"},{"@type":"BreadcrumbList","@id":"https:\/\/insektenliebe.com\/it\/shop\/prodotto\/avicularia-metallica\/#breadcrumb","itemListElement":[{"@type":"ListItem","position":1,"name":"Startseite","item":"https:\/\/insektenliebe.com\/it\/"},{"@type":"ListItem","position":2,"name":"Negozio","item":"https:\/\/insektenliebe.com\/it\/negozio\/"},{"@type":"ListItem","position":3,"name":"Avicularia metallica"}]},{"@type":"WebSite","@id":"https:\/\/insektenliebe.com\/it\/#website","url":"https:\/\/insektenliebe.com\/it\/","name":"Insektenliebe","description":"Dein Zuhause f\u00fcr die kleinen Lebewesen","publisher":{"@id":"https:\/\/insektenliebe.com\/it\/#organization"},"potentialAction":[{"@type":"SearchAction","target":{"@type":"EntryPoint","urlTemplate":"https:\/\/insektenliebe.com\/it\/?s={search_term_string}"},"query-input":{"@type":"PropertyValueSpecification","valueRequired":true,"valueName":"search_term_string"}}],"inLanguage":"it-IT"},{"@type":"Organization","@id":"https:\/\/insektenliebe.com\/it\/#organization","name":"Insektenliebe","url":"https:\/\/insektenliebe.com\/it\/","logo":{"@type":"ImageObject","inLanguage":"it-IT","@id":"https:\/\/insektenliebe.com\/it\/#\/schema\/logo\/image\/","url":"https:\/\/insektenliebe.com\/wp-content\/uploads\/2025\/03\/logo-white.png","contentUrl":"https:\/\/insektenliebe.com\/wp-content\/uploads\/2025\/03\/logo-white.png","width":288,"height":188,"caption":"Insektenliebe"},"image":{"@id":"https:\/\/insektenliebe.com\/it\/#\/schema\/logo\/image\/"}}]}},"_links":{"self":[{"href":"https:\/\/insektenliebe.com\/it\/wp-json\/wp\/v2\/product\/192335","targetHints":{"allow":["GET"]}}],"collection":[{"href":"https:\/\/insektenliebe.com\/it\/wp-json\/wp\/v2\/product"}],"about":[{"href":"https:\/\/insektenliebe.com\/it\/wp-json\/wp\/v2\/types\/product"}],"wp:featuredmedia":[{"embeddable":true,"href":"https:\/\/insektenliebe.com\/it\/wp-json\/wp\/v2\/media\/192319"}],"wp:attachment":[{"href":"https:\/\/insektenliebe.com\/it\/wp-json\/wp\/v2\/media?parent=192335"}],"wp:term":[{"taxonomy":"product-supplier","embeddable":true,"href":"https:\/\/insektenliebe.com\/it\/wp-json\/wp\/v2\/product-supplier?post=192335"},{"taxonomy":"product_brand","embeddable":true,"href":"https:\/\/insektenliebe.com\/it\/wp-json\/wp\/v2\/product_brand?post=192335"},{"taxonomy":"product_cat","embeddable":true,"href":"https:\/\/insektenliebe.com\/it\/wp-json\/wp\/v2\/product_cat?post=192335"},{"taxonomy":"product_tag","embeddable":true,"href":"https:\/\/insektenliebe.com\/it\/wp-json\/wp\/v2\/product_tag?post=192335"},{"taxonomy":"lce-checkout-addons","embeddable":true,"href":"https:\/\/insektenliebe.com\/it\/wp-json\/wp\/v2\/lce-checkout-addons?post=192335"}],"curies":[{"name":"wp","href":"https:\/\/api.w.org\/{rel}","templated":true}]}}