{"id":192311,"date":"2026-03-06T11:28:10","date_gmt":"2026-03-06T10:28:10","guid":{"rendered":"https:\/\/insektenliebe.com\/shop\/produkt\/lasiodora-klugi\/"},"modified":"2026-03-29T21:39:31","modified_gmt":"2026-03-29T19:39:31","slug":"lasiodora-klugi","status":"publish","type":"product","link":"https:\/\/insektenliebe.com\/it\/shop\/prodotto\/lasiodora-klugi\/","title":{"rendered":"Lasiodora klugi"},"content":{"rendered":"<h3><span style=\"color: #99cc33\"><span class=\"s1\">Lasiodora klugi - <\/span><span class=\"s1\">Dimensioni impressionanti e comportamento tranquillo<\/span><\/span><\/h3>\n<p class=\"p1\"><strong><span class=\"s1\">Lasiodora klugi<\/span><\/strong><span class=\"s2\">  \u00e8 una delle tarantole pi\u00f9 grandi e imponenti dell&#8217;hobby del terrario. Questa specie \u00e8 originaria delle regioni tropicali del Sud America e si trova principalmente in Brasile. Vive principalmente a terra, in terreni sciolti, dove ama nascondersi sotto le radici, le pietre o in tane auto-create.  <\/span><\/p>\n<p class=\"p1\"><span class=\"s2\">Gli animali raggiungono una <\/span><span class=\"s1\">dimensioni considerevoli del corpo e dell&#8217;apertura alare<\/span><span class=\"s2\">che li fa apparire particolarmente imponenti. Il loro corpo \u00e8 fortemente costruito e densamente peloso. La colorazione scura di base \u00e8 completata da peli leggermente rossastri o marroncini, che sono particolarmente belli con la giusta luce. Per le sue dimensioni e il suo aspetto, la <strong>Lasiodora klugi<\/strong> \u00e8 una delle specie di tarantola che attira immediatamente l&#8217;attenzione nel terrario.   <\/span><\/p>\n<p class=\"p1\"><span class=\"s2\">L&#8217;ideale per la conservazione \u00e8 un <\/span><span class=\"s1\">un terrario spazioso con un substrato sufficiente<\/span><span class=\"s2\">. Trattandosi di una specie che vive al suolo, \u00e8 particolarmente importante un alto strato di substrato. Questo permette al ragno di scavare o di creare un rifugio protetto. Inoltre, pezzi di corteccia, radici o altre strutture forniscono nascondigli e un design quasi naturale.  <\/span><\/p>\n<p class=\"p1\"><span class=\"s2\">L&#8217;umidit\u00e0 deve essere mantenuta moderata. Un angolo leggermente umido nel terrario \u00e8 solitamente sufficiente per permettere agli animali di ritirarsi durante la muta. Allo stesso tempo, il terrario deve essere ben ventilato in modo che non si formi aria umida e stagnante.  <\/span><\/p>\n<p class=\"p1\"><span class=\"s2\"><strong>La Lasiodora klugi<\/strong> \u00e8 considerata una tarantola <\/span><span class=\"s1\">tarantola robusta e abbastanza adattabile<\/span><span class=\"s2\">. Tuttavia, le loro dimensioni e il loro temperamento non devono essere sottovalutati. Gli animali possono essere piuttosto difensivi quando vengono disturbati e hanno forti peli urticanti che usano per difendersi. <\/span><\/p>\n<p class=\"p1\"><span class=\"s2\">La specie \u00e8 molto semplice per quanto riguarda l&#8217;alimentazione.  <\/span><span class=\"s1\">Grilli, scarafaggi o altri insetti adatti al consumo.<\/span><span class=\"s2\">  sono accettati in modo affidabile. Date le sue dimensioni, la <strong>Lasiodora klugi<\/strong> ha un buon appetito e cresce rapidamente se alimentata regolarmente. <\/span><\/p>\n<p class=\"p1\"><span class=\"s2\">Le dimensioni impressionanti, l&#8217;aspetto possente e il comportamento entusiasmante rendono la <\/span><strong><span class=\"s1\">Lasiodora klugi<\/span><\/strong><span class=\"s2\">  \u00e8 una delle specie di tarantola pi\u00f9 impressionanti in assoluto. In un terrario ben progettato, questa specie \u00e8 eccellente da osservare e diventa rapidamente il fulcro di qualsiasi terrario. <\/span><\/p>\n","protected":false},"excerpt":{"rendered":"<p>Lasiodora klugi - Dimensioni impressionanti e comportamento tranquillo Lasiodora klugi \u00e8 una delle tarantole pi\u00f9 grandi e imponenti dell&#8217;hobby del terrario. Questa specie \u00e8 originaria delle regioni tropicali del Sud America e si trova principalmente in Brasile. Vive principalmente a terra, in terreni sciolti, dove ama nascondersi sotto le radici, le pietre o in tane [&hellip;]<\/p>\n","protected":false},"featured_media":192310,"template":"","meta":{"_acf_changed":false},"product-supplier":[],"product_brand":[],"product_cat":[3004],"product_tag":[],"lce-checkout-addons":[2746],"class_list":{"0":"post-192311","1":"product","2":"type-product","3":"status-publish","4":"has-post-thumbnail","6":"product_cat-tarantole","7":"product_shipping_class-spedizione-di-animali","8":"pa_geschlecht-donna","9":"pa_geschlecht-indeterminato","10":"pa_geschlecht-uomo","11":"pa_herkunft-brasile","12":"pa_kontinent-sud-america","13":"lce-checkout-addons-imballaggio-invernale","15":"first","16":"instock","17":"taxable","18":"shipping-taxable","19":"purchasable","20":"product-type-variable"},"acf":[],"yoast_head":"<!-- This site is optimized with the Yoast SEO plugin v27.3 - https:\/\/yoast.com\/product\/yoast-seo-wordpress\/ -->\n<title>Lasiodora klugi - Insektenliebe<\/title>\n<meta name=\"description\" content=\"Lasiodora klugi - grande tarantola sudamericana dall&#039;aspetto imponente. Specie robusta per terrari spaziosi.\" \/>\n<meta name=\"robots\" content=\"index, follow, max-snippet:-1, max-image-preview:large, max-video-preview:-1\" \/>\n<link rel=\"canonical\" href=\"https:\/\/insektenliebe.com\/it\/shop\/prodotto\/lasiodora-klugi\/\" \/>\n<meta property=\"og:locale\" content=\"it_IT\" \/>\n<meta property=\"og:type\" content=\"article\" \/>\n<meta property=\"og:title\" content=\"Lasiodora klugi - Insektenliebe\" \/>\n<meta property=\"og:description\" content=\"Lasiodora klugi - grande tarantola sudamericana dall&#039;aspetto imponente. Specie robusta per terrari spaziosi.\" \/>\n<meta property=\"og:url\" content=\"https:\/\/insektenliebe.com\/it\/shop\/prodotto\/lasiodora-klugi\/\" \/>\n<meta property=\"og:site_name\" content=\"Insektenliebe\" \/>\n<meta property=\"article:modified_time\" content=\"2026-03-29T19:39:31+00:00\" \/>\n<meta property=\"og:image\" content=\"https:\/\/insektenliebe.com\/wp-content\/uploads\/2026\/03\/Lasiodora-klugi.jpg\" \/>\n\t<meta property=\"og:image:width\" content=\"820\" \/>\n\t<meta property=\"og:image:height\" content=\"820\" \/>\n\t<meta property=\"og:image:type\" content=\"image\/jpeg\" \/>\n<meta name=\"twitter:card\" content=\"summary_large_image\" \/>\n<meta name=\"twitter:label1\" content=\"Tempo di lettura stimato\" \/>\n\t<meta name=\"twitter:data1\" content=\"2 minuto\" \/>\n<script type=\"application\/ld+json\" class=\"yoast-schema-graph\">{\"@context\":\"https:\\\/\\\/schema.org\",\"@graph\":[{\"@type\":\"WebPage\",\"@id\":\"https:\\\/\\\/insektenliebe.com\\\/it\\\/shop\\\/prodotto\\\/lasiodora-klugi\\\/\",\"url\":\"https:\\\/\\\/insektenliebe.com\\\/it\\\/shop\\\/prodotto\\\/lasiodora-klugi\\\/\",\"name\":\"Lasiodora klugi - Insektenliebe\",\"isPartOf\":{\"@id\":\"https:\\\/\\\/insektenliebe.com\\\/it\\\/#website\"},\"primaryImageOfPage\":{\"@id\":\"https:\\\/\\\/insektenliebe.com\\\/it\\\/shop\\\/prodotto\\\/lasiodora-klugi\\\/#primaryimage\"},\"image\":{\"@id\":\"https:\\\/\\\/insektenliebe.com\\\/it\\\/shop\\\/prodotto\\\/lasiodora-klugi\\\/#primaryimage\"},\"thumbnailUrl\":\"https:\\\/\\\/insektenliebe.com\\\/wp-content\\\/uploads\\\/2026\\\/03\\\/Lasiodora-klugi.jpg\",\"datePublished\":\"2026-03-06T10:28:10+00:00\",\"dateModified\":\"2026-03-29T19:39:31+00:00\",\"description\":\"Lasiodora klugi - grande tarantola sudamericana dall'aspetto imponente. Specie robusta per terrari spaziosi.\",\"breadcrumb\":{\"@id\":\"https:\\\/\\\/insektenliebe.com\\\/it\\\/shop\\\/prodotto\\\/lasiodora-klugi\\\/#breadcrumb\"},\"inLanguage\":\"it-IT\",\"potentialAction\":[{\"@type\":\"ReadAction\",\"target\":[\"https:\\\/\\\/insektenliebe.com\\\/it\\\/shop\\\/prodotto\\\/lasiodora-klugi\\\/\"]}]},{\"@type\":\"ImageObject\",\"inLanguage\":\"it-IT\",\"@id\":\"https:\\\/\\\/insektenliebe.com\\\/it\\\/shop\\\/prodotto\\\/lasiodora-klugi\\\/#primaryimage\",\"url\":\"https:\\\/\\\/insektenliebe.com\\\/wp-content\\\/uploads\\\/2026\\\/03\\\/Lasiodora-klugi.jpg\",\"contentUrl\":\"https:\\\/\\\/insektenliebe.com\\\/wp-content\\\/uploads\\\/2026\\\/03\\\/Lasiodora-klugi.jpg\",\"width\":820,\"height\":820,\"caption\":\"Lasiodora klugi\"},{\"@type\":\"BreadcrumbList\",\"@id\":\"https:\\\/\\\/insektenliebe.com\\\/it\\\/shop\\\/prodotto\\\/lasiodora-klugi\\\/#breadcrumb\",\"itemListElement\":[{\"@type\":\"ListItem\",\"position\":1,\"name\":\"Startseite\",\"item\":\"https:\\\/\\\/insektenliebe.com\\\/it\\\/\"},{\"@type\":\"ListItem\",\"position\":2,\"name\":\"Negozio\",\"item\":\"https:\\\/\\\/insektenliebe.com\\\/it\\\/negozio\\\/\"},{\"@type\":\"ListItem\",\"position\":3,\"name\":\"Lasiodora klugi\"}]},{\"@type\":\"WebSite\",\"@id\":\"https:\\\/\\\/insektenliebe.com\\\/it\\\/#website\",\"url\":\"https:\\\/\\\/insektenliebe.com\\\/it\\\/\",\"name\":\"Insektenliebe\",\"description\":\"Dein Zuhause f\u00fcr die kleinen Lebewesen\",\"publisher\":{\"@id\":\"https:\\\/\\\/insektenliebe.com\\\/it\\\/#organization\"},\"potentialAction\":[{\"@type\":\"SearchAction\",\"target\":{\"@type\":\"EntryPoint\",\"urlTemplate\":\"https:\\\/\\\/insektenliebe.com\\\/it\\\/?s={search_term_string}\"},\"query-input\":{\"@type\":\"PropertyValueSpecification\",\"valueRequired\":true,\"valueName\":\"search_term_string\"}}],\"inLanguage\":\"it-IT\"},{\"@type\":\"Organization\",\"@id\":\"https:\\\/\\\/insektenliebe.com\\\/it\\\/#organization\",\"name\":\"Insektenliebe\",\"url\":\"https:\\\/\\\/insektenliebe.com\\\/it\\\/\",\"logo\":{\"@type\":\"ImageObject\",\"inLanguage\":\"it-IT\",\"@id\":\"https:\\\/\\\/insektenliebe.com\\\/it\\\/#\\\/schema\\\/logo\\\/image\\\/\",\"url\":\"https:\\\/\\\/insektenliebe.com\\\/wp-content\\\/uploads\\\/2025\\\/03\\\/logo-white.png\",\"contentUrl\":\"https:\\\/\\\/insektenliebe.com\\\/wp-content\\\/uploads\\\/2025\\\/03\\\/logo-white.png\",\"width\":288,\"height\":188,\"caption\":\"Insektenliebe\"},\"image\":{\"@id\":\"https:\\\/\\\/insektenliebe.com\\\/it\\\/#\\\/schema\\\/logo\\\/image\\\/\"}}]}<\/script>\n<!-- \/ Yoast SEO plugin. -->","yoast_head_json":{"title":"Lasiodora klugi - Insektenliebe","description":"Lasiodora klugi - grande tarantola sudamericana dall'aspetto imponente. Specie robusta per terrari spaziosi.","robots":{"index":"index","follow":"follow","max-snippet":"max-snippet:-1","max-image-preview":"max-image-preview:large","max-video-preview":"max-video-preview:-1"},"canonical":"https:\/\/insektenliebe.com\/it\/shop\/prodotto\/lasiodora-klugi\/","og_locale":"it_IT","og_type":"article","og_title":"Lasiodora klugi - Insektenliebe","og_description":"Lasiodora klugi - grande tarantola sudamericana dall'aspetto imponente. Specie robusta per terrari spaziosi.","og_url":"https:\/\/insektenliebe.com\/it\/shop\/prodotto\/lasiodora-klugi\/","og_site_name":"Insektenliebe","article_modified_time":"2026-03-29T19:39:31+00:00","og_image":[{"width":820,"height":820,"url":"https:\/\/insektenliebe.com\/wp-content\/uploads\/2026\/03\/Lasiodora-klugi.jpg","type":"image\/jpeg"}],"twitter_card":"summary_large_image","twitter_misc":{"Tempo di lettura stimato":"2 minuto"},"schema":{"@context":"https:\/\/schema.org","@graph":[{"@type":"WebPage","@id":"https:\/\/insektenliebe.com\/it\/shop\/prodotto\/lasiodora-klugi\/","url":"https:\/\/insektenliebe.com\/it\/shop\/prodotto\/lasiodora-klugi\/","name":"Lasiodora klugi - Insektenliebe","isPartOf":{"@id":"https:\/\/insektenliebe.com\/it\/#website"},"primaryImageOfPage":{"@id":"https:\/\/insektenliebe.com\/it\/shop\/prodotto\/lasiodora-klugi\/#primaryimage"},"image":{"@id":"https:\/\/insektenliebe.com\/it\/shop\/prodotto\/lasiodora-klugi\/#primaryimage"},"thumbnailUrl":"https:\/\/insektenliebe.com\/wp-content\/uploads\/2026\/03\/Lasiodora-klugi.jpg","datePublished":"2026-03-06T10:28:10+00:00","dateModified":"2026-03-29T19:39:31+00:00","description":"Lasiodora klugi - grande tarantola sudamericana dall'aspetto imponente. Specie robusta per terrari spaziosi.","breadcrumb":{"@id":"https:\/\/insektenliebe.com\/it\/shop\/prodotto\/lasiodora-klugi\/#breadcrumb"},"inLanguage":"it-IT","potentialAction":[{"@type":"ReadAction","target":["https:\/\/insektenliebe.com\/it\/shop\/prodotto\/lasiodora-klugi\/"]}]},{"@type":"ImageObject","inLanguage":"it-IT","@id":"https:\/\/insektenliebe.com\/it\/shop\/prodotto\/lasiodora-klugi\/#primaryimage","url":"https:\/\/insektenliebe.com\/wp-content\/uploads\/2026\/03\/Lasiodora-klugi.jpg","contentUrl":"https:\/\/insektenliebe.com\/wp-content\/uploads\/2026\/03\/Lasiodora-klugi.jpg","width":820,"height":820,"caption":"Lasiodora klugi"},{"@type":"BreadcrumbList","@id":"https:\/\/insektenliebe.com\/it\/shop\/prodotto\/lasiodora-klugi\/#breadcrumb","itemListElement":[{"@type":"ListItem","position":1,"name":"Startseite","item":"https:\/\/insektenliebe.com\/it\/"},{"@type":"ListItem","position":2,"name":"Negozio","item":"https:\/\/insektenliebe.com\/it\/negozio\/"},{"@type":"ListItem","position":3,"name":"Lasiodora klugi"}]},{"@type":"WebSite","@id":"https:\/\/insektenliebe.com\/it\/#website","url":"https:\/\/insektenliebe.com\/it\/","name":"Insektenliebe","description":"Dein Zuhause f\u00fcr die kleinen Lebewesen","publisher":{"@id":"https:\/\/insektenliebe.com\/it\/#organization"},"potentialAction":[{"@type":"SearchAction","target":{"@type":"EntryPoint","urlTemplate":"https:\/\/insektenliebe.com\/it\/?s={search_term_string}"},"query-input":{"@type":"PropertyValueSpecification","valueRequired":true,"valueName":"search_term_string"}}],"inLanguage":"it-IT"},{"@type":"Organization","@id":"https:\/\/insektenliebe.com\/it\/#organization","name":"Insektenliebe","url":"https:\/\/insektenliebe.com\/it\/","logo":{"@type":"ImageObject","inLanguage":"it-IT","@id":"https:\/\/insektenliebe.com\/it\/#\/schema\/logo\/image\/","url":"https:\/\/insektenliebe.com\/wp-content\/uploads\/2025\/03\/logo-white.png","contentUrl":"https:\/\/insektenliebe.com\/wp-content\/uploads\/2025\/03\/logo-white.png","width":288,"height":188,"caption":"Insektenliebe"},"image":{"@id":"https:\/\/insektenliebe.com\/it\/#\/schema\/logo\/image\/"}}]}},"_links":{"self":[{"href":"https:\/\/insektenliebe.com\/it\/wp-json\/wp\/v2\/product\/192311","targetHints":{"allow":["GET"]}}],"collection":[{"href":"https:\/\/insektenliebe.com\/it\/wp-json\/wp\/v2\/product"}],"about":[{"href":"https:\/\/insektenliebe.com\/it\/wp-json\/wp\/v2\/types\/product"}],"wp:featuredmedia":[{"embeddable":true,"href":"https:\/\/insektenliebe.com\/it\/wp-json\/wp\/v2\/media\/192310"}],"wp:attachment":[{"href":"https:\/\/insektenliebe.com\/it\/wp-json\/wp\/v2\/media?parent=192311"}],"wp:term":[{"taxonomy":"product-supplier","embeddable":true,"href":"https:\/\/insektenliebe.com\/it\/wp-json\/wp\/v2\/product-supplier?post=192311"},{"taxonomy":"product_brand","embeddable":true,"href":"https:\/\/insektenliebe.com\/it\/wp-json\/wp\/v2\/product_brand?post=192311"},{"taxonomy":"product_cat","embeddable":true,"href":"https:\/\/insektenliebe.com\/it\/wp-json\/wp\/v2\/product_cat?post=192311"},{"taxonomy":"product_tag","embeddable":true,"href":"https:\/\/insektenliebe.com\/it\/wp-json\/wp\/v2\/product_tag?post=192311"},{"taxonomy":"lce-checkout-addons","embeddable":true,"href":"https:\/\/insektenliebe.com\/it\/wp-json\/wp\/v2\/lce-checkout-addons?post=192311"}],"curies":[{"name":"wp","href":"https:\/\/api.w.org\/{rel}","templated":true}]}}