{"id":192179,"date":"2026-03-05T17:45:51","date_gmt":"2026-03-05T16:45:51","guid":{"rendered":"https:\/\/insektenliebe.com\/shop\/produkt\/armadillidium-gestroi-via-lattea\/"},"modified":"2026-03-29T21:40:26","modified_gmt":"2026-03-29T19:40:26","slug":"armadillidium-gestroi-via-lattea","status":"publish","type":"product","link":"https:\/\/insektenliebe.com\/it\/shop\/prodotto\/armadillidium-gestroi-via-lattea\/","title":{"rendered":"Armadillidium gestroi \"Via Lattea"},"content":{"rendered":"<h3 class=\"p1\"><span style=\"color: #99cc33\"><strong><span class=\"s1\">Armadillidium gestroi \"Milky Way\" - Tranquilli e bellissimi abitanti del terrario<\/span><\/strong><\/span><\/h3>\n<p class=\"p2\"><span class=\"s2\">Il <\/span><strong><span class=\"s3\">Armadillidium gestroi \"Via Lattea<\/span><\/strong><span class=\"s2\">  \u00e8 una delle forme cromatiche particolarmente appariscenti dei popolari isopodi puffer. Il loro nome non \u00e8 una coincidenza. I bordi chiari del segmento lattiginoso sembrano piccole stelle su uno sfondo pi\u00f9 scuro.  Di conseguenza, il modello di molti animali ricorda un  <\/span><span class=\"s3\">una piccola galassia o una strada stellare<\/span><span class=\"s2\">.<\/span><\/p>\n<p class=\"p2\"><span class=\"s2\">Questi contrasti sono particolarmente efficaci nei terrari ben arredati. Quando gli animali camminano su corteccia, muschio o legno, il loro carapace appare quasi leggermente trasparente. La struttura dei segmenti \u00e8 ben visibile. Questo rende l&#8217;aspetto degli animali particolarmente interessante e vivace.   <\/span><\/p>\n<p class=\"p2\"><span class=\"s2\">L&#8217;Armadillidium gestroi proviene originariamente da <\/span><span class=\"s3\">Europa meridionale<\/span><span class=\"s2\">soprattutto in Italia. Qui questi isopodi vivono in habitat caldi e ricchi di strutture. Si nascondono sotto le pietre, in strati di foglie o tra il legno marcio. Questo ambiente pu\u00f2 essere facilmente ricreato nel terrario.   <\/span><\/p>\n<p class=\"p2\"><span class=\"s2\">Una caratteristica particolare di questa specie \u00e8 la tipica capacit\u00e0 degli <\/span><span class=\"s3\">isopodi<\/span><span class=\"s2\">. Quando vengono disturbati, gli animali si arrotolano completamente. Questo protegge la loro morbida parte inferiore del corpo e allo stesso tempo li fa sembrare delle piccole sfere viventi. <\/span><\/p>\n<p class=\"p2\"><span class=\"s2\">Nel terrario, le cocciniglie della Via Lattea sono solitamente tranquille, ma abbastanza attive. Escono pi\u00f9 spesso, soprattutto la sera o quando l&#8217;umidit\u00e0 \u00e8 elevata. \u00c8 facile osservare gli animali mentre si aggirano su pezzi di legno o tra il fogliame.  <\/span><\/p>\n<p class=\"p2\"><span class=\"s2\">Un substrato ricco di <\/span><span class=\"s3\">substrato ricco di struttura<\/span><span class=\"s2\">  dall&#8217;humus della foresta, dalle foglie e dal legno marcio. Il fogliame \u00e8 un&#8217;importante fonte di cibo. Il faggio e la quercia sono particolarmente apprezzati.  Gli animali amano anche mangiare verdure o speciali  <\/span><span class=\"s3\">cibo per isopodi<\/span><span class=\"s2\"> a.<\/span><\/p>\n<p class=\"p2\"><span class=\"s2\">Come molti isopodi, anche l&#8217;Armadillidium gestroi necessita di una <\/span><span class=\"s3\">fonte di calcio<\/span><span class=\"s2\">. Le conchiglie delle seppie o i materiali calcarei favoriscono la formazione del loro carapace.<\/span><\/p>\n<p class=\"p2\"><span class=\"s2\">Un leggero <\/span><span class=\"s3\">gradiente di umidit\u00e0 nel terrario<\/span><span class=\"s2\">  funziona molto bene. Un lato rimane leggermente pi\u00f9 umido, mentre l&#8217;altro rimane pi\u00f9 secco. In questo modo gli animali decidono da soli quali aree utilizzare. <\/span><\/p>\n<p class=\"p2\"><span class=\"s2\">Gli isopodi della Via Lattea si riproducono in modo affidabile in condizioni adeguate. Le femmine portano le uova in una sacca di cova. Dopo qualche tempo, compaiono dei piccoli che inizialmente hanno un colore molto chiaro. A ogni muta, i loro segni diventano pi\u00f9 chiari.   <\/span><\/p>\n<p class=\"p2\"><span class=\"s2\">I loro interessanti segni e il loro comportamento calmo li rendono interessanti sia per i principianti che per i terrariofili esperti. <\/span><span class=\"s2\">Chiunque desideri un terrario naturale con una specie di <\/span><span class=\"s3\">specie speciale di isopodi<\/span><span class=\"s2\"> specie, trover\u00e0 nel terrario <\/span><strong><span class=\"s3\">Armadillidium gestroi \"Via Lattea\"<\/span><\/strong><span class=\"s2\"> un abitante bellissimo e allo stesso tempo utile.<\/span><\/p>\n","protected":false},"excerpt":{"rendered":"<p>Armadillidium gestroi \"Milky Way\" - Tranquilli e bellissimi abitanti del terrario Il Armadillidium gestroi \"Via Lattea \u00e8 una delle forme cromatiche particolarmente appariscenti dei popolari isopodi puffer. Il loro nome non \u00e8 una coincidenza. I bordi chiari del segmento lattiginoso sembrano piccole stelle su uno sfondo pi\u00f9 scuro. Di conseguenza, il modello di molti animali [&hellip;]<\/p>\n","protected":false},"featured_media":192174,"template":"","meta":{"_acf_changed":false},"product-supplier":[],"product_brand":[],"product_cat":[2871],"product_tag":[],"lce-checkout-addons":[2746],"class_list":{"0":"post-192179","1":"product","2":"type-product","3":"status-publish","4":"has-post-thumbnail","6":"product_cat-cocciniglia-armadillidium","7":"product_shipping_class-spedizione-di-animali","8":"pa_herkunft-italia","9":"pa_kontinent-europa","10":"lce-checkout-addons-imballaggio-invernale","12":"first","13":"instock","14":"taxable","15":"shipping-taxable","16":"purchasable","17":"product-type-simple"},"acf":[],"yoast_head":"<!-- This site is optimized with the Yoast SEO plugin v27.3 - https:\/\/yoast.com\/product\/yoast-seo-wordpress\/ -->\n<title>Armadillidium gestroi &quot;Via Lattea - Insektenliebe<\/title>\n<meta name=\"description\" content=\"Armadillidium gestroi &quot;Milky Way&quot; - bellissimi isopodi sferici con macchie lattiginose. Ideale per terrari bioattivi e terrari di isopodi.\" \/>\n<meta name=\"robots\" content=\"index, follow, max-snippet:-1, max-image-preview:large, max-video-preview:-1\" \/>\n<link rel=\"canonical\" href=\"https:\/\/insektenliebe.com\/it\/shop\/prodotto\/armadillidium-gestroi-via-lattea\/\" \/>\n<meta property=\"og:locale\" content=\"it_IT\" \/>\n<meta property=\"og:type\" content=\"article\" \/>\n<meta property=\"og:title\" content=\"Armadillidium gestroi &quot;Via Lattea - Insektenliebe\" \/>\n<meta property=\"og:description\" content=\"Armadillidium gestroi &quot;Milky Way&quot; - bellissimi isopodi sferici con macchie lattiginose. Ideale per terrari bioattivi e terrari di isopodi.\" \/>\n<meta property=\"og:url\" content=\"https:\/\/insektenliebe.com\/it\/shop\/prodotto\/armadillidium-gestroi-via-lattea\/\" \/>\n<meta property=\"og:site_name\" content=\"Insektenliebe\" \/>\n<meta property=\"article:modified_time\" content=\"2026-03-29T19:40:26+00:00\" \/>\n<meta property=\"og:image\" content=\"https:\/\/insektenliebe.com\/wp-content\/uploads\/2026\/03\/Armadillidium-gestroi-22Milky-Way22-Gruppe.jpg\" \/>\n\t<meta property=\"og:image:width\" content=\"820\" \/>\n\t<meta property=\"og:image:height\" content=\"820\" \/>\n\t<meta property=\"og:image:type\" content=\"image\/jpeg\" \/>\n<meta name=\"twitter:card\" content=\"summary_large_image\" \/>\n<meta name=\"twitter:label1\" content=\"Tempo di lettura stimato\" \/>\n\t<meta name=\"twitter:data1\" content=\"2 minuto\" \/>\n<script type=\"application\/ld+json\" class=\"yoast-schema-graph\">{\"@context\":\"https:\\\/\\\/schema.org\",\"@graph\":[{\"@type\":\"WebPage\",\"@id\":\"https:\\\/\\\/insektenliebe.com\\\/it\\\/shop\\\/prodotto\\\/armadillidium-gestroi-via-lattea\\\/\",\"url\":\"https:\\\/\\\/insektenliebe.com\\\/it\\\/shop\\\/prodotto\\\/armadillidium-gestroi-via-lattea\\\/\",\"name\":\"Armadillidium gestroi \\\"Via Lattea - Insektenliebe\",\"isPartOf\":{\"@id\":\"https:\\\/\\\/insektenliebe.com\\\/it\\\/#website\"},\"primaryImageOfPage\":{\"@id\":\"https:\\\/\\\/insektenliebe.com\\\/it\\\/shop\\\/prodotto\\\/armadillidium-gestroi-via-lattea\\\/#primaryimage\"},\"image\":{\"@id\":\"https:\\\/\\\/insektenliebe.com\\\/it\\\/shop\\\/prodotto\\\/armadillidium-gestroi-via-lattea\\\/#primaryimage\"},\"thumbnailUrl\":\"https:\\\/\\\/insektenliebe.com\\\/wp-content\\\/uploads\\\/2026\\\/03\\\/Armadillidium-gestroi-22Milky-Way22-Gruppe.jpg\",\"datePublished\":\"2026-03-05T16:45:51+00:00\",\"dateModified\":\"2026-03-29T19:40:26+00:00\",\"description\":\"Armadillidium gestroi \\\"Milky Way\\\" - bellissimi isopodi sferici con macchie lattiginose. Ideale per terrari bioattivi e terrari di isopodi.\",\"breadcrumb\":{\"@id\":\"https:\\\/\\\/insektenliebe.com\\\/it\\\/shop\\\/prodotto\\\/armadillidium-gestroi-via-lattea\\\/#breadcrumb\"},\"inLanguage\":\"it-IT\",\"potentialAction\":[{\"@type\":\"ReadAction\",\"target\":[\"https:\\\/\\\/insektenliebe.com\\\/it\\\/shop\\\/prodotto\\\/armadillidium-gestroi-via-lattea\\\/\"]}]},{\"@type\":\"ImageObject\",\"inLanguage\":\"it-IT\",\"@id\":\"https:\\\/\\\/insektenliebe.com\\\/it\\\/shop\\\/prodotto\\\/armadillidium-gestroi-via-lattea\\\/#primaryimage\",\"url\":\"https:\\\/\\\/insektenliebe.com\\\/wp-content\\\/uploads\\\/2026\\\/03\\\/Armadillidium-gestroi-22Milky-Way22-Gruppe.jpg\",\"contentUrl\":\"https:\\\/\\\/insektenliebe.com\\\/wp-content\\\/uploads\\\/2026\\\/03\\\/Armadillidium-gestroi-22Milky-Way22-Gruppe.jpg\",\"width\":820,\"height\":820,\"caption\":\"Armadillidium gestroi \\\"Via Lattea\\\" gruppo\"},{\"@type\":\"BreadcrumbList\",\"@id\":\"https:\\\/\\\/insektenliebe.com\\\/it\\\/shop\\\/prodotto\\\/armadillidium-gestroi-via-lattea\\\/#breadcrumb\",\"itemListElement\":[{\"@type\":\"ListItem\",\"position\":1,\"name\":\"Startseite\",\"item\":\"https:\\\/\\\/insektenliebe.com\\\/it\\\/\"},{\"@type\":\"ListItem\",\"position\":2,\"name\":\"Negozio\",\"item\":\"https:\\\/\\\/insektenliebe.com\\\/it\\\/negozio\\\/\"},{\"@type\":\"ListItem\",\"position\":3,\"name\":\"Armadillidium gestroi \\\"Via Lattea\"}]},{\"@type\":\"WebSite\",\"@id\":\"https:\\\/\\\/insektenliebe.com\\\/it\\\/#website\",\"url\":\"https:\\\/\\\/insektenliebe.com\\\/it\\\/\",\"name\":\"Insektenliebe\",\"description\":\"Dein Zuhause f\u00fcr die kleinen Lebewesen\",\"publisher\":{\"@id\":\"https:\\\/\\\/insektenliebe.com\\\/it\\\/#organization\"},\"potentialAction\":[{\"@type\":\"SearchAction\",\"target\":{\"@type\":\"EntryPoint\",\"urlTemplate\":\"https:\\\/\\\/insektenliebe.com\\\/it\\\/?s={search_term_string}\"},\"query-input\":{\"@type\":\"PropertyValueSpecification\",\"valueRequired\":true,\"valueName\":\"search_term_string\"}}],\"inLanguage\":\"it-IT\"},{\"@type\":\"Organization\",\"@id\":\"https:\\\/\\\/insektenliebe.com\\\/it\\\/#organization\",\"name\":\"Insektenliebe\",\"url\":\"https:\\\/\\\/insektenliebe.com\\\/it\\\/\",\"logo\":{\"@type\":\"ImageObject\",\"inLanguage\":\"it-IT\",\"@id\":\"https:\\\/\\\/insektenliebe.com\\\/it\\\/#\\\/schema\\\/logo\\\/image\\\/\",\"url\":\"https:\\\/\\\/insektenliebe.com\\\/wp-content\\\/uploads\\\/2025\\\/03\\\/logo-white.png\",\"contentUrl\":\"https:\\\/\\\/insektenliebe.com\\\/wp-content\\\/uploads\\\/2025\\\/03\\\/logo-white.png\",\"width\":288,\"height\":188,\"caption\":\"Insektenliebe\"},\"image\":{\"@id\":\"https:\\\/\\\/insektenliebe.com\\\/it\\\/#\\\/schema\\\/logo\\\/image\\\/\"}}]}<\/script>\n<!-- \/ Yoast SEO plugin. -->","yoast_head_json":{"title":"Armadillidium gestroi \"Via Lattea - Insektenliebe","description":"Armadillidium gestroi \"Milky Way\" - bellissimi isopodi sferici con macchie lattiginose. Ideale per terrari bioattivi e terrari di isopodi.","robots":{"index":"index","follow":"follow","max-snippet":"max-snippet:-1","max-image-preview":"max-image-preview:large","max-video-preview":"max-video-preview:-1"},"canonical":"https:\/\/insektenliebe.com\/it\/shop\/prodotto\/armadillidium-gestroi-via-lattea\/","og_locale":"it_IT","og_type":"article","og_title":"Armadillidium gestroi \"Via Lattea - Insektenliebe","og_description":"Armadillidium gestroi \"Milky Way\" - bellissimi isopodi sferici con macchie lattiginose. Ideale per terrari bioattivi e terrari di isopodi.","og_url":"https:\/\/insektenliebe.com\/it\/shop\/prodotto\/armadillidium-gestroi-via-lattea\/","og_site_name":"Insektenliebe","article_modified_time":"2026-03-29T19:40:26+00:00","og_image":[{"width":820,"height":820,"url":"https:\/\/insektenliebe.com\/wp-content\/uploads\/2026\/03\/Armadillidium-gestroi-22Milky-Way22-Gruppe.jpg","type":"image\/jpeg"}],"twitter_card":"summary_large_image","twitter_misc":{"Tempo di lettura stimato":"2 minuto"},"schema":{"@context":"https:\/\/schema.org","@graph":[{"@type":"WebPage","@id":"https:\/\/insektenliebe.com\/it\/shop\/prodotto\/armadillidium-gestroi-via-lattea\/","url":"https:\/\/insektenliebe.com\/it\/shop\/prodotto\/armadillidium-gestroi-via-lattea\/","name":"Armadillidium gestroi \"Via Lattea - Insektenliebe","isPartOf":{"@id":"https:\/\/insektenliebe.com\/it\/#website"},"primaryImageOfPage":{"@id":"https:\/\/insektenliebe.com\/it\/shop\/prodotto\/armadillidium-gestroi-via-lattea\/#primaryimage"},"image":{"@id":"https:\/\/insektenliebe.com\/it\/shop\/prodotto\/armadillidium-gestroi-via-lattea\/#primaryimage"},"thumbnailUrl":"https:\/\/insektenliebe.com\/wp-content\/uploads\/2026\/03\/Armadillidium-gestroi-22Milky-Way22-Gruppe.jpg","datePublished":"2026-03-05T16:45:51+00:00","dateModified":"2026-03-29T19:40:26+00:00","description":"Armadillidium gestroi \"Milky Way\" - bellissimi isopodi sferici con macchie lattiginose. Ideale per terrari bioattivi e terrari di isopodi.","breadcrumb":{"@id":"https:\/\/insektenliebe.com\/it\/shop\/prodotto\/armadillidium-gestroi-via-lattea\/#breadcrumb"},"inLanguage":"it-IT","potentialAction":[{"@type":"ReadAction","target":["https:\/\/insektenliebe.com\/it\/shop\/prodotto\/armadillidium-gestroi-via-lattea\/"]}]},{"@type":"ImageObject","inLanguage":"it-IT","@id":"https:\/\/insektenliebe.com\/it\/shop\/prodotto\/armadillidium-gestroi-via-lattea\/#primaryimage","url":"https:\/\/insektenliebe.com\/wp-content\/uploads\/2026\/03\/Armadillidium-gestroi-22Milky-Way22-Gruppe.jpg","contentUrl":"https:\/\/insektenliebe.com\/wp-content\/uploads\/2026\/03\/Armadillidium-gestroi-22Milky-Way22-Gruppe.jpg","width":820,"height":820,"caption":"Armadillidium gestroi \"Via Lattea\" gruppo"},{"@type":"BreadcrumbList","@id":"https:\/\/insektenliebe.com\/it\/shop\/prodotto\/armadillidium-gestroi-via-lattea\/#breadcrumb","itemListElement":[{"@type":"ListItem","position":1,"name":"Startseite","item":"https:\/\/insektenliebe.com\/it\/"},{"@type":"ListItem","position":2,"name":"Negozio","item":"https:\/\/insektenliebe.com\/it\/negozio\/"},{"@type":"ListItem","position":3,"name":"Armadillidium gestroi \"Via Lattea"}]},{"@type":"WebSite","@id":"https:\/\/insektenliebe.com\/it\/#website","url":"https:\/\/insektenliebe.com\/it\/","name":"Insektenliebe","description":"Dein Zuhause f\u00fcr die kleinen Lebewesen","publisher":{"@id":"https:\/\/insektenliebe.com\/it\/#organization"},"potentialAction":[{"@type":"SearchAction","target":{"@type":"EntryPoint","urlTemplate":"https:\/\/insektenliebe.com\/it\/?s={search_term_string}"},"query-input":{"@type":"PropertyValueSpecification","valueRequired":true,"valueName":"search_term_string"}}],"inLanguage":"it-IT"},{"@type":"Organization","@id":"https:\/\/insektenliebe.com\/it\/#organization","name":"Insektenliebe","url":"https:\/\/insektenliebe.com\/it\/","logo":{"@type":"ImageObject","inLanguage":"it-IT","@id":"https:\/\/insektenliebe.com\/it\/#\/schema\/logo\/image\/","url":"https:\/\/insektenliebe.com\/wp-content\/uploads\/2025\/03\/logo-white.png","contentUrl":"https:\/\/insektenliebe.com\/wp-content\/uploads\/2025\/03\/logo-white.png","width":288,"height":188,"caption":"Insektenliebe"},"image":{"@id":"https:\/\/insektenliebe.com\/it\/#\/schema\/logo\/image\/"}}]}},"_links":{"self":[{"href":"https:\/\/insektenliebe.com\/it\/wp-json\/wp\/v2\/product\/192179","targetHints":{"allow":["GET"]}}],"collection":[{"href":"https:\/\/insektenliebe.com\/it\/wp-json\/wp\/v2\/product"}],"about":[{"href":"https:\/\/insektenliebe.com\/it\/wp-json\/wp\/v2\/types\/product"}],"wp:featuredmedia":[{"embeddable":true,"href":"https:\/\/insektenliebe.com\/it\/wp-json\/wp\/v2\/media\/192174"}],"wp:attachment":[{"href":"https:\/\/insektenliebe.com\/it\/wp-json\/wp\/v2\/media?parent=192179"}],"wp:term":[{"taxonomy":"product-supplier","embeddable":true,"href":"https:\/\/insektenliebe.com\/it\/wp-json\/wp\/v2\/product-supplier?post=192179"},{"taxonomy":"product_brand","embeddable":true,"href":"https:\/\/insektenliebe.com\/it\/wp-json\/wp\/v2\/product_brand?post=192179"},{"taxonomy":"product_cat","embeddable":true,"href":"https:\/\/insektenliebe.com\/it\/wp-json\/wp\/v2\/product_cat?post=192179"},{"taxonomy":"product_tag","embeddable":true,"href":"https:\/\/insektenliebe.com\/it\/wp-json\/wp\/v2\/product_tag?post=192179"},{"taxonomy":"lce-checkout-addons","embeddable":true,"href":"https:\/\/insektenliebe.com\/it\/wp-json\/wp\/v2\/lce-checkout-addons?post=192179"}],"curies":[{"name":"wp","href":"https:\/\/api.w.org\/{rel}","templated":true}]}}