{"id":191594,"date":"2026-03-02T19:49:03","date_gmt":"2026-03-02T18:49:03","guid":{"rendered":"https:\/\/insektenliebe.com\/shop\/produkt\/grammostola-rosea\/"},"modified":"2026-04-18T07:30:46","modified_gmt":"2026-04-18T05:30:46","slug":"grammostola-rosea","status":"publish","type":"product","link":"https:\/\/insektenliebe.com\/it\/shop\/prodotto\/grammostola-rosea\/","title":{"rendered":"Grammostola rosea"},"content":{"rendered":"<h3><span class=\"s1\" style=\"color: #99cc33\">Grammostola rosea - un classico della terraristica<\/span><\/h3>\n<p class=\"p1\"><span class=\"s1\">La <\/span><strong><span class=\"s2\">Grammostola rosea<\/span><\/strong><span class=\"s1\">conosciuta anche come tarantola cilena, \u00e8 una delle specie pi\u00f9 popolari nella terraristica. \u00c8 originaria delle regioni aride del Cile, dove vive in paesaggi semi-desertici. Qui vive in tane autocostruite o utilizza nascondigli naturali sotto le pietre. Proprio per questo motivo \u00e8 ideale per i terrari asciutti e strutturati.   <\/span><\/p>\n<p class=\"p1\"><span class=\"s1\">La <strong>Grammostola rosea<\/strong> colpisce per la sua colorazione sottile ma elegante. A seconda della forma d&#8217;origine, presenta sul carapace dei riflessi che vanno dal rosa al rame, mentre l&#8217;addome appare solitamente di colore marrone o grigio. Sotto la luce, i peli appaiono spesso leggermente metallici. \u00c8 proprio questa semplice colorazione a conferirle un aspetto naturale e autentico.   <\/span><\/p>\n<p class=\"p1\"><span class=\"s1\">In termini di carattere, \u00e8 considerata calma e relativamente rilassata. Questo la rende particolarmente adatta ai principianti che vogliono fare la loro prima esperienza con le tarantole. Tuttavia, rimane una vera e propria tarantola con un proprio temperamento. Pu\u00f2 utilizzare peli urticanti quando viene disturbata, ma di solito rimane sulla difensiva piuttosto che sull&#8217;offensiva.   <\/span><\/p>\n<p class=\"p1\"><span class=\"s1\">Si consiglia un terrario di 30 \u00d7 30 \u00d7 30 cm per tenerli. Poich\u00e9 questa specie vive sul terreno, l&#8217;area di base deve essere sufficientemente ampia. Un substrato che possa scavare, ad esempio una miscela di argilla e terra, consente un comportamento naturale. Allo stesso tempo, l&#8217;ambiente deve essere mantenuto piuttosto asciutto e una ciotola d&#8217;acqua \u00e8 sempre disponibile. Le temperature ideali sono tra i 22 e i 26 \u00b0C.    <\/span><\/p>\n<p class=\"p1\"><span class=\"s1\">La <strong>Grammostola rosea<\/strong> non presenta complicazioni per quanto riguarda l&#8217;alimentazione. Grilli, scarafaggi o altri insetti adatti sono accettati in modo affidabile. Tuttavia, questa specie \u00e8 nota per le sue sporadiche pause alimentari. Queste possono durare diverse settimane o addirittura mesi e sono del tutto normali.   <\/span><\/p>\n<p class=\"p1\"><span class=\"s1\">La loro aspettativa di vita \u00e8 particolarmente impressionante. Le femmine possono vivere pi\u00f9 di 20 anni, il che le rende un compagno a lungo termine. I maschi di solito raggiungono un&#8217;et\u00e0 decisamente inferiore.  <\/span><\/p>\n<p class=\"p1\"><span class=\"s1\">La <\/span><strong><span class=\"s2\">Grammostola rosea<\/span><\/strong><span class=\"s1\"> combina robustezza, comportamento tranquillo e una lunga durata di vita in un&#8217;unica specie. Se cerchi una tarantola facile da curare e rilassata, questa \u00e8 un classico senza tempo con carattere e carisma.<\/span><\/p>\n","protected":false},"excerpt":{"rendered":"<p>Grammostola rosea - un classico della terraristica La Grammostola roseaconosciuta anche come tarantola cilena, \u00e8 una delle specie pi\u00f9 popolari nella terraristica. \u00c8 originaria delle regioni aride del Cile, dove vive in paesaggi semi-desertici. Qui vive in tane autocostruite o utilizza nascondigli naturali sotto le pietre. Proprio per questo motivo \u00e8 ideale per i terrari [&hellip;]<\/p>\n","protected":false},"featured_media":191590,"template":"","meta":{"_acf_changed":false},"product-supplier":[],"product_brand":[],"product_cat":[3004],"product_tag":[],"lce-checkout-addons":[2746],"class_list":{"0":"post-191594","1":"product","2":"type-product","3":"status-publish","4":"has-post-thumbnail","6":"product_cat-tarantole","7":"product_shipping_class-spedizione-di-animali","8":"pa_geschlecht-donna","9":"pa_geschlecht-indeterminato","10":"pa_geschlecht-uomo","11":"pa_herkunft-cile","12":"pa_kontinent-sud-america","13":"lce-checkout-addons-imballaggio-invernale","15":"first","16":"instock","17":"taxable","18":"shipping-taxable","19":"purchasable","20":"product-type-variable"},"acf":[],"yoast_head":"<!-- This site is optimized with the Yoast SEO plugin v27.3 - https:\/\/yoast.com\/product\/yoast-seo-wordpress\/ -->\n<title>Grammostola rosea - Insektenliebe<\/title>\n<meta name=\"description\" content=\"Grammostola rosea economica - robusta tarantola di base proveniente dal Cile. Calma, longeva e ideale per i terrari asciutti.\" \/>\n<meta name=\"robots\" content=\"index, follow, max-snippet:-1, max-image-preview:large, max-video-preview:-1\" \/>\n<link rel=\"canonical\" href=\"https:\/\/insektenliebe.com\/it\/shop\/prodotto\/grammostola-rosea\/\" \/>\n<meta property=\"og:locale\" content=\"it_IT\" \/>\n<meta property=\"og:type\" content=\"article\" \/>\n<meta property=\"og:title\" content=\"Grammostola rosea - Insektenliebe\" \/>\n<meta property=\"og:description\" content=\"Grammostola rosea economica - robusta tarantola di base proveniente dal Cile. Calma, longeva e ideale per i terrari asciutti.\" \/>\n<meta property=\"og:url\" content=\"https:\/\/insektenliebe.com\/it\/shop\/prodotto\/grammostola-rosea\/\" \/>\n<meta property=\"og:site_name\" content=\"Insektenliebe\" \/>\n<meta property=\"article:modified_time\" content=\"2026-04-18T05:30:46+00:00\" \/>\n<meta property=\"og:image\" content=\"https:\/\/insektenliebe.com\/wp-content\/uploads\/2026\/03\/Grammostola-rosea.jpg\" \/>\n\t<meta property=\"og:image:width\" content=\"820\" \/>\n\t<meta property=\"og:image:height\" content=\"820\" \/>\n\t<meta property=\"og:image:type\" content=\"image\/jpeg\" \/>\n<meta name=\"twitter:card\" content=\"summary_large_image\" \/>\n<meta name=\"twitter:label1\" content=\"Tempo di lettura stimato\" \/>\n\t<meta name=\"twitter:data1\" content=\"2 minuto\" \/>\n<script type=\"application\/ld+json\" class=\"yoast-schema-graph\">{\"@context\":\"https:\\\/\\\/schema.org\",\"@graph\":[{\"@type\":\"WebPage\",\"@id\":\"https:\\\/\\\/insektenliebe.com\\\/it\\\/shop\\\/prodotto\\\/grammostola-rosea\\\/\",\"url\":\"https:\\\/\\\/insektenliebe.com\\\/it\\\/shop\\\/prodotto\\\/grammostola-rosea\\\/\",\"name\":\"Grammostola rosea - Insektenliebe\",\"isPartOf\":{\"@id\":\"https:\\\/\\\/insektenliebe.com\\\/it\\\/#website\"},\"primaryImageOfPage\":{\"@id\":\"https:\\\/\\\/insektenliebe.com\\\/it\\\/shop\\\/prodotto\\\/grammostola-rosea\\\/#primaryimage\"},\"image\":{\"@id\":\"https:\\\/\\\/insektenliebe.com\\\/it\\\/shop\\\/prodotto\\\/grammostola-rosea\\\/#primaryimage\"},\"thumbnailUrl\":\"https:\\\/\\\/insektenliebe.com\\\/wp-content\\\/uploads\\\/2026\\\/03\\\/Grammostola-rosea.jpg\",\"datePublished\":\"2026-03-02T18:49:03+00:00\",\"dateModified\":\"2026-04-18T05:30:46+00:00\",\"description\":\"Grammostola rosea economica - robusta tarantola di base proveniente dal Cile. Calma, longeva e ideale per i terrari asciutti.\",\"breadcrumb\":{\"@id\":\"https:\\\/\\\/insektenliebe.com\\\/it\\\/shop\\\/prodotto\\\/grammostola-rosea\\\/#breadcrumb\"},\"inLanguage\":\"it-IT\",\"potentialAction\":[{\"@type\":\"ReadAction\",\"target\":[\"https:\\\/\\\/insektenliebe.com\\\/it\\\/shop\\\/prodotto\\\/grammostola-rosea\\\/\"]}]},{\"@type\":\"ImageObject\",\"inLanguage\":\"it-IT\",\"@id\":\"https:\\\/\\\/insektenliebe.com\\\/it\\\/shop\\\/prodotto\\\/grammostola-rosea\\\/#primaryimage\",\"url\":\"https:\\\/\\\/insektenliebe.com\\\/wp-content\\\/uploads\\\/2026\\\/03\\\/Grammostola-rosea.jpg\",\"contentUrl\":\"https:\\\/\\\/insektenliebe.com\\\/wp-content\\\/uploads\\\/2026\\\/03\\\/Grammostola-rosea.jpg\",\"width\":820,\"height\":820,\"caption\":\"Grammostola rosea\"},{\"@type\":\"BreadcrumbList\",\"@id\":\"https:\\\/\\\/insektenliebe.com\\\/it\\\/shop\\\/prodotto\\\/grammostola-rosea\\\/#breadcrumb\",\"itemListElement\":[{\"@type\":\"ListItem\",\"position\":1,\"name\":\"Startseite\",\"item\":\"https:\\\/\\\/insektenliebe.com\\\/it\\\/\"},{\"@type\":\"ListItem\",\"position\":2,\"name\":\"Negozio\",\"item\":\"https:\\\/\\\/insektenliebe.com\\\/it\\\/negozio\\\/\"},{\"@type\":\"ListItem\",\"position\":3,\"name\":\"Grammostola rosea\"}]},{\"@type\":\"WebSite\",\"@id\":\"https:\\\/\\\/insektenliebe.com\\\/it\\\/#website\",\"url\":\"https:\\\/\\\/insektenliebe.com\\\/it\\\/\",\"name\":\"Insektenliebe\",\"description\":\"Dein Zuhause f\u00fcr die kleinen Lebewesen\",\"publisher\":{\"@id\":\"https:\\\/\\\/insektenliebe.com\\\/it\\\/#organization\"},\"potentialAction\":[{\"@type\":\"SearchAction\",\"target\":{\"@type\":\"EntryPoint\",\"urlTemplate\":\"https:\\\/\\\/insektenliebe.com\\\/it\\\/?s={search_term_string}\"},\"query-input\":{\"@type\":\"PropertyValueSpecification\",\"valueRequired\":true,\"valueName\":\"search_term_string\"}}],\"inLanguage\":\"it-IT\"},{\"@type\":\"Organization\",\"@id\":\"https:\\\/\\\/insektenliebe.com\\\/it\\\/#organization\",\"name\":\"Insektenliebe\",\"url\":\"https:\\\/\\\/insektenliebe.com\\\/it\\\/\",\"logo\":{\"@type\":\"ImageObject\",\"inLanguage\":\"it-IT\",\"@id\":\"https:\\\/\\\/insektenliebe.com\\\/it\\\/#\\\/schema\\\/logo\\\/image\\\/\",\"url\":\"https:\\\/\\\/insektenliebe.com\\\/wp-content\\\/uploads\\\/2025\\\/03\\\/logo-white.png\",\"contentUrl\":\"https:\\\/\\\/insektenliebe.com\\\/wp-content\\\/uploads\\\/2025\\\/03\\\/logo-white.png\",\"width\":288,\"height\":188,\"caption\":\"Insektenliebe\"},\"image\":{\"@id\":\"https:\\\/\\\/insektenliebe.com\\\/it\\\/#\\\/schema\\\/logo\\\/image\\\/\"}}]}<\/script>\n<!-- \/ Yoast SEO plugin. -->","yoast_head_json":{"title":"Grammostola rosea - Insektenliebe","description":"Grammostola rosea economica - robusta tarantola di base proveniente dal Cile. Calma, longeva e ideale per i terrari asciutti.","robots":{"index":"index","follow":"follow","max-snippet":"max-snippet:-1","max-image-preview":"max-image-preview:large","max-video-preview":"max-video-preview:-1"},"canonical":"https:\/\/insektenliebe.com\/it\/shop\/prodotto\/grammostola-rosea\/","og_locale":"it_IT","og_type":"article","og_title":"Grammostola rosea - Insektenliebe","og_description":"Grammostola rosea economica - robusta tarantola di base proveniente dal Cile. Calma, longeva e ideale per i terrari asciutti.","og_url":"https:\/\/insektenliebe.com\/it\/shop\/prodotto\/grammostola-rosea\/","og_site_name":"Insektenliebe","article_modified_time":"2026-04-18T05:30:46+00:00","og_image":[{"width":820,"height":820,"url":"https:\/\/insektenliebe.com\/wp-content\/uploads\/2026\/03\/Grammostola-rosea.jpg","type":"image\/jpeg"}],"twitter_card":"summary_large_image","twitter_misc":{"Tempo di lettura stimato":"2 minuto"},"schema":{"@context":"https:\/\/schema.org","@graph":[{"@type":"WebPage","@id":"https:\/\/insektenliebe.com\/it\/shop\/prodotto\/grammostola-rosea\/","url":"https:\/\/insektenliebe.com\/it\/shop\/prodotto\/grammostola-rosea\/","name":"Grammostola rosea - Insektenliebe","isPartOf":{"@id":"https:\/\/insektenliebe.com\/it\/#website"},"primaryImageOfPage":{"@id":"https:\/\/insektenliebe.com\/it\/shop\/prodotto\/grammostola-rosea\/#primaryimage"},"image":{"@id":"https:\/\/insektenliebe.com\/it\/shop\/prodotto\/grammostola-rosea\/#primaryimage"},"thumbnailUrl":"https:\/\/insektenliebe.com\/wp-content\/uploads\/2026\/03\/Grammostola-rosea.jpg","datePublished":"2026-03-02T18:49:03+00:00","dateModified":"2026-04-18T05:30:46+00:00","description":"Grammostola rosea economica - robusta tarantola di base proveniente dal Cile. Calma, longeva e ideale per i terrari asciutti.","breadcrumb":{"@id":"https:\/\/insektenliebe.com\/it\/shop\/prodotto\/grammostola-rosea\/#breadcrumb"},"inLanguage":"it-IT","potentialAction":[{"@type":"ReadAction","target":["https:\/\/insektenliebe.com\/it\/shop\/prodotto\/grammostola-rosea\/"]}]},{"@type":"ImageObject","inLanguage":"it-IT","@id":"https:\/\/insektenliebe.com\/it\/shop\/prodotto\/grammostola-rosea\/#primaryimage","url":"https:\/\/insektenliebe.com\/wp-content\/uploads\/2026\/03\/Grammostola-rosea.jpg","contentUrl":"https:\/\/insektenliebe.com\/wp-content\/uploads\/2026\/03\/Grammostola-rosea.jpg","width":820,"height":820,"caption":"Grammostola rosea"},{"@type":"BreadcrumbList","@id":"https:\/\/insektenliebe.com\/it\/shop\/prodotto\/grammostola-rosea\/#breadcrumb","itemListElement":[{"@type":"ListItem","position":1,"name":"Startseite","item":"https:\/\/insektenliebe.com\/it\/"},{"@type":"ListItem","position":2,"name":"Negozio","item":"https:\/\/insektenliebe.com\/it\/negozio\/"},{"@type":"ListItem","position":3,"name":"Grammostola rosea"}]},{"@type":"WebSite","@id":"https:\/\/insektenliebe.com\/it\/#website","url":"https:\/\/insektenliebe.com\/it\/","name":"Insektenliebe","description":"Dein Zuhause f\u00fcr die kleinen Lebewesen","publisher":{"@id":"https:\/\/insektenliebe.com\/it\/#organization"},"potentialAction":[{"@type":"SearchAction","target":{"@type":"EntryPoint","urlTemplate":"https:\/\/insektenliebe.com\/it\/?s={search_term_string}"},"query-input":{"@type":"PropertyValueSpecification","valueRequired":true,"valueName":"search_term_string"}}],"inLanguage":"it-IT"},{"@type":"Organization","@id":"https:\/\/insektenliebe.com\/it\/#organization","name":"Insektenliebe","url":"https:\/\/insektenliebe.com\/it\/","logo":{"@type":"ImageObject","inLanguage":"it-IT","@id":"https:\/\/insektenliebe.com\/it\/#\/schema\/logo\/image\/","url":"https:\/\/insektenliebe.com\/wp-content\/uploads\/2025\/03\/logo-white.png","contentUrl":"https:\/\/insektenliebe.com\/wp-content\/uploads\/2025\/03\/logo-white.png","width":288,"height":188,"caption":"Insektenliebe"},"image":{"@id":"https:\/\/insektenliebe.com\/it\/#\/schema\/logo\/image\/"}}]}},"_links":{"self":[{"href":"https:\/\/insektenliebe.com\/it\/wp-json\/wp\/v2\/product\/191594","targetHints":{"allow":["GET"]}}],"collection":[{"href":"https:\/\/insektenliebe.com\/it\/wp-json\/wp\/v2\/product"}],"about":[{"href":"https:\/\/insektenliebe.com\/it\/wp-json\/wp\/v2\/types\/product"}],"wp:featuredmedia":[{"embeddable":true,"href":"https:\/\/insektenliebe.com\/it\/wp-json\/wp\/v2\/media\/191590"}],"wp:attachment":[{"href":"https:\/\/insektenliebe.com\/it\/wp-json\/wp\/v2\/media?parent=191594"}],"wp:term":[{"taxonomy":"product-supplier","embeddable":true,"href":"https:\/\/insektenliebe.com\/it\/wp-json\/wp\/v2\/product-supplier?post=191594"},{"taxonomy":"product_brand","embeddable":true,"href":"https:\/\/insektenliebe.com\/it\/wp-json\/wp\/v2\/product_brand?post=191594"},{"taxonomy":"product_cat","embeddable":true,"href":"https:\/\/insektenliebe.com\/it\/wp-json\/wp\/v2\/product_cat?post=191594"},{"taxonomy":"product_tag","embeddable":true,"href":"https:\/\/insektenliebe.com\/it\/wp-json\/wp\/v2\/product_tag?post=191594"},{"taxonomy":"lce-checkout-addons","embeddable":true,"href":"https:\/\/insektenliebe.com\/it\/wp-json\/wp\/v2\/lce-checkout-addons?post=191594"}],"curies":[{"name":"wp","href":"https:\/\/api.w.org\/{rel}","templated":true}]}}