{"id":190522,"date":"2021-06-18T15:10:33","date_gmt":"2021-06-18T13:10:33","guid":{"rendered":"https:\/\/insektenliebe.com\/shop\/produkt\/hobby-nebbia\/"},"modified":"2026-03-03T21:21:26","modified_gmt":"2026-03-03T20:21:26","slug":"hobby-nebbia","status":"publish","type":"product","link":"https:\/\/insektenliebe.com\/it\/shop\/prodotto\/hobby-nebbia\/","title":{"rendered":"Hobby Nebbia"},"content":{"rendered":"<h3><span class=\"s1\" style=\"color: #99cc33;\">Hobby Foggy - Nebulizzatore compatto per piccoli terrari<\/span><\/h3>\n<p class=\"p1\"><span class=\"s1\">Il <\/span><strong><span class=\"s2\">Hobby Nebbioso<\/span><\/strong><span class=\"s1\">  \u00e8 un sistema di nebulizzazione pratico e compatto per i terrari pi\u00f9 piccoli. Aumenta l&#8217;umidit\u00e0 in modo rapido e affidabile. Garantisce un clima stabile, soprattutto nei terrari nano o di allevamento.  <\/span><\/p>\n<p class=\"p1\"><span class=\"s1\">Grazie alla moderna tecnologia a ultrasuoni, il dispositivo nebulizza l&#8217;acqua in una nebbia finissima. Questa viene distribuita uniformemente in tutto il terrario e crea un&#8217;atmosfera naturale di nebbia mattutina. Questo ti permette di favorire in modo ottimale il comportamento naturale di rettili, anfibi e invertebrati tropicali.  <\/span><\/p>\n<p class=\"p1\"><span class=\"s1\">Molte specie ingeriscono il liquido attraverso la pelle o le vie respiratorie. Altre leccano le gocce di rugiada dalle foglie. Il nebulizzatore favorisce questo naturale assorbimento di acqua. Allo stesso tempo, protegge i tuoi animali dall&#8217;essiccazione e mantiene il substrato umido pi\u00f9 a lungo.   <\/span><\/p>\n<p class=\"p1\"><span class=\"s1\">Il serbatoio dell&#8217;acqua integrato contiene 50 ml. Questa quantit\u00e0 \u00e8 sufficiente per due ore di nebulizzazione continua. Questo rende il Foggy ideale per un&#8217;idratazione mirata al mattino o alla sera.  <\/span><\/p>\n<p class=\"p1\"><span class=\"s1\">Non appena l&#8217;acqua si esaurisce, l&#8217;apparecchio si spegne automaticamente. Questa funzione di sicurezza protegge in modo affidabile il sistema. Inoltre, il trasformatore di sicurezza integrato garantisce un funzionamento sicuro.  <\/span><\/p>\n<p class=\"p1\"><span class=\"s1\">Il funzionamento \u00e8 particolarmente semplice. Si riempie d&#8217;acqua, si collega il dispositivo e si avvia la nebulizzazione. Non sono necessarie impostazioni complicate. Per questo motivo<strong> Hobby Foggy<\/strong> \u00e8 adatto sia ai principianti che ai terraristi esperti.   <\/span><\/p>\n<p class=\"p1\"><span class=\"s1\">Se vuoi aumentare l&#8217;umidit\u00e0 dell&#8217;aria e del substrato in terrari di piccole dimensioni in modo semplice e veloce, la <\/span><strong><span class=\"s2\">Hobby Foggy<\/span><\/strong><span class=\"s1\"> \u00e8 una soluzione affidabile ed efficace.<\/span><\/p>\n<p>&nbsp;<\/p>\n","protected":false},"excerpt":{"rendered":"<p>Hobby Foggy - Nebulizzatore compatto per piccoli terrari Il Hobby Nebbioso \u00e8 un sistema di nebulizzazione pratico e compatto per i terrari pi\u00f9 piccoli. Aumenta l&#8217;umidit\u00e0 in modo rapido e affidabile. Garantisce un clima stabile, soprattutto nei terrari nano o di allevamento. Grazie alla moderna tecnologia a ultrasuoni, il dispositivo nebulizza l&#8217;acqua in una nebbia [&hellip;]<\/p>\n","protected":false},"featured_media":190523,"template":"","meta":{"_acf_changed":false},"product-supplier":[2555],"product_brand":[2739],"product_cat":[2741],"product_tag":[],"lce-checkout-addons":[],"class_list":{"0":"post-190522","1":"product","2":"type-product","3":"status-publish","4":"has-post-thumbnail","6":"product_brand-hobby-terraristica","7":"product_cat-illuminazione-e-clima","8":"product_shipping_class-equipment-shipping","10":"first","11":"instock","12":"sale","13":"taxable","14":"shipping-taxable","15":"purchasable","16":"product-type-variable"},"acf":[],"yoast_head":"<!-- This site is optimized with the Yoast SEO plugin v27.3 - https:\/\/yoast.com\/product\/yoast-seo-wordpress\/ -->\n<title>Hobby Nebbia - Insektenliebe<\/title>\n<meta name=\"description\" content=\"Acquista a buon mercato Hobby Foggy direttamente online. Pratico sistema di nebulizzazione per terrari di piccole dimensioni con serbatoio d&#039;acqua integrato.\" \/>\n<meta name=\"robots\" content=\"index, follow, max-snippet:-1, max-image-preview:large, max-video-preview:-1\" \/>\n<link rel=\"canonical\" href=\"https:\/\/insektenliebe.com\/it\/shop\/prodotto\/hobby-nebbia\/\" \/>\n<meta property=\"og:locale\" content=\"it_IT\" \/>\n<meta property=\"og:type\" content=\"article\" \/>\n<meta property=\"og:title\" content=\"Hobby Nebbia - Insektenliebe\" \/>\n<meta property=\"og:description\" content=\"Acquista a buon mercato Hobby Foggy direttamente online. Pratico sistema di nebulizzazione per terrari di piccole dimensioni con serbatoio d&#039;acqua integrato.\" \/>\n<meta property=\"og:url\" content=\"https:\/\/insektenliebe.com\/it\/shop\/prodotto\/hobby-nebbia\/\" \/>\n<meta property=\"og:site_name\" content=\"Insektenliebe\" \/>\n<meta property=\"article:modified_time\" content=\"2026-03-03T20:21:26+00:00\" \/>\n<meta property=\"og:image\" content=\"https:\/\/insektenliebe.com\/wp-content\/uploads\/2025\/05\/Hobby-Foggy-2.jpg\" \/>\n\t<meta property=\"og:image:width\" content=\"820\" \/>\n\t<meta property=\"og:image:height\" content=\"820\" \/>\n\t<meta property=\"og:image:type\" content=\"image\/jpeg\" \/>\n<meta name=\"twitter:card\" content=\"summary_large_image\" \/>\n<meta name=\"twitter:label1\" content=\"Tempo di lettura stimato\" \/>\n\t<meta name=\"twitter:data1\" content=\"1 minuto\" \/>\n<script type=\"application\/ld+json\" class=\"yoast-schema-graph\">{\"@context\":\"https:\\\/\\\/schema.org\",\"@graph\":[{\"@type\":\"WebPage\",\"@id\":\"https:\\\/\\\/insektenliebe.com\\\/it\\\/shop\\\/prodotto\\\/hobby-nebbia\\\/\",\"url\":\"https:\\\/\\\/insektenliebe.com\\\/it\\\/shop\\\/prodotto\\\/hobby-nebbia\\\/\",\"name\":\"Hobby Nebbia - Insektenliebe\",\"isPartOf\":{\"@id\":\"https:\\\/\\\/insektenliebe.com\\\/it\\\/#website\"},\"primaryImageOfPage\":{\"@id\":\"https:\\\/\\\/insektenliebe.com\\\/it\\\/shop\\\/prodotto\\\/hobby-nebbia\\\/#primaryimage\"},\"image\":{\"@id\":\"https:\\\/\\\/insektenliebe.com\\\/it\\\/shop\\\/prodotto\\\/hobby-nebbia\\\/#primaryimage\"},\"thumbnailUrl\":\"https:\\\/\\\/insektenliebe.com\\\/wp-content\\\/uploads\\\/2025\\\/05\\\/Hobby-Foggy-2.jpg\",\"datePublished\":\"2021-06-18T13:10:33+00:00\",\"dateModified\":\"2026-03-03T20:21:26+00:00\",\"description\":\"Acquista a buon mercato Hobby Foggy direttamente online. Pratico sistema di nebulizzazione per terrari di piccole dimensioni con serbatoio d'acqua integrato.\",\"breadcrumb\":{\"@id\":\"https:\\\/\\\/insektenliebe.com\\\/it\\\/shop\\\/prodotto\\\/hobby-nebbia\\\/#breadcrumb\"},\"inLanguage\":\"it-IT\",\"potentialAction\":[{\"@type\":\"ReadAction\",\"target\":[\"https:\\\/\\\/insektenliebe.com\\\/it\\\/shop\\\/prodotto\\\/hobby-nebbia\\\/\"]}]},{\"@type\":\"ImageObject\",\"inLanguage\":\"it-IT\",\"@id\":\"https:\\\/\\\/insektenliebe.com\\\/it\\\/shop\\\/prodotto\\\/hobby-nebbia\\\/#primaryimage\",\"url\":\"https:\\\/\\\/insektenliebe.com\\\/wp-content\\\/uploads\\\/2025\\\/05\\\/Hobby-Foggy-2.jpg\",\"contentUrl\":\"https:\\\/\\\/insektenliebe.com\\\/wp-content\\\/uploads\\\/2025\\\/05\\\/Hobby-Foggy-2.jpg\",\"width\":820,\"height\":820,\"caption\":\"Hobby-Foggy-2.jpg\"},{\"@type\":\"BreadcrumbList\",\"@id\":\"https:\\\/\\\/insektenliebe.com\\\/it\\\/shop\\\/prodotto\\\/hobby-nebbia\\\/#breadcrumb\",\"itemListElement\":[{\"@type\":\"ListItem\",\"position\":1,\"name\":\"Startseite\",\"item\":\"https:\\\/\\\/insektenliebe.com\\\/it\\\/\"},{\"@type\":\"ListItem\",\"position\":2,\"name\":\"Negozio\",\"item\":\"https:\\\/\\\/insektenliebe.com\\\/it\\\/negozio\\\/\"},{\"@type\":\"ListItem\",\"position\":3,\"name\":\"Hobby Nebbia\"}]},{\"@type\":\"WebSite\",\"@id\":\"https:\\\/\\\/insektenliebe.com\\\/it\\\/#website\",\"url\":\"https:\\\/\\\/insektenliebe.com\\\/it\\\/\",\"name\":\"Insektenliebe\",\"description\":\"Dein Zuhause f\u00fcr die kleinen Lebewesen\",\"publisher\":{\"@id\":\"https:\\\/\\\/insektenliebe.com\\\/it\\\/#organization\"},\"potentialAction\":[{\"@type\":\"SearchAction\",\"target\":{\"@type\":\"EntryPoint\",\"urlTemplate\":\"https:\\\/\\\/insektenliebe.com\\\/it\\\/?s={search_term_string}\"},\"query-input\":{\"@type\":\"PropertyValueSpecification\",\"valueRequired\":true,\"valueName\":\"search_term_string\"}}],\"inLanguage\":\"it-IT\"},{\"@type\":\"Organization\",\"@id\":\"https:\\\/\\\/insektenliebe.com\\\/it\\\/#organization\",\"name\":\"Insektenliebe\",\"url\":\"https:\\\/\\\/insektenliebe.com\\\/it\\\/\",\"logo\":{\"@type\":\"ImageObject\",\"inLanguage\":\"it-IT\",\"@id\":\"https:\\\/\\\/insektenliebe.com\\\/it\\\/#\\\/schema\\\/logo\\\/image\\\/\",\"url\":\"https:\\\/\\\/insektenliebe.com\\\/wp-content\\\/uploads\\\/2025\\\/03\\\/logo-white.png\",\"contentUrl\":\"https:\\\/\\\/insektenliebe.com\\\/wp-content\\\/uploads\\\/2025\\\/03\\\/logo-white.png\",\"width\":288,\"height\":188,\"caption\":\"Insektenliebe\"},\"image\":{\"@id\":\"https:\\\/\\\/insektenliebe.com\\\/it\\\/#\\\/schema\\\/logo\\\/image\\\/\"}}]}<\/script>\n<!-- \/ Yoast SEO plugin. -->","yoast_head_json":{"title":"Hobby Nebbia - Insektenliebe","description":"Acquista a buon mercato Hobby Foggy direttamente online. Pratico sistema di nebulizzazione per terrari di piccole dimensioni con serbatoio d'acqua integrato.","robots":{"index":"index","follow":"follow","max-snippet":"max-snippet:-1","max-image-preview":"max-image-preview:large","max-video-preview":"max-video-preview:-1"},"canonical":"https:\/\/insektenliebe.com\/it\/shop\/prodotto\/hobby-nebbia\/","og_locale":"it_IT","og_type":"article","og_title":"Hobby Nebbia - Insektenliebe","og_description":"Acquista a buon mercato Hobby Foggy direttamente online. Pratico sistema di nebulizzazione per terrari di piccole dimensioni con serbatoio d'acqua integrato.","og_url":"https:\/\/insektenliebe.com\/it\/shop\/prodotto\/hobby-nebbia\/","og_site_name":"Insektenliebe","article_modified_time":"2026-03-03T20:21:26+00:00","og_image":[{"width":820,"height":820,"url":"https:\/\/insektenliebe.com\/wp-content\/uploads\/2025\/05\/Hobby-Foggy-2.jpg","type":"image\/jpeg"}],"twitter_card":"summary_large_image","twitter_misc":{"Tempo di lettura stimato":"1 minuto"},"schema":{"@context":"https:\/\/schema.org","@graph":[{"@type":"WebPage","@id":"https:\/\/insektenliebe.com\/it\/shop\/prodotto\/hobby-nebbia\/","url":"https:\/\/insektenliebe.com\/it\/shop\/prodotto\/hobby-nebbia\/","name":"Hobby Nebbia - Insektenliebe","isPartOf":{"@id":"https:\/\/insektenliebe.com\/it\/#website"},"primaryImageOfPage":{"@id":"https:\/\/insektenliebe.com\/it\/shop\/prodotto\/hobby-nebbia\/#primaryimage"},"image":{"@id":"https:\/\/insektenliebe.com\/it\/shop\/prodotto\/hobby-nebbia\/#primaryimage"},"thumbnailUrl":"https:\/\/insektenliebe.com\/wp-content\/uploads\/2025\/05\/Hobby-Foggy-2.jpg","datePublished":"2021-06-18T13:10:33+00:00","dateModified":"2026-03-03T20:21:26+00:00","description":"Acquista a buon mercato Hobby Foggy direttamente online. Pratico sistema di nebulizzazione per terrari di piccole dimensioni con serbatoio d'acqua integrato.","breadcrumb":{"@id":"https:\/\/insektenliebe.com\/it\/shop\/prodotto\/hobby-nebbia\/#breadcrumb"},"inLanguage":"it-IT","potentialAction":[{"@type":"ReadAction","target":["https:\/\/insektenliebe.com\/it\/shop\/prodotto\/hobby-nebbia\/"]}]},{"@type":"ImageObject","inLanguage":"it-IT","@id":"https:\/\/insektenliebe.com\/it\/shop\/prodotto\/hobby-nebbia\/#primaryimage","url":"https:\/\/insektenliebe.com\/wp-content\/uploads\/2025\/05\/Hobby-Foggy-2.jpg","contentUrl":"https:\/\/insektenliebe.com\/wp-content\/uploads\/2025\/05\/Hobby-Foggy-2.jpg","width":820,"height":820,"caption":"Hobby-Foggy-2.jpg"},{"@type":"BreadcrumbList","@id":"https:\/\/insektenliebe.com\/it\/shop\/prodotto\/hobby-nebbia\/#breadcrumb","itemListElement":[{"@type":"ListItem","position":1,"name":"Startseite","item":"https:\/\/insektenliebe.com\/it\/"},{"@type":"ListItem","position":2,"name":"Negozio","item":"https:\/\/insektenliebe.com\/it\/negozio\/"},{"@type":"ListItem","position":3,"name":"Hobby Nebbia"}]},{"@type":"WebSite","@id":"https:\/\/insektenliebe.com\/it\/#website","url":"https:\/\/insektenliebe.com\/it\/","name":"Insektenliebe","description":"Dein Zuhause f\u00fcr die kleinen Lebewesen","publisher":{"@id":"https:\/\/insektenliebe.com\/it\/#organization"},"potentialAction":[{"@type":"SearchAction","target":{"@type":"EntryPoint","urlTemplate":"https:\/\/insektenliebe.com\/it\/?s={search_term_string}"},"query-input":{"@type":"PropertyValueSpecification","valueRequired":true,"valueName":"search_term_string"}}],"inLanguage":"it-IT"},{"@type":"Organization","@id":"https:\/\/insektenliebe.com\/it\/#organization","name":"Insektenliebe","url":"https:\/\/insektenliebe.com\/it\/","logo":{"@type":"ImageObject","inLanguage":"it-IT","@id":"https:\/\/insektenliebe.com\/it\/#\/schema\/logo\/image\/","url":"https:\/\/insektenliebe.com\/wp-content\/uploads\/2025\/03\/logo-white.png","contentUrl":"https:\/\/insektenliebe.com\/wp-content\/uploads\/2025\/03\/logo-white.png","width":288,"height":188,"caption":"Insektenliebe"},"image":{"@id":"https:\/\/insektenliebe.com\/it\/#\/schema\/logo\/image\/"}}]}},"_links":{"self":[{"href":"https:\/\/insektenliebe.com\/it\/wp-json\/wp\/v2\/product\/190522","targetHints":{"allow":["GET"]}}],"collection":[{"href":"https:\/\/insektenliebe.com\/it\/wp-json\/wp\/v2\/product"}],"about":[{"href":"https:\/\/insektenliebe.com\/it\/wp-json\/wp\/v2\/types\/product"}],"wp:featuredmedia":[{"embeddable":true,"href":"https:\/\/insektenliebe.com\/it\/wp-json\/wp\/v2\/media\/190523"}],"wp:attachment":[{"href":"https:\/\/insektenliebe.com\/it\/wp-json\/wp\/v2\/media?parent=190522"}],"wp:term":[{"taxonomy":"product-supplier","embeddable":true,"href":"https:\/\/insektenliebe.com\/it\/wp-json\/wp\/v2\/product-supplier?post=190522"},{"taxonomy":"product_brand","embeddable":true,"href":"https:\/\/insektenliebe.com\/it\/wp-json\/wp\/v2\/product_brand?post=190522"},{"taxonomy":"product_cat","embeddable":true,"href":"https:\/\/insektenliebe.com\/it\/wp-json\/wp\/v2\/product_cat?post=190522"},{"taxonomy":"product_tag","embeddable":true,"href":"https:\/\/insektenliebe.com\/it\/wp-json\/wp\/v2\/product_tag?post=190522"},{"taxonomy":"lce-checkout-addons","embeddable":true,"href":"https:\/\/insektenliebe.com\/it\/wp-json\/wp\/v2\/lce-checkout-addons?post=190522"}],"curies":[{"name":"wp","href":"https:\/\/api.w.org\/{rel}","templated":true}]}}