{"id":190520,"date":"2021-08-22T11:07:23","date_gmt":"2021-08-22T09:07:23","guid":{"rendered":"https:\/\/insektenliebe.com\/shop\/produkt\/psalmopoeus-cambridgei\/"},"modified":"2026-04-18T07:30:46","modified_gmt":"2026-04-18T05:30:46","slug":"psalmopoeus-cambridgei","status":"publish","type":"product","link":"https:\/\/insektenliebe.com\/it\/shop\/prodotto\/psalmopoeus-cambridgei\/","title":{"rendered":"Psalmopoeus cambridgei"},"content":{"rendered":"<h3><span class=\"s1\" style=\"color: #99cc33;\">Psalmopoeus cambridgei - Il cacciatore di rondini di Trinidad<\/span><\/h3>\n<p class=\"p1\"><strong><span class=\"s1\">Psalmopoeus cambridgei<\/span><\/strong><span class=\"s2\">conosciuta anche come \"Trinidad chevron tarantula\", \u00e8 una delle tarantole arboree pi\u00f9 belle e affascinanti in circolazione. La sua colorazione di base va dal marrone chiaro a un grigio-verde metallico scintillante. Sull&#8217;addome si nota una sottile striscia longitudinale scura. Le strisce arancio-marroni sui tarsi sono particolarmente evidenti e sono ben visibili quando si muovono.   <\/span><\/p>\n<p class=\"p1\"><span class=\"s2\">Questa specie \u00e8 originaria dell&#8217;isola caraibica di Trinidad, che si trova a pochi chilometri dalla costa del Venezuela. Il clima tropicale dell&#8217;isola, con temperature diurne di circa 30 \u00b0C e notturne che scendono fino a circa 20 \u00b0C, offre le condizioni ideali per la crescita di questa specie. <strong><span class=\"s1\">Psalmopoeus cambridgei<\/span><\/strong> <\/span><span class=\"s2\">. L&#8217;umidit\u00e0 \u00e8 solitamente intorno al 75% e aumenta notevolmente durante la stagione delle piogge (da giugno a ottobre).<\/span><\/p>\n<p class=\"p1\"><span class=\"s2\">Questo clima pu\u00f2 essere facilmente ricreato nel terrario. Gli animali si sentono a proprio agio a una temperatura di circa 24-28 \u00b0C durante il giorno e si abbassano a circa 20 \u00b0C di notte. Se li tieni a temperatura ambiente, questo pu\u00f2 essere fatto senza problemi: il tempo di sviluppo viene semplicemente prolungato. Un livello di umidit\u00e0 di circa il 70-75% pu\u00f2 essere facilmente raggiunto con spruzzature regolari e mirate. Naturalmente, \u00e8 indispensabile una vaschetta per l&#8217;acqua.    <\/span><\/p>\n<p class=\"p1\"><span class=\"s2\"><strong><span class=\"s1\">Psalmopoeus cambridgei<\/span><\/strong> \u00e8 considerata adatta ai principianti tra le tarantole che vivono sugli alberi, ma richiede comunque rispetto nel maneggiarla. Questo perch\u00e9 \u00e8 molto veloce, desiderosa di saltare e spesso curiosa. Quando ti occupi di loro - ad esempio quando cambi l&#8217;acqua - dovresti sempre lavorare di giorno, quando l&#8217;animale \u00e8 solito riposare nella sua ragnatela. Di notte, invece, il ragno viene spesso visto in posizione di caccia: di solito \u00e8 seduto sulla tela tubolare, pronto a colpire.   <\/span><\/p>\n<p class=\"p1\"><span class=\"s2\">Il loro comportamento di caccia \u00e8 impressionante. Non appena un insetto si avvicina, lo afferra alla velocit\u00e0 della luce. Non esita a lungo, ma scatta subito. A causa del loro comportamento attivo, \u00e8 importante utilizzare un terrario a prova di fuga o una scatola sicura - perch\u00e9 <strong><span class=\"s1\">Psalmopoeus cambridgei<\/span><\/strong>   <\/span><span class=\"s2\">  cerca di esplorare l&#8217;ambiente circostante.<\/span><\/p>\n<p class=\"p1\"><span class=\"s2\">Anche se non ha peli urticanti, come molte specie del genere, pu\u00f2 difendersi scappando o saltando alla velocit\u00e0 della luce. Tuttavia, con una buona osservazione e una gestione tranquilla, rimane un animale da terrario attraente ed emozionante, perfetto per chiunque abbia un po&#8217; di esperienza o sia pronto a mettersi in gioco con una specie agile ma bellissima. <\/span><\/p>\n","protected":false},"excerpt":{"rendered":"<p>Psalmopoeus cambridgei - Il cacciatore di rondini di Trinidad Psalmopoeus cambridgeiconosciuta anche come \"Trinidad chevron tarantula\", \u00e8 una delle tarantole arboree pi\u00f9 belle e affascinanti in circolazione. La sua colorazione di base va dal marrone chiaro a un grigio-verde metallico scintillante. Sull&#8217;addome si nota una sottile striscia longitudinale scura. Le strisce arancio-marroni sui tarsi sono [&hellip;]<\/p>\n","protected":false},"featured_media":190521,"template":"","meta":{"_acf_changed":false},"product-supplier":[],"product_brand":[],"product_cat":[2809,3004],"product_tag":[],"lce-checkout-addons":[2746],"class_list":{"0":"post-190520","1":"product","2":"type-product","3":"status-publish","4":"has-post-thumbnail","6":"product_cat-ragni","7":"product_cat-tarantole","8":"product_shipping_class-spedizione-di-animali","9":"pa_geschlecht-donna","10":"pa_geschlecht-indeterminato","11":"pa_geschlecht-uomo","12":"pa_herkunft-trinidad","13":"pa_kontinent-sud-america","14":"lce-checkout-addons-imballaggio-invernale","16":"first","17":"instock","18":"taxable","19":"shipping-taxable","20":"purchasable","21":"product-type-variable"},"acf":[],"yoast_head":"<!-- This site is optimized with the Yoast SEO plugin v27.3 - https:\/\/yoast.com\/product\/yoast-seo-wordpress\/ -->\n<title>Psalmopoeus cambridgei - Insektenliebe<\/title>\n<meta name=\"description\" content=\"La Psalmopoeus cambridgei \u00e8 una bellissima e agile tarantola arboricola di Trinidad. Perfetta per i principianti esperti - con curiosit\u00e0, istinto di caccia e fascino tropicale.\" \/>\n<meta name=\"robots\" content=\"index, follow, max-snippet:-1, max-image-preview:large, max-video-preview:-1\" \/>\n<link rel=\"canonical\" href=\"https:\/\/insektenliebe.com\/it\/shop\/prodotto\/psalmopoeus-cambridgei\/\" \/>\n<meta property=\"og:locale\" content=\"it_IT\" \/>\n<meta property=\"og:type\" content=\"article\" \/>\n<meta property=\"og:title\" content=\"Psalmopoeus cambridgei - Insektenliebe\" \/>\n<meta property=\"og:description\" content=\"La Psalmopoeus cambridgei \u00e8 una bellissima e agile tarantola arboricola di Trinidad. Perfetta per i principianti esperti - con curiosit\u00e0, istinto di caccia e fascino tropicale.\" \/>\n<meta property=\"og:url\" content=\"https:\/\/insektenliebe.com\/it\/shop\/prodotto\/psalmopoeus-cambridgei\/\" \/>\n<meta property=\"og:site_name\" content=\"Insektenliebe\" \/>\n<meta property=\"article:modified_time\" content=\"2026-04-18T05:30:46+00:00\" \/>\n<meta property=\"og:image\" content=\"https:\/\/insektenliebe.com\/wp-content\/uploads\/2025\/05\/Psalmopoeus-cambridgei-2.jpg\" \/>\n\t<meta property=\"og:image:width\" content=\"820\" \/>\n\t<meta property=\"og:image:height\" content=\"820\" \/>\n\t<meta property=\"og:image:type\" content=\"image\/jpeg\" \/>\n<meta name=\"twitter:card\" content=\"summary_large_image\" \/>\n<meta name=\"twitter:label1\" content=\"Tempo di lettura stimato\" \/>\n\t<meta name=\"twitter:data1\" content=\"2 minuto\" \/>\n<script type=\"application\/ld+json\" class=\"yoast-schema-graph\">{\"@context\":\"https:\\\/\\\/schema.org\",\"@graph\":[{\"@type\":\"WebPage\",\"@id\":\"https:\\\/\\\/insektenliebe.com\\\/it\\\/shop\\\/prodotto\\\/psalmopoeus-cambridgei\\\/\",\"url\":\"https:\\\/\\\/insektenliebe.com\\\/it\\\/shop\\\/prodotto\\\/psalmopoeus-cambridgei\\\/\",\"name\":\"Psalmopoeus cambridgei - Insektenliebe\",\"isPartOf\":{\"@id\":\"https:\\\/\\\/insektenliebe.com\\\/it\\\/#website\"},\"primaryImageOfPage\":{\"@id\":\"https:\\\/\\\/insektenliebe.com\\\/it\\\/shop\\\/prodotto\\\/psalmopoeus-cambridgei\\\/#primaryimage\"},\"image\":{\"@id\":\"https:\\\/\\\/insektenliebe.com\\\/it\\\/shop\\\/prodotto\\\/psalmopoeus-cambridgei\\\/#primaryimage\"},\"thumbnailUrl\":\"https:\\\/\\\/insektenliebe.com\\\/wp-content\\\/uploads\\\/2025\\\/05\\\/Psalmopoeus-cambridgei-2.jpg\",\"datePublished\":\"2021-08-22T09:07:23+00:00\",\"dateModified\":\"2026-04-18T05:30:46+00:00\",\"description\":\"La Psalmopoeus cambridgei \u00e8 una bellissima e agile tarantola arboricola di Trinidad. Perfetta per i principianti esperti - con curiosit\u00e0, istinto di caccia e fascino tropicale.\",\"breadcrumb\":{\"@id\":\"https:\\\/\\\/insektenliebe.com\\\/it\\\/shop\\\/prodotto\\\/psalmopoeus-cambridgei\\\/#breadcrumb\"},\"inLanguage\":\"it-IT\",\"potentialAction\":[{\"@type\":\"ReadAction\",\"target\":[\"https:\\\/\\\/insektenliebe.com\\\/it\\\/shop\\\/prodotto\\\/psalmopoeus-cambridgei\\\/\"]}]},{\"@type\":\"ImageObject\",\"inLanguage\":\"it-IT\",\"@id\":\"https:\\\/\\\/insektenliebe.com\\\/it\\\/shop\\\/prodotto\\\/psalmopoeus-cambridgei\\\/#primaryimage\",\"url\":\"https:\\\/\\\/insektenliebe.com\\\/wp-content\\\/uploads\\\/2025\\\/05\\\/Psalmopoeus-cambridgei-2.jpg\",\"contentUrl\":\"https:\\\/\\\/insektenliebe.com\\\/wp-content\\\/uploads\\\/2025\\\/05\\\/Psalmopoeus-cambridgei-2.jpg\",\"width\":820,\"height\":820,\"caption\":\"Psalmopoeus-cambridgei-2.jpg\"},{\"@type\":\"BreadcrumbList\",\"@id\":\"https:\\\/\\\/insektenliebe.com\\\/it\\\/shop\\\/prodotto\\\/psalmopoeus-cambridgei\\\/#breadcrumb\",\"itemListElement\":[{\"@type\":\"ListItem\",\"position\":1,\"name\":\"Startseite\",\"item\":\"https:\\\/\\\/insektenliebe.com\\\/it\\\/\"},{\"@type\":\"ListItem\",\"position\":2,\"name\":\"Negozio\",\"item\":\"https:\\\/\\\/insektenliebe.com\\\/it\\\/negozio\\\/\"},{\"@type\":\"ListItem\",\"position\":3,\"name\":\"Psalmopoeus cambridgei\"}]},{\"@type\":\"WebSite\",\"@id\":\"https:\\\/\\\/insektenliebe.com\\\/it\\\/#website\",\"url\":\"https:\\\/\\\/insektenliebe.com\\\/it\\\/\",\"name\":\"Insektenliebe\",\"description\":\"Dein Zuhause f\u00fcr die kleinen Lebewesen\",\"publisher\":{\"@id\":\"https:\\\/\\\/insektenliebe.com\\\/it\\\/#organization\"},\"potentialAction\":[{\"@type\":\"SearchAction\",\"target\":{\"@type\":\"EntryPoint\",\"urlTemplate\":\"https:\\\/\\\/insektenliebe.com\\\/it\\\/?s={search_term_string}\"},\"query-input\":{\"@type\":\"PropertyValueSpecification\",\"valueRequired\":true,\"valueName\":\"search_term_string\"}}],\"inLanguage\":\"it-IT\"},{\"@type\":\"Organization\",\"@id\":\"https:\\\/\\\/insektenliebe.com\\\/it\\\/#organization\",\"name\":\"Insektenliebe\",\"url\":\"https:\\\/\\\/insektenliebe.com\\\/it\\\/\",\"logo\":{\"@type\":\"ImageObject\",\"inLanguage\":\"it-IT\",\"@id\":\"https:\\\/\\\/insektenliebe.com\\\/it\\\/#\\\/schema\\\/logo\\\/image\\\/\",\"url\":\"https:\\\/\\\/insektenliebe.com\\\/wp-content\\\/uploads\\\/2025\\\/03\\\/logo-white.png\",\"contentUrl\":\"https:\\\/\\\/insektenliebe.com\\\/wp-content\\\/uploads\\\/2025\\\/03\\\/logo-white.png\",\"width\":288,\"height\":188,\"caption\":\"Insektenliebe\"},\"image\":{\"@id\":\"https:\\\/\\\/insektenliebe.com\\\/it\\\/#\\\/schema\\\/logo\\\/image\\\/\"}}]}<\/script>\n<!-- \/ Yoast SEO plugin. -->","yoast_head_json":{"title":"Psalmopoeus cambridgei - Insektenliebe","description":"La Psalmopoeus cambridgei \u00e8 una bellissima e agile tarantola arboricola di Trinidad. Perfetta per i principianti esperti - con curiosit\u00e0, istinto di caccia e fascino tropicale.","robots":{"index":"index","follow":"follow","max-snippet":"max-snippet:-1","max-image-preview":"max-image-preview:large","max-video-preview":"max-video-preview:-1"},"canonical":"https:\/\/insektenliebe.com\/it\/shop\/prodotto\/psalmopoeus-cambridgei\/","og_locale":"it_IT","og_type":"article","og_title":"Psalmopoeus cambridgei - Insektenliebe","og_description":"La Psalmopoeus cambridgei \u00e8 una bellissima e agile tarantola arboricola di Trinidad. Perfetta per i principianti esperti - con curiosit\u00e0, istinto di caccia e fascino tropicale.","og_url":"https:\/\/insektenliebe.com\/it\/shop\/prodotto\/psalmopoeus-cambridgei\/","og_site_name":"Insektenliebe","article_modified_time":"2026-04-18T05:30:46+00:00","og_image":[{"width":820,"height":820,"url":"https:\/\/insektenliebe.com\/wp-content\/uploads\/2025\/05\/Psalmopoeus-cambridgei-2.jpg","type":"image\/jpeg"}],"twitter_card":"summary_large_image","twitter_misc":{"Tempo di lettura stimato":"2 minuto"},"schema":{"@context":"https:\/\/schema.org","@graph":[{"@type":"WebPage","@id":"https:\/\/insektenliebe.com\/it\/shop\/prodotto\/psalmopoeus-cambridgei\/","url":"https:\/\/insektenliebe.com\/it\/shop\/prodotto\/psalmopoeus-cambridgei\/","name":"Psalmopoeus cambridgei - Insektenliebe","isPartOf":{"@id":"https:\/\/insektenliebe.com\/it\/#website"},"primaryImageOfPage":{"@id":"https:\/\/insektenliebe.com\/it\/shop\/prodotto\/psalmopoeus-cambridgei\/#primaryimage"},"image":{"@id":"https:\/\/insektenliebe.com\/it\/shop\/prodotto\/psalmopoeus-cambridgei\/#primaryimage"},"thumbnailUrl":"https:\/\/insektenliebe.com\/wp-content\/uploads\/2025\/05\/Psalmopoeus-cambridgei-2.jpg","datePublished":"2021-08-22T09:07:23+00:00","dateModified":"2026-04-18T05:30:46+00:00","description":"La Psalmopoeus cambridgei \u00e8 una bellissima e agile tarantola arboricola di Trinidad. Perfetta per i principianti esperti - con curiosit\u00e0, istinto di caccia e fascino tropicale.","breadcrumb":{"@id":"https:\/\/insektenliebe.com\/it\/shop\/prodotto\/psalmopoeus-cambridgei\/#breadcrumb"},"inLanguage":"it-IT","potentialAction":[{"@type":"ReadAction","target":["https:\/\/insektenliebe.com\/it\/shop\/prodotto\/psalmopoeus-cambridgei\/"]}]},{"@type":"ImageObject","inLanguage":"it-IT","@id":"https:\/\/insektenliebe.com\/it\/shop\/prodotto\/psalmopoeus-cambridgei\/#primaryimage","url":"https:\/\/insektenliebe.com\/wp-content\/uploads\/2025\/05\/Psalmopoeus-cambridgei-2.jpg","contentUrl":"https:\/\/insektenliebe.com\/wp-content\/uploads\/2025\/05\/Psalmopoeus-cambridgei-2.jpg","width":820,"height":820,"caption":"Psalmopoeus-cambridgei-2.jpg"},{"@type":"BreadcrumbList","@id":"https:\/\/insektenliebe.com\/it\/shop\/prodotto\/psalmopoeus-cambridgei\/#breadcrumb","itemListElement":[{"@type":"ListItem","position":1,"name":"Startseite","item":"https:\/\/insektenliebe.com\/it\/"},{"@type":"ListItem","position":2,"name":"Negozio","item":"https:\/\/insektenliebe.com\/it\/negozio\/"},{"@type":"ListItem","position":3,"name":"Psalmopoeus cambridgei"}]},{"@type":"WebSite","@id":"https:\/\/insektenliebe.com\/it\/#website","url":"https:\/\/insektenliebe.com\/it\/","name":"Insektenliebe","description":"Dein Zuhause f\u00fcr die kleinen Lebewesen","publisher":{"@id":"https:\/\/insektenliebe.com\/it\/#organization"},"potentialAction":[{"@type":"SearchAction","target":{"@type":"EntryPoint","urlTemplate":"https:\/\/insektenliebe.com\/it\/?s={search_term_string}"},"query-input":{"@type":"PropertyValueSpecification","valueRequired":true,"valueName":"search_term_string"}}],"inLanguage":"it-IT"},{"@type":"Organization","@id":"https:\/\/insektenliebe.com\/it\/#organization","name":"Insektenliebe","url":"https:\/\/insektenliebe.com\/it\/","logo":{"@type":"ImageObject","inLanguage":"it-IT","@id":"https:\/\/insektenliebe.com\/it\/#\/schema\/logo\/image\/","url":"https:\/\/insektenliebe.com\/wp-content\/uploads\/2025\/03\/logo-white.png","contentUrl":"https:\/\/insektenliebe.com\/wp-content\/uploads\/2025\/03\/logo-white.png","width":288,"height":188,"caption":"Insektenliebe"},"image":{"@id":"https:\/\/insektenliebe.com\/it\/#\/schema\/logo\/image\/"}}]}},"_links":{"self":[{"href":"https:\/\/insektenliebe.com\/it\/wp-json\/wp\/v2\/product\/190520","targetHints":{"allow":["GET"]}}],"collection":[{"href":"https:\/\/insektenliebe.com\/it\/wp-json\/wp\/v2\/product"}],"about":[{"href":"https:\/\/insektenliebe.com\/it\/wp-json\/wp\/v2\/types\/product"}],"wp:featuredmedia":[{"embeddable":true,"href":"https:\/\/insektenliebe.com\/it\/wp-json\/wp\/v2\/media\/190521"}],"wp:attachment":[{"href":"https:\/\/insektenliebe.com\/it\/wp-json\/wp\/v2\/media?parent=190520"}],"wp:term":[{"taxonomy":"product-supplier","embeddable":true,"href":"https:\/\/insektenliebe.com\/it\/wp-json\/wp\/v2\/product-supplier?post=190520"},{"taxonomy":"product_brand","embeddable":true,"href":"https:\/\/insektenliebe.com\/it\/wp-json\/wp\/v2\/product_brand?post=190520"},{"taxonomy":"product_cat","embeddable":true,"href":"https:\/\/insektenliebe.com\/it\/wp-json\/wp\/v2\/product_cat?post=190520"},{"taxonomy":"product_tag","embeddable":true,"href":"https:\/\/insektenliebe.com\/it\/wp-json\/wp\/v2\/product_tag?post=190520"},{"taxonomy":"lce-checkout-addons","embeddable":true,"href":"https:\/\/insektenliebe.com\/it\/wp-json\/wp\/v2\/lce-checkout-addons?post=190520"}],"curies":[{"name":"wp","href":"https:\/\/api.w.org\/{rel}","templated":true}]}}