{"id":190514,"date":"2021-08-13T11:19:00","date_gmt":"2021-08-13T09:19:00","guid":{"rendered":"https:\/\/insektenliebe.com\/shop\/produkt\/hobby-terrano-moss\/"},"modified":"2026-02-27T16:19:52","modified_gmt":"2026-02-27T15:19:52","slug":"hobby-terrano-moss","status":"publish","type":"product","link":"https:\/\/insektenliebe.com\/it\/shop\/prodotto\/hobby-terrano-moss\/","title":{"rendered":"Hobby Terrano Moss"},"content":{"rendered":"<div class=\"row\">\n<div class=\"col-12\">\n<div class=\"md\">\n<h3><span class=\"s1\" style=\"color: #99cc33;\">Hobby Terrano Moss - Tagliabile, dimensionalmente stabile e versatile<\/span><\/h3>\n<p class=\"p1\"><strong><span class=\"s1\">Hobby Terrano Moss<\/span><\/strong><span class=\"s2\">  \u00e8 un muschio per terrari naturale al 100% che \u00e8 stato applicato su un sottile strato di tessuto. Questo ti permette di tagliarlo su misura e di adattarlo con precisione al tuo allestimento. Che si tratti di piccole zone di umidit\u00e0, di aree pi\u00f9 grandi o di forme personalizzate, il materiale rimane stabile e conserva la sua forma dopo il taglio.  <\/span><\/p>\n<p class=\"p1\"><span class=\"s2\">La base in pile fa s\u00ec che il muschio non si sfilacci n\u00e9 si sfaldi. Anche se si asciuga nel frattempo, la struttura rimane intatta. Questo crea un elemento di design pulito e duraturo che puoi utilizzare in modo flessibile. Il muschio pu\u00f2 essere attaccato direttamente alle pareti posteriori o laterali di terrari in vetro, plastica o legno utilizzando un adesivo in silicone. In questo modo puoi creare aree naturali di muschio o aree umide per arrampicarsi.    <\/span><\/p>\n<p class=\"p1\"><span class=\"s2\">Oltre a essere facile da lavorare, <strong>Hobby Terrano Moss<\/strong> convince anche per le sue propriet\u00e0 funzionali. Aumenta l&#8217;umidit\u00e0 nel terrario e contribuisce a mantenerla stabile a lungo termine. In particolare, le specie che hanno maggiori esigenze di umidit\u00e0 traggono beneficio da rifugi costantemente umidi. Serpenti e lucertole utilizzano il muschio durante la muta, ad esempio. In una cassetta umida, immagazzina in modo affidabile l&#8217;umidit\u00e0 e la rilascia lentamente.    <\/span><\/p>\n<p class=\"p1\"><span class=\"s2\">Questo muschio \u00e8 ideale anche come substrato per la deposizione delle uova o come struttura decorativa nel substrato. Pu\u00f2 essere inumidito in qualsiasi momento e quindi ha una durata di conservazione praticamente illimitata. Basta inumidirlo accuratamente con acqua prima dell&#8217;uso e sar\u00e0 pronto all&#8217;uso.  <\/span><\/p>\n<p class=\"p1\"><span class=\"s2\"><strong>Il muschio Terrano di Hobby<\/strong> \u00e8 prodotto senza additivi chimici ed \u00e8 realizzato con risorse rinnovabili. In questo modo si ottiene un prodotto naturale che combina funzionalit\u00e0 ed estetica. Se cerchi un muschio per terrari versatile, dimensionalmente stabile e di lunga durata, questo prodotto \u00e8 una scelta ben ponderata.  <\/span><\/p>\n<\/div>\n<\/div>\n<\/div>\n","protected":false},"excerpt":{"rendered":"<p>Hobby Terrano Moss - Tagliabile, dimensionalmente stabile e versatile Hobby Terrano Moss \u00e8 un muschio per terrari naturale al 100% che \u00e8 stato applicato su un sottile strato di tessuto. Questo ti permette di tagliarlo su misura e di adattarlo con precisione al tuo allestimento. Che si tratti di piccole zone di umidit\u00e0, di aree [&hellip;]<\/p>\n","protected":false},"featured_media":190515,"template":"","meta":{"_acf_changed":false},"product-supplier":[2555],"product_brand":[2739],"product_cat":[2894],"product_tag":[],"lce-checkout-addons":[],"class_list":{"0":"post-190514","1":"product","2":"type-product","3":"status-publish","4":"has-post-thumbnail","6":"product_brand-hobby-terraristica","7":"product_cat-substrati-e-muschi","8":"product_shipping_class-equipment-shipping","10":"first","11":"instock","12":"sale","13":"taxable","14":"shipping-taxable","15":"purchasable","16":"product-type-simple"},"acf":[],"yoast_head":"<!-- This site is optimized with the Yoast SEO plugin v27.3 - https:\/\/yoast.com\/product\/yoast-seo-wordpress\/ -->\n<title>Hobby Terrano Moss - Insektenliebe<\/title>\n<meta name=\"description\" content=\"Hobby Terrano Moss - muschio per terrari naturale al 100% su vello. Pu\u00f2 essere tagliato a misura, mantiene la sua forma ed \u00e8 ideale per aumentare l&#039;umidit\u00e0.\" \/>\n<meta name=\"robots\" content=\"index, follow, max-snippet:-1, max-image-preview:large, max-video-preview:-1\" \/>\n<link rel=\"canonical\" href=\"https:\/\/insektenliebe.com\/it\/shop\/prodotto\/hobby-terrano-moss\/\" \/>\n<meta property=\"og:locale\" content=\"it_IT\" \/>\n<meta property=\"og:type\" content=\"article\" \/>\n<meta property=\"og:title\" content=\"Hobby Terrano Moss - Insektenliebe\" \/>\n<meta property=\"og:description\" content=\"Hobby Terrano Moss - muschio per terrari naturale al 100% su vello. Pu\u00f2 essere tagliato a misura, mantiene la sua forma ed \u00e8 ideale per aumentare l&#039;umidit\u00e0.\" \/>\n<meta property=\"og:url\" content=\"https:\/\/insektenliebe.com\/it\/shop\/prodotto\/hobby-terrano-moss\/\" \/>\n<meta property=\"og:site_name\" content=\"Insektenliebe\" \/>\n<meta property=\"article:modified_time\" content=\"2026-02-27T15:19:52+00:00\" \/>\n<meta property=\"og:image\" content=\"https:\/\/insektenliebe.com\/wp-content\/uploads\/2025\/05\/Hobby-Terrano-Moos-2.jpg\" \/>\n\t<meta property=\"og:image:width\" content=\"820\" \/>\n\t<meta property=\"og:image:height\" content=\"820\" \/>\n\t<meta property=\"og:image:type\" content=\"image\/jpeg\" \/>\n<meta name=\"twitter:card\" content=\"summary_large_image\" \/>\n<meta name=\"twitter:label1\" content=\"Tempo di lettura stimato\" \/>\n\t<meta name=\"twitter:data1\" content=\"2 minuto\" \/>\n<script type=\"application\/ld+json\" class=\"yoast-schema-graph\">{\"@context\":\"https:\\\/\\\/schema.org\",\"@graph\":[{\"@type\":\"WebPage\",\"@id\":\"https:\\\/\\\/insektenliebe.com\\\/it\\\/shop\\\/prodotto\\\/hobby-terrano-moss\\\/\",\"url\":\"https:\\\/\\\/insektenliebe.com\\\/it\\\/shop\\\/prodotto\\\/hobby-terrano-moss\\\/\",\"name\":\"Hobby Terrano Moss - Insektenliebe\",\"isPartOf\":{\"@id\":\"https:\\\/\\\/insektenliebe.com\\\/it\\\/#website\"},\"primaryImageOfPage\":{\"@id\":\"https:\\\/\\\/insektenliebe.com\\\/it\\\/shop\\\/prodotto\\\/hobby-terrano-moss\\\/#primaryimage\"},\"image\":{\"@id\":\"https:\\\/\\\/insektenliebe.com\\\/it\\\/shop\\\/prodotto\\\/hobby-terrano-moss\\\/#primaryimage\"},\"thumbnailUrl\":\"https:\\\/\\\/insektenliebe.com\\\/wp-content\\\/uploads\\\/2025\\\/05\\\/Hobby-Terrano-Moos-2.jpg\",\"datePublished\":\"2021-08-13T09:19:00+00:00\",\"dateModified\":\"2026-02-27T15:19:52+00:00\",\"description\":\"Hobby Terrano Moss - muschio per terrari naturale al 100% su vello. Pu\u00f2 essere tagliato a misura, mantiene la sua forma ed \u00e8 ideale per aumentare l'umidit\u00e0.\",\"breadcrumb\":{\"@id\":\"https:\\\/\\\/insektenliebe.com\\\/it\\\/shop\\\/prodotto\\\/hobby-terrano-moss\\\/#breadcrumb\"},\"inLanguage\":\"it-IT\",\"potentialAction\":[{\"@type\":\"ReadAction\",\"target\":[\"https:\\\/\\\/insektenliebe.com\\\/it\\\/shop\\\/prodotto\\\/hobby-terrano-moss\\\/\"]}]},{\"@type\":\"ImageObject\",\"inLanguage\":\"it-IT\",\"@id\":\"https:\\\/\\\/insektenliebe.com\\\/it\\\/shop\\\/prodotto\\\/hobby-terrano-moss\\\/#primaryimage\",\"url\":\"https:\\\/\\\/insektenliebe.com\\\/wp-content\\\/uploads\\\/2025\\\/05\\\/Hobby-Terrano-Moos-2.jpg\",\"contentUrl\":\"https:\\\/\\\/insektenliebe.com\\\/wp-content\\\/uploads\\\/2025\\\/05\\\/Hobby-Terrano-Moos-2.jpg\",\"width\":820,\"height\":820,\"caption\":\"Hobby-Terrano-Moss-2.jpg\"},{\"@type\":\"BreadcrumbList\",\"@id\":\"https:\\\/\\\/insektenliebe.com\\\/it\\\/shop\\\/prodotto\\\/hobby-terrano-moss\\\/#breadcrumb\",\"itemListElement\":[{\"@type\":\"ListItem\",\"position\":1,\"name\":\"Startseite\",\"item\":\"https:\\\/\\\/insektenliebe.com\\\/it\\\/\"},{\"@type\":\"ListItem\",\"position\":2,\"name\":\"Negozio\",\"item\":\"https:\\\/\\\/insektenliebe.com\\\/it\\\/negozio\\\/\"},{\"@type\":\"ListItem\",\"position\":3,\"name\":\"Hobby Terrano Moss\"}]},{\"@type\":\"WebSite\",\"@id\":\"https:\\\/\\\/insektenliebe.com\\\/it\\\/#website\",\"url\":\"https:\\\/\\\/insektenliebe.com\\\/it\\\/\",\"name\":\"Insektenliebe\",\"description\":\"Dein Zuhause f\u00fcr die kleinen Lebewesen\",\"publisher\":{\"@id\":\"https:\\\/\\\/insektenliebe.com\\\/it\\\/#organization\"},\"potentialAction\":[{\"@type\":\"SearchAction\",\"target\":{\"@type\":\"EntryPoint\",\"urlTemplate\":\"https:\\\/\\\/insektenliebe.com\\\/it\\\/?s={search_term_string}\"},\"query-input\":{\"@type\":\"PropertyValueSpecification\",\"valueRequired\":true,\"valueName\":\"search_term_string\"}}],\"inLanguage\":\"it-IT\"},{\"@type\":\"Organization\",\"@id\":\"https:\\\/\\\/insektenliebe.com\\\/it\\\/#organization\",\"name\":\"Insektenliebe\",\"url\":\"https:\\\/\\\/insektenliebe.com\\\/it\\\/\",\"logo\":{\"@type\":\"ImageObject\",\"inLanguage\":\"it-IT\",\"@id\":\"https:\\\/\\\/insektenliebe.com\\\/it\\\/#\\\/schema\\\/logo\\\/image\\\/\",\"url\":\"https:\\\/\\\/insektenliebe.com\\\/wp-content\\\/uploads\\\/2025\\\/03\\\/logo-white.png\",\"contentUrl\":\"https:\\\/\\\/insektenliebe.com\\\/wp-content\\\/uploads\\\/2025\\\/03\\\/logo-white.png\",\"width\":288,\"height\":188,\"caption\":\"Insektenliebe\"},\"image\":{\"@id\":\"https:\\\/\\\/insektenliebe.com\\\/it\\\/#\\\/schema\\\/logo\\\/image\\\/\"}}]}<\/script>\n<!-- \/ Yoast SEO plugin. -->","yoast_head_json":{"title":"Hobby Terrano Moss - Insektenliebe","description":"Hobby Terrano Moss - muschio per terrari naturale al 100% su vello. Pu\u00f2 essere tagliato a misura, mantiene la sua forma ed \u00e8 ideale per aumentare l'umidit\u00e0.","robots":{"index":"index","follow":"follow","max-snippet":"max-snippet:-1","max-image-preview":"max-image-preview:large","max-video-preview":"max-video-preview:-1"},"canonical":"https:\/\/insektenliebe.com\/it\/shop\/prodotto\/hobby-terrano-moss\/","og_locale":"it_IT","og_type":"article","og_title":"Hobby Terrano Moss - Insektenliebe","og_description":"Hobby Terrano Moss - muschio per terrari naturale al 100% su vello. Pu\u00f2 essere tagliato a misura, mantiene la sua forma ed \u00e8 ideale per aumentare l'umidit\u00e0.","og_url":"https:\/\/insektenliebe.com\/it\/shop\/prodotto\/hobby-terrano-moss\/","og_site_name":"Insektenliebe","article_modified_time":"2026-02-27T15:19:52+00:00","og_image":[{"width":820,"height":820,"url":"https:\/\/insektenliebe.com\/wp-content\/uploads\/2025\/05\/Hobby-Terrano-Moos-2.jpg","type":"image\/jpeg"}],"twitter_card":"summary_large_image","twitter_misc":{"Tempo di lettura stimato":"2 minuto"},"schema":{"@context":"https:\/\/schema.org","@graph":[{"@type":"WebPage","@id":"https:\/\/insektenliebe.com\/it\/shop\/prodotto\/hobby-terrano-moss\/","url":"https:\/\/insektenliebe.com\/it\/shop\/prodotto\/hobby-terrano-moss\/","name":"Hobby Terrano Moss - Insektenliebe","isPartOf":{"@id":"https:\/\/insektenliebe.com\/it\/#website"},"primaryImageOfPage":{"@id":"https:\/\/insektenliebe.com\/it\/shop\/prodotto\/hobby-terrano-moss\/#primaryimage"},"image":{"@id":"https:\/\/insektenliebe.com\/it\/shop\/prodotto\/hobby-terrano-moss\/#primaryimage"},"thumbnailUrl":"https:\/\/insektenliebe.com\/wp-content\/uploads\/2025\/05\/Hobby-Terrano-Moos-2.jpg","datePublished":"2021-08-13T09:19:00+00:00","dateModified":"2026-02-27T15:19:52+00:00","description":"Hobby Terrano Moss - muschio per terrari naturale al 100% su vello. Pu\u00f2 essere tagliato a misura, mantiene la sua forma ed \u00e8 ideale per aumentare l'umidit\u00e0.","breadcrumb":{"@id":"https:\/\/insektenliebe.com\/it\/shop\/prodotto\/hobby-terrano-moss\/#breadcrumb"},"inLanguage":"it-IT","potentialAction":[{"@type":"ReadAction","target":["https:\/\/insektenliebe.com\/it\/shop\/prodotto\/hobby-terrano-moss\/"]}]},{"@type":"ImageObject","inLanguage":"it-IT","@id":"https:\/\/insektenliebe.com\/it\/shop\/prodotto\/hobby-terrano-moss\/#primaryimage","url":"https:\/\/insektenliebe.com\/wp-content\/uploads\/2025\/05\/Hobby-Terrano-Moos-2.jpg","contentUrl":"https:\/\/insektenliebe.com\/wp-content\/uploads\/2025\/05\/Hobby-Terrano-Moos-2.jpg","width":820,"height":820,"caption":"Hobby-Terrano-Moss-2.jpg"},{"@type":"BreadcrumbList","@id":"https:\/\/insektenliebe.com\/it\/shop\/prodotto\/hobby-terrano-moss\/#breadcrumb","itemListElement":[{"@type":"ListItem","position":1,"name":"Startseite","item":"https:\/\/insektenliebe.com\/it\/"},{"@type":"ListItem","position":2,"name":"Negozio","item":"https:\/\/insektenliebe.com\/it\/negozio\/"},{"@type":"ListItem","position":3,"name":"Hobby Terrano Moss"}]},{"@type":"WebSite","@id":"https:\/\/insektenliebe.com\/it\/#website","url":"https:\/\/insektenliebe.com\/it\/","name":"Insektenliebe","description":"Dein Zuhause f\u00fcr die kleinen Lebewesen","publisher":{"@id":"https:\/\/insektenliebe.com\/it\/#organization"},"potentialAction":[{"@type":"SearchAction","target":{"@type":"EntryPoint","urlTemplate":"https:\/\/insektenliebe.com\/it\/?s={search_term_string}"},"query-input":{"@type":"PropertyValueSpecification","valueRequired":true,"valueName":"search_term_string"}}],"inLanguage":"it-IT"},{"@type":"Organization","@id":"https:\/\/insektenliebe.com\/it\/#organization","name":"Insektenliebe","url":"https:\/\/insektenliebe.com\/it\/","logo":{"@type":"ImageObject","inLanguage":"it-IT","@id":"https:\/\/insektenliebe.com\/it\/#\/schema\/logo\/image\/","url":"https:\/\/insektenliebe.com\/wp-content\/uploads\/2025\/03\/logo-white.png","contentUrl":"https:\/\/insektenliebe.com\/wp-content\/uploads\/2025\/03\/logo-white.png","width":288,"height":188,"caption":"Insektenliebe"},"image":{"@id":"https:\/\/insektenliebe.com\/it\/#\/schema\/logo\/image\/"}}]}},"_links":{"self":[{"href":"https:\/\/insektenliebe.com\/it\/wp-json\/wp\/v2\/product\/190514","targetHints":{"allow":["GET"]}}],"collection":[{"href":"https:\/\/insektenliebe.com\/it\/wp-json\/wp\/v2\/product"}],"about":[{"href":"https:\/\/insektenliebe.com\/it\/wp-json\/wp\/v2\/types\/product"}],"wp:featuredmedia":[{"embeddable":true,"href":"https:\/\/insektenliebe.com\/it\/wp-json\/wp\/v2\/media\/190515"}],"wp:attachment":[{"href":"https:\/\/insektenliebe.com\/it\/wp-json\/wp\/v2\/media?parent=190514"}],"wp:term":[{"taxonomy":"product-supplier","embeddable":true,"href":"https:\/\/insektenliebe.com\/it\/wp-json\/wp\/v2\/product-supplier?post=190514"},{"taxonomy":"product_brand","embeddable":true,"href":"https:\/\/insektenliebe.com\/it\/wp-json\/wp\/v2\/product_brand?post=190514"},{"taxonomy":"product_cat","embeddable":true,"href":"https:\/\/insektenliebe.com\/it\/wp-json\/wp\/v2\/product_cat?post=190514"},{"taxonomy":"product_tag","embeddable":true,"href":"https:\/\/insektenliebe.com\/it\/wp-json\/wp\/v2\/product_tag?post=190514"},{"taxonomy":"lce-checkout-addons","embeddable":true,"href":"https:\/\/insektenliebe.com\/it\/wp-json\/wp\/v2\/lce-checkout-addons?post=190514"}],"curies":[{"name":"wp","href":"https:\/\/api.w.org\/{rel}","templated":true}]}}