{"id":190513,"date":"2021-08-27T11:58:26","date_gmt":"2021-08-27T09:58:26","guid":{"rendered":"https:\/\/insektenliebe.com\/shop\/produkt\/lasiodora-parahybana\/"},"modified":"2026-04-18T07:30:46","modified_gmt":"2026-04-18T05:30:46","slug":"lasiodora-parahybana","status":"publish","type":"product","link":"https:\/\/insektenliebe.com\/it\/shop\/prodotto\/lasiodora-parahybana\/","title":{"rendered":"Lasiodora parahybana"},"content":{"rendered":"<h3 class=\"p1\"><span style=\"color: #99cc33;\"><strong><span class=\"s1\">Lasiodora parahybana - Gigante maestoso del Brasile<\/span><\/strong><\/span><\/h3>\n<p>Con un corpo che raggiunge i dieci centimetri, la <strong>Lasiodora parahybana<\/strong> \u00e8 uno dei ragni pi\u00f9 grandi del mondo. Raggiunge un&#8217;ampiezza delle zampe fino a 30 cm. Il ragno ha un aspetto ispido con peli lunghi e fitti. La colorazione di questa tarantola varia notevolmente. Poco dopo la muta, la colorazione di base \u00e8 marrone rossastra, come si pu\u00f2 vedere nella foto. Dopo qualche settimana, per\u00f2, il colore cambia notevolmente e diventa sempre pi\u00f9 scuro. Non stupirti quindi se dopo la muta vedrai nel terrario un ragno di colore completamente diverso.      <\/p>\n<p>La <strong>Lasiodora parahybana<\/strong> vive in tane o si nasconde sotto radici, pezzi di corteccia, pietre o foglie. Nei mesi pi\u00f9 freddi e durante la muta e la cura della covata, si ritira nelle sue tane, che riveste con seta di ragno per proteggersi. Non lasciarti ingannare dal suo paese d&#8217;origine e pensa ad allestire un terrario tropicale. In Brasile vive nella parte orientale del paese e si trova nelle foreste secche e nelle steppe. Un&#8217;umidit\u00e0 compresa tra il 60 e il 70% \u00e8 quindi perfettamente adeguata.    <\/p>\n<p>Come per ogni tarantola, non deve mancare una ciotola per l&#8217;acqua. Il terrario per un animale adulto dovrebbe misurare 60 \u00d7 40 \u00d7 40 cm. L&#8217;altezza del substrato dovrebbe essere di 20 cm in modo che possa scavarsi una bella tana e mostrare il suo comportamento naturale. Il comportamento della Lasiodora parahybana pu\u00f2 essere classificato come tranquillo. Se disturbata, si ritira piuttosto che attaccare. Tuttavia, \u00e8 necessario fare attenzione quando la si maneggia, ma questo \u00e8 ovvio.     <\/p>\n","protected":false},"excerpt":{"rendered":"<p>Lasiodora parahybana - Gigante maestoso del Brasile Con un corpo che raggiunge i dieci centimetri, la Lasiodora parahybana \u00e8 uno dei ragni pi\u00f9 grandi del mondo. Raggiunge un&#8217;ampiezza delle zampe fino a 30 cm. Il ragno ha un aspetto ispido con peli lunghi e fitti. La colorazione di questa tarantola varia notevolmente. Poco dopo la [&hellip;]<\/p>\n","protected":false},"featured_media":184700,"template":"","meta":{"_acf_changed":false},"product-supplier":[],"product_brand":[],"product_cat":[2809,3004],"product_tag":[],"lce-checkout-addons":[2746],"class_list":{"0":"post-190513","1":"product","2":"type-product","3":"status-publish","4":"has-post-thumbnail","6":"product_cat-ragni","7":"product_cat-tarantole","8":"product_shipping_class-spedizione-di-animali","9":"pa_geschlecht-donna","10":"pa_geschlecht-indeterminato","11":"pa_geschlecht-uomo","12":"pa_herkunft-brasile","13":"pa_kontinent-sud-america","14":"lce-checkout-addons-imballaggio-invernale","16":"first","17":"instock","18":"sale","19":"taxable","20":"shipping-taxable","21":"purchasable","22":"product-type-variable","23":"has-default-attributes"},"acf":[],"yoast_head":"<!-- This site is optimized with the Yoast SEO plugin v27.3 - https:\/\/yoast.com\/product\/yoast-seo-wordpress\/ -->\n<title>Lasiodora parahybana - Insektenliebe<\/title>\n<meta name=\"description\" content=\"Acquista la Lasiodora parahybana a basso costo direttamente online! \u00c8 conosciuta anche come tarantola gigante brasiliana.\" \/>\n<meta name=\"robots\" content=\"index, follow, max-snippet:-1, max-image-preview:large, max-video-preview:-1\" \/>\n<link rel=\"canonical\" href=\"https:\/\/insektenliebe.com\/it\/shop\/prodotto\/lasiodora-parahybana\/\" \/>\n<meta property=\"og:locale\" content=\"it_IT\" \/>\n<meta property=\"og:type\" content=\"article\" \/>\n<meta property=\"og:title\" content=\"Lasiodora parahybana - Insektenliebe\" \/>\n<meta property=\"og:description\" content=\"Acquista la Lasiodora parahybana a basso costo direttamente online! \u00c8 conosciuta anche come tarantola gigante brasiliana.\" \/>\n<meta property=\"og:url\" content=\"https:\/\/insektenliebe.com\/it\/shop\/prodotto\/lasiodora-parahybana\/\" \/>\n<meta property=\"og:site_name\" content=\"Insektenliebe\" \/>\n<meta property=\"article:modified_time\" content=\"2026-04-18T05:30:46+00:00\" \/>\n<meta property=\"og:image\" content=\"https:\/\/insektenliebe.com\/wp-content\/uploads\/2025\/05\/Lasiodora-parahybana-adultes-Weibchen-2.jpg\" \/>\n\t<meta property=\"og:image:width\" content=\"820\" \/>\n\t<meta property=\"og:image:height\" content=\"820\" \/>\n\t<meta property=\"og:image:type\" content=\"image\/jpeg\" \/>\n<meta name=\"twitter:card\" content=\"summary_large_image\" \/>\n<meta name=\"twitter:label1\" content=\"Tempo di lettura stimato\" \/>\n\t<meta name=\"twitter:data1\" content=\"1 minuto\" \/>\n<script type=\"application\/ld+json\" class=\"yoast-schema-graph\">{\"@context\":\"https:\\\/\\\/schema.org\",\"@graph\":[{\"@type\":\"WebPage\",\"@id\":\"https:\\\/\\\/insektenliebe.com\\\/it\\\/shop\\\/prodotto\\\/lasiodora-parahybana\\\/\",\"url\":\"https:\\\/\\\/insektenliebe.com\\\/it\\\/shop\\\/prodotto\\\/lasiodora-parahybana\\\/\",\"name\":\"Lasiodora parahybana - Insektenliebe\",\"isPartOf\":{\"@id\":\"https:\\\/\\\/insektenliebe.com\\\/it\\\/#website\"},\"primaryImageOfPage\":{\"@id\":\"https:\\\/\\\/insektenliebe.com\\\/it\\\/shop\\\/prodotto\\\/lasiodora-parahybana\\\/#primaryimage\"},\"image\":{\"@id\":\"https:\\\/\\\/insektenliebe.com\\\/it\\\/shop\\\/prodotto\\\/lasiodora-parahybana\\\/#primaryimage\"},\"thumbnailUrl\":\"https:\\\/\\\/insektenliebe.com\\\/wp-content\\\/uploads\\\/2025\\\/05\\\/Lasiodora-parahybana-adultes-Weibchen-2.jpg\",\"datePublished\":\"2021-08-27T09:58:26+00:00\",\"dateModified\":\"2026-04-18T05:30:46+00:00\",\"description\":\"Acquista la Lasiodora parahybana a basso costo direttamente online! \u00c8 conosciuta anche come tarantola gigante brasiliana.\",\"breadcrumb\":{\"@id\":\"https:\\\/\\\/insektenliebe.com\\\/it\\\/shop\\\/prodotto\\\/lasiodora-parahybana\\\/#breadcrumb\"},\"inLanguage\":\"it-IT\",\"potentialAction\":[{\"@type\":\"ReadAction\",\"target\":[\"https:\\\/\\\/insektenliebe.com\\\/it\\\/shop\\\/prodotto\\\/lasiodora-parahybana\\\/\"]}]},{\"@type\":\"ImageObject\",\"inLanguage\":\"it-IT\",\"@id\":\"https:\\\/\\\/insektenliebe.com\\\/it\\\/shop\\\/prodotto\\\/lasiodora-parahybana\\\/#primaryimage\",\"url\":\"https:\\\/\\\/insektenliebe.com\\\/wp-content\\\/uploads\\\/2025\\\/05\\\/Lasiodora-parahybana-adultes-Weibchen-2.jpg\",\"contentUrl\":\"https:\\\/\\\/insektenliebe.com\\\/wp-content\\\/uploads\\\/2025\\\/05\\\/Lasiodora-parahybana-adultes-Weibchen-2.jpg\",\"width\":820,\"height\":820,\"caption\":\"Lasiodora-parahybana-adulto-femmina-2.jpg\"},{\"@type\":\"BreadcrumbList\",\"@id\":\"https:\\\/\\\/insektenliebe.com\\\/it\\\/shop\\\/prodotto\\\/lasiodora-parahybana\\\/#breadcrumb\",\"itemListElement\":[{\"@type\":\"ListItem\",\"position\":1,\"name\":\"Startseite\",\"item\":\"https:\\\/\\\/insektenliebe.com\\\/it\\\/\"},{\"@type\":\"ListItem\",\"position\":2,\"name\":\"Negozio\",\"item\":\"https:\\\/\\\/insektenliebe.com\\\/it\\\/negozio\\\/\"},{\"@type\":\"ListItem\",\"position\":3,\"name\":\"Lasiodora parahybana\"}]},{\"@type\":\"WebSite\",\"@id\":\"https:\\\/\\\/insektenliebe.com\\\/it\\\/#website\",\"url\":\"https:\\\/\\\/insektenliebe.com\\\/it\\\/\",\"name\":\"Insektenliebe\",\"description\":\"Dein Zuhause f\u00fcr die kleinen Lebewesen\",\"publisher\":{\"@id\":\"https:\\\/\\\/insektenliebe.com\\\/it\\\/#organization\"},\"potentialAction\":[{\"@type\":\"SearchAction\",\"target\":{\"@type\":\"EntryPoint\",\"urlTemplate\":\"https:\\\/\\\/insektenliebe.com\\\/it\\\/?s={search_term_string}\"},\"query-input\":{\"@type\":\"PropertyValueSpecification\",\"valueRequired\":true,\"valueName\":\"search_term_string\"}}],\"inLanguage\":\"it-IT\"},{\"@type\":\"Organization\",\"@id\":\"https:\\\/\\\/insektenliebe.com\\\/it\\\/#organization\",\"name\":\"Insektenliebe\",\"url\":\"https:\\\/\\\/insektenliebe.com\\\/it\\\/\",\"logo\":{\"@type\":\"ImageObject\",\"inLanguage\":\"it-IT\",\"@id\":\"https:\\\/\\\/insektenliebe.com\\\/it\\\/#\\\/schema\\\/logo\\\/image\\\/\",\"url\":\"https:\\\/\\\/insektenliebe.com\\\/wp-content\\\/uploads\\\/2025\\\/03\\\/logo-white.png\",\"contentUrl\":\"https:\\\/\\\/insektenliebe.com\\\/wp-content\\\/uploads\\\/2025\\\/03\\\/logo-white.png\",\"width\":288,\"height\":188,\"caption\":\"Insektenliebe\"},\"image\":{\"@id\":\"https:\\\/\\\/insektenliebe.com\\\/it\\\/#\\\/schema\\\/logo\\\/image\\\/\"}}]}<\/script>\n<!-- \/ Yoast SEO plugin. -->","yoast_head_json":{"title":"Lasiodora parahybana - Insektenliebe","description":"Acquista la Lasiodora parahybana a basso costo direttamente online! \u00c8 conosciuta anche come tarantola gigante brasiliana.","robots":{"index":"index","follow":"follow","max-snippet":"max-snippet:-1","max-image-preview":"max-image-preview:large","max-video-preview":"max-video-preview:-1"},"canonical":"https:\/\/insektenliebe.com\/it\/shop\/prodotto\/lasiodora-parahybana\/","og_locale":"it_IT","og_type":"article","og_title":"Lasiodora parahybana - Insektenliebe","og_description":"Acquista la Lasiodora parahybana a basso costo direttamente online! \u00c8 conosciuta anche come tarantola gigante brasiliana.","og_url":"https:\/\/insektenliebe.com\/it\/shop\/prodotto\/lasiodora-parahybana\/","og_site_name":"Insektenliebe","article_modified_time":"2026-04-18T05:30:46+00:00","og_image":[{"width":820,"height":820,"url":"https:\/\/insektenliebe.com\/wp-content\/uploads\/2025\/05\/Lasiodora-parahybana-adultes-Weibchen-2.jpg","type":"image\/jpeg"}],"twitter_card":"summary_large_image","twitter_misc":{"Tempo di lettura stimato":"1 minuto"},"schema":{"@context":"https:\/\/schema.org","@graph":[{"@type":"WebPage","@id":"https:\/\/insektenliebe.com\/it\/shop\/prodotto\/lasiodora-parahybana\/","url":"https:\/\/insektenliebe.com\/it\/shop\/prodotto\/lasiodora-parahybana\/","name":"Lasiodora parahybana - Insektenliebe","isPartOf":{"@id":"https:\/\/insektenliebe.com\/it\/#website"},"primaryImageOfPage":{"@id":"https:\/\/insektenliebe.com\/it\/shop\/prodotto\/lasiodora-parahybana\/#primaryimage"},"image":{"@id":"https:\/\/insektenliebe.com\/it\/shop\/prodotto\/lasiodora-parahybana\/#primaryimage"},"thumbnailUrl":"https:\/\/insektenliebe.com\/wp-content\/uploads\/2025\/05\/Lasiodora-parahybana-adultes-Weibchen-2.jpg","datePublished":"2021-08-27T09:58:26+00:00","dateModified":"2026-04-18T05:30:46+00:00","description":"Acquista la Lasiodora parahybana a basso costo direttamente online! \u00c8 conosciuta anche come tarantola gigante brasiliana.","breadcrumb":{"@id":"https:\/\/insektenliebe.com\/it\/shop\/prodotto\/lasiodora-parahybana\/#breadcrumb"},"inLanguage":"it-IT","potentialAction":[{"@type":"ReadAction","target":["https:\/\/insektenliebe.com\/it\/shop\/prodotto\/lasiodora-parahybana\/"]}]},{"@type":"ImageObject","inLanguage":"it-IT","@id":"https:\/\/insektenliebe.com\/it\/shop\/prodotto\/lasiodora-parahybana\/#primaryimage","url":"https:\/\/insektenliebe.com\/wp-content\/uploads\/2025\/05\/Lasiodora-parahybana-adultes-Weibchen-2.jpg","contentUrl":"https:\/\/insektenliebe.com\/wp-content\/uploads\/2025\/05\/Lasiodora-parahybana-adultes-Weibchen-2.jpg","width":820,"height":820,"caption":"Lasiodora-parahybana-adulto-femmina-2.jpg"},{"@type":"BreadcrumbList","@id":"https:\/\/insektenliebe.com\/it\/shop\/prodotto\/lasiodora-parahybana\/#breadcrumb","itemListElement":[{"@type":"ListItem","position":1,"name":"Startseite","item":"https:\/\/insektenliebe.com\/it\/"},{"@type":"ListItem","position":2,"name":"Negozio","item":"https:\/\/insektenliebe.com\/it\/negozio\/"},{"@type":"ListItem","position":3,"name":"Lasiodora parahybana"}]},{"@type":"WebSite","@id":"https:\/\/insektenliebe.com\/it\/#website","url":"https:\/\/insektenliebe.com\/it\/","name":"Insektenliebe","description":"Dein Zuhause f\u00fcr die kleinen Lebewesen","publisher":{"@id":"https:\/\/insektenliebe.com\/it\/#organization"},"potentialAction":[{"@type":"SearchAction","target":{"@type":"EntryPoint","urlTemplate":"https:\/\/insektenliebe.com\/it\/?s={search_term_string}"},"query-input":{"@type":"PropertyValueSpecification","valueRequired":true,"valueName":"search_term_string"}}],"inLanguage":"it-IT"},{"@type":"Organization","@id":"https:\/\/insektenliebe.com\/it\/#organization","name":"Insektenliebe","url":"https:\/\/insektenliebe.com\/it\/","logo":{"@type":"ImageObject","inLanguage":"it-IT","@id":"https:\/\/insektenliebe.com\/it\/#\/schema\/logo\/image\/","url":"https:\/\/insektenliebe.com\/wp-content\/uploads\/2025\/03\/logo-white.png","contentUrl":"https:\/\/insektenliebe.com\/wp-content\/uploads\/2025\/03\/logo-white.png","width":288,"height":188,"caption":"Insektenliebe"},"image":{"@id":"https:\/\/insektenliebe.com\/it\/#\/schema\/logo\/image\/"}}]}},"_links":{"self":[{"href":"https:\/\/insektenliebe.com\/it\/wp-json\/wp\/v2\/product\/190513","targetHints":{"allow":["GET"]}}],"collection":[{"href":"https:\/\/insektenliebe.com\/it\/wp-json\/wp\/v2\/product"}],"about":[{"href":"https:\/\/insektenliebe.com\/it\/wp-json\/wp\/v2\/types\/product"}],"wp:featuredmedia":[{"embeddable":true,"href":"https:\/\/insektenliebe.com\/it\/wp-json\/wp\/v2\/media\/184700"}],"wp:attachment":[{"href":"https:\/\/insektenliebe.com\/it\/wp-json\/wp\/v2\/media?parent=190513"}],"wp:term":[{"taxonomy":"product-supplier","embeddable":true,"href":"https:\/\/insektenliebe.com\/it\/wp-json\/wp\/v2\/product-supplier?post=190513"},{"taxonomy":"product_brand","embeddable":true,"href":"https:\/\/insektenliebe.com\/it\/wp-json\/wp\/v2\/product_brand?post=190513"},{"taxonomy":"product_cat","embeddable":true,"href":"https:\/\/insektenliebe.com\/it\/wp-json\/wp\/v2\/product_cat?post=190513"},{"taxonomy":"product_tag","embeddable":true,"href":"https:\/\/insektenliebe.com\/it\/wp-json\/wp\/v2\/product_tag?post=190513"},{"taxonomy":"lce-checkout-addons","embeddable":true,"href":"https:\/\/insektenliebe.com\/it\/wp-json\/wp\/v2\/lce-checkout-addons?post=190513"}],"curies":[{"name":"wp","href":"https:\/\/api.w.org\/{rel}","templated":true}]}}