{"id":190508,"date":"2022-11-30T07:15:00","date_gmt":"2022-11-30T06:15:00","guid":{"rendered":"https:\/\/insektenliebe.com\/shop\/produkt\/exo-terra-amapallo\/"},"modified":"2026-03-02T18:25:13","modified_gmt":"2026-03-02T17:25:13","slug":"exo-terra-amapallo","status":"publish","type":"product","link":"https:\/\/insektenliebe.com\/it\/shop\/prodotto\/exo-terra-amapallo\/","title":{"rendered":"Exo Terra Amapallo"},"content":{"rendered":"<h3><span class=\"s1\" style=\"color: #99cc33;\">Exo Terra Amapallo - Ideale per aree calde e secche<\/span><\/h3>\n<p class=\"p1\"><span class=\"s1\">Il <\/span><strong><span class=\"s2\">Exo Terra Amapallo<\/span><\/strong><span class=\"s1\">  \u00e8 una pianta rampicante artificiale di alta qualit\u00e0 che aggiunge immediatamente profondit\u00e0 e naturalezza al tuo terrario. Colpisce per il suo aspetto estremamente realistico e si integra armoniosamente in allestimenti tropicali, subtropicali o addirittura secchi. Allo stesso tempo, offre vantaggi funzionali che vanno ben oltre la semplice decorazione.  <\/span><\/p>\n<p class=\"p1\"><span class=\"s1\">Le piante vive non crescono in modo affidabile in tutte le condizioni del terrario. Alcune zone sono permanentemente troppo calde o troppo secche. Altre zone ricevono troppa poca luce o sono molto utilizzate dagli animali. \u00c8 proprio in questo caso che l&#8217;<strong>Exo Terra Amapallo<\/strong> offre una soluzione pratica. Rimane dimensionalmente stabile e attraente, indipendentemente dalla temperatura o dall&#8217;umidit\u00e0.    <\/span><\/p>\n<p class=\"p1\"><span class=\"s1\">I rettili e gli anfibi utilizzano attivamente i viticci per arrampicarsi. Questo crea uno spazio aggiuntivo per camminare, ampliando in modo significativo lo spazio utilizzabile. Le specie che vivono sugli alberi, in particolare, traggono beneficio da queste strutture, poich\u00e9 cercano istintivamente posizioni elevate. Allo stesso tempo, si creano dei nascondigli naturali che riducono lo stress e danno un senso di sicurezza.   <\/span><\/p>\n<p class=\"p1\"><span class=\"s1\">Un altro vantaggio \u00e8 l&#8217;integrazione tecnica. Puoi nascondere abilmente cavi, tubi o sensori con la pianta. In questo modo il tuo terrario avr\u00e0 un aspetto pi\u00f9 ordinato e naturale. Soprattutto nei terrari di quarantena o nelle vasche arredate in modo funzionale, l&#8217;Amapallo fornisce una struttura senza compromettere l&#8217;igiene.   <\/span><\/p>\n<p class=\"p1\"><span class=\"s1\">In combinazione con le piante vere, si crea un&#8217;immagine complessiva particolarmente armoniosa. Mentre le piante vive influenzano il microclima, le piante rampicanti artificiali completano le aree difficili da piantare. Questo ti permette di rendere completamente verdi i punti caldi o le zone secche.  <\/span><\/p>\n<p class=\"p1\"><span class=\"s1\">Il <\/span><strong><span class=\"s2\">Exo Terra Amapallo<\/span><\/strong><span class=\"s1\">  \u00e8 facile da pulire, resistente e versatile. Crea aree di arrampicata naturali, offre rifugi riparati e migliora l&#8217;aspetto di qualsiasi terrario, senza alcuna manutenzione. <\/span><\/p>\n","protected":false},"excerpt":{"rendered":"<p>Exo Terra Amapallo - Ideale per aree calde e secche Il Exo Terra Amapallo \u00e8 una pianta rampicante artificiale di alta qualit\u00e0 che aggiunge immediatamente profondit\u00e0 e naturalezza al tuo terrario. Colpisce per il suo aspetto estremamente realistico e si integra armoniosamente in allestimenti tropicali, subtropicali o addirittura secchi. Allo stesso tempo, offre vantaggi funzionali [&hellip;]<\/p>\n","protected":false},"featured_media":190509,"template":"","meta":{"_acf_changed":false},"product-supplier":[2554],"product_brand":[3027],"product_cat":[3142],"product_tag":[],"lce-checkout-addons":[],"class_list":{"0":"post-190508","1":"product","2":"type-product","3":"status-publish","4":"has-post-thumbnail","6":"product_brand-exo-terra","7":"product_cat-piante-artificiali","8":"product_shipping_class-equipment-shipping","10":"first","11":"instock","12":"sale","13":"taxable","14":"shipping-taxable","15":"purchasable","16":"product-type-simple"},"acf":[],"yoast_head":"<!-- This site is optimized with the Yoast SEO plugin v27.3 - https:\/\/yoast.com\/product\/yoast-seo-wordpress\/ -->\n<title>Exo Terra Amapallo - Insektenliebe<\/title>\n<meta name=\"description\" content=\"Exo Terra Amapallo - pianta rampicante artificiale realistica per terrari. Crea nascondigli, aree di arrampicata e nasconde la tecnologia.\" \/>\n<meta name=\"robots\" content=\"index, follow, max-snippet:-1, max-image-preview:large, max-video-preview:-1\" \/>\n<link rel=\"canonical\" href=\"https:\/\/insektenliebe.com\/it\/shop\/prodotto\/exo-terra-amapallo\/\" \/>\n<meta property=\"og:locale\" content=\"it_IT\" \/>\n<meta property=\"og:type\" content=\"article\" \/>\n<meta property=\"og:title\" content=\"Exo Terra Amapallo - Insektenliebe\" \/>\n<meta property=\"og:description\" content=\"Exo Terra Amapallo - pianta rampicante artificiale realistica per terrari. Crea nascondigli, aree di arrampicata e nasconde la tecnologia.\" \/>\n<meta property=\"og:url\" content=\"https:\/\/insektenliebe.com\/it\/shop\/prodotto\/exo-terra-amapallo\/\" \/>\n<meta property=\"og:site_name\" content=\"Insektenliebe\" \/>\n<meta property=\"article:modified_time\" content=\"2026-03-02T17:25:13+00:00\" \/>\n<meta property=\"og:image\" content=\"https:\/\/insektenliebe.com\/wp-content\/uploads\/2025\/05\/Exo-Terra-Amapallo-1-2.jpg\" \/>\n\t<meta property=\"og:image:width\" content=\"820\" \/>\n\t<meta property=\"og:image:height\" content=\"820\" \/>\n\t<meta property=\"og:image:type\" content=\"image\/jpeg\" \/>\n<meta name=\"twitter:card\" content=\"summary_large_image\" \/>\n<meta name=\"twitter:label1\" content=\"Tempo di lettura stimato\" \/>\n\t<meta name=\"twitter:data1\" content=\"1 minuto\" \/>\n<script type=\"application\/ld+json\" class=\"yoast-schema-graph\">{\"@context\":\"https:\\\/\\\/schema.org\",\"@graph\":[{\"@type\":\"WebPage\",\"@id\":\"https:\\\/\\\/insektenliebe.com\\\/it\\\/shop\\\/prodotto\\\/exo-terra-amapallo\\\/\",\"url\":\"https:\\\/\\\/insektenliebe.com\\\/it\\\/shop\\\/prodotto\\\/exo-terra-amapallo\\\/\",\"name\":\"Exo Terra Amapallo - Insektenliebe\",\"isPartOf\":{\"@id\":\"https:\\\/\\\/insektenliebe.com\\\/it\\\/#website\"},\"primaryImageOfPage\":{\"@id\":\"https:\\\/\\\/insektenliebe.com\\\/it\\\/shop\\\/prodotto\\\/exo-terra-amapallo\\\/#primaryimage\"},\"image\":{\"@id\":\"https:\\\/\\\/insektenliebe.com\\\/it\\\/shop\\\/prodotto\\\/exo-terra-amapallo\\\/#primaryimage\"},\"thumbnailUrl\":\"https:\\\/\\\/insektenliebe.com\\\/wp-content\\\/uploads\\\/2025\\\/05\\\/Exo-Terra-Amapallo-1-2.jpg\",\"datePublished\":\"2022-11-30T06:15:00+00:00\",\"dateModified\":\"2026-03-02T17:25:13+00:00\",\"description\":\"Exo Terra Amapallo - pianta rampicante artificiale realistica per terrari. Crea nascondigli, aree di arrampicata e nasconde la tecnologia.\",\"breadcrumb\":{\"@id\":\"https:\\\/\\\/insektenliebe.com\\\/it\\\/shop\\\/prodotto\\\/exo-terra-amapallo\\\/#breadcrumb\"},\"inLanguage\":\"it-IT\",\"potentialAction\":[{\"@type\":\"ReadAction\",\"target\":[\"https:\\\/\\\/insektenliebe.com\\\/it\\\/shop\\\/prodotto\\\/exo-terra-amapallo\\\/\"]}]},{\"@type\":\"ImageObject\",\"inLanguage\":\"it-IT\",\"@id\":\"https:\\\/\\\/insektenliebe.com\\\/it\\\/shop\\\/prodotto\\\/exo-terra-amapallo\\\/#primaryimage\",\"url\":\"https:\\\/\\\/insektenliebe.com\\\/wp-content\\\/uploads\\\/2025\\\/05\\\/Exo-Terra-Amapallo-1-2.jpg\",\"contentUrl\":\"https:\\\/\\\/insektenliebe.com\\\/wp-content\\\/uploads\\\/2025\\\/05\\\/Exo-Terra-Amapallo-1-2.jpg\",\"width\":820,\"height\":820,\"caption\":\"Exo-Terra-Amapallo-1-2.jpg\"},{\"@type\":\"BreadcrumbList\",\"@id\":\"https:\\\/\\\/insektenliebe.com\\\/it\\\/shop\\\/prodotto\\\/exo-terra-amapallo\\\/#breadcrumb\",\"itemListElement\":[{\"@type\":\"ListItem\",\"position\":1,\"name\":\"Startseite\",\"item\":\"https:\\\/\\\/insektenliebe.com\\\/it\\\/\"},{\"@type\":\"ListItem\",\"position\":2,\"name\":\"Negozio\",\"item\":\"https:\\\/\\\/insektenliebe.com\\\/it\\\/negozio\\\/\"},{\"@type\":\"ListItem\",\"position\":3,\"name\":\"Exo Terra Amapallo\"}]},{\"@type\":\"WebSite\",\"@id\":\"https:\\\/\\\/insektenliebe.com\\\/it\\\/#website\",\"url\":\"https:\\\/\\\/insektenliebe.com\\\/it\\\/\",\"name\":\"Insektenliebe\",\"description\":\"Dein Zuhause f\u00fcr die kleinen Lebewesen\",\"publisher\":{\"@id\":\"https:\\\/\\\/insektenliebe.com\\\/it\\\/#organization\"},\"potentialAction\":[{\"@type\":\"SearchAction\",\"target\":{\"@type\":\"EntryPoint\",\"urlTemplate\":\"https:\\\/\\\/insektenliebe.com\\\/it\\\/?s={search_term_string}\"},\"query-input\":{\"@type\":\"PropertyValueSpecification\",\"valueRequired\":true,\"valueName\":\"search_term_string\"}}],\"inLanguage\":\"it-IT\"},{\"@type\":\"Organization\",\"@id\":\"https:\\\/\\\/insektenliebe.com\\\/it\\\/#organization\",\"name\":\"Insektenliebe\",\"url\":\"https:\\\/\\\/insektenliebe.com\\\/it\\\/\",\"logo\":{\"@type\":\"ImageObject\",\"inLanguage\":\"it-IT\",\"@id\":\"https:\\\/\\\/insektenliebe.com\\\/it\\\/#\\\/schema\\\/logo\\\/image\\\/\",\"url\":\"https:\\\/\\\/insektenliebe.com\\\/wp-content\\\/uploads\\\/2025\\\/03\\\/logo-white.png\",\"contentUrl\":\"https:\\\/\\\/insektenliebe.com\\\/wp-content\\\/uploads\\\/2025\\\/03\\\/logo-white.png\",\"width\":288,\"height\":188,\"caption\":\"Insektenliebe\"},\"image\":{\"@id\":\"https:\\\/\\\/insektenliebe.com\\\/it\\\/#\\\/schema\\\/logo\\\/image\\\/\"}}]}<\/script>\n<!-- \/ Yoast SEO plugin. -->","yoast_head_json":{"title":"Exo Terra Amapallo - Insektenliebe","description":"Exo Terra Amapallo - pianta rampicante artificiale realistica per terrari. Crea nascondigli, aree di arrampicata e nasconde la tecnologia.","robots":{"index":"index","follow":"follow","max-snippet":"max-snippet:-1","max-image-preview":"max-image-preview:large","max-video-preview":"max-video-preview:-1"},"canonical":"https:\/\/insektenliebe.com\/it\/shop\/prodotto\/exo-terra-amapallo\/","og_locale":"it_IT","og_type":"article","og_title":"Exo Terra Amapallo - Insektenliebe","og_description":"Exo Terra Amapallo - pianta rampicante artificiale realistica per terrari. Crea nascondigli, aree di arrampicata e nasconde la tecnologia.","og_url":"https:\/\/insektenliebe.com\/it\/shop\/prodotto\/exo-terra-amapallo\/","og_site_name":"Insektenliebe","article_modified_time":"2026-03-02T17:25:13+00:00","og_image":[{"width":820,"height":820,"url":"https:\/\/insektenliebe.com\/wp-content\/uploads\/2025\/05\/Exo-Terra-Amapallo-1-2.jpg","type":"image\/jpeg"}],"twitter_card":"summary_large_image","twitter_misc":{"Tempo di lettura stimato":"1 minuto"},"schema":{"@context":"https:\/\/schema.org","@graph":[{"@type":"WebPage","@id":"https:\/\/insektenliebe.com\/it\/shop\/prodotto\/exo-terra-amapallo\/","url":"https:\/\/insektenliebe.com\/it\/shop\/prodotto\/exo-terra-amapallo\/","name":"Exo Terra Amapallo - Insektenliebe","isPartOf":{"@id":"https:\/\/insektenliebe.com\/it\/#website"},"primaryImageOfPage":{"@id":"https:\/\/insektenliebe.com\/it\/shop\/prodotto\/exo-terra-amapallo\/#primaryimage"},"image":{"@id":"https:\/\/insektenliebe.com\/it\/shop\/prodotto\/exo-terra-amapallo\/#primaryimage"},"thumbnailUrl":"https:\/\/insektenliebe.com\/wp-content\/uploads\/2025\/05\/Exo-Terra-Amapallo-1-2.jpg","datePublished":"2022-11-30T06:15:00+00:00","dateModified":"2026-03-02T17:25:13+00:00","description":"Exo Terra Amapallo - pianta rampicante artificiale realistica per terrari. Crea nascondigli, aree di arrampicata e nasconde la tecnologia.","breadcrumb":{"@id":"https:\/\/insektenliebe.com\/it\/shop\/prodotto\/exo-terra-amapallo\/#breadcrumb"},"inLanguage":"it-IT","potentialAction":[{"@type":"ReadAction","target":["https:\/\/insektenliebe.com\/it\/shop\/prodotto\/exo-terra-amapallo\/"]}]},{"@type":"ImageObject","inLanguage":"it-IT","@id":"https:\/\/insektenliebe.com\/it\/shop\/prodotto\/exo-terra-amapallo\/#primaryimage","url":"https:\/\/insektenliebe.com\/wp-content\/uploads\/2025\/05\/Exo-Terra-Amapallo-1-2.jpg","contentUrl":"https:\/\/insektenliebe.com\/wp-content\/uploads\/2025\/05\/Exo-Terra-Amapallo-1-2.jpg","width":820,"height":820,"caption":"Exo-Terra-Amapallo-1-2.jpg"},{"@type":"BreadcrumbList","@id":"https:\/\/insektenliebe.com\/it\/shop\/prodotto\/exo-terra-amapallo\/#breadcrumb","itemListElement":[{"@type":"ListItem","position":1,"name":"Startseite","item":"https:\/\/insektenliebe.com\/it\/"},{"@type":"ListItem","position":2,"name":"Negozio","item":"https:\/\/insektenliebe.com\/it\/negozio\/"},{"@type":"ListItem","position":3,"name":"Exo Terra Amapallo"}]},{"@type":"WebSite","@id":"https:\/\/insektenliebe.com\/it\/#website","url":"https:\/\/insektenliebe.com\/it\/","name":"Insektenliebe","description":"Dein Zuhause f\u00fcr die kleinen Lebewesen","publisher":{"@id":"https:\/\/insektenliebe.com\/it\/#organization"},"potentialAction":[{"@type":"SearchAction","target":{"@type":"EntryPoint","urlTemplate":"https:\/\/insektenliebe.com\/it\/?s={search_term_string}"},"query-input":{"@type":"PropertyValueSpecification","valueRequired":true,"valueName":"search_term_string"}}],"inLanguage":"it-IT"},{"@type":"Organization","@id":"https:\/\/insektenliebe.com\/it\/#organization","name":"Insektenliebe","url":"https:\/\/insektenliebe.com\/it\/","logo":{"@type":"ImageObject","inLanguage":"it-IT","@id":"https:\/\/insektenliebe.com\/it\/#\/schema\/logo\/image\/","url":"https:\/\/insektenliebe.com\/wp-content\/uploads\/2025\/03\/logo-white.png","contentUrl":"https:\/\/insektenliebe.com\/wp-content\/uploads\/2025\/03\/logo-white.png","width":288,"height":188,"caption":"Insektenliebe"},"image":{"@id":"https:\/\/insektenliebe.com\/it\/#\/schema\/logo\/image\/"}}]}},"_links":{"self":[{"href":"https:\/\/insektenliebe.com\/it\/wp-json\/wp\/v2\/product\/190508","targetHints":{"allow":["GET"]}}],"collection":[{"href":"https:\/\/insektenliebe.com\/it\/wp-json\/wp\/v2\/product"}],"about":[{"href":"https:\/\/insektenliebe.com\/it\/wp-json\/wp\/v2\/types\/product"}],"wp:featuredmedia":[{"embeddable":true,"href":"https:\/\/insektenliebe.com\/it\/wp-json\/wp\/v2\/media\/190509"}],"wp:attachment":[{"href":"https:\/\/insektenliebe.com\/it\/wp-json\/wp\/v2\/media?parent=190508"}],"wp:term":[{"taxonomy":"product-supplier","embeddable":true,"href":"https:\/\/insektenliebe.com\/it\/wp-json\/wp\/v2\/product-supplier?post=190508"},{"taxonomy":"product_brand","embeddable":true,"href":"https:\/\/insektenliebe.com\/it\/wp-json\/wp\/v2\/product_brand?post=190508"},{"taxonomy":"product_cat","embeddable":true,"href":"https:\/\/insektenliebe.com\/it\/wp-json\/wp\/v2\/product_cat?post=190508"},{"taxonomy":"product_tag","embeddable":true,"href":"https:\/\/insektenliebe.com\/it\/wp-json\/wp\/v2\/product_tag?post=190508"},{"taxonomy":"lce-checkout-addons","embeddable":true,"href":"https:\/\/insektenliebe.com\/it\/wp-json\/wp\/v2\/lce-checkout-addons?post=190508"}],"curies":[{"name":"wp","href":"https:\/\/api.w.org\/{rel}","templated":true}]}}