{"id":190502,"date":"2021-08-13T12:46:50","date_gmt":"2021-08-13T10:46:50","guid":{"rendered":"https:\/\/insektenliebe.com\/shop\/produkt\/controllo-dellumidita-per-hobby\/"},"modified":"2026-03-03T21:15:46","modified_gmt":"2026-03-03T20:15:46","slug":"controllo-dellumidita-per-hobby","status":"publish","type":"product","link":"https:\/\/insektenliebe.com\/it\/shop\/prodotto\/controllo-dellumidita-per-hobby\/","title":{"rendered":"Controllo dell&#8217;umidit\u00e0 per hobby"},"content":{"rendered":"<h3><span class=\"s1\" style=\"color: #99cc33;\">Hobby Humidity-Control - Umidit\u00e0 costante a livello professionale<\/span><\/h3>\n<p class=\"p1\"><span class=\"s1\">Il <\/span><strong><span class=\"s2\">Controllo dell&#8217;umidit\u00e0 Hobby<\/span><\/strong><span class=\"s1\">  garantisce in modo affidabile un&#8217;umidit\u00e0 costante nel terrario. Un&#8217;umidit\u00e0 stabile \u00e8 essenziale, soprattutto per le specie sensibili. Poich\u00e9 le temperature dell&#8217;ambiente cambiano continuamente, anche l&#8217;evaporazione \u00e8 spesso soggetta a fluttuazioni. Di conseguenza, il dosaggio manuale dell&#8217;irrigazione o dell&#8217;umidificazione diventa rapidamente impreciso. \u00c8 proprio qui che entra in gioco questo regolatore di umidit\u00e0 digitale.    <\/span><\/p>\n<p class=\"p1\"><span class=\"s1\">L&#8217;unit\u00e0 di controllo va semplicemente collegata al sistema di irrigazione o all&#8217;umidificatore e alla rete elettrica. Il sistema controllato da un microprocessore misura continuamente l&#8217;umidit\u00e0 e controlla automaticamente il dispositivo collegato. In questo modo, il controllore mantiene costanti i valori impostati ed evita forti fluttuazioni.  <\/span><\/p>\n<p class=\"p1\"><span class=\"s1\">La programmazione separata per il giorno e la notte \u00e8 particolarmente pratica. Molte specie richiedono un&#8217;umidit\u00e0 pi\u00f9 elevata di notte rispetto al giorno. Con l&#8217;<strong>Hobby Humidity-Control<\/strong> puoi impostare entrambi i periodi individualmente. Questo simula le condizioni climatiche naturali e favorisce il benessere dei tuoi animali.   <\/span><\/p>\n<p class=\"p1\"><span class=\"s1\">Per una migliore visione d&#8217;insieme, il dispositivo \u00e8 dotato di un indicatore di attivit\u00e0 a LED. Questo indica quando un umidificatore o un sistema di irrigazione collegato \u00e8 attivo. Quando si passa alla modalit\u00e0 di programmazione, lo slot si spegne automaticamente. Questo aumenta la sicurezza durante il processo di impostazione.   <\/span><\/p>\n<p class=\"p1\"><span class=\"s1\">Inoltre, un ritardo integrato di 60 secondi tra due operazioni di commutazione protegge i componenti elettronici. In questo modo si evitano frequenti accensioni e spegnimenti a brevi intervalli. Se un sensore \u00e8 danneggiato o si verifica un cortocircuito, il dispositivo segnala immediatamente il guasto. Il sensore di umidit\u00e0 \u00e8 sostituibile e dotato di un pratico connettore USB.   <\/span><\/p>\n<p class=\"p1\"><span class=\"s1\">Il funzionamento rimane intuitivo e semplice. Programma i valori desiderati e lascia il resto del controllo al sistema. <\/span><\/p>\n<p class=\"p1\"><span class=\"s1\">Con il <\/span><strong><span class=\"s2\">Hobby Humidity-Control<\/span><\/strong><span class=\"s1\"> avrai una soluzione affidabile, precisa e sicura per il controllo centralizzato dell&#8217;umidit\u00e0, ideale per i terrari tropicali e per gli abitanti sensibili del terrario.<\/span><\/p>\n","protected":false},"excerpt":{"rendered":"<p>Per un&#8217;umidit\u00e0 costante!<\/p>\n","protected":false},"featured_media":190503,"template":"","meta":{"_acf_changed":false},"product-supplier":[2555],"product_brand":[2739],"product_cat":[2741],"product_tag":[],"lce-checkout-addons":[],"class_list":{"0":"post-190502","1":"product","2":"type-product","3":"status-publish","4":"has-post-thumbnail","6":"product_brand-hobby-terraristica","7":"product_cat-illuminazione-e-clima","8":"product_shipping_class-equipment-shipping","10":"first","11":"instock","12":"sale","13":"taxable","14":"shipping-taxable","15":"purchasable","16":"product-type-simple"},"acf":[],"yoast_head":"<!-- This site is optimized with the Yoast SEO plugin v27.3 - https:\/\/yoast.com\/product\/yoast-seo-wordpress\/ -->\n<title>Controllo dell&#039;umidit\u00e0 per hobby - Insektenliebe<\/title>\n<meta name=\"description\" content=\"Acquista a buon mercato il Controllo Umidit\u00e0 Hobby direttamente online. Dispositivo di misurazione controllato centralmente e collegato al sistema di irrigazione.\" \/>\n<meta name=\"robots\" content=\"index, follow, max-snippet:-1, max-image-preview:large, max-video-preview:-1\" \/>\n<link rel=\"canonical\" href=\"https:\/\/insektenliebe.com\/it\/shop\/prodotto\/controllo-dellumidita-per-hobby\/\" \/>\n<meta property=\"og:locale\" content=\"it_IT\" \/>\n<meta property=\"og:type\" content=\"article\" \/>\n<meta property=\"og:title\" content=\"Controllo dell&#039;umidit\u00e0 per hobby - Insektenliebe\" \/>\n<meta property=\"og:description\" content=\"Acquista a buon mercato il Controllo Umidit\u00e0 Hobby direttamente online. Dispositivo di misurazione controllato centralmente e collegato al sistema di irrigazione.\" \/>\n<meta property=\"og:url\" content=\"https:\/\/insektenliebe.com\/it\/shop\/prodotto\/controllo-dellumidita-per-hobby\/\" \/>\n<meta property=\"og:site_name\" content=\"Insektenliebe\" \/>\n<meta property=\"article:modified_time\" content=\"2026-03-03T20:15:46+00:00\" \/>\n<meta property=\"og:image\" content=\"https:\/\/insektenliebe.com\/wp-content\/uploads\/2025\/05\/Hobby-Humidity-Control-2.jpg\" \/>\n\t<meta property=\"og:image:width\" content=\"820\" \/>\n\t<meta property=\"og:image:height\" content=\"820\" \/>\n\t<meta property=\"og:image:type\" content=\"image\/jpeg\" \/>\n<meta name=\"twitter:card\" content=\"summary_large_image\" \/>\n<meta name=\"twitter:label1\" content=\"Tempo di lettura stimato\" \/>\n\t<meta name=\"twitter:data1\" content=\"1 minuto\" \/>\n<script type=\"application\/ld+json\" class=\"yoast-schema-graph\">{\"@context\":\"https:\\\/\\\/schema.org\",\"@graph\":[{\"@type\":\"WebPage\",\"@id\":\"https:\\\/\\\/insektenliebe.com\\\/it\\\/shop\\\/prodotto\\\/controllo-dellumidita-per-hobby\\\/\",\"url\":\"https:\\\/\\\/insektenliebe.com\\\/it\\\/shop\\\/prodotto\\\/controllo-dellumidita-per-hobby\\\/\",\"name\":\"Controllo dell'umidit\u00e0 per hobby - Insektenliebe\",\"isPartOf\":{\"@id\":\"https:\\\/\\\/insektenliebe.com\\\/it\\\/#website\"},\"primaryImageOfPage\":{\"@id\":\"https:\\\/\\\/insektenliebe.com\\\/it\\\/shop\\\/prodotto\\\/controllo-dellumidita-per-hobby\\\/#primaryimage\"},\"image\":{\"@id\":\"https:\\\/\\\/insektenliebe.com\\\/it\\\/shop\\\/prodotto\\\/controllo-dellumidita-per-hobby\\\/#primaryimage\"},\"thumbnailUrl\":\"https:\\\/\\\/insektenliebe.com\\\/wp-content\\\/uploads\\\/2025\\\/05\\\/Hobby-Humidity-Control-2.jpg\",\"datePublished\":\"2021-08-13T10:46:50+00:00\",\"dateModified\":\"2026-03-03T20:15:46+00:00\",\"description\":\"Acquista a buon mercato il Controllo Umidit\u00e0 Hobby direttamente online. Dispositivo di misurazione controllato centralmente e collegato al sistema di irrigazione.\",\"breadcrumb\":{\"@id\":\"https:\\\/\\\/insektenliebe.com\\\/it\\\/shop\\\/prodotto\\\/controllo-dellumidita-per-hobby\\\/#breadcrumb\"},\"inLanguage\":\"it-IT\",\"potentialAction\":[{\"@type\":\"ReadAction\",\"target\":[\"https:\\\/\\\/insektenliebe.com\\\/it\\\/shop\\\/prodotto\\\/controllo-dellumidita-per-hobby\\\/\"]}]},{\"@type\":\"ImageObject\",\"inLanguage\":\"it-IT\",\"@id\":\"https:\\\/\\\/insektenliebe.com\\\/it\\\/shop\\\/prodotto\\\/controllo-dellumidita-per-hobby\\\/#primaryimage\",\"url\":\"https:\\\/\\\/insektenliebe.com\\\/wp-content\\\/uploads\\\/2025\\\/05\\\/Hobby-Humidity-Control-2.jpg\",\"contentUrl\":\"https:\\\/\\\/insektenliebe.com\\\/wp-content\\\/uploads\\\/2025\\\/05\\\/Hobby-Humidity-Control-2.jpg\",\"width\":820,\"height\":820,\"caption\":\"Hobby-Humidity-Control-2.jpg\"},{\"@type\":\"BreadcrumbList\",\"@id\":\"https:\\\/\\\/insektenliebe.com\\\/it\\\/shop\\\/prodotto\\\/controllo-dellumidita-per-hobby\\\/#breadcrumb\",\"itemListElement\":[{\"@type\":\"ListItem\",\"position\":1,\"name\":\"Startseite\",\"item\":\"https:\\\/\\\/insektenliebe.com\\\/it\\\/\"},{\"@type\":\"ListItem\",\"position\":2,\"name\":\"Negozio\",\"item\":\"https:\\\/\\\/insektenliebe.com\\\/it\\\/negozio\\\/\"},{\"@type\":\"ListItem\",\"position\":3,\"name\":\"Controllo dell&#8217;umidit\u00e0 per hobby\"}]},{\"@type\":\"WebSite\",\"@id\":\"https:\\\/\\\/insektenliebe.com\\\/it\\\/#website\",\"url\":\"https:\\\/\\\/insektenliebe.com\\\/it\\\/\",\"name\":\"Insektenliebe\",\"description\":\"Dein Zuhause f\u00fcr die kleinen Lebewesen\",\"publisher\":{\"@id\":\"https:\\\/\\\/insektenliebe.com\\\/it\\\/#organization\"},\"potentialAction\":[{\"@type\":\"SearchAction\",\"target\":{\"@type\":\"EntryPoint\",\"urlTemplate\":\"https:\\\/\\\/insektenliebe.com\\\/it\\\/?s={search_term_string}\"},\"query-input\":{\"@type\":\"PropertyValueSpecification\",\"valueRequired\":true,\"valueName\":\"search_term_string\"}}],\"inLanguage\":\"it-IT\"},{\"@type\":\"Organization\",\"@id\":\"https:\\\/\\\/insektenliebe.com\\\/it\\\/#organization\",\"name\":\"Insektenliebe\",\"url\":\"https:\\\/\\\/insektenliebe.com\\\/it\\\/\",\"logo\":{\"@type\":\"ImageObject\",\"inLanguage\":\"it-IT\",\"@id\":\"https:\\\/\\\/insektenliebe.com\\\/it\\\/#\\\/schema\\\/logo\\\/image\\\/\",\"url\":\"https:\\\/\\\/insektenliebe.com\\\/wp-content\\\/uploads\\\/2025\\\/03\\\/logo-white.png\",\"contentUrl\":\"https:\\\/\\\/insektenliebe.com\\\/wp-content\\\/uploads\\\/2025\\\/03\\\/logo-white.png\",\"width\":288,\"height\":188,\"caption\":\"Insektenliebe\"},\"image\":{\"@id\":\"https:\\\/\\\/insektenliebe.com\\\/it\\\/#\\\/schema\\\/logo\\\/image\\\/\"}}]}<\/script>\n<!-- \/ Yoast SEO plugin. -->","yoast_head_json":{"title":"Controllo dell'umidit\u00e0 per hobby - Insektenliebe","description":"Acquista a buon mercato il Controllo Umidit\u00e0 Hobby direttamente online. Dispositivo di misurazione controllato centralmente e collegato al sistema di irrigazione.","robots":{"index":"index","follow":"follow","max-snippet":"max-snippet:-1","max-image-preview":"max-image-preview:large","max-video-preview":"max-video-preview:-1"},"canonical":"https:\/\/insektenliebe.com\/it\/shop\/prodotto\/controllo-dellumidita-per-hobby\/","og_locale":"it_IT","og_type":"article","og_title":"Controllo dell'umidit\u00e0 per hobby - Insektenliebe","og_description":"Acquista a buon mercato il Controllo Umidit\u00e0 Hobby direttamente online. Dispositivo di misurazione controllato centralmente e collegato al sistema di irrigazione.","og_url":"https:\/\/insektenliebe.com\/it\/shop\/prodotto\/controllo-dellumidita-per-hobby\/","og_site_name":"Insektenliebe","article_modified_time":"2026-03-03T20:15:46+00:00","og_image":[{"width":820,"height":820,"url":"https:\/\/insektenliebe.com\/wp-content\/uploads\/2025\/05\/Hobby-Humidity-Control-2.jpg","type":"image\/jpeg"}],"twitter_card":"summary_large_image","twitter_misc":{"Tempo di lettura stimato":"1 minuto"},"schema":{"@context":"https:\/\/schema.org","@graph":[{"@type":"WebPage","@id":"https:\/\/insektenliebe.com\/it\/shop\/prodotto\/controllo-dellumidita-per-hobby\/","url":"https:\/\/insektenliebe.com\/it\/shop\/prodotto\/controllo-dellumidita-per-hobby\/","name":"Controllo dell'umidit\u00e0 per hobby - Insektenliebe","isPartOf":{"@id":"https:\/\/insektenliebe.com\/it\/#website"},"primaryImageOfPage":{"@id":"https:\/\/insektenliebe.com\/it\/shop\/prodotto\/controllo-dellumidita-per-hobby\/#primaryimage"},"image":{"@id":"https:\/\/insektenliebe.com\/it\/shop\/prodotto\/controllo-dellumidita-per-hobby\/#primaryimage"},"thumbnailUrl":"https:\/\/insektenliebe.com\/wp-content\/uploads\/2025\/05\/Hobby-Humidity-Control-2.jpg","datePublished":"2021-08-13T10:46:50+00:00","dateModified":"2026-03-03T20:15:46+00:00","description":"Acquista a buon mercato il Controllo Umidit\u00e0 Hobby direttamente online. Dispositivo di misurazione controllato centralmente e collegato al sistema di irrigazione.","breadcrumb":{"@id":"https:\/\/insektenliebe.com\/it\/shop\/prodotto\/controllo-dellumidita-per-hobby\/#breadcrumb"},"inLanguage":"it-IT","potentialAction":[{"@type":"ReadAction","target":["https:\/\/insektenliebe.com\/it\/shop\/prodotto\/controllo-dellumidita-per-hobby\/"]}]},{"@type":"ImageObject","inLanguage":"it-IT","@id":"https:\/\/insektenliebe.com\/it\/shop\/prodotto\/controllo-dellumidita-per-hobby\/#primaryimage","url":"https:\/\/insektenliebe.com\/wp-content\/uploads\/2025\/05\/Hobby-Humidity-Control-2.jpg","contentUrl":"https:\/\/insektenliebe.com\/wp-content\/uploads\/2025\/05\/Hobby-Humidity-Control-2.jpg","width":820,"height":820,"caption":"Hobby-Humidity-Control-2.jpg"},{"@type":"BreadcrumbList","@id":"https:\/\/insektenliebe.com\/it\/shop\/prodotto\/controllo-dellumidita-per-hobby\/#breadcrumb","itemListElement":[{"@type":"ListItem","position":1,"name":"Startseite","item":"https:\/\/insektenliebe.com\/it\/"},{"@type":"ListItem","position":2,"name":"Negozio","item":"https:\/\/insektenliebe.com\/it\/negozio\/"},{"@type":"ListItem","position":3,"name":"Controllo dell&#8217;umidit\u00e0 per hobby"}]},{"@type":"WebSite","@id":"https:\/\/insektenliebe.com\/it\/#website","url":"https:\/\/insektenliebe.com\/it\/","name":"Insektenliebe","description":"Dein Zuhause f\u00fcr die kleinen Lebewesen","publisher":{"@id":"https:\/\/insektenliebe.com\/it\/#organization"},"potentialAction":[{"@type":"SearchAction","target":{"@type":"EntryPoint","urlTemplate":"https:\/\/insektenliebe.com\/it\/?s={search_term_string}"},"query-input":{"@type":"PropertyValueSpecification","valueRequired":true,"valueName":"search_term_string"}}],"inLanguage":"it-IT"},{"@type":"Organization","@id":"https:\/\/insektenliebe.com\/it\/#organization","name":"Insektenliebe","url":"https:\/\/insektenliebe.com\/it\/","logo":{"@type":"ImageObject","inLanguage":"it-IT","@id":"https:\/\/insektenliebe.com\/it\/#\/schema\/logo\/image\/","url":"https:\/\/insektenliebe.com\/wp-content\/uploads\/2025\/03\/logo-white.png","contentUrl":"https:\/\/insektenliebe.com\/wp-content\/uploads\/2025\/03\/logo-white.png","width":288,"height":188,"caption":"Insektenliebe"},"image":{"@id":"https:\/\/insektenliebe.com\/it\/#\/schema\/logo\/image\/"}}]}},"_links":{"self":[{"href":"https:\/\/insektenliebe.com\/it\/wp-json\/wp\/v2\/product\/190502","targetHints":{"allow":["GET"]}}],"collection":[{"href":"https:\/\/insektenliebe.com\/it\/wp-json\/wp\/v2\/product"}],"about":[{"href":"https:\/\/insektenliebe.com\/it\/wp-json\/wp\/v2\/types\/product"}],"wp:featuredmedia":[{"embeddable":true,"href":"https:\/\/insektenliebe.com\/it\/wp-json\/wp\/v2\/media\/190503"}],"wp:attachment":[{"href":"https:\/\/insektenliebe.com\/it\/wp-json\/wp\/v2\/media?parent=190502"}],"wp:term":[{"taxonomy":"product-supplier","embeddable":true,"href":"https:\/\/insektenliebe.com\/it\/wp-json\/wp\/v2\/product-supplier?post=190502"},{"taxonomy":"product_brand","embeddable":true,"href":"https:\/\/insektenliebe.com\/it\/wp-json\/wp\/v2\/product_brand?post=190502"},{"taxonomy":"product_cat","embeddable":true,"href":"https:\/\/insektenliebe.com\/it\/wp-json\/wp\/v2\/product_cat?post=190502"},{"taxonomy":"product_tag","embeddable":true,"href":"https:\/\/insektenliebe.com\/it\/wp-json\/wp\/v2\/product_tag?post=190502"},{"taxonomy":"lce-checkout-addons","embeddable":true,"href":"https:\/\/insektenliebe.com\/it\/wp-json\/wp\/v2\/lce-checkout-addons?post=190502"}],"curies":[{"name":"wp","href":"https:\/\/api.w.org\/{rel}","templated":true}]}}