{"id":190498,"date":"2021-12-10T09:59:11","date_gmt":"2021-12-10T07:59:11","guid":{"rendered":"https:\/\/insektenliebe.com\/shop\/produkt\/phidippus-regius-rastafari\/"},"modified":"2026-03-13T18:32:12","modified_gmt":"2026-03-13T17:32:12","slug":"phidippus-regius-rastafari","status":"publish","type":"product","link":"https:\/\/insektenliebe.com\/it\/shop\/prodotto\/phidippus-regius-rastafari\/","title":{"rendered":"Phidippus regius \"Rastafari"},"content":{"rendered":"<h3><span style=\"color: #99cc33\">Breve descrizione:<\/span><\/h3>\n<p>Il Phidippus regius \"Rastafari\" \u00e8 un ragno saltatore originario della Giamaica. Si trova nella regione delle Blue Mountains. Nelle Blue Mountains, che si estendono da sud-ovest a nord-est e raggiungono i 2.250 metri di altezza, fa molto pi\u00f9 freddo che nel resto della Giamaica. La temperatura media sulle vette \u00e8 di soli 13 gradi Celsius. Tuttavia, il Phidippus regius \"Rastafari\" si trova nelle regioni di media montagna.    <\/p>\n<p>Qui si coltiva anche il famoso caff\u00e8 Blue Mountain e la temperatura media annuale \u00e8 compresa tra i 24 e i 27\u00b0C. Dato che i ragni saltatori hanno una vista relativamente buona, il terrario dovrebbe avere una posizione luminosa sulla spiaggia o essere dotato di illuminazione a LED. <\/p>\n<p>Diamo da mangiare e acqua agli animali ogni due giorni. Per farlo, spruzziamo una piccola quantit\u00e0 d&#8217;acqua dalla bottiglia a pressione in un angolo del terrario. Se il ragno saltatore ha sete, prender\u00e0 qualche goccia d&#8217;acqua da l\u00ec. Gli animali vengono accettati fino alle dimensioni del loro corpo. \u00c8 sempre interessante osservare come il ragno saltatore cattura l&#8217;animale da mangiare dall&#8217;alto.    <\/p>\n<h3><\/h3>\n","protected":false},"excerpt":{"rendered":"<p>Breve descrizione: Il Phidippus regius \"Rastafari\" \u00e8 un ragno saltatore originario della Giamaica. Si trova nella regione delle Blue Mountains. Nelle Blue Mountains, che si estendono da sud-ovest a nord-est e raggiungono i 2.250 metri di altezza, fa molto pi\u00f9 freddo che nel resto della Giamaica. La temperatura media sulle vette \u00e8 di soli 13 [&hellip;]<\/p>\n","protected":false},"featured_media":186227,"template":"","meta":{"_acf_changed":false},"product-supplier":[],"product_brand":[],"product_cat":[2809,2808],"product_tag":[],"lce-checkout-addons":[2746],"class_list":{"0":"post-190498","1":"product","2":"type-product","3":"status-publish","4":"has-post-thumbnail","6":"product_cat-ragni","7":"product_cat-ragni-che-saltano","8":"product_shipping_class-spedizione-di-animali","9":"pa_geschlecht-donna","10":"pa_geschlecht-indeterminato","11":"pa_geschlecht-uomo","12":"pa_herkunft-giamaica","13":"pa_kontinent-nord-america","14":"lce-checkout-addons-imballaggio-invernale","16":"first","17":"instock","18":"sale","19":"taxable","20":"shipping-taxable","21":"purchasable","22":"product-type-variable"},"acf":[],"yoast_head":"<!-- This site is optimized with the Yoast SEO Premium plugin v26.8 (Yoast SEO v27.3) - https:\/\/yoast.com\/product\/yoast-seo-premium-wordpress\/ -->\n<title>Phidippus regius &quot;Rastafari - Insektenliebe<\/title>\n<meta name=\"description\" content=\"Acquista a buon mercato Phidippus regius &quot;Rastafari&quot; direttamente online! Un bellissimo ragno saltatore che puoi acquistare qui direttamente dall&#039;allevatore.\" \/>\n<meta name=\"robots\" content=\"index, follow, max-snippet:-1, max-image-preview:large, max-video-preview:-1\" \/>\n<link rel=\"canonical\" href=\"https:\/\/insektenliebe.com\/it\/shop\/prodotto\/phidippus-regius-rastafari\/\" \/>\n<meta property=\"og:locale\" content=\"it_IT\" \/>\n<meta property=\"og:type\" content=\"article\" \/>\n<meta property=\"og:title\" content=\"Phidippus regius &quot;Rastafari\" \/>\n<meta property=\"og:description\" content=\"Acquista a buon mercato Phidippus regius &quot;Rastafari&quot; direttamente online! Un bellissimo ragno saltatore che puoi acquistare qui direttamente dall&#039;allevatore.\" \/>\n<meta property=\"og:url\" content=\"https:\/\/insektenliebe.com\/it\/shop\/prodotto\/phidippus-regius-rastafari\/\" \/>\n<meta property=\"og:site_name\" content=\"Insektenliebe\" \/>\n<meta property=\"article:modified_time\" content=\"2026-03-13T17:32:12+00:00\" \/>\n<meta property=\"og:image\" content=\"https:\/\/insektenliebe.com\/wp-content\/uploads\/2025\/05\/Phidippus-regius-Rastafari-1-2.jpg\" \/>\n\t<meta property=\"og:image:width\" content=\"820\" \/>\n\t<meta property=\"og:image:height\" content=\"820\" \/>\n\t<meta property=\"og:image:type\" content=\"image\/jpeg\" \/>\n<meta name=\"twitter:card\" content=\"summary_large_image\" \/>\n<meta name=\"twitter:label1\" content=\"Disponibilit\u00e0\" \/>\n\t<meta name=\"twitter:data1\" content=\"In stock\" \/>\n<script type=\"application\/ld+json\" class=\"yoast-schema-graph\">{\"@context\":\"https:\\\/\\\/schema.org\",\"@graph\":[{\"@type\":\"WebPage\",\"@id\":\"https:\\\/\\\/insektenliebe.com\\\/it\\\/shop\\\/prodotto\\\/phidippus-regius-rastafari\\\/\",\"url\":\"https:\\\/\\\/insektenliebe.com\\\/it\\\/shop\\\/prodotto\\\/phidippus-regius-rastafari\\\/\",\"name\":\"Phidippus regius \\\"Rastafari - Insektenliebe\",\"isPartOf\":{\"@id\":\"https:\\\/\\\/insektenliebe.com\\\/it\\\/#website\"},\"primaryImageOfPage\":{\"@id\":\"https:\\\/\\\/insektenliebe.com\\\/it\\\/shop\\\/prodotto\\\/phidippus-regius-rastafari\\\/#primaryimage\"},\"image\":{\"@id\":\"https:\\\/\\\/insektenliebe.com\\\/it\\\/shop\\\/prodotto\\\/phidippus-regius-rastafari\\\/#primaryimage\"},\"thumbnailUrl\":\"https:\\\/\\\/insektenliebe.com\\\/wp-content\\\/uploads\\\/2025\\\/05\\\/Phidippus-regius-Rastafari-1-2.jpg\",\"datePublished\":\"2021-12-10T07:59:11+00:00\",\"dateModified\":\"2026-03-13T17:32:12+00:00\",\"description\":\"Acquista a buon mercato Phidippus regius \\\"Rastafari\\\" direttamente online! Un bellissimo ragno saltatore che puoi acquistare qui direttamente dall'allevatore.\",\"breadcrumb\":{\"@id\":\"https:\\\/\\\/insektenliebe.com\\\/it\\\/shop\\\/prodotto\\\/phidippus-regius-rastafari\\\/#breadcrumb\"},\"inLanguage\":\"it-IT\",\"potentialAction\":[{\"@type\":\"ReadAction\",\"target\":[\"https:\\\/\\\/insektenliebe.com\\\/it\\\/shop\\\/prodotto\\\/phidippus-regius-rastafari\\\/\"]}]},{\"@type\":\"ImageObject\",\"inLanguage\":\"it-IT\",\"@id\":\"https:\\\/\\\/insektenliebe.com\\\/it\\\/shop\\\/prodotto\\\/phidippus-regius-rastafari\\\/#primaryimage\",\"url\":\"https:\\\/\\\/insektenliebe.com\\\/wp-content\\\/uploads\\\/2025\\\/05\\\/Phidippus-regius-Rastafari-1-2.jpg\",\"contentUrl\":\"https:\\\/\\\/insektenliebe.com\\\/wp-content\\\/uploads\\\/2025\\\/05\\\/Phidippus-regius-Rastafari-1-2.jpg\",\"width\":820,\"height\":820,\"caption\":\"Phidippus-regius-Rastafari-1-2.jpg\"},{\"@type\":\"BreadcrumbList\",\"@id\":\"https:\\\/\\\/insektenliebe.com\\\/it\\\/shop\\\/prodotto\\\/phidippus-regius-rastafari\\\/#breadcrumb\",\"itemListElement\":[{\"@type\":\"ListItem\",\"position\":1,\"name\":\"Startseite\",\"item\":\"https:\\\/\\\/insektenliebe.com\\\/it\\\/\"},{\"@type\":\"ListItem\",\"position\":2,\"name\":\"Negozio\",\"item\":\"https:\\\/\\\/insektenliebe.com\\\/it\\\/negozio\\\/\"},{\"@type\":\"ListItem\",\"position\":3,\"name\":\"Phidippus regius &#8220;Rastafari\"}]},{\"@type\":\"WebSite\",\"@id\":\"https:\\\/\\\/insektenliebe.com\\\/it\\\/#website\",\"url\":\"https:\\\/\\\/insektenliebe.com\\\/it\\\/\",\"name\":\"Insektenliebe\",\"description\":\"Dein Zuhause f\u00fcr die kleinen Lebewesen\",\"publisher\":{\"@id\":\"https:\\\/\\\/insektenliebe.com\\\/it\\\/#organization\"},\"potentialAction\":[{\"@type\":\"SearchAction\",\"target\":{\"@type\":\"EntryPoint\",\"urlTemplate\":\"https:\\\/\\\/insektenliebe.com\\\/it\\\/?s={search_term_string}\"},\"query-input\":{\"@type\":\"PropertyValueSpecification\",\"valueRequired\":true,\"valueName\":\"search_term_string\"}}],\"inLanguage\":\"it-IT\"},{\"@type\":\"Organization\",\"@id\":\"https:\\\/\\\/insektenliebe.com\\\/it\\\/#organization\",\"name\":\"Insektenliebe\",\"url\":\"https:\\\/\\\/insektenliebe.com\\\/it\\\/\",\"logo\":{\"@type\":\"ImageObject\",\"inLanguage\":\"it-IT\",\"@id\":\"https:\\\/\\\/insektenliebe.com\\\/it\\\/#\\\/schema\\\/logo\\\/image\\\/\",\"url\":\"https:\\\/\\\/insektenliebe.com\\\/wp-content\\\/uploads\\\/2025\\\/03\\\/logo-white.png\",\"contentUrl\":\"https:\\\/\\\/insektenliebe.com\\\/wp-content\\\/uploads\\\/2025\\\/03\\\/logo-white.png\",\"width\":288,\"height\":188,\"caption\":\"Insektenliebe\"},\"image\":{\"@id\":\"https:\\\/\\\/insektenliebe.com\\\/it\\\/#\\\/schema\\\/logo\\\/image\\\/\"}}]}<\/script>\n<meta property=\"og:availability\" content=\"instock\" \/>\n<meta property=\"product:availability\" content=\"instock\" \/>\n<meta property=\"product:retailer_item_id\" content=\"354\" \/>\n<meta property=\"product:condition\" content=\"new\" \/>\n<!-- \/ Yoast SEO Premium plugin. -->","yoast_head_json":{"title":"Phidippus regius \"Rastafari - Insektenliebe","description":"Acquista a buon mercato Phidippus regius \"Rastafari\" direttamente online! Un bellissimo ragno saltatore che puoi acquistare qui direttamente dall'allevatore.","robots":{"index":"index","follow":"follow","max-snippet":"max-snippet:-1","max-image-preview":"max-image-preview:large","max-video-preview":"max-video-preview:-1"},"canonical":"https:\/\/insektenliebe.com\/it\/shop\/prodotto\/phidippus-regius-rastafari\/","og_locale":"it_IT","og_type":"article","og_title":"Phidippus regius \"Rastafari","og_description":"Acquista a buon mercato Phidippus regius \"Rastafari\" direttamente online! Un bellissimo ragno saltatore che puoi acquistare qui direttamente dall'allevatore.","og_url":"https:\/\/insektenliebe.com\/it\/shop\/prodotto\/phidippus-regius-rastafari\/","og_site_name":"Insektenliebe","article_modified_time":"2026-03-13T17:32:12+00:00","og_image":[{"width":820,"height":820,"url":"https:\/\/insektenliebe.com\/wp-content\/uploads\/2025\/05\/Phidippus-regius-Rastafari-1-2.jpg","type":"image\/jpeg"}],"twitter_card":"summary_large_image","twitter_misc":{"Disponibilit\u00e0":"In stock"},"schema":{"@context":"https:\/\/schema.org","@graph":[{"@type":"WebPage","@id":"https:\/\/insektenliebe.com\/it\/shop\/prodotto\/phidippus-regius-rastafari\/","url":"https:\/\/insektenliebe.com\/it\/shop\/prodotto\/phidippus-regius-rastafari\/","name":"Phidippus regius \"Rastafari - Insektenliebe","isPartOf":{"@id":"https:\/\/insektenliebe.com\/it\/#website"},"primaryImageOfPage":{"@id":"https:\/\/insektenliebe.com\/it\/shop\/prodotto\/phidippus-regius-rastafari\/#primaryimage"},"image":{"@id":"https:\/\/insektenliebe.com\/it\/shop\/prodotto\/phidippus-regius-rastafari\/#primaryimage"},"thumbnailUrl":"https:\/\/insektenliebe.com\/wp-content\/uploads\/2025\/05\/Phidippus-regius-Rastafari-1-2.jpg","datePublished":"2021-12-10T07:59:11+00:00","dateModified":"2026-03-13T17:32:12+00:00","description":"Acquista a buon mercato Phidippus regius \"Rastafari\" direttamente online! Un bellissimo ragno saltatore che puoi acquistare qui direttamente dall'allevatore.","breadcrumb":{"@id":"https:\/\/insektenliebe.com\/it\/shop\/prodotto\/phidippus-regius-rastafari\/#breadcrumb"},"inLanguage":"it-IT","potentialAction":[{"@type":"ReadAction","target":["https:\/\/insektenliebe.com\/it\/shop\/prodotto\/phidippus-regius-rastafari\/"]}]},{"@type":"ImageObject","inLanguage":"it-IT","@id":"https:\/\/insektenliebe.com\/it\/shop\/prodotto\/phidippus-regius-rastafari\/#primaryimage","url":"https:\/\/insektenliebe.com\/wp-content\/uploads\/2025\/05\/Phidippus-regius-Rastafari-1-2.jpg","contentUrl":"https:\/\/insektenliebe.com\/wp-content\/uploads\/2025\/05\/Phidippus-regius-Rastafari-1-2.jpg","width":820,"height":820,"caption":"Phidippus-regius-Rastafari-1-2.jpg"},{"@type":"BreadcrumbList","@id":"https:\/\/insektenliebe.com\/it\/shop\/prodotto\/phidippus-regius-rastafari\/#breadcrumb","itemListElement":[{"@type":"ListItem","position":1,"name":"Startseite","item":"https:\/\/insektenliebe.com\/it\/"},{"@type":"ListItem","position":2,"name":"Negozio","item":"https:\/\/insektenliebe.com\/it\/negozio\/"},{"@type":"ListItem","position":3,"name":"Phidippus regius &#8220;Rastafari"}]},{"@type":"WebSite","@id":"https:\/\/insektenliebe.com\/it\/#website","url":"https:\/\/insektenliebe.com\/it\/","name":"Insektenliebe","description":"Dein Zuhause f\u00fcr die kleinen Lebewesen","publisher":{"@id":"https:\/\/insektenliebe.com\/it\/#organization"},"potentialAction":[{"@type":"SearchAction","target":{"@type":"EntryPoint","urlTemplate":"https:\/\/insektenliebe.com\/it\/?s={search_term_string}"},"query-input":{"@type":"PropertyValueSpecification","valueRequired":true,"valueName":"search_term_string"}}],"inLanguage":"it-IT"},{"@type":"Organization","@id":"https:\/\/insektenliebe.com\/it\/#organization","name":"Insektenliebe","url":"https:\/\/insektenliebe.com\/it\/","logo":{"@type":"ImageObject","inLanguage":"it-IT","@id":"https:\/\/insektenliebe.com\/it\/#\/schema\/logo\/image\/","url":"https:\/\/insektenliebe.com\/wp-content\/uploads\/2025\/03\/logo-white.png","contentUrl":"https:\/\/insektenliebe.com\/wp-content\/uploads\/2025\/03\/logo-white.png","width":288,"height":188,"caption":"Insektenliebe"},"image":{"@id":"https:\/\/insektenliebe.com\/it\/#\/schema\/logo\/image\/"}}]},"og_availability":"instock","product_availability":"instock","product_retailer_item_id":"354","product_condition":"new"},"_links":{"self":[{"href":"https:\/\/insektenliebe.com\/it\/wp-json\/wp\/v2\/product\/190498","targetHints":{"allow":["GET"]}}],"collection":[{"href":"https:\/\/insektenliebe.com\/it\/wp-json\/wp\/v2\/product"}],"about":[{"href":"https:\/\/insektenliebe.com\/it\/wp-json\/wp\/v2\/types\/product"}],"wp:featuredmedia":[{"embeddable":true,"href":"https:\/\/insektenliebe.com\/it\/wp-json\/wp\/v2\/media\/186227"}],"wp:attachment":[{"href":"https:\/\/insektenliebe.com\/it\/wp-json\/wp\/v2\/media?parent=190498"}],"wp:term":[{"taxonomy":"product-supplier","embeddable":true,"href":"https:\/\/insektenliebe.com\/it\/wp-json\/wp\/v2\/product-supplier?post=190498"},{"taxonomy":"product_brand","embeddable":true,"href":"https:\/\/insektenliebe.com\/it\/wp-json\/wp\/v2\/product_brand?post=190498"},{"taxonomy":"product_cat","embeddable":true,"href":"https:\/\/insektenliebe.com\/it\/wp-json\/wp\/v2\/product_cat?post=190498"},{"taxonomy":"product_tag","embeddable":true,"href":"https:\/\/insektenliebe.com\/it\/wp-json\/wp\/v2\/product_tag?post=190498"},{"taxonomy":"lce-checkout-addons","embeddable":true,"href":"https:\/\/insektenliebe.com\/it\/wp-json\/wp\/v2\/lce-checkout-addons?post=190498"}],"curies":[{"name":"wp","href":"https:\/\/api.w.org\/{rel}","templated":true}]}}