{"id":190484,"date":"2022-07-28T06:32:00","date_gmt":"2022-07-28T04:32:00","guid":{"rendered":"https:\/\/insektenliebe.com\/shop\/produkt\/hobby-biotherm-ii\/"},"modified":"2026-03-03T20:42:48","modified_gmt":"2026-03-03T19:42:48","slug":"hobby-biotherm-ii","status":"publish","type":"product","link":"https:\/\/insektenliebe.com\/it\/shop\/prodotto\/hobby-biotherm-ii\/","title":{"rendered":"Hobby Biotherm II"},"content":{"rendered":"<h3><span class=\"s1\" style=\"color: #99cc33;\">Hobby Biotherm II - Controllo preciso della temperatura nel terrario<\/span><\/h3>\n<p class=\"p1\"><span class=\"s1\">Il <\/span><strong><span class=\"s2\">Hobby Biotherm II<\/span><\/strong><span class=\"s1\">  ti offre un controllo della temperatura preciso e affidabile per il tuo terrario. Soprattutto per rettili, anfibi o invertebrati sensibili, una temperatura stabile \u00e8 fondamentale per la loro salute e attivit\u00e0. Ecco perch\u00e9 questo dispositivo digitale di misurazione e controllo controlla separatamente sia il riscaldamento che il raffreddamento.  <\/span><\/p>\n<p class=\"p1\"><span class=\"s1\">La temperatura viene regolata in modo preciso con incrementi di 0,1 \u00b0C. Questo ti permette di regolare i valori in modo molto preciso in base alle esigenze dei tuoi animali. Puoi anche impostare il controllo dell&#8217;ora ogni secondo, il che \u00e8 particolarmente utile per gli allestimenti sensibili o per le simulazioni stagionali.  <\/span><\/p>\n<p class=\"p1\"><span class=\"s1\">Il pannello di controllo in dotazione ha due slot. Questo ti permette di gestire una fonte di calore e un&#8217;unit\u00e0 di raffreddamento allo stesso tempo. Due rel\u00e8 integrati ad alte prestazioni garantiscono una commutazione precisa. Grazie al chip intelligente incorporato, Biotherm II mantiene la temperatura costante ed evita forti fluttuazioni.   <\/span><\/p>\n<p class=\"p1\"><span class=\"s1\">Il display illuminato mostra chiaramente tutti i valori impostati e quelli effettivi in ogni momento. Allo stesso tempo, un indicatore di attivit\u00e0 a LED ti informa sullo stato di funzionamento attuale. Per una maggiore sicurezza, puoi attivare un allarme visivo e acustico. Questo ti avvisa immediatamente se la temperatura esce dall&#8217;intervallo desiderato.   <\/span><\/p>\n<p class=\"p1\"><span class=\"s1\">Il sensore di temperatura impermeabile \u00e8 dotato di un connettore a connessione rapida. Questo ti permette di installarlo in modo semplice e veloce nel terrario. Una volta collegato, il dispositivo \u00e8 subito pronto all&#8217;uso. Devi disimballarlo, collegare la tecnologia e programmare i valori desiderati.   <\/span><\/p>\n<p class=\"p1\"><span class=\"s1\">Il <strong>Biotherm II<\/strong> di <strong>Hobby<\/strong> non \u00e8 adatto solo per i terrari, ma anche per acquari, paludari, serre o voliere. Offre risultati stabili ovunque sia necessario un controllo costante della temperatura. <\/span><\/p>\n<p class=\"p1\"><span class=\"s1\">Con il <\/span><strong><span class=\"s2\">Hobby Biotherm II<\/span><\/strong><span class=\"s1\"> avrai una soluzione potente, sicura e flessibile per il controllo professionale della temperatura.<\/span><\/p>\n<p><strong>Technical data:<\/strong><br \/>\nOperating voltage: 100 - 240 V ~ 50 \/ 60 Hz<br \/>\nConnected load per switch position: max. 600 W (ohmic load)<br \/>\nTotal connected load of the switch position strip: max. 1.200 W (carico ohmico)<br \/>\nIntervallo di visualizzazione della temperatura: da - 30\u00b0 C a + 90\u00b0 C<br \/>\nIntervallo di controllo della temperatura: da 0,0\u00b0 C a + 60,0\u00b0 C<br \/>\nIntervallo di allarme della temperatura: da + 0,0\u00b0 C a + 15,0\u00b0 C<br \/>\nPrecisione della visualizzazione della temperatura: + 0,1\u00b0 C<br \/>\nPrecisione del controllo della temperatura: + 0,1\u00b0 C<br \/>\nLunghezza del cavo di collegamento: 1,4 m<br \/>\nLunghezza del cavo del sensore: 1,8 m<br \/>\nLunghezza del cavo del pannello di controllo\/striscia di controllo: 1,5 m<br \/>\nTutte le specifiche sono approssimative. Ci riserviamo il diritto di apportare modifiche tecniche.   <\/p>\n<p>&nbsp;<\/p>\n","protected":false},"excerpt":{"rendered":"<p>Hobby Biotherm II - Controllo preciso della temperatura nel terrario Il Hobby Biotherm II ti offre un controllo della temperatura preciso e affidabile per il tuo terrario. Soprattutto per rettili, anfibi o invertebrati sensibili, una temperatura stabile \u00e8 fondamentale per la loro salute e attivit\u00e0. Ecco perch\u00e9 questo dispositivo digitale di misurazione e controllo controlla [&hellip;]<\/p>\n","protected":false},"featured_media":190485,"template":"","meta":{"_acf_changed":false},"product-supplier":[2555],"product_brand":[2739],"product_cat":[2741],"product_tag":[],"lce-checkout-addons":[],"class_list":{"0":"post-190484","1":"product","2":"type-product","3":"status-publish","4":"has-post-thumbnail","6":"product_brand-hobby-terraristica","7":"product_cat-illuminazione-e-clima","8":"product_shipping_class-equipment-shipping","10":"first","11":"instock","12":"sale","13":"taxable","14":"shipping-taxable","15":"purchasable","16":"product-type-simple"},"acf":[],"yoast_head":"<!-- This site is optimized with the Yoast SEO plugin v27.3 - https:\/\/yoast.com\/product\/yoast-seo-wordpress\/ -->\n<title>Hobby Biotherm II - Insektenliebe<\/title>\n<meta name=\"description\" content=\"Acquista a buon mercato Hobby Biotherm II direttamente online. Hobby Biotherm II \u00e8 un affidabile regolatore di temperatura digitale per terrari.\" \/>\n<meta name=\"robots\" content=\"index, follow, max-snippet:-1, max-image-preview:large, max-video-preview:-1\" \/>\n<link rel=\"canonical\" href=\"https:\/\/insektenliebe.com\/it\/shop\/prodotto\/hobby-biotherm-ii\/\" \/>\n<meta property=\"og:locale\" content=\"it_IT\" \/>\n<meta property=\"og:type\" content=\"article\" \/>\n<meta property=\"og:title\" content=\"Hobby Biotherm II - Insektenliebe\" \/>\n<meta property=\"og:description\" content=\"Acquista a buon mercato Hobby Biotherm II direttamente online. Hobby Biotherm II \u00e8 un affidabile regolatore di temperatura digitale per terrari.\" \/>\n<meta property=\"og:url\" content=\"https:\/\/insektenliebe.com\/it\/shop\/prodotto\/hobby-biotherm-ii\/\" \/>\n<meta property=\"og:site_name\" content=\"Insektenliebe\" \/>\n<meta property=\"article:modified_time\" content=\"2026-03-03T19:42:48+00:00\" \/>\n<meta property=\"og:image\" content=\"https:\/\/insektenliebe.com\/wp-content\/uploads\/2025\/05\/Hobby-Biotherm-II-2.jpg\" \/>\n\t<meta property=\"og:image:width\" content=\"820\" \/>\n\t<meta property=\"og:image:height\" content=\"820\" \/>\n\t<meta property=\"og:image:type\" content=\"image\/jpeg\" \/>\n<meta name=\"twitter:card\" content=\"summary_large_image\" \/>\n<meta name=\"twitter:label1\" content=\"Tempo di lettura stimato\" \/>\n\t<meta name=\"twitter:data1\" content=\"2 minuto\" \/>\n<script type=\"application\/ld+json\" class=\"yoast-schema-graph\">{\"@context\":\"https:\\\/\\\/schema.org\",\"@graph\":[{\"@type\":\"WebPage\",\"@id\":\"https:\\\/\\\/insektenliebe.com\\\/it\\\/shop\\\/prodotto\\\/hobby-biotherm-ii\\\/\",\"url\":\"https:\\\/\\\/insektenliebe.com\\\/it\\\/shop\\\/prodotto\\\/hobby-biotherm-ii\\\/\",\"name\":\"Hobby Biotherm II - Insektenliebe\",\"isPartOf\":{\"@id\":\"https:\\\/\\\/insektenliebe.com\\\/it\\\/#website\"},\"primaryImageOfPage\":{\"@id\":\"https:\\\/\\\/insektenliebe.com\\\/it\\\/shop\\\/prodotto\\\/hobby-biotherm-ii\\\/#primaryimage\"},\"image\":{\"@id\":\"https:\\\/\\\/insektenliebe.com\\\/it\\\/shop\\\/prodotto\\\/hobby-biotherm-ii\\\/#primaryimage\"},\"thumbnailUrl\":\"https:\\\/\\\/insektenliebe.com\\\/wp-content\\\/uploads\\\/2025\\\/05\\\/Hobby-Biotherm-II-2.jpg\",\"datePublished\":\"2022-07-28T04:32:00+00:00\",\"dateModified\":\"2026-03-03T19:42:48+00:00\",\"description\":\"Acquista a buon mercato Hobby Biotherm II direttamente online. Hobby Biotherm II \u00e8 un affidabile regolatore di temperatura digitale per terrari.\",\"breadcrumb\":{\"@id\":\"https:\\\/\\\/insektenliebe.com\\\/it\\\/shop\\\/prodotto\\\/hobby-biotherm-ii\\\/#breadcrumb\"},\"inLanguage\":\"it-IT\",\"potentialAction\":[{\"@type\":\"ReadAction\",\"target\":[\"https:\\\/\\\/insektenliebe.com\\\/it\\\/shop\\\/prodotto\\\/hobby-biotherm-ii\\\/\"]}]},{\"@type\":\"ImageObject\",\"inLanguage\":\"it-IT\",\"@id\":\"https:\\\/\\\/insektenliebe.com\\\/it\\\/shop\\\/prodotto\\\/hobby-biotherm-ii\\\/#primaryimage\",\"url\":\"https:\\\/\\\/insektenliebe.com\\\/wp-content\\\/uploads\\\/2025\\\/05\\\/Hobby-Biotherm-II-2.jpg\",\"contentUrl\":\"https:\\\/\\\/insektenliebe.com\\\/wp-content\\\/uploads\\\/2025\\\/05\\\/Hobby-Biotherm-II-2.jpg\",\"width\":820,\"height\":820,\"caption\":\"Hobby-Biotherm-II-2.jpg\"},{\"@type\":\"BreadcrumbList\",\"@id\":\"https:\\\/\\\/insektenliebe.com\\\/it\\\/shop\\\/prodotto\\\/hobby-biotherm-ii\\\/#breadcrumb\",\"itemListElement\":[{\"@type\":\"ListItem\",\"position\":1,\"name\":\"Startseite\",\"item\":\"https:\\\/\\\/insektenliebe.com\\\/it\\\/\"},{\"@type\":\"ListItem\",\"position\":2,\"name\":\"Negozio\",\"item\":\"https:\\\/\\\/insektenliebe.com\\\/it\\\/negozio\\\/\"},{\"@type\":\"ListItem\",\"position\":3,\"name\":\"Hobby Biotherm II\"}]},{\"@type\":\"WebSite\",\"@id\":\"https:\\\/\\\/insektenliebe.com\\\/it\\\/#website\",\"url\":\"https:\\\/\\\/insektenliebe.com\\\/it\\\/\",\"name\":\"Insektenliebe\",\"description\":\"Dein Zuhause f\u00fcr die kleinen Lebewesen\",\"publisher\":{\"@id\":\"https:\\\/\\\/insektenliebe.com\\\/it\\\/#organization\"},\"potentialAction\":[{\"@type\":\"SearchAction\",\"target\":{\"@type\":\"EntryPoint\",\"urlTemplate\":\"https:\\\/\\\/insektenliebe.com\\\/it\\\/?s={search_term_string}\"},\"query-input\":{\"@type\":\"PropertyValueSpecification\",\"valueRequired\":true,\"valueName\":\"search_term_string\"}}],\"inLanguage\":\"it-IT\"},{\"@type\":\"Organization\",\"@id\":\"https:\\\/\\\/insektenliebe.com\\\/it\\\/#organization\",\"name\":\"Insektenliebe\",\"url\":\"https:\\\/\\\/insektenliebe.com\\\/it\\\/\",\"logo\":{\"@type\":\"ImageObject\",\"inLanguage\":\"it-IT\",\"@id\":\"https:\\\/\\\/insektenliebe.com\\\/it\\\/#\\\/schema\\\/logo\\\/image\\\/\",\"url\":\"https:\\\/\\\/insektenliebe.com\\\/wp-content\\\/uploads\\\/2025\\\/03\\\/logo-white.png\",\"contentUrl\":\"https:\\\/\\\/insektenliebe.com\\\/wp-content\\\/uploads\\\/2025\\\/03\\\/logo-white.png\",\"width\":288,\"height\":188,\"caption\":\"Insektenliebe\"},\"image\":{\"@id\":\"https:\\\/\\\/insektenliebe.com\\\/it\\\/#\\\/schema\\\/logo\\\/image\\\/\"}}]}<\/script>\n<!-- \/ Yoast SEO plugin. -->","yoast_head_json":{"title":"Hobby Biotherm II - Insektenliebe","description":"Acquista a buon mercato Hobby Biotherm II direttamente online. Hobby Biotherm II \u00e8 un affidabile regolatore di temperatura digitale per terrari.","robots":{"index":"index","follow":"follow","max-snippet":"max-snippet:-1","max-image-preview":"max-image-preview:large","max-video-preview":"max-video-preview:-1"},"canonical":"https:\/\/insektenliebe.com\/it\/shop\/prodotto\/hobby-biotherm-ii\/","og_locale":"it_IT","og_type":"article","og_title":"Hobby Biotherm II - Insektenliebe","og_description":"Acquista a buon mercato Hobby Biotherm II direttamente online. Hobby Biotherm II \u00e8 un affidabile regolatore di temperatura digitale per terrari.","og_url":"https:\/\/insektenliebe.com\/it\/shop\/prodotto\/hobby-biotherm-ii\/","og_site_name":"Insektenliebe","article_modified_time":"2026-03-03T19:42:48+00:00","og_image":[{"width":820,"height":820,"url":"https:\/\/insektenliebe.com\/wp-content\/uploads\/2025\/05\/Hobby-Biotherm-II-2.jpg","type":"image\/jpeg"}],"twitter_card":"summary_large_image","twitter_misc":{"Tempo di lettura stimato":"2 minuto"},"schema":{"@context":"https:\/\/schema.org","@graph":[{"@type":"WebPage","@id":"https:\/\/insektenliebe.com\/it\/shop\/prodotto\/hobby-biotherm-ii\/","url":"https:\/\/insektenliebe.com\/it\/shop\/prodotto\/hobby-biotherm-ii\/","name":"Hobby Biotherm II - Insektenliebe","isPartOf":{"@id":"https:\/\/insektenliebe.com\/it\/#website"},"primaryImageOfPage":{"@id":"https:\/\/insektenliebe.com\/it\/shop\/prodotto\/hobby-biotherm-ii\/#primaryimage"},"image":{"@id":"https:\/\/insektenliebe.com\/it\/shop\/prodotto\/hobby-biotherm-ii\/#primaryimage"},"thumbnailUrl":"https:\/\/insektenliebe.com\/wp-content\/uploads\/2025\/05\/Hobby-Biotherm-II-2.jpg","datePublished":"2022-07-28T04:32:00+00:00","dateModified":"2026-03-03T19:42:48+00:00","description":"Acquista a buon mercato Hobby Biotherm II direttamente online. Hobby Biotherm II \u00e8 un affidabile regolatore di temperatura digitale per terrari.","breadcrumb":{"@id":"https:\/\/insektenliebe.com\/it\/shop\/prodotto\/hobby-biotherm-ii\/#breadcrumb"},"inLanguage":"it-IT","potentialAction":[{"@type":"ReadAction","target":["https:\/\/insektenliebe.com\/it\/shop\/prodotto\/hobby-biotherm-ii\/"]}]},{"@type":"ImageObject","inLanguage":"it-IT","@id":"https:\/\/insektenliebe.com\/it\/shop\/prodotto\/hobby-biotherm-ii\/#primaryimage","url":"https:\/\/insektenliebe.com\/wp-content\/uploads\/2025\/05\/Hobby-Biotherm-II-2.jpg","contentUrl":"https:\/\/insektenliebe.com\/wp-content\/uploads\/2025\/05\/Hobby-Biotherm-II-2.jpg","width":820,"height":820,"caption":"Hobby-Biotherm-II-2.jpg"},{"@type":"BreadcrumbList","@id":"https:\/\/insektenliebe.com\/it\/shop\/prodotto\/hobby-biotherm-ii\/#breadcrumb","itemListElement":[{"@type":"ListItem","position":1,"name":"Startseite","item":"https:\/\/insektenliebe.com\/it\/"},{"@type":"ListItem","position":2,"name":"Negozio","item":"https:\/\/insektenliebe.com\/it\/negozio\/"},{"@type":"ListItem","position":3,"name":"Hobby Biotherm II"}]},{"@type":"WebSite","@id":"https:\/\/insektenliebe.com\/it\/#website","url":"https:\/\/insektenliebe.com\/it\/","name":"Insektenliebe","description":"Dein Zuhause f\u00fcr die kleinen Lebewesen","publisher":{"@id":"https:\/\/insektenliebe.com\/it\/#organization"},"potentialAction":[{"@type":"SearchAction","target":{"@type":"EntryPoint","urlTemplate":"https:\/\/insektenliebe.com\/it\/?s={search_term_string}"},"query-input":{"@type":"PropertyValueSpecification","valueRequired":true,"valueName":"search_term_string"}}],"inLanguage":"it-IT"},{"@type":"Organization","@id":"https:\/\/insektenliebe.com\/it\/#organization","name":"Insektenliebe","url":"https:\/\/insektenliebe.com\/it\/","logo":{"@type":"ImageObject","inLanguage":"it-IT","@id":"https:\/\/insektenliebe.com\/it\/#\/schema\/logo\/image\/","url":"https:\/\/insektenliebe.com\/wp-content\/uploads\/2025\/03\/logo-white.png","contentUrl":"https:\/\/insektenliebe.com\/wp-content\/uploads\/2025\/03\/logo-white.png","width":288,"height":188,"caption":"Insektenliebe"},"image":{"@id":"https:\/\/insektenliebe.com\/it\/#\/schema\/logo\/image\/"}}]}},"_links":{"self":[{"href":"https:\/\/insektenliebe.com\/it\/wp-json\/wp\/v2\/product\/190484","targetHints":{"allow":["GET"]}}],"collection":[{"href":"https:\/\/insektenliebe.com\/it\/wp-json\/wp\/v2\/product"}],"about":[{"href":"https:\/\/insektenliebe.com\/it\/wp-json\/wp\/v2\/types\/product"}],"wp:featuredmedia":[{"embeddable":true,"href":"https:\/\/insektenliebe.com\/it\/wp-json\/wp\/v2\/media\/190485"}],"wp:attachment":[{"href":"https:\/\/insektenliebe.com\/it\/wp-json\/wp\/v2\/media?parent=190484"}],"wp:term":[{"taxonomy":"product-supplier","embeddable":true,"href":"https:\/\/insektenliebe.com\/it\/wp-json\/wp\/v2\/product-supplier?post=190484"},{"taxonomy":"product_brand","embeddable":true,"href":"https:\/\/insektenliebe.com\/it\/wp-json\/wp\/v2\/product_brand?post=190484"},{"taxonomy":"product_cat","embeddable":true,"href":"https:\/\/insektenliebe.com\/it\/wp-json\/wp\/v2\/product_cat?post=190484"},{"taxonomy":"product_tag","embeddable":true,"href":"https:\/\/insektenliebe.com\/it\/wp-json\/wp\/v2\/product_tag?post=190484"},{"taxonomy":"lce-checkout-addons","embeddable":true,"href":"https:\/\/insektenliebe.com\/it\/wp-json\/wp\/v2\/lce-checkout-addons?post=190484"}],"curies":[{"name":"wp","href":"https:\/\/api.w.org\/{rel}","templated":true}]}}