{"id":190478,"date":"2022-10-13T07:55:26","date_gmt":"2022-10-13T05:55:26","guid":{"rendered":"https:\/\/insektenliebe.com\/shop\/produkt\/merulanella-spec-black-hole\/"},"modified":"2022-10-13T07:55:26","modified_gmt":"2022-10-13T05:55:26","slug":"merulanella-spec-black-hole","status":"publish","type":"product","link":"https:\/\/insektenliebe.com\/it\/shop\/prodotto\/merulanella-spec-black-hole\/","title":{"rendered":"Merulanella spec. \"Black Hole\""},"content":{"rendered":"<h3><span style=\"color: #99cc33\"><strong>Descrizione breve per Merulanella spec. \"Black Hole\" <\/strong><\/span><span style=\"color: #99cc33\"><strong>!<\/strong><\/span><\/h3>\n<div>\n<p>La <strong><span class=\"hiddenSpellError\">Merulanella<\/span> <span class=\"hiddenSpellError\">spec<\/span>. <span class=\"hiddenGrammarError\">\"<\/span>Black Hole<span class=\"hiddenGrammarError\">\"<\/span><\/strong> \u00e8 simile per dimensioni e forma del corpo alla <span class=\"hiddenSpellError\">Merulanella<\/span> <span class=\"hiddenSpellError\">spec.<\/span> <span class=\"hiddenGrammarError\">\"<\/span><span class=\"hiddenSpellError\">Ember<\/span> <span class=\"hiddenSpellError\">Bee<\/span><span class=\"hiddenGrammarError\">\"<\/span> e <span class=\"hiddenGrammarError\">\"Lava\"<\/span>. Il colore nero \u00e8 scuro, opaco e profondo, diverso da quello di qualsiasi altra <span class=\"hiddenSpellError\">specie di isopode<\/span> fino ad oggi.<br \/>\nAumentiamo l&#8217;<span class=\"hiddenSpellError\">altezza del substrato<\/span> dell&#8217;humus forestale a 10-15 cm per tutte le specie di <span class=\"hiddenSpellError\">Merulanella<\/span>. A causa dell&#8217;umidit\u00e0 relativamente alta, pari all&#8217;80%, \u00e8 opportuno utilizzare un substrato che possa assorbire l&#8217;acqua in eccesso. Anche uno strato drenante di argilla espansa \u00e8 un&#8217;opzione per evitare i ristagni d&#8217;acqua. <\/p>\n<p>Uno strato abbondante di foglie viene spesso utilizzato dagli animali come nascondiglio e per nutrirsi. Una pietra calcarea perforata serve come nascondiglio e per assumere ulteriore calcare. Tuttavia, le seppie dovrebbero comunque essere offerte. <strong>Merulanella spec. <span class=\"hiddenGrammarError\">\"<\/span>Black Hole<span class=\"hiddenGrammarError\">\"<\/span><\/strong> e altre specie di <span class=\"hiddenSpellError\">Merulanella<\/span> soddisfano costantemente il loro fabbisogno di calcio. Forse \u00e8 dovuto alle loro dimensioni e hanno semplicemente bisogno di pi\u00f9 calcio, ma in ogni caso il fabbisogno \u00e8 notevolmente elevato rispetto ad altre specie.   <\/p>\n<p>Le <strong>Merulanella spec. <span class=\"hiddenGrammarError\">\"<\/span>Black Hole<span class=\"hiddenGrammarError\">\"<\/span><\/strong> sono buone arrampicatrici e anche piccoli residui di calcare sulle pareti sono sufficienti per farle arrampicare. Pertanto, assicurati che il coperchio si chiuda bene. Anche l&#8217;alloggiamento deve essere ben chiuso in modo che la prole non possa semplicemente uscire dal terrario. Il <span class=\"hiddenSpellError\">nastro isolante per finestre<\/span> \u00e8 molto adatto per sigillare le aree problematiche.  <\/p>\n<\/div>\n","protected":false},"excerpt":{"rendered":"<p>Lo voglio nero, nero come la notte!<\/p>\n","protected":false},"featured_media":190479,"template":"","meta":{"_acf_changed":false},"product-supplier":[],"product_brand":[],"product_cat":[2850,2788],"product_tag":[],"lce-checkout-addons":[2746],"class_list":{"0":"post-190478","1":"product","2":"type-product","3":"status-publish","4":"has-post-thumbnail","6":"product_cat-altri-isopodi-merulanella-ecc","7":"product_cat-woodlice","8":"product_shipping_class-spedizione-di-animali","9":"pa_herkunft-vietnam","10":"pa_kontinent-asia","11":"lce-checkout-addons-imballaggio-invernale","13":"first","14":"outofstock","15":"sale","16":"taxable","17":"shipping-taxable","18":"purchasable","19":"product-type-variable"},"acf":[],"yoast_head":"<!-- This site is optimized with the Yoast SEO plugin v27.3 - https:\/\/yoast.com\/product\/yoast-seo-wordpress\/ -->\n<title>Merulanella spec. &quot;Black Hole&quot; - Insektenliebe<\/title>\n<meta name=\"description\" content=\"Acquista online Merulanella spec. &quot;Black Hole&quot;. Una nuova specie di isopode nero proveniente dal Vietnam che colpisce per le sue dimensioni.\" \/>\n<meta name=\"robots\" content=\"index, follow, max-snippet:-1, max-image-preview:large, max-video-preview:-1\" \/>\n<link rel=\"canonical\" href=\"https:\/\/insektenliebe.com\/it\/shop\/prodotto\/merulanella-spec-black-hole\/\" \/>\n<meta property=\"og:locale\" content=\"it_IT\" \/>\n<meta property=\"og:type\" content=\"article\" \/>\n<meta property=\"og:title\" content=\"Merulanella spec. &quot;Black Hole&quot; - Insektenliebe\" \/>\n<meta property=\"og:description\" content=\"Acquista online Merulanella spec. &quot;Black Hole&quot;. Una nuova specie di isopode nero proveniente dal Vietnam che colpisce per le sue dimensioni.\" \/>\n<meta property=\"og:url\" content=\"https:\/\/insektenliebe.com\/it\/shop\/prodotto\/merulanella-spec-black-hole\/\" \/>\n<meta property=\"og:site_name\" content=\"Insektenliebe\" \/>\n<meta property=\"og:image\" content=\"https:\/\/insektenliebe.com\/wp-content\/uploads\/2025\/05\/Merulanella-spec.-22Black-Hole22-1-2.jpg\" \/>\n\t<meta property=\"og:image:width\" content=\"820\" \/>\n\t<meta property=\"og:image:height\" content=\"820\" \/>\n\t<meta property=\"og:image:type\" content=\"image\/jpeg\" \/>\n<meta name=\"twitter:card\" content=\"summary_large_image\" \/>\n<meta name=\"twitter:label1\" content=\"Tempo di lettura stimato\" \/>\n\t<meta name=\"twitter:data1\" content=\"1 minuto\" \/>\n<script type=\"application\/ld+json\" class=\"yoast-schema-graph\">{\"@context\":\"https:\\\/\\\/schema.org\",\"@graph\":[{\"@type\":\"WebPage\",\"@id\":\"https:\\\/\\\/insektenliebe.com\\\/it\\\/shop\\\/prodotto\\\/merulanella-spec-black-hole\\\/\",\"url\":\"https:\\\/\\\/insektenliebe.com\\\/it\\\/shop\\\/prodotto\\\/merulanella-spec-black-hole\\\/\",\"name\":\"Merulanella spec. \\\"Black Hole\\\" - Insektenliebe\",\"isPartOf\":{\"@id\":\"https:\\\/\\\/insektenliebe.com\\\/it\\\/#website\"},\"primaryImageOfPage\":{\"@id\":\"https:\\\/\\\/insektenliebe.com\\\/it\\\/shop\\\/prodotto\\\/merulanella-spec-black-hole\\\/#primaryimage\"},\"image\":{\"@id\":\"https:\\\/\\\/insektenliebe.com\\\/it\\\/shop\\\/prodotto\\\/merulanella-spec-black-hole\\\/#primaryimage\"},\"thumbnailUrl\":\"https:\\\/\\\/insektenliebe.com\\\/wp-content\\\/uploads\\\/2025\\\/05\\\/Merulanella-spec.-22Black-Hole22-1-2.jpg\",\"datePublished\":\"2022-10-13T05:55:26+00:00\",\"description\":\"Acquista online Merulanella spec. \\\"Black Hole\\\". Una nuova specie di isopode nero proveniente dal Vietnam che colpisce per le sue dimensioni.\",\"breadcrumb\":{\"@id\":\"https:\\\/\\\/insektenliebe.com\\\/it\\\/shop\\\/prodotto\\\/merulanella-spec-black-hole\\\/#breadcrumb\"},\"inLanguage\":\"it-IT\",\"potentialAction\":[{\"@type\":\"ReadAction\",\"target\":[\"https:\\\/\\\/insektenliebe.com\\\/it\\\/shop\\\/prodotto\\\/merulanella-spec-black-hole\\\/\"]}]},{\"@type\":\"ImageObject\",\"inLanguage\":\"it-IT\",\"@id\":\"https:\\\/\\\/insektenliebe.com\\\/it\\\/shop\\\/prodotto\\\/merulanella-spec-black-hole\\\/#primaryimage\",\"url\":\"https:\\\/\\\/insektenliebe.com\\\/wp-content\\\/uploads\\\/2025\\\/05\\\/Merulanella-spec.-22Black-Hole22-1-2.jpg\",\"contentUrl\":\"https:\\\/\\\/insektenliebe.com\\\/wp-content\\\/uploads\\\/2025\\\/05\\\/Merulanella-spec.-22Black-Hole22-1-2.jpg\",\"width\":820,\"height\":820,\"caption\":\"Merulanella-spec.-22-Nero-Foro22-1-2.jpg\"},{\"@type\":\"BreadcrumbList\",\"@id\":\"https:\\\/\\\/insektenliebe.com\\\/it\\\/shop\\\/prodotto\\\/merulanella-spec-black-hole\\\/#breadcrumb\",\"itemListElement\":[{\"@type\":\"ListItem\",\"position\":1,\"name\":\"Startseite\",\"item\":\"https:\\\/\\\/insektenliebe.com\\\/it\\\/\"},{\"@type\":\"ListItem\",\"position\":2,\"name\":\"Negozio\",\"item\":\"https:\\\/\\\/insektenliebe.com\\\/it\\\/negozio\\\/\"},{\"@type\":\"ListItem\",\"position\":3,\"name\":\"Merulanella spec. &#8220;Black Hole&#8221;\"}]},{\"@type\":\"WebSite\",\"@id\":\"https:\\\/\\\/insektenliebe.com\\\/it\\\/#website\",\"url\":\"https:\\\/\\\/insektenliebe.com\\\/it\\\/\",\"name\":\"Insektenliebe\",\"description\":\"Dein Zuhause f\u00fcr die kleinen Lebewesen\",\"publisher\":{\"@id\":\"https:\\\/\\\/insektenliebe.com\\\/it\\\/#organization\"},\"potentialAction\":[{\"@type\":\"SearchAction\",\"target\":{\"@type\":\"EntryPoint\",\"urlTemplate\":\"https:\\\/\\\/insektenliebe.com\\\/it\\\/?s={search_term_string}\"},\"query-input\":{\"@type\":\"PropertyValueSpecification\",\"valueRequired\":true,\"valueName\":\"search_term_string\"}}],\"inLanguage\":\"it-IT\"},{\"@type\":\"Organization\",\"@id\":\"https:\\\/\\\/insektenliebe.com\\\/it\\\/#organization\",\"name\":\"Insektenliebe\",\"url\":\"https:\\\/\\\/insektenliebe.com\\\/it\\\/\",\"logo\":{\"@type\":\"ImageObject\",\"inLanguage\":\"it-IT\",\"@id\":\"https:\\\/\\\/insektenliebe.com\\\/it\\\/#\\\/schema\\\/logo\\\/image\\\/\",\"url\":\"https:\\\/\\\/insektenliebe.com\\\/wp-content\\\/uploads\\\/2025\\\/03\\\/logo-white.png\",\"contentUrl\":\"https:\\\/\\\/insektenliebe.com\\\/wp-content\\\/uploads\\\/2025\\\/03\\\/logo-white.png\",\"width\":288,\"height\":188,\"caption\":\"Insektenliebe\"},\"image\":{\"@id\":\"https:\\\/\\\/insektenliebe.com\\\/it\\\/#\\\/schema\\\/logo\\\/image\\\/\"}}]}<\/script>\n<!-- \/ Yoast SEO plugin. -->","yoast_head_json":{"title":"Merulanella spec. \"Black Hole\" - Insektenliebe","description":"Acquista online Merulanella spec. \"Black Hole\". Una nuova specie di isopode nero proveniente dal Vietnam che colpisce per le sue dimensioni.","robots":{"index":"index","follow":"follow","max-snippet":"max-snippet:-1","max-image-preview":"max-image-preview:large","max-video-preview":"max-video-preview:-1"},"canonical":"https:\/\/insektenliebe.com\/it\/shop\/prodotto\/merulanella-spec-black-hole\/","og_locale":"it_IT","og_type":"article","og_title":"Merulanella spec. \"Black Hole\" - Insektenliebe","og_description":"Acquista online Merulanella spec. \"Black Hole\". Una nuova specie di isopode nero proveniente dal Vietnam che colpisce per le sue dimensioni.","og_url":"https:\/\/insektenliebe.com\/it\/shop\/prodotto\/merulanella-spec-black-hole\/","og_site_name":"Insektenliebe","og_image":[{"width":820,"height":820,"url":"https:\/\/insektenliebe.com\/wp-content\/uploads\/2025\/05\/Merulanella-spec.-22Black-Hole22-1-2.jpg","type":"image\/jpeg"}],"twitter_card":"summary_large_image","twitter_misc":{"Tempo di lettura stimato":"1 minuto"},"schema":{"@context":"https:\/\/schema.org","@graph":[{"@type":"WebPage","@id":"https:\/\/insektenliebe.com\/it\/shop\/prodotto\/merulanella-spec-black-hole\/","url":"https:\/\/insektenliebe.com\/it\/shop\/prodotto\/merulanella-spec-black-hole\/","name":"Merulanella spec. \"Black Hole\" - Insektenliebe","isPartOf":{"@id":"https:\/\/insektenliebe.com\/it\/#website"},"primaryImageOfPage":{"@id":"https:\/\/insektenliebe.com\/it\/shop\/prodotto\/merulanella-spec-black-hole\/#primaryimage"},"image":{"@id":"https:\/\/insektenliebe.com\/it\/shop\/prodotto\/merulanella-spec-black-hole\/#primaryimage"},"thumbnailUrl":"https:\/\/insektenliebe.com\/wp-content\/uploads\/2025\/05\/Merulanella-spec.-22Black-Hole22-1-2.jpg","datePublished":"2022-10-13T05:55:26+00:00","description":"Acquista online Merulanella spec. \"Black Hole\". Una nuova specie di isopode nero proveniente dal Vietnam che colpisce per le sue dimensioni.","breadcrumb":{"@id":"https:\/\/insektenliebe.com\/it\/shop\/prodotto\/merulanella-spec-black-hole\/#breadcrumb"},"inLanguage":"it-IT","potentialAction":[{"@type":"ReadAction","target":["https:\/\/insektenliebe.com\/it\/shop\/prodotto\/merulanella-spec-black-hole\/"]}]},{"@type":"ImageObject","inLanguage":"it-IT","@id":"https:\/\/insektenliebe.com\/it\/shop\/prodotto\/merulanella-spec-black-hole\/#primaryimage","url":"https:\/\/insektenliebe.com\/wp-content\/uploads\/2025\/05\/Merulanella-spec.-22Black-Hole22-1-2.jpg","contentUrl":"https:\/\/insektenliebe.com\/wp-content\/uploads\/2025\/05\/Merulanella-spec.-22Black-Hole22-1-2.jpg","width":820,"height":820,"caption":"Merulanella-spec.-22-Nero-Foro22-1-2.jpg"},{"@type":"BreadcrumbList","@id":"https:\/\/insektenliebe.com\/it\/shop\/prodotto\/merulanella-spec-black-hole\/#breadcrumb","itemListElement":[{"@type":"ListItem","position":1,"name":"Startseite","item":"https:\/\/insektenliebe.com\/it\/"},{"@type":"ListItem","position":2,"name":"Negozio","item":"https:\/\/insektenliebe.com\/it\/negozio\/"},{"@type":"ListItem","position":3,"name":"Merulanella spec. &#8220;Black Hole&#8221;"}]},{"@type":"WebSite","@id":"https:\/\/insektenliebe.com\/it\/#website","url":"https:\/\/insektenliebe.com\/it\/","name":"Insektenliebe","description":"Dein Zuhause f\u00fcr die kleinen Lebewesen","publisher":{"@id":"https:\/\/insektenliebe.com\/it\/#organization"},"potentialAction":[{"@type":"SearchAction","target":{"@type":"EntryPoint","urlTemplate":"https:\/\/insektenliebe.com\/it\/?s={search_term_string}"},"query-input":{"@type":"PropertyValueSpecification","valueRequired":true,"valueName":"search_term_string"}}],"inLanguage":"it-IT"},{"@type":"Organization","@id":"https:\/\/insektenliebe.com\/it\/#organization","name":"Insektenliebe","url":"https:\/\/insektenliebe.com\/it\/","logo":{"@type":"ImageObject","inLanguage":"it-IT","@id":"https:\/\/insektenliebe.com\/it\/#\/schema\/logo\/image\/","url":"https:\/\/insektenliebe.com\/wp-content\/uploads\/2025\/03\/logo-white.png","contentUrl":"https:\/\/insektenliebe.com\/wp-content\/uploads\/2025\/03\/logo-white.png","width":288,"height":188,"caption":"Insektenliebe"},"image":{"@id":"https:\/\/insektenliebe.com\/it\/#\/schema\/logo\/image\/"}}]}},"_links":{"self":[{"href":"https:\/\/insektenliebe.com\/it\/wp-json\/wp\/v2\/product\/190478","targetHints":{"allow":["GET"]}}],"collection":[{"href":"https:\/\/insektenliebe.com\/it\/wp-json\/wp\/v2\/product"}],"about":[{"href":"https:\/\/insektenliebe.com\/it\/wp-json\/wp\/v2\/types\/product"}],"wp:featuredmedia":[{"embeddable":true,"href":"https:\/\/insektenliebe.com\/it\/wp-json\/wp\/v2\/media\/190479"}],"wp:attachment":[{"href":"https:\/\/insektenliebe.com\/it\/wp-json\/wp\/v2\/media?parent=190478"}],"wp:term":[{"taxonomy":"product-supplier","embeddable":true,"href":"https:\/\/insektenliebe.com\/it\/wp-json\/wp\/v2\/product-supplier?post=190478"},{"taxonomy":"product_brand","embeddable":true,"href":"https:\/\/insektenliebe.com\/it\/wp-json\/wp\/v2\/product_brand?post=190478"},{"taxonomy":"product_cat","embeddable":true,"href":"https:\/\/insektenliebe.com\/it\/wp-json\/wp\/v2\/product_cat?post=190478"},{"taxonomy":"product_tag","embeddable":true,"href":"https:\/\/insektenliebe.com\/it\/wp-json\/wp\/v2\/product_tag?post=190478"},{"taxonomy":"lce-checkout-addons","embeddable":true,"href":"https:\/\/insektenliebe.com\/it\/wp-json\/wp\/v2\/lce-checkout-addons?post=190478"}],"curies":[{"name":"wp","href":"https:\/\/api.w.org\/{rel}","templated":true}]}}