{"id":190470,"date":"2022-10-19T14:27:36","date_gmt":"2022-10-19T12:27:36","guid":{"rendered":"https:\/\/insektenliebe.com\/shop\/produkt\/xenesthis-intermedia\/"},"modified":"2026-04-18T07:30:46","modified_gmt":"2026-04-18T05:30:46","slug":"xenesthis-intermedia","status":"publish","type":"product","link":"https:\/\/insektenliebe.com\/it\/shop\/prodotto\/xenesthis-intermedia\/","title":{"rendered":"Xenesthis intermedia"},"content":{"rendered":"<h3 class=\"p1\"><span style=\"color: #99cc33\"><strong><span class=\"s1\">Xenesthis intermedia - Tarantola gigante colorata con riflessi viola<\/span><\/strong><\/span><\/h3>\n<div><strong>La Xenesthis intermedia<\/strong> \u00e8 probabilmente una delle tarantole dai colori pi\u00f9 appariscenti dell&#8217;hobby. Questa specie scava tane e le usa come riparo, quindi come substrato si dovrebbe scegliere una miscela di humus forestale e sabbia con un rapporto di 3:1 e un&#8217;altezza di riempimento di 15-20 cm. Questo aiuta anche a mantenere un&#8217;umidit\u00e0 del 75-85% senza ristagni d&#8217;acqua. Essendo un abitante delle tane, pu\u00f2 comunque essere visto con una certa frequenza e quindi \u00e8 presente anche nel terrario. I ragni in offerta possono essere allevati in una scatola BraPlast o in un terrario di allevamento e successivamente inseriti in un terrario.    <\/div>\n<div><\/div>\n<div>Le dimensioni del terrario sono 40 \u00d7 30 \u00d7 30 cm. L&#8217;arredamento pu\u00f2 essere scelto in base ai gusti con legno e\/o pietre. Una ciotola per l&#8217;acqua \u00e8 essenziale per lo <strong>Xenesthis intermedia<\/strong>. Gli animali da mangiare sono accettati con avidit\u00e0 e tutto ci\u00f2 che pu\u00f2 essere sopraffatto verr\u00e0 mangiato. Questa specie piuttosto grande cresce rapidamente ed \u00e8 adulta a circa 3 anni di et\u00e0. Come molte altre specie di tarantole del Nuovo Mondo, anche la <strong>Xenesthis intermedia<\/strong> \u00e8 dotata di peli urticanti, che vengono rilasciati per difendersi. I peli urticanti causano un leggero prurito sulla pelle e non destano ulteriori preoccupazioni.      <\/div>\n<div><\/div>\n<div><strong>La Xenesthis intermedia<\/strong> \u00e8 una tarantola di straordinaria bellezza, adatta anche ai principianti nell&#8217;allevamento dei ragni. Non hanno problemi a nutrirsi con tutti i tipi di cibo e perdonano gli errori di allevamento a breve termine. <\/div>\n","protected":false},"excerpt":{"rendered":"<p>Xenesthis intermedia - Tarantola gigante colorata con riflessi viola La Xenesthis intermedia \u00e8 probabilmente una delle tarantole dai colori pi\u00f9 appariscenti dell&#8217;hobby. Questa specie scava tane e le usa come riparo, quindi come substrato si dovrebbe scegliere una miscela di humus forestale e sabbia con un rapporto di 3:1 e un&#8217;altezza di riempimento di 15-20 [&hellip;]<\/p>\n","protected":false},"featured_media":190471,"template":"","meta":{"_acf_changed":false},"product-supplier":[],"product_brand":[],"product_cat":[2809,3004],"product_tag":[],"lce-checkout-addons":[2746],"class_list":{"0":"post-190470","1":"product","2":"type-product","3":"status-publish","4":"has-post-thumbnail","6":"product_cat-ragni","7":"product_cat-tarantole","8":"product_shipping_class-spedizione-di-animali","9":"pa_geschlecht-donna","10":"pa_geschlecht-indeterminato","11":"pa_geschlecht-uomo","12":"pa_herkunft-venezuela","13":"pa_kontinent-sud-america","14":"lce-checkout-addons-imballaggio-invernale","16":"first","17":"instock","18":"sale","19":"taxable","20":"shipping-taxable","21":"purchasable","22":"product-type-variable"},"acf":[],"yoast_head":"<!-- This site is optimized with the Yoast SEO plugin v27.3 - https:\/\/yoast.com\/product\/yoast-seo-wordpress\/ -->\n<title>Xenesthis intermedia - Insektenliebe<\/title>\n<meta name=\"description\" content=\"Acquista Xenesthis intermedia a basso costo direttamente online! Xenesthis intermedia, una delle tarantole con i colori pi\u00f9 sorprendenti dell&#039;hobby!\" \/>\n<meta name=\"robots\" content=\"index, follow, max-snippet:-1, max-image-preview:large, max-video-preview:-1\" \/>\n<link rel=\"canonical\" href=\"https:\/\/insektenliebe.com\/it\/shop\/prodotto\/xenesthis-intermedia\/\" \/>\n<meta property=\"og:locale\" content=\"it_IT\" \/>\n<meta property=\"og:type\" content=\"article\" \/>\n<meta property=\"og:title\" content=\"Xenesthis intermedia - Insektenliebe\" \/>\n<meta property=\"og:description\" content=\"Acquista Xenesthis intermedia a basso costo direttamente online! Xenesthis intermedia, una delle tarantole con i colori pi\u00f9 sorprendenti dell&#039;hobby!\" \/>\n<meta property=\"og:url\" content=\"https:\/\/insektenliebe.com\/it\/shop\/prodotto\/xenesthis-intermedia\/\" \/>\n<meta property=\"og:site_name\" content=\"Insektenliebe\" \/>\n<meta property=\"article:modified_time\" content=\"2026-04-18T05:30:46+00:00\" \/>\n<meta property=\"og:image\" content=\"https:\/\/insektenliebe.com\/wp-content\/uploads\/2022\/10\/Xenesthis-intermedia-2.jpg\" \/>\n\t<meta property=\"og:image:width\" content=\"820\" \/>\n\t<meta property=\"og:image:height\" content=\"820\" \/>\n\t<meta property=\"og:image:type\" content=\"image\/jpeg\" \/>\n<meta name=\"twitter:card\" content=\"summary_large_image\" \/>\n<meta name=\"twitter:label1\" content=\"Tempo di lettura stimato\" \/>\n\t<meta name=\"twitter:data1\" content=\"1 minuto\" \/>\n<script type=\"application\/ld+json\" class=\"yoast-schema-graph\">{\"@context\":\"https:\\\/\\\/schema.org\",\"@graph\":[{\"@type\":\"WebPage\",\"@id\":\"https:\\\/\\\/insektenliebe.com\\\/it\\\/shop\\\/prodotto\\\/xenesthis-intermedia\\\/\",\"url\":\"https:\\\/\\\/insektenliebe.com\\\/it\\\/shop\\\/prodotto\\\/xenesthis-intermedia\\\/\",\"name\":\"Xenesthis intermedia - Insektenliebe\",\"isPartOf\":{\"@id\":\"https:\\\/\\\/insektenliebe.com\\\/it\\\/#website\"},\"primaryImageOfPage\":{\"@id\":\"https:\\\/\\\/insektenliebe.com\\\/it\\\/shop\\\/prodotto\\\/xenesthis-intermedia\\\/#primaryimage\"},\"image\":{\"@id\":\"https:\\\/\\\/insektenliebe.com\\\/it\\\/shop\\\/prodotto\\\/xenesthis-intermedia\\\/#primaryimage\"},\"thumbnailUrl\":\"https:\\\/\\\/insektenliebe.com\\\/wp-content\\\/uploads\\\/2022\\\/10\\\/Xenesthis-intermedia-2.jpg\",\"datePublished\":\"2022-10-19T12:27:36+00:00\",\"dateModified\":\"2026-04-18T05:30:46+00:00\",\"description\":\"Acquista Xenesthis intermedia a basso costo direttamente online! Xenesthis intermedia, una delle tarantole con i colori pi\u00f9 sorprendenti dell'hobby!\",\"breadcrumb\":{\"@id\":\"https:\\\/\\\/insektenliebe.com\\\/it\\\/shop\\\/prodotto\\\/xenesthis-intermedia\\\/#breadcrumb\"},\"inLanguage\":\"it-IT\",\"potentialAction\":[{\"@type\":\"ReadAction\",\"target\":[\"https:\\\/\\\/insektenliebe.com\\\/it\\\/shop\\\/prodotto\\\/xenesthis-intermedia\\\/\"]}]},{\"@type\":\"ImageObject\",\"inLanguage\":\"it-IT\",\"@id\":\"https:\\\/\\\/insektenliebe.com\\\/it\\\/shop\\\/prodotto\\\/xenesthis-intermedia\\\/#primaryimage\",\"url\":\"https:\\\/\\\/insektenliebe.com\\\/wp-content\\\/uploads\\\/2022\\\/10\\\/Xenesthis-intermedia-2.jpg\",\"contentUrl\":\"https:\\\/\\\/insektenliebe.com\\\/wp-content\\\/uploads\\\/2022\\\/10\\\/Xenesthis-intermedia-2.jpg\",\"width\":820,\"height\":820,\"caption\":\"Xenesthis intermedia\"},{\"@type\":\"BreadcrumbList\",\"@id\":\"https:\\\/\\\/insektenliebe.com\\\/it\\\/shop\\\/prodotto\\\/xenesthis-intermedia\\\/#breadcrumb\",\"itemListElement\":[{\"@type\":\"ListItem\",\"position\":1,\"name\":\"Startseite\",\"item\":\"https:\\\/\\\/insektenliebe.com\\\/it\\\/\"},{\"@type\":\"ListItem\",\"position\":2,\"name\":\"Negozio\",\"item\":\"https:\\\/\\\/insektenliebe.com\\\/it\\\/negozio\\\/\"},{\"@type\":\"ListItem\",\"position\":3,\"name\":\"Xenesthis intermedia\"}]},{\"@type\":\"WebSite\",\"@id\":\"https:\\\/\\\/insektenliebe.com\\\/it\\\/#website\",\"url\":\"https:\\\/\\\/insektenliebe.com\\\/it\\\/\",\"name\":\"Insektenliebe\",\"description\":\"Dein Zuhause f\u00fcr die kleinen Lebewesen\",\"publisher\":{\"@id\":\"https:\\\/\\\/insektenliebe.com\\\/it\\\/#organization\"},\"potentialAction\":[{\"@type\":\"SearchAction\",\"target\":{\"@type\":\"EntryPoint\",\"urlTemplate\":\"https:\\\/\\\/insektenliebe.com\\\/it\\\/?s={search_term_string}\"},\"query-input\":{\"@type\":\"PropertyValueSpecification\",\"valueRequired\":true,\"valueName\":\"search_term_string\"}}],\"inLanguage\":\"it-IT\"},{\"@type\":\"Organization\",\"@id\":\"https:\\\/\\\/insektenliebe.com\\\/it\\\/#organization\",\"name\":\"Insektenliebe\",\"url\":\"https:\\\/\\\/insektenliebe.com\\\/it\\\/\",\"logo\":{\"@type\":\"ImageObject\",\"inLanguage\":\"it-IT\",\"@id\":\"https:\\\/\\\/insektenliebe.com\\\/it\\\/#\\\/schema\\\/logo\\\/image\\\/\",\"url\":\"https:\\\/\\\/insektenliebe.com\\\/wp-content\\\/uploads\\\/2025\\\/03\\\/logo-white.png\",\"contentUrl\":\"https:\\\/\\\/insektenliebe.com\\\/wp-content\\\/uploads\\\/2025\\\/03\\\/logo-white.png\",\"width\":288,\"height\":188,\"caption\":\"Insektenliebe\"},\"image\":{\"@id\":\"https:\\\/\\\/insektenliebe.com\\\/it\\\/#\\\/schema\\\/logo\\\/image\\\/\"}}]}<\/script>\n<!-- \/ Yoast SEO plugin. -->","yoast_head_json":{"title":"Xenesthis intermedia - Insektenliebe","description":"Acquista Xenesthis intermedia a basso costo direttamente online! Xenesthis intermedia, una delle tarantole con i colori pi\u00f9 sorprendenti dell'hobby!","robots":{"index":"index","follow":"follow","max-snippet":"max-snippet:-1","max-image-preview":"max-image-preview:large","max-video-preview":"max-video-preview:-1"},"canonical":"https:\/\/insektenliebe.com\/it\/shop\/prodotto\/xenesthis-intermedia\/","og_locale":"it_IT","og_type":"article","og_title":"Xenesthis intermedia - Insektenliebe","og_description":"Acquista Xenesthis intermedia a basso costo direttamente online! Xenesthis intermedia, una delle tarantole con i colori pi\u00f9 sorprendenti dell'hobby!","og_url":"https:\/\/insektenliebe.com\/it\/shop\/prodotto\/xenesthis-intermedia\/","og_site_name":"Insektenliebe","article_modified_time":"2026-04-18T05:30:46+00:00","og_image":[{"width":820,"height":820,"url":"https:\/\/insektenliebe.com\/wp-content\/uploads\/2022\/10\/Xenesthis-intermedia-2.jpg","type":"image\/jpeg"}],"twitter_card":"summary_large_image","twitter_misc":{"Tempo di lettura stimato":"1 minuto"},"schema":{"@context":"https:\/\/schema.org","@graph":[{"@type":"WebPage","@id":"https:\/\/insektenliebe.com\/it\/shop\/prodotto\/xenesthis-intermedia\/","url":"https:\/\/insektenliebe.com\/it\/shop\/prodotto\/xenesthis-intermedia\/","name":"Xenesthis intermedia - Insektenliebe","isPartOf":{"@id":"https:\/\/insektenliebe.com\/it\/#website"},"primaryImageOfPage":{"@id":"https:\/\/insektenliebe.com\/it\/shop\/prodotto\/xenesthis-intermedia\/#primaryimage"},"image":{"@id":"https:\/\/insektenliebe.com\/it\/shop\/prodotto\/xenesthis-intermedia\/#primaryimage"},"thumbnailUrl":"https:\/\/insektenliebe.com\/wp-content\/uploads\/2022\/10\/Xenesthis-intermedia-2.jpg","datePublished":"2022-10-19T12:27:36+00:00","dateModified":"2026-04-18T05:30:46+00:00","description":"Acquista Xenesthis intermedia a basso costo direttamente online! Xenesthis intermedia, una delle tarantole con i colori pi\u00f9 sorprendenti dell'hobby!","breadcrumb":{"@id":"https:\/\/insektenliebe.com\/it\/shop\/prodotto\/xenesthis-intermedia\/#breadcrumb"},"inLanguage":"it-IT","potentialAction":[{"@type":"ReadAction","target":["https:\/\/insektenliebe.com\/it\/shop\/prodotto\/xenesthis-intermedia\/"]}]},{"@type":"ImageObject","inLanguage":"it-IT","@id":"https:\/\/insektenliebe.com\/it\/shop\/prodotto\/xenesthis-intermedia\/#primaryimage","url":"https:\/\/insektenliebe.com\/wp-content\/uploads\/2022\/10\/Xenesthis-intermedia-2.jpg","contentUrl":"https:\/\/insektenliebe.com\/wp-content\/uploads\/2022\/10\/Xenesthis-intermedia-2.jpg","width":820,"height":820,"caption":"Xenesthis intermedia"},{"@type":"BreadcrumbList","@id":"https:\/\/insektenliebe.com\/it\/shop\/prodotto\/xenesthis-intermedia\/#breadcrumb","itemListElement":[{"@type":"ListItem","position":1,"name":"Startseite","item":"https:\/\/insektenliebe.com\/it\/"},{"@type":"ListItem","position":2,"name":"Negozio","item":"https:\/\/insektenliebe.com\/it\/negozio\/"},{"@type":"ListItem","position":3,"name":"Xenesthis intermedia"}]},{"@type":"WebSite","@id":"https:\/\/insektenliebe.com\/it\/#website","url":"https:\/\/insektenliebe.com\/it\/","name":"Insektenliebe","description":"Dein Zuhause f\u00fcr die kleinen Lebewesen","publisher":{"@id":"https:\/\/insektenliebe.com\/it\/#organization"},"potentialAction":[{"@type":"SearchAction","target":{"@type":"EntryPoint","urlTemplate":"https:\/\/insektenliebe.com\/it\/?s={search_term_string}"},"query-input":{"@type":"PropertyValueSpecification","valueRequired":true,"valueName":"search_term_string"}}],"inLanguage":"it-IT"},{"@type":"Organization","@id":"https:\/\/insektenliebe.com\/it\/#organization","name":"Insektenliebe","url":"https:\/\/insektenliebe.com\/it\/","logo":{"@type":"ImageObject","inLanguage":"it-IT","@id":"https:\/\/insektenliebe.com\/it\/#\/schema\/logo\/image\/","url":"https:\/\/insektenliebe.com\/wp-content\/uploads\/2025\/03\/logo-white.png","contentUrl":"https:\/\/insektenliebe.com\/wp-content\/uploads\/2025\/03\/logo-white.png","width":288,"height":188,"caption":"Insektenliebe"},"image":{"@id":"https:\/\/insektenliebe.com\/it\/#\/schema\/logo\/image\/"}}]}},"_links":{"self":[{"href":"https:\/\/insektenliebe.com\/it\/wp-json\/wp\/v2\/product\/190470","targetHints":{"allow":["GET"]}}],"collection":[{"href":"https:\/\/insektenliebe.com\/it\/wp-json\/wp\/v2\/product"}],"about":[{"href":"https:\/\/insektenliebe.com\/it\/wp-json\/wp\/v2\/types\/product"}],"wp:featuredmedia":[{"embeddable":true,"href":"https:\/\/insektenliebe.com\/it\/wp-json\/wp\/v2\/media\/190471"}],"wp:attachment":[{"href":"https:\/\/insektenliebe.com\/it\/wp-json\/wp\/v2\/media?parent=190470"}],"wp:term":[{"taxonomy":"product-supplier","embeddable":true,"href":"https:\/\/insektenliebe.com\/it\/wp-json\/wp\/v2\/product-supplier?post=190470"},{"taxonomy":"product_brand","embeddable":true,"href":"https:\/\/insektenliebe.com\/it\/wp-json\/wp\/v2\/product_brand?post=190470"},{"taxonomy":"product_cat","embeddable":true,"href":"https:\/\/insektenliebe.com\/it\/wp-json\/wp\/v2\/product_cat?post=190470"},{"taxonomy":"product_tag","embeddable":true,"href":"https:\/\/insektenliebe.com\/it\/wp-json\/wp\/v2\/product_tag?post=190470"},{"taxonomy":"lce-checkout-addons","embeddable":true,"href":"https:\/\/insektenliebe.com\/it\/wp-json\/wp\/v2\/lce-checkout-addons?post=190470"}],"curies":[{"name":"wp","href":"https:\/\/api.w.org\/{rel}","templated":true}]}}