{"id":190465,"date":"2022-11-19T12:11:11","date_gmt":"2022-11-19T10:11:11","guid":{"rendered":"https:\/\/insektenliebe.com\/shop\/produkt\/baccello-di-palma\/"},"modified":"2026-03-07T17:19:01","modified_gmt":"2026-03-07T16:19:01","slug":"baccello-di-palma","status":"publish","type":"product","link":"https:\/\/insektenliebe.com\/it\/shop\/prodotto\/baccello-di-palma\/","title":{"rendered":"Baccello di palma"},"content":{"rendered":"<h3><span class=\"s1\" style=\"color: #99cc33;\">Baccello di palma per una disposizione creativa del terrario<\/span><\/h3>\n<p class=\"p1\"><span class=\"s1\">Il <\/span><strong><span class=\"s2\">baccello di palma<\/span><\/strong><span class=\"s1\"> \u00e8 un prodotto naturale decorativo proveniente dal <\/span><span class=\"s2\">Sud America<\/span><span class=\"s1\">  ed \u00e8 ideale per il design naturalistico dei terrari. La sua forma insolita conferisce struttura, profondit\u00e0 e un carattere tropicale al tuo terrario. <\/span><\/p>\n<p class=\"p1\"><span class=\"s1\">I nostri <strong>baccelli di palma<\/strong> sono <\/span><span class=\"s2\">completamente naturali<\/span><span class=\"s1\">. Non sono n\u00e9 colorati n\u00e9 sbiancati. Anche le vernici o altri trattamenti chimici non vengono utilizzati su questo prodotto naturale. Di conseguenza, il materiale rimane sicuro per gli abitanti del tuo terrario e si fonde in modo particolarmente autentico con l&#8217;ambiente circostante.  <\/span><\/p>\n<p class=\"p1\"><span class=\"s1\">Grazie alla sua forma naturale, il <\/span><span class=\"s2\"><strong>baccello della palma<\/strong> offre numerose piccole cavit\u00e0 e strutture<\/span><span class=\"s1\">. Molti animali del terrario amano utilizzarli come  <\/span><span class=\"s2\">Nascondiglio o rifugio<\/span><span class=\"s1\">  utilizzati. In particolare, piccoli rettili, anfibi, ragni e insetti si sentono a casa in queste strutture naturali. <\/span><\/p>\n<p class=\"p1\"><span class=\"s1\">Oltre alla sua funzione di nascondiglio, il <strong>baccello di palma<\/strong> offre anche altri usi creativi. Ad esempio, pu\u00f2 essere utilizzata come   <\/span><span class=\"s2\">Vaso per piante naturali nel terrario<\/span><span class=\"s1\">  possono essere utilizzati. In questo modo \u00e8 possibile integrare piccole piante in modo particolarmente decorativo. <\/span><\/p>\n<p class=\"p1\"><span class=\"s1\">Specialmente per <\/span><span class=\"s2\">pareti posteriori o rami del terrario<\/span><span class=\"s1\">  In questo modo si crea un design interessante. Le piante possono essere collocate in posizione elevata e crescere nel terrario in modo particolarmente naturale. <\/span><\/p>\n<p class=\"p1\"><span class=\"s1\">Grazie alla sua struttura, la <strong>palma baccello<\/strong> si inserisce perfettamente nei <\/span><span class=\"s2\">paesaggi di terrari tropicali<\/span><span class=\"s1\">. Si combina bene con muschio, legno, fogliame o piante e contribuisce a creare un ambiente vivace e naturale.<\/span><\/p>\n<p class=\"p1\"><span class=\"s1\">Essendo un prodotto <\/span><span class=\"s2\">prodotto naturale<\/span><span class=\"s1\">  ogni <strong>baccello di palma<\/strong> differisce per forma, dimensione e struttura. Sono proprio queste differenze a rendere ogni pezzo unico e a dare al tuo terrario un aspetto particolarmente naturale. <\/span><\/p>\n<p class=\"p1\"><span class=\"s1\">Con il <\/span><strong><span class=\"s2\">baccello di palma<\/span><\/strong><span class=\"s1\"> avrai una decorazione versatile per il terrario, funzionale e di grande impatto visivo.<\/span><\/p>\n","protected":false},"excerpt":{"rendered":"<p>Baccello di palma per una disposizione creativa del terrario Il baccello di palma \u00e8 un prodotto naturale decorativo proveniente dal Sud America ed \u00e8 ideale per il design naturalistico dei terrari. La sua forma insolita conferisce struttura, profondit\u00e0 e un carattere tropicale al tuo terrario. I nostri baccelli di palma sono completamente naturali. Non sono [&hellip;]<\/p>\n","protected":false},"featured_media":190466,"template":"","meta":{"_acf_changed":false},"product-supplier":[],"product_brand":[],"product_cat":[2740],"product_tag":[],"lce-checkout-addons":[],"class_list":{"0":"post-190465","1":"product","2":"type-product","3":"status-publish","4":"has-post-thumbnail","6":"product_cat-arredamento-e-decorazione","7":"product_shipping_class-equipment-shipping","9":"first","10":"instock","11":"taxable","12":"shipping-taxable","13":"purchasable","14":"product-type-simple"},"acf":[],"yoast_head":"<!-- This site is optimized with the Yoast SEO plugin v27.3 - https:\/\/yoast.com\/product\/yoast-seo-wordpress\/ -->\n<title>Baccello di palma - Insektenliebe<\/title>\n<meta name=\"description\" content=\"Baccello di palma per terrari - decorazione naturale proveniente dal Sud America. Ideale come nascondiglio o vaso per piante naturali nel terrario.\" \/>\n<meta name=\"robots\" content=\"index, follow, max-snippet:-1, max-image-preview:large, max-video-preview:-1\" \/>\n<link rel=\"canonical\" href=\"https:\/\/insektenliebe.com\/it\/shop\/prodotto\/baccello-di-palma\/\" \/>\n<meta property=\"og:locale\" content=\"it_IT\" \/>\n<meta property=\"og:type\" content=\"article\" \/>\n<meta property=\"og:title\" content=\"Baccello di palma - Insektenliebe\" \/>\n<meta property=\"og:description\" content=\"Baccello di palma per terrari - decorazione naturale proveniente dal Sud America. Ideale come nascondiglio o vaso per piante naturali nel terrario.\" \/>\n<meta property=\"og:url\" content=\"https:\/\/insektenliebe.com\/it\/shop\/prodotto\/baccello-di-palma\/\" \/>\n<meta property=\"og:site_name\" content=\"Insektenliebe\" \/>\n<meta property=\"article:modified_time\" content=\"2026-03-07T16:19:01+00:00\" \/>\n<meta property=\"og:image\" content=\"https:\/\/insektenliebe.com\/wp-content\/uploads\/2025\/05\/Palmenschote-2.jpg\" \/>\n\t<meta property=\"og:image:width\" content=\"820\" \/>\n\t<meta property=\"og:image:height\" content=\"820\" \/>\n\t<meta property=\"og:image:type\" content=\"image\/jpeg\" \/>\n<meta name=\"twitter:card\" content=\"summary_large_image\" \/>\n<meta name=\"twitter:label1\" content=\"Tempo di lettura stimato\" \/>\n\t<meta name=\"twitter:data1\" content=\"1 minuto\" \/>\n<script type=\"application\/ld+json\" class=\"yoast-schema-graph\">{\"@context\":\"https:\\\/\\\/schema.org\",\"@graph\":[{\"@type\":\"WebPage\",\"@id\":\"https:\\\/\\\/insektenliebe.com\\\/it\\\/shop\\\/prodotto\\\/baccello-di-palma\\\/\",\"url\":\"https:\\\/\\\/insektenliebe.com\\\/it\\\/shop\\\/prodotto\\\/baccello-di-palma\\\/\",\"name\":\"Baccello di palma - Insektenliebe\",\"isPartOf\":{\"@id\":\"https:\\\/\\\/insektenliebe.com\\\/it\\\/#website\"},\"primaryImageOfPage\":{\"@id\":\"https:\\\/\\\/insektenliebe.com\\\/it\\\/shop\\\/prodotto\\\/baccello-di-palma\\\/#primaryimage\"},\"image\":{\"@id\":\"https:\\\/\\\/insektenliebe.com\\\/it\\\/shop\\\/prodotto\\\/baccello-di-palma\\\/#primaryimage\"},\"thumbnailUrl\":\"https:\\\/\\\/insektenliebe.com\\\/wp-content\\\/uploads\\\/2025\\\/05\\\/Palmenschote-2.jpg\",\"datePublished\":\"2022-11-19T10:11:11+00:00\",\"dateModified\":\"2026-03-07T16:19:01+00:00\",\"description\":\"Baccello di palma per terrari - decorazione naturale proveniente dal Sud America. Ideale come nascondiglio o vaso per piante naturali nel terrario.\",\"breadcrumb\":{\"@id\":\"https:\\\/\\\/insektenliebe.com\\\/it\\\/shop\\\/prodotto\\\/baccello-di-palma\\\/#breadcrumb\"},\"inLanguage\":\"it-IT\",\"potentialAction\":[{\"@type\":\"ReadAction\",\"target\":[\"https:\\\/\\\/insektenliebe.com\\\/it\\\/shop\\\/prodotto\\\/baccello-di-palma\\\/\"]}]},{\"@type\":\"ImageObject\",\"inLanguage\":\"it-IT\",\"@id\":\"https:\\\/\\\/insektenliebe.com\\\/it\\\/shop\\\/prodotto\\\/baccello-di-palma\\\/#primaryimage\",\"url\":\"https:\\\/\\\/insektenliebe.com\\\/wp-content\\\/uploads\\\/2025\\\/05\\\/Palmenschote-2.jpg\",\"contentUrl\":\"https:\\\/\\\/insektenliebe.com\\\/wp-content\\\/uploads\\\/2025\\\/05\\\/Palmenschote-2.jpg\",\"width\":820,\"height\":820,\"caption\":\"Palm pod-2.jpg\"},{\"@type\":\"BreadcrumbList\",\"@id\":\"https:\\\/\\\/insektenliebe.com\\\/it\\\/shop\\\/prodotto\\\/baccello-di-palma\\\/#breadcrumb\",\"itemListElement\":[{\"@type\":\"ListItem\",\"position\":1,\"name\":\"Startseite\",\"item\":\"https:\\\/\\\/insektenliebe.com\\\/it\\\/\"},{\"@type\":\"ListItem\",\"position\":2,\"name\":\"Negozio\",\"item\":\"https:\\\/\\\/insektenliebe.com\\\/it\\\/negozio\\\/\"},{\"@type\":\"ListItem\",\"position\":3,\"name\":\"Baccello di palma\"}]},{\"@type\":\"WebSite\",\"@id\":\"https:\\\/\\\/insektenliebe.com\\\/it\\\/#website\",\"url\":\"https:\\\/\\\/insektenliebe.com\\\/it\\\/\",\"name\":\"Insektenliebe\",\"description\":\"Dein Zuhause f\u00fcr die kleinen Lebewesen\",\"publisher\":{\"@id\":\"https:\\\/\\\/insektenliebe.com\\\/it\\\/#organization\"},\"potentialAction\":[{\"@type\":\"SearchAction\",\"target\":{\"@type\":\"EntryPoint\",\"urlTemplate\":\"https:\\\/\\\/insektenliebe.com\\\/it\\\/?s={search_term_string}\"},\"query-input\":{\"@type\":\"PropertyValueSpecification\",\"valueRequired\":true,\"valueName\":\"search_term_string\"}}],\"inLanguage\":\"it-IT\"},{\"@type\":\"Organization\",\"@id\":\"https:\\\/\\\/insektenliebe.com\\\/it\\\/#organization\",\"name\":\"Insektenliebe\",\"url\":\"https:\\\/\\\/insektenliebe.com\\\/it\\\/\",\"logo\":{\"@type\":\"ImageObject\",\"inLanguage\":\"it-IT\",\"@id\":\"https:\\\/\\\/insektenliebe.com\\\/it\\\/#\\\/schema\\\/logo\\\/image\\\/\",\"url\":\"https:\\\/\\\/insektenliebe.com\\\/wp-content\\\/uploads\\\/2025\\\/03\\\/logo-white.png\",\"contentUrl\":\"https:\\\/\\\/insektenliebe.com\\\/wp-content\\\/uploads\\\/2025\\\/03\\\/logo-white.png\",\"width\":288,\"height\":188,\"caption\":\"Insektenliebe\"},\"image\":{\"@id\":\"https:\\\/\\\/insektenliebe.com\\\/it\\\/#\\\/schema\\\/logo\\\/image\\\/\"}}]}<\/script>\n<!-- \/ Yoast SEO plugin. -->","yoast_head_json":{"title":"Baccello di palma - Insektenliebe","description":"Baccello di palma per terrari - decorazione naturale proveniente dal Sud America. Ideale come nascondiglio o vaso per piante naturali nel terrario.","robots":{"index":"index","follow":"follow","max-snippet":"max-snippet:-1","max-image-preview":"max-image-preview:large","max-video-preview":"max-video-preview:-1"},"canonical":"https:\/\/insektenliebe.com\/it\/shop\/prodotto\/baccello-di-palma\/","og_locale":"it_IT","og_type":"article","og_title":"Baccello di palma - Insektenliebe","og_description":"Baccello di palma per terrari - decorazione naturale proveniente dal Sud America. Ideale come nascondiglio o vaso per piante naturali nel terrario.","og_url":"https:\/\/insektenliebe.com\/it\/shop\/prodotto\/baccello-di-palma\/","og_site_name":"Insektenliebe","article_modified_time":"2026-03-07T16:19:01+00:00","og_image":[{"width":820,"height":820,"url":"https:\/\/insektenliebe.com\/wp-content\/uploads\/2025\/05\/Palmenschote-2.jpg","type":"image\/jpeg"}],"twitter_card":"summary_large_image","twitter_misc":{"Tempo di lettura stimato":"1 minuto"},"schema":{"@context":"https:\/\/schema.org","@graph":[{"@type":"WebPage","@id":"https:\/\/insektenliebe.com\/it\/shop\/prodotto\/baccello-di-palma\/","url":"https:\/\/insektenliebe.com\/it\/shop\/prodotto\/baccello-di-palma\/","name":"Baccello di palma - Insektenliebe","isPartOf":{"@id":"https:\/\/insektenliebe.com\/it\/#website"},"primaryImageOfPage":{"@id":"https:\/\/insektenliebe.com\/it\/shop\/prodotto\/baccello-di-palma\/#primaryimage"},"image":{"@id":"https:\/\/insektenliebe.com\/it\/shop\/prodotto\/baccello-di-palma\/#primaryimage"},"thumbnailUrl":"https:\/\/insektenliebe.com\/wp-content\/uploads\/2025\/05\/Palmenschote-2.jpg","datePublished":"2022-11-19T10:11:11+00:00","dateModified":"2026-03-07T16:19:01+00:00","description":"Baccello di palma per terrari - decorazione naturale proveniente dal Sud America. Ideale come nascondiglio o vaso per piante naturali nel terrario.","breadcrumb":{"@id":"https:\/\/insektenliebe.com\/it\/shop\/prodotto\/baccello-di-palma\/#breadcrumb"},"inLanguage":"it-IT","potentialAction":[{"@type":"ReadAction","target":["https:\/\/insektenliebe.com\/it\/shop\/prodotto\/baccello-di-palma\/"]}]},{"@type":"ImageObject","inLanguage":"it-IT","@id":"https:\/\/insektenliebe.com\/it\/shop\/prodotto\/baccello-di-palma\/#primaryimage","url":"https:\/\/insektenliebe.com\/wp-content\/uploads\/2025\/05\/Palmenschote-2.jpg","contentUrl":"https:\/\/insektenliebe.com\/wp-content\/uploads\/2025\/05\/Palmenschote-2.jpg","width":820,"height":820,"caption":"Palm pod-2.jpg"},{"@type":"BreadcrumbList","@id":"https:\/\/insektenliebe.com\/it\/shop\/prodotto\/baccello-di-palma\/#breadcrumb","itemListElement":[{"@type":"ListItem","position":1,"name":"Startseite","item":"https:\/\/insektenliebe.com\/it\/"},{"@type":"ListItem","position":2,"name":"Negozio","item":"https:\/\/insektenliebe.com\/it\/negozio\/"},{"@type":"ListItem","position":3,"name":"Baccello di palma"}]},{"@type":"WebSite","@id":"https:\/\/insektenliebe.com\/it\/#website","url":"https:\/\/insektenliebe.com\/it\/","name":"Insektenliebe","description":"Dein Zuhause f\u00fcr die kleinen Lebewesen","publisher":{"@id":"https:\/\/insektenliebe.com\/it\/#organization"},"potentialAction":[{"@type":"SearchAction","target":{"@type":"EntryPoint","urlTemplate":"https:\/\/insektenliebe.com\/it\/?s={search_term_string}"},"query-input":{"@type":"PropertyValueSpecification","valueRequired":true,"valueName":"search_term_string"}}],"inLanguage":"it-IT"},{"@type":"Organization","@id":"https:\/\/insektenliebe.com\/it\/#organization","name":"Insektenliebe","url":"https:\/\/insektenliebe.com\/it\/","logo":{"@type":"ImageObject","inLanguage":"it-IT","@id":"https:\/\/insektenliebe.com\/it\/#\/schema\/logo\/image\/","url":"https:\/\/insektenliebe.com\/wp-content\/uploads\/2025\/03\/logo-white.png","contentUrl":"https:\/\/insektenliebe.com\/wp-content\/uploads\/2025\/03\/logo-white.png","width":288,"height":188,"caption":"Insektenliebe"},"image":{"@id":"https:\/\/insektenliebe.com\/it\/#\/schema\/logo\/image\/"}}]}},"_links":{"self":[{"href":"https:\/\/insektenliebe.com\/it\/wp-json\/wp\/v2\/product\/190465","targetHints":{"allow":["GET"]}}],"collection":[{"href":"https:\/\/insektenliebe.com\/it\/wp-json\/wp\/v2\/product"}],"about":[{"href":"https:\/\/insektenliebe.com\/it\/wp-json\/wp\/v2\/types\/product"}],"wp:featuredmedia":[{"embeddable":true,"href":"https:\/\/insektenliebe.com\/it\/wp-json\/wp\/v2\/media\/190466"}],"wp:attachment":[{"href":"https:\/\/insektenliebe.com\/it\/wp-json\/wp\/v2\/media?parent=190465"}],"wp:term":[{"taxonomy":"product-supplier","embeddable":true,"href":"https:\/\/insektenliebe.com\/it\/wp-json\/wp\/v2\/product-supplier?post=190465"},{"taxonomy":"product_brand","embeddable":true,"href":"https:\/\/insektenliebe.com\/it\/wp-json\/wp\/v2\/product_brand?post=190465"},{"taxonomy":"product_cat","embeddable":true,"href":"https:\/\/insektenliebe.com\/it\/wp-json\/wp\/v2\/product_cat?post=190465"},{"taxonomy":"product_tag","embeddable":true,"href":"https:\/\/insektenliebe.com\/it\/wp-json\/wp\/v2\/product_tag?post=190465"},{"taxonomy":"lce-checkout-addons","embeddable":true,"href":"https:\/\/insektenliebe.com\/it\/wp-json\/wp\/v2\/lce-checkout-addons?post=190465"}],"curies":[{"name":"wp","href":"https:\/\/api.w.org\/{rel}","templated":true}]}}